{"id":10184,"date":"2022-05-10T08:59:15","date_gmt":"2022-05-10T08:59:15","guid":{"rendered":"https:\/\/deveho2.sfdbeta.be\/business-intelligence\/"},"modified":"2022-11-03T13:36:30","modified_gmt":"2022-11-03T11:36:30","slug":"business-intelligence","status":"publish","type":"page","link":"https:\/\/deveho.com\/it\/servizi\/business-intelligence\/","title":{"rendered":"Business Intelligence"},"content":{"rendered":"<br \/>\n<h2><red>Business Intelligence Sfide <\/red><\/h2>\n<h3>I dati crescono a un tasso medio del 56% all&#8217;anno.<\/h3>\n<p><p>\u00c8 diventato fondamentale per i leader aziendali eliminare il disordine e avere accesso a dati e approfondimenti accurati necessari per prendere decisioni intelligenti e tempestive.<\/p>\n<\/p>\n<h3>Supera l&#8217;incertezza aziendale con report pertinenti e personalizzati<\/h3>\n<p><p>Le sfide con visibilit\u00e0 delle prestazioni, silos operativi, complessit\u00e0 finanziaria e perdite di produttivit\u00e0 portano tutte all&#8217;incertezza del business.<\/p>\n<\/p>\n<h3>Le aziende progressiste vedono un valore maggiore nella condivisione delle informazioni<\/h3>\n<p><p>Estendere l&#8217;accesso ai dati da parte dei colleghi pu\u00f2 promuovere responsabilit\u00e0, innovazione e prestazioni elevate.<\/p>\n<\/p>\n<h3>Fornire informazioni pertinenti <\/h3>\n<p><p>All&#8217;utente per prendere le decisioni migliori per guidare la strategia dell&#8217;azienda o la sua attivit\u00e0.<\/p>\n<\/p>\n<h2><\/h2>\n<h3>Il Business intelligence ti consente di:<\/h3>\n<h3><\/h3>\n<ul>\n<li>Mettere in linea la tua attivit\u00e0, sulla base di un insieme coerente di indicatori e misurazioni chiave delle prestazioni,<\/li>\n<li>Prendere decisioni pi\u00f9 velocemente,<\/li>\n<li>Semplificare la rappresentazione grafica degli indicatori,<\/li>\n<li>Presentare informazioni affidabili in modo uniforme,<\/li>\n<li>Accelerare la raccolta e la distribuzione delle informazioni attraverso l&#8217;automazione.<\/li>\n<\/ul>\n<h2>Sage X3 offre una soluzione di Business Intelligence chiamata Sage Enterprise Intelligence (SEI).<\/h2>\n<p>La soluzione BI integrata Sage Enterprise Intelligence aiuta i tuoi utenti a prendere le decisioni migliori pi\u00f9 velocemente, con tutti i dati rilevanti di cui hanno bisogno.<\/p>\n<p>Con SEI i dati vengono estratti, trasformati, consolidati, migrati e presentati in una forma semplice, accessibile in tempo reale, in modalit\u00e0 self-service e con pochi click.<\/p>\n<p>Ergonomica, la soluzione SEI favorisce l&#8217;autonomia dell&#8217;utente, senza la necessit\u00e0 di competenze particolari.<\/p>\n<h2><\/h2>\n<h3>Pagine Correlate<\/h3>\n<\/p>\n<h3><\/h3>\n<\/p>\n<h3><\/h3><\/p>\n","protected":false},"excerpt":{"rendered":"<p>Il Business Intelligence si basa sul principio dell&#8217;affidabilit\u00e0 dei dati utilizzati. La loro elaborazione cos\u00ec come la loro formulazione in report leggibili da parte dei dipendenti garantisce la capacit\u00e0 di prendere le decisioni giuste al momento giusto.<\/p>\n","protected":false},"author":3,"featured_media":0,"parent":10240,"menu_order":0,"comment_status":"closed","ping_status":"closed","template":"templates\/template-prod_serv.php","meta":{"_acf_changed":false,"footnotes":""},"class_list":["post-10184","page","type-page","status-publish","hentry"],"acf":[],"yoast_head":"<!-- This site is optimized with the Yoast SEO plugin v23.5 - https:\/\/yoast.com\/wordpress\/plugins\/seo\/ -->\n<title>Business Intelligence - Deveho<\/title>\n<meta name=\"robots\" content=\"index, follow, max-snippet:-1, max-image-preview:large, max-video-preview:-1\" \/>\n<link rel=\"canonical\" href=\"https:\/\/deveho.com\/services\/business-intelligence\/\" \/>\n<meta property=\"og:locale\" content=\"it_IT\" \/>\n<meta property=\"og:type\" content=\"article\" \/>\n<meta property=\"og:title\" content=\"Business Intelligence - Deveho\" \/>\n<meta property=\"og:description\" content=\"Il Business Intelligence si basa sul principio dell&#039;affidabilit\u00e0 dei dati utilizzati. La loro elaborazione cos\u00ec come la loro formulazione in report leggibili da parte dei dipendenti garantisce la capacit\u00e0 di prendere le decisioni giuste al momento giusto.\" \/>\n<meta property=\"og:url\" content=\"https:\/\/deveho.com\/services\/business-intelligence\/\" \/>\n<meta property=\"og:site_name\" content=\"Deveho\" \/>\n<meta property=\"article:publisher\" content=\"https:\/\/www.facebook.com\/deveho\" \/>\n<meta property=\"article:modified_time\" content=\"2022-11-03T11:36:30+00:00\" \/>\n<meta name=\"twitter:card\" content=\"summary_large_image\" \/>\n<meta name=\"twitter:site\" content=\"@Deveho1\" \/>\n<meta name=\"twitter:label1\" content=\"Tempo di lettura stimato\" \/>\n\t<meta name=\"twitter:data1\" content=\"1 minuto\" \/>\n<script type=\"application\/ld+json\" class=\"yoast-schema-graph\">{\"@context\":\"https:\/\/schema.org\",\"@graph\":[{\"@type\":\"WebPage\",\"@id\":\"https:\/\/deveho.com\/services\/business-intelligence\/\",\"url\":\"https:\/\/deveho.com\/services\/business-intelligence\/\",\"name\":\"Business Intelligence - Deveho\",\"isPartOf\":{\"@id\":\"https:\/\/deveho.com\/#website\"},\"datePublished\":\"2022-05-10T08:59:15+00:00\",\"dateModified\":\"2022-11-03T11:36:30+00:00\",\"breadcrumb\":{\"@id\":\"https:\/\/deveho.com\/services\/business-intelligence\/#breadcrumb\"},\"inLanguage\":\"it-IT\",\"potentialAction\":[{\"@type\":\"ReadAction\",\"target\":[\"https:\/\/deveho.com\/services\/business-intelligence\/\"]}]},{\"@type\":\"BreadcrumbList\",\"@id\":\"https:\/\/deveho.com\/services\/business-intelligence\/#breadcrumb\",\"itemListElement\":[{\"@type\":\"ListItem\",\"position\":1,\"name\":\"Home\",\"item\":\"https:\/\/deveho.com\/it\/\"},{\"@type\":\"ListItem\",\"position\":2,\"name\":\"Servizi\",\"item\":\"https:\/\/deveho.com\/it\/servizi\/\"},{\"@type\":\"ListItem\",\"position\":3,\"name\":\"Business Intelligence\"}]},{\"@type\":\"WebSite\",\"@id\":\"https:\/\/deveho.com\/#website\",\"url\":\"https:\/\/deveho.com\/\",\"name\":\"Deveho Consulting Group\",\"description\":\"Let\u2019s boost your growth\",\"publisher\":{\"@id\":\"https:\/\/deveho.com\/#organization\"},\"potentialAction\":[{\"@type\":\"SearchAction\",\"target\":{\"@type\":\"EntryPoint\",\"urlTemplate\":\"https:\/\/deveho.com\/?s={search_term_string}\"},\"query-input\":{\"@type\":\"PropertyValueSpecification\",\"valueRequired\":true,\"valueName\":\"search_term_string\"}}],\"inLanguage\":\"it-IT\"},{\"@type\":\"Organization\",\"@id\":\"https:\/\/deveho.com\/#organization\",\"name\":\"Deveho Consulting Group\",\"url\":\"https:\/\/deveho.com\/\",\"logo\":{\"@type\":\"ImageObject\",\"inLanguage\":\"it-IT\",\"@id\":\"https:\/\/deveho.com\/#\/schema\/logo\/image\/\",\"url\":\"https:\/\/deveho.com\/wp-content\/uploads\/2023\/02\/DEVEHO-LOGO-Baseline-COLOR.png\",\"contentUrl\":\"https:\/\/deveho.com\/wp-content\/uploads\/2023\/02\/DEVEHO-LOGO-Baseline-COLOR.png\",\"width\":2251,\"height\":585,\"caption\":\"Deveho Consulting Group\"},\"image\":{\"@id\":\"https:\/\/deveho.com\/#\/schema\/logo\/image\/\"},\"sameAs\":[\"https:\/\/www.facebook.com\/deveho\",\"https:\/\/x.com\/Deveho1\",\"https:\/\/www.linkedin.com\/company\/deveho-consulting\/\"]}]}<\/script>\n<!-- \/ Yoast SEO plugin. -->","yoast_head_json":{"title":"Business Intelligence - Deveho","robots":{"index":"index","follow":"follow","max-snippet":"max-snippet:-1","max-image-preview":"max-image-preview:large","max-video-preview":"max-video-preview:-1"},"canonical":"https:\/\/deveho.com\/services\/business-intelligence\/","og_locale":"it_IT","og_type":"article","og_title":"Business Intelligence - Deveho","og_description":"Il Business Intelligence si basa sul principio dell'affidabilit\u00e0 dei dati utilizzati. La loro elaborazione cos\u00ec come la loro formulazione in report leggibili da parte dei dipendenti garantisce la capacit\u00e0 di prendere le decisioni giuste al momento giusto.","og_url":"https:\/\/deveho.com\/services\/business-intelligence\/","og_site_name":"Deveho","article_publisher":"https:\/\/www.facebook.com\/deveho","article_modified_time":"2022-11-03T11:36:30+00:00","twitter_card":"summary_large_image","twitter_site":"@Deveho1","twitter_misc":{"Tempo di lettura stimato":"1 minuto"},"schema":{"@context":"https:\/\/schema.org","@graph":[{"@type":"WebPage","@id":"https:\/\/deveho.com\/services\/business-intelligence\/","url":"https:\/\/deveho.com\/services\/business-intelligence\/","name":"Business Intelligence - Deveho","isPartOf":{"@id":"https:\/\/deveho.com\/#website"},"datePublished":"2022-05-10T08:59:15+00:00","dateModified":"2022-11-03T11:36:30+00:00","breadcrumb":{"@id":"https:\/\/deveho.com\/services\/business-intelligence\/#breadcrumb"},"inLanguage":"it-IT","potentialAction":[{"@type":"ReadAction","target":["https:\/\/deveho.com\/services\/business-intelligence\/"]}]},{"@type":"BreadcrumbList","@id":"https:\/\/deveho.com\/services\/business-intelligence\/#breadcrumb","itemListElement":[{"@type":"ListItem","position":1,"name":"Home","item":"https:\/\/deveho.com\/it\/"},{"@type":"ListItem","position":2,"name":"Servizi","item":"https:\/\/deveho.com\/it\/servizi\/"},{"@type":"ListItem","position":3,"name":"Business Intelligence"}]},{"@type":"WebSite","@id":"https:\/\/deveho.com\/#website","url":"https:\/\/deveho.com\/","name":"Deveho Consulting Group","description":"Let\u2019s boost your growth","publisher":{"@id":"https:\/\/deveho.com\/#organization"},"potentialAction":[{"@type":"SearchAction","target":{"@type":"EntryPoint","urlTemplate":"https:\/\/deveho.com\/?s={search_term_string}"},"query-input":{"@type":"PropertyValueSpecification","valueRequired":true,"valueName":"search_term_string"}}],"inLanguage":"it-IT"},{"@type":"Organization","@id":"https:\/\/deveho.com\/#organization","name":"Deveho Consulting Group","url":"https:\/\/deveho.com\/","logo":{"@type":"ImageObject","inLanguage":"it-IT","@id":"https:\/\/deveho.com\/#\/schema\/logo\/image\/","url":"https:\/\/deveho.com\/wp-content\/uploads\/2023\/02\/DEVEHO-LOGO-Baseline-COLOR.png","contentUrl":"https:\/\/deveho.com\/wp-content\/uploads\/2023\/02\/DEVEHO-LOGO-Baseline-COLOR.png","width":2251,"height":585,"caption":"Deveho Consulting Group"},"image":{"@id":"https:\/\/deveho.com\/#\/schema\/logo\/image\/"},"sameAs":["https:\/\/www.facebook.com\/deveho","https:\/\/x.com\/Deveho1","https:\/\/www.linkedin.com\/company\/deveho-consulting\/"]}]}},"_links":{"self":[{"href":"https:\/\/deveho.com\/it\/wp-json\/wp\/v2\/pages\/10184"}],"collection":[{"href":"https:\/\/deveho.com\/it\/wp-json\/wp\/v2\/pages"}],"about":[{"href":"https:\/\/deveho.com\/it\/wp-json\/wp\/v2\/types\/page"}],"author":[{"embeddable":true,"href":"https:\/\/deveho.com\/it\/wp-json\/wp\/v2\/users\/3"}],"replies":[{"embeddable":true,"href":"https:\/\/deveho.com\/it\/wp-json\/wp\/v2\/comments?post=10184"}],"version-history":[{"count":0,"href":"https:\/\/deveho.com\/it\/wp-json\/wp\/v2\/pages\/10184\/revisions"}],"up":[{"embeddable":true,"href":"https:\/\/deveho.com\/it\/wp-json\/wp\/v2\/pages\/10240"}],"wp:attachment":[{"href":"https:\/\/deveho.com\/it\/wp-json\/wp\/v2\/media?parent=10184"}],"curies":[{"name":"wp","href":"https:\/\/api.w.org\/{rel}","templated":true}]}}