{"id":10188,"date":"2022-05-10T10:05:26","date_gmt":"2022-05-10T10:05:26","guid":{"rendered":"https:\/\/deveho2.sfdbeta.be\/cloud-hosting\/"},"modified":"2022-12-05T13:11:45","modified_gmt":"2022-12-05T11:11:45","slug":"cloud-hosting","status":"publish","type":"page","link":"https:\/\/deveho.com\/it\/servizi\/cloud-hosting\/","title":{"rendered":"Cloud &#038; Hosting"},"content":{"rendered":"<br \/>\n<h2><\/h2>\n<h3>Informazioni generali su Cloud x3<\/h3>\n<h3><\/h3>\n<p><p>Sage X3 pu\u00f2 essere implementato in modalit\u00e0 \u201con premise\u201d (in loco) o in modalit\u00e0 hosted (cloud privato o cloud pubblico). Sage X3 introduce una gamma di nuovi componenti tecnologici che sono riconosciuti come le scelte migliori e pi\u00f9 lungimiranti del settore per l&#8217;utilizzo multi-browser e mobile, la velocit\u00e0 di ricerca, lo sviluppo di servizi web, l&#8217;integrazione di database cloud e la gestione dei documenti.<\/p>\n<ul>\n<li><a href=\"https:\/\/deveho.com\/it\/servizi\/cloud-hosting\/aws\/\">AWS \u203a<\/a><\/li>\n<li><a href=\"https:\/\/deveho.com\/it\/servizi\/cloud-hosting\/ovh\/\">OVH \u203a<\/a><\/li>\n<\/ul>\n<h2><red><b>Benefici<\/b><\/red>      <\/h2>\n<h3>AMBITO FUNZIONALE SUPERIORE E INTEGRAZIONE<\/h3>\n<p><p>Non scendere a compromessi sulle funzionalit\u00e0 aziendali per la tecnologia cloud. Sage X3 gestisce tutti i tuoi processi, dalla finanza alla distribuzione e alla produzione, tramite un&#8217;esclusiva soluzione cloud integrata. Il risultato sono operazioni semplificate, informazioni in tempo reale sulle tue attivit\u00e0 e prestazioni migliorate.<\/p>\n<\/p>\n<h3>SUPPORTO SUPERIORE ALLE ORGANIZZAZIONI GLOBALI<\/h3>\n<p><p>Non lasciare che le soluzioni cloud limitino le tue ambizioni di espansione. Sage X3 supporta la gestione di operazioni distribuite e internazionali, gestendo complesse strutture organizzative e di reporting (modalit\u00e0 multi-azienda, multi-sito, multi-produzione, multi-ledger e multi-legislazione).<\/p>\n<\/p>\n<h3>COSTRUITO PER OPERAZIONI SPECIFICHE DEL SETTORE<\/h3>\n<p><p>Non lasciarti limitare da soluzioni cloud universali. Sage X3 \u00e8 progettato su misura per i settori manifatturiero, della distribuzione e dei servizi, fornendo funzionalit\u00e0 complete e pronte all&#8217;uso che ti consentiranno di gestire le tue operazioni pi\u00f9 velocemente migliorando le prestazioni.<\/p>\n<\/p>\n<h3>FLESSIBILIT\u00c0 SUPERIORE E CAPACIT\u00c0 DI PERSONALIZZAZIONE<\/h3>\n<p><p>Non lasciare che la tecnologia guidi i tuoi requisiti aziendali. Sage X3 \u00e8 estremamente flessibile e pu\u00f2 essere adattato ai processi e ai flussi di lavoro specifici dell&#8217;azienda. Puoi anche utilizzare la soluzione all&#8217;interno della tua infrastruttura privata (in loco o ospitata da un partner) senza alcuna perdita di dati o funzionalit\u00e0.<\/p>\n<\/p>\n<h3>SICUREZZA, PRESTAZIONI E SCALABILIT\u00c0 SUPERIORI<\/h3>\n<p><p>Non tutte le soluzioni cloud sono uguali. Sage X3 si basa su un&#8217;infrastruttura cloud leader a livello mondiale per fornire la piattaforma cloud pi\u00f9 scalabile, affidabile e sicura, come dimostrano le numerose certificazioni che ha ricevuto e la sua stretta conformit\u00e0 con varie linee guida e leggi regionali sulla riservatezza.<\/p>\n<\/p>\n<h3>WEB UNIVERSALE E ACCESSO MOBILE<\/h3>\n<p><p>La mobilit\u00e0 non \u00e8 appannaggio degli alti dirigenti. Con Sage X3, tutti gli utenti beneficiano di un accesso sicuro, da qualsiasi browser o dispositivo mobile, a tutti i dati e le funzioni del sistema, indipendentemente dalla loro posizione e su una gamma di terminali ampiamente utilizzati. L&#8217;interfaccia HTML5 garantisce un&#8217;esperienza di navigazione intuitiva e consente una facile personalizzazione da parte degli utenti.<\/p>\n<\/p>\n<h2><\/h2>\n<h3>Pagine Correlate <\/h3>\n<\/p>\n<h3><\/h3>\n<\/p>\n<h3><\/h3><\/p>\n","protected":false},"excerpt":{"rendered":"<p>Il gruppo di consulenza DEVEHO fornisce servizi di cloud e hosting, personalizzati per soddisfare i punti di forza della tua organizzazione esistente e tiene conto delle tue ambizioni di crescita futura. <\/p>\n","protected":false},"author":3,"featured_media":0,"parent":10240,"menu_order":0,"comment_status":"closed","ping_status":"closed","template":"templates\/template-prod_serv.php","meta":{"_acf_changed":false,"footnotes":""},"class_list":["post-10188","page","type-page","status-publish","hentry"],"acf":[],"yoast_head":"<!-- This site is optimized with the Yoast SEO plugin v23.5 - https:\/\/yoast.com\/wordpress\/plugins\/seo\/ -->\n<title>Cloud &amp; Hosting - Deveho<\/title>\n<meta name=\"robots\" content=\"index, follow, max-snippet:-1, max-image-preview:large, max-video-preview:-1\" \/>\n<link rel=\"canonical\" href=\"https:\/\/deveho.com\/it\/servizi\/cloud-hosting\/\" \/>\n<meta property=\"og:locale\" content=\"it_IT\" \/>\n<meta property=\"og:type\" content=\"article\" \/>\n<meta property=\"og:title\" content=\"Cloud &amp; Hosting - Deveho\" \/>\n<meta property=\"og:description\" content=\"Il gruppo di consulenza DEVEHO fornisce servizi di cloud e hosting, personalizzati per soddisfare i punti di forza della tua organizzazione esistente e tiene conto delle tue ambizioni di crescita futura.\" \/>\n<meta property=\"og:url\" content=\"https:\/\/deveho.com\/it\/servizi\/cloud-hosting\/\" \/>\n<meta property=\"og:site_name\" content=\"Deveho\" \/>\n<meta property=\"article:publisher\" content=\"https:\/\/www.facebook.com\/deveho\" \/>\n<meta property=\"article:modified_time\" content=\"2022-12-05T11:11:45+00:00\" \/>\n<meta name=\"twitter:card\" content=\"summary_large_image\" \/>\n<meta name=\"twitter:site\" content=\"@Deveho1\" \/>\n<meta name=\"twitter:label1\" content=\"Tempo di lettura stimato\" \/>\n\t<meta name=\"twitter:data1\" content=\"2 minuti\" \/>\n<script type=\"application\/ld+json\" class=\"yoast-schema-graph\">{\"@context\":\"https:\/\/schema.org\",\"@graph\":[{\"@type\":\"WebPage\",\"@id\":\"https:\/\/deveho.com\/it\/servizi\/cloud-hosting\/\",\"url\":\"https:\/\/deveho.com\/it\/servizi\/cloud-hosting\/\",\"name\":\"Cloud & Hosting - Deveho\",\"isPartOf\":{\"@id\":\"https:\/\/deveho.com\/#website\"},\"datePublished\":\"2022-05-10T10:05:26+00:00\",\"dateModified\":\"2022-12-05T11:11:45+00:00\",\"breadcrumb\":{\"@id\":\"https:\/\/deveho.com\/it\/servizi\/cloud-hosting\/#breadcrumb\"},\"inLanguage\":\"it-IT\",\"potentialAction\":[{\"@type\":\"ReadAction\",\"target\":[\"https:\/\/deveho.com\/it\/servizi\/cloud-hosting\/\"]}]},{\"@type\":\"BreadcrumbList\",\"@id\":\"https:\/\/deveho.com\/it\/servizi\/cloud-hosting\/#breadcrumb\",\"itemListElement\":[{\"@type\":\"ListItem\",\"position\":1,\"name\":\"Home\",\"item\":\"https:\/\/deveho.com\/it\/\"},{\"@type\":\"ListItem\",\"position\":2,\"name\":\"Servizi\",\"item\":\"https:\/\/deveho.com\/it\/servizi\/\"},{\"@type\":\"ListItem\",\"position\":3,\"name\":\"Cloud &#038; Hosting\"}]},{\"@type\":\"WebSite\",\"@id\":\"https:\/\/deveho.com\/#website\",\"url\":\"https:\/\/deveho.com\/\",\"name\":\"Deveho Consulting Group\",\"description\":\"Let\u2019s boost your growth\",\"publisher\":{\"@id\":\"https:\/\/deveho.com\/#organization\"},\"potentialAction\":[{\"@type\":\"SearchAction\",\"target\":{\"@type\":\"EntryPoint\",\"urlTemplate\":\"https:\/\/deveho.com\/?s={search_term_string}\"},\"query-input\":{\"@type\":\"PropertyValueSpecification\",\"valueRequired\":true,\"valueName\":\"search_term_string\"}}],\"inLanguage\":\"it-IT\"},{\"@type\":\"Organization\",\"@id\":\"https:\/\/deveho.com\/#organization\",\"name\":\"Deveho Consulting Group\",\"url\":\"https:\/\/deveho.com\/\",\"logo\":{\"@type\":\"ImageObject\",\"inLanguage\":\"it-IT\",\"@id\":\"https:\/\/deveho.com\/#\/schema\/logo\/image\/\",\"url\":\"https:\/\/deveho.com\/wp-content\/uploads\/2023\/02\/DEVEHO-LOGO-Baseline-COLOR.png\",\"contentUrl\":\"https:\/\/deveho.com\/wp-content\/uploads\/2023\/02\/DEVEHO-LOGO-Baseline-COLOR.png\",\"width\":2251,\"height\":585,\"caption\":\"Deveho Consulting Group\"},\"image\":{\"@id\":\"https:\/\/deveho.com\/#\/schema\/logo\/image\/\"},\"sameAs\":[\"https:\/\/www.facebook.com\/deveho\",\"https:\/\/x.com\/Deveho1\",\"https:\/\/www.linkedin.com\/company\/deveho-consulting\/\"]}]}<\/script>\n<!-- \/ Yoast SEO plugin. -->","yoast_head_json":{"title":"Cloud & Hosting - Deveho","robots":{"index":"index","follow":"follow","max-snippet":"max-snippet:-1","max-image-preview":"max-image-preview:large","max-video-preview":"max-video-preview:-1"},"canonical":"https:\/\/deveho.com\/it\/servizi\/cloud-hosting\/","og_locale":"it_IT","og_type":"article","og_title":"Cloud & Hosting - Deveho","og_description":"Il gruppo di consulenza DEVEHO fornisce servizi di cloud e hosting, personalizzati per soddisfare i punti di forza della tua organizzazione esistente e tiene conto delle tue ambizioni di crescita futura.","og_url":"https:\/\/deveho.com\/it\/servizi\/cloud-hosting\/","og_site_name":"Deveho","article_publisher":"https:\/\/www.facebook.com\/deveho","article_modified_time":"2022-12-05T11:11:45+00:00","twitter_card":"summary_large_image","twitter_site":"@Deveho1","twitter_misc":{"Tempo di lettura stimato":"2 minuti"},"schema":{"@context":"https:\/\/schema.org","@graph":[{"@type":"WebPage","@id":"https:\/\/deveho.com\/it\/servizi\/cloud-hosting\/","url":"https:\/\/deveho.com\/it\/servizi\/cloud-hosting\/","name":"Cloud & Hosting - Deveho","isPartOf":{"@id":"https:\/\/deveho.com\/#website"},"datePublished":"2022-05-10T10:05:26+00:00","dateModified":"2022-12-05T11:11:45+00:00","breadcrumb":{"@id":"https:\/\/deveho.com\/it\/servizi\/cloud-hosting\/#breadcrumb"},"inLanguage":"it-IT","potentialAction":[{"@type":"ReadAction","target":["https:\/\/deveho.com\/it\/servizi\/cloud-hosting\/"]}]},{"@type":"BreadcrumbList","@id":"https:\/\/deveho.com\/it\/servizi\/cloud-hosting\/#breadcrumb","itemListElement":[{"@type":"ListItem","position":1,"name":"Home","item":"https:\/\/deveho.com\/it\/"},{"@type":"ListItem","position":2,"name":"Servizi","item":"https:\/\/deveho.com\/it\/servizi\/"},{"@type":"ListItem","position":3,"name":"Cloud &#038; Hosting"}]},{"@type":"WebSite","@id":"https:\/\/deveho.com\/#website","url":"https:\/\/deveho.com\/","name":"Deveho Consulting Group","description":"Let\u2019s boost your growth","publisher":{"@id":"https:\/\/deveho.com\/#organization"},"potentialAction":[{"@type":"SearchAction","target":{"@type":"EntryPoint","urlTemplate":"https:\/\/deveho.com\/?s={search_term_string}"},"query-input":{"@type":"PropertyValueSpecification","valueRequired":true,"valueName":"search_term_string"}}],"inLanguage":"it-IT"},{"@type":"Organization","@id":"https:\/\/deveho.com\/#organization","name":"Deveho Consulting Group","url":"https:\/\/deveho.com\/","logo":{"@type":"ImageObject","inLanguage":"it-IT","@id":"https:\/\/deveho.com\/#\/schema\/logo\/image\/","url":"https:\/\/deveho.com\/wp-content\/uploads\/2023\/02\/DEVEHO-LOGO-Baseline-COLOR.png","contentUrl":"https:\/\/deveho.com\/wp-content\/uploads\/2023\/02\/DEVEHO-LOGO-Baseline-COLOR.png","width":2251,"height":585,"caption":"Deveho Consulting Group"},"image":{"@id":"https:\/\/deveho.com\/#\/schema\/logo\/image\/"},"sameAs":["https:\/\/www.facebook.com\/deveho","https:\/\/x.com\/Deveho1","https:\/\/www.linkedin.com\/company\/deveho-consulting\/"]}]}},"_links":{"self":[{"href":"https:\/\/deveho.com\/it\/wp-json\/wp\/v2\/pages\/10188"}],"collection":[{"href":"https:\/\/deveho.com\/it\/wp-json\/wp\/v2\/pages"}],"about":[{"href":"https:\/\/deveho.com\/it\/wp-json\/wp\/v2\/types\/page"}],"author":[{"embeddable":true,"href":"https:\/\/deveho.com\/it\/wp-json\/wp\/v2\/users\/3"}],"replies":[{"embeddable":true,"href":"https:\/\/deveho.com\/it\/wp-json\/wp\/v2\/comments?post=10188"}],"version-history":[{"count":0,"href":"https:\/\/deveho.com\/it\/wp-json\/wp\/v2\/pages\/10188\/revisions"}],"up":[{"embeddable":true,"href":"https:\/\/deveho.com\/it\/wp-json\/wp\/v2\/pages\/10240"}],"wp:attachment":[{"href":"https:\/\/deveho.com\/it\/wp-json\/wp\/v2\/media?parent=10188"}],"curies":[{"name":"wp","href":"https:\/\/api.w.org\/{rel}","templated":true}]}}