{"id":10217,"date":"2022-05-12T09:41:13","date_gmt":"2022-05-12T09:41:13","guid":{"rendered":"https:\/\/deveho2.sfdbeta.be\/sage-xrt-solutions\/"},"modified":"2022-10-26T16:09:40","modified_gmt":"2022-10-26T14:09:40","slug":"sage-xrt-solutions","status":"publish","type":"page","link":"https:\/\/deveho.com\/it\/prodotti\/sage-xrt-solutions\/","title":{"rendered":"Sage XRT"},"content":{"rendered":"<br \/>\n<h2>Perch\u00e9 scegliere le soluzioni Sage XRT?<\/h2>\n<h3>Sicurezza<\/h3>\n<p><p>Certificazione ISO 27001\/27018 e ISAE 3402, etichetta SWIFTReady for Corporates &#8211; Cash Management<\/p>\n<\/p>\n<h3>Velocit\u00e0 e agilit\u00e0<\/h3>\n<p><p>Integrazione della soluzione in 20 giorni<\/p>\n<\/p>\n<h3>Prestazione<\/h3>\n<div id=\"flexitem-c2c160bab3ef4eeea3840d1427b61c05-1\" class=\"flex-item\">\n<div id=\"stylebox-158b6b18ec2b406ca846335f248bd090-0\" class=\"score-style-box\" data-ux-module=\"score_bootstrap\/Components\/StyleBox\" data-ux-state=\"loaded\">\n<div id=\"highlight-e8e038f240c3433d8ae0a7c178d633bd-0\" class=\"score-highlight highlight--horizontal\">\n<div class=\"caption\">\n<div class=\"score-highlight-body\">100.000 righe contabili in 20 secondi<\/div>\n<\/div>\n<\/div>\n<\/div>\n<\/div>\n<div id=\"flexitem-4ac2555df4cb4237a831f91ef63b4536-1\" class=\"flex-item\">\n<div id=\"stylebox-53bb1a7cced64bffa7db982351240792-0\" class=\"score-style-box\" data-ux-module=\"score_bootstrap\/Components\/StyleBox\" data-ux-state=\"loaded\">\n<div id=\"highlight-72ccb4d4c3a7403686f86acbae58adf1-0\" class=\"score-highlight highlight--horizontal\"><\/div>\n<\/div>\n<\/div>\n<h3>Affidabilit\u00e0<\/h3>\n<p><p>Soluzione utilizzata dalle maggiori banche francesi<\/p>\n<\/p>\n<h3>Soddisfazione<\/h3>\n<p><p>Oltre 2.300 clienti utilizzano le soluzioni XRT<\/p>\n<\/p>\n<h2>Ottimizza la gestione del capitale circolante, della liquidit\u00e0. Guida una strategia efficace e ottieni un vantaggio competitivo.<\/h2>\n<h3>Controllo del flusso di cassa<\/h3>\n<p><p>Una visualizzazione in tempo reale della tua liquidit\u00e0 ti consente di effettuare rigorosi compromessi, di monitorare l&#8217;attivit\u00e0 dell&#8217;azienda e di tutte le sue filiali e di ottimizzare i rapporti con i partner bancari.<\/p>\n<\/p>\n<h3>Riconciliazione dei tuoi flussi finanziari<\/h3>\n<p><p>Un potente strumento di riconciliazione automatizzata (fino al 90%) ottimizza i tempi di elaborazione per grandi volumi di dati. I criteri di riconciliazione sono illimitati, raffinati e molto avanzati. La riconciliazione manuale \u00e8 molto facilitata, grazie ad uno schermo personalizzabile dall&#8217;utente.<\/p>\n<\/p>\n<h3>Gestione dei poteri bancari<\/h3>\n<p><p>I poteri bancari sono un elemento essenziale nella catena di sicurezza finanziaria dell&#8217;azienda. Definiscono chi pu\u00f2 fare cosa sui conti bancari dell&#8217;azienda.<\/p>\n<\/p>\n<h3>Reporting<\/h3>\n<p><p>Le dashboard (cruscotti) aziendali con indicatori chiave sono personalizzati in base all&#8217;attivit\u00e0 dell&#8217;azienda e ai profili di ciascun utente. \u00c8 integrato un report designer, che offre numerose possibilit\u00e0 di analisi dei dati tramite una griglia di dati, una tabella pivot o un grafico, oppure per l&#8217;esportazione di dati in vari formati (Excel\u00ae, PDF, altri formati configurabili).<\/p>\n<\/p>\n<h3>Una piattaforma di lavoro collaborativa e aperta<\/h3>\n<p><p>Facilita gli scambi con gli attori finanziari della tua azienda (Tesoriere, Responsabile Finanziario, banche, ecc.) e si integra con le soluzioni Sage cos\u00ec come con tutti i sistemi gestionali presenti sul mercato. Gli scambi di dati sono facilitati grazie ad un&#8217;interfaccia configurabile arricchita con convertitori.<\/p>\n<\/p>\n<h3>Ottimizzazione del rapporto societ\u00e0 Controllata &#8211; societ\u00e0 Capogruppo<\/h3>\n<p><p>L&#8217;organigramma infragruppo e il rapporto tra la capogruppo e le sue controllate dovrebbero essere definiti in funzione dell&#8217;organizzazione interna della societ\u00e0. Sono possibili diversi tipi di relazioni, come il trasferimento di fondi o prestiti.<\/p>\n<\/p>\n<h3>Aumento della produttivit\u00e0<\/h3>\n<p><p>Accessibile tramite un semplice browser internet e da diversi dispositivi (computer, tablet, smartphone), la piattaforma, offrendo una navigazione semplice, intuitiva e di facile utilizzo, consente l&#8217;accesso sicuro ovunque e in qualsiasi momento alla condivisione di informazioni finanziarie.<\/p>\n<\/p>\n<h3><red>Approfitta della visibilit\u00e0 end-to-end e in tempo reale della tua liquidit\u00e0 e ottimizza le tue risorse finanziarie<\/red>.<\/h3>\n<\/p>\n<p>Tecnologia accessibile<\/p>\n<p>Una visione globale della liquidit\u00e0<\/p>\n<p>Piena compatibilit\u00e0<\/p>\n<p>Decisioni pi\u00f9 intelligenti<\/p>\n<p>Sicurezza rinforzata<\/p>\n<p>Rischi ridotti<\/p>\n<p>Costi ridotti<\/p>\n<p>Migliore efficienza<\/p>\n<p>Integrazione senza problemi<\/p>\n<p>Gestione completa del flusso di cassa<\/p>\n<p>Conformit\u00e0 normativa<\/p>\n<h2><\/h2>\n<h3>Pagine Correlate<\/h3>\n<\/p>\n<h3><\/h3>\n<\/p>\n<h3><\/h3><\/p>\n","protected":false},"excerpt":{"rendered":"<p>Le soluzioni Sage XRT (Treasury, Business Exchange, Online Banking) consentono alle aziende di tutto il mondo di centralizzare le informazioni sui flussi di cassa, semplificare i processi aziendali strategici e automatizzare le comunicazioni finanziarie con partner commerciali e bancari. . Con le sue potenti funzionalit\u00e0, Sage XRT Solutions aiuta le aziende a svolgere le loro attivit\u00e0 di tesoreria, gestione della liquidit\u00e0 e banking online. Essenziali per la sostenibilit\u00e0 delle aziende, queste tre dimensioni sono anche il pilastro di solide strategie a supporto della loro crescita.<\/p>\n","protected":false},"author":3,"featured_media":0,"parent":10242,"menu_order":0,"comment_status":"closed","ping_status":"closed","template":"templates\/template-prod_serv.php","meta":{"_acf_changed":false,"footnotes":""},"class_list":["post-10217","page","type-page","status-publish","hentry"],"acf":[],"yoast_head":"<!-- This site is optimized with the Yoast SEO plugin v23.5 - https:\/\/yoast.com\/wordpress\/plugins\/seo\/ -->\n<title>Sage XRT - Deveho<\/title>\n<meta name=\"robots\" content=\"index, follow, max-snippet:-1, max-image-preview:large, max-video-preview:-1\" \/>\n<link rel=\"canonical\" href=\"https:\/\/deveho.com\/it\/prodotti\/sage-xrt-solutions\/\" \/>\n<meta property=\"og:locale\" content=\"it_IT\" \/>\n<meta property=\"og:type\" content=\"article\" \/>\n<meta property=\"og:title\" content=\"Sage XRT - Deveho\" \/>\n<meta property=\"og:description\" content=\"Le soluzioni Sage XRT (Treasury, Business Exchange, Online Banking) consentono alle aziende di tutto il mondo di centralizzare le informazioni sui flussi di cassa, semplificare i processi aziendali strategici e automatizzare le comunicazioni finanziarie con partner commerciali e bancari. . Con le sue potenti funzionalit\u00e0, Sage XRT Solutions aiuta le aziende a svolgere le loro attivit\u00e0 di tesoreria, gestione della liquidit\u00e0 e banking online. Essenziali per la sostenibilit\u00e0 delle aziende, queste tre dimensioni sono anche il pilastro di solide strategie a supporto della loro crescita.\" \/>\n<meta property=\"og:url\" content=\"https:\/\/deveho.com\/it\/prodotti\/sage-xrt-solutions\/\" \/>\n<meta property=\"og:site_name\" content=\"Deveho\" \/>\n<meta property=\"article:publisher\" content=\"https:\/\/www.facebook.com\/deveho\" \/>\n<meta property=\"article:modified_time\" content=\"2022-10-26T14:09:40+00:00\" \/>\n<meta name=\"twitter:card\" content=\"summary_large_image\" \/>\n<meta name=\"twitter:site\" content=\"@Deveho1\" \/>\n<meta name=\"twitter:label1\" content=\"Tempo di lettura stimato\" \/>\n\t<meta name=\"twitter:data1\" content=\"2 minuti\" \/>\n<script type=\"application\/ld+json\" class=\"yoast-schema-graph\">{\"@context\":\"https:\/\/schema.org\",\"@graph\":[{\"@type\":\"WebPage\",\"@id\":\"https:\/\/deveho.com\/it\/prodotti\/sage-xrt-solutions\/\",\"url\":\"https:\/\/deveho.com\/it\/prodotti\/sage-xrt-solutions\/\",\"name\":\"Sage XRT - Deveho\",\"isPartOf\":{\"@id\":\"https:\/\/deveho.com\/#website\"},\"datePublished\":\"2022-05-12T09:41:13+00:00\",\"dateModified\":\"2022-10-26T14:09:40+00:00\",\"breadcrumb\":{\"@id\":\"https:\/\/deveho.com\/it\/prodotti\/sage-xrt-solutions\/#breadcrumb\"},\"inLanguage\":\"it-IT\",\"potentialAction\":[{\"@type\":\"ReadAction\",\"target\":[\"https:\/\/deveho.com\/it\/prodotti\/sage-xrt-solutions\/\"]}]},{\"@type\":\"BreadcrumbList\",\"@id\":\"https:\/\/deveho.com\/it\/prodotti\/sage-xrt-solutions\/#breadcrumb\",\"itemListElement\":[{\"@type\":\"ListItem\",\"position\":1,\"name\":\"Home\",\"item\":\"https:\/\/deveho.com\/it\/\"},{\"@type\":\"ListItem\",\"position\":2,\"name\":\"Prodotti\",\"item\":\"https:\/\/deveho.com\/it\/prodotti\/\"},{\"@type\":\"ListItem\",\"position\":3,\"name\":\"Sage XRT\"}]},{\"@type\":\"WebSite\",\"@id\":\"https:\/\/deveho.com\/#website\",\"url\":\"https:\/\/deveho.com\/\",\"name\":\"Deveho Consulting Group\",\"description\":\"Let\u2019s boost your growth\",\"publisher\":{\"@id\":\"https:\/\/deveho.com\/#organization\"},\"potentialAction\":[{\"@type\":\"SearchAction\",\"target\":{\"@type\":\"EntryPoint\",\"urlTemplate\":\"https:\/\/deveho.com\/?s={search_term_string}\"},\"query-input\":{\"@type\":\"PropertyValueSpecification\",\"valueRequired\":true,\"valueName\":\"search_term_string\"}}],\"inLanguage\":\"it-IT\"},{\"@type\":\"Organization\",\"@id\":\"https:\/\/deveho.com\/#organization\",\"name\":\"Deveho Consulting Group\",\"url\":\"https:\/\/deveho.com\/\",\"logo\":{\"@type\":\"ImageObject\",\"inLanguage\":\"it-IT\",\"@id\":\"https:\/\/deveho.com\/#\/schema\/logo\/image\/\",\"url\":\"https:\/\/deveho.com\/wp-content\/uploads\/2023\/02\/DEVEHO-LOGO-Baseline-COLOR.png\",\"contentUrl\":\"https:\/\/deveho.com\/wp-content\/uploads\/2023\/02\/DEVEHO-LOGO-Baseline-COLOR.png\",\"width\":2251,\"height\":585,\"caption\":\"Deveho Consulting Group\"},\"image\":{\"@id\":\"https:\/\/deveho.com\/#\/schema\/logo\/image\/\"},\"sameAs\":[\"https:\/\/www.facebook.com\/deveho\",\"https:\/\/x.com\/Deveho1\",\"https:\/\/www.linkedin.com\/company\/deveho-consulting\/\"]}]}<\/script>\n<!-- \/ Yoast SEO plugin. -->","yoast_head_json":{"title":"Sage XRT - Deveho","robots":{"index":"index","follow":"follow","max-snippet":"max-snippet:-1","max-image-preview":"max-image-preview:large","max-video-preview":"max-video-preview:-1"},"canonical":"https:\/\/deveho.com\/it\/prodotti\/sage-xrt-solutions\/","og_locale":"it_IT","og_type":"article","og_title":"Sage XRT - Deveho","og_description":"Le soluzioni Sage XRT (Treasury, Business Exchange, Online Banking) consentono alle aziende di tutto il mondo di centralizzare le informazioni sui flussi di cassa, semplificare i processi aziendali strategici e automatizzare le comunicazioni finanziarie con partner commerciali e bancari. . Con le sue potenti funzionalit\u00e0, Sage XRT Solutions aiuta le aziende a svolgere le loro attivit\u00e0 di tesoreria, gestione della liquidit\u00e0 e banking online. Essenziali per la sostenibilit\u00e0 delle aziende, queste tre dimensioni sono anche il pilastro di solide strategie a supporto della loro crescita.","og_url":"https:\/\/deveho.com\/it\/prodotti\/sage-xrt-solutions\/","og_site_name":"Deveho","article_publisher":"https:\/\/www.facebook.com\/deveho","article_modified_time":"2022-10-26T14:09:40+00:00","twitter_card":"summary_large_image","twitter_site":"@Deveho1","twitter_misc":{"Tempo di lettura stimato":"2 minuti"},"schema":{"@context":"https:\/\/schema.org","@graph":[{"@type":"WebPage","@id":"https:\/\/deveho.com\/it\/prodotti\/sage-xrt-solutions\/","url":"https:\/\/deveho.com\/it\/prodotti\/sage-xrt-solutions\/","name":"Sage XRT - Deveho","isPartOf":{"@id":"https:\/\/deveho.com\/#website"},"datePublished":"2022-05-12T09:41:13+00:00","dateModified":"2022-10-26T14:09:40+00:00","breadcrumb":{"@id":"https:\/\/deveho.com\/it\/prodotti\/sage-xrt-solutions\/#breadcrumb"},"inLanguage":"it-IT","potentialAction":[{"@type":"ReadAction","target":["https:\/\/deveho.com\/it\/prodotti\/sage-xrt-solutions\/"]}]},{"@type":"BreadcrumbList","@id":"https:\/\/deveho.com\/it\/prodotti\/sage-xrt-solutions\/#breadcrumb","itemListElement":[{"@type":"ListItem","position":1,"name":"Home","item":"https:\/\/deveho.com\/it\/"},{"@type":"ListItem","position":2,"name":"Prodotti","item":"https:\/\/deveho.com\/it\/prodotti\/"},{"@type":"ListItem","position":3,"name":"Sage XRT"}]},{"@type":"WebSite","@id":"https:\/\/deveho.com\/#website","url":"https:\/\/deveho.com\/","name":"Deveho Consulting Group","description":"Let\u2019s boost your growth","publisher":{"@id":"https:\/\/deveho.com\/#organization"},"potentialAction":[{"@type":"SearchAction","target":{"@type":"EntryPoint","urlTemplate":"https:\/\/deveho.com\/?s={search_term_string}"},"query-input":{"@type":"PropertyValueSpecification","valueRequired":true,"valueName":"search_term_string"}}],"inLanguage":"it-IT"},{"@type":"Organization","@id":"https:\/\/deveho.com\/#organization","name":"Deveho Consulting Group","url":"https:\/\/deveho.com\/","logo":{"@type":"ImageObject","inLanguage":"it-IT","@id":"https:\/\/deveho.com\/#\/schema\/logo\/image\/","url":"https:\/\/deveho.com\/wp-content\/uploads\/2023\/02\/DEVEHO-LOGO-Baseline-COLOR.png","contentUrl":"https:\/\/deveho.com\/wp-content\/uploads\/2023\/02\/DEVEHO-LOGO-Baseline-COLOR.png","width":2251,"height":585,"caption":"Deveho Consulting Group"},"image":{"@id":"https:\/\/deveho.com\/#\/schema\/logo\/image\/"},"sameAs":["https:\/\/www.facebook.com\/deveho","https:\/\/x.com\/Deveho1","https:\/\/www.linkedin.com\/company\/deveho-consulting\/"]}]}},"_links":{"self":[{"href":"https:\/\/deveho.com\/it\/wp-json\/wp\/v2\/pages\/10217"}],"collection":[{"href":"https:\/\/deveho.com\/it\/wp-json\/wp\/v2\/pages"}],"about":[{"href":"https:\/\/deveho.com\/it\/wp-json\/wp\/v2\/types\/page"}],"author":[{"embeddable":true,"href":"https:\/\/deveho.com\/it\/wp-json\/wp\/v2\/users\/3"}],"replies":[{"embeddable":true,"href":"https:\/\/deveho.com\/it\/wp-json\/wp\/v2\/comments?post=10217"}],"version-history":[{"count":0,"href":"https:\/\/deveho.com\/it\/wp-json\/wp\/v2\/pages\/10217\/revisions"}],"up":[{"embeddable":true,"href":"https:\/\/deveho.com\/it\/wp-json\/wp\/v2\/pages\/10242"}],"wp:attachment":[{"href":"https:\/\/deveho.com\/it\/wp-json\/wp\/v2\/media?parent=10217"}],"curies":[{"name":"wp","href":"https:\/\/api.w.org\/{rel}","templated":true}]}}