{"id":28329,"date":"2024-02-27T15:55:51","date_gmt":"2024-02-27T13:55:51","guid":{"rendered":"https:\/\/deveho.com\/servizi\/e-invoicing\/"},"modified":"2025-12-18T18:20:01","modified_gmt":"2025-12-18T16:20:01","slug":"fatturazione-elettronica","status":"publish","type":"page","link":"https:\/\/deveho.com\/it\/servizi\/fatturazione-elettronica\/","title":{"rendered":"Fatturazione Elettronica"},"content":{"rendered":"<br \/>\n<h2><\/h2>\n<h3><red>Cronologia<\/red> della <br \/> fatturazione elettronica <br \/> europea<\/h3>\n<h3>Con team locali in Francia, Paesi Bassi, Svizzera, Spagna, Marocco, Lettonia, Lituania, Polonia, Repubblica Ceca, Slovacchia, Ungheria e Romania, Deveho Consulting Group pu\u00f2 aiutarti a gestire la tua contabilit\u00e0 senza carta e ad adattarla ai requisiti di fatturazione elettronica del tuo mercato.<br \/>\n<\/h3>\n<p><p>L&#8217;implementazione della fatturazione elettronica pu\u00f2 variare da Paese a Paese, poich\u00e9 spesso vi sono standard e requisiti specifici stabiliti dalle autorit\u00e0 fiscali locali.<\/p>\n<p>Scopri i requisiti locali per la fatturazione elettronica.<\/p>\n<p>Per maggiori informazioni, consultate:<\/p><\/p>\n","protected":false},"excerpt":{"rendered":"<p>Cronologia della fatturazione elettronica europea Con team locali in Francia, Paesi Bassi, Svizzera, Spagna, Marocco, Lettonia, Lituania, Polonia, Repubblica Ceca, Slovacchia, Ungheria e Romania, Deveho Consulting Group pu\u00f2 aiutarti a gestire la tua contabilit\u00e0 senza carta e ad adattarla ai requisiti di fatturazione elettronica del tuo mercato. L&#8217;implementazione della fatturazione elettronica pu\u00f2 variare da Paese [&hellip;]<\/p>\n","protected":false},"author":34,"featured_media":0,"parent":10240,"menu_order":0,"comment_status":"closed","ping_status":"closed","template":"templates\/template-prod_serv.php","meta":{"_acf_changed":false,"footnotes":""},"class_list":["post-28329","page","type-page","status-publish","hentry"],"acf":[],"yoast_head":"<!-- This site is optimized with the Yoast SEO plugin v23.5 - https:\/\/yoast.com\/wordpress\/plugins\/seo\/ -->\n<title>Fatturazione Elettronica - Deveho<\/title>\n<meta name=\"description\" content=\"Find out about the government&#039;s new e-invoicing regulations. Anticipate the regulations and get ready for electronic invoicing.\" \/>\n<meta name=\"robots\" content=\"index, follow, max-snippet:-1, max-image-preview:large, max-video-preview:-1\" \/>\n<link rel=\"canonical\" href=\"https:\/\/deveho.com\/it\/servizi\/fatturazione-elettronica\/\" \/>\n<meta property=\"og:locale\" content=\"it_IT\" \/>\n<meta property=\"og:type\" content=\"article\" \/>\n<meta property=\"og:title\" content=\"Fatturazione Elettronica - Deveho\" \/>\n<meta property=\"og:description\" content=\"Find out about the government&#039;s new e-invoicing regulations. Anticipate the regulations and get ready for electronic invoicing.\" \/>\n<meta property=\"og:url\" content=\"https:\/\/deveho.com\/it\/servizi\/fatturazione-elettronica\/\" \/>\n<meta property=\"og:site_name\" content=\"Deveho\" \/>\n<meta property=\"article:publisher\" content=\"https:\/\/www.facebook.com\/deveho\" \/>\n<meta property=\"article:modified_time\" content=\"2025-12-18T16:20:01+00:00\" \/>\n<meta name=\"twitter:card\" content=\"summary_large_image\" \/>\n<meta name=\"twitter:site\" content=\"@Deveho1\" \/>\n<meta name=\"twitter:label1\" content=\"Tempo di lettura stimato\" \/>\n\t<meta name=\"twitter:data1\" content=\"1 minuto\" \/>\n<script type=\"application\/ld+json\" class=\"yoast-schema-graph\">{\"@context\":\"https:\/\/schema.org\",\"@graph\":[{\"@type\":\"WebPage\",\"@id\":\"https:\/\/deveho.com\/it\/servizi\/fatturazione-elettronica\/\",\"url\":\"https:\/\/deveho.com\/it\/servizi\/fatturazione-elettronica\/\",\"name\":\"Fatturazione Elettronica - Deveho\",\"isPartOf\":{\"@id\":\"https:\/\/deveho.com\/#website\"},\"datePublished\":\"2024-02-27T13:55:51+00:00\",\"dateModified\":\"2025-12-18T16:20:01+00:00\",\"description\":\"Find out about the government's new e-invoicing regulations. Anticipate the regulations and get ready for electronic invoicing.\",\"breadcrumb\":{\"@id\":\"https:\/\/deveho.com\/it\/servizi\/fatturazione-elettronica\/#breadcrumb\"},\"inLanguage\":\"it-IT\",\"potentialAction\":[{\"@type\":\"ReadAction\",\"target\":[\"https:\/\/deveho.com\/it\/servizi\/fatturazione-elettronica\/\"]}]},{\"@type\":\"BreadcrumbList\",\"@id\":\"https:\/\/deveho.com\/it\/servizi\/fatturazione-elettronica\/#breadcrumb\",\"itemListElement\":[{\"@type\":\"ListItem\",\"position\":1,\"name\":\"Home\",\"item\":\"https:\/\/deveho.com\/it\/\"},{\"@type\":\"ListItem\",\"position\":2,\"name\":\"Servizi\",\"item\":\"https:\/\/deveho.com\/it\/servizi\/\"},{\"@type\":\"ListItem\",\"position\":3,\"name\":\"Fatturazione Elettronica\"}]},{\"@type\":\"WebSite\",\"@id\":\"https:\/\/deveho.com\/#website\",\"url\":\"https:\/\/deveho.com\/\",\"name\":\"Deveho Consulting Group\",\"description\":\"Let\u2019s boost your growth\",\"publisher\":{\"@id\":\"https:\/\/deveho.com\/#organization\"},\"potentialAction\":[{\"@type\":\"SearchAction\",\"target\":{\"@type\":\"EntryPoint\",\"urlTemplate\":\"https:\/\/deveho.com\/?s={search_term_string}\"},\"query-input\":{\"@type\":\"PropertyValueSpecification\",\"valueRequired\":true,\"valueName\":\"search_term_string\"}}],\"inLanguage\":\"it-IT\"},{\"@type\":\"Organization\",\"@id\":\"https:\/\/deveho.com\/#organization\",\"name\":\"Deveho Consulting Group\",\"url\":\"https:\/\/deveho.com\/\",\"logo\":{\"@type\":\"ImageObject\",\"inLanguage\":\"it-IT\",\"@id\":\"https:\/\/deveho.com\/#\/schema\/logo\/image\/\",\"url\":\"https:\/\/deveho.com\/wp-content\/uploads\/2023\/02\/DEVEHO-LOGO-Baseline-COLOR.png\",\"contentUrl\":\"https:\/\/deveho.com\/wp-content\/uploads\/2023\/02\/DEVEHO-LOGO-Baseline-COLOR.png\",\"width\":2251,\"height\":585,\"caption\":\"Deveho Consulting Group\"},\"image\":{\"@id\":\"https:\/\/deveho.com\/#\/schema\/logo\/image\/\"},\"sameAs\":[\"https:\/\/www.facebook.com\/deveho\",\"https:\/\/x.com\/Deveho1\",\"https:\/\/www.linkedin.com\/company\/deveho-consulting\/\"]}]}<\/script>\n<!-- \/ Yoast SEO plugin. -->","yoast_head_json":{"title":"Fatturazione Elettronica - Deveho","description":"Find out about the government's new e-invoicing regulations. Anticipate the regulations and get ready for electronic invoicing.","robots":{"index":"index","follow":"follow","max-snippet":"max-snippet:-1","max-image-preview":"max-image-preview:large","max-video-preview":"max-video-preview:-1"},"canonical":"https:\/\/deveho.com\/it\/servizi\/fatturazione-elettronica\/","og_locale":"it_IT","og_type":"article","og_title":"Fatturazione Elettronica - Deveho","og_description":"Find out about the government's new e-invoicing regulations. Anticipate the regulations and get ready for electronic invoicing.","og_url":"https:\/\/deveho.com\/it\/servizi\/fatturazione-elettronica\/","og_site_name":"Deveho","article_publisher":"https:\/\/www.facebook.com\/deveho","article_modified_time":"2025-12-18T16:20:01+00:00","twitter_card":"summary_large_image","twitter_site":"@Deveho1","twitter_misc":{"Tempo di lettura stimato":"1 minuto"},"schema":{"@context":"https:\/\/schema.org","@graph":[{"@type":"WebPage","@id":"https:\/\/deveho.com\/it\/servizi\/fatturazione-elettronica\/","url":"https:\/\/deveho.com\/it\/servizi\/fatturazione-elettronica\/","name":"Fatturazione Elettronica - Deveho","isPartOf":{"@id":"https:\/\/deveho.com\/#website"},"datePublished":"2024-02-27T13:55:51+00:00","dateModified":"2025-12-18T16:20:01+00:00","description":"Find out about the government's new e-invoicing regulations. Anticipate the regulations and get ready for electronic invoicing.","breadcrumb":{"@id":"https:\/\/deveho.com\/it\/servizi\/fatturazione-elettronica\/#breadcrumb"},"inLanguage":"it-IT","potentialAction":[{"@type":"ReadAction","target":["https:\/\/deveho.com\/it\/servizi\/fatturazione-elettronica\/"]}]},{"@type":"BreadcrumbList","@id":"https:\/\/deveho.com\/it\/servizi\/fatturazione-elettronica\/#breadcrumb","itemListElement":[{"@type":"ListItem","position":1,"name":"Home","item":"https:\/\/deveho.com\/it\/"},{"@type":"ListItem","position":2,"name":"Servizi","item":"https:\/\/deveho.com\/it\/servizi\/"},{"@type":"ListItem","position":3,"name":"Fatturazione Elettronica"}]},{"@type":"WebSite","@id":"https:\/\/deveho.com\/#website","url":"https:\/\/deveho.com\/","name":"Deveho Consulting Group","description":"Let\u2019s boost your growth","publisher":{"@id":"https:\/\/deveho.com\/#organization"},"potentialAction":[{"@type":"SearchAction","target":{"@type":"EntryPoint","urlTemplate":"https:\/\/deveho.com\/?s={search_term_string}"},"query-input":{"@type":"PropertyValueSpecification","valueRequired":true,"valueName":"search_term_string"}}],"inLanguage":"it-IT"},{"@type":"Organization","@id":"https:\/\/deveho.com\/#organization","name":"Deveho Consulting Group","url":"https:\/\/deveho.com\/","logo":{"@type":"ImageObject","inLanguage":"it-IT","@id":"https:\/\/deveho.com\/#\/schema\/logo\/image\/","url":"https:\/\/deveho.com\/wp-content\/uploads\/2023\/02\/DEVEHO-LOGO-Baseline-COLOR.png","contentUrl":"https:\/\/deveho.com\/wp-content\/uploads\/2023\/02\/DEVEHO-LOGO-Baseline-COLOR.png","width":2251,"height":585,"caption":"Deveho Consulting Group"},"image":{"@id":"https:\/\/deveho.com\/#\/schema\/logo\/image\/"},"sameAs":["https:\/\/www.facebook.com\/deveho","https:\/\/x.com\/Deveho1","https:\/\/www.linkedin.com\/company\/deveho-consulting\/"]}]}},"_links":{"self":[{"href":"https:\/\/deveho.com\/it\/wp-json\/wp\/v2\/pages\/28329"}],"collection":[{"href":"https:\/\/deveho.com\/it\/wp-json\/wp\/v2\/pages"}],"about":[{"href":"https:\/\/deveho.com\/it\/wp-json\/wp\/v2\/types\/page"}],"author":[{"embeddable":true,"href":"https:\/\/deveho.com\/it\/wp-json\/wp\/v2\/users\/34"}],"replies":[{"embeddable":true,"href":"https:\/\/deveho.com\/it\/wp-json\/wp\/v2\/comments?post=28329"}],"version-history":[{"count":5,"href":"https:\/\/deveho.com\/it\/wp-json\/wp\/v2\/pages\/28329\/revisions"}],"predecessor-version":[{"id":44791,"href":"https:\/\/deveho.com\/it\/wp-json\/wp\/v2\/pages\/28329\/revisions\/44791"}],"up":[{"embeddable":true,"href":"https:\/\/deveho.com\/it\/wp-json\/wp\/v2\/pages\/10240"}],"wp:attachment":[{"href":"https:\/\/deveho.com\/it\/wp-json\/wp\/v2\/media?parent=28329"}],"curies":[{"name":"wp","href":"https:\/\/api.w.org\/{rel}","templated":true}]}}