{"id":28348,"date":"2024-02-27T16:01:48","date_gmt":"2024-02-27T14:01:48","guid":{"rendered":"https:\/\/deveho.com\/?page_id=28348"},"modified":"2024-10-08T13:57:40","modified_gmt":"2024-10-08T11:57:40","slug":"in-francia","status":"publish","type":"page","link":"https:\/\/deveho.com\/it\/servizi\/fatturazione-elettronica\/in-francia\/","title":{"rendered":"Sistema di fatturazione elettronica in Francia"},"content":{"rendered":"<br \/>\n<h2>Tutto sulla fatturazione elettronica<\/h2>\n<h3><red>Nuovo programma <\/red> per la preparazione della fatturazione elettronica in Francia!<\/h3>\n<h3>La DGFIP ha annunciato le nuove scadenze per l&#8217;introduzione della fatturazione elettronica in Francia a partire dal<b><br \/>1\u00b0 settembre 2026.<br \/>\n<br \/><red>Inizia a prepararti adesso.<\/red> <\/b><br \/>\n<br \/>I nostri team sono qui per aiutarti a pianificare il tuo percorso verso la fatturazione elettronica<\/h3>\n<p><p>La fatturazione elettronica in Francia fa parte di un passaggio verso transazioni senza carta. Da settembre 2026, tutte le aziende in Francia, indipendentemente dalle dimensioni, dovranno essere in grado di ricevere fatture in formato elettronico.<br \/>\nQuesto progetto \u00e8 guidato dal governo francese con l&#8217;obiettivo di semplificare la catena di fatturazione e pagamento e ottimizzare la riscossione dell&#8217;IVA. Avr\u00e0 un grande impatto. Quindi \u00e8 importante capire come la fatturazione elettronica influenzer\u00e0 le aziende.<br \/>\nPossiamo parlare di un aumento massiccio degli scambi senza carta.<br \/>\nIl calendario di attuazione della riforma consentir\u00e0 alle aziende e ai loro partner (editori di software di fatturazione, piattaforme di flusso di dati, ecc.) di organizzarsi rapidamente.<\/p>\n<p><img loading=\"lazy\" decoding=\"async\" class=\"aligncenter wp-image-28306\" src=\"https:\/\/deveho.com\/wp-content\/uploads\/2024\/02\/3-2-e1709025340587.jpg\" alt=\"calendar FR e-invoice system\" width=\"495\" height=\"316\" srcset=\"https:\/\/deveho.com\/wp-content\/uploads\/2024\/02\/3-2-e1709025340587.jpg 1200w, https:\/\/deveho.com\/wp-content\/uploads\/2024\/02\/3-2-e1709025340587-300x192.jpg 300w, https:\/\/deveho.com\/wp-content\/uploads\/2024\/02\/3-2-e1709025340587-1024x654.jpg 1024w, https:\/\/deveho.com\/wp-content\/uploads\/2024\/02\/3-2-e1709025340587-150x96.jpg 150w, https:\/\/deveho.com\/wp-content\/uploads\/2024\/02\/3-2-e1709025340587-768x490.jpg 768w\" sizes=\"(max-width: 495px) 100vw, 495px\" \/><\/p>\n<p>Scopri i requisiti locali per la fatturazione elettronica in Francia.<\/p>\n<\/p>\n<h2>Anticipazione, Comprensione, Comunicazione<\/h2>\n<p>Per semplificare la conformit\u00e0 da parte delle aziende, le soluzioni gestionali si stanno orientando verso una maggiore automazione dell&#8217;immissione dei dati, dell&#8217;importazione dei dati bancari e della fatturazione elettronica.<\/p>\n<p><p><strong>Cosa cambia con la fatturazione elettronica?<\/strong><\/p>\n<p>La fatturazione elettronica B2B obbligatoria semplifica l&#8217;elaborazione delle fatture in entrata e in uscita, nonch\u00e9 la presentazione delle dichiarazioni IVA.<\/p>\n<p>&nbsp;<\/p>\n<\/p>\n<p><p>Integrazione pi\u00f9 semplice di tutte le fatture in entrata nei sistemi contabili delle aziende.<br \/>\nControllo a priori della conformit\u00e0 delle fatture in uscita e scarto alla fonte delle fatture non conformi.<br \/>\nTrasparenza per i clienti sullo stato di avanzamento dell&#8217;elaborazione delle fatture.<br \/>\nScopri i nostri requisiti di <a href=\"https:\/\/deveho.com\/it\/servizi\/fatturazione-elettronica\/\">fatturazione elettronica in tutto il mondo<\/a>.<\/p>\n<\/p>\n<h2><\/h2>\n<h3>I nuovi <red>requisiti<\/red><\/h3>\n<h3>Dal 1\u00b0 settembre 2026 sar\u00e0 obbligatorio ricevere la fattura elettronica, ma fino al 2027 saranno progressivamente aggiunti nuovi obblighi.<\/h3>\n<\/p>\n<h2><\/h2>\n<h3><red>Le funzionalit\u00e0 <\/red> della fatturazione elettronica<\/h3>\n<h3><\/h3>\n<\/p>\n<h2><\/h2>\n<h3><red>Vantaggi<\/red> della fatturazione elettronica<\/h3>\n<h3><\/h3><\/p>\n","protected":false},"excerpt":{"rendered":"<p>Sistema di fatturazione elettronica in Francia<\/p>\n","protected":false},"author":34,"featured_media":0,"parent":28329,"menu_order":0,"comment_status":"closed","ping_status":"closed","template":"templates\/template-prod_serv.php","meta":{"_acf_changed":false,"footnotes":""},"class_list":["post-28348","page","type-page","status-publish","hentry"],"acf":[],"yoast_head":"<!-- This site is optimized with the Yoast SEO plugin v23.5 - https:\/\/yoast.com\/wordpress\/plugins\/seo\/ -->\n<title>E-invoicing in France - Deveho<\/title>\n<meta name=\"description\" content=\"Find out about the french government&#039;s new e-invoicing regulations. Anticipate the regulations and get ready for E-invoicing in France.\" \/>\n<meta name=\"robots\" content=\"index, follow, max-snippet:-1, max-image-preview:large, max-video-preview:-1\" \/>\n<link rel=\"canonical\" href=\"https:\/\/deveho.com\/it\/servizi\/fatturazione-elettronica\/in-francia\/\" \/>\n<meta property=\"og:locale\" content=\"it_IT\" \/>\n<meta property=\"og:type\" content=\"article\" \/>\n<meta property=\"og:title\" content=\"E-invoicing in France - Deveho\" \/>\n<meta property=\"og:description\" content=\"Find out about the french government&#039;s new e-invoicing regulations. Anticipate the regulations and get ready for E-invoicing in France.\" \/>\n<meta property=\"og:url\" content=\"https:\/\/deveho.com\/it\/servizi\/fatturazione-elettronica\/in-francia\/\" \/>\n<meta property=\"og:site_name\" content=\"Deveho\" \/>\n<meta property=\"article:publisher\" content=\"https:\/\/www.facebook.com\/deveho\" \/>\n<meta property=\"article:modified_time\" content=\"2024-10-08T11:57:40+00:00\" \/>\n<meta property=\"og:image\" content=\"https:\/\/deveho.com\/wp-content\/uploads\/2024\/02\/3-2-e1709025340587.jpg\" \/>\n<meta name=\"twitter:card\" content=\"summary_large_image\" \/>\n<meta name=\"twitter:site\" content=\"@Deveho1\" \/>\n<meta name=\"twitter:label1\" content=\"Tempo di lettura stimato\" \/>\n\t<meta name=\"twitter:data1\" content=\"2 minuti\" \/>\n<script type=\"application\/ld+json\" class=\"yoast-schema-graph\">{\"@context\":\"https:\/\/schema.org\",\"@graph\":[{\"@type\":\"WebPage\",\"@id\":\"https:\/\/deveho.com\/it\/servizi\/fatturazione-elettronica\/in-francia\/\",\"url\":\"https:\/\/deveho.com\/it\/servizi\/fatturazione-elettronica\/in-francia\/\",\"name\":\"E-invoicing in France - Deveho\",\"isPartOf\":{\"@id\":\"https:\/\/deveho.com\/#website\"},\"primaryImageOfPage\":{\"@id\":\"https:\/\/deveho.com\/it\/servizi\/fatturazione-elettronica\/in-francia\/#primaryimage\"},\"image\":{\"@id\":\"https:\/\/deveho.com\/it\/servizi\/fatturazione-elettronica\/in-francia\/#primaryimage\"},\"thumbnailUrl\":\"https:\/\/deveho.com\/wp-content\/uploads\/2024\/02\/3-2-e1709025340587.jpg\",\"datePublished\":\"2024-02-27T14:01:48+00:00\",\"dateModified\":\"2024-10-08T11:57:40+00:00\",\"description\":\"Find out about the french government's new e-invoicing regulations. Anticipate the regulations and get ready for E-invoicing in France.\",\"breadcrumb\":{\"@id\":\"https:\/\/deveho.com\/it\/servizi\/fatturazione-elettronica\/in-francia\/#breadcrumb\"},\"inLanguage\":\"it-IT\",\"potentialAction\":[{\"@type\":\"ReadAction\",\"target\":[\"https:\/\/deveho.com\/it\/servizi\/fatturazione-elettronica\/in-francia\/\"]}]},{\"@type\":\"ImageObject\",\"inLanguage\":\"it-IT\",\"@id\":\"https:\/\/deveho.com\/it\/servizi\/fatturazione-elettronica\/in-francia\/#primaryimage\",\"url\":\"https:\/\/deveho.com\/wp-content\/uploads\/2024\/02\/3-2-e1709025340587.jpg\",\"contentUrl\":\"https:\/\/deveho.com\/wp-content\/uploads\/2024\/02\/3-2-e1709025340587.jpg\"},{\"@type\":\"BreadcrumbList\",\"@id\":\"https:\/\/deveho.com\/it\/servizi\/fatturazione-elettronica\/in-francia\/#breadcrumb\",\"itemListElement\":[{\"@type\":\"ListItem\",\"position\":1,\"name\":\"Home\",\"item\":\"https:\/\/deveho.com\/it\/\"},{\"@type\":\"ListItem\",\"position\":2,\"name\":\"Servizi\",\"item\":\"https:\/\/deveho.com\/it\/servizi\/\"},{\"@type\":\"ListItem\",\"position\":3,\"name\":\"Fatturazione Elettronica\",\"item\":\"https:\/\/deveho.com\/it\/servizi\/fatturazione-elettronica\/\"},{\"@type\":\"ListItem\",\"position\":4,\"name\":\"Sistema di fatturazione elettronica in Francia\"}]},{\"@type\":\"WebSite\",\"@id\":\"https:\/\/deveho.com\/#website\",\"url\":\"https:\/\/deveho.com\/\",\"name\":\"Deveho Consulting Group\",\"description\":\"Let\u2019s boost your growth\",\"publisher\":{\"@id\":\"https:\/\/deveho.com\/#organization\"},\"potentialAction\":[{\"@type\":\"SearchAction\",\"target\":{\"@type\":\"EntryPoint\",\"urlTemplate\":\"https:\/\/deveho.com\/?s={search_term_string}\"},\"query-input\":{\"@type\":\"PropertyValueSpecification\",\"valueRequired\":true,\"valueName\":\"search_term_string\"}}],\"inLanguage\":\"it-IT\"},{\"@type\":\"Organization\",\"@id\":\"https:\/\/deveho.com\/#organization\",\"name\":\"Deveho Consulting Group\",\"url\":\"https:\/\/deveho.com\/\",\"logo\":{\"@type\":\"ImageObject\",\"inLanguage\":\"it-IT\",\"@id\":\"https:\/\/deveho.com\/#\/schema\/logo\/image\/\",\"url\":\"https:\/\/deveho.com\/wp-content\/uploads\/2023\/02\/DEVEHO-LOGO-Baseline-COLOR.png\",\"contentUrl\":\"https:\/\/deveho.com\/wp-content\/uploads\/2023\/02\/DEVEHO-LOGO-Baseline-COLOR.png\",\"width\":2251,\"height\":585,\"caption\":\"Deveho Consulting Group\"},\"image\":{\"@id\":\"https:\/\/deveho.com\/#\/schema\/logo\/image\/\"},\"sameAs\":[\"https:\/\/www.facebook.com\/deveho\",\"https:\/\/x.com\/Deveho1\",\"https:\/\/www.linkedin.com\/company\/deveho-consulting\/\"]}]}<\/script>\n<!-- \/ Yoast SEO plugin. -->","yoast_head_json":{"title":"E-invoicing in France - Deveho","description":"Find out about the french government's new e-invoicing regulations. Anticipate the regulations and get ready for E-invoicing in France.","robots":{"index":"index","follow":"follow","max-snippet":"max-snippet:-1","max-image-preview":"max-image-preview:large","max-video-preview":"max-video-preview:-1"},"canonical":"https:\/\/deveho.com\/it\/servizi\/fatturazione-elettronica\/in-francia\/","og_locale":"it_IT","og_type":"article","og_title":"E-invoicing in France - Deveho","og_description":"Find out about the french government's new e-invoicing regulations. Anticipate the regulations and get ready for E-invoicing in France.","og_url":"https:\/\/deveho.com\/it\/servizi\/fatturazione-elettronica\/in-francia\/","og_site_name":"Deveho","article_publisher":"https:\/\/www.facebook.com\/deveho","article_modified_time":"2024-10-08T11:57:40+00:00","og_image":[{"url":"https:\/\/deveho.com\/wp-content\/uploads\/2024\/02\/3-2-e1709025340587.jpg"}],"twitter_card":"summary_large_image","twitter_site":"@Deveho1","twitter_misc":{"Tempo di lettura stimato":"2 minuti"},"schema":{"@context":"https:\/\/schema.org","@graph":[{"@type":"WebPage","@id":"https:\/\/deveho.com\/it\/servizi\/fatturazione-elettronica\/in-francia\/","url":"https:\/\/deveho.com\/it\/servizi\/fatturazione-elettronica\/in-francia\/","name":"E-invoicing in France - Deveho","isPartOf":{"@id":"https:\/\/deveho.com\/#website"},"primaryImageOfPage":{"@id":"https:\/\/deveho.com\/it\/servizi\/fatturazione-elettronica\/in-francia\/#primaryimage"},"image":{"@id":"https:\/\/deveho.com\/it\/servizi\/fatturazione-elettronica\/in-francia\/#primaryimage"},"thumbnailUrl":"https:\/\/deveho.com\/wp-content\/uploads\/2024\/02\/3-2-e1709025340587.jpg","datePublished":"2024-02-27T14:01:48+00:00","dateModified":"2024-10-08T11:57:40+00:00","description":"Find out about the french government's new e-invoicing regulations. Anticipate the regulations and get ready for E-invoicing in France.","breadcrumb":{"@id":"https:\/\/deveho.com\/it\/servizi\/fatturazione-elettronica\/in-francia\/#breadcrumb"},"inLanguage":"it-IT","potentialAction":[{"@type":"ReadAction","target":["https:\/\/deveho.com\/it\/servizi\/fatturazione-elettronica\/in-francia\/"]}]},{"@type":"ImageObject","inLanguage":"it-IT","@id":"https:\/\/deveho.com\/it\/servizi\/fatturazione-elettronica\/in-francia\/#primaryimage","url":"https:\/\/deveho.com\/wp-content\/uploads\/2024\/02\/3-2-e1709025340587.jpg","contentUrl":"https:\/\/deveho.com\/wp-content\/uploads\/2024\/02\/3-2-e1709025340587.jpg"},{"@type":"BreadcrumbList","@id":"https:\/\/deveho.com\/it\/servizi\/fatturazione-elettronica\/in-francia\/#breadcrumb","itemListElement":[{"@type":"ListItem","position":1,"name":"Home","item":"https:\/\/deveho.com\/it\/"},{"@type":"ListItem","position":2,"name":"Servizi","item":"https:\/\/deveho.com\/it\/servizi\/"},{"@type":"ListItem","position":3,"name":"Fatturazione Elettronica","item":"https:\/\/deveho.com\/it\/servizi\/fatturazione-elettronica\/"},{"@type":"ListItem","position":4,"name":"Sistema di fatturazione elettronica in Francia"}]},{"@type":"WebSite","@id":"https:\/\/deveho.com\/#website","url":"https:\/\/deveho.com\/","name":"Deveho Consulting Group","description":"Let\u2019s boost your growth","publisher":{"@id":"https:\/\/deveho.com\/#organization"},"potentialAction":[{"@type":"SearchAction","target":{"@type":"EntryPoint","urlTemplate":"https:\/\/deveho.com\/?s={search_term_string}"},"query-input":{"@type":"PropertyValueSpecification","valueRequired":true,"valueName":"search_term_string"}}],"inLanguage":"it-IT"},{"@type":"Organization","@id":"https:\/\/deveho.com\/#organization","name":"Deveho Consulting Group","url":"https:\/\/deveho.com\/","logo":{"@type":"ImageObject","inLanguage":"it-IT","@id":"https:\/\/deveho.com\/#\/schema\/logo\/image\/","url":"https:\/\/deveho.com\/wp-content\/uploads\/2023\/02\/DEVEHO-LOGO-Baseline-COLOR.png","contentUrl":"https:\/\/deveho.com\/wp-content\/uploads\/2023\/02\/DEVEHO-LOGO-Baseline-COLOR.png","width":2251,"height":585,"caption":"Deveho Consulting Group"},"image":{"@id":"https:\/\/deveho.com\/#\/schema\/logo\/image\/"},"sameAs":["https:\/\/www.facebook.com\/deveho","https:\/\/x.com\/Deveho1","https:\/\/www.linkedin.com\/company\/deveho-consulting\/"]}]}},"_links":{"self":[{"href":"https:\/\/deveho.com\/it\/wp-json\/wp\/v2\/pages\/28348"}],"collection":[{"href":"https:\/\/deveho.com\/it\/wp-json\/wp\/v2\/pages"}],"about":[{"href":"https:\/\/deveho.com\/it\/wp-json\/wp\/v2\/types\/page"}],"author":[{"embeddable":true,"href":"https:\/\/deveho.com\/it\/wp-json\/wp\/v2\/users\/34"}],"replies":[{"embeddable":true,"href":"https:\/\/deveho.com\/it\/wp-json\/wp\/v2\/comments?post=28348"}],"version-history":[{"count":3,"href":"https:\/\/deveho.com\/it\/wp-json\/wp\/v2\/pages\/28348\/revisions"}],"predecessor-version":[{"id":34087,"href":"https:\/\/deveho.com\/it\/wp-json\/wp\/v2\/pages\/28348\/revisions\/34087"}],"up":[{"embeddable":true,"href":"https:\/\/deveho.com\/it\/wp-json\/wp\/v2\/pages\/28329"}],"wp:attachment":[{"href":"https:\/\/deveho.com\/it\/wp-json\/wp\/v2\/media?parent=28348"}],"curies":[{"name":"wp","href":"https:\/\/api.w.org\/{rel}","templated":true}]}}