{"id":33000,"date":"2024-07-25T09:03:19","date_gmt":"2024-07-25T07:03:19","guid":{"rendered":"https:\/\/deveho.com\/?page_id=33000"},"modified":"2025-03-10T15:27:40","modified_gmt":"2025-03-10T13:27:40","slug":"sage-intacct-solution","status":"publish","type":"page","link":"https:\/\/deveho.com\/it\/prodotti\/sage-intacct-solution\/","title":{"rendered":"Sage Intacct"},"content":{"rendered":"<br \/>\n<h2><\/h2>\n<h3><red>Perch\u00e9 scegliere la soluzione Sage Intacct?<\/red><\/h3>\n<h3><\/h3>\n<ul>\n<li>Riduci i tempi di chiusura mensili fino al 66% grazie all&#8217;automazione.<\/li>\n<li>Ottieni report multidimensionali in tempo reale. Metti fine alla proliferazione di file Excel!<\/li>\n<li>Libera il tuo reparto finanziario per concentrarti sulla gestione della crescita aziendale.<\/li>\n<li>150 ore di rapida implementazione.<\/li>\n<li>1 miliardo di chiamate API al mese.<\/li>\n<li>100 entit\u00e0 consolidate in pochi secondi.<\/li>\n<\/ul>\n<h2>Gestione finanziaria basata su cloud per leader finanziari lungimiranti<\/h2>\n<\/p>\n<p>Sage Intacct \u00e8 il software di contabilit\u00e0 e gestione finanziaria cloud pi\u00f9 apprezzato per la soddisfazione del cliente!<\/p>\n<p>Con Sage Intacct, i CFO e i responsabili finanziari lungimiranti possono accedere a report finanziari e gestionali integrati in tutte le unit\u00e0 aziendali in pochi minuti, non in giorni, cos\u00ec da poter far crescere e gestire le proprie attivit\u00e0 in modo efficace.<\/p>\n<h2><\/h2>\n<h3><red><b>Il tuo software di contabilit\u00e0 clienti<\/b><\/red><\/h3>\n<h3><\/h3>\n<p><p>La <strong>soluzione Sage Intacct<\/strong> fornisce una piattaforma aperta e comunicante attraverso le sue API, semplificando l&#8217;integrazione e l&#8217;interazione con un&#8217;ampia gamma di soluzioni correlate.<br \/>\nDi conseguenza, <strong>Sage Intacct<\/strong> si adatta perfettamente alle esigenze della tua azienda e al tuo settore.<\/p>\n<\/p>\n<h2><\/h2>\n<h3>Capacit\u00e0 di Sage Intacct<\/h3>\n<h3><\/h3>\n<\/p>\n<h2><\/h2>\n<h3>Pagine Correlate<\/h3>\n<\/p>\n<h3><\/h3>\n<\/p>\n<h3><\/h3><\/p>\n","protected":false},"excerpt":{"rendered":"<p>Da grandi aziende ad aziende globali: Sage Intacct \u00e8 il nostro software finanziario cloud migliore della categoria, che cresce con te.<\/p>\n","protected":false},"author":34,"featured_media":0,"parent":10242,"menu_order":0,"comment_status":"closed","ping_status":"closed","template":"templates\/template-prod_serv.php","meta":{"_acf_changed":false,"footnotes":""},"class_list":["post-33000","page","type-page","status-publish","hentry"],"acf":[],"yoast_head":"<!-- This site is optimized with the Yoast SEO plugin v23.5 - https:\/\/yoast.com\/wordpress\/plugins\/seo\/ -->\n<title>Sage Intacct solution - Customer accounting software - Deveho<\/title>\n<meta name=\"description\" content=\"With Accounts Receivable, part of Sage Intacct solution, you can collect payments faster and improve your cash flow.\" \/>\n<meta name=\"robots\" content=\"index, follow, max-snippet:-1, max-image-preview:large, max-video-preview:-1\" \/>\n<link rel=\"canonical\" href=\"https:\/\/deveho.com\/it\/prodotti\/sage-intacct-solution\/\" \/>\n<meta property=\"og:locale\" content=\"it_IT\" \/>\n<meta property=\"og:type\" content=\"article\" \/>\n<meta property=\"og:title\" content=\"Sage Intacct solution - Customer accounting software - Deveho\" \/>\n<meta property=\"og:description\" content=\"With Accounts Receivable, part of Sage Intacct solution, you can collect payments faster and improve your cash flow.\" \/>\n<meta property=\"og:url\" content=\"https:\/\/deveho.com\/it\/prodotti\/sage-intacct-solution\/\" \/>\n<meta property=\"og:site_name\" content=\"Deveho\" \/>\n<meta property=\"article:publisher\" content=\"https:\/\/www.facebook.com\/deveho\" \/>\n<meta property=\"article:modified_time\" content=\"2025-03-10T13:27:40+00:00\" \/>\n<meta name=\"twitter:card\" content=\"summary_large_image\" \/>\n<meta name=\"twitter:site\" content=\"@Deveho1\" \/>\n<meta name=\"twitter:label1\" content=\"Tempo di lettura stimato\" \/>\n\t<meta name=\"twitter:data1\" content=\"1 minuto\" \/>\n<script type=\"application\/ld+json\" class=\"yoast-schema-graph\">{\"@context\":\"https:\/\/schema.org\",\"@graph\":[{\"@type\":\"WebPage\",\"@id\":\"https:\/\/deveho.com\/it\/prodotti\/sage-intacct-solution\/\",\"url\":\"https:\/\/deveho.com\/it\/prodotti\/sage-intacct-solution\/\",\"name\":\"Sage Intacct solution - Customer accounting software - Deveho\",\"isPartOf\":{\"@id\":\"https:\/\/deveho.com\/#website\"},\"datePublished\":\"2024-07-25T07:03:19+00:00\",\"dateModified\":\"2025-03-10T13:27:40+00:00\",\"description\":\"With Accounts Receivable, part of Sage Intacct solution, you can collect payments faster and improve your cash flow.\",\"breadcrumb\":{\"@id\":\"https:\/\/deveho.com\/it\/prodotti\/sage-intacct-solution\/#breadcrumb\"},\"inLanguage\":\"it-IT\",\"potentialAction\":[{\"@type\":\"ReadAction\",\"target\":[\"https:\/\/deveho.com\/it\/prodotti\/sage-intacct-solution\/\"]}]},{\"@type\":\"BreadcrumbList\",\"@id\":\"https:\/\/deveho.com\/it\/prodotti\/sage-intacct-solution\/#breadcrumb\",\"itemListElement\":[{\"@type\":\"ListItem\",\"position\":1,\"name\":\"Home\",\"item\":\"https:\/\/deveho.com\/it\/\"},{\"@type\":\"ListItem\",\"position\":2,\"name\":\"Prodotti\",\"item\":\"https:\/\/deveho.com\/it\/prodotti\/\"},{\"@type\":\"ListItem\",\"position\":3,\"name\":\"Sage Intacct\"}]},{\"@type\":\"WebSite\",\"@id\":\"https:\/\/deveho.com\/#website\",\"url\":\"https:\/\/deveho.com\/\",\"name\":\"Deveho Consulting Group\",\"description\":\"Let\u2019s boost your growth\",\"publisher\":{\"@id\":\"https:\/\/deveho.com\/#organization\"},\"potentialAction\":[{\"@type\":\"SearchAction\",\"target\":{\"@type\":\"EntryPoint\",\"urlTemplate\":\"https:\/\/deveho.com\/?s={search_term_string}\"},\"query-input\":{\"@type\":\"PropertyValueSpecification\",\"valueRequired\":true,\"valueName\":\"search_term_string\"}}],\"inLanguage\":\"it-IT\"},{\"@type\":\"Organization\",\"@id\":\"https:\/\/deveho.com\/#organization\",\"name\":\"Deveho Consulting Group\",\"url\":\"https:\/\/deveho.com\/\",\"logo\":{\"@type\":\"ImageObject\",\"inLanguage\":\"it-IT\",\"@id\":\"https:\/\/deveho.com\/#\/schema\/logo\/image\/\",\"url\":\"https:\/\/deveho.com\/wp-content\/uploads\/2023\/02\/DEVEHO-LOGO-Baseline-COLOR.png\",\"contentUrl\":\"https:\/\/deveho.com\/wp-content\/uploads\/2023\/02\/DEVEHO-LOGO-Baseline-COLOR.png\",\"width\":2251,\"height\":585,\"caption\":\"Deveho Consulting Group\"},\"image\":{\"@id\":\"https:\/\/deveho.com\/#\/schema\/logo\/image\/\"},\"sameAs\":[\"https:\/\/www.facebook.com\/deveho\",\"https:\/\/x.com\/Deveho1\",\"https:\/\/www.linkedin.com\/company\/deveho-consulting\/\"]}]}<\/script>\n<!-- \/ Yoast SEO plugin. -->","yoast_head_json":{"title":"Sage Intacct solution - Customer accounting software - Deveho","description":"With Accounts Receivable, part of Sage Intacct solution, you can collect payments faster and improve your cash flow.","robots":{"index":"index","follow":"follow","max-snippet":"max-snippet:-1","max-image-preview":"max-image-preview:large","max-video-preview":"max-video-preview:-1"},"canonical":"https:\/\/deveho.com\/it\/prodotti\/sage-intacct-solution\/","og_locale":"it_IT","og_type":"article","og_title":"Sage Intacct solution - Customer accounting software - Deveho","og_description":"With Accounts Receivable, part of Sage Intacct solution, you can collect payments faster and improve your cash flow.","og_url":"https:\/\/deveho.com\/it\/prodotti\/sage-intacct-solution\/","og_site_name":"Deveho","article_publisher":"https:\/\/www.facebook.com\/deveho","article_modified_time":"2025-03-10T13:27:40+00:00","twitter_card":"summary_large_image","twitter_site":"@Deveho1","twitter_misc":{"Tempo di lettura stimato":"1 minuto"},"schema":{"@context":"https:\/\/schema.org","@graph":[{"@type":"WebPage","@id":"https:\/\/deveho.com\/it\/prodotti\/sage-intacct-solution\/","url":"https:\/\/deveho.com\/it\/prodotti\/sage-intacct-solution\/","name":"Sage Intacct solution - Customer accounting software - Deveho","isPartOf":{"@id":"https:\/\/deveho.com\/#website"},"datePublished":"2024-07-25T07:03:19+00:00","dateModified":"2025-03-10T13:27:40+00:00","description":"With Accounts Receivable, part of Sage Intacct solution, you can collect payments faster and improve your cash flow.","breadcrumb":{"@id":"https:\/\/deveho.com\/it\/prodotti\/sage-intacct-solution\/#breadcrumb"},"inLanguage":"it-IT","potentialAction":[{"@type":"ReadAction","target":["https:\/\/deveho.com\/it\/prodotti\/sage-intacct-solution\/"]}]},{"@type":"BreadcrumbList","@id":"https:\/\/deveho.com\/it\/prodotti\/sage-intacct-solution\/#breadcrumb","itemListElement":[{"@type":"ListItem","position":1,"name":"Home","item":"https:\/\/deveho.com\/it\/"},{"@type":"ListItem","position":2,"name":"Prodotti","item":"https:\/\/deveho.com\/it\/prodotti\/"},{"@type":"ListItem","position":3,"name":"Sage Intacct"}]},{"@type":"WebSite","@id":"https:\/\/deveho.com\/#website","url":"https:\/\/deveho.com\/","name":"Deveho Consulting Group","description":"Let\u2019s boost your growth","publisher":{"@id":"https:\/\/deveho.com\/#organization"},"potentialAction":[{"@type":"SearchAction","target":{"@type":"EntryPoint","urlTemplate":"https:\/\/deveho.com\/?s={search_term_string}"},"query-input":{"@type":"PropertyValueSpecification","valueRequired":true,"valueName":"search_term_string"}}],"inLanguage":"it-IT"},{"@type":"Organization","@id":"https:\/\/deveho.com\/#organization","name":"Deveho Consulting Group","url":"https:\/\/deveho.com\/","logo":{"@type":"ImageObject","inLanguage":"it-IT","@id":"https:\/\/deveho.com\/#\/schema\/logo\/image\/","url":"https:\/\/deveho.com\/wp-content\/uploads\/2023\/02\/DEVEHO-LOGO-Baseline-COLOR.png","contentUrl":"https:\/\/deveho.com\/wp-content\/uploads\/2023\/02\/DEVEHO-LOGO-Baseline-COLOR.png","width":2251,"height":585,"caption":"Deveho Consulting Group"},"image":{"@id":"https:\/\/deveho.com\/#\/schema\/logo\/image\/"},"sameAs":["https:\/\/www.facebook.com\/deveho","https:\/\/x.com\/Deveho1","https:\/\/www.linkedin.com\/company\/deveho-consulting\/"]}]}},"_links":{"self":[{"href":"https:\/\/deveho.com\/it\/wp-json\/wp\/v2\/pages\/33000"}],"collection":[{"href":"https:\/\/deveho.com\/it\/wp-json\/wp\/v2\/pages"}],"about":[{"href":"https:\/\/deveho.com\/it\/wp-json\/wp\/v2\/types\/page"}],"author":[{"embeddable":true,"href":"https:\/\/deveho.com\/it\/wp-json\/wp\/v2\/users\/34"}],"replies":[{"embeddable":true,"href":"https:\/\/deveho.com\/it\/wp-json\/wp\/v2\/comments?post=33000"}],"version-history":[{"count":5,"href":"https:\/\/deveho.com\/it\/wp-json\/wp\/v2\/pages\/33000\/revisions"}],"predecessor-version":[{"id":38762,"href":"https:\/\/deveho.com\/it\/wp-json\/wp\/v2\/pages\/33000\/revisions\/38762"}],"up":[{"embeddable":true,"href":"https:\/\/deveho.com\/it\/wp-json\/wp\/v2\/pages\/10242"}],"wp:attachment":[{"href":"https:\/\/deveho.com\/it\/wp-json\/wp\/v2\/media?parent=33000"}],"curies":[{"name":"wp","href":"https:\/\/api.w.org\/{rel}","templated":true}]}}