{"id":9082,"date":"2022-02-21T08:44:17","date_gmt":"2022-02-21T08:44:17","guid":{"rendered":"https:\/\/deveho2.sfdbeta.be\/prodotti-alimentari-e-bevande\/"},"modified":"2025-01-27T14:42:57","modified_gmt":"2025-01-27T12:42:57","slug":"prodotti-alimentari-e-bevande","status":"publish","type":"page","link":"https:\/\/deveho.com\/it\/settori\/prodotti-alimentari-e-bevande\/","title":{"rendered":"Settore Alimentare e Bevande"},"content":{"rendered":"<br \/>\n<h2>Sage X3 per le aziende del settore Alimentare e Bevande<\/h2>\n<p>Sage X3 \u00e8 costruito appositamente per l&#8217;industria alimentare e bevande. Sage X3 si concentra sulla riduzione al minimo degli sprechi e dei rischi, garantendo al contempo la qualit\u00e0, la tracciabilit\u00e0 e la sicurezza dei materiali.<\/p>\n<\/p>\n<h3>I tuoi <b><red>Benefici<\/red><\/b> <\/h3>\n<\/p>\n<p>Ottieni la conformit\u00e0, gestendo i costi<\/p>\n<p>Preparati a possibili ritorni<\/p>\n<p>Risparmia tempo (e denaro!) rimanendo conforme<\/p>\n<p>Ottieni una migliore visibilit\u00e0 sulle operazioni nel tuo settore alimentare e bevande<\/p>\n<p>Controlla i costi e riduci gli sprechi<\/p>\n<p>Ispira la fiducia dei consumatori con la tracciabilit\u00e0<\/p>\n<p>Minimizza gli sprechi per ridurre costi e rischi<\/p>\n<p>Accelera la conformit\u00e0<\/p>\n<h2><b>Sage X3<\/b> <b><red>Caratteristiche<\/b><\/red><\/h2>\n<h3><\/h3>\n<p><p>OPERAZIONI<\/p>\n<p>Approfitta delle soluzioni per la sicurezza alimentare, la tracciabilit\u00e0, la gestione dei richiami, la segnalazione degli allergeni e altro ancora.<\/p>\n<\/p>\n<h3><\/h3>\n<p><p>FILIERA DI APPROVVIGIONAMENTO<\/p>\n<p>Gestisci, collabora e assicurati la conformit\u00e0 nel tuo lavoro con i tuoi fornitori internazionali.<\/p>\n<\/p>\n<h3><\/h3>\n<p><p>MAGAZZINO E SCORTE<\/p>\n<p>Gestisci il monitoraggio dell&#8217;inventario alimentare e la redditivit\u00e0 dei prodotti, riduci la perdita di beni deperibili.<\/p>\n<\/p>\n<h3><\/h3>\n<p><p>CONTABILIT\u00c0 E FINANZA<\/p>\n<p>Gestire il flusso di cassa, la conformit\u00e0, la redditivit\u00e0, le immobilizzazioni e le procedure contabili.<\/p>\n<\/p>\n<h3><\/h3>\n<p><p>VENDITE E MARKETING<\/p>\n<p>Combina il CRM con la potenza delle applicazioni mobili per liberare il potenziale delle tue attivit\u00e0 di vendita e marketing.<\/p>\n<\/p>\n<h3><\/h3>\n<p><p>ASSISTENZA CLIENTI<\/p>\n<p>Ottieni un rapido accesso ai dati e la possibilit\u00e0 di gestire le richieste dei clienti.<\/p>\n<\/p>\n<h2><\/h2>\n<h3>Pagine Correlate<\/h3>\n<\/p>\n<h3><\/h3>\n<\/p>\n<h3><\/h3><\/p>\n","protected":false},"excerpt":{"rendered":"<p>Sage X3 per le aziende del settore Alimentare e Bevande Sage X3 \u00e8 costruito appositamente per l&#8217;industria alimentare e bevande. Sage X3 si concentra sulla riduzione al minimo degli sprechi e dei rischi, garantendo al contempo la qualit\u00e0, la tracciabilit\u00e0 e la sicurezza dei materiali. I tuoi Benefici Ottieni la conformit\u00e0, gestendo i costi Preparati [&hellip;]<\/p>\n","protected":false},"author":3,"featured_media":0,"parent":10230,"menu_order":0,"comment_status":"closed","ping_status":"closed","template":"templates\/template-inner.php","meta":{"_acf_changed":false,"footnotes":""},"class_list":["post-9082","page","type-page","status-publish","hentry"],"acf":[],"yoast_head":"<!-- This site is optimized with the Yoast SEO plugin v23.5 - https:\/\/yoast.com\/wordpress\/plugins\/seo\/ -->\n<title>Settore Alimentare e Bevande - Deveho<\/title>\n<meta name=\"robots\" content=\"index, follow, max-snippet:-1, max-image-preview:large, max-video-preview:-1\" \/>\n<link rel=\"canonical\" href=\"https:\/\/deveho.com\/it\/settori\/prodotti-alimentari-e-bevande\/\" \/>\n<meta property=\"og:locale\" content=\"it_IT\" \/>\n<meta property=\"og:type\" content=\"article\" \/>\n<meta property=\"og:title\" content=\"Settore Alimentare e Bevande - Deveho\" \/>\n<meta property=\"og:description\" content=\"Sage X3 per le aziende del settore Alimentare e Bevande Sage X3 \u00e8 costruito appositamente per l&#8217;industria alimentare e bevande. Sage X3 si concentra sulla riduzione al minimo degli sprechi e dei rischi, garantendo al contempo la qualit\u00e0, la tracciabilit\u00e0 e la sicurezza dei materiali. I tuoi Benefici Ottieni la conformit\u00e0, gestendo i costi Preparati [&hellip;]\" \/>\n<meta property=\"og:url\" content=\"https:\/\/deveho.com\/it\/settori\/prodotti-alimentari-e-bevande\/\" \/>\n<meta property=\"og:site_name\" content=\"Deveho\" \/>\n<meta property=\"article:publisher\" content=\"https:\/\/www.facebook.com\/deveho\" \/>\n<meta property=\"article:modified_time\" content=\"2025-01-27T12:42:57+00:00\" \/>\n<meta name=\"twitter:card\" content=\"summary_large_image\" \/>\n<meta name=\"twitter:site\" content=\"@Deveho1\" \/>\n<meta name=\"twitter:label1\" content=\"Tempo di lettura stimato\" \/>\n\t<meta name=\"twitter:data1\" content=\"1 minuto\" \/>\n<script type=\"application\/ld+json\" class=\"yoast-schema-graph\">{\"@context\":\"https:\/\/schema.org\",\"@graph\":[{\"@type\":\"WebPage\",\"@id\":\"https:\/\/deveho.com\/it\/settori\/prodotti-alimentari-e-bevande\/\",\"url\":\"https:\/\/deveho.com\/it\/settori\/prodotti-alimentari-e-bevande\/\",\"name\":\"Settore Alimentare e Bevande - Deveho\",\"isPartOf\":{\"@id\":\"https:\/\/deveho.com\/#website\"},\"datePublished\":\"2022-02-21T08:44:17+00:00\",\"dateModified\":\"2025-01-27T12:42:57+00:00\",\"breadcrumb\":{\"@id\":\"https:\/\/deveho.com\/it\/settori\/prodotti-alimentari-e-bevande\/#breadcrumb\"},\"inLanguage\":\"it-IT\",\"potentialAction\":[{\"@type\":\"ReadAction\",\"target\":[\"https:\/\/deveho.com\/it\/settori\/prodotti-alimentari-e-bevande\/\"]}]},{\"@type\":\"BreadcrumbList\",\"@id\":\"https:\/\/deveho.com\/it\/settori\/prodotti-alimentari-e-bevande\/#breadcrumb\",\"itemListElement\":[{\"@type\":\"ListItem\",\"position\":1,\"name\":\"Home\",\"item\":\"https:\/\/deveho.com\/it\/\"},{\"@type\":\"ListItem\",\"position\":2,\"name\":\"Settori\",\"item\":\"https:\/\/deveho.com\/it\/settori\/\"},{\"@type\":\"ListItem\",\"position\":3,\"name\":\"Settore Alimentare e Bevande\"}]},{\"@type\":\"WebSite\",\"@id\":\"https:\/\/deveho.com\/#website\",\"url\":\"https:\/\/deveho.com\/\",\"name\":\"Deveho Consulting Group\",\"description\":\"Let\u2019s boost your growth\",\"publisher\":{\"@id\":\"https:\/\/deveho.com\/#organization\"},\"potentialAction\":[{\"@type\":\"SearchAction\",\"target\":{\"@type\":\"EntryPoint\",\"urlTemplate\":\"https:\/\/deveho.com\/?s={search_term_string}\"},\"query-input\":{\"@type\":\"PropertyValueSpecification\",\"valueRequired\":true,\"valueName\":\"search_term_string\"}}],\"inLanguage\":\"it-IT\"},{\"@type\":\"Organization\",\"@id\":\"https:\/\/deveho.com\/#organization\",\"name\":\"Deveho Consulting Group\",\"url\":\"https:\/\/deveho.com\/\",\"logo\":{\"@type\":\"ImageObject\",\"inLanguage\":\"it-IT\",\"@id\":\"https:\/\/deveho.com\/#\/schema\/logo\/image\/\",\"url\":\"https:\/\/deveho.com\/wp-content\/uploads\/2023\/02\/DEVEHO-LOGO-Baseline-COLOR.png\",\"contentUrl\":\"https:\/\/deveho.com\/wp-content\/uploads\/2023\/02\/DEVEHO-LOGO-Baseline-COLOR.png\",\"width\":2251,\"height\":585,\"caption\":\"Deveho Consulting Group\"},\"image\":{\"@id\":\"https:\/\/deveho.com\/#\/schema\/logo\/image\/\"},\"sameAs\":[\"https:\/\/www.facebook.com\/deveho\",\"https:\/\/x.com\/Deveho1\",\"https:\/\/www.linkedin.com\/company\/deveho-consulting\/\"]}]}<\/script>\n<!-- \/ Yoast SEO plugin. -->","yoast_head_json":{"title":"Settore Alimentare e Bevande - Deveho","robots":{"index":"index","follow":"follow","max-snippet":"max-snippet:-1","max-image-preview":"max-image-preview:large","max-video-preview":"max-video-preview:-1"},"canonical":"https:\/\/deveho.com\/it\/settori\/prodotti-alimentari-e-bevande\/","og_locale":"it_IT","og_type":"article","og_title":"Settore Alimentare e Bevande - Deveho","og_description":"Sage X3 per le aziende del settore Alimentare e Bevande Sage X3 \u00e8 costruito appositamente per l&#8217;industria alimentare e bevande. Sage X3 si concentra sulla riduzione al minimo degli sprechi e dei rischi, garantendo al contempo la qualit\u00e0, la tracciabilit\u00e0 e la sicurezza dei materiali. I tuoi Benefici Ottieni la conformit\u00e0, gestendo i costi Preparati [&hellip;]","og_url":"https:\/\/deveho.com\/it\/settori\/prodotti-alimentari-e-bevande\/","og_site_name":"Deveho","article_publisher":"https:\/\/www.facebook.com\/deveho","article_modified_time":"2025-01-27T12:42:57+00:00","twitter_card":"summary_large_image","twitter_site":"@Deveho1","twitter_misc":{"Tempo di lettura stimato":"1 minuto"},"schema":{"@context":"https:\/\/schema.org","@graph":[{"@type":"WebPage","@id":"https:\/\/deveho.com\/it\/settori\/prodotti-alimentari-e-bevande\/","url":"https:\/\/deveho.com\/it\/settori\/prodotti-alimentari-e-bevande\/","name":"Settore Alimentare e Bevande - Deveho","isPartOf":{"@id":"https:\/\/deveho.com\/#website"},"datePublished":"2022-02-21T08:44:17+00:00","dateModified":"2025-01-27T12:42:57+00:00","breadcrumb":{"@id":"https:\/\/deveho.com\/it\/settori\/prodotti-alimentari-e-bevande\/#breadcrumb"},"inLanguage":"it-IT","potentialAction":[{"@type":"ReadAction","target":["https:\/\/deveho.com\/it\/settori\/prodotti-alimentari-e-bevande\/"]}]},{"@type":"BreadcrumbList","@id":"https:\/\/deveho.com\/it\/settori\/prodotti-alimentari-e-bevande\/#breadcrumb","itemListElement":[{"@type":"ListItem","position":1,"name":"Home","item":"https:\/\/deveho.com\/it\/"},{"@type":"ListItem","position":2,"name":"Settori","item":"https:\/\/deveho.com\/it\/settori\/"},{"@type":"ListItem","position":3,"name":"Settore Alimentare e Bevande"}]},{"@type":"WebSite","@id":"https:\/\/deveho.com\/#website","url":"https:\/\/deveho.com\/","name":"Deveho Consulting Group","description":"Let\u2019s boost your growth","publisher":{"@id":"https:\/\/deveho.com\/#organization"},"potentialAction":[{"@type":"SearchAction","target":{"@type":"EntryPoint","urlTemplate":"https:\/\/deveho.com\/?s={search_term_string}"},"query-input":{"@type":"PropertyValueSpecification","valueRequired":true,"valueName":"search_term_string"}}],"inLanguage":"it-IT"},{"@type":"Organization","@id":"https:\/\/deveho.com\/#organization","name":"Deveho Consulting Group","url":"https:\/\/deveho.com\/","logo":{"@type":"ImageObject","inLanguage":"it-IT","@id":"https:\/\/deveho.com\/#\/schema\/logo\/image\/","url":"https:\/\/deveho.com\/wp-content\/uploads\/2023\/02\/DEVEHO-LOGO-Baseline-COLOR.png","contentUrl":"https:\/\/deveho.com\/wp-content\/uploads\/2023\/02\/DEVEHO-LOGO-Baseline-COLOR.png","width":2251,"height":585,"caption":"Deveho Consulting Group"},"image":{"@id":"https:\/\/deveho.com\/#\/schema\/logo\/image\/"},"sameAs":["https:\/\/www.facebook.com\/deveho","https:\/\/x.com\/Deveho1","https:\/\/www.linkedin.com\/company\/deveho-consulting\/"]}]}},"_links":{"self":[{"href":"https:\/\/deveho.com\/it\/wp-json\/wp\/v2\/pages\/9082"}],"collection":[{"href":"https:\/\/deveho.com\/it\/wp-json\/wp\/v2\/pages"}],"about":[{"href":"https:\/\/deveho.com\/it\/wp-json\/wp\/v2\/types\/page"}],"author":[{"embeddable":true,"href":"https:\/\/deveho.com\/it\/wp-json\/wp\/v2\/users\/3"}],"replies":[{"embeddable":true,"href":"https:\/\/deveho.com\/it\/wp-json\/wp\/v2\/comments?post=9082"}],"version-history":[{"count":3,"href":"https:\/\/deveho.com\/it\/wp-json\/wp\/v2\/pages\/9082\/revisions"}],"predecessor-version":[{"id":37104,"href":"https:\/\/deveho.com\/it\/wp-json\/wp\/v2\/pages\/9082\/revisions\/37104"}],"up":[{"embeddable":true,"href":"https:\/\/deveho.com\/it\/wp-json\/wp\/v2\/pages\/10230"}],"wp:attachment":[{"href":"https:\/\/deveho.com\/it\/wp-json\/wp\/v2\/media?parent=9082"}],"curies":[{"name":"wp","href":"https:\/\/api.w.org\/{rel}","templated":true}]}}