{"id":9085,"date":"2022-02-21T13:13:39","date_gmt":"2022-02-21T13:13:39","guid":{"rendered":"https:\/\/deveho2.sfdbeta.be\/servizi-professionali\/"},"modified":"2022-10-28T10:04:15","modified_gmt":"2022-10-28T08:04:15","slug":"servizi-professionali","status":"publish","type":"page","link":"https:\/\/deveho.com\/it\/settori\/servizi-professionali\/","title":{"rendered":"Servizi professionali"},"content":{"rendered":"<br \/>\n<h3>I tuoi <b><red>Benefici<\/b><\/red>   <\/h3>\n<p><p>Sage X3 serve a semplificare la gestione delle attivit\u00e0 di servizio ed a monitorare da vicino gli aspetti operativi, commerciali e finanziari dei progetti. Pi\u00f9 in generale, Sage X3 pu\u00f2 essere utilizzato per gestire l&#8217;intero ciclo di vita del progetto (offerta, lancio, allocazione, monitoraggio, analisi periodica, fatturazione e contabilit\u00e0) e per reagire rapidamente ai cambiamenti del mercato, consentendo di concentrarsi sulla qualit\u00e0 del esperienza del cliente.<\/p>\n<\/p>\n<p>Rispondi pi\u00f9 rapidamente alle richieste dei clienti con informazioni accurate sui costi e sui prezzi del progetto.<\/p>\n<p>Tieni traccia del tempo e delle spese sostenute tramite dispositivi mobili per ottenere una panoramica in tempo reale delle attivit\u00e0 svolte.<\/p>\n<p>Migliora i processi contabili attraverso la creazione automatizzata di fatture clienti, voci di riconoscimento dei ricavi e rettifiche di budget.<\/p>\n<p>Aumenta l&#8217;agilit\u00e0 e la flessibilit\u00e0 del business<\/p>\n<p>A prova di futuro per la tua attivit\u00e0 di servizi<\/p>\n<p>Migliora il flusso di cassa nella tua attivit\u00e0 di servizi<\/p>\n<h2><b>Sage X3<\/b> <b><red>Caratteristiche<\/b><\/red><\/h2>\n<h3><\/h3>\n<p><p>Pi\u00f9 modelli di progetto<\/p>\n<\/p>\n<h3><\/h3>\n<p><p>Ciclo di vita completo della gestione del progetto<\/p>\n<\/p>\n<h3><\/h3>\n<p><p>Calcolo automatico di un prezzo consigliato<\/p>\n<\/p>\n<h3><\/h3>\n<p><p>Previsione del budget per attivit\u00e0 e per progetto<\/p>\n<\/p>\n<h3><\/h3>\n<p><p>Registrazione di tutte le revisioni e degli adeguamenti del progetto<\/p>\n<\/p>\n<h3><\/h3>\n<p><p>Molteplici metodi di fatturazione<\/p>\n<\/p>\n<h2><\/h2>\n<h3>Pagine Correlate<\/h3>\n<\/p>\n<h3><\/h3>\n<\/p>\n<h3><\/h3><\/p>\n","protected":false},"excerpt":{"rendered":"<p>I tuoi Benefici Sage X3 serve a semplificare la gestione delle attivit\u00e0 di servizio ed a monitorare da vicino gli aspetti operativi, commerciali e finanziari dei progetti. Pi\u00f9 in generale, Sage X3 pu\u00f2 essere utilizzato per gestire l&#8217;intero ciclo di vita del progetto (offerta, lancio, allocazione, monitoraggio, analisi periodica, fatturazione e contabilit\u00e0) e per reagire [&hellip;]<\/p>\n","protected":false},"author":3,"featured_media":0,"parent":10230,"menu_order":0,"comment_status":"closed","ping_status":"closed","template":"templates\/template-inner.php","meta":{"_acf_changed":false,"footnotes":""},"class_list":["post-9085","page","type-page","status-publish","hentry"],"acf":[],"yoast_head":"<!-- This site is optimized with the Yoast SEO plugin v23.5 - https:\/\/yoast.com\/wordpress\/plugins\/seo\/ -->\n<title>Servizi professionali - Deveho<\/title>\n<meta name=\"robots\" content=\"index, follow, max-snippet:-1, max-image-preview:large, max-video-preview:-1\" \/>\n<link rel=\"canonical\" href=\"https:\/\/deveho.com\/sectors\/professional-services\/\" \/>\n<meta property=\"og:locale\" content=\"it_IT\" \/>\n<meta property=\"og:type\" content=\"article\" \/>\n<meta property=\"og:title\" content=\"Servizi professionali - Deveho\" \/>\n<meta property=\"og:description\" content=\"I tuoi Benefici Sage X3 serve a semplificare la gestione delle attivit\u00e0 di servizio ed a monitorare da vicino gli aspetti operativi, commerciali e finanziari dei progetti. Pi\u00f9 in generale, Sage X3 pu\u00f2 essere utilizzato per gestire l&#8217;intero ciclo di vita del progetto (offerta, lancio, allocazione, monitoraggio, analisi periodica, fatturazione e contabilit\u00e0) e per reagire [&hellip;]\" \/>\n<meta property=\"og:url\" content=\"https:\/\/deveho.com\/sectors\/professional-services\/\" \/>\n<meta property=\"og:site_name\" content=\"Deveho\" \/>\n<meta property=\"article:publisher\" content=\"https:\/\/www.facebook.com\/deveho\" \/>\n<meta property=\"article:modified_time\" content=\"2022-10-28T08:04:15+00:00\" \/>\n<meta name=\"twitter:card\" content=\"summary_large_image\" \/>\n<meta name=\"twitter:site\" content=\"@Deveho1\" \/>\n<meta name=\"twitter:label1\" content=\"Tempo di lettura stimato\" \/>\n\t<meta name=\"twitter:data1\" content=\"1 minuto\" \/>\n<script type=\"application\/ld+json\" class=\"yoast-schema-graph\">{\"@context\":\"https:\/\/schema.org\",\"@graph\":[{\"@type\":\"WebPage\",\"@id\":\"https:\/\/deveho.com\/sectors\/professional-services\/\",\"url\":\"https:\/\/deveho.com\/sectors\/professional-services\/\",\"name\":\"Servizi professionali - Deveho\",\"isPartOf\":{\"@id\":\"https:\/\/deveho.com\/#website\"},\"datePublished\":\"2022-02-21T13:13:39+00:00\",\"dateModified\":\"2022-10-28T08:04:15+00:00\",\"breadcrumb\":{\"@id\":\"https:\/\/deveho.com\/sectors\/professional-services\/#breadcrumb\"},\"inLanguage\":\"it-IT\",\"potentialAction\":[{\"@type\":\"ReadAction\",\"target\":[\"https:\/\/deveho.com\/sectors\/professional-services\/\"]}]},{\"@type\":\"BreadcrumbList\",\"@id\":\"https:\/\/deveho.com\/sectors\/professional-services\/#breadcrumb\",\"itemListElement\":[{\"@type\":\"ListItem\",\"position\":1,\"name\":\"Home\",\"item\":\"https:\/\/deveho.com\/it\/\"},{\"@type\":\"ListItem\",\"position\":2,\"name\":\"Settori\",\"item\":\"https:\/\/deveho.com\/it\/settori\/\"},{\"@type\":\"ListItem\",\"position\":3,\"name\":\"Servizi professionali\"}]},{\"@type\":\"WebSite\",\"@id\":\"https:\/\/deveho.com\/#website\",\"url\":\"https:\/\/deveho.com\/\",\"name\":\"Deveho Consulting Group\",\"description\":\"Let\u2019s boost your growth\",\"publisher\":{\"@id\":\"https:\/\/deveho.com\/#organization\"},\"potentialAction\":[{\"@type\":\"SearchAction\",\"target\":{\"@type\":\"EntryPoint\",\"urlTemplate\":\"https:\/\/deveho.com\/?s={search_term_string}\"},\"query-input\":{\"@type\":\"PropertyValueSpecification\",\"valueRequired\":true,\"valueName\":\"search_term_string\"}}],\"inLanguage\":\"it-IT\"},{\"@type\":\"Organization\",\"@id\":\"https:\/\/deveho.com\/#organization\",\"name\":\"Deveho Consulting Group\",\"url\":\"https:\/\/deveho.com\/\",\"logo\":{\"@type\":\"ImageObject\",\"inLanguage\":\"it-IT\",\"@id\":\"https:\/\/deveho.com\/#\/schema\/logo\/image\/\",\"url\":\"https:\/\/deveho.com\/wp-content\/uploads\/2023\/02\/DEVEHO-LOGO-Baseline-COLOR.png\",\"contentUrl\":\"https:\/\/deveho.com\/wp-content\/uploads\/2023\/02\/DEVEHO-LOGO-Baseline-COLOR.png\",\"width\":2251,\"height\":585,\"caption\":\"Deveho Consulting Group\"},\"image\":{\"@id\":\"https:\/\/deveho.com\/#\/schema\/logo\/image\/\"},\"sameAs\":[\"https:\/\/www.facebook.com\/deveho\",\"https:\/\/x.com\/Deveho1\",\"https:\/\/www.linkedin.com\/company\/deveho-consulting\/\"]}]}<\/script>\n<!-- \/ Yoast SEO plugin. -->","yoast_head_json":{"title":"Servizi professionali - Deveho","robots":{"index":"index","follow":"follow","max-snippet":"max-snippet:-1","max-image-preview":"max-image-preview:large","max-video-preview":"max-video-preview:-1"},"canonical":"https:\/\/deveho.com\/sectors\/professional-services\/","og_locale":"it_IT","og_type":"article","og_title":"Servizi professionali - Deveho","og_description":"I tuoi Benefici Sage X3 serve a semplificare la gestione delle attivit\u00e0 di servizio ed a monitorare da vicino gli aspetti operativi, commerciali e finanziari dei progetti. Pi\u00f9 in generale, Sage X3 pu\u00f2 essere utilizzato per gestire l&#8217;intero ciclo di vita del progetto (offerta, lancio, allocazione, monitoraggio, analisi periodica, fatturazione e contabilit\u00e0) e per reagire [&hellip;]","og_url":"https:\/\/deveho.com\/sectors\/professional-services\/","og_site_name":"Deveho","article_publisher":"https:\/\/www.facebook.com\/deveho","article_modified_time":"2022-10-28T08:04:15+00:00","twitter_card":"summary_large_image","twitter_site":"@Deveho1","twitter_misc":{"Tempo di lettura stimato":"1 minuto"},"schema":{"@context":"https:\/\/schema.org","@graph":[{"@type":"WebPage","@id":"https:\/\/deveho.com\/sectors\/professional-services\/","url":"https:\/\/deveho.com\/sectors\/professional-services\/","name":"Servizi professionali - Deveho","isPartOf":{"@id":"https:\/\/deveho.com\/#website"},"datePublished":"2022-02-21T13:13:39+00:00","dateModified":"2022-10-28T08:04:15+00:00","breadcrumb":{"@id":"https:\/\/deveho.com\/sectors\/professional-services\/#breadcrumb"},"inLanguage":"it-IT","potentialAction":[{"@type":"ReadAction","target":["https:\/\/deveho.com\/sectors\/professional-services\/"]}]},{"@type":"BreadcrumbList","@id":"https:\/\/deveho.com\/sectors\/professional-services\/#breadcrumb","itemListElement":[{"@type":"ListItem","position":1,"name":"Home","item":"https:\/\/deveho.com\/it\/"},{"@type":"ListItem","position":2,"name":"Settori","item":"https:\/\/deveho.com\/it\/settori\/"},{"@type":"ListItem","position":3,"name":"Servizi professionali"}]},{"@type":"WebSite","@id":"https:\/\/deveho.com\/#website","url":"https:\/\/deveho.com\/","name":"Deveho Consulting Group","description":"Let\u2019s boost your growth","publisher":{"@id":"https:\/\/deveho.com\/#organization"},"potentialAction":[{"@type":"SearchAction","target":{"@type":"EntryPoint","urlTemplate":"https:\/\/deveho.com\/?s={search_term_string}"},"query-input":{"@type":"PropertyValueSpecification","valueRequired":true,"valueName":"search_term_string"}}],"inLanguage":"it-IT"},{"@type":"Organization","@id":"https:\/\/deveho.com\/#organization","name":"Deveho Consulting Group","url":"https:\/\/deveho.com\/","logo":{"@type":"ImageObject","inLanguage":"it-IT","@id":"https:\/\/deveho.com\/#\/schema\/logo\/image\/","url":"https:\/\/deveho.com\/wp-content\/uploads\/2023\/02\/DEVEHO-LOGO-Baseline-COLOR.png","contentUrl":"https:\/\/deveho.com\/wp-content\/uploads\/2023\/02\/DEVEHO-LOGO-Baseline-COLOR.png","width":2251,"height":585,"caption":"Deveho Consulting Group"},"image":{"@id":"https:\/\/deveho.com\/#\/schema\/logo\/image\/"},"sameAs":["https:\/\/www.facebook.com\/deveho","https:\/\/x.com\/Deveho1","https:\/\/www.linkedin.com\/company\/deveho-consulting\/"]}]}},"_links":{"self":[{"href":"https:\/\/deveho.com\/it\/wp-json\/wp\/v2\/pages\/9085"}],"collection":[{"href":"https:\/\/deveho.com\/it\/wp-json\/wp\/v2\/pages"}],"about":[{"href":"https:\/\/deveho.com\/it\/wp-json\/wp\/v2\/types\/page"}],"author":[{"embeddable":true,"href":"https:\/\/deveho.com\/it\/wp-json\/wp\/v2\/users\/3"}],"replies":[{"embeddable":true,"href":"https:\/\/deveho.com\/it\/wp-json\/wp\/v2\/comments?post=9085"}],"version-history":[{"count":0,"href":"https:\/\/deveho.com\/it\/wp-json\/wp\/v2\/pages\/9085\/revisions"}],"up":[{"embeddable":true,"href":"https:\/\/deveho.com\/it\/wp-json\/wp\/v2\/pages\/10230"}],"wp:attachment":[{"href":"https:\/\/deveho.com\/it\/wp-json\/wp\/v2\/media?parent=9085"}],"curies":[{"name":"wp","href":"https:\/\/api.w.org\/{rel}","templated":true}]}}