{"id":9088,"date":"2022-02-21T15:16:52","date_gmt":"2022-02-21T15:16:52","guid":{"rendered":"https:\/\/deveho2.sfdbeta.be\/settore-chimico-e-farmaceutico\/"},"modified":"2023-11-17T13:58:46","modified_gmt":"2023-11-17T11:58:46","slug":"settore-chimico-e-farmaceutico","status":"publish","type":"page","link":"https:\/\/deveho.com\/it\/settori\/settore-chimico-e-farmaceutico\/","title":{"rendered":"Settore Chimico e Farmaceutico"},"content":{"rendered":"<br \/>\n<h2>Sage X3 per l&#8217;Industria Chimica<\/h2>\n<p>Sage X3 offre funzionalit\u00e0 integrate come controllo qualit\u00e0, rispetto delle normative, e monitoraggio dei lotti per aiutare le aziende dell&#8217;industria chimica a mantenere i profitti e ad adattarsi a un futuro incerto.<\/p>\n<\/p>\n<h3>I tuoi <b><red>Benefici<\/b><\/red>   <\/h3>\n<p><p>Sage X3 \u00e8 una soluzione di gestione aziendale di nuova generazione progettata specificamente per soddisfare le esigenze dei produttori dell&#8217;industria chimica. Riunisce tutti i tuoi dati critici, riducendo le inefficienze dell&#8217;esecuzione di sistemi discreti di laboratorio, filiera di approvvigionamento, produzione e finanziaria.<br \/>\nSage X3 offre funzionalit\u00e0 integrate come controllo qualit\u00e0, rispetto delle normative, e monitoraggio dei lotti per aiutare le aziende dell&#8217;industria chimica a mantenere i profitti e ad adattarsi a un futuro incerto. <\/p>\n<p>&#8211; Ottimizzazione delle forniture<br \/>\n&#8211; Conformit\u00e0 infallibile a tutti i livelli<br \/>\n&#8211; Accedi ai tuoi dati sempre e ovunque<br \/>\n &#8211; Coerenza di prodotti e processi<\/p>\n<\/p>\n<p>Ottimizzazione dell&#8217;offerta<\/p>\n<p>Coerenza di prodotto e processo<\/p>\n<p>Completa conformit\u00e0 globale<\/p>\n<p>Maggiore reattivit\u00e0<\/p>\n<p>Rischio ridotto<\/p>\n<p>Riduzione di costi e sprechi<\/p>\n<p>Accesso ovunque e in qualsiasi momento <\/p>\n<h2><b>Sage X3<\/b> <b><red>Caratteristiche<\/b><\/red><\/h2>\n<h3><\/h3>\n<p><p>Ottimizzazione delle forniture<\/p>\n<p>Rispondi pi\u00f9 rapidamente alle diverse richieste dei tuoi clienti e gestisci meglio gli imprevisti negli acquisti, nella produzione e nella spedizione.<\/p>\n<\/p>\n<h3><\/h3>\n<p><p>Coerenza di prodotti e processi<\/p>\n<p>Assicurati che la tecnologia sia sempre al servizio della qualit\u00e0, della sicurezza e dell&#8217;efficacia dei tuoi prodotti, offrendoti la flessibilit\u00e0 necessaria per cogliere ogni opportunit\u00e0.<\/p>\n<\/p>\n<h3><\/h3>\n<p><p>Conformit\u00e0 infallibile a tutti i livelli<\/p>\n<p>Verifica che il sistema incorpori efficacemente la complessit\u00e0 di leggi e regolamenti internazionali per semplificare la conformit\u00e0, indipendentemente da valute, regioni e standard.<\/p>\n<\/p>\n<h3><\/h3>\n<p><p>Accedi ai tuoi dati sempre e ovunque<\/p>\n<p>Scegli una soluzione veloce da implementare e facile da gestire, che faciliti le tue attivit\u00e0 di gestione grazie a un&#8217;interfaccia web accessibile da qualsiasi dispositivo connesso.<\/p>\n<\/p>\n<h2><\/h2>\n<h3>Pagine Correlate<\/h3>\n<\/p>\n<h3><\/h3>\n<\/p>\n<h3><\/h3><\/p>\n","protected":false},"excerpt":{"rendered":"<p>Gestire un&#8217;attivit\u00e0 del settore chimico pu\u00f2 essere complesso. Nel Sistema Globale Armonizzato, le questioni relative alla spedizione e al trasporto, alla sicurezza sul lavoro e ad altri aspetti sono tutte sfide da affrontare quotidianamente. Per resistere alla pressione della concorrenza e ottimizzare le tue risorse pi\u00f9 preziose, hai bisogno di una soluzione che semplifichi radicalmente le tue operazioni, piuttosto che aggiungere sistemi pi\u00f9 complessi e processi rigidi.<\/p>\n","protected":false},"author":3,"featured_media":0,"parent":10230,"menu_order":0,"comment_status":"closed","ping_status":"closed","template":"templates\/template-inner.php","meta":{"_acf_changed":false,"footnotes":""},"class_list":["post-9088","page","type-page","status-publish","hentry"],"acf":[],"yoast_head":"<!-- This site is optimized with the Yoast SEO plugin v23.5 - https:\/\/yoast.com\/wordpress\/plugins\/seo\/ -->\n<title>Settore Chimico e Farmaceutico - Deveho<\/title>\n<meta name=\"robots\" content=\"index, follow, max-snippet:-1, max-image-preview:large, max-video-preview:-1\" \/>\n<link rel=\"canonical\" href=\"https:\/\/deveho.com\/sectors\/chemicals-pharmacy\/\" \/>\n<meta property=\"og:locale\" content=\"it_IT\" \/>\n<meta property=\"og:type\" content=\"article\" \/>\n<meta property=\"og:title\" content=\"Settore Chimico e Farmaceutico - Deveho\" \/>\n<meta property=\"og:description\" content=\"Gestire un&#039;attivit\u00e0 del settore chimico pu\u00f2 essere complesso. Nel Sistema Globale Armonizzato, le questioni relative alla spedizione e al trasporto, alla sicurezza sul lavoro e ad altri aspetti sono tutte sfide da affrontare quotidianamente. Per resistere alla pressione della concorrenza e ottimizzare le tue risorse pi\u00f9 preziose, hai bisogno di una soluzione che semplifichi radicalmente le tue operazioni, piuttosto che aggiungere sistemi pi\u00f9 complessi e processi rigidi.\" \/>\n<meta property=\"og:url\" content=\"https:\/\/deveho.com\/sectors\/chemicals-pharmacy\/\" \/>\n<meta property=\"og:site_name\" content=\"Deveho\" \/>\n<meta property=\"article:publisher\" content=\"https:\/\/www.facebook.com\/deveho\" \/>\n<meta property=\"article:modified_time\" content=\"2023-11-17T11:58:46+00:00\" \/>\n<meta name=\"twitter:card\" content=\"summary_large_image\" \/>\n<meta name=\"twitter:site\" content=\"@Deveho1\" \/>\n<meta name=\"twitter:label1\" content=\"Tempo di lettura stimato\" \/>\n\t<meta name=\"twitter:data1\" content=\"2 minuti\" \/>\n<script type=\"application\/ld+json\" class=\"yoast-schema-graph\">{\"@context\":\"https:\/\/schema.org\",\"@graph\":[{\"@type\":\"WebPage\",\"@id\":\"https:\/\/deveho.com\/sectors\/chemicals-pharmacy\/\",\"url\":\"https:\/\/deveho.com\/sectors\/chemicals-pharmacy\/\",\"name\":\"Settore Chimico e Farmaceutico - Deveho\",\"isPartOf\":{\"@id\":\"https:\/\/deveho.com\/#website\"},\"datePublished\":\"2022-02-21T15:16:52+00:00\",\"dateModified\":\"2023-11-17T11:58:46+00:00\",\"breadcrumb\":{\"@id\":\"https:\/\/deveho.com\/sectors\/chemicals-pharmacy\/#breadcrumb\"},\"inLanguage\":\"it-IT\",\"potentialAction\":[{\"@type\":\"ReadAction\",\"target\":[\"https:\/\/deveho.com\/sectors\/chemicals-pharmacy\/\"]}]},{\"@type\":\"BreadcrumbList\",\"@id\":\"https:\/\/deveho.com\/sectors\/chemicals-pharmacy\/#breadcrumb\",\"itemListElement\":[{\"@type\":\"ListItem\",\"position\":1,\"name\":\"Home\",\"item\":\"https:\/\/deveho.com\/it\/\"},{\"@type\":\"ListItem\",\"position\":2,\"name\":\"Settori\",\"item\":\"https:\/\/deveho.com\/it\/settori\/\"},{\"@type\":\"ListItem\",\"position\":3,\"name\":\"Settore Chimico e Farmaceutico\"}]},{\"@type\":\"WebSite\",\"@id\":\"https:\/\/deveho.com\/#website\",\"url\":\"https:\/\/deveho.com\/\",\"name\":\"Deveho Consulting Group\",\"description\":\"Let\u2019s boost your growth\",\"publisher\":{\"@id\":\"https:\/\/deveho.com\/#organization\"},\"potentialAction\":[{\"@type\":\"SearchAction\",\"target\":{\"@type\":\"EntryPoint\",\"urlTemplate\":\"https:\/\/deveho.com\/?s={search_term_string}\"},\"query-input\":{\"@type\":\"PropertyValueSpecification\",\"valueRequired\":true,\"valueName\":\"search_term_string\"}}],\"inLanguage\":\"it-IT\"},{\"@type\":\"Organization\",\"@id\":\"https:\/\/deveho.com\/#organization\",\"name\":\"Deveho Consulting Group\",\"url\":\"https:\/\/deveho.com\/\",\"logo\":{\"@type\":\"ImageObject\",\"inLanguage\":\"it-IT\",\"@id\":\"https:\/\/deveho.com\/#\/schema\/logo\/image\/\",\"url\":\"https:\/\/deveho.com\/wp-content\/uploads\/2023\/02\/DEVEHO-LOGO-Baseline-COLOR.png\",\"contentUrl\":\"https:\/\/deveho.com\/wp-content\/uploads\/2023\/02\/DEVEHO-LOGO-Baseline-COLOR.png\",\"width\":2251,\"height\":585,\"caption\":\"Deveho Consulting Group\"},\"image\":{\"@id\":\"https:\/\/deveho.com\/#\/schema\/logo\/image\/\"},\"sameAs\":[\"https:\/\/www.facebook.com\/deveho\",\"https:\/\/x.com\/Deveho1\",\"https:\/\/www.linkedin.com\/company\/deveho-consulting\/\"]}]}<\/script>\n<!-- \/ Yoast SEO plugin. -->","yoast_head_json":{"title":"Settore Chimico e Farmaceutico - Deveho","robots":{"index":"index","follow":"follow","max-snippet":"max-snippet:-1","max-image-preview":"max-image-preview:large","max-video-preview":"max-video-preview:-1"},"canonical":"https:\/\/deveho.com\/sectors\/chemicals-pharmacy\/","og_locale":"it_IT","og_type":"article","og_title":"Settore Chimico e Farmaceutico - Deveho","og_description":"Gestire un'attivit\u00e0 del settore chimico pu\u00f2 essere complesso. Nel Sistema Globale Armonizzato, le questioni relative alla spedizione e al trasporto, alla sicurezza sul lavoro e ad altri aspetti sono tutte sfide da affrontare quotidianamente. Per resistere alla pressione della concorrenza e ottimizzare le tue risorse pi\u00f9 preziose, hai bisogno di una soluzione che semplifichi radicalmente le tue operazioni, piuttosto che aggiungere sistemi pi\u00f9 complessi e processi rigidi.","og_url":"https:\/\/deveho.com\/sectors\/chemicals-pharmacy\/","og_site_name":"Deveho","article_publisher":"https:\/\/www.facebook.com\/deveho","article_modified_time":"2023-11-17T11:58:46+00:00","twitter_card":"summary_large_image","twitter_site":"@Deveho1","twitter_misc":{"Tempo di lettura stimato":"2 minuti"},"schema":{"@context":"https:\/\/schema.org","@graph":[{"@type":"WebPage","@id":"https:\/\/deveho.com\/sectors\/chemicals-pharmacy\/","url":"https:\/\/deveho.com\/sectors\/chemicals-pharmacy\/","name":"Settore Chimico e Farmaceutico - Deveho","isPartOf":{"@id":"https:\/\/deveho.com\/#website"},"datePublished":"2022-02-21T15:16:52+00:00","dateModified":"2023-11-17T11:58:46+00:00","breadcrumb":{"@id":"https:\/\/deveho.com\/sectors\/chemicals-pharmacy\/#breadcrumb"},"inLanguage":"it-IT","potentialAction":[{"@type":"ReadAction","target":["https:\/\/deveho.com\/sectors\/chemicals-pharmacy\/"]}]},{"@type":"BreadcrumbList","@id":"https:\/\/deveho.com\/sectors\/chemicals-pharmacy\/#breadcrumb","itemListElement":[{"@type":"ListItem","position":1,"name":"Home","item":"https:\/\/deveho.com\/it\/"},{"@type":"ListItem","position":2,"name":"Settori","item":"https:\/\/deveho.com\/it\/settori\/"},{"@type":"ListItem","position":3,"name":"Settore Chimico e Farmaceutico"}]},{"@type":"WebSite","@id":"https:\/\/deveho.com\/#website","url":"https:\/\/deveho.com\/","name":"Deveho Consulting Group","description":"Let\u2019s boost your growth","publisher":{"@id":"https:\/\/deveho.com\/#organization"},"potentialAction":[{"@type":"SearchAction","target":{"@type":"EntryPoint","urlTemplate":"https:\/\/deveho.com\/?s={search_term_string}"},"query-input":{"@type":"PropertyValueSpecification","valueRequired":true,"valueName":"search_term_string"}}],"inLanguage":"it-IT"},{"@type":"Organization","@id":"https:\/\/deveho.com\/#organization","name":"Deveho Consulting Group","url":"https:\/\/deveho.com\/","logo":{"@type":"ImageObject","inLanguage":"it-IT","@id":"https:\/\/deveho.com\/#\/schema\/logo\/image\/","url":"https:\/\/deveho.com\/wp-content\/uploads\/2023\/02\/DEVEHO-LOGO-Baseline-COLOR.png","contentUrl":"https:\/\/deveho.com\/wp-content\/uploads\/2023\/02\/DEVEHO-LOGO-Baseline-COLOR.png","width":2251,"height":585,"caption":"Deveho Consulting Group"},"image":{"@id":"https:\/\/deveho.com\/#\/schema\/logo\/image\/"},"sameAs":["https:\/\/www.facebook.com\/deveho","https:\/\/x.com\/Deveho1","https:\/\/www.linkedin.com\/company\/deveho-consulting\/"]}]}},"_links":{"self":[{"href":"https:\/\/deveho.com\/it\/wp-json\/wp\/v2\/pages\/9088"}],"collection":[{"href":"https:\/\/deveho.com\/it\/wp-json\/wp\/v2\/pages"}],"about":[{"href":"https:\/\/deveho.com\/it\/wp-json\/wp\/v2\/types\/page"}],"author":[{"embeddable":true,"href":"https:\/\/deveho.com\/it\/wp-json\/wp\/v2\/users\/3"}],"replies":[{"embeddable":true,"href":"https:\/\/deveho.com\/it\/wp-json\/wp\/v2\/comments?post=9088"}],"version-history":[{"count":0,"href":"https:\/\/deveho.com\/it\/wp-json\/wp\/v2\/pages\/9088\/revisions"}],"up":[{"embeddable":true,"href":"https:\/\/deveho.com\/it\/wp-json\/wp\/v2\/pages\/10230"}],"wp:attachment":[{"href":"https:\/\/deveho.com\/it\/wp-json\/wp\/v2\/media?parent=9088"}],"curies":[{"name":"wp","href":"https:\/\/api.w.org\/{rel}","templated":true}]}}