{"id":9102,"date":"2022-02-22T10:38:40","date_gmt":"2022-02-22T10:38:40","guid":{"rendered":"https:\/\/deveho2.sfdbeta.be\/industria\/"},"modified":"2022-10-27T17:14:19","modified_gmt":"2022-10-27T15:14:19","slug":"industria","status":"publish","type":"page","link":"https:\/\/deveho.com\/it\/settori\/industria\/","title":{"rendered":"Industria"},"content":{"rendered":"<br \/>\n<h3>I tuoi <b><red>Benefici<\/b><\/red>   <\/h3>\n<p><p>Sage X3 gestisce tutte le tue attivit\u00e0 (acquisti, magazzinaggio, vendite e aspetti finanziari) in modo pi\u00f9 rapido ed efficiente e fa pi\u00f9 luce su costi e margini. Il risultato sono processi di vendita pi\u00f9 snelli, un aumento dei ricavi, una panoramica pi\u00f9 accurata delle scorte e una migliore pianificazione della domanda.<\/p>\n<p>&#8211; High-Tech<br \/>\n&#8211; Attrezzature industriali<br \/>\n&#8211; Dispositivi medici<br \/>\n&#8211; Fabbricazioni in metallo<\/p>\n<\/p>\n<p>Rispondi pi\u00f9 rapidamente alle mutevoli richieste dei clienti e gestisci meglio le fluttuazioni.<\/p>\n<p>Adattati rapidamente alle nuove normative e ai requisiti di conformit\u00e0.<\/p>\n<p>Riduci al minimo gli sprechi, i rischi di contaminazione incrociata e i costi dovuti a fuoriuscite.<\/p>\n<p>Riduci il rischio e la portata dei resi garantendo la costante qualit\u00e0 e sicurezza dei tuoi prodotti.<\/p>\n<h2><b>Sage X3<\/b> <b><red>Caratteristiche<\/b><\/red><\/h2>\n<h3><\/h3>\n<p><p>Gestione dei processi produttivi (batch\/continuativo)<\/p>\n<\/p>\n<h3><\/h3>\n<p><p>Pianificazione dei requisiti di capacit\u00e0 (CRP) e programma di produzione principale (MPS)<\/p>\n<\/p>\n<h3><\/h3>\n<p><p>Pianificazione del processo di produzione in modalit\u00e0 mista<\/p>\n<\/p>\n<h3><\/h3>\n<p><p>Formula\/ricetta e gestione della potenza<\/p>\n<\/p>\n<h3><\/h3>\n<p><p>Ampio controllo di qualit\u00e0 e tracciabilit\u00e0 di lotti, sub-lotti, ingredienti e allergeni<\/p>\n<\/p>\n<h3><\/h3>\n<p><p>Programmazione avanti\/indietro in base alle tue priorit\u00e0<\/p>\n<\/p>\n<h3><\/h3>\n<p><p>Stato delle scorte, gestione della durata di conservazione e monitoraggio della data di scadenza per garantire la qualit\u00e0 lungo tutta la filiera<\/p>\n<\/p>\n<h3><\/h3>\n<p><p>Rifornimento e trasferimenti tra siti<\/p>\n<\/p>\n<h2><\/h2>\n<h3>Pagine Correlate<\/h3>\n<\/p>\n<h3><\/h3>\n<\/p>\n<h3><\/h3><\/p>\n","protected":false},"excerpt":{"rendered":"<p>In un mercato sempre pi\u00f9 globale, conquistare nuovi mercati, soddisfare i clienti, fornire prodotti e servizi di alta qualit\u00e0 e guidare l&#8217;attivit\u00e0 nella giusta direzione sono le principali preoccupazioni delle societ\u00e0 di distribuzione. <\/p>\n","protected":false},"author":3,"featured_media":0,"parent":10230,"menu_order":0,"comment_status":"closed","ping_status":"closed","template":"templates\/template-inner.php","meta":{"_acf_changed":false,"footnotes":""},"class_list":["post-9102","page","type-page","status-publish","hentry"],"acf":[],"yoast_head":"<!-- This site is optimized with the Yoast SEO plugin v23.5 - https:\/\/yoast.com\/wordpress\/plugins\/seo\/ -->\n<title>Industria - Deveho<\/title>\n<meta name=\"robots\" content=\"index, follow, max-snippet:-1, max-image-preview:large, max-video-preview:-1\" \/>\n<link rel=\"canonical\" href=\"https:\/\/deveho.com\/sectors\/industry\/\" \/>\n<meta property=\"og:locale\" content=\"it_IT\" \/>\n<meta property=\"og:type\" content=\"article\" \/>\n<meta property=\"og:title\" content=\"Industria - Deveho\" \/>\n<meta property=\"og:description\" content=\"In un mercato sempre pi\u00f9 globale, conquistare nuovi mercati, soddisfare i clienti, fornire prodotti e servizi di alta qualit\u00e0 e guidare l&#039;attivit\u00e0 nella giusta direzione sono le principali preoccupazioni delle societ\u00e0 di distribuzione.\" \/>\n<meta property=\"og:url\" content=\"https:\/\/deveho.com\/sectors\/industry\/\" \/>\n<meta property=\"og:site_name\" content=\"Deveho\" \/>\n<meta property=\"article:publisher\" content=\"https:\/\/www.facebook.com\/deveho\" \/>\n<meta property=\"article:modified_time\" content=\"2022-10-27T15:14:19+00:00\" \/>\n<meta name=\"twitter:card\" content=\"summary_large_image\" \/>\n<meta name=\"twitter:site\" content=\"@Deveho1\" \/>\n<meta name=\"twitter:label1\" content=\"Tempo di lettura stimato\" \/>\n\t<meta name=\"twitter:data1\" content=\"1 minuto\" \/>\n<script type=\"application\/ld+json\" class=\"yoast-schema-graph\">{\"@context\":\"https:\/\/schema.org\",\"@graph\":[{\"@type\":\"WebPage\",\"@id\":\"https:\/\/deveho.com\/sectors\/industry\/\",\"url\":\"https:\/\/deveho.com\/sectors\/industry\/\",\"name\":\"Industria - Deveho\",\"isPartOf\":{\"@id\":\"https:\/\/deveho.com\/#website\"},\"datePublished\":\"2022-02-22T10:38:40+00:00\",\"dateModified\":\"2022-10-27T15:14:19+00:00\",\"breadcrumb\":{\"@id\":\"https:\/\/deveho.com\/sectors\/industry\/#breadcrumb\"},\"inLanguage\":\"it-IT\",\"potentialAction\":[{\"@type\":\"ReadAction\",\"target\":[\"https:\/\/deveho.com\/sectors\/industry\/\"]}]},{\"@type\":\"BreadcrumbList\",\"@id\":\"https:\/\/deveho.com\/sectors\/industry\/#breadcrumb\",\"itemListElement\":[{\"@type\":\"ListItem\",\"position\":1,\"name\":\"Home\",\"item\":\"https:\/\/deveho.com\/it\/\"},{\"@type\":\"ListItem\",\"position\":2,\"name\":\"Settori\",\"item\":\"https:\/\/deveho.com\/it\/settori\/\"},{\"@type\":\"ListItem\",\"position\":3,\"name\":\"Industria\"}]},{\"@type\":\"WebSite\",\"@id\":\"https:\/\/deveho.com\/#website\",\"url\":\"https:\/\/deveho.com\/\",\"name\":\"Deveho Consulting Group\",\"description\":\"Let\u2019s boost your growth\",\"publisher\":{\"@id\":\"https:\/\/deveho.com\/#organization\"},\"potentialAction\":[{\"@type\":\"SearchAction\",\"target\":{\"@type\":\"EntryPoint\",\"urlTemplate\":\"https:\/\/deveho.com\/?s={search_term_string}\"},\"query-input\":{\"@type\":\"PropertyValueSpecification\",\"valueRequired\":true,\"valueName\":\"search_term_string\"}}],\"inLanguage\":\"it-IT\"},{\"@type\":\"Organization\",\"@id\":\"https:\/\/deveho.com\/#organization\",\"name\":\"Deveho Consulting Group\",\"url\":\"https:\/\/deveho.com\/\",\"logo\":{\"@type\":\"ImageObject\",\"inLanguage\":\"it-IT\",\"@id\":\"https:\/\/deveho.com\/#\/schema\/logo\/image\/\",\"url\":\"https:\/\/deveho.com\/wp-content\/uploads\/2023\/02\/DEVEHO-LOGO-Baseline-COLOR.png\",\"contentUrl\":\"https:\/\/deveho.com\/wp-content\/uploads\/2023\/02\/DEVEHO-LOGO-Baseline-COLOR.png\",\"width\":2251,\"height\":585,\"caption\":\"Deveho Consulting Group\"},\"image\":{\"@id\":\"https:\/\/deveho.com\/#\/schema\/logo\/image\/\"},\"sameAs\":[\"https:\/\/www.facebook.com\/deveho\",\"https:\/\/x.com\/Deveho1\",\"https:\/\/www.linkedin.com\/company\/deveho-consulting\/\"]}]}<\/script>\n<!-- \/ Yoast SEO plugin. -->","yoast_head_json":{"title":"Industria - Deveho","robots":{"index":"index","follow":"follow","max-snippet":"max-snippet:-1","max-image-preview":"max-image-preview:large","max-video-preview":"max-video-preview:-1"},"canonical":"https:\/\/deveho.com\/sectors\/industry\/","og_locale":"it_IT","og_type":"article","og_title":"Industria - Deveho","og_description":"In un mercato sempre pi\u00f9 globale, conquistare nuovi mercati, soddisfare i clienti, fornire prodotti e servizi di alta qualit\u00e0 e guidare l'attivit\u00e0 nella giusta direzione sono le principali preoccupazioni delle societ\u00e0 di distribuzione.","og_url":"https:\/\/deveho.com\/sectors\/industry\/","og_site_name":"Deveho","article_publisher":"https:\/\/www.facebook.com\/deveho","article_modified_time":"2022-10-27T15:14:19+00:00","twitter_card":"summary_large_image","twitter_site":"@Deveho1","twitter_misc":{"Tempo di lettura stimato":"1 minuto"},"schema":{"@context":"https:\/\/schema.org","@graph":[{"@type":"WebPage","@id":"https:\/\/deveho.com\/sectors\/industry\/","url":"https:\/\/deveho.com\/sectors\/industry\/","name":"Industria - Deveho","isPartOf":{"@id":"https:\/\/deveho.com\/#website"},"datePublished":"2022-02-22T10:38:40+00:00","dateModified":"2022-10-27T15:14:19+00:00","breadcrumb":{"@id":"https:\/\/deveho.com\/sectors\/industry\/#breadcrumb"},"inLanguage":"it-IT","potentialAction":[{"@type":"ReadAction","target":["https:\/\/deveho.com\/sectors\/industry\/"]}]},{"@type":"BreadcrumbList","@id":"https:\/\/deveho.com\/sectors\/industry\/#breadcrumb","itemListElement":[{"@type":"ListItem","position":1,"name":"Home","item":"https:\/\/deveho.com\/it\/"},{"@type":"ListItem","position":2,"name":"Settori","item":"https:\/\/deveho.com\/it\/settori\/"},{"@type":"ListItem","position":3,"name":"Industria"}]},{"@type":"WebSite","@id":"https:\/\/deveho.com\/#website","url":"https:\/\/deveho.com\/","name":"Deveho Consulting Group","description":"Let\u2019s boost your growth","publisher":{"@id":"https:\/\/deveho.com\/#organization"},"potentialAction":[{"@type":"SearchAction","target":{"@type":"EntryPoint","urlTemplate":"https:\/\/deveho.com\/?s={search_term_string}"},"query-input":{"@type":"PropertyValueSpecification","valueRequired":true,"valueName":"search_term_string"}}],"inLanguage":"it-IT"},{"@type":"Organization","@id":"https:\/\/deveho.com\/#organization","name":"Deveho Consulting Group","url":"https:\/\/deveho.com\/","logo":{"@type":"ImageObject","inLanguage":"it-IT","@id":"https:\/\/deveho.com\/#\/schema\/logo\/image\/","url":"https:\/\/deveho.com\/wp-content\/uploads\/2023\/02\/DEVEHO-LOGO-Baseline-COLOR.png","contentUrl":"https:\/\/deveho.com\/wp-content\/uploads\/2023\/02\/DEVEHO-LOGO-Baseline-COLOR.png","width":2251,"height":585,"caption":"Deveho Consulting Group"},"image":{"@id":"https:\/\/deveho.com\/#\/schema\/logo\/image\/"},"sameAs":["https:\/\/www.facebook.com\/deveho","https:\/\/x.com\/Deveho1","https:\/\/www.linkedin.com\/company\/deveho-consulting\/"]}]}},"_links":{"self":[{"href":"https:\/\/deveho.com\/it\/wp-json\/wp\/v2\/pages\/9102"}],"collection":[{"href":"https:\/\/deveho.com\/it\/wp-json\/wp\/v2\/pages"}],"about":[{"href":"https:\/\/deveho.com\/it\/wp-json\/wp\/v2\/types\/page"}],"author":[{"embeddable":true,"href":"https:\/\/deveho.com\/it\/wp-json\/wp\/v2\/users\/3"}],"replies":[{"embeddable":true,"href":"https:\/\/deveho.com\/it\/wp-json\/wp\/v2\/comments?post=9102"}],"version-history":[{"count":0,"href":"https:\/\/deveho.com\/it\/wp-json\/wp\/v2\/pages\/9102\/revisions"}],"up":[{"embeddable":true,"href":"https:\/\/deveho.com\/it\/wp-json\/wp\/v2\/pages\/10230"}],"wp:attachment":[{"href":"https:\/\/deveho.com\/it\/wp-json\/wp\/v2\/media?parent=9102"}],"curies":[{"name":"wp","href":"https:\/\/api.w.org\/{rel}","templated":true}]}}