{"id":9154,"date":"2022-02-22T16:06:30","date_gmt":"2022-02-22T16:06:30","guid":{"rendered":"https:\/\/deveho2.sfdbeta.be\/distribuzione\/"},"modified":"2022-10-27T15:05:30","modified_gmt":"2022-10-27T13:05:30","slug":"distribuzione","status":"publish","type":"page","link":"https:\/\/deveho.com\/it\/settori\/distribuzione\/","title":{"rendered":"Distribuzione"},"content":{"rendered":"<br \/>\n<h2>Sage X3 per la distribuzione<\/h2>\n<p>Per la tua attivit\u00e0 di distribuzione, una taglia unica non andr\u00e0 bene. Scopri come puoi trasformare il monitoraggio e la consegna della distribuzione con Sage X3. <\/p>\n<\/p>\n<h2><\/h2>\n<h3><\/h3>\n<h3>Dagli acquisti e stoccaggio alle vendite e alle finanze, Sage X3 ti offre la visibilit\u00e0 e il controllo di cui hai bisogno per gestire la tua attivit\u00e0 di distribuzione pi\u00f9 velocemente, in patria e all&#8217;estero. Stima con precisione costi e margini migliorando la mobilit\u00e0 della tua forza vendita.<\/h3>\n<\/p>\n<h2><b>Sage X3<\/b> <b><red>Caratteristiche<\/b><\/red><\/h2>\n<h3><\/h3>\n<p><p>Funzionalit\u00e0 di distribuzione completamente integrate<\/p>\n<\/p>\n<h3><\/h3>\n<p><p>Approvvigionamento globale, importazione ed esportazione e gestione dell&#8217;inventario<\/p>\n<\/p>\n<h3><\/h3>\n<p><p>Monitoraggio dei rapporti con i fornitori per garantire qualit\u00e0 e conformit\u00e0<\/p>\n<\/p>\n<h3><\/h3>\n<p><p>Monitoraggio e ottimizzazione delle scorte in tempo reale<\/p>\n<\/p>\n<h3><\/h3>\n<p><p>Applicazioni mobili standard per la vendita e l&#8217;acquisto<\/p>\n<\/p>\n<h3>I tuoi <b><red>Benefici<\/b><\/red>   <\/h3>\n<p><p>Ora puoi ottenere informazioni pi\u00f9 dettagliate su costi e margini, attivando al contempo una forza vendita mobile. \u00c8 impossibile semplificare le operazioni quando i processi gestionali, CRM e della filiera di approvvigionamento sono isolati. <\/p>\n<p>&#8211; Vendita al dettaglio<br \/>\n&#8211; Trasporto e logistica<br \/>\n&#8211; Vendita all&#8217;ingrosso<br \/>\n&#8211; Produzione di componenti<\/p>\n<\/p>\n<p>Ottimizza i tuoi processi logistici<\/p>\n<p>Soddisfa i requisiti dei clienti<\/p>\n<p>Riduci i costi e i tempi di consegna<\/p>\n<p>Migliora la redditivit\u00e0 del prodotto<\/p>\n<p>Semplifica la tua filiera logistica<\/p>\n<p>Migliora la soddisfazione del cliente<\/p>\n<p>Aumenta le vendite<\/p>\n<p>Aumenta la fedelt\u00e0 dei clienti<\/p>\n<p>Aggiungi valore attraverso la collaborazione<\/p>\n<p>Semplifica il processo decisionale<\/p>\n<h2><\/h2>\n<h3>Pagine Correlate<\/h3>\n<\/p>\n<h3><\/h3>\n<\/p>\n<h3><\/h3><\/p>\n","protected":false},"excerpt":{"rendered":"<p>Dall&#8217;approvvigionamento al magazzino, alle vendite e ai dati finanziari, Sage X3 offre la visibilit\u00e0 e il controllo necessario per gestire pi\u00f9 rapidamente la tua impresa di distribuzione, indipendentemente dal fatto che operi a livello nazionale o all&#8217;estero. <\/p>\n","protected":false},"author":6,"featured_media":0,"parent":10230,"menu_order":0,"comment_status":"closed","ping_status":"closed","template":"templates\/template-inner.php","meta":{"_acf_changed":false,"footnotes":""},"class_list":["post-9154","page","type-page","status-publish","hentry"],"acf":[],"yoast_head":"<!-- This site is optimized with the Yoast SEO plugin v23.5 - https:\/\/yoast.com\/wordpress\/plugins\/seo\/ -->\n<title>Distribuzione - Deveho<\/title>\n<meta name=\"robots\" content=\"index, follow, max-snippet:-1, max-image-preview:large, max-video-preview:-1\" \/>\n<link rel=\"canonical\" href=\"https:\/\/deveho.com\/sectors\/distribution\/\" \/>\n<meta property=\"og:locale\" content=\"it_IT\" \/>\n<meta property=\"og:type\" content=\"article\" \/>\n<meta property=\"og:title\" content=\"Distribuzione - Deveho\" \/>\n<meta property=\"og:description\" content=\"Dall&#039;approvvigionamento al magazzino, alle vendite e ai dati finanziari, Sage X3 offre la visibilit\u00e0 e il controllo necessario per gestire pi\u00f9 rapidamente la tua impresa di distribuzione, indipendentemente dal fatto che operi a livello nazionale o all&#039;estero.\" \/>\n<meta property=\"og:url\" content=\"https:\/\/deveho.com\/sectors\/distribution\/\" \/>\n<meta property=\"og:site_name\" content=\"Deveho\" \/>\n<meta property=\"article:publisher\" content=\"https:\/\/www.facebook.com\/deveho\" \/>\n<meta property=\"article:modified_time\" content=\"2022-10-27T13:05:30+00:00\" \/>\n<meta name=\"twitter:card\" content=\"summary_large_image\" \/>\n<meta name=\"twitter:site\" content=\"@Deveho1\" \/>\n<meta name=\"twitter:label1\" content=\"Tempo di lettura stimato\" \/>\n\t<meta name=\"twitter:data1\" content=\"1 minuto\" \/>\n<script type=\"application\/ld+json\" class=\"yoast-schema-graph\">{\"@context\":\"https:\/\/schema.org\",\"@graph\":[{\"@type\":\"WebPage\",\"@id\":\"https:\/\/deveho.com\/sectors\/distribution\/\",\"url\":\"https:\/\/deveho.com\/sectors\/distribution\/\",\"name\":\"Distribuzione - Deveho\",\"isPartOf\":{\"@id\":\"https:\/\/deveho.com\/#website\"},\"datePublished\":\"2022-02-22T16:06:30+00:00\",\"dateModified\":\"2022-10-27T13:05:30+00:00\",\"breadcrumb\":{\"@id\":\"https:\/\/deveho.com\/sectors\/distribution\/#breadcrumb\"},\"inLanguage\":\"it-IT\",\"potentialAction\":[{\"@type\":\"ReadAction\",\"target\":[\"https:\/\/deveho.com\/sectors\/distribution\/\"]}]},{\"@type\":\"BreadcrumbList\",\"@id\":\"https:\/\/deveho.com\/sectors\/distribution\/#breadcrumb\",\"itemListElement\":[{\"@type\":\"ListItem\",\"position\":1,\"name\":\"Home\",\"item\":\"https:\/\/deveho.com\/it\/\"},{\"@type\":\"ListItem\",\"position\":2,\"name\":\"Settori\",\"item\":\"https:\/\/deveho.com\/it\/settori\/\"},{\"@type\":\"ListItem\",\"position\":3,\"name\":\"Distribuzione\"}]},{\"@type\":\"WebSite\",\"@id\":\"https:\/\/deveho.com\/#website\",\"url\":\"https:\/\/deveho.com\/\",\"name\":\"Deveho Consulting Group\",\"description\":\"Let\u2019s boost your growth\",\"publisher\":{\"@id\":\"https:\/\/deveho.com\/#organization\"},\"potentialAction\":[{\"@type\":\"SearchAction\",\"target\":{\"@type\":\"EntryPoint\",\"urlTemplate\":\"https:\/\/deveho.com\/?s={search_term_string}\"},\"query-input\":{\"@type\":\"PropertyValueSpecification\",\"valueRequired\":true,\"valueName\":\"search_term_string\"}}],\"inLanguage\":\"it-IT\"},{\"@type\":\"Organization\",\"@id\":\"https:\/\/deveho.com\/#organization\",\"name\":\"Deveho Consulting Group\",\"url\":\"https:\/\/deveho.com\/\",\"logo\":{\"@type\":\"ImageObject\",\"inLanguage\":\"it-IT\",\"@id\":\"https:\/\/deveho.com\/#\/schema\/logo\/image\/\",\"url\":\"https:\/\/deveho.com\/wp-content\/uploads\/2023\/02\/DEVEHO-LOGO-Baseline-COLOR.png\",\"contentUrl\":\"https:\/\/deveho.com\/wp-content\/uploads\/2023\/02\/DEVEHO-LOGO-Baseline-COLOR.png\",\"width\":2251,\"height\":585,\"caption\":\"Deveho Consulting Group\"},\"image\":{\"@id\":\"https:\/\/deveho.com\/#\/schema\/logo\/image\/\"},\"sameAs\":[\"https:\/\/www.facebook.com\/deveho\",\"https:\/\/x.com\/Deveho1\",\"https:\/\/www.linkedin.com\/company\/deveho-consulting\/\"]}]}<\/script>\n<!-- \/ Yoast SEO plugin. -->","yoast_head_json":{"title":"Distribuzione - Deveho","robots":{"index":"index","follow":"follow","max-snippet":"max-snippet:-1","max-image-preview":"max-image-preview:large","max-video-preview":"max-video-preview:-1"},"canonical":"https:\/\/deveho.com\/sectors\/distribution\/","og_locale":"it_IT","og_type":"article","og_title":"Distribuzione - Deveho","og_description":"Dall'approvvigionamento al magazzino, alle vendite e ai dati finanziari, Sage X3 offre la visibilit\u00e0 e il controllo necessario per gestire pi\u00f9 rapidamente la tua impresa di distribuzione, indipendentemente dal fatto che operi a livello nazionale o all'estero.","og_url":"https:\/\/deveho.com\/sectors\/distribution\/","og_site_name":"Deveho","article_publisher":"https:\/\/www.facebook.com\/deveho","article_modified_time":"2022-10-27T13:05:30+00:00","twitter_card":"summary_large_image","twitter_site":"@Deveho1","twitter_misc":{"Tempo di lettura stimato":"1 minuto"},"schema":{"@context":"https:\/\/schema.org","@graph":[{"@type":"WebPage","@id":"https:\/\/deveho.com\/sectors\/distribution\/","url":"https:\/\/deveho.com\/sectors\/distribution\/","name":"Distribuzione - Deveho","isPartOf":{"@id":"https:\/\/deveho.com\/#website"},"datePublished":"2022-02-22T16:06:30+00:00","dateModified":"2022-10-27T13:05:30+00:00","breadcrumb":{"@id":"https:\/\/deveho.com\/sectors\/distribution\/#breadcrumb"},"inLanguage":"it-IT","potentialAction":[{"@type":"ReadAction","target":["https:\/\/deveho.com\/sectors\/distribution\/"]}]},{"@type":"BreadcrumbList","@id":"https:\/\/deveho.com\/sectors\/distribution\/#breadcrumb","itemListElement":[{"@type":"ListItem","position":1,"name":"Home","item":"https:\/\/deveho.com\/it\/"},{"@type":"ListItem","position":2,"name":"Settori","item":"https:\/\/deveho.com\/it\/settori\/"},{"@type":"ListItem","position":3,"name":"Distribuzione"}]},{"@type":"WebSite","@id":"https:\/\/deveho.com\/#website","url":"https:\/\/deveho.com\/","name":"Deveho Consulting Group","description":"Let\u2019s boost your growth","publisher":{"@id":"https:\/\/deveho.com\/#organization"},"potentialAction":[{"@type":"SearchAction","target":{"@type":"EntryPoint","urlTemplate":"https:\/\/deveho.com\/?s={search_term_string}"},"query-input":{"@type":"PropertyValueSpecification","valueRequired":true,"valueName":"search_term_string"}}],"inLanguage":"it-IT"},{"@type":"Organization","@id":"https:\/\/deveho.com\/#organization","name":"Deveho Consulting Group","url":"https:\/\/deveho.com\/","logo":{"@type":"ImageObject","inLanguage":"it-IT","@id":"https:\/\/deveho.com\/#\/schema\/logo\/image\/","url":"https:\/\/deveho.com\/wp-content\/uploads\/2023\/02\/DEVEHO-LOGO-Baseline-COLOR.png","contentUrl":"https:\/\/deveho.com\/wp-content\/uploads\/2023\/02\/DEVEHO-LOGO-Baseline-COLOR.png","width":2251,"height":585,"caption":"Deveho Consulting Group"},"image":{"@id":"https:\/\/deveho.com\/#\/schema\/logo\/image\/"},"sameAs":["https:\/\/www.facebook.com\/deveho","https:\/\/x.com\/Deveho1","https:\/\/www.linkedin.com\/company\/deveho-consulting\/"]}]}},"_links":{"self":[{"href":"https:\/\/deveho.com\/it\/wp-json\/wp\/v2\/pages\/9154"}],"collection":[{"href":"https:\/\/deveho.com\/it\/wp-json\/wp\/v2\/pages"}],"about":[{"href":"https:\/\/deveho.com\/it\/wp-json\/wp\/v2\/types\/page"}],"author":[{"embeddable":true,"href":"https:\/\/deveho.com\/it\/wp-json\/wp\/v2\/users\/6"}],"replies":[{"embeddable":true,"href":"https:\/\/deveho.com\/it\/wp-json\/wp\/v2\/comments?post=9154"}],"version-history":[{"count":0,"href":"https:\/\/deveho.com\/it\/wp-json\/wp\/v2\/pages\/9154\/revisions"}],"up":[{"embeddable":true,"href":"https:\/\/deveho.com\/it\/wp-json\/wp\/v2\/pages\/10230"}],"wp:attachment":[{"href":"https:\/\/deveho.com\/it\/wp-json\/wp\/v2\/media?parent=9154"}],"curies":[{"name":"wp","href":"https:\/\/api.w.org\/{rel}","templated":true}]}}