{"id":9574,"date":"2022-03-28T14:13:27","date_gmt":"2022-03-28T14:13:27","guid":{"rendered":"https:\/\/deveho2.sfdbeta.be\/datalinx-computer-systems\/"},"modified":"2022-06-22T13:21:23","modified_gmt":"2022-06-22T13:21:23","slug":"datalinx-computer-systems","status":"publish","type":"page","link":"https:\/\/deveho.com\/it\/prodotti\/sage-x3-marketplace\/datalinx-computer-systems\/","title":{"rendered":"DATALINX Computer Systems"},"content":{"rendered":"<br \/>\n<h2>Progettati per pi\u00f9 settori verticali come produzione, vendita al dettaglio, distribuzione e farmaceutica, i nostri sistemi sono implementati in loco e sono integrati nel tuo sistema di contabilit\u00e0 Sage con gli operatori nel magazzino collegati in modalit\u00e0 wireless al sistema Sage centrale, utilizzando l&#8217;hardware wireless pi\u00f9 recente e schermate dedicate per il Responsabile del magazzino.<\/h2>\n<h3>Datalinx Responsabile di magazzino X3<\/h3>\n<h3>Integrazione Sage: quando viene installata l&#8217;applicazione Datalinx Responsabile di magazzino, in linea con le linee guida Sage ISV Developer vengono applicati numerosi campi dati aggiuntivi associati ai prodotti e, ad esempio, le posizioni, insieme a una logica aziendale aggiuntiva che consente al sistema Responsabile di magazzino di fornire la funzionalit\u00e0 richiesta dagli utenti del magazzino all&#8217;interno del pacchetto principale. <\/h3>\n<\/p>\n<p>Datalinx \u00e8 l&#8217;unico sviluppatore SAGE globale specializzato esclusivamente in codici a barre e gestione del magazzino, con soluzioni certificate e accreditate SAGE. Ci\u00f2 significa che comprendiamo come funziona il tuo sistema SAGE, inclusa la sua configurazione e modifica e utilizziamo questa conoscenza per garantire che i nostri prodotti di codici a barre e controllo delle scorte si integrino completamente e funzionino in armonia con il software SAGE.<\/p>\n<h2>Visita il nostro blog per accedere ad articoli e informazioni che hanno come target i temi chiave della tua attivit\u00e0.<\/h2>\n<h3><\/h3>\n<\/p>\n<h3>Profili correlati<\/h3>\n<p>Scopri i tuoi spazi di consulenza, disegnati dal tuo profilo, per aiutarti e supportarti nello sviluppo del tuo business.<\/p>\n<h3>Servizi correlati<\/h3>\n<p>Scopri i servizi correlati, che possono aiutarti e supportarti nello sviluppo della tua attivit\u00e0.<\/p>\n","protected":false},"excerpt":{"rendered":"<p>Datalinx Responsabile di magazzino offre una soluzione completa integrata nel tuo sistema di contabilit\u00e0 SAGE, con funzionalit\u00e0 estese per gestire il processo aziendale dal momento in cui arriva il prodotto, attraverso tutti i movimenti transazionali fino all&#8217;imballaggio e alla spedizione.<\/p>\n","protected":false},"author":6,"featured_media":0,"parent":9592,"menu_order":0,"comment_status":"closed","ping_status":"closed","template":"templates\/template-prod_serv.php","meta":{"_acf_changed":false,"footnotes":""},"class_list":["post-9574","page","type-page","status-publish","hentry"],"acf":[],"yoast_head":"<!-- This site is optimized with the Yoast SEO plugin v23.5 - https:\/\/yoast.com\/wordpress\/plugins\/seo\/ -->\n<title>DATALINX Computer Systems - Deveho<\/title>\n<meta name=\"robots\" content=\"index, follow, max-snippet:-1, max-image-preview:large, max-video-preview:-1\" \/>\n<link rel=\"canonical\" href=\"https:\/\/deveho.com\/it\/prodotti\/sage-x3-marketplace\/datalinx-computer-systems\/\" \/>\n<meta property=\"og:locale\" content=\"it_IT\" \/>\n<meta property=\"og:type\" content=\"article\" \/>\n<meta property=\"og:title\" content=\"DATALINX Computer Systems - Deveho\" \/>\n<meta property=\"og:description\" content=\"Datalinx Responsabile di magazzino offre una soluzione completa integrata nel tuo sistema di contabilit\u00e0 SAGE, con funzionalit\u00e0 estese per gestire il processo aziendale dal momento in cui arriva il prodotto, attraverso tutti i movimenti transazionali fino all&#039;imballaggio e alla spedizione.\" \/>\n<meta property=\"og:url\" content=\"https:\/\/deveho.com\/it\/prodotti\/sage-x3-marketplace\/datalinx-computer-systems\/\" \/>\n<meta property=\"og:site_name\" content=\"Deveho\" \/>\n<meta property=\"article:publisher\" content=\"https:\/\/www.facebook.com\/deveho\" \/>\n<meta property=\"article:modified_time\" content=\"2022-06-22T13:21:23+00:00\" \/>\n<meta name=\"twitter:card\" content=\"summary_large_image\" \/>\n<meta name=\"twitter:site\" content=\"@Deveho1\" \/>\n<meta name=\"twitter:label1\" content=\"Tempo di lettura stimato\" \/>\n\t<meta name=\"twitter:data1\" content=\"1 minuto\" \/>\n<script type=\"application\/ld+json\" class=\"yoast-schema-graph\">{\"@context\":\"https:\/\/schema.org\",\"@graph\":[{\"@type\":\"WebPage\",\"@id\":\"https:\/\/deveho.com\/it\/prodotti\/sage-x3-marketplace\/datalinx-computer-systems\/\",\"url\":\"https:\/\/deveho.com\/it\/prodotti\/sage-x3-marketplace\/datalinx-computer-systems\/\",\"name\":\"DATALINX Computer Systems - Deveho\",\"isPartOf\":{\"@id\":\"https:\/\/deveho.com\/#website\"},\"datePublished\":\"2022-03-28T14:13:27+00:00\",\"dateModified\":\"2022-06-22T13:21:23+00:00\",\"breadcrumb\":{\"@id\":\"https:\/\/deveho.com\/it\/prodotti\/sage-x3-marketplace\/datalinx-computer-systems\/#breadcrumb\"},\"inLanguage\":\"it-IT\",\"potentialAction\":[{\"@type\":\"ReadAction\",\"target\":[\"https:\/\/deveho.com\/it\/prodotti\/sage-x3-marketplace\/datalinx-computer-systems\/\"]}]},{\"@type\":\"BreadcrumbList\",\"@id\":\"https:\/\/deveho.com\/it\/prodotti\/sage-x3-marketplace\/datalinx-computer-systems\/#breadcrumb\",\"itemListElement\":[{\"@type\":\"ListItem\",\"position\":1,\"name\":\"Home\",\"item\":\"https:\/\/deveho.com\/it\/\"},{\"@type\":\"ListItem\",\"position\":2,\"name\":\"Prodotti\",\"item\":\"https:\/\/deveho.com\/it\/prodotti\/\"},{\"@type\":\"ListItem\",\"position\":3,\"name\":\"Sage X3 Marketplace\",\"item\":\"https:\/\/deveho.com\/it\/prodotti\/sage-x3-marketplace\/\"},{\"@type\":\"ListItem\",\"position\":4,\"name\":\"DATALINX Computer Systems\"}]},{\"@type\":\"WebSite\",\"@id\":\"https:\/\/deveho.com\/#website\",\"url\":\"https:\/\/deveho.com\/\",\"name\":\"Deveho Consulting Group\",\"description\":\"Let\u2019s boost your growth\",\"publisher\":{\"@id\":\"https:\/\/deveho.com\/#organization\"},\"potentialAction\":[{\"@type\":\"SearchAction\",\"target\":{\"@type\":\"EntryPoint\",\"urlTemplate\":\"https:\/\/deveho.com\/?s={search_term_string}\"},\"query-input\":{\"@type\":\"PropertyValueSpecification\",\"valueRequired\":true,\"valueName\":\"search_term_string\"}}],\"inLanguage\":\"it-IT\"},{\"@type\":\"Organization\",\"@id\":\"https:\/\/deveho.com\/#organization\",\"name\":\"Deveho Consulting Group\",\"url\":\"https:\/\/deveho.com\/\",\"logo\":{\"@type\":\"ImageObject\",\"inLanguage\":\"it-IT\",\"@id\":\"https:\/\/deveho.com\/#\/schema\/logo\/image\/\",\"url\":\"https:\/\/deveho.com\/wp-content\/uploads\/2023\/02\/DEVEHO-LOGO-Baseline-COLOR.png\",\"contentUrl\":\"https:\/\/deveho.com\/wp-content\/uploads\/2023\/02\/DEVEHO-LOGO-Baseline-COLOR.png\",\"width\":2251,\"height\":585,\"caption\":\"Deveho Consulting Group\"},\"image\":{\"@id\":\"https:\/\/deveho.com\/#\/schema\/logo\/image\/\"},\"sameAs\":[\"https:\/\/www.facebook.com\/deveho\",\"https:\/\/x.com\/Deveho1\",\"https:\/\/www.linkedin.com\/company\/deveho-consulting\/\"]}]}<\/script>\n<!-- \/ Yoast SEO plugin. -->","yoast_head_json":{"title":"DATALINX Computer Systems - Deveho","robots":{"index":"index","follow":"follow","max-snippet":"max-snippet:-1","max-image-preview":"max-image-preview:large","max-video-preview":"max-video-preview:-1"},"canonical":"https:\/\/deveho.com\/it\/prodotti\/sage-x3-marketplace\/datalinx-computer-systems\/","og_locale":"it_IT","og_type":"article","og_title":"DATALINX Computer Systems - Deveho","og_description":"Datalinx Responsabile di magazzino offre una soluzione completa integrata nel tuo sistema di contabilit\u00e0 SAGE, con funzionalit\u00e0 estese per gestire il processo aziendale dal momento in cui arriva il prodotto, attraverso tutti i movimenti transazionali fino all'imballaggio e alla spedizione.","og_url":"https:\/\/deveho.com\/it\/prodotti\/sage-x3-marketplace\/datalinx-computer-systems\/","og_site_name":"Deveho","article_publisher":"https:\/\/www.facebook.com\/deveho","article_modified_time":"2022-06-22T13:21:23+00:00","twitter_card":"summary_large_image","twitter_site":"@Deveho1","twitter_misc":{"Tempo di lettura stimato":"1 minuto"},"schema":{"@context":"https:\/\/schema.org","@graph":[{"@type":"WebPage","@id":"https:\/\/deveho.com\/it\/prodotti\/sage-x3-marketplace\/datalinx-computer-systems\/","url":"https:\/\/deveho.com\/it\/prodotti\/sage-x3-marketplace\/datalinx-computer-systems\/","name":"DATALINX Computer Systems - Deveho","isPartOf":{"@id":"https:\/\/deveho.com\/#website"},"datePublished":"2022-03-28T14:13:27+00:00","dateModified":"2022-06-22T13:21:23+00:00","breadcrumb":{"@id":"https:\/\/deveho.com\/it\/prodotti\/sage-x3-marketplace\/datalinx-computer-systems\/#breadcrumb"},"inLanguage":"it-IT","potentialAction":[{"@type":"ReadAction","target":["https:\/\/deveho.com\/it\/prodotti\/sage-x3-marketplace\/datalinx-computer-systems\/"]}]},{"@type":"BreadcrumbList","@id":"https:\/\/deveho.com\/it\/prodotti\/sage-x3-marketplace\/datalinx-computer-systems\/#breadcrumb","itemListElement":[{"@type":"ListItem","position":1,"name":"Home","item":"https:\/\/deveho.com\/it\/"},{"@type":"ListItem","position":2,"name":"Prodotti","item":"https:\/\/deveho.com\/it\/prodotti\/"},{"@type":"ListItem","position":3,"name":"Sage X3 Marketplace","item":"https:\/\/deveho.com\/it\/prodotti\/sage-x3-marketplace\/"},{"@type":"ListItem","position":4,"name":"DATALINX Computer Systems"}]},{"@type":"WebSite","@id":"https:\/\/deveho.com\/#website","url":"https:\/\/deveho.com\/","name":"Deveho Consulting Group","description":"Let\u2019s boost your growth","publisher":{"@id":"https:\/\/deveho.com\/#organization"},"potentialAction":[{"@type":"SearchAction","target":{"@type":"EntryPoint","urlTemplate":"https:\/\/deveho.com\/?s={search_term_string}"},"query-input":{"@type":"PropertyValueSpecification","valueRequired":true,"valueName":"search_term_string"}}],"inLanguage":"it-IT"},{"@type":"Organization","@id":"https:\/\/deveho.com\/#organization","name":"Deveho Consulting Group","url":"https:\/\/deveho.com\/","logo":{"@type":"ImageObject","inLanguage":"it-IT","@id":"https:\/\/deveho.com\/#\/schema\/logo\/image\/","url":"https:\/\/deveho.com\/wp-content\/uploads\/2023\/02\/DEVEHO-LOGO-Baseline-COLOR.png","contentUrl":"https:\/\/deveho.com\/wp-content\/uploads\/2023\/02\/DEVEHO-LOGO-Baseline-COLOR.png","width":2251,"height":585,"caption":"Deveho Consulting Group"},"image":{"@id":"https:\/\/deveho.com\/#\/schema\/logo\/image\/"},"sameAs":["https:\/\/www.facebook.com\/deveho","https:\/\/x.com\/Deveho1","https:\/\/www.linkedin.com\/company\/deveho-consulting\/"]}]}},"_links":{"self":[{"href":"https:\/\/deveho.com\/it\/wp-json\/wp\/v2\/pages\/9574"}],"collection":[{"href":"https:\/\/deveho.com\/it\/wp-json\/wp\/v2\/pages"}],"about":[{"href":"https:\/\/deveho.com\/it\/wp-json\/wp\/v2\/types\/page"}],"author":[{"embeddable":true,"href":"https:\/\/deveho.com\/it\/wp-json\/wp\/v2\/users\/6"}],"replies":[{"embeddable":true,"href":"https:\/\/deveho.com\/it\/wp-json\/wp\/v2\/comments?post=9574"}],"version-history":[{"count":0,"href":"https:\/\/deveho.com\/it\/wp-json\/wp\/v2\/pages\/9574\/revisions"}],"up":[{"embeddable":true,"href":"https:\/\/deveho.com\/it\/wp-json\/wp\/v2\/pages\/9592"}],"wp:attachment":[{"href":"https:\/\/deveho.com\/it\/wp-json\/wp\/v2\/media?parent=9574"}],"curies":[{"name":"wp","href":"https:\/\/api.w.org\/{rel}","templated":true}]}}