{"id":39392,"date":"2021-06-08T13:42:03","date_gmt":"2021-06-08T13:42:03","guid":{"rendered":"https:\/\/deveho.com\/deveho-sage-solutions-integrator\/"},"modified":"2026-02-03T10:23:01","modified_gmt":"2026-02-03T08:23:01","slug":"deveho-sage-solutions-integrator","status":"publish","type":"page","link":"https:\/\/deveho.com\/lt\/","title":{"rendered":"PAGRINDINIS"},"content":{"rendered":"","protected":false},"excerpt":{"rendered":"<p>\u201eDeveho consulting group\u201c yra pasaulin\u0117 \u201aSage\u2018 verslo partner\u0117, padedanti vidutinio dyd\u017eio \u012fmon\u0117ms, norin\u010dioms paskatinti savo augim\u0105 tarptautin\u0117je rinkoje ir \u012fsitvirtinti vietos rinkoje.<\/p>\n","protected":false},"author":6,"featured_media":0,"parent":0,"menu_order":0,"comment_status":"closed","ping_status":"closed","template":"templates\/template-home.php","meta":{"_acf_changed":false,"footnotes":""},"class_list":["post-39392","page","type-page","status-publish","hentry"],"acf":[],"yoast_head":"<!-- This site is optimized with the Yoast SEO plugin v23.5 - https:\/\/yoast.com\/wordpress\/plugins\/seo\/ -->\n<title>Sage ERP sprendim\u0173 integratorius ir k\u016br\u0117jas - Deveho<\/title>\n<meta name=\"description\" content=\"\u201eDeveho\u201c \u2013 tarptautin\u0117 \u201eSage ERP\u201c sprendim\u0173 (X3, Intacct ir kt.) integravimo ir k\u016brimo \u012fmon\u0117, vykdanti daugiatautes diegimo programas.\" \/>\n<meta name=\"robots\" content=\"index, follow, max-snippet:-1, max-image-preview:large, max-video-preview:-1\" \/>\n<link rel=\"canonical\" href=\"https:\/\/deveho.com\/lt\/\" \/>\n<meta property=\"og:locale\" content=\"lt_LT\" \/>\n<meta property=\"og:type\" content=\"article\" \/>\n<meta property=\"og:title\" content=\"Sage ERP sprendim\u0173 integratorius ir k\u016br\u0117jas - Deveho\" \/>\n<meta property=\"og:description\" content=\"\u201eDeveho\u201c \u2013 tarptautin\u0117 \u201eSage ERP\u201c sprendim\u0173 (X3, Intacct ir kt.) integravimo ir k\u016brimo \u012fmon\u0117, vykdanti daugiatautes diegimo programas.\" \/>\n<meta property=\"og:url\" content=\"https:\/\/deveho.com\/lt\/\" \/>\n<meta property=\"og:site_name\" content=\"Deveho\" \/>\n<meta property=\"article:publisher\" content=\"https:\/\/www.facebook.com\/deveho\" \/>\n<meta property=\"article:modified_time\" content=\"2026-02-03T08:23:01+00:00\" \/>\n<meta name=\"twitter:card\" content=\"summary_large_image\" \/>\n<meta name=\"twitter:site\" content=\"@Deveho1\" \/>\n<script type=\"application\/ld+json\" class=\"yoast-schema-graph\">{\"@context\":\"https:\/\/schema.org\",\"@graph\":[{\"@type\":\"WebPage\",\"@id\":\"https:\/\/deveho.com\/lt\/\",\"url\":\"https:\/\/deveho.com\/lt\/\",\"name\":\"Sage ERP sprendim\u0173 integratorius ir k\u016br\u0117jas - Deveho\",\"isPartOf\":{\"@id\":\"https:\/\/deveho.com\/#website\"},\"datePublished\":\"2021-06-08T13:42:03+00:00\",\"dateModified\":\"2026-02-03T08:23:01+00:00\",\"description\":\"\u201eDeveho\u201c \u2013 tarptautin\u0117 \u201eSage ERP\u201c sprendim\u0173 (X3, Intacct ir kt.) integravimo ir k\u016brimo \u012fmon\u0117, vykdanti daugiatautes diegimo programas.\",\"breadcrumb\":{\"@id\":\"https:\/\/deveho.com\/lt\/#breadcrumb\"},\"inLanguage\":\"lt-LT\",\"potentialAction\":[{\"@type\":\"ReadAction\",\"target\":[\"https:\/\/deveho.com\/lt\/\"]}]},{\"@type\":\"BreadcrumbList\",\"@id\":\"https:\/\/deveho.com\/lt\/#breadcrumb\",\"itemListElement\":[{\"@type\":\"ListItem\",\"position\":1,\"name\":\"Home\",\"item\":\"https:\/\/deveho.com\/lt\/\"},{\"@type\":\"ListItem\",\"position\":2,\"name\":\"PAGRINDINIS\"}]},{\"@type\":\"WebSite\",\"@id\":\"https:\/\/deveho.com\/#website\",\"url\":\"https:\/\/deveho.com\/\",\"name\":\"Deveho Consulting Group\",\"description\":\"Let\u2019s boost your growth\",\"publisher\":{\"@id\":\"https:\/\/deveho.com\/#organization\"},\"potentialAction\":[{\"@type\":\"SearchAction\",\"target\":{\"@type\":\"EntryPoint\",\"urlTemplate\":\"https:\/\/deveho.com\/?s={search_term_string}\"},\"query-input\":{\"@type\":\"PropertyValueSpecification\",\"valueRequired\":true,\"valueName\":\"search_term_string\"}}],\"inLanguage\":\"lt-LT\"},{\"@type\":\"Organization\",\"@id\":\"https:\/\/deveho.com\/#organization\",\"name\":\"Deveho Consulting Group\",\"url\":\"https:\/\/deveho.com\/\",\"logo\":{\"@type\":\"ImageObject\",\"inLanguage\":\"lt-LT\",\"@id\":\"https:\/\/deveho.com\/#\/schema\/logo\/image\/\",\"url\":\"https:\/\/deveho.com\/wp-content\/uploads\/2023\/02\/DEVEHO-LOGO-Baseline-COLOR.png\",\"contentUrl\":\"https:\/\/deveho.com\/wp-content\/uploads\/2023\/02\/DEVEHO-LOGO-Baseline-COLOR.png\",\"width\":2251,\"height\":585,\"caption\":\"Deveho Consulting Group\"},\"image\":{\"@id\":\"https:\/\/deveho.com\/#\/schema\/logo\/image\/\"},\"sameAs\":[\"https:\/\/www.facebook.com\/deveho\",\"https:\/\/x.com\/Deveho1\",\"https:\/\/www.linkedin.com\/company\/deveho-consulting\/\"]}]}<\/script>\n<!-- \/ Yoast SEO plugin. -->","yoast_head_json":{"title":"Sage ERP sprendim\u0173 integratorius ir k\u016br\u0117jas - Deveho","description":"\u201eDeveho\u201c \u2013 tarptautin\u0117 \u201eSage ERP\u201c sprendim\u0173 (X3, Intacct ir kt.) integravimo ir k\u016brimo \u012fmon\u0117, vykdanti daugiatautes diegimo programas.","robots":{"index":"index","follow":"follow","max-snippet":"max-snippet:-1","max-image-preview":"max-image-preview:large","max-video-preview":"max-video-preview:-1"},"canonical":"https:\/\/deveho.com\/lt\/","og_locale":"lt_LT","og_type":"article","og_title":"Sage ERP sprendim\u0173 integratorius ir k\u016br\u0117jas - Deveho","og_description":"\u201eDeveho\u201c \u2013 tarptautin\u0117 \u201eSage ERP\u201c sprendim\u0173 (X3, Intacct ir kt.) integravimo ir k\u016brimo \u012fmon\u0117, vykdanti daugiatautes diegimo programas.","og_url":"https:\/\/deveho.com\/lt\/","og_site_name":"Deveho","article_publisher":"https:\/\/www.facebook.com\/deveho","article_modified_time":"2026-02-03T08:23:01+00:00","twitter_card":"summary_large_image","twitter_site":"@Deveho1","schema":{"@context":"https:\/\/schema.org","@graph":[{"@type":"WebPage","@id":"https:\/\/deveho.com\/lt\/","url":"https:\/\/deveho.com\/lt\/","name":"Sage ERP sprendim\u0173 integratorius ir k\u016br\u0117jas - Deveho","isPartOf":{"@id":"https:\/\/deveho.com\/#website"},"datePublished":"2021-06-08T13:42:03+00:00","dateModified":"2026-02-03T08:23:01+00:00","description":"\u201eDeveho\u201c \u2013 tarptautin\u0117 \u201eSage ERP\u201c sprendim\u0173 (X3, Intacct ir kt.) integravimo ir k\u016brimo \u012fmon\u0117, vykdanti daugiatautes diegimo programas.","breadcrumb":{"@id":"https:\/\/deveho.com\/lt\/#breadcrumb"},"inLanguage":"lt-LT","potentialAction":[{"@type":"ReadAction","target":["https:\/\/deveho.com\/lt\/"]}]},{"@type":"BreadcrumbList","@id":"https:\/\/deveho.com\/lt\/#breadcrumb","itemListElement":[{"@type":"ListItem","position":1,"name":"Home","item":"https:\/\/deveho.com\/lt\/"},{"@type":"ListItem","position":2,"name":"PAGRINDINIS"}]},{"@type":"WebSite","@id":"https:\/\/deveho.com\/#website","url":"https:\/\/deveho.com\/","name":"Deveho Consulting Group","description":"Let\u2019s boost your growth","publisher":{"@id":"https:\/\/deveho.com\/#organization"},"potentialAction":[{"@type":"SearchAction","target":{"@type":"EntryPoint","urlTemplate":"https:\/\/deveho.com\/?s={search_term_string}"},"query-input":{"@type":"PropertyValueSpecification","valueRequired":true,"valueName":"search_term_string"}}],"inLanguage":"lt-LT"},{"@type":"Organization","@id":"https:\/\/deveho.com\/#organization","name":"Deveho Consulting Group","url":"https:\/\/deveho.com\/","logo":{"@type":"ImageObject","inLanguage":"lt-LT","@id":"https:\/\/deveho.com\/#\/schema\/logo\/image\/","url":"https:\/\/deveho.com\/wp-content\/uploads\/2023\/02\/DEVEHO-LOGO-Baseline-COLOR.png","contentUrl":"https:\/\/deveho.com\/wp-content\/uploads\/2023\/02\/DEVEHO-LOGO-Baseline-COLOR.png","width":2251,"height":585,"caption":"Deveho Consulting Group"},"image":{"@id":"https:\/\/deveho.com\/#\/schema\/logo\/image\/"},"sameAs":["https:\/\/www.facebook.com\/deveho","https:\/\/x.com\/Deveho1","https:\/\/www.linkedin.com\/company\/deveho-consulting\/"]}]}},"_links":{"self":[{"href":"https:\/\/deveho.com\/lt\/wp-json\/wp\/v2\/pages\/39392"}],"collection":[{"href":"https:\/\/deveho.com\/lt\/wp-json\/wp\/v2\/pages"}],"about":[{"href":"https:\/\/deveho.com\/lt\/wp-json\/wp\/v2\/types\/page"}],"author":[{"embeddable":true,"href":"https:\/\/deveho.com\/lt\/wp-json\/wp\/v2\/users\/6"}],"replies":[{"embeddable":true,"href":"https:\/\/deveho.com\/lt\/wp-json\/wp\/v2\/comments?post=39392"}],"version-history":[{"count":11,"href":"https:\/\/deveho.com\/lt\/wp-json\/wp\/v2\/pages\/39392\/revisions"}],"predecessor-version":[{"id":46082,"href":"https:\/\/deveho.com\/lt\/wp-json\/wp\/v2\/pages\/39392\/revisions\/46082"}],"wp:attachment":[{"href":"https:\/\/deveho.com\/lt\/wp-json\/wp\/v2\/media?parent=39392"}],"curies":[{"name":"wp","href":"https:\/\/api.w.org\/{rel}","templated":true}]}}