{"id":39398,"date":"2021-08-12T15:42:20","date_gmt":"2021-08-12T15:42:20","guid":{"rendered":"https:\/\/deveho.com\/products\/business-add-on-integration\/"},"modified":"2026-04-07T09:44:52","modified_gmt":"2026-04-07T07:44:52","slug":"verslo-papildiniu-integracija","status":"publish","type":"page","link":"https:\/\/deveho.com\/lt\/produktai\/verslo-papildiniu-integracija\/","title":{"rendered":"Verslo papildini\u0173 integracija"},"content":{"rendered":"<br \/>\n<h2><\/h2>\n<h3><red>Automatizuota tiek\u0117j\u0173 apskaita<\/red>   <\/h3>\n<h3><\/h3>\n<p><p>Integracij\u0105 su Sage X3 sudaro bendrinimas, pradedant nuo Sage X3, pagrindiniais duomenimis (tiek\u0117j\u0173, s\u0105skait\u0173 plano, mok\u0117jimo b\u016bd\u0173&#8230;), pirkimo u\u017esakymais ir (arba) gavimais. Savo ruo\u017etu skaitmenizuotas tiek\u0117j\u0173 s\u0105skait\u0173 fakt\u016br\u0173 sprendimas siun\u010dia s\u0105skaitas fakt\u016bras, atitinkan\u010dias u\u017esakymus ir (arba) gavimus. Galiausiai Sage X3 gali si\u0173sti mok\u0117jimo informacij\u0105 skaitmenizavimo sprendimui.<\/p>\n<p>Atsi\u017evelgdama \u012f klient\u0173 reikalavimus, Deveho reguliariai \u012fgyvendina integracijos projektus su \u0161ia programine \u012franga:<\/p>\n<\/p>\n<h2><\/h2>\n<h3>STRIPE<\/h3>\n<p><p>Elektronin\u0117s prekybos mok\u0117jim\u0173 infrastrukt\u016bra. Naudokit\u0117s Stripe programine \u012franga ir API, kad priimtum\u0117te mok\u0117jimus, atliktum\u0117te pervedimus ir valdytum\u0117te savo internetin\u012f versl\u0105.<\/p>\n<p><a href=\"https:\/\/stripe.com\/\">https:\/\/stripe.com\/<\/a><\/p>\n<\/p>\n<h3><red>Deveho papildomos integracijos su Sage X3 <\/red>      <\/h3>\n<p><p>Bendrov\u0117 Deveho suk\u016br\u0117 tam tikrus priedus, kad dar labiau patobulint\u0173 j\u016bs\u0173 X3 sprendim\u0105. Jie yra \u0161ie:<\/p>\n<\/p>\n<p>Tos pa\u010dios atsargos keliems tiek\u0117jams\n<\/p>\n<p>Automatinis valiut\u0173 kurs\u0173 integravimas\n<\/p>\n<p>Pardavimo s\u0105skait\u0173 fakt\u016br\u0173 siuntimas el. pa\u0161tu paketiniu re\u017eimu\n<\/p>\n<p>Kiekvienos produkto vietos tiek\u0117jo valdymas kasos aparatui\n<\/p>\n<p>Kurti prognozes atkartojant med\u017eiag\u0173 suvartojim\u0105 (MRP)\n<\/p>\n<p>Ataskait\u0173 fail\u0173 pavadinim\u0173 suteikimas\n<\/p>\n<p>Tvarkyti aktyvi\u0105 \/ neaktyvi\u0105 mok\u0117jim\u0173 s\u0105lyg\u0173 \u017eym\u0105\n<\/p>\n<p>Atsarg\u0173 ataskaita su pradiniu ir galutiniu kiekiu bei verte\n<\/p>\n<p>Atsarg\u0173 likutis (pradinis, laikotarpio +\/-, galutinis) kiekiu ir sumomis\n<\/p>\n<p>EDI Edifact (prane\u0161imai INVRPT, DESADV, ANMOV, INVOIC, ORDER, IFTMIN)\n<\/p>\n<p>Papildinys Deveho sFTP (tvarkyti fail\u0173 perdavim\u0105 naudojant sFTP)<\/p>\n<h3>Integracija su finans\u0173 valdymo sprendimais<\/h3>\n<p><p>Deveho reguliariai integruoja Sage X3 finans\u0173 valdymo sprendimus, tokius kaip Kyriba ir Sage XRT, \u0161iems srautams :<\/p>\n<\/p>\n<p>Banko bylos\n<\/p>\n<p>Valiut\u0173 kursai\n<\/p>\n<p>Pagrindiniai duomenys (verslo partneriai)\n<\/p>\n<p>Atlikti mok\u0117jimai\n<\/p>\n<p>Banko i\u0161ra\u0161ai\n<\/p>\n<h3><red>Integracija su darbo u\u017emokes\u010dio ir i\u0161laid\u0173 valdymo programine \u012franga<\/red>   <\/h3>\n<\/p>\n<p>Deveho integruoja darbo u\u017emokes\u010dio srautus kaip apskaitos \u012fra\u0161us, remdamasi standartizuotais importo \u0161ablonais.\n<\/p>\n<p>Naudodama tuos pa\u010dius importo \u0161ablonus, Deveho integruoja darbuotoj\u0173 i\u0161laidas kaip apskaitos \u012fra\u0161us.\n<\/p>\n<h3>Konsolidavimo programos<\/h3>\n<\/p>\n<p>Naudodama liku\u010di\u0173 standartizuotus eksporto \u0161ablonus, Deveho da\u017enai diegia integracij\u0105 su Konsolidavimo sprendimais.\n<\/p>\n<h2><\/h2>\n<h3>Susij\u0119 puslapiai<\/h3>\n<\/p>\n<h3><\/h3>\n<\/p>\n<h3><\/h3><\/p>\n","protected":false},"excerpt":{"rendered":"<p>B\u016bdama Sage X3 integrator\u0117, Deveho reguliariai diegia daugyb\u0119 s\u0105saj\u0173 su tre\u010di\u0173j\u0173 \u0161ali\u0173 sprendimais. Deveho turi didel\u0119 patirt\u012f dirbant su \u012fvairia rinkoje esan\u010dia programine \u012franga arba vidin\u0117mis programomis.<\/p>\n","protected":false},"author":3,"featured_media":0,"parent":39396,"menu_order":0,"comment_status":"closed","ping_status":"closed","template":"templates\/template-prod_serv.php","meta":{"_acf_changed":false,"footnotes":""},"class_list":["post-39398","page","type-page","status-publish","hentry"],"acf":[],"yoast_head":"<!-- This site is optimized with the Yoast SEO plugin v23.5 - https:\/\/yoast.com\/wordpress\/plugins\/seo\/ -->\n<title>Verslo papildini\u0173 integracija - Deveho<\/title>\n<meta name=\"description\" content=\"Perkelkite savo versl\u0105 \u012f nauj\u0105 lyg\u012f su m\u016bs\u0173 Sage X3 Verslo papildini\u0173 integracija. Integruokite Yooz, Stripe ir padidinkite produktyvum\u0105!\" \/>\n<meta name=\"robots\" content=\"index, follow, max-snippet:-1, max-image-preview:large, max-video-preview:-1\" \/>\n<link rel=\"canonical\" href=\"https:\/\/deveho.com\/lt\/produktai\/verslo-papildiniu-integracija\/\" \/>\n<meta property=\"og:locale\" content=\"lt_LT\" \/>\n<meta property=\"og:type\" content=\"article\" \/>\n<meta property=\"og:title\" content=\"Verslo papildini\u0173 integracija - Deveho\" \/>\n<meta property=\"og:description\" content=\"Perkelkite savo versl\u0105 \u012f nauj\u0105 lyg\u012f su m\u016bs\u0173 Sage X3 Verslo papildini\u0173 integracija. Integruokite Yooz, Stripe ir padidinkite produktyvum\u0105!\" \/>\n<meta property=\"og:url\" content=\"https:\/\/deveho.com\/lt\/produktai\/verslo-papildiniu-integracija\/\" \/>\n<meta property=\"og:site_name\" content=\"Deveho\" \/>\n<meta property=\"article:publisher\" content=\"https:\/\/www.facebook.com\/deveho\" \/>\n<meta property=\"article:modified_time\" content=\"2026-04-07T07:44:52+00:00\" \/>\n<meta name=\"twitter:card\" content=\"summary_large_image\" \/>\n<meta name=\"twitter:site\" content=\"@Deveho1\" \/>\n<meta name=\"twitter:label1\" content=\"Est. reading time\" \/>\n\t<meta name=\"twitter:data1\" content=\"2 minut\u0117s\" \/>\n<script type=\"application\/ld+json\" class=\"yoast-schema-graph\">{\"@context\":\"https:\/\/schema.org\",\"@graph\":[{\"@type\":\"WebPage\",\"@id\":\"https:\/\/deveho.com\/lt\/produktai\/verslo-papildiniu-integracija\/\",\"url\":\"https:\/\/deveho.com\/lt\/produktai\/verslo-papildiniu-integracija\/\",\"name\":\"Verslo papildini\u0173 integracija - Deveho\",\"isPartOf\":{\"@id\":\"https:\/\/deveho.com\/#website\"},\"datePublished\":\"2021-08-12T15:42:20+00:00\",\"dateModified\":\"2026-04-07T07:44:52+00:00\",\"description\":\"Perkelkite savo versl\u0105 \u012f nauj\u0105 lyg\u012f su m\u016bs\u0173 Sage X3 Verslo papildini\u0173 integracija. Integruokite Yooz, Stripe ir padidinkite produktyvum\u0105!\",\"breadcrumb\":{\"@id\":\"https:\/\/deveho.com\/lt\/produktai\/verslo-papildiniu-integracija\/#breadcrumb\"},\"inLanguage\":\"lt-LT\",\"potentialAction\":[{\"@type\":\"ReadAction\",\"target\":[\"https:\/\/deveho.com\/lt\/produktai\/verslo-papildiniu-integracija\/\"]}]},{\"@type\":\"BreadcrumbList\",\"@id\":\"https:\/\/deveho.com\/lt\/produktai\/verslo-papildiniu-integracija\/#breadcrumb\",\"itemListElement\":[{\"@type\":\"ListItem\",\"position\":1,\"name\":\"Home\",\"item\":\"https:\/\/deveho.com\/lt\/\"},{\"@type\":\"ListItem\",\"position\":2,\"name\":\"Produktai\",\"item\":\"https:\/\/deveho.com\/lt\/produktai\/\"},{\"@type\":\"ListItem\",\"position\":3,\"name\":\"Verslo papildini\u0173 integracija\"}]},{\"@type\":\"WebSite\",\"@id\":\"https:\/\/deveho.com\/#website\",\"url\":\"https:\/\/deveho.com\/\",\"name\":\"Deveho Consulting Group\",\"description\":\"Let\u2019s boost your growth\",\"publisher\":{\"@id\":\"https:\/\/deveho.com\/#organization\"},\"potentialAction\":[{\"@type\":\"SearchAction\",\"target\":{\"@type\":\"EntryPoint\",\"urlTemplate\":\"https:\/\/deveho.com\/?s={search_term_string}\"},\"query-input\":{\"@type\":\"PropertyValueSpecification\",\"valueRequired\":true,\"valueName\":\"search_term_string\"}}],\"inLanguage\":\"lt-LT\"},{\"@type\":\"Organization\",\"@id\":\"https:\/\/deveho.com\/#organization\",\"name\":\"Deveho Consulting Group\",\"url\":\"https:\/\/deveho.com\/\",\"logo\":{\"@type\":\"ImageObject\",\"inLanguage\":\"lt-LT\",\"@id\":\"https:\/\/deveho.com\/#\/schema\/logo\/image\/\",\"url\":\"https:\/\/deveho.com\/wp-content\/uploads\/2023\/02\/DEVEHO-LOGO-Baseline-COLOR.png\",\"contentUrl\":\"https:\/\/deveho.com\/wp-content\/uploads\/2023\/02\/DEVEHO-LOGO-Baseline-COLOR.png\",\"width\":2251,\"height\":585,\"caption\":\"Deveho Consulting Group\"},\"image\":{\"@id\":\"https:\/\/deveho.com\/#\/schema\/logo\/image\/\"},\"sameAs\":[\"https:\/\/www.facebook.com\/deveho\",\"https:\/\/x.com\/Deveho1\",\"https:\/\/www.linkedin.com\/company\/deveho-consulting\/\"]}]}<\/script>\n<!-- \/ Yoast SEO plugin. -->","yoast_head_json":{"title":"Verslo papildini\u0173 integracija - Deveho","description":"Perkelkite savo versl\u0105 \u012f nauj\u0105 lyg\u012f su m\u016bs\u0173 Sage X3 Verslo papildini\u0173 integracija. Integruokite Yooz, Stripe ir padidinkite produktyvum\u0105!","robots":{"index":"index","follow":"follow","max-snippet":"max-snippet:-1","max-image-preview":"max-image-preview:large","max-video-preview":"max-video-preview:-1"},"canonical":"https:\/\/deveho.com\/lt\/produktai\/verslo-papildiniu-integracija\/","og_locale":"lt_LT","og_type":"article","og_title":"Verslo papildini\u0173 integracija - Deveho","og_description":"Perkelkite savo versl\u0105 \u012f nauj\u0105 lyg\u012f su m\u016bs\u0173 Sage X3 Verslo papildini\u0173 integracija. Integruokite Yooz, Stripe ir padidinkite produktyvum\u0105!","og_url":"https:\/\/deveho.com\/lt\/produktai\/verslo-papildiniu-integracija\/","og_site_name":"Deveho","article_publisher":"https:\/\/www.facebook.com\/deveho","article_modified_time":"2026-04-07T07:44:52+00:00","twitter_card":"summary_large_image","twitter_site":"@Deveho1","twitter_misc":{"Est. reading time":"2 minut\u0117s"},"schema":{"@context":"https:\/\/schema.org","@graph":[{"@type":"WebPage","@id":"https:\/\/deveho.com\/lt\/produktai\/verslo-papildiniu-integracija\/","url":"https:\/\/deveho.com\/lt\/produktai\/verslo-papildiniu-integracija\/","name":"Verslo papildini\u0173 integracija - Deveho","isPartOf":{"@id":"https:\/\/deveho.com\/#website"},"datePublished":"2021-08-12T15:42:20+00:00","dateModified":"2026-04-07T07:44:52+00:00","description":"Perkelkite savo versl\u0105 \u012f nauj\u0105 lyg\u012f su m\u016bs\u0173 Sage X3 Verslo papildini\u0173 integracija. Integruokite Yooz, Stripe ir padidinkite produktyvum\u0105!","breadcrumb":{"@id":"https:\/\/deveho.com\/lt\/produktai\/verslo-papildiniu-integracija\/#breadcrumb"},"inLanguage":"lt-LT","potentialAction":[{"@type":"ReadAction","target":["https:\/\/deveho.com\/lt\/produktai\/verslo-papildiniu-integracija\/"]}]},{"@type":"BreadcrumbList","@id":"https:\/\/deveho.com\/lt\/produktai\/verslo-papildiniu-integracija\/#breadcrumb","itemListElement":[{"@type":"ListItem","position":1,"name":"Home","item":"https:\/\/deveho.com\/lt\/"},{"@type":"ListItem","position":2,"name":"Produktai","item":"https:\/\/deveho.com\/lt\/produktai\/"},{"@type":"ListItem","position":3,"name":"Verslo papildini\u0173 integracija"}]},{"@type":"WebSite","@id":"https:\/\/deveho.com\/#website","url":"https:\/\/deveho.com\/","name":"Deveho Consulting Group","description":"Let\u2019s boost your growth","publisher":{"@id":"https:\/\/deveho.com\/#organization"},"potentialAction":[{"@type":"SearchAction","target":{"@type":"EntryPoint","urlTemplate":"https:\/\/deveho.com\/?s={search_term_string}"},"query-input":{"@type":"PropertyValueSpecification","valueRequired":true,"valueName":"search_term_string"}}],"inLanguage":"lt-LT"},{"@type":"Organization","@id":"https:\/\/deveho.com\/#organization","name":"Deveho Consulting Group","url":"https:\/\/deveho.com\/","logo":{"@type":"ImageObject","inLanguage":"lt-LT","@id":"https:\/\/deveho.com\/#\/schema\/logo\/image\/","url":"https:\/\/deveho.com\/wp-content\/uploads\/2023\/02\/DEVEHO-LOGO-Baseline-COLOR.png","contentUrl":"https:\/\/deveho.com\/wp-content\/uploads\/2023\/02\/DEVEHO-LOGO-Baseline-COLOR.png","width":2251,"height":585,"caption":"Deveho Consulting Group"},"image":{"@id":"https:\/\/deveho.com\/#\/schema\/logo\/image\/"},"sameAs":["https:\/\/www.facebook.com\/deveho","https:\/\/x.com\/Deveho1","https:\/\/www.linkedin.com\/company\/deveho-consulting\/"]}]}},"_links":{"self":[{"href":"https:\/\/deveho.com\/lt\/wp-json\/wp\/v2\/pages\/39398"}],"collection":[{"href":"https:\/\/deveho.com\/lt\/wp-json\/wp\/v2\/pages"}],"about":[{"href":"https:\/\/deveho.com\/lt\/wp-json\/wp\/v2\/types\/page"}],"author":[{"embeddable":true,"href":"https:\/\/deveho.com\/lt\/wp-json\/wp\/v2\/users\/3"}],"replies":[{"embeddable":true,"href":"https:\/\/deveho.com\/lt\/wp-json\/wp\/v2\/comments?post=39398"}],"version-history":[{"count":9,"href":"https:\/\/deveho.com\/lt\/wp-json\/wp\/v2\/pages\/39398\/revisions"}],"predecessor-version":[{"id":48074,"href":"https:\/\/deveho.com\/lt\/wp-json\/wp\/v2\/pages\/39398\/revisions\/48074"}],"up":[{"embeddable":true,"href":"https:\/\/deveho.com\/lt\/wp-json\/wp\/v2\/pages\/39396"}],"wp:attachment":[{"href":"https:\/\/deveho.com\/lt\/wp-json\/wp\/v2\/media?parent=39398"}],"curies":[{"name":"wp","href":"https:\/\/api.w.org\/{rel}","templated":true}]}}