{"id":39400,"date":"2021-08-12T12:32:21","date_gmt":"2021-08-12T12:32:21","guid":{"rendered":"https:\/\/deveho.com\/products\/paperless-system-solution\/"},"modified":"2026-01-27T12:46:51","modified_gmt":"2026-01-27T10:46:51","slug":"bepopierine-sistema","status":"publish","type":"page","link":"https:\/\/deveho.com\/lt\/produktai\/bepopierine-sistema\/","title":{"rendered":"Bepopierin\u0117 sistema"},"content":{"rendered":"<br \/>\n<h2>BEPOPIERIN\u0116 SISTEMA &#8211; TAI PASTANGOS SUMA\u017dINTI SU POPIERIN\u0116MIS SISTEMOMIS SUSIJUS\u012e LAIK\u0104 IR I\u0160LAIDAS.<\/h2>\n<h3><\/h3>\n<h3>Be vien tik elektronini\u0173 dokument\u0173 k\u016brimo, dabar, kai skaitmenin\u0117s priemon\u0117s yra pagrindinis informacijos ir komunikacijos vektorius, bepopierin\u0117 sistema suteikia galimyb\u0119 optimizuoti dalijim\u0105si duomenimis ir procesus pasaulyje, kuriame skaitmenin\u0117s priemon\u0117s yra pagrindinis informacijos ir komunikacijos vektorius. Taigi, u\u017esakymai, pasi\u016blymai, s\u0105skaitos fakt\u016bros ir kiti dokumentai rengiami elektroniniu b\u016bdu, tod\u0117l jais lengviau dalytis, per\u017ei\u016br\u0117ti ir saugoti.<br \/>\n<\/h3>\n<p><p>Naudojant standartines jungtis su pagrindiniais rinkos sprendimais, Sage X3 suteikia galimyb\u0119 naudotis efektyvia ir saugia integruota elektronini\u0173 dokument\u0173 valdymo sistema (EDMS).<br \/>\nVisi dokumentai susiejami su atitinkamomis Sage X3 funkcijomis, tod\u0117l pa\u0161alinamos problemos, susijusios su dokument\u0173 dubliavimu ir skirtingomis versijomis, kartu optimizuojami procesai tarp \u012fvairi\u0173 \u012fmon\u0117s padalini\u0173.<\/p>\n<\/p>\n<h2><\/h2>\n<h3>Susij\u0119 puslapiai<\/h3>\n<\/p>\n<h3><\/h3>\n<\/p>\n<h3><\/h3><\/p>\n","protected":false},"excerpt":{"rendered":"<p>Optimizuokite ir u\u017etikrinkite dokument\u0173 &#8211; ir duomen\u0173 &#8211; mainus su partneriais, kad padidintum\u0117te efektyvum\u0105 ir taip sutaupytum\u0117te. Did\u0117jant duomen\u0173 kiekiui, per\u0117jimas prie nepopierini\u0173 metod\u0173 yra pagrindinis \u012fmoni\u0173 r\u016bpestis.<\/p>\n","protected":false},"author":3,"featured_media":0,"parent":39396,"menu_order":0,"comment_status":"closed","ping_status":"closed","template":"templates\/template-prod_serv.php","meta":{"_acf_changed":false,"footnotes":""},"class_list":["post-39400","page","type-page","status-publish","hentry"],"acf":[],"yoast_head":"<!-- This site is optimized with the Yoast SEO plugin v23.5 - https:\/\/yoast.com\/wordpress\/plugins\/seo\/ -->\n<title>Bepopierin\u0117 sistema sprendimas prieigai prie saugi\u0173 duomen\u0173 - Deveho<\/title>\n<meta name=\"description\" content=\"Pagerinkite savo proces\u0173 efektyvum\u0105 supaprastindami ir u\u017etikrindami dokument\u0173 ir duomen\u0173 mainus naudodami m\u016bs\u0173 Bepopierin\u0117 sistema sprendim\u0105.\" \/>\n<meta name=\"robots\" content=\"index, follow, max-snippet:-1, max-image-preview:large, max-video-preview:-1\" \/>\n<link rel=\"canonical\" href=\"https:\/\/deveho.com\/lt\/produktai\/bepopierine-sistema\/\" \/>\n<meta property=\"og:locale\" content=\"lt_LT\" \/>\n<meta property=\"og:type\" content=\"article\" \/>\n<meta property=\"og:title\" content=\"Bepopierin\u0117 sistema sprendimas prieigai prie saugi\u0173 duomen\u0173 - Deveho\" \/>\n<meta property=\"og:description\" content=\"Pagerinkite savo proces\u0173 efektyvum\u0105 supaprastindami ir u\u017etikrindami dokument\u0173 ir duomen\u0173 mainus naudodami m\u016bs\u0173 Bepopierin\u0117 sistema sprendim\u0105.\" \/>\n<meta property=\"og:url\" content=\"https:\/\/deveho.com\/lt\/produktai\/bepopierine-sistema\/\" \/>\n<meta property=\"og:site_name\" content=\"Deveho\" \/>\n<meta property=\"article:publisher\" content=\"https:\/\/www.facebook.com\/deveho\" \/>\n<meta property=\"article:modified_time\" content=\"2026-01-27T10:46:51+00:00\" \/>\n<meta name=\"twitter:card\" content=\"summary_large_image\" \/>\n<meta name=\"twitter:site\" content=\"@Deveho1\" \/>\n<meta name=\"twitter:label1\" content=\"Est. reading time\" \/>\n\t<meta name=\"twitter:data1\" content=\"1 minut\u0117\" \/>\n<script type=\"application\/ld+json\" class=\"yoast-schema-graph\">{\"@context\":\"https:\/\/schema.org\",\"@graph\":[{\"@type\":\"WebPage\",\"@id\":\"https:\/\/deveho.com\/lt\/produktai\/bepopierine-sistema\/\",\"url\":\"https:\/\/deveho.com\/lt\/produktai\/bepopierine-sistema\/\",\"name\":\"Bepopierin\u0117 sistema sprendimas prieigai prie saugi\u0173 duomen\u0173 - Deveho\",\"isPartOf\":{\"@id\":\"https:\/\/deveho.com\/#website\"},\"datePublished\":\"2021-08-12T12:32:21+00:00\",\"dateModified\":\"2026-01-27T10:46:51+00:00\",\"description\":\"Pagerinkite savo proces\u0173 efektyvum\u0105 supaprastindami ir u\u017etikrindami dokument\u0173 ir duomen\u0173 mainus naudodami m\u016bs\u0173 Bepopierin\u0117 sistema sprendim\u0105.\",\"breadcrumb\":{\"@id\":\"https:\/\/deveho.com\/lt\/produktai\/bepopierine-sistema\/#breadcrumb\"},\"inLanguage\":\"lt-LT\",\"potentialAction\":[{\"@type\":\"ReadAction\",\"target\":[\"https:\/\/deveho.com\/lt\/produktai\/bepopierine-sistema\/\"]}]},{\"@type\":\"BreadcrumbList\",\"@id\":\"https:\/\/deveho.com\/lt\/produktai\/bepopierine-sistema\/#breadcrumb\",\"itemListElement\":[{\"@type\":\"ListItem\",\"position\":1,\"name\":\"Home\",\"item\":\"https:\/\/deveho.com\/lt\/\"},{\"@type\":\"ListItem\",\"position\":2,\"name\":\"Produktai\",\"item\":\"https:\/\/deveho.com\/lt\/produktai\/\"},{\"@type\":\"ListItem\",\"position\":3,\"name\":\"Bepopierin\u0117 sistema\"}]},{\"@type\":\"WebSite\",\"@id\":\"https:\/\/deveho.com\/#website\",\"url\":\"https:\/\/deveho.com\/\",\"name\":\"Deveho Consulting Group\",\"description\":\"Let\u2019s boost your growth\",\"publisher\":{\"@id\":\"https:\/\/deveho.com\/#organization\"},\"potentialAction\":[{\"@type\":\"SearchAction\",\"target\":{\"@type\":\"EntryPoint\",\"urlTemplate\":\"https:\/\/deveho.com\/?s={search_term_string}\"},\"query-input\":{\"@type\":\"PropertyValueSpecification\",\"valueRequired\":true,\"valueName\":\"search_term_string\"}}],\"inLanguage\":\"lt-LT\"},{\"@type\":\"Organization\",\"@id\":\"https:\/\/deveho.com\/#organization\",\"name\":\"Deveho Consulting Group\",\"url\":\"https:\/\/deveho.com\/\",\"logo\":{\"@type\":\"ImageObject\",\"inLanguage\":\"lt-LT\",\"@id\":\"https:\/\/deveho.com\/#\/schema\/logo\/image\/\",\"url\":\"https:\/\/deveho.com\/wp-content\/uploads\/2023\/02\/DEVEHO-LOGO-Baseline-COLOR.png\",\"contentUrl\":\"https:\/\/deveho.com\/wp-content\/uploads\/2023\/02\/DEVEHO-LOGO-Baseline-COLOR.png\",\"width\":2251,\"height\":585,\"caption\":\"Deveho Consulting Group\"},\"image\":{\"@id\":\"https:\/\/deveho.com\/#\/schema\/logo\/image\/\"},\"sameAs\":[\"https:\/\/www.facebook.com\/deveho\",\"https:\/\/x.com\/Deveho1\",\"https:\/\/www.linkedin.com\/company\/deveho-consulting\/\"]}]}<\/script>\n<!-- \/ Yoast SEO plugin. -->","yoast_head_json":{"title":"Bepopierin\u0117 sistema sprendimas prieigai prie saugi\u0173 duomen\u0173 - Deveho","description":"Pagerinkite savo proces\u0173 efektyvum\u0105 supaprastindami ir u\u017etikrindami dokument\u0173 ir duomen\u0173 mainus naudodami m\u016bs\u0173 Bepopierin\u0117 sistema sprendim\u0105.","robots":{"index":"index","follow":"follow","max-snippet":"max-snippet:-1","max-image-preview":"max-image-preview:large","max-video-preview":"max-video-preview:-1"},"canonical":"https:\/\/deveho.com\/lt\/produktai\/bepopierine-sistema\/","og_locale":"lt_LT","og_type":"article","og_title":"Bepopierin\u0117 sistema sprendimas prieigai prie saugi\u0173 duomen\u0173 - Deveho","og_description":"Pagerinkite savo proces\u0173 efektyvum\u0105 supaprastindami ir u\u017etikrindami dokument\u0173 ir duomen\u0173 mainus naudodami m\u016bs\u0173 Bepopierin\u0117 sistema sprendim\u0105.","og_url":"https:\/\/deveho.com\/lt\/produktai\/bepopierine-sistema\/","og_site_name":"Deveho","article_publisher":"https:\/\/www.facebook.com\/deveho","article_modified_time":"2026-01-27T10:46:51+00:00","twitter_card":"summary_large_image","twitter_site":"@Deveho1","twitter_misc":{"Est. reading time":"1 minut\u0117"},"schema":{"@context":"https:\/\/schema.org","@graph":[{"@type":"WebPage","@id":"https:\/\/deveho.com\/lt\/produktai\/bepopierine-sistema\/","url":"https:\/\/deveho.com\/lt\/produktai\/bepopierine-sistema\/","name":"Bepopierin\u0117 sistema sprendimas prieigai prie saugi\u0173 duomen\u0173 - Deveho","isPartOf":{"@id":"https:\/\/deveho.com\/#website"},"datePublished":"2021-08-12T12:32:21+00:00","dateModified":"2026-01-27T10:46:51+00:00","description":"Pagerinkite savo proces\u0173 efektyvum\u0105 supaprastindami ir u\u017etikrindami dokument\u0173 ir duomen\u0173 mainus naudodami m\u016bs\u0173 Bepopierin\u0117 sistema sprendim\u0105.","breadcrumb":{"@id":"https:\/\/deveho.com\/lt\/produktai\/bepopierine-sistema\/#breadcrumb"},"inLanguage":"lt-LT","potentialAction":[{"@type":"ReadAction","target":["https:\/\/deveho.com\/lt\/produktai\/bepopierine-sistema\/"]}]},{"@type":"BreadcrumbList","@id":"https:\/\/deveho.com\/lt\/produktai\/bepopierine-sistema\/#breadcrumb","itemListElement":[{"@type":"ListItem","position":1,"name":"Home","item":"https:\/\/deveho.com\/lt\/"},{"@type":"ListItem","position":2,"name":"Produktai","item":"https:\/\/deveho.com\/lt\/produktai\/"},{"@type":"ListItem","position":3,"name":"Bepopierin\u0117 sistema"}]},{"@type":"WebSite","@id":"https:\/\/deveho.com\/#website","url":"https:\/\/deveho.com\/","name":"Deveho Consulting Group","description":"Let\u2019s boost your growth","publisher":{"@id":"https:\/\/deveho.com\/#organization"},"potentialAction":[{"@type":"SearchAction","target":{"@type":"EntryPoint","urlTemplate":"https:\/\/deveho.com\/?s={search_term_string}"},"query-input":{"@type":"PropertyValueSpecification","valueRequired":true,"valueName":"search_term_string"}}],"inLanguage":"lt-LT"},{"@type":"Organization","@id":"https:\/\/deveho.com\/#organization","name":"Deveho Consulting Group","url":"https:\/\/deveho.com\/","logo":{"@type":"ImageObject","inLanguage":"lt-LT","@id":"https:\/\/deveho.com\/#\/schema\/logo\/image\/","url":"https:\/\/deveho.com\/wp-content\/uploads\/2023\/02\/DEVEHO-LOGO-Baseline-COLOR.png","contentUrl":"https:\/\/deveho.com\/wp-content\/uploads\/2023\/02\/DEVEHO-LOGO-Baseline-COLOR.png","width":2251,"height":585,"caption":"Deveho Consulting Group"},"image":{"@id":"https:\/\/deveho.com\/#\/schema\/logo\/image\/"},"sameAs":["https:\/\/www.facebook.com\/deveho","https:\/\/x.com\/Deveho1","https:\/\/www.linkedin.com\/company\/deveho-consulting\/"]}]}},"_links":{"self":[{"href":"https:\/\/deveho.com\/lt\/wp-json\/wp\/v2\/pages\/39400"}],"collection":[{"href":"https:\/\/deveho.com\/lt\/wp-json\/wp\/v2\/pages"}],"about":[{"href":"https:\/\/deveho.com\/lt\/wp-json\/wp\/v2\/types\/page"}],"author":[{"embeddable":true,"href":"https:\/\/deveho.com\/lt\/wp-json\/wp\/v2\/users\/3"}],"replies":[{"embeddable":true,"href":"https:\/\/deveho.com\/lt\/wp-json\/wp\/v2\/comments?post=39400"}],"version-history":[{"count":9,"href":"https:\/\/deveho.com\/lt\/wp-json\/wp\/v2\/pages\/39400\/revisions"}],"predecessor-version":[{"id":45812,"href":"https:\/\/deveho.com\/lt\/wp-json\/wp\/v2\/pages\/39400\/revisions\/45812"}],"up":[{"embeddable":true,"href":"https:\/\/deveho.com\/lt\/wp-json\/wp\/v2\/pages\/39396"}],"wp:attachment":[{"href":"https:\/\/deveho.com\/lt\/wp-json\/wp\/v2\/media?parent=39400"}],"curies":[{"name":"wp","href":"https:\/\/api.w.org\/{rel}","templated":true}]}}