{"id":39402,"date":"2021-11-12T14:40:07","date_gmt":"2021-11-12T14:40:07","guid":{"rendered":"https:\/\/deveho.com\/products\/sage-frp-1000\/"},"modified":"2026-01-27T12:59:06","modified_gmt":"2026-01-27T10:59:06","slug":"sage-frp1000","status":"publish","type":"page","link":"https:\/\/deveho.com\/lt\/produktai\/sage-frp1000\/","title":{"rendered":"Sage FRP1000"},"content":{"rendered":"<br \/>\n<h2>Pasirinkite j\u016bs\u0173 poreikius atitinkan\u010di\u0105 finans\u0173 valdymo priemon\u0119.<\/h2>\n<h3>Vienas kompleksinio valdymo sprendimas<\/h3>\n<p><p>Visi <a href=\"https:\/\/deveho.com\/lt\/profili\/finansu-vadovas\/\">finans\u0173 direktoriaus<\/a> poreikiai sugrupuoti \u012f vien\u0105 \u012frank\u012f: apskaita, veiklos procesai, biud\u017eeto valdymas ir kt. Be to, Sage FRP1000 yra modulinis, pasiimsite tik tai, ko jums reikia, ir pl\u0117tosite sprendim\u0105 pagal savo verslo poreikius.<\/p>\n<\/p>\n<h3>Pritaikyta keli\u0173 \u012fmoni\u0173 valdymui<\/h3>\n<p><p>D\u0117l unikalios duomen\u0173 baz\u0117s Sage FRP1000 suteikia galimyb\u0119: lengvai ir greitai agreguoti duomenis, suderinti ir apsaugoti saugykl\u0105, taip pat vykdyti grup\u0117s vidaus valdym\u0105.<\/p>\n<\/p>\n<h3>Atvira technologin\u0117 platforma<\/h3>\n<p><p>S\u0105saja su vis\u0173 tip\u0173 taikomosiomis programomis, kurias galima naudoti debesyje arba savo serveriuose. Sage FRP 1000 &#8211; tai i\u0161 karto parengtas sprendimas, kuris greitai \u012fdiegiamas ir puikiai prisitaiko prie j\u016bs\u0173 verslo.<\/p>\n<\/p>\n<h3>Valdykite savo komercines operacijas: pirkimus, pardavimus, atsargas<\/h3>\n<p><p>Sprendimas pasi\u017eymi pla\u010dia funkcine apr\u0117ptimi, atitinkan\u010dia visus bendrosios, analitin\u0117s, biud\u017eetin\u0117s ir pagalbin\u0117s apskaitos poreikius &#8211; nuo buhalterini\u0173 \u012fra\u0161\u0173 \u012fvedimo iki automatizuoto mok\u0117jim\u0173 valdymo.<\/p>\n<\/p>\n<h2>Sage FRP 1000<\/h2>\n<h3><\/h3>\n<h3>Apskaitos valdymas<br \/>\n<\/h3>\n<\/p>\n<h2>Sage FRP 1000 <\/h2>\n<h3><\/h3>\n<h3>Finansiniai srautai<br \/>\n<\/h3>\n<\/p>\n<h2>Sage FRP 1000 <\/h2>\n<h3><\/h3>\n<h3>Veiklos procesai<br \/>\n<\/h3>\n<\/p>\n<h2><\/h2>\n<h3>Susij\u0119 puslapiai<\/h3>\n<\/p>\n<h3><\/h3>\n<\/p>\n<h3><\/h3><\/p>\n","protected":false},"excerpt":{"rendered":"<p>Sage FRP1000 debesis &#8211; tai integruotas finansinis paketas, paremtas bendradarbiavimo ir produktyvumo platforma, skirta individualiai pritaikytoms gr\u0105\u017eoms ir ekspert\u0173 funkcinei apr\u0117p\u010diai. Naudodamiesi Sage FRP 1000 , naudokit\u0117s finans\u0173 valdymo sprendimu, leid\u017eian\u010diu geriau kontroliuoti savo finansin\u0119 veikl\u0105, su ja susijusias i\u0161laidas ir rizik\u0105. Programin\u0117 \u012franga Sage FRP 1000 pasi\u017eymi turtinga funkcine apr\u0117ptimi ir ekspertin\u0117mis funkcijomis, skirtomis pa\u017eangiam \u012fvairi\u0173 j\u016bs\u0173 \u012fstaig\u0173 finans\u0173 valdymui.<\/p>\n","protected":false},"author":8,"featured_media":0,"parent":39396,"menu_order":0,"comment_status":"closed","ping_status":"closed","template":"templates\/template-prod_serv.php","meta":{"_acf_changed":false,"footnotes":""},"class_list":["post-39402","page","type-page","status-publish","hentry"],"acf":[],"yoast_head":"<!-- This site is optimized with the Yoast SEO plugin v23.5 - https:\/\/yoast.com\/wordpress\/plugins\/seo\/ -->\n<title>Sage FRP1000, supaprastinkite apskaitos sprendim\u0105 - Deveho<\/title>\n<meta name=\"description\" content=\"Sage FRP1000 - tai integruotas finansinis paketas, paremtas bendradarbiavimo ir produktyvumo platforma. Su\u017einokite daugiau\" \/>\n<meta name=\"robots\" content=\"index, follow, max-snippet:-1, max-image-preview:large, max-video-preview:-1\" \/>\n<link rel=\"canonical\" href=\"https:\/\/deveho.com\/lt\/produktai\/sage-frp1000\/\" \/>\n<meta property=\"og:locale\" content=\"lt_LT\" \/>\n<meta property=\"og:type\" content=\"article\" \/>\n<meta property=\"og:title\" content=\"Sage FRP1000, supaprastinkite apskaitos sprendim\u0105 - Deveho\" \/>\n<meta property=\"og:description\" content=\"Sage FRP1000 - tai integruotas finansinis paketas, paremtas bendradarbiavimo ir produktyvumo platforma. Su\u017einokite daugiau\" \/>\n<meta property=\"og:url\" content=\"https:\/\/deveho.com\/lt\/produktai\/sage-frp1000\/\" \/>\n<meta property=\"og:site_name\" content=\"Deveho\" \/>\n<meta property=\"article:publisher\" content=\"https:\/\/www.facebook.com\/deveho\" \/>\n<meta property=\"article:modified_time\" content=\"2026-01-27T10:59:06+00:00\" \/>\n<meta name=\"twitter:card\" content=\"summary_large_image\" \/>\n<meta name=\"twitter:site\" content=\"@Deveho1\" \/>\n<meta name=\"twitter:label1\" content=\"Est. reading time\" \/>\n\t<meta name=\"twitter:data1\" content=\"1 minut\u0117\" \/>\n<script type=\"application\/ld+json\" class=\"yoast-schema-graph\">{\"@context\":\"https:\/\/schema.org\",\"@graph\":[{\"@type\":\"WebPage\",\"@id\":\"https:\/\/deveho.com\/lt\/produktai\/sage-frp1000\/\",\"url\":\"https:\/\/deveho.com\/lt\/produktai\/sage-frp1000\/\",\"name\":\"Sage FRP1000, supaprastinkite apskaitos sprendim\u0105 - Deveho\",\"isPartOf\":{\"@id\":\"https:\/\/deveho.com\/#website\"},\"datePublished\":\"2021-11-12T14:40:07+00:00\",\"dateModified\":\"2026-01-27T10:59:06+00:00\",\"description\":\"Sage FRP1000 - tai integruotas finansinis paketas, paremtas bendradarbiavimo ir produktyvumo platforma. Su\u017einokite daugiau\",\"breadcrumb\":{\"@id\":\"https:\/\/deveho.com\/lt\/produktai\/sage-frp1000\/#breadcrumb\"},\"inLanguage\":\"lt-LT\",\"potentialAction\":[{\"@type\":\"ReadAction\",\"target\":[\"https:\/\/deveho.com\/lt\/produktai\/sage-frp1000\/\"]}]},{\"@type\":\"BreadcrumbList\",\"@id\":\"https:\/\/deveho.com\/lt\/produktai\/sage-frp1000\/#breadcrumb\",\"itemListElement\":[{\"@type\":\"ListItem\",\"position\":1,\"name\":\"Home\",\"item\":\"https:\/\/deveho.com\/lt\/\"},{\"@type\":\"ListItem\",\"position\":2,\"name\":\"Produktai\",\"item\":\"https:\/\/deveho.com\/lt\/produktai\/\"},{\"@type\":\"ListItem\",\"position\":3,\"name\":\"Sage FRP1000\"}]},{\"@type\":\"WebSite\",\"@id\":\"https:\/\/deveho.com\/#website\",\"url\":\"https:\/\/deveho.com\/\",\"name\":\"Deveho Consulting Group\",\"description\":\"Let\u2019s boost your growth\",\"publisher\":{\"@id\":\"https:\/\/deveho.com\/#organization\"},\"potentialAction\":[{\"@type\":\"SearchAction\",\"target\":{\"@type\":\"EntryPoint\",\"urlTemplate\":\"https:\/\/deveho.com\/?s={search_term_string}\"},\"query-input\":{\"@type\":\"PropertyValueSpecification\",\"valueRequired\":true,\"valueName\":\"search_term_string\"}}],\"inLanguage\":\"lt-LT\"},{\"@type\":\"Organization\",\"@id\":\"https:\/\/deveho.com\/#organization\",\"name\":\"Deveho Consulting Group\",\"url\":\"https:\/\/deveho.com\/\",\"logo\":{\"@type\":\"ImageObject\",\"inLanguage\":\"lt-LT\",\"@id\":\"https:\/\/deveho.com\/#\/schema\/logo\/image\/\",\"url\":\"https:\/\/deveho.com\/wp-content\/uploads\/2023\/02\/DEVEHO-LOGO-Baseline-COLOR.png\",\"contentUrl\":\"https:\/\/deveho.com\/wp-content\/uploads\/2023\/02\/DEVEHO-LOGO-Baseline-COLOR.png\",\"width\":2251,\"height\":585,\"caption\":\"Deveho Consulting Group\"},\"image\":{\"@id\":\"https:\/\/deveho.com\/#\/schema\/logo\/image\/\"},\"sameAs\":[\"https:\/\/www.facebook.com\/deveho\",\"https:\/\/x.com\/Deveho1\",\"https:\/\/www.linkedin.com\/company\/deveho-consulting\/\"]}]}<\/script>\n<!-- \/ Yoast SEO plugin. -->","yoast_head_json":{"title":"Sage FRP1000, supaprastinkite apskaitos sprendim\u0105 - Deveho","description":"Sage FRP1000 - tai integruotas finansinis paketas, paremtas bendradarbiavimo ir produktyvumo platforma. Su\u017einokite daugiau","robots":{"index":"index","follow":"follow","max-snippet":"max-snippet:-1","max-image-preview":"max-image-preview:large","max-video-preview":"max-video-preview:-1"},"canonical":"https:\/\/deveho.com\/lt\/produktai\/sage-frp1000\/","og_locale":"lt_LT","og_type":"article","og_title":"Sage FRP1000, supaprastinkite apskaitos sprendim\u0105 - Deveho","og_description":"Sage FRP1000 - tai integruotas finansinis paketas, paremtas bendradarbiavimo ir produktyvumo platforma. Su\u017einokite daugiau","og_url":"https:\/\/deveho.com\/lt\/produktai\/sage-frp1000\/","og_site_name":"Deveho","article_publisher":"https:\/\/www.facebook.com\/deveho","article_modified_time":"2026-01-27T10:59:06+00:00","twitter_card":"summary_large_image","twitter_site":"@Deveho1","twitter_misc":{"Est. reading time":"1 minut\u0117"},"schema":{"@context":"https:\/\/schema.org","@graph":[{"@type":"WebPage","@id":"https:\/\/deveho.com\/lt\/produktai\/sage-frp1000\/","url":"https:\/\/deveho.com\/lt\/produktai\/sage-frp1000\/","name":"Sage FRP1000, supaprastinkite apskaitos sprendim\u0105 - Deveho","isPartOf":{"@id":"https:\/\/deveho.com\/#website"},"datePublished":"2021-11-12T14:40:07+00:00","dateModified":"2026-01-27T10:59:06+00:00","description":"Sage FRP1000 - tai integruotas finansinis paketas, paremtas bendradarbiavimo ir produktyvumo platforma. Su\u017einokite daugiau","breadcrumb":{"@id":"https:\/\/deveho.com\/lt\/produktai\/sage-frp1000\/#breadcrumb"},"inLanguage":"lt-LT","potentialAction":[{"@type":"ReadAction","target":["https:\/\/deveho.com\/lt\/produktai\/sage-frp1000\/"]}]},{"@type":"BreadcrumbList","@id":"https:\/\/deveho.com\/lt\/produktai\/sage-frp1000\/#breadcrumb","itemListElement":[{"@type":"ListItem","position":1,"name":"Home","item":"https:\/\/deveho.com\/lt\/"},{"@type":"ListItem","position":2,"name":"Produktai","item":"https:\/\/deveho.com\/lt\/produktai\/"},{"@type":"ListItem","position":3,"name":"Sage FRP1000"}]},{"@type":"WebSite","@id":"https:\/\/deveho.com\/#website","url":"https:\/\/deveho.com\/","name":"Deveho Consulting Group","description":"Let\u2019s boost your growth","publisher":{"@id":"https:\/\/deveho.com\/#organization"},"potentialAction":[{"@type":"SearchAction","target":{"@type":"EntryPoint","urlTemplate":"https:\/\/deveho.com\/?s={search_term_string}"},"query-input":{"@type":"PropertyValueSpecification","valueRequired":true,"valueName":"search_term_string"}}],"inLanguage":"lt-LT"},{"@type":"Organization","@id":"https:\/\/deveho.com\/#organization","name":"Deveho Consulting Group","url":"https:\/\/deveho.com\/","logo":{"@type":"ImageObject","inLanguage":"lt-LT","@id":"https:\/\/deveho.com\/#\/schema\/logo\/image\/","url":"https:\/\/deveho.com\/wp-content\/uploads\/2023\/02\/DEVEHO-LOGO-Baseline-COLOR.png","contentUrl":"https:\/\/deveho.com\/wp-content\/uploads\/2023\/02\/DEVEHO-LOGO-Baseline-COLOR.png","width":2251,"height":585,"caption":"Deveho Consulting Group"},"image":{"@id":"https:\/\/deveho.com\/#\/schema\/logo\/image\/"},"sameAs":["https:\/\/www.facebook.com\/deveho","https:\/\/x.com\/Deveho1","https:\/\/www.linkedin.com\/company\/deveho-consulting\/"]}]}},"_links":{"self":[{"href":"https:\/\/deveho.com\/lt\/wp-json\/wp\/v2\/pages\/39402"}],"collection":[{"href":"https:\/\/deveho.com\/lt\/wp-json\/wp\/v2\/pages"}],"about":[{"href":"https:\/\/deveho.com\/lt\/wp-json\/wp\/v2\/types\/page"}],"author":[{"embeddable":true,"href":"https:\/\/deveho.com\/lt\/wp-json\/wp\/v2\/users\/8"}],"replies":[{"embeddable":true,"href":"https:\/\/deveho.com\/lt\/wp-json\/wp\/v2\/comments?post=39402"}],"version-history":[{"count":11,"href":"https:\/\/deveho.com\/lt\/wp-json\/wp\/v2\/pages\/39402\/revisions"}],"predecessor-version":[{"id":45819,"href":"https:\/\/deveho.com\/lt\/wp-json\/wp\/v2\/pages\/39402\/revisions\/45819"}],"up":[{"embeddable":true,"href":"https:\/\/deveho.com\/lt\/wp-json\/wp\/v2\/pages\/39396"}],"wp:attachment":[{"href":"https:\/\/deveho.com\/lt\/wp-json\/wp\/v2\/media?parent=39402"}],"curies":[{"name":"wp","href":"https:\/\/api.w.org\/{rel}","templated":true}]}}