{"id":39404,"date":"2021-06-11T14:46:28","date_gmt":"2021-06-11T14:46:28","guid":{"rendered":"https:\/\/deveho.com\/products\/sage-frp-1000\/sage-frp-1000-dematerialisation\/"},"modified":"2026-01-27T12:59:44","modified_gmt":"2026-01-27T10:59:44","slug":"sage-frp-1000-dematerializavimas","status":"publish","type":"page","link":"https:\/\/deveho.com\/lt\/produktai\/sage-frp1000\/sage-frp-1000-dematerializavimas\/","title":{"rendered":"SAGE FRP 1000 Dematerializavimas"},"content":{"rendered":"<br \/>\n<h2><\/h2>\n<h3><\/h3>\n<h3><red>Dematerializavimas padeda ma\u017einti popieriaus naudojim\u0105, kuris yra svarbi ekologin\u0117 problema, ir padeda pagerinti j\u016bs\u0173 \u012fmon\u0117s \u012eSA vertinim\u0105. Automatizavimas suma\u017eina veiklos s\u0105naudas ir apdorojimo laik\u0105, kartu pagerindamas atsekamum\u0105 ir taisykli\u0173 steb\u0117sen\u0105.<\/red>   <\/h3>\n<\/p>\n<h2><\/h2>\n<h3>Susij\u0119 puslapiai<\/h3>\n<\/p>\n<h3><\/h3>\n<\/p>\n<h3><\/h3><\/p>\n","protected":false},"excerpt":{"rendered":"<p>Sage FRP 1000 Dematerializavimas automatizuoja vis\u0105 pirkimo proces\u0105: tiek\u0117j\u0173 s\u0105skait\u0173 fakt\u016br\u0173 gavim\u0105 ir skaitmeninim\u0105 (OCR), integravim\u0105 \u012f apskait\u0105, patvirtinim\u0105, mok\u0117jimo kvit\u0173 valdym\u0105, dokument\u0173 archyvavim\u0105.<\/p>\n","protected":false},"author":6,"featured_media":0,"parent":39402,"menu_order":0,"comment_status":"closed","ping_status":"closed","template":"templates\/template-prod_serv.php","meta":{"_acf_changed":false,"footnotes":""},"class_list":["post-39404","page","type-page","status-publish","hentry"],"acf":[],"yoast_head":"<!-- This site is optimized with the Yoast SEO plugin v23.5 - https:\/\/yoast.com\/wordpress\/plugins\/seo\/ -->\n<title>SAGE FRP 1000 Dematerializavimas - Deveho<\/title>\n<meta name=\"robots\" content=\"index, follow, max-snippet:-1, max-image-preview:large, max-video-preview:-1\" \/>\n<link rel=\"canonical\" href=\"https:\/\/deveho.com\/lt\/produktai\/sage-frp1000\/sage-frp-1000-dematerializavimas\/\" \/>\n<meta property=\"og:locale\" content=\"lt_LT\" \/>\n<meta property=\"og:type\" content=\"article\" \/>\n<meta property=\"og:title\" content=\"SAGE FRP 1000 Dematerializavimas - Deveho\" \/>\n<meta property=\"og:description\" content=\"Sage FRP 1000 Dematerializavimas automatizuoja vis\u0105 pirkimo proces\u0105: tiek\u0117j\u0173 s\u0105skait\u0173 fakt\u016br\u0173 gavim\u0105 ir skaitmeninim\u0105 (OCR), integravim\u0105 \u012f apskait\u0105, patvirtinim\u0105, mok\u0117jimo kvit\u0173 valdym\u0105, dokument\u0173 archyvavim\u0105.\" \/>\n<meta property=\"og:url\" content=\"https:\/\/deveho.com\/lt\/produktai\/sage-frp1000\/sage-frp-1000-dematerializavimas\/\" \/>\n<meta property=\"og:site_name\" content=\"Deveho\" \/>\n<meta property=\"article:publisher\" content=\"https:\/\/www.facebook.com\/deveho\" \/>\n<meta property=\"article:modified_time\" content=\"2026-01-27T10:59:44+00:00\" \/>\n<meta name=\"twitter:card\" content=\"summary_large_image\" \/>\n<meta name=\"twitter:site\" content=\"@Deveho1\" \/>\n<meta name=\"twitter:label1\" content=\"Est. reading time\" \/>\n\t<meta name=\"twitter:data1\" content=\"1 minut\u0117\" \/>\n<script type=\"application\/ld+json\" class=\"yoast-schema-graph\">{\"@context\":\"https:\/\/schema.org\",\"@graph\":[{\"@type\":\"WebPage\",\"@id\":\"https:\/\/deveho.com\/lt\/produktai\/sage-frp1000\/sage-frp-1000-dematerializavimas\/\",\"url\":\"https:\/\/deveho.com\/lt\/produktai\/sage-frp1000\/sage-frp-1000-dematerializavimas\/\",\"name\":\"SAGE FRP 1000 Dematerializavimas - Deveho\",\"isPartOf\":{\"@id\":\"https:\/\/deveho.com\/#website\"},\"datePublished\":\"2021-06-11T14:46:28+00:00\",\"dateModified\":\"2026-01-27T10:59:44+00:00\",\"breadcrumb\":{\"@id\":\"https:\/\/deveho.com\/lt\/produktai\/sage-frp1000\/sage-frp-1000-dematerializavimas\/#breadcrumb\"},\"inLanguage\":\"lt-LT\",\"potentialAction\":[{\"@type\":\"ReadAction\",\"target\":[\"https:\/\/deveho.com\/lt\/produktai\/sage-frp1000\/sage-frp-1000-dematerializavimas\/\"]}]},{\"@type\":\"BreadcrumbList\",\"@id\":\"https:\/\/deveho.com\/lt\/produktai\/sage-frp1000\/sage-frp-1000-dematerializavimas\/#breadcrumb\",\"itemListElement\":[{\"@type\":\"ListItem\",\"position\":1,\"name\":\"Home\",\"item\":\"https:\/\/deveho.com\/lt\/\"},{\"@type\":\"ListItem\",\"position\":2,\"name\":\"Produktai\",\"item\":\"https:\/\/deveho.com\/lt\/produktai\/\"},{\"@type\":\"ListItem\",\"position\":3,\"name\":\"Sage FRP1000\",\"item\":\"https:\/\/deveho.com\/lt\/produktai\/sage-frp1000\/\"},{\"@type\":\"ListItem\",\"position\":4,\"name\":\"SAGE FRP 1000 Dematerializavimas\"}]},{\"@type\":\"WebSite\",\"@id\":\"https:\/\/deveho.com\/#website\",\"url\":\"https:\/\/deveho.com\/\",\"name\":\"Deveho Consulting Group\",\"description\":\"Let\u2019s boost your growth\",\"publisher\":{\"@id\":\"https:\/\/deveho.com\/#organization\"},\"potentialAction\":[{\"@type\":\"SearchAction\",\"target\":{\"@type\":\"EntryPoint\",\"urlTemplate\":\"https:\/\/deveho.com\/?s={search_term_string}\"},\"query-input\":{\"@type\":\"PropertyValueSpecification\",\"valueRequired\":true,\"valueName\":\"search_term_string\"}}],\"inLanguage\":\"lt-LT\"},{\"@type\":\"Organization\",\"@id\":\"https:\/\/deveho.com\/#organization\",\"name\":\"Deveho Consulting Group\",\"url\":\"https:\/\/deveho.com\/\",\"logo\":{\"@type\":\"ImageObject\",\"inLanguage\":\"lt-LT\",\"@id\":\"https:\/\/deveho.com\/#\/schema\/logo\/image\/\",\"url\":\"https:\/\/deveho.com\/wp-content\/uploads\/2023\/02\/DEVEHO-LOGO-Baseline-COLOR.png\",\"contentUrl\":\"https:\/\/deveho.com\/wp-content\/uploads\/2023\/02\/DEVEHO-LOGO-Baseline-COLOR.png\",\"width\":2251,\"height\":585,\"caption\":\"Deveho Consulting Group\"},\"image\":{\"@id\":\"https:\/\/deveho.com\/#\/schema\/logo\/image\/\"},\"sameAs\":[\"https:\/\/www.facebook.com\/deveho\",\"https:\/\/x.com\/Deveho1\",\"https:\/\/www.linkedin.com\/company\/deveho-consulting\/\"]}]}<\/script>\n<!-- \/ Yoast SEO plugin. -->","yoast_head_json":{"title":"SAGE FRP 1000 Dematerializavimas - Deveho","robots":{"index":"index","follow":"follow","max-snippet":"max-snippet:-1","max-image-preview":"max-image-preview:large","max-video-preview":"max-video-preview:-1"},"canonical":"https:\/\/deveho.com\/lt\/produktai\/sage-frp1000\/sage-frp-1000-dematerializavimas\/","og_locale":"lt_LT","og_type":"article","og_title":"SAGE FRP 1000 Dematerializavimas - Deveho","og_description":"Sage FRP 1000 Dematerializavimas automatizuoja vis\u0105 pirkimo proces\u0105: tiek\u0117j\u0173 s\u0105skait\u0173 fakt\u016br\u0173 gavim\u0105 ir skaitmeninim\u0105 (OCR), integravim\u0105 \u012f apskait\u0105, patvirtinim\u0105, mok\u0117jimo kvit\u0173 valdym\u0105, dokument\u0173 archyvavim\u0105.","og_url":"https:\/\/deveho.com\/lt\/produktai\/sage-frp1000\/sage-frp-1000-dematerializavimas\/","og_site_name":"Deveho","article_publisher":"https:\/\/www.facebook.com\/deveho","article_modified_time":"2026-01-27T10:59:44+00:00","twitter_card":"summary_large_image","twitter_site":"@Deveho1","twitter_misc":{"Est. reading time":"1 minut\u0117"},"schema":{"@context":"https:\/\/schema.org","@graph":[{"@type":"WebPage","@id":"https:\/\/deveho.com\/lt\/produktai\/sage-frp1000\/sage-frp-1000-dematerializavimas\/","url":"https:\/\/deveho.com\/lt\/produktai\/sage-frp1000\/sage-frp-1000-dematerializavimas\/","name":"SAGE FRP 1000 Dematerializavimas - Deveho","isPartOf":{"@id":"https:\/\/deveho.com\/#website"},"datePublished":"2021-06-11T14:46:28+00:00","dateModified":"2026-01-27T10:59:44+00:00","breadcrumb":{"@id":"https:\/\/deveho.com\/lt\/produktai\/sage-frp1000\/sage-frp-1000-dematerializavimas\/#breadcrumb"},"inLanguage":"lt-LT","potentialAction":[{"@type":"ReadAction","target":["https:\/\/deveho.com\/lt\/produktai\/sage-frp1000\/sage-frp-1000-dematerializavimas\/"]}]},{"@type":"BreadcrumbList","@id":"https:\/\/deveho.com\/lt\/produktai\/sage-frp1000\/sage-frp-1000-dematerializavimas\/#breadcrumb","itemListElement":[{"@type":"ListItem","position":1,"name":"Home","item":"https:\/\/deveho.com\/lt\/"},{"@type":"ListItem","position":2,"name":"Produktai","item":"https:\/\/deveho.com\/lt\/produktai\/"},{"@type":"ListItem","position":3,"name":"Sage FRP1000","item":"https:\/\/deveho.com\/lt\/produktai\/sage-frp1000\/"},{"@type":"ListItem","position":4,"name":"SAGE FRP 1000 Dematerializavimas"}]},{"@type":"WebSite","@id":"https:\/\/deveho.com\/#website","url":"https:\/\/deveho.com\/","name":"Deveho Consulting Group","description":"Let\u2019s boost your growth","publisher":{"@id":"https:\/\/deveho.com\/#organization"},"potentialAction":[{"@type":"SearchAction","target":{"@type":"EntryPoint","urlTemplate":"https:\/\/deveho.com\/?s={search_term_string}"},"query-input":{"@type":"PropertyValueSpecification","valueRequired":true,"valueName":"search_term_string"}}],"inLanguage":"lt-LT"},{"@type":"Organization","@id":"https:\/\/deveho.com\/#organization","name":"Deveho Consulting Group","url":"https:\/\/deveho.com\/","logo":{"@type":"ImageObject","inLanguage":"lt-LT","@id":"https:\/\/deveho.com\/#\/schema\/logo\/image\/","url":"https:\/\/deveho.com\/wp-content\/uploads\/2023\/02\/DEVEHO-LOGO-Baseline-COLOR.png","contentUrl":"https:\/\/deveho.com\/wp-content\/uploads\/2023\/02\/DEVEHO-LOGO-Baseline-COLOR.png","width":2251,"height":585,"caption":"Deveho Consulting Group"},"image":{"@id":"https:\/\/deveho.com\/#\/schema\/logo\/image\/"},"sameAs":["https:\/\/www.facebook.com\/deveho","https:\/\/x.com\/Deveho1","https:\/\/www.linkedin.com\/company\/deveho-consulting\/"]}]}},"_links":{"self":[{"href":"https:\/\/deveho.com\/lt\/wp-json\/wp\/v2\/pages\/39404"}],"collection":[{"href":"https:\/\/deveho.com\/lt\/wp-json\/wp\/v2\/pages"}],"about":[{"href":"https:\/\/deveho.com\/lt\/wp-json\/wp\/v2\/types\/page"}],"author":[{"embeddable":true,"href":"https:\/\/deveho.com\/lt\/wp-json\/wp\/v2\/users\/6"}],"replies":[{"embeddable":true,"href":"https:\/\/deveho.com\/lt\/wp-json\/wp\/v2\/comments?post=39404"}],"version-history":[{"count":5,"href":"https:\/\/deveho.com\/lt\/wp-json\/wp\/v2\/pages\/39404\/revisions"}],"predecessor-version":[{"id":45821,"href":"https:\/\/deveho.com\/lt\/wp-json\/wp\/v2\/pages\/39404\/revisions\/45821"}],"up":[{"embeddable":true,"href":"https:\/\/deveho.com\/lt\/wp-json\/wp\/v2\/pages\/39402"}],"wp:attachment":[{"href":"https:\/\/deveho.com\/lt\/wp-json\/wp\/v2\/media?parent=39404"}],"curies":[{"name":"wp","href":"https:\/\/api.w.org\/{rel}","templated":true}]}}