{"id":39414,"date":"2021-11-03T12:35:41","date_gmt":"2021-11-03T12:35:41","guid":{"rendered":"https:\/\/deveho.com\/products\/sage-x3-erp\/"},"modified":"2026-02-03T11:07:00","modified_gmt":"2026-02-03T09:07:00","slug":"sage-x3","status":"publish","type":"page","link":"https:\/\/deveho.com\/lt\/produktai\/sage-x3\/","title":{"rendered":"Sage X3"},"content":{"rendered":"<br \/>\n<h2>Grei\u010diausia, papras\u010diausia ir <b>blanks\u010diausia ERP<\/b><\/h2>\n<p>Su Sage X3 ERP galite valdyti vis\u0105 savo versl\u0105 &#8211; nuo tiekimo grandin\u0117s iki pardavim\u0173, gamybos, aptarnavimo ir finans\u0173. \u0160is sprendimas skirtas \u012fmon\u0117ms, norin\u010dioms padidinti savo efektyvum\u0105, lankstum\u0105 ir kompetencij\u0105.\n<\/p>\n<p>Jo geb\u0117jimas laikytis daugyb\u0117s \u012fstatym\u0173 ir integruoti \u012fvairias verslo vertikales leid\u017eia palaikyti sud\u0117tingas organizacijas tarptautiniu mastu.<\/p>\n<p>Sage X3 leid\u017eia \u012fmon\u0117ms valdyti savo veikl\u0105 realiuoju laiku tiek veiklos, tiek finansiniais aspektais.<\/p>\n<h2>Kas naujausiame Sage X3 V12 atnaujinime?<\/h2>\n<h3>Naujoji Sage X3 <br \/><red>versija 2025<\/red><\/h3>\n<h3>2025 R2 (12.0.38)<\/h3>\n<\/p>\n<h2>Ar naudojate senesn\u0119 Sage X3 versij\u0105?<\/h2>\n<h3><red>Perkelkite \u012f<\/red> <br \/>Sage X3 V12<\/h3>\n<h3>Migravimas \u012f naujausi\u0105 Sage X3 ERP versij\u0105 &#8211; tai galimyb\u0117 skaitmenizuoti savo procesus ir pasinaudoti \u012fvairiomis automatizavimo galimyb\u0117mis, neregresijos testavimu atnaujinimo metu, specifiniais patobulinimais, pried\u0173 industrializavimu, taip pat neregresijos testavimu konfig\u016bruojant nauj\u0105 bazin\u012f model\u012f ir j\u012f diegiant.<\/h3>\n<p><p>&nbsp;<\/p>\n<p style=\"margin: 0in; font-family: Calibri; font-size: 11.0pt;\">Norite su\u017einoti daugiau? <a href=\"https:\/\/deveho.com\/lt\/kontaktai\/\" target=\"_blank\" rel=\"noopener\"><strong>Susisiekite su<\/strong><\/a> mumis ir gaukite daugiau informacijos.<\/p>\n<p>&nbsp;<\/p>\n<p><img loading=\"lazy\" decoding=\"async\" class=\"alignnone wp-image-33374\" src=\"https:\/\/deveho.com\/wp-content\/uploads\/2024\/09\/Posts-LinkedIn-e1726040958656.png\" alt=\"Migration Sage X3\" width=\"400\" height=\"297\" srcset=\"https:\/\/deveho.com\/wp-content\/uploads\/2024\/09\/Posts-LinkedIn-e1726040958656.png 1122w, https:\/\/deveho.com\/wp-content\/uploads\/2024\/09\/Posts-LinkedIn-e1726040958656-300x223.png 300w, https:\/\/deveho.com\/wp-content\/uploads\/2024\/09\/Posts-LinkedIn-e1726040958656-1024x761.png 1024w, https:\/\/deveho.com\/wp-content\/uploads\/2024\/09\/Posts-LinkedIn-e1726040958656-150x111.png 150w, https:\/\/deveho.com\/wp-content\/uploads\/2024\/09\/Posts-LinkedIn-e1726040958656-768x571.png 768w\" sizes=\"(max-width: 400px) 100vw, 400px\" \/><\/p>\n<\/p>\n<h2>DAUGIAU NEI ERP<\/h2>\n<h3>Sage X3  <red><br \/>produkto galimyb\u0117s<\/red>   <\/h3>\n<h3><\/h3>\n<\/p>\n<h2>Sage X3 leid\u017eia grei\u010diau pl\u0117toti versl\u0105<\/h2>\n<p>Sage X3 skiriasi nuo \u012fprastini\u0173 ERP sistem\u0173, nes leid\u017eia supaprastinti \u012fmon\u0117s valdym\u0105, supaprastinant visus veiklos aspektus.<\/p>\n<p><p>Unikalus ir tarptautinis sprendimas, skirtas vidutinio dyd\u017eio \u012fmon\u0117ms visame pasaulyje, Sage X3 yra etaloninis sprendimas, skirtas MV\u012e, vidutinio dyd\u017eio \u012fmon\u0117ms ir dideli\u0173 grupi\u0173 dukterin\u0117ms \u012fmon\u0117ms. Sage X3 galima \u012fsigyti ma\u017edaug 100 \u0161ali\u0173, o d\u0117l paprasto naudojimo ir greito bei ekonomi\u0161ko \u012fdiegimo j\u012f renkasi daugiau nei 5 200 \u012fmoni\u0173 ir 240 000 naudotoj\u0173.<\/p>\n<\/p>\n<p><p>Sage X3 vis\u0173 pirma skirtas \u012fmon\u0117ms, turin\u010dioms nuo 100 iki 500 darbuotoj\u0173, dirban\u010dioms platinimo, gamybos ir paslaug\u0173 srityse. Sage X3 gali pad\u0117ti vietinio ir tarptautinio masto bendrov\u0117ms, nepriklausomai nuo to, ar jos yra nepriklausomos, ar priklauso didesnei grupei. Rezultatai: supaprastinta veikla, realiuoju laiku gaunama informacija apie j\u016bs\u0173 versl\u0105 ir geresni veiklos rezultatai.<\/p>\n<\/p>\n<h2>ERP pasirinkimo svarba<\/h2>\n<p>Vidutinio dyd\u017eio \u012fmon\u0117s nuolat susiduria su problema, kai tenka tenkintis nekokybi\u0161kais, sunkiai prieinamais ir sunkiai interpretuojamais vidaus duomenimis, tod\u0117l tai stabdo j\u0173 augim\u0105 ir pelningum\u0105<\/p>\n<p>D\u0117l pasenusi\u0173 valdymo sistem\u0173 ir netinkam\u0173 sprendim\u0173 \u012fmon\u0117ms tenka \u012fgyvendinti daugyb\u0119 rankini\u0173 proces\u0173, d\u0117l kuri\u0173 visoje organizacijoje atsiranda neefektyvumas.<\/p>\n<h2><red>Ko tikit\u0117s i\u0161 ERP?<\/red>   <\/h2>\n<p>\u012emonei reikia integruoto valdymo programin\u0117s \u012frangos paketo, kad b\u016bt\u0173 galima optimizuoti ir palengvinti visus valdymo procesus, jos produktyvum\u0105 ar net i\u0161teklius. ERP \u012frankio \u012fsigijimas turi daug privalum\u0173 bet kuriai strukt\u016brai.\n<\/p>\n<h2><\/h2>\n<h3>Susij\u0119 puslapiai<\/h3>\n<\/p>\n<h3><\/h3>\n<\/p>\n<h3><\/h3>\n<\/p>\n<h2>Per\u017ei\u016br\u0117kite interaktyvi\u0105 Sage X3 produkto ap\u017evalg\u0105<\/h2>\n<p>Per\u017ei\u016br\u0117kite vaizdo \u012fra\u0161\u0105 ir su\u017einokite, kaip Sage X3 remia ir stiprina platinimo, gamybos ir paslaug\u0173 sektorius.<\/p><\/p>\n","protected":false},"excerpt":{"rendered":"<p>\u201eSage X3\u201c si\u016blo greitesnius, intuityvesnius ir labiau pritaikytus verslo valdymo sprendimus nei \u012fprasta ERP, skirtus \u012f produktus orientuotoms \u012fmon\u0117ms, siekian\u010dioms klest\u0117ti ir i\u0161likti konkurencingoms did\u0117jan\u010dio sud\u0117tingumo s\u0105lygomis. \u201eSage X3\u201c kei\u010dia \u017emoni\u0173, proces\u0173 ir operacij\u0173 valdym\u0105, tod\u0117l \u012fmon\u0117s gali spar\u010diai imtis poky\u010di\u0173.<\/p>\n","protected":false},"author":8,"featured_media":0,"parent":39396,"menu_order":0,"comment_status":"closed","ping_status":"closed","template":"templates\/template-prod_serv.php","meta":{"_acf_changed":false,"footnotes":""},"class_list":["post-39414","page","type-page","status-publish","hentry"],"acf":[],"yoast_head":"<!-- This site is optimized with the Yoast SEO plugin v23.5 - https:\/\/yoast.com\/wordpress\/plugins\/seo\/ -->\n<title>Sage X3 ERP helps you grow your business faster - Deveho<\/title>\n<meta name=\"description\" content=\"The Sage X3 ERP puts you in control of your entire business, from the supply chain, through sales, production, service and finance.\" \/>\n<meta name=\"robots\" content=\"index, follow, max-snippet:-1, max-image-preview:large, max-video-preview:-1\" \/>\n<link rel=\"canonical\" href=\"https:\/\/deveho.com\/lt\/produktai\/sage-x3\/\" \/>\n<meta property=\"og:locale\" content=\"lt_LT\" \/>\n<meta property=\"og:type\" content=\"article\" \/>\n<meta property=\"og:title\" content=\"Sage X3 ERP helps you grow your business faster - Deveho\" \/>\n<meta property=\"og:description\" content=\"The Sage X3 ERP puts you in control of your entire business, from the supply chain, through sales, production, service and finance.\" \/>\n<meta property=\"og:url\" content=\"https:\/\/deveho.com\/lt\/produktai\/sage-x3\/\" \/>\n<meta property=\"og:site_name\" content=\"Deveho\" \/>\n<meta property=\"article:publisher\" content=\"https:\/\/www.facebook.com\/deveho\" \/>\n<meta property=\"article:modified_time\" content=\"2026-02-03T09:07:00+00:00\" \/>\n<meta property=\"og:image\" content=\"https:\/\/deveho.com\/wp-content\/uploads\/2024\/09\/Posts-LinkedIn-e1726040958656.png\" \/>\n<meta name=\"twitter:card\" content=\"summary_large_image\" \/>\n<meta name=\"twitter:site\" content=\"@Deveho1\" \/>\n<meta name=\"twitter:label1\" content=\"Est. reading time\" \/>\n\t<meta name=\"twitter:data1\" content=\"2 minut\u0117s\" \/>\n<script type=\"application\/ld+json\" class=\"yoast-schema-graph\">{\"@context\":\"https:\/\/schema.org\",\"@graph\":[{\"@type\":\"WebPage\",\"@id\":\"https:\/\/deveho.com\/lt\/produktai\/sage-x3\/\",\"url\":\"https:\/\/deveho.com\/lt\/produktai\/sage-x3\/\",\"name\":\"Sage X3 ERP helps you grow your business faster - Deveho\",\"isPartOf\":{\"@id\":\"https:\/\/deveho.com\/#website\"},\"primaryImageOfPage\":{\"@id\":\"https:\/\/deveho.com\/lt\/produktai\/sage-x3\/#primaryimage\"},\"image\":{\"@id\":\"https:\/\/deveho.com\/lt\/produktai\/sage-x3\/#primaryimage\"},\"thumbnailUrl\":\"https:\/\/deveho.com\/wp-content\/uploads\/2024\/09\/Posts-LinkedIn-e1726040958656.png\",\"datePublished\":\"2021-11-03T12:35:41+00:00\",\"dateModified\":\"2026-02-03T09:07:00+00:00\",\"description\":\"The Sage X3 ERP puts you in control of your entire business, from the supply chain, through sales, production, service and finance.\",\"breadcrumb\":{\"@id\":\"https:\/\/deveho.com\/lt\/produktai\/sage-x3\/#breadcrumb\"},\"inLanguage\":\"lt-LT\",\"potentialAction\":[{\"@type\":\"ReadAction\",\"target\":[\"https:\/\/deveho.com\/lt\/produktai\/sage-x3\/\"]}]},{\"@type\":\"ImageObject\",\"inLanguage\":\"lt-LT\",\"@id\":\"https:\/\/deveho.com\/lt\/produktai\/sage-x3\/#primaryimage\",\"url\":\"https:\/\/deveho.com\/wp-content\/uploads\/2024\/09\/Posts-LinkedIn-e1726040958656.png\",\"contentUrl\":\"https:\/\/deveho.com\/wp-content\/uploads\/2024\/09\/Posts-LinkedIn-e1726040958656.png\"},{\"@type\":\"BreadcrumbList\",\"@id\":\"https:\/\/deveho.com\/lt\/produktai\/sage-x3\/#breadcrumb\",\"itemListElement\":[{\"@type\":\"ListItem\",\"position\":1,\"name\":\"Home\",\"item\":\"https:\/\/deveho.com\/lt\/\"},{\"@type\":\"ListItem\",\"position\":2,\"name\":\"Produktai\",\"item\":\"https:\/\/deveho.com\/lt\/produktai\/\"},{\"@type\":\"ListItem\",\"position\":3,\"name\":\"Sage X3\"}]},{\"@type\":\"WebSite\",\"@id\":\"https:\/\/deveho.com\/#website\",\"url\":\"https:\/\/deveho.com\/\",\"name\":\"Deveho Consulting Group\",\"description\":\"Let\u2019s boost your growth\",\"publisher\":{\"@id\":\"https:\/\/deveho.com\/#organization\"},\"potentialAction\":[{\"@type\":\"SearchAction\",\"target\":{\"@type\":\"EntryPoint\",\"urlTemplate\":\"https:\/\/deveho.com\/?s={search_term_string}\"},\"query-input\":{\"@type\":\"PropertyValueSpecification\",\"valueRequired\":true,\"valueName\":\"search_term_string\"}}],\"inLanguage\":\"lt-LT\"},{\"@type\":\"Organization\",\"@id\":\"https:\/\/deveho.com\/#organization\",\"name\":\"Deveho Consulting Group\",\"url\":\"https:\/\/deveho.com\/\",\"logo\":{\"@type\":\"ImageObject\",\"inLanguage\":\"lt-LT\",\"@id\":\"https:\/\/deveho.com\/#\/schema\/logo\/image\/\",\"url\":\"https:\/\/deveho.com\/wp-content\/uploads\/2023\/02\/DEVEHO-LOGO-Baseline-COLOR.png\",\"contentUrl\":\"https:\/\/deveho.com\/wp-content\/uploads\/2023\/02\/DEVEHO-LOGO-Baseline-COLOR.png\",\"width\":2251,\"height\":585,\"caption\":\"Deveho Consulting Group\"},\"image\":{\"@id\":\"https:\/\/deveho.com\/#\/schema\/logo\/image\/\"},\"sameAs\":[\"https:\/\/www.facebook.com\/deveho\",\"https:\/\/x.com\/Deveho1\",\"https:\/\/www.linkedin.com\/company\/deveho-consulting\/\"]}]}<\/script>\n<!-- \/ Yoast SEO plugin. -->","yoast_head_json":{"title":"Sage X3 ERP helps you grow your business faster - Deveho","description":"The Sage X3 ERP puts you in control of your entire business, from the supply chain, through sales, production, service and finance.","robots":{"index":"index","follow":"follow","max-snippet":"max-snippet:-1","max-image-preview":"max-image-preview:large","max-video-preview":"max-video-preview:-1"},"canonical":"https:\/\/deveho.com\/lt\/produktai\/sage-x3\/","og_locale":"lt_LT","og_type":"article","og_title":"Sage X3 ERP helps you grow your business faster - Deveho","og_description":"The Sage X3 ERP puts you in control of your entire business, from the supply chain, through sales, production, service and finance.","og_url":"https:\/\/deveho.com\/lt\/produktai\/sage-x3\/","og_site_name":"Deveho","article_publisher":"https:\/\/www.facebook.com\/deveho","article_modified_time":"2026-02-03T09:07:00+00:00","og_image":[{"url":"https:\/\/deveho.com\/wp-content\/uploads\/2024\/09\/Posts-LinkedIn-e1726040958656.png"}],"twitter_card":"summary_large_image","twitter_site":"@Deveho1","twitter_misc":{"Est. reading time":"2 minut\u0117s"},"schema":{"@context":"https:\/\/schema.org","@graph":[{"@type":"WebPage","@id":"https:\/\/deveho.com\/lt\/produktai\/sage-x3\/","url":"https:\/\/deveho.com\/lt\/produktai\/sage-x3\/","name":"Sage X3 ERP helps you grow your business faster - Deveho","isPartOf":{"@id":"https:\/\/deveho.com\/#website"},"primaryImageOfPage":{"@id":"https:\/\/deveho.com\/lt\/produktai\/sage-x3\/#primaryimage"},"image":{"@id":"https:\/\/deveho.com\/lt\/produktai\/sage-x3\/#primaryimage"},"thumbnailUrl":"https:\/\/deveho.com\/wp-content\/uploads\/2024\/09\/Posts-LinkedIn-e1726040958656.png","datePublished":"2021-11-03T12:35:41+00:00","dateModified":"2026-02-03T09:07:00+00:00","description":"The Sage X3 ERP puts you in control of your entire business, from the supply chain, through sales, production, service and finance.","breadcrumb":{"@id":"https:\/\/deveho.com\/lt\/produktai\/sage-x3\/#breadcrumb"},"inLanguage":"lt-LT","potentialAction":[{"@type":"ReadAction","target":["https:\/\/deveho.com\/lt\/produktai\/sage-x3\/"]}]},{"@type":"ImageObject","inLanguage":"lt-LT","@id":"https:\/\/deveho.com\/lt\/produktai\/sage-x3\/#primaryimage","url":"https:\/\/deveho.com\/wp-content\/uploads\/2024\/09\/Posts-LinkedIn-e1726040958656.png","contentUrl":"https:\/\/deveho.com\/wp-content\/uploads\/2024\/09\/Posts-LinkedIn-e1726040958656.png"},{"@type":"BreadcrumbList","@id":"https:\/\/deveho.com\/lt\/produktai\/sage-x3\/#breadcrumb","itemListElement":[{"@type":"ListItem","position":1,"name":"Home","item":"https:\/\/deveho.com\/lt\/"},{"@type":"ListItem","position":2,"name":"Produktai","item":"https:\/\/deveho.com\/lt\/produktai\/"},{"@type":"ListItem","position":3,"name":"Sage X3"}]},{"@type":"WebSite","@id":"https:\/\/deveho.com\/#website","url":"https:\/\/deveho.com\/","name":"Deveho Consulting Group","description":"Let\u2019s boost your growth","publisher":{"@id":"https:\/\/deveho.com\/#organization"},"potentialAction":[{"@type":"SearchAction","target":{"@type":"EntryPoint","urlTemplate":"https:\/\/deveho.com\/?s={search_term_string}"},"query-input":{"@type":"PropertyValueSpecification","valueRequired":true,"valueName":"search_term_string"}}],"inLanguage":"lt-LT"},{"@type":"Organization","@id":"https:\/\/deveho.com\/#organization","name":"Deveho Consulting Group","url":"https:\/\/deveho.com\/","logo":{"@type":"ImageObject","inLanguage":"lt-LT","@id":"https:\/\/deveho.com\/#\/schema\/logo\/image\/","url":"https:\/\/deveho.com\/wp-content\/uploads\/2023\/02\/DEVEHO-LOGO-Baseline-COLOR.png","contentUrl":"https:\/\/deveho.com\/wp-content\/uploads\/2023\/02\/DEVEHO-LOGO-Baseline-COLOR.png","width":2251,"height":585,"caption":"Deveho Consulting Group"},"image":{"@id":"https:\/\/deveho.com\/#\/schema\/logo\/image\/"},"sameAs":["https:\/\/www.facebook.com\/deveho","https:\/\/x.com\/Deveho1","https:\/\/www.linkedin.com\/company\/deveho-consulting\/"]}]}},"_links":{"self":[{"href":"https:\/\/deveho.com\/lt\/wp-json\/wp\/v2\/pages\/39414"}],"collection":[{"href":"https:\/\/deveho.com\/lt\/wp-json\/wp\/v2\/pages"}],"about":[{"href":"https:\/\/deveho.com\/lt\/wp-json\/wp\/v2\/types\/page"}],"author":[{"embeddable":true,"href":"https:\/\/deveho.com\/lt\/wp-json\/wp\/v2\/users\/8"}],"replies":[{"embeddable":true,"href":"https:\/\/deveho.com\/lt\/wp-json\/wp\/v2\/comments?post=39414"}],"version-history":[{"count":46,"href":"https:\/\/deveho.com\/lt\/wp-json\/wp\/v2\/pages\/39414\/revisions"}],"predecessor-version":[{"id":46091,"href":"https:\/\/deveho.com\/lt\/wp-json\/wp\/v2\/pages\/39414\/revisions\/46091"}],"up":[{"embeddable":true,"href":"https:\/\/deveho.com\/lt\/wp-json\/wp\/v2\/pages\/39396"}],"wp:attachment":[{"href":"https:\/\/deveho.com\/lt\/wp-json\/wp\/v2\/media?parent=39414"}],"curies":[{"name":"wp","href":"https:\/\/api.w.org\/{rel}","templated":true}]}}