{"id":39415,"date":"2021-10-07T08:25:53","date_gmt":"2021-10-07T08:25:53","guid":{"rendered":"https:\/\/deveho.com\/datalinx-warehouse-manager\/"},"modified":"2026-02-10T12:16:23","modified_gmt":"2026-02-10T10:16:23","slug":"datalinx-warehouse-manager-x3","status":"publish","type":"page","link":"https:\/\/deveho.com\/lt\/produktai\/sage-x3-marketplace\/datalinx-warehouse-manager-x3\/","title":{"rendered":"Datalinx Warehouse Manager X3"},"content":{"rendered":"<br \/>\n<h2>M\u016aS\u0172 SISTEMOS SKIRTOS \u012eVAIRIOMS PRAMON\u0116S \u0160AKOMS, PAVYZD\u017dIUI, GAMYBOS, MA\u017dMENIN\u0116S PREKYBOS, PLATINIMO IR FARMACIJOS, DIEGIAMOS VIETOJE IR INTEGRUOJAMOS \u012e SAGE APSKAITOS SISTEM\u0104, O SAND\u0116LIO DARBUOTOJAI BELAID\u017dIU RY\u0160IU PRISIJUNGIA PRIE CENTRIN\u0116S SAGE SISTEMOS, NAUDODAMI NAUJAUSI\u0104 BELAID\u0118 \u012eRANG\u0104 IR SPECIALIUS SAND\u0116LIO VADOVO EKRANUS.<\/h2>\n<h3>Datalinx Warehouse Manager X3<\/h3>\n<h3>Integracija su Sage: \u012ediegus Datalinx Warehouse Manager X3 program\u0105, pagal Sage ISV Developer gaires, pritaikomi keli papildomi duomen\u0173 laukai, susij\u0119 su produktais ir, pavyzd\u017eiui, sand\u0117lio zonomis, taip pat papildoma verslo logika, leid\u017eianti Datalinx Warehouse Manager sistemai suteikti sand\u0117lio naudotojams reikalingas pagrindinio paketo funkcijas.<br \/>\n<\/h3>\n<p><p>Datalinx yra vienintel\u0117 pasaulin\u0117 Sage k\u016br\u0117ja, kuri specializuojasi tik br\u016bk\u0161ninio kodavimo ir sand\u0117lio valdymo srityse, si\u016blanti Sage sertifikuotus ir akredituotus sprendimus. Tai rei\u0161kia, kad suprantame, kaip veikia j\u016bs\u0173 Sage sistema, \u012fskaitant jos konfig\u016bravim\u0105 ir modifikavim\u0105, ir naudojam\u0117s \u0161iomis \u017einiomis, kad u\u017etikrintume, jog m\u016bs\u0173 Sage br\u016bk\u0161ninio kodavimo ir sand\u0117lio valdymo produktai visi\u0161kai integruot\u0173si ir veikt\u0173 suderintai su Sage programine \u012franga.<\/p>\n<\/p>\n<h2><\/h2>\n<h3>Susij\u0119 puslapiai<\/h3>\n<\/p>\n<h3><\/h3>\n<\/p>\n<h3><\/h3><\/p>\n","protected":false},"excerpt":{"rendered":"<p>Datalinx Warehouse Manager X3 yra i\u0161samus sprendimas, integruotas \u012f Sage apskaitos sistem\u0105, turintis plat\u0173 funkcionalum\u0105, leid\u017eiant\u012f valdyti verslo proces\u0105 nuo produkto atve\u017eimo momento, vis\u0173 operacij\u0173 iki pakavimo ir i\u0161siuntimo.<\/p>\n","protected":false},"author":6,"featured_media":0,"parent":39420,"menu_order":0,"comment_status":"closed","ping_status":"closed","template":"templates\/template-prod_serv.php","meta":{"_acf_changed":false,"footnotes":""},"class_list":["post-39415","page","type-page","status-publish","hentry"],"acf":[],"yoast_head":"<!-- This site is optimized with the Yoast SEO plugin v23.5 - https:\/\/yoast.com\/wordpress\/plugins\/seo\/ -->\n<title>Datalinx Warehouse Manager X3, 100 % atsarg\u0173 kontrol\u0117 - Deveho<\/title>\n<meta name=\"description\" content=\"Kontroliuokite savo sand\u0117lio operacijas su \u201eDatalinx Warehouse Manager X3\u201c. Padidinkite savo sand\u0117lio na\u0161um\u0105 su \u201eSage\u201c!\" \/>\n<meta name=\"robots\" content=\"index, follow, max-snippet:-1, max-image-preview:large, max-video-preview:-1\" \/>\n<link rel=\"canonical\" href=\"https:\/\/deveho.com\/lt\/produktai\/sage-x3-marketplace\/datalinx-warehouse-manager-x3\/\" \/>\n<meta property=\"og:locale\" content=\"lt_LT\" \/>\n<meta property=\"og:type\" content=\"article\" \/>\n<meta property=\"og:title\" content=\"Datalinx Warehouse Manager X3, 100 % atsarg\u0173 kontrol\u0117 - Deveho\" \/>\n<meta property=\"og:description\" content=\"Kontroliuokite savo sand\u0117lio operacijas su \u201eDatalinx Warehouse Manager X3\u201c. Padidinkite savo sand\u0117lio na\u0161um\u0105 su \u201eSage\u201c!\" \/>\n<meta property=\"og:url\" content=\"https:\/\/deveho.com\/lt\/produktai\/sage-x3-marketplace\/datalinx-warehouse-manager-x3\/\" \/>\n<meta property=\"og:site_name\" content=\"Deveho\" \/>\n<meta property=\"article:publisher\" content=\"https:\/\/www.facebook.com\/deveho\" \/>\n<meta property=\"article:modified_time\" content=\"2026-02-10T10:16:23+00:00\" \/>\n<meta name=\"twitter:card\" content=\"summary_large_image\" \/>\n<meta name=\"twitter:site\" content=\"@Deveho1\" \/>\n<meta name=\"twitter:label1\" content=\"Est. reading time\" \/>\n\t<meta name=\"twitter:data1\" content=\"1 minut\u0117\" \/>\n<script type=\"application\/ld+json\" class=\"yoast-schema-graph\">{\"@context\":\"https:\/\/schema.org\",\"@graph\":[{\"@type\":\"WebPage\",\"@id\":\"https:\/\/deveho.com\/lt\/produktai\/sage-x3-marketplace\/datalinx-warehouse-manager-x3\/\",\"url\":\"https:\/\/deveho.com\/lt\/produktai\/sage-x3-marketplace\/datalinx-warehouse-manager-x3\/\",\"name\":\"Datalinx Warehouse Manager X3, 100 % atsarg\u0173 kontrol\u0117 - Deveho\",\"isPartOf\":{\"@id\":\"https:\/\/deveho.com\/#website\"},\"datePublished\":\"2021-10-07T08:25:53+00:00\",\"dateModified\":\"2026-02-10T10:16:23+00:00\",\"description\":\"Kontroliuokite savo sand\u0117lio operacijas su \u201eDatalinx Warehouse Manager X3\u201c. Padidinkite savo sand\u0117lio na\u0161um\u0105 su \u201eSage\u201c!\",\"breadcrumb\":{\"@id\":\"https:\/\/deveho.com\/lt\/produktai\/sage-x3-marketplace\/datalinx-warehouse-manager-x3\/#breadcrumb\"},\"inLanguage\":\"lt-LT\",\"potentialAction\":[{\"@type\":\"ReadAction\",\"target\":[\"https:\/\/deveho.com\/lt\/produktai\/sage-x3-marketplace\/datalinx-warehouse-manager-x3\/\"]}]},{\"@type\":\"BreadcrumbList\",\"@id\":\"https:\/\/deveho.com\/lt\/produktai\/sage-x3-marketplace\/datalinx-warehouse-manager-x3\/#breadcrumb\",\"itemListElement\":[{\"@type\":\"ListItem\",\"position\":1,\"name\":\"Home\",\"item\":\"https:\/\/deveho.com\/lt\/\"},{\"@type\":\"ListItem\",\"position\":2,\"name\":\"Produktai\",\"item\":\"https:\/\/deveho.com\/lt\/produktai\/\"},{\"@type\":\"ListItem\",\"position\":3,\"name\":\"Sage X3 Marketplace\",\"item\":\"https:\/\/deveho.com\/lt\/produktai\/sage-x3-marketplace\/\"},{\"@type\":\"ListItem\",\"position\":4,\"name\":\"Datalinx Warehouse Manager X3\"}]},{\"@type\":\"WebSite\",\"@id\":\"https:\/\/deveho.com\/#website\",\"url\":\"https:\/\/deveho.com\/\",\"name\":\"Deveho Consulting Group\",\"description\":\"Let\u2019s boost your growth\",\"publisher\":{\"@id\":\"https:\/\/deveho.com\/#organization\"},\"potentialAction\":[{\"@type\":\"SearchAction\",\"target\":{\"@type\":\"EntryPoint\",\"urlTemplate\":\"https:\/\/deveho.com\/?s={search_term_string}\"},\"query-input\":{\"@type\":\"PropertyValueSpecification\",\"valueRequired\":true,\"valueName\":\"search_term_string\"}}],\"inLanguage\":\"lt-LT\"},{\"@type\":\"Organization\",\"@id\":\"https:\/\/deveho.com\/#organization\",\"name\":\"Deveho Consulting Group\",\"url\":\"https:\/\/deveho.com\/\",\"logo\":{\"@type\":\"ImageObject\",\"inLanguage\":\"lt-LT\",\"@id\":\"https:\/\/deveho.com\/#\/schema\/logo\/image\/\",\"url\":\"https:\/\/deveho.com\/wp-content\/uploads\/2023\/02\/DEVEHO-LOGO-Baseline-COLOR.png\",\"contentUrl\":\"https:\/\/deveho.com\/wp-content\/uploads\/2023\/02\/DEVEHO-LOGO-Baseline-COLOR.png\",\"width\":2251,\"height\":585,\"caption\":\"Deveho Consulting Group\"},\"image\":{\"@id\":\"https:\/\/deveho.com\/#\/schema\/logo\/image\/\"},\"sameAs\":[\"https:\/\/www.facebook.com\/deveho\",\"https:\/\/x.com\/Deveho1\",\"https:\/\/www.linkedin.com\/company\/deveho-consulting\/\"]}]}<\/script>\n<!-- \/ Yoast SEO plugin. -->","yoast_head_json":{"title":"Datalinx Warehouse Manager X3, 100 % atsarg\u0173 kontrol\u0117 - Deveho","description":"Kontroliuokite savo sand\u0117lio operacijas su \u201eDatalinx Warehouse Manager X3\u201c. Padidinkite savo sand\u0117lio na\u0161um\u0105 su \u201eSage\u201c!","robots":{"index":"index","follow":"follow","max-snippet":"max-snippet:-1","max-image-preview":"max-image-preview:large","max-video-preview":"max-video-preview:-1"},"canonical":"https:\/\/deveho.com\/lt\/produktai\/sage-x3-marketplace\/datalinx-warehouse-manager-x3\/","og_locale":"lt_LT","og_type":"article","og_title":"Datalinx Warehouse Manager X3, 100 % atsarg\u0173 kontrol\u0117 - Deveho","og_description":"Kontroliuokite savo sand\u0117lio operacijas su \u201eDatalinx Warehouse Manager X3\u201c. Padidinkite savo sand\u0117lio na\u0161um\u0105 su \u201eSage\u201c!","og_url":"https:\/\/deveho.com\/lt\/produktai\/sage-x3-marketplace\/datalinx-warehouse-manager-x3\/","og_site_name":"Deveho","article_publisher":"https:\/\/www.facebook.com\/deveho","article_modified_time":"2026-02-10T10:16:23+00:00","twitter_card":"summary_large_image","twitter_site":"@Deveho1","twitter_misc":{"Est. reading time":"1 minut\u0117"},"schema":{"@context":"https:\/\/schema.org","@graph":[{"@type":"WebPage","@id":"https:\/\/deveho.com\/lt\/produktai\/sage-x3-marketplace\/datalinx-warehouse-manager-x3\/","url":"https:\/\/deveho.com\/lt\/produktai\/sage-x3-marketplace\/datalinx-warehouse-manager-x3\/","name":"Datalinx Warehouse Manager X3, 100 % atsarg\u0173 kontrol\u0117 - Deveho","isPartOf":{"@id":"https:\/\/deveho.com\/#website"},"datePublished":"2021-10-07T08:25:53+00:00","dateModified":"2026-02-10T10:16:23+00:00","description":"Kontroliuokite savo sand\u0117lio operacijas su \u201eDatalinx Warehouse Manager X3\u201c. Padidinkite savo sand\u0117lio na\u0161um\u0105 su \u201eSage\u201c!","breadcrumb":{"@id":"https:\/\/deveho.com\/lt\/produktai\/sage-x3-marketplace\/datalinx-warehouse-manager-x3\/#breadcrumb"},"inLanguage":"lt-LT","potentialAction":[{"@type":"ReadAction","target":["https:\/\/deveho.com\/lt\/produktai\/sage-x3-marketplace\/datalinx-warehouse-manager-x3\/"]}]},{"@type":"BreadcrumbList","@id":"https:\/\/deveho.com\/lt\/produktai\/sage-x3-marketplace\/datalinx-warehouse-manager-x3\/#breadcrumb","itemListElement":[{"@type":"ListItem","position":1,"name":"Home","item":"https:\/\/deveho.com\/lt\/"},{"@type":"ListItem","position":2,"name":"Produktai","item":"https:\/\/deveho.com\/lt\/produktai\/"},{"@type":"ListItem","position":3,"name":"Sage X3 Marketplace","item":"https:\/\/deveho.com\/lt\/produktai\/sage-x3-marketplace\/"},{"@type":"ListItem","position":4,"name":"Datalinx Warehouse Manager X3"}]},{"@type":"WebSite","@id":"https:\/\/deveho.com\/#website","url":"https:\/\/deveho.com\/","name":"Deveho Consulting Group","description":"Let\u2019s boost your growth","publisher":{"@id":"https:\/\/deveho.com\/#organization"},"potentialAction":[{"@type":"SearchAction","target":{"@type":"EntryPoint","urlTemplate":"https:\/\/deveho.com\/?s={search_term_string}"},"query-input":{"@type":"PropertyValueSpecification","valueRequired":true,"valueName":"search_term_string"}}],"inLanguage":"lt-LT"},{"@type":"Organization","@id":"https:\/\/deveho.com\/#organization","name":"Deveho Consulting Group","url":"https:\/\/deveho.com\/","logo":{"@type":"ImageObject","inLanguage":"lt-LT","@id":"https:\/\/deveho.com\/#\/schema\/logo\/image\/","url":"https:\/\/deveho.com\/wp-content\/uploads\/2023\/02\/DEVEHO-LOGO-Baseline-COLOR.png","contentUrl":"https:\/\/deveho.com\/wp-content\/uploads\/2023\/02\/DEVEHO-LOGO-Baseline-COLOR.png","width":2251,"height":585,"caption":"Deveho Consulting Group"},"image":{"@id":"https:\/\/deveho.com\/#\/schema\/logo\/image\/"},"sameAs":["https:\/\/www.facebook.com\/deveho","https:\/\/x.com\/Deveho1","https:\/\/www.linkedin.com\/company\/deveho-consulting\/"]}]}},"_links":{"self":[{"href":"https:\/\/deveho.com\/lt\/wp-json\/wp\/v2\/pages\/39415"}],"collection":[{"href":"https:\/\/deveho.com\/lt\/wp-json\/wp\/v2\/pages"}],"about":[{"href":"https:\/\/deveho.com\/lt\/wp-json\/wp\/v2\/types\/page"}],"author":[{"embeddable":true,"href":"https:\/\/deveho.com\/lt\/wp-json\/wp\/v2\/users\/6"}],"replies":[{"embeddable":true,"href":"https:\/\/deveho.com\/lt\/wp-json\/wp\/v2\/comments?post=39415"}],"version-history":[{"count":11,"href":"https:\/\/deveho.com\/lt\/wp-json\/wp\/v2\/pages\/39415\/revisions"}],"predecessor-version":[{"id":46244,"href":"https:\/\/deveho.com\/lt\/wp-json\/wp\/v2\/pages\/39415\/revisions\/46244"}],"up":[{"embeddable":true,"href":"https:\/\/deveho.com\/lt\/wp-json\/wp\/v2\/pages\/39420"}],"wp:attachment":[{"href":"https:\/\/deveho.com\/lt\/wp-json\/wp\/v2\/media?parent=39415"}],"curies":[{"name":"wp","href":"https:\/\/api.w.org\/{rel}","templated":true}]}}