{"id":39420,"date":"2021-08-12T13:11:00","date_gmt":"2021-08-12T13:11:00","guid":{"rendered":"https:\/\/deveho.com\/products\/sage-x3-marketplace\/"},"modified":"2026-02-11T19:00:43","modified_gmt":"2026-02-11T17:00:43","slug":"sage-x3-marketplace","status":"publish","type":"page","link":"https:\/\/deveho.com\/lt\/produktai\/sage-x3-marketplace\/","title":{"rendered":"Sage X3 Marketplace"},"content":{"rendered":"<br \/>\n<h2><\/h2>\n<h3><b><red>Sage X3 Marketplace <\/red><\/b>   <\/h3>\n<h3>Per\u017ei\u016br\u0117kite Sage X3 Marketplace ir ie\u0161kokite galing\u0173 papildom\u0173 sprendim\u0173, atitinkan\u010di\u0173 j\u016bs\u0173 konkre\u010dius poreikius.<br \/>\n<\/h3>\n<\/p>\n<h2><\/h2>\n<h3>Susij\u0119 puslapiai<\/h3>\n<\/p>\n<h3><\/h3>\n<\/p>\n<h3><\/h3>\n<\/p>\n<h2>Apsilankykite Sage X3 interaktyvioje produkto ap\u017evalgoje<\/h2>\n<p>Per\u017ei\u016br\u0117kite vaizdo \u012fra\u0161\u0105 ir su\u017einokite, kaip Sage X3 remia ir stiprina platinimo, gamybos ir paslaug\u0173 sektorius.<\/p><\/p>\n","protected":false},"excerpt":{"rendered":"<p>Su\u017einokite apie Sage ir jos \u012fgaliot\u0173 partneri\u0173 teikiam\u0173 galing\u0173 sprendim\u0173 pasirinkim\u0105 ir kaip jie gali i\u0161pl\u0117sti j\u016bs\u0173 sprendimo galimybes.<\/p>\n","protected":false},"author":3,"featured_media":0,"parent":39396,"menu_order":0,"comment_status":"closed","ping_status":"closed","template":"templates\/template-prod_serv.php","meta":{"_acf_changed":false,"footnotes":""},"class_list":["post-39420","page","type-page","status-publish","hentry"],"acf":[],"yoast_head":"<!-- This site is optimized with the Yoast SEO plugin v23.5 - https:\/\/yoast.com\/wordpress\/plugins\/seo\/ -->\n<title>Sage X3 Marketplace, pritaikytas j\u016bs\u0173 konkretiems poreikiams - Deveho<\/title>\n<meta name=\"description\" content=\"I\u0161pl\u0117skite \u201eSage X3\u201c galias su \u201eDeveho\u201c ir visa \u201eSage X3 Marketplace (SEI, Yooz, Sage X3 Web Scheduling, ...)\" \/>\n<meta name=\"robots\" content=\"index, follow, max-snippet:-1, max-image-preview:large, max-video-preview:-1\" \/>\n<link rel=\"canonical\" href=\"https:\/\/deveho.com\/lt\/produktai\/sage-x3-marketplace\/\" \/>\n<meta property=\"og:locale\" content=\"lt_LT\" \/>\n<meta property=\"og:type\" content=\"article\" \/>\n<meta property=\"og:title\" content=\"Sage X3 Marketplace, pritaikytas j\u016bs\u0173 konkretiems poreikiams - Deveho\" \/>\n<meta property=\"og:description\" content=\"I\u0161pl\u0117skite \u201eSage X3\u201c galias su \u201eDeveho\u201c ir visa \u201eSage X3 Marketplace (SEI, Yooz, Sage X3 Web Scheduling, ...)\" \/>\n<meta property=\"og:url\" content=\"https:\/\/deveho.com\/lt\/produktai\/sage-x3-marketplace\/\" \/>\n<meta property=\"og:site_name\" content=\"Deveho\" \/>\n<meta property=\"article:publisher\" content=\"https:\/\/www.facebook.com\/deveho\" \/>\n<meta property=\"article:modified_time\" content=\"2026-02-11T17:00:43+00:00\" \/>\n<meta name=\"twitter:card\" content=\"summary_large_image\" \/>\n<meta name=\"twitter:site\" content=\"@Deveho1\" \/>\n<meta name=\"twitter:label1\" content=\"Est. reading time\" \/>\n\t<meta name=\"twitter:data1\" content=\"1 minut\u0117\" \/>\n<script type=\"application\/ld+json\" class=\"yoast-schema-graph\">{\"@context\":\"https:\/\/schema.org\",\"@graph\":[{\"@type\":\"WebPage\",\"@id\":\"https:\/\/deveho.com\/lt\/produktai\/sage-x3-marketplace\/\",\"url\":\"https:\/\/deveho.com\/lt\/produktai\/sage-x3-marketplace\/\",\"name\":\"Sage X3 Marketplace, pritaikytas j\u016bs\u0173 konkretiems poreikiams - Deveho\",\"isPartOf\":{\"@id\":\"https:\/\/deveho.com\/#website\"},\"datePublished\":\"2021-08-12T13:11:00+00:00\",\"dateModified\":\"2026-02-11T17:00:43+00:00\",\"description\":\"I\u0161pl\u0117skite \u201eSage X3\u201c galias su \u201eDeveho\u201c ir visa \u201eSage X3 Marketplace (SEI, Yooz, Sage X3 Web Scheduling, ...)\",\"breadcrumb\":{\"@id\":\"https:\/\/deveho.com\/lt\/produktai\/sage-x3-marketplace\/#breadcrumb\"},\"inLanguage\":\"lt-LT\",\"potentialAction\":[{\"@type\":\"ReadAction\",\"target\":[\"https:\/\/deveho.com\/lt\/produktai\/sage-x3-marketplace\/\"]}]},{\"@type\":\"BreadcrumbList\",\"@id\":\"https:\/\/deveho.com\/lt\/produktai\/sage-x3-marketplace\/#breadcrumb\",\"itemListElement\":[{\"@type\":\"ListItem\",\"position\":1,\"name\":\"Home\",\"item\":\"https:\/\/deveho.com\/lt\/\"},{\"@type\":\"ListItem\",\"position\":2,\"name\":\"Produktai\",\"item\":\"https:\/\/deveho.com\/lt\/produktai\/\"},{\"@type\":\"ListItem\",\"position\":3,\"name\":\"Sage X3 Marketplace\"}]},{\"@type\":\"WebSite\",\"@id\":\"https:\/\/deveho.com\/#website\",\"url\":\"https:\/\/deveho.com\/\",\"name\":\"Deveho Consulting Group\",\"description\":\"Let\u2019s boost your growth\",\"publisher\":{\"@id\":\"https:\/\/deveho.com\/#organization\"},\"potentialAction\":[{\"@type\":\"SearchAction\",\"target\":{\"@type\":\"EntryPoint\",\"urlTemplate\":\"https:\/\/deveho.com\/?s={search_term_string}\"},\"query-input\":{\"@type\":\"PropertyValueSpecification\",\"valueRequired\":true,\"valueName\":\"search_term_string\"}}],\"inLanguage\":\"lt-LT\"},{\"@type\":\"Organization\",\"@id\":\"https:\/\/deveho.com\/#organization\",\"name\":\"Deveho Consulting Group\",\"url\":\"https:\/\/deveho.com\/\",\"logo\":{\"@type\":\"ImageObject\",\"inLanguage\":\"lt-LT\",\"@id\":\"https:\/\/deveho.com\/#\/schema\/logo\/image\/\",\"url\":\"https:\/\/deveho.com\/wp-content\/uploads\/2023\/02\/DEVEHO-LOGO-Baseline-COLOR.png\",\"contentUrl\":\"https:\/\/deveho.com\/wp-content\/uploads\/2023\/02\/DEVEHO-LOGO-Baseline-COLOR.png\",\"width\":2251,\"height\":585,\"caption\":\"Deveho Consulting Group\"},\"image\":{\"@id\":\"https:\/\/deveho.com\/#\/schema\/logo\/image\/\"},\"sameAs\":[\"https:\/\/www.facebook.com\/deveho\",\"https:\/\/x.com\/Deveho1\",\"https:\/\/www.linkedin.com\/company\/deveho-consulting\/\"]}]}<\/script>\n<!-- \/ Yoast SEO plugin. -->","yoast_head_json":{"title":"Sage X3 Marketplace, pritaikytas j\u016bs\u0173 konkretiems poreikiams - Deveho","description":"I\u0161pl\u0117skite \u201eSage X3\u201c galias su \u201eDeveho\u201c ir visa \u201eSage X3 Marketplace (SEI, Yooz, Sage X3 Web Scheduling, ...)","robots":{"index":"index","follow":"follow","max-snippet":"max-snippet:-1","max-image-preview":"max-image-preview:large","max-video-preview":"max-video-preview:-1"},"canonical":"https:\/\/deveho.com\/lt\/produktai\/sage-x3-marketplace\/","og_locale":"lt_LT","og_type":"article","og_title":"Sage X3 Marketplace, pritaikytas j\u016bs\u0173 konkretiems poreikiams - Deveho","og_description":"I\u0161pl\u0117skite \u201eSage X3\u201c galias su \u201eDeveho\u201c ir visa \u201eSage X3 Marketplace (SEI, Yooz, Sage X3 Web Scheduling, ...)","og_url":"https:\/\/deveho.com\/lt\/produktai\/sage-x3-marketplace\/","og_site_name":"Deveho","article_publisher":"https:\/\/www.facebook.com\/deveho","article_modified_time":"2026-02-11T17:00:43+00:00","twitter_card":"summary_large_image","twitter_site":"@Deveho1","twitter_misc":{"Est. reading time":"1 minut\u0117"},"schema":{"@context":"https:\/\/schema.org","@graph":[{"@type":"WebPage","@id":"https:\/\/deveho.com\/lt\/produktai\/sage-x3-marketplace\/","url":"https:\/\/deveho.com\/lt\/produktai\/sage-x3-marketplace\/","name":"Sage X3 Marketplace, pritaikytas j\u016bs\u0173 konkretiems poreikiams - Deveho","isPartOf":{"@id":"https:\/\/deveho.com\/#website"},"datePublished":"2021-08-12T13:11:00+00:00","dateModified":"2026-02-11T17:00:43+00:00","description":"I\u0161pl\u0117skite \u201eSage X3\u201c galias su \u201eDeveho\u201c ir visa \u201eSage X3 Marketplace (SEI, Yooz, Sage X3 Web Scheduling, ...)","breadcrumb":{"@id":"https:\/\/deveho.com\/lt\/produktai\/sage-x3-marketplace\/#breadcrumb"},"inLanguage":"lt-LT","potentialAction":[{"@type":"ReadAction","target":["https:\/\/deveho.com\/lt\/produktai\/sage-x3-marketplace\/"]}]},{"@type":"BreadcrumbList","@id":"https:\/\/deveho.com\/lt\/produktai\/sage-x3-marketplace\/#breadcrumb","itemListElement":[{"@type":"ListItem","position":1,"name":"Home","item":"https:\/\/deveho.com\/lt\/"},{"@type":"ListItem","position":2,"name":"Produktai","item":"https:\/\/deveho.com\/lt\/produktai\/"},{"@type":"ListItem","position":3,"name":"Sage X3 Marketplace"}]},{"@type":"WebSite","@id":"https:\/\/deveho.com\/#website","url":"https:\/\/deveho.com\/","name":"Deveho Consulting Group","description":"Let\u2019s boost your growth","publisher":{"@id":"https:\/\/deveho.com\/#organization"},"potentialAction":[{"@type":"SearchAction","target":{"@type":"EntryPoint","urlTemplate":"https:\/\/deveho.com\/?s={search_term_string}"},"query-input":{"@type":"PropertyValueSpecification","valueRequired":true,"valueName":"search_term_string"}}],"inLanguage":"lt-LT"},{"@type":"Organization","@id":"https:\/\/deveho.com\/#organization","name":"Deveho Consulting Group","url":"https:\/\/deveho.com\/","logo":{"@type":"ImageObject","inLanguage":"lt-LT","@id":"https:\/\/deveho.com\/#\/schema\/logo\/image\/","url":"https:\/\/deveho.com\/wp-content\/uploads\/2023\/02\/DEVEHO-LOGO-Baseline-COLOR.png","contentUrl":"https:\/\/deveho.com\/wp-content\/uploads\/2023\/02\/DEVEHO-LOGO-Baseline-COLOR.png","width":2251,"height":585,"caption":"Deveho Consulting Group"},"image":{"@id":"https:\/\/deveho.com\/#\/schema\/logo\/image\/"},"sameAs":["https:\/\/www.facebook.com\/deveho","https:\/\/x.com\/Deveho1","https:\/\/www.linkedin.com\/company\/deveho-consulting\/"]}]}},"_links":{"self":[{"href":"https:\/\/deveho.com\/lt\/wp-json\/wp\/v2\/pages\/39420"}],"collection":[{"href":"https:\/\/deveho.com\/lt\/wp-json\/wp\/v2\/pages"}],"about":[{"href":"https:\/\/deveho.com\/lt\/wp-json\/wp\/v2\/types\/page"}],"author":[{"embeddable":true,"href":"https:\/\/deveho.com\/lt\/wp-json\/wp\/v2\/users\/3"}],"replies":[{"embeddable":true,"href":"https:\/\/deveho.com\/lt\/wp-json\/wp\/v2\/comments?post=39420"}],"version-history":[{"count":16,"href":"https:\/\/deveho.com\/lt\/wp-json\/wp\/v2\/pages\/39420\/revisions"}],"predecessor-version":[{"id":46260,"href":"https:\/\/deveho.com\/lt\/wp-json\/wp\/v2\/pages\/39420\/revisions\/46260"}],"up":[{"embeddable":true,"href":"https:\/\/deveho.com\/lt\/wp-json\/wp\/v2\/pages\/39396"}],"wp:attachment":[{"href":"https:\/\/deveho.com\/lt\/wp-json\/wp\/v2\/media?parent=39420"}],"curies":[{"name":"wp","href":"https:\/\/api.w.org\/{rel}","templated":true}]}}