{"id":39422,"date":"2021-08-12T13:37:58","date_gmt":"2021-08-12T13:37:58","guid":{"rendered":"https:\/\/deveho.com\/products\/sage-x3-marketplace\/sage-crm\/"},"modified":"2026-01-27T12:36:21","modified_gmt":"2026-01-27T10:36:21","slug":"sage-crm","status":"publish","type":"page","link":"https:\/\/deveho.com\/lt\/produktai\/sage-x3-marketplace\/sage-crm\/","title":{"rendered":"Sage CRM"},"content":{"rendered":"<br \/>\n<h2><\/h2>\n<h3><\/h3>\n<h3>Sage CRM sprendimas sukurtas atsi\u017evelgiant \u012f \u012fmoni\u0173 poreikius, u\u017etikrinant, kad jis i\u0161likt\u0173 \u012fperkamas, pritaikomas ir ne\u012ftik\u0117tinai paprastas naudoti, kartu suteikiant pl\u0117timo galimybes, leid\u017eian\u010dias steb\u0117ti veiklos pl\u0117tr\u0105.<br \/>\n<\/h3>\n<\/p>\n<h2><\/h2>\n<h3>Susij\u0119 puslapiai<\/h3>\n<\/p>\n<h3><\/h3>\n<\/p>\n<h3><\/h3><\/p>\n","protected":false},"excerpt":{"rendered":"<p>Sage CRM modulis, skirtas Sage X3, leid\u017eia vartotojui pagerinti ry\u0161i\u0173 su klientais valdym\u0105.<\/p>\n","protected":false},"author":3,"featured_media":0,"parent":39420,"menu_order":0,"comment_status":"closed","ping_status":"closed","template":"templates\/template-prod_serv.php","meta":{"_acf_changed":false,"footnotes":""},"class_list":["post-39422","page","type-page","status-publish","hentry"],"acf":[],"yoast_head":"<!-- This site is optimized with the Yoast SEO plugin v23.5 - https:\/\/yoast.com\/wordpress\/plugins\/seo\/ -->\n<title>Sage CRM sprendimas, dirbkite i\u0161maniau - Deveho<\/title>\n<meta name=\"description\" content=\"Pasiekite savo verslo tikslus naudodami lengvai naudojam\u0105 ir nebrang\u0173 \u201eSage CRM\u201c sprendim\u0105. \u012egykite konkurencingum\u0105 su \u201eSage X3\" \/>\n<meta name=\"robots\" content=\"index, follow, max-snippet:-1, max-image-preview:large, max-video-preview:-1\" \/>\n<link rel=\"canonical\" href=\"https:\/\/deveho.com\/lt\/produktai\/sage-x3-marketplace\/sage-crm\/\" \/>\n<meta property=\"og:locale\" content=\"lt_LT\" \/>\n<meta property=\"og:type\" content=\"article\" \/>\n<meta property=\"og:title\" content=\"Sage CRM sprendimas, dirbkite i\u0161maniau - Deveho\" \/>\n<meta property=\"og:description\" content=\"Pasiekite savo verslo tikslus naudodami lengvai naudojam\u0105 ir nebrang\u0173 \u201eSage CRM\u201c sprendim\u0105. \u012egykite konkurencingum\u0105 su \u201eSage X3\" \/>\n<meta property=\"og:url\" content=\"https:\/\/deveho.com\/lt\/produktai\/sage-x3-marketplace\/sage-crm\/\" \/>\n<meta property=\"og:site_name\" content=\"Deveho\" \/>\n<meta property=\"article:publisher\" content=\"https:\/\/www.facebook.com\/deveho\" \/>\n<meta property=\"article:modified_time\" content=\"2026-01-27T10:36:21+00:00\" \/>\n<meta name=\"twitter:card\" content=\"summary_large_image\" \/>\n<meta name=\"twitter:site\" content=\"@Deveho1\" \/>\n<meta name=\"twitter:label1\" content=\"Est. reading time\" \/>\n\t<meta name=\"twitter:data1\" content=\"1 minut\u0117\" \/>\n<script type=\"application\/ld+json\" class=\"yoast-schema-graph\">{\"@context\":\"https:\/\/schema.org\",\"@graph\":[{\"@type\":\"WebPage\",\"@id\":\"https:\/\/deveho.com\/lt\/produktai\/sage-x3-marketplace\/sage-crm\/\",\"url\":\"https:\/\/deveho.com\/lt\/produktai\/sage-x3-marketplace\/sage-crm\/\",\"name\":\"Sage CRM sprendimas, dirbkite i\u0161maniau - Deveho\",\"isPartOf\":{\"@id\":\"https:\/\/deveho.com\/#website\"},\"datePublished\":\"2021-08-12T13:37:58+00:00\",\"dateModified\":\"2026-01-27T10:36:21+00:00\",\"description\":\"Pasiekite savo verslo tikslus naudodami lengvai naudojam\u0105 ir nebrang\u0173 \u201eSage CRM\u201c sprendim\u0105. \u012egykite konkurencingum\u0105 su \u201eSage X3\",\"breadcrumb\":{\"@id\":\"https:\/\/deveho.com\/lt\/produktai\/sage-x3-marketplace\/sage-crm\/#breadcrumb\"},\"inLanguage\":\"lt-LT\",\"potentialAction\":[{\"@type\":\"ReadAction\",\"target\":[\"https:\/\/deveho.com\/lt\/produktai\/sage-x3-marketplace\/sage-crm\/\"]}]},{\"@type\":\"BreadcrumbList\",\"@id\":\"https:\/\/deveho.com\/lt\/produktai\/sage-x3-marketplace\/sage-crm\/#breadcrumb\",\"itemListElement\":[{\"@type\":\"ListItem\",\"position\":1,\"name\":\"Home\",\"item\":\"https:\/\/deveho.com\/lt\/\"},{\"@type\":\"ListItem\",\"position\":2,\"name\":\"Produktai\",\"item\":\"https:\/\/deveho.com\/lt\/produktai\/\"},{\"@type\":\"ListItem\",\"position\":3,\"name\":\"Sage X3 Marketplace\",\"item\":\"https:\/\/deveho.com\/lt\/produktai\/sage-x3-marketplace\/\"},{\"@type\":\"ListItem\",\"position\":4,\"name\":\"Sage CRM\"}]},{\"@type\":\"WebSite\",\"@id\":\"https:\/\/deveho.com\/#website\",\"url\":\"https:\/\/deveho.com\/\",\"name\":\"Deveho Consulting Group\",\"description\":\"Let\u2019s boost your growth\",\"publisher\":{\"@id\":\"https:\/\/deveho.com\/#organization\"},\"potentialAction\":[{\"@type\":\"SearchAction\",\"target\":{\"@type\":\"EntryPoint\",\"urlTemplate\":\"https:\/\/deveho.com\/?s={search_term_string}\"},\"query-input\":{\"@type\":\"PropertyValueSpecification\",\"valueRequired\":true,\"valueName\":\"search_term_string\"}}],\"inLanguage\":\"lt-LT\"},{\"@type\":\"Organization\",\"@id\":\"https:\/\/deveho.com\/#organization\",\"name\":\"Deveho Consulting Group\",\"url\":\"https:\/\/deveho.com\/\",\"logo\":{\"@type\":\"ImageObject\",\"inLanguage\":\"lt-LT\",\"@id\":\"https:\/\/deveho.com\/#\/schema\/logo\/image\/\",\"url\":\"https:\/\/deveho.com\/wp-content\/uploads\/2023\/02\/DEVEHO-LOGO-Baseline-COLOR.png\",\"contentUrl\":\"https:\/\/deveho.com\/wp-content\/uploads\/2023\/02\/DEVEHO-LOGO-Baseline-COLOR.png\",\"width\":2251,\"height\":585,\"caption\":\"Deveho Consulting Group\"},\"image\":{\"@id\":\"https:\/\/deveho.com\/#\/schema\/logo\/image\/\"},\"sameAs\":[\"https:\/\/www.facebook.com\/deveho\",\"https:\/\/x.com\/Deveho1\",\"https:\/\/www.linkedin.com\/company\/deveho-consulting\/\"]}]}<\/script>\n<!-- \/ Yoast SEO plugin. -->","yoast_head_json":{"title":"Sage CRM sprendimas, dirbkite i\u0161maniau - Deveho","description":"Pasiekite savo verslo tikslus naudodami lengvai naudojam\u0105 ir nebrang\u0173 \u201eSage CRM\u201c sprendim\u0105. \u012egykite konkurencingum\u0105 su \u201eSage X3","robots":{"index":"index","follow":"follow","max-snippet":"max-snippet:-1","max-image-preview":"max-image-preview:large","max-video-preview":"max-video-preview:-1"},"canonical":"https:\/\/deveho.com\/lt\/produktai\/sage-x3-marketplace\/sage-crm\/","og_locale":"lt_LT","og_type":"article","og_title":"Sage CRM sprendimas, dirbkite i\u0161maniau - Deveho","og_description":"Pasiekite savo verslo tikslus naudodami lengvai naudojam\u0105 ir nebrang\u0173 \u201eSage CRM\u201c sprendim\u0105. \u012egykite konkurencingum\u0105 su \u201eSage X3","og_url":"https:\/\/deveho.com\/lt\/produktai\/sage-x3-marketplace\/sage-crm\/","og_site_name":"Deveho","article_publisher":"https:\/\/www.facebook.com\/deveho","article_modified_time":"2026-01-27T10:36:21+00:00","twitter_card":"summary_large_image","twitter_site":"@Deveho1","twitter_misc":{"Est. reading time":"1 minut\u0117"},"schema":{"@context":"https:\/\/schema.org","@graph":[{"@type":"WebPage","@id":"https:\/\/deveho.com\/lt\/produktai\/sage-x3-marketplace\/sage-crm\/","url":"https:\/\/deveho.com\/lt\/produktai\/sage-x3-marketplace\/sage-crm\/","name":"Sage CRM sprendimas, dirbkite i\u0161maniau - Deveho","isPartOf":{"@id":"https:\/\/deveho.com\/#website"},"datePublished":"2021-08-12T13:37:58+00:00","dateModified":"2026-01-27T10:36:21+00:00","description":"Pasiekite savo verslo tikslus naudodami lengvai naudojam\u0105 ir nebrang\u0173 \u201eSage CRM\u201c sprendim\u0105. \u012egykite konkurencingum\u0105 su \u201eSage X3","breadcrumb":{"@id":"https:\/\/deveho.com\/lt\/produktai\/sage-x3-marketplace\/sage-crm\/#breadcrumb"},"inLanguage":"lt-LT","potentialAction":[{"@type":"ReadAction","target":["https:\/\/deveho.com\/lt\/produktai\/sage-x3-marketplace\/sage-crm\/"]}]},{"@type":"BreadcrumbList","@id":"https:\/\/deveho.com\/lt\/produktai\/sage-x3-marketplace\/sage-crm\/#breadcrumb","itemListElement":[{"@type":"ListItem","position":1,"name":"Home","item":"https:\/\/deveho.com\/lt\/"},{"@type":"ListItem","position":2,"name":"Produktai","item":"https:\/\/deveho.com\/lt\/produktai\/"},{"@type":"ListItem","position":3,"name":"Sage X3 Marketplace","item":"https:\/\/deveho.com\/lt\/produktai\/sage-x3-marketplace\/"},{"@type":"ListItem","position":4,"name":"Sage CRM"}]},{"@type":"WebSite","@id":"https:\/\/deveho.com\/#website","url":"https:\/\/deveho.com\/","name":"Deveho Consulting Group","description":"Let\u2019s boost your growth","publisher":{"@id":"https:\/\/deveho.com\/#organization"},"potentialAction":[{"@type":"SearchAction","target":{"@type":"EntryPoint","urlTemplate":"https:\/\/deveho.com\/?s={search_term_string}"},"query-input":{"@type":"PropertyValueSpecification","valueRequired":true,"valueName":"search_term_string"}}],"inLanguage":"lt-LT"},{"@type":"Organization","@id":"https:\/\/deveho.com\/#organization","name":"Deveho Consulting Group","url":"https:\/\/deveho.com\/","logo":{"@type":"ImageObject","inLanguage":"lt-LT","@id":"https:\/\/deveho.com\/#\/schema\/logo\/image\/","url":"https:\/\/deveho.com\/wp-content\/uploads\/2023\/02\/DEVEHO-LOGO-Baseline-COLOR.png","contentUrl":"https:\/\/deveho.com\/wp-content\/uploads\/2023\/02\/DEVEHO-LOGO-Baseline-COLOR.png","width":2251,"height":585,"caption":"Deveho Consulting Group"},"image":{"@id":"https:\/\/deveho.com\/#\/schema\/logo\/image\/"},"sameAs":["https:\/\/www.facebook.com\/deveho","https:\/\/x.com\/Deveho1","https:\/\/www.linkedin.com\/company\/deveho-consulting\/"]}]}},"_links":{"self":[{"href":"https:\/\/deveho.com\/lt\/wp-json\/wp\/v2\/pages\/39422"}],"collection":[{"href":"https:\/\/deveho.com\/lt\/wp-json\/wp\/v2\/pages"}],"about":[{"href":"https:\/\/deveho.com\/lt\/wp-json\/wp\/v2\/types\/page"}],"author":[{"embeddable":true,"href":"https:\/\/deveho.com\/lt\/wp-json\/wp\/v2\/users\/3"}],"replies":[{"embeddable":true,"href":"https:\/\/deveho.com\/lt\/wp-json\/wp\/v2\/comments?post=39422"}],"version-history":[{"count":7,"href":"https:\/\/deveho.com\/lt\/wp-json\/wp\/v2\/pages\/39422\/revisions"}],"predecessor-version":[{"id":45802,"href":"https:\/\/deveho.com\/lt\/wp-json\/wp\/v2\/pages\/39422\/revisions\/45802"}],"up":[{"embeddable":true,"href":"https:\/\/deveho.com\/lt\/wp-json\/wp\/v2\/pages\/39420"}],"wp:attachment":[{"href":"https:\/\/deveho.com\/lt\/wp-json\/wp\/v2\/media?parent=39422"}],"curies":[{"name":"wp","href":"https:\/\/api.w.org\/{rel}","templated":true}]}}