{"id":39424,"date":"2021-08-12T13:29:20","date_gmt":"2021-08-12T13:29:20","guid":{"rendered":"https:\/\/deveho.com\/products\/sage-x3-marketplace\/sage-eloficash\/"},"modified":"2026-01-27T12:33:12","modified_gmt":"2026-01-27T10:33:12","slug":"sage-eloficash","status":"publish","type":"page","link":"https:\/\/deveho.com\/lt\/produktai\/sage-x3-marketplace\/sage-eloficash\/","title":{"rendered":"Sage Eloficash"},"content":{"rendered":"<br \/>\n<h2><\/h2>\n<h3>Optimizuokite gautinas sumas<\/h3>\n<h3>Ergonomi\u0161kas, saugus, bendradarbiaujantis ir intuityvus Sage Eloficash sprendimas automatizuoja visus j\u016bs\u0173 veiksmus ir palengvina sprendim\u0173 pri\u0117mim\u0105, kad pager\u0117t\u0173 veiklos rezultatai ir pelningumas.<br \/>\n<\/h3>\n<p><p>Ji apima visus klient\u0173 gautin\u0173 sum\u0173 valdymo procesus, pradedant klient\u0173 byl\u0173 centralizavimu, realiuoju laiku atliekama analize ir asmenin\u0117mis konsoliduotomis informacin\u0117mis lentel\u0117mis, baigiant gin\u010d\u0173 sprendimo palengvinimu.<\/p>\n<p>Galutinis gautin\u0173 sum\u0173 valdymo ciklo vaizdas u\u017etikrina sklandesn\u012f informacijos sraut\u0105, padidina vis\u0173 proces\u0173 patikimum\u0105 ir sutrumpina pinig\u0173 susigr\u0105\u017einimo cikl\u0105.<\/p>\n<\/p>\n<h2><\/h2>\n<h3>Sage Eloficash <red> privalumai<\/red><\/h3>\n<h3><\/h3>\n<ul>\n<li>Skersinis po\u017ei\u016bris \u012f \u012fmon\u0119 ir 360\u00b0 gautin\u0173 sum\u0173 valdymo vizija,<\/li>\n<li>Nat\u016brali integracija su <a href=\"https:\/\/deveho.com\/lt\/produktai\/sage-x3\/\">SAGE X3<\/a>, <a href=\"https:\/\/deveho.com\/lt\/produktai\/sage-frp-1000\/\">SAGE FRP 1000<\/a>,<\/li>\n<li>\u017denklus DSO suma\u017e\u0117jimas,<\/li>\n<li>Valdymo prietais\u0173 skydeliai su daugialyp\u0117mis analiz\u0117mis,<\/li>\n<li>Optimizuoti skol\u0173 ma\u017einimo scenarijai, pritaikyti kiekvienam kliento tipui,<\/li>\n<li>Atitiktis OWASP saugos standartams,<\/li>\n<li>Funkcinis ir strukt\u016brinis mastelio keitimas be apimties apribojim\u0173,<\/li>\n<li>\u012esp\u0117jimo sistema kredito rizikai numatyti ir valdyti,<\/li>\n<li>Prieiga pagal naudotoj\u0173 profilius ir ekrano pritaikymas,<\/li>\n<li>Naudojimasis mobiliuoju telefonu (i\u0161maniuoju telefonu, plan\u0161etiniu kompiuteriu).<\/li>\n<\/ul>\n<h2> Pagrindin\u0117s Sage Eloficash <red>funkcijos <\/red> <\/h2>\n<h3><\/h3>\n<p><p>Daugiakalbis, keli\u0173 duomen\u0173 bazi\u0173, keli\u0173 subjekt\u0173, keli\u0173 valiut\u0173, keli\u0173 naudotoj\u0173, keli\u0173 sesij\u0173 sprendimas<\/p>\n<\/p>\n<h3><\/h3>\n<p><p>Pagal naudotojo profil\u012f pritaikomos informacin\u0117s lentel\u0117s<\/p>\n<\/p>\n<h3><\/h3>\n<p><p>Daugiamat\u0117 analiz\u0117<\/p>\n<\/p>\n<h3><\/h3>\n<p><p>Analiz\u0117 su vertinimais ir reitingais<\/p>\n<\/p>\n<h3><\/h3>\n<p><p>I\u0161orini\u0173 finansini\u0173 duomen\u0173 integravimas<\/p>\n<\/p>\n<h3><\/h3>\n<p><p>Vidinis ataskait\u0173 redaktorius (dinamin\u0117s ataskaitos, ataskait\u0173 k\u016brimas, pritaikymas ir planinis siuntimas)<\/p>\n<\/p>\n<h2><\/h2>\n<h3>Susij\u0119 puslapiai<\/h3>\n<\/p>\n<h3><\/h3>\n<\/p>\n<h3><\/h3><\/p>\n","protected":false},"excerpt":{"rendered":"<p>Optimizuokite gautin\u0173 sum\u0173 valdym\u0105 i\u0161bandydami savo procesus ir i\u0161ie\u0161kojimo veiksmus, naudodamiesi pritaikomomis informacin\u0117mis lentel\u0117mis ir pagalbin\u0117mis sprendim\u0173 pri\u0117mimo priemon\u0117mis.<\/p>\n","protected":false},"author":3,"featured_media":0,"parent":39420,"menu_order":0,"comment_status":"closed","ping_status":"closed","template":"templates\/template-prod_serv.php","meta":{"_acf_changed":false,"footnotes":""},"class_list":["post-39424","page","type-page","status-publish","hentry"],"acf":[],"yoast_head":"<!-- This site is optimized with the Yoast SEO plugin v23.5 - https:\/\/yoast.com\/wordpress\/plugins\/seo\/ -->\n<title>Sage Eloficash, skirtas automatizuoti visus j\u016bs\u0173 veiksmus - Deveho<\/title>\n<meta name=\"description\" content=\"Sage Eloficash sprendimas optimizuoja skolinink\u0173 valdym\u0105, kontroliuodamas j\u016bs\u0173 procesus su pritaikomomis valdymo pulto funkcijomis.\" \/>\n<meta name=\"robots\" content=\"index, follow, max-snippet:-1, max-image-preview:large, max-video-preview:-1\" \/>\n<link rel=\"canonical\" href=\"https:\/\/deveho.com\/lt\/produktai\/sage-x3-marketplace\/sage-eloficash\/\" \/>\n<meta property=\"og:locale\" content=\"lt_LT\" \/>\n<meta property=\"og:type\" content=\"article\" \/>\n<meta property=\"og:title\" content=\"Sage Eloficash, skirtas automatizuoti visus j\u016bs\u0173 veiksmus - Deveho\" \/>\n<meta property=\"og:description\" content=\"Sage Eloficash sprendimas optimizuoja skolinink\u0173 valdym\u0105, kontroliuodamas j\u016bs\u0173 procesus su pritaikomomis valdymo pulto funkcijomis.\" \/>\n<meta property=\"og:url\" content=\"https:\/\/deveho.com\/lt\/produktai\/sage-x3-marketplace\/sage-eloficash\/\" \/>\n<meta property=\"og:site_name\" content=\"Deveho\" \/>\n<meta property=\"article:publisher\" content=\"https:\/\/www.facebook.com\/deveho\" \/>\n<meta property=\"article:modified_time\" content=\"2026-01-27T10:33:12+00:00\" \/>\n<meta name=\"twitter:card\" content=\"summary_large_image\" \/>\n<meta name=\"twitter:site\" content=\"@Deveho1\" \/>\n<meta name=\"twitter:label1\" content=\"Est. reading time\" \/>\n\t<meta name=\"twitter:data1\" content=\"1 minut\u0117\" \/>\n<script type=\"application\/ld+json\" class=\"yoast-schema-graph\">{\"@context\":\"https:\/\/schema.org\",\"@graph\":[{\"@type\":\"WebPage\",\"@id\":\"https:\/\/deveho.com\/lt\/produktai\/sage-x3-marketplace\/sage-eloficash\/\",\"url\":\"https:\/\/deveho.com\/lt\/produktai\/sage-x3-marketplace\/sage-eloficash\/\",\"name\":\"Sage Eloficash, skirtas automatizuoti visus j\u016bs\u0173 veiksmus - Deveho\",\"isPartOf\":{\"@id\":\"https:\/\/deveho.com\/#website\"},\"datePublished\":\"2021-08-12T13:29:20+00:00\",\"dateModified\":\"2026-01-27T10:33:12+00:00\",\"description\":\"Sage Eloficash sprendimas optimizuoja skolinink\u0173 valdym\u0105, kontroliuodamas j\u016bs\u0173 procesus su pritaikomomis valdymo pulto funkcijomis.\",\"breadcrumb\":{\"@id\":\"https:\/\/deveho.com\/lt\/produktai\/sage-x3-marketplace\/sage-eloficash\/#breadcrumb\"},\"inLanguage\":\"lt-LT\",\"potentialAction\":[{\"@type\":\"ReadAction\",\"target\":[\"https:\/\/deveho.com\/lt\/produktai\/sage-x3-marketplace\/sage-eloficash\/\"]}]},{\"@type\":\"BreadcrumbList\",\"@id\":\"https:\/\/deveho.com\/lt\/produktai\/sage-x3-marketplace\/sage-eloficash\/#breadcrumb\",\"itemListElement\":[{\"@type\":\"ListItem\",\"position\":1,\"name\":\"Home\",\"item\":\"https:\/\/deveho.com\/lt\/\"},{\"@type\":\"ListItem\",\"position\":2,\"name\":\"Produktai\",\"item\":\"https:\/\/deveho.com\/lt\/produktai\/\"},{\"@type\":\"ListItem\",\"position\":3,\"name\":\"Sage X3 Marketplace\",\"item\":\"https:\/\/deveho.com\/lt\/produktai\/sage-x3-marketplace\/\"},{\"@type\":\"ListItem\",\"position\":4,\"name\":\"Sage Eloficash\"}]},{\"@type\":\"WebSite\",\"@id\":\"https:\/\/deveho.com\/#website\",\"url\":\"https:\/\/deveho.com\/\",\"name\":\"Deveho Consulting Group\",\"description\":\"Let\u2019s boost your growth\",\"publisher\":{\"@id\":\"https:\/\/deveho.com\/#organization\"},\"potentialAction\":[{\"@type\":\"SearchAction\",\"target\":{\"@type\":\"EntryPoint\",\"urlTemplate\":\"https:\/\/deveho.com\/?s={search_term_string}\"},\"query-input\":{\"@type\":\"PropertyValueSpecification\",\"valueRequired\":true,\"valueName\":\"search_term_string\"}}],\"inLanguage\":\"lt-LT\"},{\"@type\":\"Organization\",\"@id\":\"https:\/\/deveho.com\/#organization\",\"name\":\"Deveho Consulting Group\",\"url\":\"https:\/\/deveho.com\/\",\"logo\":{\"@type\":\"ImageObject\",\"inLanguage\":\"lt-LT\",\"@id\":\"https:\/\/deveho.com\/#\/schema\/logo\/image\/\",\"url\":\"https:\/\/deveho.com\/wp-content\/uploads\/2023\/02\/DEVEHO-LOGO-Baseline-COLOR.png\",\"contentUrl\":\"https:\/\/deveho.com\/wp-content\/uploads\/2023\/02\/DEVEHO-LOGO-Baseline-COLOR.png\",\"width\":2251,\"height\":585,\"caption\":\"Deveho Consulting Group\"},\"image\":{\"@id\":\"https:\/\/deveho.com\/#\/schema\/logo\/image\/\"},\"sameAs\":[\"https:\/\/www.facebook.com\/deveho\",\"https:\/\/x.com\/Deveho1\",\"https:\/\/www.linkedin.com\/company\/deveho-consulting\/\"]}]}<\/script>\n<!-- \/ Yoast SEO plugin. -->","yoast_head_json":{"title":"Sage Eloficash, skirtas automatizuoti visus j\u016bs\u0173 veiksmus - Deveho","description":"Sage Eloficash sprendimas optimizuoja skolinink\u0173 valdym\u0105, kontroliuodamas j\u016bs\u0173 procesus su pritaikomomis valdymo pulto funkcijomis.","robots":{"index":"index","follow":"follow","max-snippet":"max-snippet:-1","max-image-preview":"max-image-preview:large","max-video-preview":"max-video-preview:-1"},"canonical":"https:\/\/deveho.com\/lt\/produktai\/sage-x3-marketplace\/sage-eloficash\/","og_locale":"lt_LT","og_type":"article","og_title":"Sage Eloficash, skirtas automatizuoti visus j\u016bs\u0173 veiksmus - Deveho","og_description":"Sage Eloficash sprendimas optimizuoja skolinink\u0173 valdym\u0105, kontroliuodamas j\u016bs\u0173 procesus su pritaikomomis valdymo pulto funkcijomis.","og_url":"https:\/\/deveho.com\/lt\/produktai\/sage-x3-marketplace\/sage-eloficash\/","og_site_name":"Deveho","article_publisher":"https:\/\/www.facebook.com\/deveho","article_modified_time":"2026-01-27T10:33:12+00:00","twitter_card":"summary_large_image","twitter_site":"@Deveho1","twitter_misc":{"Est. reading time":"1 minut\u0117"},"schema":{"@context":"https:\/\/schema.org","@graph":[{"@type":"WebPage","@id":"https:\/\/deveho.com\/lt\/produktai\/sage-x3-marketplace\/sage-eloficash\/","url":"https:\/\/deveho.com\/lt\/produktai\/sage-x3-marketplace\/sage-eloficash\/","name":"Sage Eloficash, skirtas automatizuoti visus j\u016bs\u0173 veiksmus - Deveho","isPartOf":{"@id":"https:\/\/deveho.com\/#website"},"datePublished":"2021-08-12T13:29:20+00:00","dateModified":"2026-01-27T10:33:12+00:00","description":"Sage Eloficash sprendimas optimizuoja skolinink\u0173 valdym\u0105, kontroliuodamas j\u016bs\u0173 procesus su pritaikomomis valdymo pulto funkcijomis.","breadcrumb":{"@id":"https:\/\/deveho.com\/lt\/produktai\/sage-x3-marketplace\/sage-eloficash\/#breadcrumb"},"inLanguage":"lt-LT","potentialAction":[{"@type":"ReadAction","target":["https:\/\/deveho.com\/lt\/produktai\/sage-x3-marketplace\/sage-eloficash\/"]}]},{"@type":"BreadcrumbList","@id":"https:\/\/deveho.com\/lt\/produktai\/sage-x3-marketplace\/sage-eloficash\/#breadcrumb","itemListElement":[{"@type":"ListItem","position":1,"name":"Home","item":"https:\/\/deveho.com\/lt\/"},{"@type":"ListItem","position":2,"name":"Produktai","item":"https:\/\/deveho.com\/lt\/produktai\/"},{"@type":"ListItem","position":3,"name":"Sage X3 Marketplace","item":"https:\/\/deveho.com\/lt\/produktai\/sage-x3-marketplace\/"},{"@type":"ListItem","position":4,"name":"Sage Eloficash"}]},{"@type":"WebSite","@id":"https:\/\/deveho.com\/#website","url":"https:\/\/deveho.com\/","name":"Deveho Consulting Group","description":"Let\u2019s boost your growth","publisher":{"@id":"https:\/\/deveho.com\/#organization"},"potentialAction":[{"@type":"SearchAction","target":{"@type":"EntryPoint","urlTemplate":"https:\/\/deveho.com\/?s={search_term_string}"},"query-input":{"@type":"PropertyValueSpecification","valueRequired":true,"valueName":"search_term_string"}}],"inLanguage":"lt-LT"},{"@type":"Organization","@id":"https:\/\/deveho.com\/#organization","name":"Deveho Consulting Group","url":"https:\/\/deveho.com\/","logo":{"@type":"ImageObject","inLanguage":"lt-LT","@id":"https:\/\/deveho.com\/#\/schema\/logo\/image\/","url":"https:\/\/deveho.com\/wp-content\/uploads\/2023\/02\/DEVEHO-LOGO-Baseline-COLOR.png","contentUrl":"https:\/\/deveho.com\/wp-content\/uploads\/2023\/02\/DEVEHO-LOGO-Baseline-COLOR.png","width":2251,"height":585,"caption":"Deveho Consulting Group"},"image":{"@id":"https:\/\/deveho.com\/#\/schema\/logo\/image\/"},"sameAs":["https:\/\/www.facebook.com\/deveho","https:\/\/x.com\/Deveho1","https:\/\/www.linkedin.com\/company\/deveho-consulting\/"]}]}},"_links":{"self":[{"href":"https:\/\/deveho.com\/lt\/wp-json\/wp\/v2\/pages\/39424"}],"collection":[{"href":"https:\/\/deveho.com\/lt\/wp-json\/wp\/v2\/pages"}],"about":[{"href":"https:\/\/deveho.com\/lt\/wp-json\/wp\/v2\/types\/page"}],"author":[{"embeddable":true,"href":"https:\/\/deveho.com\/lt\/wp-json\/wp\/v2\/users\/3"}],"replies":[{"embeddable":true,"href":"https:\/\/deveho.com\/lt\/wp-json\/wp\/v2\/comments?post=39424"}],"version-history":[{"count":9,"href":"https:\/\/deveho.com\/lt\/wp-json\/wp\/v2\/pages\/39424\/revisions"}],"predecessor-version":[{"id":45796,"href":"https:\/\/deveho.com\/lt\/wp-json\/wp\/v2\/pages\/39424\/revisions\/45796"}],"up":[{"embeddable":true,"href":"https:\/\/deveho.com\/lt\/wp-json\/wp\/v2\/pages\/39420"}],"wp:attachment":[{"href":"https:\/\/deveho.com\/lt\/wp-json\/wp\/v2\/media?parent=39424"}],"curies":[{"name":"wp","href":"https:\/\/api.w.org\/{rel}","templated":true}]}}