{"id":39426,"date":"2021-08-13T07:05:49","date_gmt":"2021-08-13T07:05:49","guid":{"rendered":"https:\/\/deveho.com\/products\/sage-x3-marketplace\/sage-enterprise-intelligence\/"},"modified":"2026-01-27T12:35:23","modified_gmt":"2026-01-27T10:35:23","slug":"sage-enterprise-intelligence","status":"publish","type":"page","link":"https:\/\/deveho.com\/lt\/produktai\/sage-x3-marketplace\/sage-enterprise-intelligence\/","title":{"rendered":"Sage Enterprise Intelligence"},"content":{"rendered":"<br \/>\n<h2><\/h2>\n<h3>Sage Enterprise Intelligence gali jums pad\u0117ti<\/h3>\n<h3>Kokie yra ERP Business Intelligence modulio privalumai?<br \/>\n<\/h3>\n<\/p>\n<h3>Sage Enterprise Intelligence <red><b>privalumai<\/b><\/red> <\/h3>\n<\/p>\n<p><b>Lengva<\/b>: suteikite naudotojams galimyb\u0119 analizuoti informacij\u0105 ir teikti ataskaitas savitarnos b\u016bdu, pateikdami jiems intuityv\u0173, lengvai naudojam\u0105 \u201eBusiness Intelligence\u201c sprendim\u0105.<\/p>\n<p><b>Greitai<\/b>: Suteikdami naudotojams greit\u0105 prieig\u0105 prie informacijos, suma\u017einkite laiko, skirto analizei ir ataskait\u0173 rengimui, ir sudarykite s\u0105lygas organizacijoje grei\u010diau priimti geriau pagr\u012fstus sprendimus.<\/p>\n<p><b>Visapusi\u0161kas<\/b>: Gaukite ai\u0161k\u0173 viso verslo vaizd\u0105 ir pl\u0117tokite bendradarbiavim\u0105 tarp skyri\u0173. Glaudi ir saugi integracija su Sage Business Cloud X3 u\u017etikrina svarbiausios verslo informacijos patikimum\u0105, suteikia verslo naudotojams nuosekli\u0105 \u012f\u017evalg\u0105 apie realaus laiko \u012fmon\u0117s duomenis, padeda priimti nuoseklius sprendimus ir skatina nuolatin\u012f tarpfunkcin\u012f tobul\u0117jim\u0105.<\/p>\n<h3>Sage Enterprise Intelligence <red><b>funkcijos<\/b><\/red><\/h3>\n<\/p>\n<p>Intuityvi vartotojo s\u0105saja\n<\/p>\n<p>Keli\u0173 nar\u0161ykli\u0173 galimyb\u0117s\n<\/p>\n<p>Realaus laiko duomenys, visi\u0161kai integruoti su Sage X3\n<\/p>\n<p>Greitas dideli\u0173 duomen\u0173 kieki\u0173 apdorojimas\n<\/p>\n<p>Parengti naudoti KPI ir \u0161ablonai\n<\/p>\n<p>Platus duomen\u0173 vizualizavimas (matuokliai, \u017eem\u0117lapiai, diagramos)\n<\/p>\n<p>Pla\u010dios paie\u0161kos galimyb\u0117s\n<\/p>\n<p>Mobilumo galimyb\u0117s\n<\/p>\n<p>Microsoft\u00ae Excel\u00ae priedas\n<\/p>\n<p>Integracija su j\u016bs\u0173 verslo valdymo sprendimu ir kitais \u0161altiniais\n<\/p>\n<p>Paruo\u0161ta bendrinti analiz\u0117\n<\/p>\n<h3>Sage Enterprise Intelligence atitinka<\/h3>\n<p><p>Sage Enterprise Intelligence (SEI) yra visi\u0161kai integruotas verslo analitikos ir duomen\u0173 valdymo sprendimas, padedantis organizacijoms priimti pagr\u012fstus sprendimus remiantis realaus laiko duomenimis.<br \/>\nVisiems naudotojams ji suteikia paprast\u0105 s\u0105saj\u0105, kad jie gal\u0117t\u0173 savaranki\u0161kai pasiekti ir analizuoti duomenis, ir panaikina skirting\u0173 \u012franki\u0173 ir specializuot\u0173 \u012fg\u016bd\u017ei\u0173 poreik\u012f.<\/p>\n<\/p>\n<p>Sage X3<\/p>\n<p>Sage 100<\/p>\n<p>Sage 200<\/p>\n<p>Sage 500<\/p>\n<p>Sage 300<\/p>\n<p>Sage CRM<\/p>\n<p>Sage XRT<\/p>\n<h2><\/h2>\n<h3>Susij\u0119 puslapiai<\/h3>\n<\/p>\n<h3><\/h3>\n<\/p>\n<h3><\/h3><\/p>\n","protected":false},"excerpt":{"rendered":"<p>Integruotas Sage Enterprise Intelligence BI sprendimas padeda naudotojams grei\u010diau priimti geriausius sprendimus, turint visus reikiamus duomenis.<br \/>\nNaudojant SEI duomenys i\u0161gaunami, transformuojami, konsoliduojami, perkeliami ir pateikiami paprasta forma, pasiekiami realiuoju laiku, savitarnos re\u017eimu ir keliais spustel\u0117jimais.<br \/>\nErgonomi\u0161kas, SEI sprendimas skatina naudotoj\u0173 savaranki\u0161kum\u0105, nereikalauja speciali\u0173 \u012fg\u016bd\u017ei\u0173.<\/p>\n","protected":false},"author":3,"featured_media":0,"parent":39420,"menu_order":0,"comment_status":"closed","ping_status":"closed","template":"templates\/template-prod_serv.php","meta":{"_acf_changed":false,"footnotes":""},"class_list":["post-39426","page","type-page","status-publish","hentry"],"acf":[],"yoast_head":"<!-- This site is optimized with the Yoast SEO plugin v23.5 - https:\/\/yoast.com\/wordpress\/plugins\/seo\/ -->\n<title>Sage Enterprise Intelligence - Deveho<\/title>\n<meta name=\"description\" content=\"U\u017etikrinkite svarbiausios verslo informacijos patikimum\u0105 naudodami SEI ir be vargo pasiekite bei analizuokite duomenis.\" \/>\n<meta name=\"robots\" content=\"index, follow, max-snippet:-1, max-image-preview:large, max-video-preview:-1\" \/>\n<link rel=\"canonical\" href=\"https:\/\/deveho.com\/lt\/produktai\/sage-x3-marketplace\/sage-enterprise-intelligence\/\" \/>\n<meta property=\"og:locale\" content=\"lt_LT\" \/>\n<meta property=\"og:type\" content=\"article\" \/>\n<meta property=\"og:title\" content=\"Sage Enterprise Intelligence - Deveho\" \/>\n<meta property=\"og:description\" content=\"U\u017etikrinkite svarbiausios verslo informacijos patikimum\u0105 naudodami SEI ir be vargo pasiekite bei analizuokite duomenis.\" \/>\n<meta property=\"og:url\" content=\"https:\/\/deveho.com\/lt\/produktai\/sage-x3-marketplace\/sage-enterprise-intelligence\/\" \/>\n<meta property=\"og:site_name\" content=\"Deveho\" \/>\n<meta property=\"article:publisher\" content=\"https:\/\/www.facebook.com\/deveho\" \/>\n<meta property=\"article:modified_time\" content=\"2026-01-27T10:35:23+00:00\" \/>\n<meta name=\"twitter:card\" content=\"summary_large_image\" \/>\n<meta name=\"twitter:site\" content=\"@Deveho1\" \/>\n<meta name=\"twitter:label1\" content=\"Est. reading time\" \/>\n\t<meta name=\"twitter:data1\" content=\"1 minut\u0117\" \/>\n<script type=\"application\/ld+json\" class=\"yoast-schema-graph\">{\"@context\":\"https:\/\/schema.org\",\"@graph\":[{\"@type\":\"WebPage\",\"@id\":\"https:\/\/deveho.com\/lt\/produktai\/sage-x3-marketplace\/sage-enterprise-intelligence\/\",\"url\":\"https:\/\/deveho.com\/lt\/produktai\/sage-x3-marketplace\/sage-enterprise-intelligence\/\",\"name\":\"Sage Enterprise Intelligence - Deveho\",\"isPartOf\":{\"@id\":\"https:\/\/deveho.com\/#website\"},\"datePublished\":\"2021-08-13T07:05:49+00:00\",\"dateModified\":\"2026-01-27T10:35:23+00:00\",\"description\":\"U\u017etikrinkite svarbiausios verslo informacijos patikimum\u0105 naudodami SEI ir be vargo pasiekite bei analizuokite duomenis.\",\"breadcrumb\":{\"@id\":\"https:\/\/deveho.com\/lt\/produktai\/sage-x3-marketplace\/sage-enterprise-intelligence\/#breadcrumb\"},\"inLanguage\":\"lt-LT\",\"potentialAction\":[{\"@type\":\"ReadAction\",\"target\":[\"https:\/\/deveho.com\/lt\/produktai\/sage-x3-marketplace\/sage-enterprise-intelligence\/\"]}]},{\"@type\":\"BreadcrumbList\",\"@id\":\"https:\/\/deveho.com\/lt\/produktai\/sage-x3-marketplace\/sage-enterprise-intelligence\/#breadcrumb\",\"itemListElement\":[{\"@type\":\"ListItem\",\"position\":1,\"name\":\"Home\",\"item\":\"https:\/\/deveho.com\/lt\/\"},{\"@type\":\"ListItem\",\"position\":2,\"name\":\"Produktai\",\"item\":\"https:\/\/deveho.com\/lt\/produktai\/\"},{\"@type\":\"ListItem\",\"position\":3,\"name\":\"Sage X3 Marketplace\",\"item\":\"https:\/\/deveho.com\/lt\/produktai\/sage-x3-marketplace\/\"},{\"@type\":\"ListItem\",\"position\":4,\"name\":\"Sage Enterprise Intelligence\"}]},{\"@type\":\"WebSite\",\"@id\":\"https:\/\/deveho.com\/#website\",\"url\":\"https:\/\/deveho.com\/\",\"name\":\"Deveho Consulting Group\",\"description\":\"Let\u2019s boost your growth\",\"publisher\":{\"@id\":\"https:\/\/deveho.com\/#organization\"},\"potentialAction\":[{\"@type\":\"SearchAction\",\"target\":{\"@type\":\"EntryPoint\",\"urlTemplate\":\"https:\/\/deveho.com\/?s={search_term_string}\"},\"query-input\":{\"@type\":\"PropertyValueSpecification\",\"valueRequired\":true,\"valueName\":\"search_term_string\"}}],\"inLanguage\":\"lt-LT\"},{\"@type\":\"Organization\",\"@id\":\"https:\/\/deveho.com\/#organization\",\"name\":\"Deveho Consulting Group\",\"url\":\"https:\/\/deveho.com\/\",\"logo\":{\"@type\":\"ImageObject\",\"inLanguage\":\"lt-LT\",\"@id\":\"https:\/\/deveho.com\/#\/schema\/logo\/image\/\",\"url\":\"https:\/\/deveho.com\/wp-content\/uploads\/2023\/02\/DEVEHO-LOGO-Baseline-COLOR.png\",\"contentUrl\":\"https:\/\/deveho.com\/wp-content\/uploads\/2023\/02\/DEVEHO-LOGO-Baseline-COLOR.png\",\"width\":2251,\"height\":585,\"caption\":\"Deveho Consulting Group\"},\"image\":{\"@id\":\"https:\/\/deveho.com\/#\/schema\/logo\/image\/\"},\"sameAs\":[\"https:\/\/www.facebook.com\/deveho\",\"https:\/\/x.com\/Deveho1\",\"https:\/\/www.linkedin.com\/company\/deveho-consulting\/\"]}]}<\/script>\n<!-- \/ Yoast SEO plugin. -->","yoast_head_json":{"title":"Sage Enterprise Intelligence - Deveho","description":"U\u017etikrinkite svarbiausios verslo informacijos patikimum\u0105 naudodami SEI ir be vargo pasiekite bei analizuokite duomenis.","robots":{"index":"index","follow":"follow","max-snippet":"max-snippet:-1","max-image-preview":"max-image-preview:large","max-video-preview":"max-video-preview:-1"},"canonical":"https:\/\/deveho.com\/lt\/produktai\/sage-x3-marketplace\/sage-enterprise-intelligence\/","og_locale":"lt_LT","og_type":"article","og_title":"Sage Enterprise Intelligence - Deveho","og_description":"U\u017etikrinkite svarbiausios verslo informacijos patikimum\u0105 naudodami SEI ir be vargo pasiekite bei analizuokite duomenis.","og_url":"https:\/\/deveho.com\/lt\/produktai\/sage-x3-marketplace\/sage-enterprise-intelligence\/","og_site_name":"Deveho","article_publisher":"https:\/\/www.facebook.com\/deveho","article_modified_time":"2026-01-27T10:35:23+00:00","twitter_card":"summary_large_image","twitter_site":"@Deveho1","twitter_misc":{"Est. reading time":"1 minut\u0117"},"schema":{"@context":"https:\/\/schema.org","@graph":[{"@type":"WebPage","@id":"https:\/\/deveho.com\/lt\/produktai\/sage-x3-marketplace\/sage-enterprise-intelligence\/","url":"https:\/\/deveho.com\/lt\/produktai\/sage-x3-marketplace\/sage-enterprise-intelligence\/","name":"Sage Enterprise Intelligence - Deveho","isPartOf":{"@id":"https:\/\/deveho.com\/#website"},"datePublished":"2021-08-13T07:05:49+00:00","dateModified":"2026-01-27T10:35:23+00:00","description":"U\u017etikrinkite svarbiausios verslo informacijos patikimum\u0105 naudodami SEI ir be vargo pasiekite bei analizuokite duomenis.","breadcrumb":{"@id":"https:\/\/deveho.com\/lt\/produktai\/sage-x3-marketplace\/sage-enterprise-intelligence\/#breadcrumb"},"inLanguage":"lt-LT","potentialAction":[{"@type":"ReadAction","target":["https:\/\/deveho.com\/lt\/produktai\/sage-x3-marketplace\/sage-enterprise-intelligence\/"]}]},{"@type":"BreadcrumbList","@id":"https:\/\/deveho.com\/lt\/produktai\/sage-x3-marketplace\/sage-enterprise-intelligence\/#breadcrumb","itemListElement":[{"@type":"ListItem","position":1,"name":"Home","item":"https:\/\/deveho.com\/lt\/"},{"@type":"ListItem","position":2,"name":"Produktai","item":"https:\/\/deveho.com\/lt\/produktai\/"},{"@type":"ListItem","position":3,"name":"Sage X3 Marketplace","item":"https:\/\/deveho.com\/lt\/produktai\/sage-x3-marketplace\/"},{"@type":"ListItem","position":4,"name":"Sage Enterprise Intelligence"}]},{"@type":"WebSite","@id":"https:\/\/deveho.com\/#website","url":"https:\/\/deveho.com\/","name":"Deveho Consulting Group","description":"Let\u2019s boost your growth","publisher":{"@id":"https:\/\/deveho.com\/#organization"},"potentialAction":[{"@type":"SearchAction","target":{"@type":"EntryPoint","urlTemplate":"https:\/\/deveho.com\/?s={search_term_string}"},"query-input":{"@type":"PropertyValueSpecification","valueRequired":true,"valueName":"search_term_string"}}],"inLanguage":"lt-LT"},{"@type":"Organization","@id":"https:\/\/deveho.com\/#organization","name":"Deveho Consulting Group","url":"https:\/\/deveho.com\/","logo":{"@type":"ImageObject","inLanguage":"lt-LT","@id":"https:\/\/deveho.com\/#\/schema\/logo\/image\/","url":"https:\/\/deveho.com\/wp-content\/uploads\/2023\/02\/DEVEHO-LOGO-Baseline-COLOR.png","contentUrl":"https:\/\/deveho.com\/wp-content\/uploads\/2023\/02\/DEVEHO-LOGO-Baseline-COLOR.png","width":2251,"height":585,"caption":"Deveho Consulting Group"},"image":{"@id":"https:\/\/deveho.com\/#\/schema\/logo\/image\/"},"sameAs":["https:\/\/www.facebook.com\/deveho","https:\/\/x.com\/Deveho1","https:\/\/www.linkedin.com\/company\/deveho-consulting\/"]}]}},"_links":{"self":[{"href":"https:\/\/deveho.com\/lt\/wp-json\/wp\/v2\/pages\/39426"}],"collection":[{"href":"https:\/\/deveho.com\/lt\/wp-json\/wp\/v2\/pages"}],"about":[{"href":"https:\/\/deveho.com\/lt\/wp-json\/wp\/v2\/types\/page"}],"author":[{"embeddable":true,"href":"https:\/\/deveho.com\/lt\/wp-json\/wp\/v2\/users\/3"}],"replies":[{"embeddable":true,"href":"https:\/\/deveho.com\/lt\/wp-json\/wp\/v2\/comments?post=39426"}],"version-history":[{"count":7,"href":"https:\/\/deveho.com\/lt\/wp-json\/wp\/v2\/pages\/39426\/revisions"}],"predecessor-version":[{"id":45800,"href":"https:\/\/deveho.com\/lt\/wp-json\/wp\/v2\/pages\/39426\/revisions\/45800"}],"up":[{"embeddable":true,"href":"https:\/\/deveho.com\/lt\/wp-json\/wp\/v2\/pages\/39420"}],"wp:attachment":[{"href":"https:\/\/deveho.com\/lt\/wp-json\/wp\/v2\/media?parent=39426"}],"curies":[{"name":"wp","href":"https:\/\/api.w.org\/{rel}","templated":true}]}}