{"id":39428,"date":"2021-08-12T13:23:06","date_gmt":"2021-08-12T13:23:06","guid":{"rendered":"https:\/\/deveho.com\/products\/sage-x3-marketplace\/web-scheduling\/"},"modified":"2026-01-27T12:33:52","modified_gmt":"2026-01-27T10:33:52","slug":"sage-x3-web-scheduling","status":"publish","type":"page","link":"https:\/\/deveho.com\/lt\/produktai\/sage-x3-marketplace\/sage-x3-web-scheduling\/","title":{"rendered":"Sage Web Scheduling"},"content":{"rendered":"<br \/>\n<h2><\/h2>\n<h3>Sage X3 Web Scheduling <red>privalumai<\/red><\/h3>\n<h3>Sage X3 Web Scheduling sinchronizuoja vis\u0105 gamybos grandin\u0119, pradedant klient\u0173 ir gamybos u\u017esakymais, nustatant med\u017eiag\u0173 ir \u012franki\u0173 apribojimus bei kli\u016btis. Naudodami informacines lenteles, kurios palengvina analiz\u0119 ir modeliavim\u0105, galite efektyviai valdyti prioritet\u0173 poky\u010dius kurdami optimizuotas gamybos sekas.<br \/>\n<\/h3>\n<ul>\n<li>Keli\u0173 apribojim\u0173 planavimo \u012frankis ir keli\u0173 modeliavim\u0173 k\u016brimas<\/li>\n<li>Sukurkite \u012fgyvendinamus ir optimizuotus gamybos planus <a href=\"https:\/\/deveho.com\/lt\/produktai\/sage-x3\/\">Sage X3<\/a>.<\/li>\n<li>Laikykit\u0117s pristatymo termin\u0173, kuo efektyviau ir veiksmingiau naudodami gamybos i\u0161teklius<\/li>\n<li>Neproduktyvaus laiko ma\u017einimas<\/li>\n<li>Visos tiekimo grandin\u0117s sinchronizavimas<\/li>\n<li>Kli\u016b\u010di\u0173 ir tr\u016bkstam\u0173 med\u017eiag\u0173 ar i\u0161tekli\u0173 nustatymas ir \u0161alinimas<\/li>\n<li>Geresnis reagavimas \u012f nenumatytus \u012fvykius<\/li>\n<li>Naudotojui patogi ir pritaikoma \u017einiatinklio s\u0105saja, skirta planams kurti, steb\u0117ti ir koreguoti<\/li>\n<li>Modeliavimo k\u016brimas su keli\u0173 modeliavim\u0173 analize pagal scenarijus, pagr\u012fstus skirtingomis euristikomis<\/li>\n<li>Konfig\u016bruojamos i\u0161samios ataskaitos, skirtos modeliavimo analizei<\/li>\n<\/ul>\n<h2><\/h2>\n<h3>Pagrindin\u0117s Sage X3 Web Scheduling <red>funkcijos<\/red><\/h3>\n<h3><\/h3>\n<\/p>\n<h2><\/h2>\n<h3>Susij\u0119 puslapiai<\/h3>\n<\/p>\n<h3><\/h3>\n<\/p>\n<h3><\/h3><\/p>\n","protected":false},"excerpt":{"rendered":"<p>Sage Web Scheduling &#8211; tai i\u0161samus internetinis planavimo sprendimas, u\u017etikrinantis, kad b\u016bt\u0173 laikomasi pristatymo termin\u0173, o turimi gamybos i\u0161tekliai b\u016bt\u0173 naudojami optimaliai ir kuo efektyviau. Sage Web Scheduling sinchronizuoja vis\u0105 gamybos grandin\u0119 &#8211; nuo pardavimo u\u017esakym\u0173 iki gamybos u\u017esakym\u0173, nustato med\u017eiag\u0173 ir \u012franki\u0173 apribojimus ir kli\u016btis.<\/p>\n","protected":false},"author":3,"featured_media":0,"parent":39420,"menu_order":0,"comment_status":"closed","ping_status":"closed","template":"templates\/template-prod_serv.php","meta":{"_acf_changed":false,"footnotes":""},"class_list":["post-39428","page","type-page","status-publish","hentry"],"acf":[],"yoast_head":"<!-- This site is optimized with the Yoast SEO plugin v23.5 - https:\/\/yoast.com\/wordpress\/plugins\/seo\/ -->\n<title>Sage X3 Web Scheduling - Deveho<\/title>\n<meta name=\"description\" content=\"Sage Web Scheduling - tai i\u0161samus internetinis planavimo sprendimas \u201aSage X3\u2018. Su\u017einokite daugiau m\u016bs\u0173 specialiame puslapyje.\" \/>\n<meta name=\"robots\" content=\"index, follow, max-snippet:-1, max-image-preview:large, max-video-preview:-1\" \/>\n<link rel=\"canonical\" href=\"https:\/\/deveho.com\/lt\/produktai\/sage-x3-marketplace\/sage-x3-web-scheduling\/\" \/>\n<meta property=\"og:locale\" content=\"lt_LT\" \/>\n<meta property=\"og:type\" content=\"article\" \/>\n<meta property=\"og:title\" content=\"Sage X3 Web Scheduling - Deveho\" \/>\n<meta property=\"og:description\" content=\"Sage Web Scheduling - tai i\u0161samus internetinis planavimo sprendimas \u201aSage X3\u2018. Su\u017einokite daugiau m\u016bs\u0173 specialiame puslapyje.\" \/>\n<meta property=\"og:url\" content=\"https:\/\/deveho.com\/lt\/produktai\/sage-x3-marketplace\/sage-x3-web-scheduling\/\" \/>\n<meta property=\"og:site_name\" content=\"Deveho\" \/>\n<meta property=\"article:publisher\" content=\"https:\/\/www.facebook.com\/deveho\" \/>\n<meta property=\"article:modified_time\" content=\"2026-01-27T10:33:52+00:00\" \/>\n<meta name=\"twitter:card\" content=\"summary_large_image\" \/>\n<meta name=\"twitter:site\" content=\"@Deveho1\" \/>\n<meta name=\"twitter:label1\" content=\"Est. reading time\" \/>\n\t<meta name=\"twitter:data1\" content=\"1 minut\u0117\" \/>\n<script type=\"application\/ld+json\" class=\"yoast-schema-graph\">{\"@context\":\"https:\/\/schema.org\",\"@graph\":[{\"@type\":\"WebPage\",\"@id\":\"https:\/\/deveho.com\/lt\/produktai\/sage-x3-marketplace\/sage-x3-web-scheduling\/\",\"url\":\"https:\/\/deveho.com\/lt\/produktai\/sage-x3-marketplace\/sage-x3-web-scheduling\/\",\"name\":\"Sage X3 Web Scheduling - Deveho\",\"isPartOf\":{\"@id\":\"https:\/\/deveho.com\/#website\"},\"datePublished\":\"2021-08-12T13:23:06+00:00\",\"dateModified\":\"2026-01-27T10:33:52+00:00\",\"description\":\"Sage Web Scheduling - tai i\u0161samus internetinis planavimo sprendimas \u201aSage X3\u2018. Su\u017einokite daugiau m\u016bs\u0173 specialiame puslapyje.\",\"breadcrumb\":{\"@id\":\"https:\/\/deveho.com\/lt\/produktai\/sage-x3-marketplace\/sage-x3-web-scheduling\/#breadcrumb\"},\"inLanguage\":\"lt-LT\",\"potentialAction\":[{\"@type\":\"ReadAction\",\"target\":[\"https:\/\/deveho.com\/lt\/produktai\/sage-x3-marketplace\/sage-x3-web-scheduling\/\"]}]},{\"@type\":\"BreadcrumbList\",\"@id\":\"https:\/\/deveho.com\/lt\/produktai\/sage-x3-marketplace\/sage-x3-web-scheduling\/#breadcrumb\",\"itemListElement\":[{\"@type\":\"ListItem\",\"position\":1,\"name\":\"Home\",\"item\":\"https:\/\/deveho.com\/lt\/\"},{\"@type\":\"ListItem\",\"position\":2,\"name\":\"Produktai\",\"item\":\"https:\/\/deveho.com\/lt\/produktai\/\"},{\"@type\":\"ListItem\",\"position\":3,\"name\":\"Sage X3 Marketplace\",\"item\":\"https:\/\/deveho.com\/lt\/produktai\/sage-x3-marketplace\/\"},{\"@type\":\"ListItem\",\"position\":4,\"name\":\"Sage Web Scheduling\"}]},{\"@type\":\"WebSite\",\"@id\":\"https:\/\/deveho.com\/#website\",\"url\":\"https:\/\/deveho.com\/\",\"name\":\"Deveho Consulting Group\",\"description\":\"Let\u2019s boost your growth\",\"publisher\":{\"@id\":\"https:\/\/deveho.com\/#organization\"},\"potentialAction\":[{\"@type\":\"SearchAction\",\"target\":{\"@type\":\"EntryPoint\",\"urlTemplate\":\"https:\/\/deveho.com\/?s={search_term_string}\"},\"query-input\":{\"@type\":\"PropertyValueSpecification\",\"valueRequired\":true,\"valueName\":\"search_term_string\"}}],\"inLanguage\":\"lt-LT\"},{\"@type\":\"Organization\",\"@id\":\"https:\/\/deveho.com\/#organization\",\"name\":\"Deveho Consulting Group\",\"url\":\"https:\/\/deveho.com\/\",\"logo\":{\"@type\":\"ImageObject\",\"inLanguage\":\"lt-LT\",\"@id\":\"https:\/\/deveho.com\/#\/schema\/logo\/image\/\",\"url\":\"https:\/\/deveho.com\/wp-content\/uploads\/2023\/02\/DEVEHO-LOGO-Baseline-COLOR.png\",\"contentUrl\":\"https:\/\/deveho.com\/wp-content\/uploads\/2023\/02\/DEVEHO-LOGO-Baseline-COLOR.png\",\"width\":2251,\"height\":585,\"caption\":\"Deveho Consulting Group\"},\"image\":{\"@id\":\"https:\/\/deveho.com\/#\/schema\/logo\/image\/\"},\"sameAs\":[\"https:\/\/www.facebook.com\/deveho\",\"https:\/\/x.com\/Deveho1\",\"https:\/\/www.linkedin.com\/company\/deveho-consulting\/\"]}]}<\/script>\n<!-- \/ Yoast SEO plugin. -->","yoast_head_json":{"title":"Sage X3 Web Scheduling - Deveho","description":"Sage Web Scheduling - tai i\u0161samus internetinis planavimo sprendimas \u201aSage X3\u2018. Su\u017einokite daugiau m\u016bs\u0173 specialiame puslapyje.","robots":{"index":"index","follow":"follow","max-snippet":"max-snippet:-1","max-image-preview":"max-image-preview:large","max-video-preview":"max-video-preview:-1"},"canonical":"https:\/\/deveho.com\/lt\/produktai\/sage-x3-marketplace\/sage-x3-web-scheduling\/","og_locale":"lt_LT","og_type":"article","og_title":"Sage X3 Web Scheduling - Deveho","og_description":"Sage Web Scheduling - tai i\u0161samus internetinis planavimo sprendimas \u201aSage X3\u2018. Su\u017einokite daugiau m\u016bs\u0173 specialiame puslapyje.","og_url":"https:\/\/deveho.com\/lt\/produktai\/sage-x3-marketplace\/sage-x3-web-scheduling\/","og_site_name":"Deveho","article_publisher":"https:\/\/www.facebook.com\/deveho","article_modified_time":"2026-01-27T10:33:52+00:00","twitter_card":"summary_large_image","twitter_site":"@Deveho1","twitter_misc":{"Est. reading time":"1 minut\u0117"},"schema":{"@context":"https:\/\/schema.org","@graph":[{"@type":"WebPage","@id":"https:\/\/deveho.com\/lt\/produktai\/sage-x3-marketplace\/sage-x3-web-scheduling\/","url":"https:\/\/deveho.com\/lt\/produktai\/sage-x3-marketplace\/sage-x3-web-scheduling\/","name":"Sage X3 Web Scheduling - Deveho","isPartOf":{"@id":"https:\/\/deveho.com\/#website"},"datePublished":"2021-08-12T13:23:06+00:00","dateModified":"2026-01-27T10:33:52+00:00","description":"Sage Web Scheduling - tai i\u0161samus internetinis planavimo sprendimas \u201aSage X3\u2018. Su\u017einokite daugiau m\u016bs\u0173 specialiame puslapyje.","breadcrumb":{"@id":"https:\/\/deveho.com\/lt\/produktai\/sage-x3-marketplace\/sage-x3-web-scheduling\/#breadcrumb"},"inLanguage":"lt-LT","potentialAction":[{"@type":"ReadAction","target":["https:\/\/deveho.com\/lt\/produktai\/sage-x3-marketplace\/sage-x3-web-scheduling\/"]}]},{"@type":"BreadcrumbList","@id":"https:\/\/deveho.com\/lt\/produktai\/sage-x3-marketplace\/sage-x3-web-scheduling\/#breadcrumb","itemListElement":[{"@type":"ListItem","position":1,"name":"Home","item":"https:\/\/deveho.com\/lt\/"},{"@type":"ListItem","position":2,"name":"Produktai","item":"https:\/\/deveho.com\/lt\/produktai\/"},{"@type":"ListItem","position":3,"name":"Sage X3 Marketplace","item":"https:\/\/deveho.com\/lt\/produktai\/sage-x3-marketplace\/"},{"@type":"ListItem","position":4,"name":"Sage Web Scheduling"}]},{"@type":"WebSite","@id":"https:\/\/deveho.com\/#website","url":"https:\/\/deveho.com\/","name":"Deveho Consulting Group","description":"Let\u2019s boost your growth","publisher":{"@id":"https:\/\/deveho.com\/#organization"},"potentialAction":[{"@type":"SearchAction","target":{"@type":"EntryPoint","urlTemplate":"https:\/\/deveho.com\/?s={search_term_string}"},"query-input":{"@type":"PropertyValueSpecification","valueRequired":true,"valueName":"search_term_string"}}],"inLanguage":"lt-LT"},{"@type":"Organization","@id":"https:\/\/deveho.com\/#organization","name":"Deveho Consulting Group","url":"https:\/\/deveho.com\/","logo":{"@type":"ImageObject","inLanguage":"lt-LT","@id":"https:\/\/deveho.com\/#\/schema\/logo\/image\/","url":"https:\/\/deveho.com\/wp-content\/uploads\/2023\/02\/DEVEHO-LOGO-Baseline-COLOR.png","contentUrl":"https:\/\/deveho.com\/wp-content\/uploads\/2023\/02\/DEVEHO-LOGO-Baseline-COLOR.png","width":2251,"height":585,"caption":"Deveho Consulting Group"},"image":{"@id":"https:\/\/deveho.com\/#\/schema\/logo\/image\/"},"sameAs":["https:\/\/www.facebook.com\/deveho","https:\/\/x.com\/Deveho1","https:\/\/www.linkedin.com\/company\/deveho-consulting\/"]}]}},"_links":{"self":[{"href":"https:\/\/deveho.com\/lt\/wp-json\/wp\/v2\/pages\/39428"}],"collection":[{"href":"https:\/\/deveho.com\/lt\/wp-json\/wp\/v2\/pages"}],"about":[{"href":"https:\/\/deveho.com\/lt\/wp-json\/wp\/v2\/types\/page"}],"author":[{"embeddable":true,"href":"https:\/\/deveho.com\/lt\/wp-json\/wp\/v2\/users\/3"}],"replies":[{"embeddable":true,"href":"https:\/\/deveho.com\/lt\/wp-json\/wp\/v2\/comments?post=39428"}],"version-history":[{"count":11,"href":"https:\/\/deveho.com\/lt\/wp-json\/wp\/v2\/pages\/39428\/revisions"}],"predecessor-version":[{"id":45798,"href":"https:\/\/deveho.com\/lt\/wp-json\/wp\/v2\/pages\/39428\/revisions\/45798"}],"up":[{"embeddable":true,"href":"https:\/\/deveho.com\/lt\/wp-json\/wp\/v2\/pages\/39420"}],"wp:attachment":[{"href":"https:\/\/deveho.com\/lt\/wp-json\/wp\/v2\/media?parent=39428"}],"curies":[{"name":"wp","href":"https:\/\/api.w.org\/{rel}","templated":true}]}}