{"id":39432,"date":"2024-07-17T15:41:28","date_gmt":"2024-07-17T13:41:28","guid":{"rendered":"https:\/\/deveho.com\/products\/sage-x3-marketplace\/yooz-solution\/"},"modified":"2026-02-10T11:44:13","modified_gmt":"2026-02-10T09:44:13","slug":"yooz-sprendimas","status":"publish","type":"page","link":"https:\/\/deveho.com\/lt\/produktai\/sage-x3-marketplace\/yooz-sprendimas\/","title":{"rendered":"Yooz sprendimas"},"content":{"rendered":"<br \/>\n<h2><\/h2>\n<h3>Kas yra Yooz?<\/h3>\n<h3><\/h3>\n<p><p>Yooz sprendimas yra veiksmingas programin\u0117s \u012frangos kaip paslaugos (SaaS) sprendimas, skirtas tiek\u0117j\u0173 s\u0105skaitoms fakt\u016broms apdoroti ir dematerializuoti.<br \/>\nNuo pirkimo u\u017esakym\u0173 iki s\u0105skaitos fakt\u016bros gavimo &#8211; jis automatizuoja vis\u0105 pirkimo ir mok\u0117jimo (P2P) proces\u0105. Tai apima ERP integracij\u0105, tvirtinimo proced\u016bras ir mok\u0117jim\u0173 apdorojim\u0105 &#8211; visa tai tvarko viena vientisa sistema.<\/p>\n<\/p>\n<h2><\/h2>\n<h3>Deveho integruoja Yooz sprendim\u0105 su Sage X3<\/h3>\n<h3>M\u016bs\u0173 s\u0105skait\u0173 mok\u0117tin\u0173 sum\u0173 automatizavimo platforma sujungia technologijas su paprastumu ir prieinamumu. Sutaupykite laiko ir pinig\u0173 ir automatizuokite darbo eig\u0105 su Yooz.<\/h3>\n<p><div style=\"width: 640px;\" class=\"wp-video\"><video class=\"wp-video-shortcode\" id=\"video-39432-2\" width=\"640\" height=\"360\" poster=\"https:\/\/deveho.com\/wp-content\/uploads\/2024\/07\/yooz-video.png\" preload=\"metadata\" controls=\"controls\"><source type=\"video\/mp4\" src=\"https:\/\/deveho.com\/wp-content\/uploads\/2024\/07\/We-Are-Yooz-EN.mp4?_=2\" \/><a href=\"https:\/\/deveho.com\/wp-content\/uploads\/2024\/07\/We-Are-Yooz-EN.mp4\">https:\/\/deveho.com\/wp-content\/uploads\/2024\/07\/We-Are-Yooz-EN.mp4<\/a><\/video><\/div>\n<\/p>\n<h3><red><b>Su\u017einokite, kod\u0117l m\u016bs\u0173 klientai renkasi Yooz!<\/red><\/b><\/h3>\n<p><p><strong>Yooz<\/strong> s\u0105skait\u0173 fakt\u016br\u0173 automatizavimo sprendimas sprend\u017eia j\u016bs\u0173 produktyvumo, efektyvumo ir atitikties i\u0161\u0161\u016bkius.<\/p>\n<p>Automatizuokite pirkim\u0173 ir klient\u0173 s\u0105skait\u0173 fakt\u016br\u0173 i\u0161ra\u0161ymo procesus naudodami vien\u0105 sprendim\u0105.<\/p>\n<\/p>\n<p>Lengva nustatyti.\n<\/p>\n<p>80 proc. ma\u017eesn\u0117s s\u0105naudos.\n<\/p>\n<p>Trumpesnis patvirtinimo laikas.\n<\/p>\n<p>Didesnis proces\u0173 matomumas.\n<\/p>\n<p>Suk\u010diavimo aptikimas ir dokument\u0173 saugumas.\n<\/p>\n<p>Nulin\u0117 rizika dematerializuojant s\u0105skaitas fakt\u016bras.\n<\/p>\n<h2><\/h2>\n<h3>Yooz privalumai<\/h3>\n<h3><\/h3>\n<\/p>\n<h2><red>EU Business School <\/red>(ES verslo mokykla) pereina \u012f kit\u0105 finans\u0173 valdymo lyg\u012f su Sage X3 paremta Deveho<\/h2>\n<\/p>\n<p>Sujung\u0117me su Yooz, mok\u0117tin\u0173 sum\u0173 automatizavimo platforma, ir su m\u016bs\u0173 akademine programine \u012franga. _ Anne-Claire Aubert, EU Business School grup\u0117s finans\u0173 direktor\u0117.\n<\/p>\n<h2><\/h2>\n<h3>Susij\u0119 puslapiai<\/h3>\n<\/p>\n<h3><\/h3>\n<\/p>\n<h3><\/h3><\/p>\n","protected":false},"excerpt":{"rendered":"<p>Yooz solution provides the smartest, most powerful, and easiest-to-use cloud-based E-invoicing and Purchase-to-Pay (P2P) automation solution. It delivers unmatched savings, speed, and security with affordable zero-risk subscriptions to more than 5,000 customers and 300,000 users worldwide.<\/p>\n","protected":false},"author":34,"featured_media":0,"parent":39420,"menu_order":0,"comment_status":"closed","ping_status":"closed","template":"templates\/template-prod_serv.php","meta":{"_acf_changed":false,"footnotes":""},"class_list":["post-39432","page","type-page","status-publish","hentry"],"acf":[],"yoast_head":"<!-- This site is optimized with the Yoast SEO plugin v23.5 - https:\/\/yoast.com\/wordpress\/plugins\/seo\/ -->\n<title>Yooz solution, dematerialising suppliers invoices - Deveho<\/title>\n<meta name=\"description\" content=\"Yooz solution is a fast-growing, award-winning, SaaS innovator that is the perfect fit for mid-size organisations across all sectors.\" \/>\n<meta name=\"robots\" content=\"index, follow, max-snippet:-1, max-image-preview:large, max-video-preview:-1\" \/>\n<link rel=\"canonical\" href=\"https:\/\/deveho.com\/lt\/produktai\/sage-x3-marketplace\/yooz-sprendimas\/\" \/>\n<meta property=\"og:locale\" content=\"lt_LT\" \/>\n<meta property=\"og:type\" content=\"article\" \/>\n<meta property=\"og:title\" content=\"Yooz solution, dematerialising suppliers invoices - Deveho\" \/>\n<meta property=\"og:description\" content=\"Yooz solution is a fast-growing, award-winning, SaaS innovator that is the perfect fit for mid-size organisations across all sectors.\" \/>\n<meta property=\"og:url\" content=\"https:\/\/deveho.com\/lt\/produktai\/sage-x3-marketplace\/yooz-sprendimas\/\" \/>\n<meta property=\"og:site_name\" content=\"Deveho\" \/>\n<meta property=\"article:publisher\" content=\"https:\/\/www.facebook.com\/deveho\" \/>\n<meta property=\"article:modified_time\" content=\"2026-02-10T09:44:13+00:00\" \/>\n<meta name=\"twitter:card\" content=\"summary_large_image\" \/>\n<meta name=\"twitter:site\" content=\"@Deveho1\" \/>\n<meta name=\"twitter:label1\" content=\"Est. reading time\" \/>\n\t<meta name=\"twitter:data1\" content=\"1 minut\u0117\" \/>\n<script type=\"application\/ld+json\" class=\"yoast-schema-graph\">{\"@context\":\"https:\/\/schema.org\",\"@graph\":[{\"@type\":\"WebPage\",\"@id\":\"https:\/\/deveho.com\/lt\/produktai\/sage-x3-marketplace\/yooz-sprendimas\/\",\"url\":\"https:\/\/deveho.com\/lt\/produktai\/sage-x3-marketplace\/yooz-sprendimas\/\",\"name\":\"Yooz solution, dematerialising suppliers invoices - Deveho\",\"isPartOf\":{\"@id\":\"https:\/\/deveho.com\/#website\"},\"datePublished\":\"2024-07-17T13:41:28+00:00\",\"dateModified\":\"2026-02-10T09:44:13+00:00\",\"description\":\"Yooz solution is a fast-growing, award-winning, SaaS innovator that is the perfect fit for mid-size organisations across all sectors.\",\"breadcrumb\":{\"@id\":\"https:\/\/deveho.com\/lt\/produktai\/sage-x3-marketplace\/yooz-sprendimas\/#breadcrumb\"},\"inLanguage\":\"lt-LT\",\"potentialAction\":[{\"@type\":\"ReadAction\",\"target\":[\"https:\/\/deveho.com\/lt\/produktai\/sage-x3-marketplace\/yooz-sprendimas\/\"]}]},{\"@type\":\"BreadcrumbList\",\"@id\":\"https:\/\/deveho.com\/lt\/produktai\/sage-x3-marketplace\/yooz-sprendimas\/#breadcrumb\",\"itemListElement\":[{\"@type\":\"ListItem\",\"position\":1,\"name\":\"Home\",\"item\":\"https:\/\/deveho.com\/lt\/\"},{\"@type\":\"ListItem\",\"position\":2,\"name\":\"Produktai\",\"item\":\"https:\/\/deveho.com\/lt\/produktai\/\"},{\"@type\":\"ListItem\",\"position\":3,\"name\":\"Sage X3 Marketplace\",\"item\":\"https:\/\/deveho.com\/lt\/produktai\/sage-x3-marketplace\/\"},{\"@type\":\"ListItem\",\"position\":4,\"name\":\"Yooz sprendimas\"}]},{\"@type\":\"WebSite\",\"@id\":\"https:\/\/deveho.com\/#website\",\"url\":\"https:\/\/deveho.com\/\",\"name\":\"Deveho Consulting Group\",\"description\":\"Let\u2019s boost your growth\",\"publisher\":{\"@id\":\"https:\/\/deveho.com\/#organization\"},\"potentialAction\":[{\"@type\":\"SearchAction\",\"target\":{\"@type\":\"EntryPoint\",\"urlTemplate\":\"https:\/\/deveho.com\/?s={search_term_string}\"},\"query-input\":{\"@type\":\"PropertyValueSpecification\",\"valueRequired\":true,\"valueName\":\"search_term_string\"}}],\"inLanguage\":\"lt-LT\"},{\"@type\":\"Organization\",\"@id\":\"https:\/\/deveho.com\/#organization\",\"name\":\"Deveho Consulting Group\",\"url\":\"https:\/\/deveho.com\/\",\"logo\":{\"@type\":\"ImageObject\",\"inLanguage\":\"lt-LT\",\"@id\":\"https:\/\/deveho.com\/#\/schema\/logo\/image\/\",\"url\":\"https:\/\/deveho.com\/wp-content\/uploads\/2023\/02\/DEVEHO-LOGO-Baseline-COLOR.png\",\"contentUrl\":\"https:\/\/deveho.com\/wp-content\/uploads\/2023\/02\/DEVEHO-LOGO-Baseline-COLOR.png\",\"width\":2251,\"height\":585,\"caption\":\"Deveho Consulting Group\"},\"image\":{\"@id\":\"https:\/\/deveho.com\/#\/schema\/logo\/image\/\"},\"sameAs\":[\"https:\/\/www.facebook.com\/deveho\",\"https:\/\/x.com\/Deveho1\",\"https:\/\/www.linkedin.com\/company\/deveho-consulting\/\"]}]}<\/script>\n<!-- \/ Yoast SEO plugin. -->","yoast_head_json":{"title":"Yooz solution, dematerialising suppliers invoices - Deveho","description":"Yooz solution is a fast-growing, award-winning, SaaS innovator that is the perfect fit for mid-size organisations across all sectors.","robots":{"index":"index","follow":"follow","max-snippet":"max-snippet:-1","max-image-preview":"max-image-preview:large","max-video-preview":"max-video-preview:-1"},"canonical":"https:\/\/deveho.com\/lt\/produktai\/sage-x3-marketplace\/yooz-sprendimas\/","og_locale":"lt_LT","og_type":"article","og_title":"Yooz solution, dematerialising suppliers invoices - Deveho","og_description":"Yooz solution is a fast-growing, award-winning, SaaS innovator that is the perfect fit for mid-size organisations across all sectors.","og_url":"https:\/\/deveho.com\/lt\/produktai\/sage-x3-marketplace\/yooz-sprendimas\/","og_site_name":"Deveho","article_publisher":"https:\/\/www.facebook.com\/deveho","article_modified_time":"2026-02-10T09:44:13+00:00","twitter_card":"summary_large_image","twitter_site":"@Deveho1","twitter_misc":{"Est. reading time":"1 minut\u0117"},"schema":{"@context":"https:\/\/schema.org","@graph":[{"@type":"WebPage","@id":"https:\/\/deveho.com\/lt\/produktai\/sage-x3-marketplace\/yooz-sprendimas\/","url":"https:\/\/deveho.com\/lt\/produktai\/sage-x3-marketplace\/yooz-sprendimas\/","name":"Yooz solution, dematerialising suppliers invoices - Deveho","isPartOf":{"@id":"https:\/\/deveho.com\/#website"},"datePublished":"2024-07-17T13:41:28+00:00","dateModified":"2026-02-10T09:44:13+00:00","description":"Yooz solution is a fast-growing, award-winning, SaaS innovator that is the perfect fit for mid-size organisations across all sectors.","breadcrumb":{"@id":"https:\/\/deveho.com\/lt\/produktai\/sage-x3-marketplace\/yooz-sprendimas\/#breadcrumb"},"inLanguage":"lt-LT","potentialAction":[{"@type":"ReadAction","target":["https:\/\/deveho.com\/lt\/produktai\/sage-x3-marketplace\/yooz-sprendimas\/"]}]},{"@type":"BreadcrumbList","@id":"https:\/\/deveho.com\/lt\/produktai\/sage-x3-marketplace\/yooz-sprendimas\/#breadcrumb","itemListElement":[{"@type":"ListItem","position":1,"name":"Home","item":"https:\/\/deveho.com\/lt\/"},{"@type":"ListItem","position":2,"name":"Produktai","item":"https:\/\/deveho.com\/lt\/produktai\/"},{"@type":"ListItem","position":3,"name":"Sage X3 Marketplace","item":"https:\/\/deveho.com\/lt\/produktai\/sage-x3-marketplace\/"},{"@type":"ListItem","position":4,"name":"Yooz sprendimas"}]},{"@type":"WebSite","@id":"https:\/\/deveho.com\/#website","url":"https:\/\/deveho.com\/","name":"Deveho Consulting Group","description":"Let\u2019s boost your growth","publisher":{"@id":"https:\/\/deveho.com\/#organization"},"potentialAction":[{"@type":"SearchAction","target":{"@type":"EntryPoint","urlTemplate":"https:\/\/deveho.com\/?s={search_term_string}"},"query-input":{"@type":"PropertyValueSpecification","valueRequired":true,"valueName":"search_term_string"}}],"inLanguage":"lt-LT"},{"@type":"Organization","@id":"https:\/\/deveho.com\/#organization","name":"Deveho Consulting Group","url":"https:\/\/deveho.com\/","logo":{"@type":"ImageObject","inLanguage":"lt-LT","@id":"https:\/\/deveho.com\/#\/schema\/logo\/image\/","url":"https:\/\/deveho.com\/wp-content\/uploads\/2023\/02\/DEVEHO-LOGO-Baseline-COLOR.png","contentUrl":"https:\/\/deveho.com\/wp-content\/uploads\/2023\/02\/DEVEHO-LOGO-Baseline-COLOR.png","width":2251,"height":585,"caption":"Deveho Consulting Group"},"image":{"@id":"https:\/\/deveho.com\/#\/schema\/logo\/image\/"},"sameAs":["https:\/\/www.facebook.com\/deveho","https:\/\/x.com\/Deveho1","https:\/\/www.linkedin.com\/company\/deveho-consulting\/"]}]}},"_links":{"self":[{"href":"https:\/\/deveho.com\/lt\/wp-json\/wp\/v2\/pages\/39432"}],"collection":[{"href":"https:\/\/deveho.com\/lt\/wp-json\/wp\/v2\/pages"}],"about":[{"href":"https:\/\/deveho.com\/lt\/wp-json\/wp\/v2\/types\/page"}],"author":[{"embeddable":true,"href":"https:\/\/deveho.com\/lt\/wp-json\/wp\/v2\/users\/34"}],"replies":[{"embeddable":true,"href":"https:\/\/deveho.com\/lt\/wp-json\/wp\/v2\/comments?post=39432"}],"version-history":[{"count":11,"href":"https:\/\/deveho.com\/lt\/wp-json\/wp\/v2\/pages\/39432\/revisions"}],"predecessor-version":[{"id":46240,"href":"https:\/\/deveho.com\/lt\/wp-json\/wp\/v2\/pages\/39432\/revisions\/46240"}],"up":[{"embeddable":true,"href":"https:\/\/deveho.com\/lt\/wp-json\/wp\/v2\/pages\/39420"}],"wp:attachment":[{"href":"https:\/\/deveho.com\/lt\/wp-json\/wp\/v2\/media?parent=39432"}],"curies":[{"name":"wp","href":"https:\/\/api.w.org\/{rel}","templated":true}]}}