{"id":39434,"date":"2021-08-12T10:03:33","date_gmt":"2021-08-12T10:03:33","guid":{"rendered":"https:\/\/deveho.com\/products\/sage-xrt\/"},"modified":"2026-01-27T12:45:58","modified_gmt":"2026-01-27T10:45:58","slug":"sage-xrt","status":"publish","type":"page","link":"https:\/\/deveho.com\/lt\/produktai\/sage-xrt\/","title":{"rendered":"Sage XRT"},"content":{"rendered":"<br \/>\n<h2>Kod\u0117l verta rinktis Sage XRT sprendimus ?<\/h2>\n<h3>Saugumas<\/h3>\n<p><p>ISO 27001\/27018 ir ISAE 3402 sertifikatai, SWIFTReady for Corporates &#8211; gryn\u0173j\u0173 pinig\u0173 valdymo \u017eenklas<\/p>\n<\/p>\n<h3>Greitis ir judrumas<\/h3>\n<p><p>Sprendimo integravimas per 20 dien\u0173<\/p>\n<\/p>\n<h3>Veikimas<\/h3>\n<div id=\"flexitem-c2c160bab3ef4eeea3840d1427b61c05-1\" class=\"flex-item\">\n<div id=\"stylebox-158b6b18ec2b406ca846335f248bd090-0\" class=\"score-style-box\" data-ux-module=\"score_bootstrap\/Components\/StyleBox\" data-ux-state=\"loaded\">\n<div id=\"highlight-e8e038f240c3433d8ae0a7c178d633bd-0\" class=\"score-highlight highlight--horizontal\">\n<div class=\"caption\">\n<div class=\"score-highlight-body\">100 000 apskaitos eilu\u010di\u0173 per 20 sekund\u017ei\u0173<\/div>\n<\/div>\n<\/div>\n<\/div>\n<\/div>\n<div id=\"flexitem-4ac2555df4cb4237a831f91ef63b4536-1\" class=\"flex-item\">\n<div id=\"stylebox-53bb1a7cced64bffa7db982351240792-0\" class=\"score-style-box\" data-ux-module=\"score_bootstrap\/Components\/StyleBox\" data-ux-state=\"loaded\">\n<div id=\"highlight-72ccb4d4c3a7403686f86acbae58adf1-0\" class=\"score-highlight highlight--horizontal\"><\/div>\n<\/div>\n<\/div>\n<h3>Patikimumas<\/h3>\n<p><p>Sprendim\u0105 naudoja did\u017eiausi Pranc\u016bzijos bankai<\/p>\n<\/p>\n<h3>Pasitenkinimas<\/h3>\n<p><p>XRT sprendimais naudojasi daugiau nei 2 300 klient\u0173<\/p>\n<\/p>\n<h2>Optimizuokite apyvartinio kapitalo, likvidumo valdym\u0105, vadovaukit\u0117s veiksminga strategija ir \u012fgykite konkurencin\u012f prana\u0161um\u0105.<\/h2>\n<h3>Kontroliuokite savo pinig\u0173 srautus<\/h3>\n<p><p>Realiuoju laiku matomas j\u016bs\u0173 likvidumo vaizdas leid\u017eia priimti grie\u017etus kompromisus, steb\u0117ti \u012fmon\u0117s ir vis\u0173 jos patronuojam\u0173j\u0173 \u012fmoni\u0173 veikl\u0105 ir optimizuoti santykius su bankais.<\/p>\n<\/p>\n<h3>Finansini\u0173 sraut\u0173 derinimas<\/h3>\n<p><p>Galingas automatinio derinimo \u012frankis (iki 90 %) optimizuoja dideli\u0173 duomen\u0173 kieki\u0173 apdorojimo laik\u0105. Suderinimo kriterijai neribojami, tikslinami ir labai pa\u017eang\u016bs. Rankin\u012f derinim\u0105 labai palengvina naudotojui pritaikytas ekranas.<\/p>\n<\/p>\n<h3>Bank\u0173 \u012fgaliojim\u0173 valdymas<\/h3>\n<p><p>Banko \u012fgaliojimai yra esminis \u012fmon\u0117s finansinio saugumo grandin\u0117s elementas. Jie apibr\u0117\u017eia, kas ir k\u0105 gali daryti su \u012fmon\u0117s banko s\u0105skaitomis.<\/p>\n<\/p>\n<h3>Ataskait\u0173 teikimas<\/h3>\n<p><p>Pagal \u012fmon\u0117s veikl\u0105 ir kiekvieno naudotojo profilius pritaikomos verslo informacin\u0117s lentel\u0117s su pagrindiniais rodikliais. Integruotas ataskait\u0173 dizaineris, si\u016blantis daugyb\u0119 galimybi\u0173 analizuoti duomenis naudojant duomen\u0173 tinklel\u012f, sukam\u0105j\u0105 lentel\u0119 ar grafik\u0105 arba eksportuoti duomenis \u012fvairiais formatais (Excel\u00ae, PDF, kitais konfig\u016bruojamais formatais).<\/p>\n<\/p>\n<h3>Bendradarbiavimo ir atvira darbo platforma<\/h3>\n<p><p>Ji palengvina keitim\u0105si informacija su j\u016bs\u0173 \u012fmon\u0117s finansiniais dalyviais (apskaitininku, finans\u0173 direktoriumi, bankais ir kt.) ir integruojasi su Sage sprendimais bei visomis rinkoje esan\u010diomis ERP sistemomis. Keistis duomenimis padeda konfig\u016bruojama s\u0105saja, praturtinta konverteriais.<\/p>\n<\/p>\n<h3>Dukterin\u0117s \u012fmon\u0117s ir holdingo santyki\u0173 optimizavimas<\/h3>\n<p><p>Grup\u0117s vidaus organizacin\u0117 schema ir patronuojan\u010diosios bendrov\u0117s bei jos dukterini\u0173 bendrovi\u0173 santykiai tur\u0117t\u0173 b\u016bti apibr\u0117\u017eti atsi\u017evelgiant \u012f bendrov\u0117s vidaus organizacij\u0105. Galimi \u012fvair\u016bs santyki\u0173 tipai, pavyzd\u017eiui, l\u0117\u0161\u0173 pervedimas arba paskolos.<\/p>\n<\/p>\n<h3>Didesnis na\u0161umas<\/h3>\n<p><p>Per paprast\u0105 interneto nar\u0161ykl\u0119 ir i\u0161 \u012fvairi\u0173 \u012frengini\u0173 (kompiuteri\u0173, plan\u0161etini\u0173 kompiuteri\u0173, i\u0161mani\u0173j\u0173 telefon\u0173) pasiekiama platforma, si\u016blanti paprast\u0105, intuityvi\u0105 ir patogi\u0105 navigacij\u0105, suteikia galimyb\u0119 saugiai bet kur ir bet kuriuo metu dalytis finansine informacija.<\/p>\n<\/p>\n<h3><red>Naudokit\u0117s i\u0161tisinio ir realaus laiko likvidumo matomumu ir optimizuokite savo finansinius i\u0161teklius.<\/red>.<\/h3>\n<\/p>\n<p>Prieinama technologija\n<\/p>\n<p>Visuotinis likvidumo vaizdas\n<\/p>\n<p>Visi\u0161kas suderinamumas\n<\/p>\n<p>I\u0161manesni sprendimai\n<\/p>\n<p>Sustiprintas saugumas\n<\/p>\n<p>Ma\u017eesn\u0117 rizika\n<\/p>\n<p>Ma\u017eesn\u0117s i\u0161laidos\n<\/p>\n<p>Didesnis efektyvumas\n<\/p>\n<p>Sklandi integracija\n<\/p>\n<p>Visapusi\u0161kas pinig\u0173 sraut\u0173 valdymas\n<\/p>\n<p>Normatyvin\u0117 atitiktis\n<\/p>\n<h2><\/h2>\n<h3>Susij\u0119 puslapiai<\/h3>\n<\/p>\n<h3><\/h3>\n<\/p>\n<h3><\/h3><\/p>\n","protected":false},"excerpt":{"rendered":"<p>Patikimi, saug\u016bs ir greitai integruojami XRT sprendimai atitinka j\u016bs\u0173 verslo reikalavimus.<\/p>\n","protected":false},"author":3,"featured_media":0,"parent":39396,"menu_order":0,"comment_status":"closed","ping_status":"closed","template":"templates\/template-prod_serv.php","meta":{"_acf_changed":false,"footnotes":""},"class_list":["post-39434","page","type-page","status-publish","hentry"],"acf":[],"yoast_head":"<!-- This site is optimized with the Yoast SEO plugin v23.5 - https:\/\/yoast.com\/wordpress\/plugins\/seo\/ -->\n<title>Sage XRT, efektyvus i\u017edo duomen\u0173 valdymas - Deveho<\/title>\n<meta name=\"description\" content=\"Atraskite rakt\u0105 \u012f finansin\u0119 s\u0117km\u0119 su \u201eSage XRT\u201c sprendimais, lengvai valdydami i\u017edo duomenis ir optimizuodami savo finansin\u0119 vert\u0117s grandin\u0119.\" \/>\n<meta name=\"robots\" content=\"index, follow, max-snippet:-1, max-image-preview:large, max-video-preview:-1\" \/>\n<link rel=\"canonical\" href=\"https:\/\/deveho.com\/lt\/produktai\/sage-xrt\/\" \/>\n<meta property=\"og:locale\" content=\"lt_LT\" \/>\n<meta property=\"og:type\" content=\"article\" \/>\n<meta property=\"og:title\" content=\"Sage XRT, efektyvus i\u017edo duomen\u0173 valdymas - Deveho\" \/>\n<meta property=\"og:description\" content=\"Atraskite rakt\u0105 \u012f finansin\u0119 s\u0117km\u0119 su \u201eSage XRT\u201c sprendimais, lengvai valdydami i\u017edo duomenis ir optimizuodami savo finansin\u0119 vert\u0117s grandin\u0119.\" \/>\n<meta property=\"og:url\" content=\"https:\/\/deveho.com\/lt\/produktai\/sage-xrt\/\" \/>\n<meta property=\"og:site_name\" content=\"Deveho\" \/>\n<meta property=\"article:publisher\" content=\"https:\/\/www.facebook.com\/deveho\" \/>\n<meta property=\"article:modified_time\" content=\"2026-01-27T10:45:58+00:00\" \/>\n<meta name=\"twitter:card\" content=\"summary_large_image\" \/>\n<meta name=\"twitter:site\" content=\"@Deveho1\" \/>\n<meta name=\"twitter:label1\" content=\"Est. reading time\" \/>\n\t<meta name=\"twitter:data1\" content=\"2 minut\u0117s\" \/>\n<script type=\"application\/ld+json\" class=\"yoast-schema-graph\">{\"@context\":\"https:\/\/schema.org\",\"@graph\":[{\"@type\":\"WebPage\",\"@id\":\"https:\/\/deveho.com\/lt\/produktai\/sage-xrt\/\",\"url\":\"https:\/\/deveho.com\/lt\/produktai\/sage-xrt\/\",\"name\":\"Sage XRT, efektyvus i\u017edo duomen\u0173 valdymas - Deveho\",\"isPartOf\":{\"@id\":\"https:\/\/deveho.com\/#website\"},\"datePublished\":\"2021-08-12T10:03:33+00:00\",\"dateModified\":\"2026-01-27T10:45:58+00:00\",\"description\":\"Atraskite rakt\u0105 \u012f finansin\u0119 s\u0117km\u0119 su \u201eSage XRT\u201c sprendimais, lengvai valdydami i\u017edo duomenis ir optimizuodami savo finansin\u0119 vert\u0117s grandin\u0119.\",\"breadcrumb\":{\"@id\":\"https:\/\/deveho.com\/lt\/produktai\/sage-xrt\/#breadcrumb\"},\"inLanguage\":\"lt-LT\",\"potentialAction\":[{\"@type\":\"ReadAction\",\"target\":[\"https:\/\/deveho.com\/lt\/produktai\/sage-xrt\/\"]}]},{\"@type\":\"BreadcrumbList\",\"@id\":\"https:\/\/deveho.com\/lt\/produktai\/sage-xrt\/#breadcrumb\",\"itemListElement\":[{\"@type\":\"ListItem\",\"position\":1,\"name\":\"Home\",\"item\":\"https:\/\/deveho.com\/lt\/\"},{\"@type\":\"ListItem\",\"position\":2,\"name\":\"Produktai\",\"item\":\"https:\/\/deveho.com\/lt\/produktai\/\"},{\"@type\":\"ListItem\",\"position\":3,\"name\":\"Sage XRT\"}]},{\"@type\":\"WebSite\",\"@id\":\"https:\/\/deveho.com\/#website\",\"url\":\"https:\/\/deveho.com\/\",\"name\":\"Deveho Consulting Group\",\"description\":\"Let\u2019s boost your growth\",\"publisher\":{\"@id\":\"https:\/\/deveho.com\/#organization\"},\"potentialAction\":[{\"@type\":\"SearchAction\",\"target\":{\"@type\":\"EntryPoint\",\"urlTemplate\":\"https:\/\/deveho.com\/?s={search_term_string}\"},\"query-input\":{\"@type\":\"PropertyValueSpecification\",\"valueRequired\":true,\"valueName\":\"search_term_string\"}}],\"inLanguage\":\"lt-LT\"},{\"@type\":\"Organization\",\"@id\":\"https:\/\/deveho.com\/#organization\",\"name\":\"Deveho Consulting Group\",\"url\":\"https:\/\/deveho.com\/\",\"logo\":{\"@type\":\"ImageObject\",\"inLanguage\":\"lt-LT\",\"@id\":\"https:\/\/deveho.com\/#\/schema\/logo\/image\/\",\"url\":\"https:\/\/deveho.com\/wp-content\/uploads\/2023\/02\/DEVEHO-LOGO-Baseline-COLOR.png\",\"contentUrl\":\"https:\/\/deveho.com\/wp-content\/uploads\/2023\/02\/DEVEHO-LOGO-Baseline-COLOR.png\",\"width\":2251,\"height\":585,\"caption\":\"Deveho Consulting Group\"},\"image\":{\"@id\":\"https:\/\/deveho.com\/#\/schema\/logo\/image\/\"},\"sameAs\":[\"https:\/\/www.facebook.com\/deveho\",\"https:\/\/x.com\/Deveho1\",\"https:\/\/www.linkedin.com\/company\/deveho-consulting\/\"]}]}<\/script>\n<!-- \/ Yoast SEO plugin. -->","yoast_head_json":{"title":"Sage XRT, efektyvus i\u017edo duomen\u0173 valdymas - Deveho","description":"Atraskite rakt\u0105 \u012f finansin\u0119 s\u0117km\u0119 su \u201eSage XRT\u201c sprendimais, lengvai valdydami i\u017edo duomenis ir optimizuodami savo finansin\u0119 vert\u0117s grandin\u0119.","robots":{"index":"index","follow":"follow","max-snippet":"max-snippet:-1","max-image-preview":"max-image-preview:large","max-video-preview":"max-video-preview:-1"},"canonical":"https:\/\/deveho.com\/lt\/produktai\/sage-xrt\/","og_locale":"lt_LT","og_type":"article","og_title":"Sage XRT, efektyvus i\u017edo duomen\u0173 valdymas - Deveho","og_description":"Atraskite rakt\u0105 \u012f finansin\u0119 s\u0117km\u0119 su \u201eSage XRT\u201c sprendimais, lengvai valdydami i\u017edo duomenis ir optimizuodami savo finansin\u0119 vert\u0117s grandin\u0119.","og_url":"https:\/\/deveho.com\/lt\/produktai\/sage-xrt\/","og_site_name":"Deveho","article_publisher":"https:\/\/www.facebook.com\/deveho","article_modified_time":"2026-01-27T10:45:58+00:00","twitter_card":"summary_large_image","twitter_site":"@Deveho1","twitter_misc":{"Est. reading time":"2 minut\u0117s"},"schema":{"@context":"https:\/\/schema.org","@graph":[{"@type":"WebPage","@id":"https:\/\/deveho.com\/lt\/produktai\/sage-xrt\/","url":"https:\/\/deveho.com\/lt\/produktai\/sage-xrt\/","name":"Sage XRT, efektyvus i\u017edo duomen\u0173 valdymas - Deveho","isPartOf":{"@id":"https:\/\/deveho.com\/#website"},"datePublished":"2021-08-12T10:03:33+00:00","dateModified":"2026-01-27T10:45:58+00:00","description":"Atraskite rakt\u0105 \u012f finansin\u0119 s\u0117km\u0119 su \u201eSage XRT\u201c sprendimais, lengvai valdydami i\u017edo duomenis ir optimizuodami savo finansin\u0119 vert\u0117s grandin\u0119.","breadcrumb":{"@id":"https:\/\/deveho.com\/lt\/produktai\/sage-xrt\/#breadcrumb"},"inLanguage":"lt-LT","potentialAction":[{"@type":"ReadAction","target":["https:\/\/deveho.com\/lt\/produktai\/sage-xrt\/"]}]},{"@type":"BreadcrumbList","@id":"https:\/\/deveho.com\/lt\/produktai\/sage-xrt\/#breadcrumb","itemListElement":[{"@type":"ListItem","position":1,"name":"Home","item":"https:\/\/deveho.com\/lt\/"},{"@type":"ListItem","position":2,"name":"Produktai","item":"https:\/\/deveho.com\/lt\/produktai\/"},{"@type":"ListItem","position":3,"name":"Sage XRT"}]},{"@type":"WebSite","@id":"https:\/\/deveho.com\/#website","url":"https:\/\/deveho.com\/","name":"Deveho Consulting Group","description":"Let\u2019s boost your growth","publisher":{"@id":"https:\/\/deveho.com\/#organization"},"potentialAction":[{"@type":"SearchAction","target":{"@type":"EntryPoint","urlTemplate":"https:\/\/deveho.com\/?s={search_term_string}"},"query-input":{"@type":"PropertyValueSpecification","valueRequired":true,"valueName":"search_term_string"}}],"inLanguage":"lt-LT"},{"@type":"Organization","@id":"https:\/\/deveho.com\/#organization","name":"Deveho Consulting Group","url":"https:\/\/deveho.com\/","logo":{"@type":"ImageObject","inLanguage":"lt-LT","@id":"https:\/\/deveho.com\/#\/schema\/logo\/image\/","url":"https:\/\/deveho.com\/wp-content\/uploads\/2023\/02\/DEVEHO-LOGO-Baseline-COLOR.png","contentUrl":"https:\/\/deveho.com\/wp-content\/uploads\/2023\/02\/DEVEHO-LOGO-Baseline-COLOR.png","width":2251,"height":585,"caption":"Deveho Consulting Group"},"image":{"@id":"https:\/\/deveho.com\/#\/schema\/logo\/image\/"},"sameAs":["https:\/\/www.facebook.com\/deveho","https:\/\/x.com\/Deveho1","https:\/\/www.linkedin.com\/company\/deveho-consulting\/"]}]}},"_links":{"self":[{"href":"https:\/\/deveho.com\/lt\/wp-json\/wp\/v2\/pages\/39434"}],"collection":[{"href":"https:\/\/deveho.com\/lt\/wp-json\/wp\/v2\/pages"}],"about":[{"href":"https:\/\/deveho.com\/lt\/wp-json\/wp\/v2\/types\/page"}],"author":[{"embeddable":true,"href":"https:\/\/deveho.com\/lt\/wp-json\/wp\/v2\/users\/3"}],"replies":[{"embeddable":true,"href":"https:\/\/deveho.com\/lt\/wp-json\/wp\/v2\/comments?post=39434"}],"version-history":[{"count":10,"href":"https:\/\/deveho.com\/lt\/wp-json\/wp\/v2\/pages\/39434\/revisions"}],"predecessor-version":[{"id":45810,"href":"https:\/\/deveho.com\/lt\/wp-json\/wp\/v2\/pages\/39434\/revisions\/45810"}],"up":[{"embeddable":true,"href":"https:\/\/deveho.com\/lt\/wp-json\/wp\/v2\/pages\/39396"}],"wp:attachment":[{"href":"https:\/\/deveho.com\/lt\/wp-json\/wp\/v2\/media?parent=39434"}],"curies":[{"name":"wp","href":"https:\/\/api.w.org\/{rel}","templated":true}]}}