{"id":39438,"date":"2021-06-08T13:42:20","date_gmt":"2021-06-08T13:42:20","guid":{"rendered":"https:\/\/deveho.com\/services\/"},"modified":"2026-04-09T14:12:24","modified_gmt":"2026-04-09T12:12:24","slug":"paslaugos","status":"publish","type":"page","link":"https:\/\/deveho.com\/lt\/paslaugos\/","title":{"rendered":"Paslaugos"},"content":{"rendered":"","protected":false},"excerpt":{"rendered":"<p>Turime nusistov\u0117jusi\u0105 projekt\u0173 metodik\u0105, kurioje taikomas deterministinis po\u017ei\u016bris \u012f projekto planavim\u0105, kiekvieno etapo organizavim\u0105, kiekvieno projekte dalyvaujan\u010dio asmens vaidmen\u012f ir dalyvavim\u0105.<\/p>\n","protected":false},"author":6,"featured_media":0,"parent":0,"menu_order":2,"comment_status":"closed","ping_status":"closed","template":"templates\/template-product.php","meta":{"_acf_changed":false,"footnotes":""},"class_list":["post-39438","page","type-page","status-publish","hentry"],"acf":[],"yoast_head":"<!-- This site is optimized with the Yoast SEO plugin v23.5 - https:\/\/yoast.com\/wordpress\/plugins\/seo\/ -->\n<title>Paslaugos sprendimai, u\u017etikrinantys projekto s\u0117km\u0119 - Deveho<\/title>\n<meta name=\"description\" content=\"Susipa\u017einkite su patikrinta projekt\u0173 metodika ir perkelkite savo projektus \u012f nauj\u0105 lyg\u012f naudodamiesi m\u016bs\u0173 paslaugos: debes\u0173 kompiuterija ir hostingu, BI ir kt.\" \/>\n<meta name=\"robots\" content=\"index, follow, max-snippet:-1, max-image-preview:large, max-video-preview:-1\" \/>\n<link rel=\"canonical\" href=\"https:\/\/deveho.com\/lt\/paslaugos\/\" \/>\n<meta property=\"og:locale\" content=\"lt_LT\" \/>\n<meta property=\"og:type\" content=\"article\" \/>\n<meta property=\"og:title\" content=\"Paslaugos sprendimai, u\u017etikrinantys projekto s\u0117km\u0119 - Deveho\" \/>\n<meta property=\"og:description\" content=\"Susipa\u017einkite su patikrinta projekt\u0173 metodika ir perkelkite savo projektus \u012f nauj\u0105 lyg\u012f naudodamiesi m\u016bs\u0173 paslaugos: debes\u0173 kompiuterija ir hostingu, BI ir kt.\" \/>\n<meta property=\"og:url\" content=\"https:\/\/deveho.com\/lt\/paslaugos\/\" \/>\n<meta property=\"og:site_name\" content=\"Deveho\" \/>\n<meta property=\"article:publisher\" content=\"https:\/\/www.facebook.com\/deveho\" \/>\n<meta property=\"article:modified_time\" content=\"2026-04-09T12:12:24+00:00\" \/>\n<meta name=\"twitter:card\" content=\"summary_large_image\" \/>\n<meta name=\"twitter:site\" content=\"@Deveho1\" \/>\n<script type=\"application\/ld+json\" class=\"yoast-schema-graph\">{\"@context\":\"https:\/\/schema.org\",\"@graph\":[{\"@type\":\"WebPage\",\"@id\":\"https:\/\/deveho.com\/lt\/paslaugos\/\",\"url\":\"https:\/\/deveho.com\/lt\/paslaugos\/\",\"name\":\"Paslaugos sprendimai, u\u017etikrinantys projekto s\u0117km\u0119 - Deveho\",\"isPartOf\":{\"@id\":\"https:\/\/deveho.com\/#website\"},\"datePublished\":\"2021-06-08T13:42:20+00:00\",\"dateModified\":\"2026-04-09T12:12:24+00:00\",\"description\":\"Susipa\u017einkite su patikrinta projekt\u0173 metodika ir perkelkite savo projektus \u012f nauj\u0105 lyg\u012f naudodamiesi m\u016bs\u0173 paslaugos: debes\u0173 kompiuterija ir hostingu, BI ir kt.\",\"breadcrumb\":{\"@id\":\"https:\/\/deveho.com\/lt\/paslaugos\/#breadcrumb\"},\"inLanguage\":\"lt-LT\",\"potentialAction\":[{\"@type\":\"ReadAction\",\"target\":[\"https:\/\/deveho.com\/lt\/paslaugos\/\"]}]},{\"@type\":\"BreadcrumbList\",\"@id\":\"https:\/\/deveho.com\/lt\/paslaugos\/#breadcrumb\",\"itemListElement\":[{\"@type\":\"ListItem\",\"position\":1,\"name\":\"Home\",\"item\":\"https:\/\/deveho.com\/lt\/\"},{\"@type\":\"ListItem\",\"position\":2,\"name\":\"Paslaugos\"}]},{\"@type\":\"WebSite\",\"@id\":\"https:\/\/deveho.com\/#website\",\"url\":\"https:\/\/deveho.com\/\",\"name\":\"Deveho Consulting Group\",\"description\":\"Let\u2019s boost your growth\",\"publisher\":{\"@id\":\"https:\/\/deveho.com\/#organization\"},\"potentialAction\":[{\"@type\":\"SearchAction\",\"target\":{\"@type\":\"EntryPoint\",\"urlTemplate\":\"https:\/\/deveho.com\/?s={search_term_string}\"},\"query-input\":{\"@type\":\"PropertyValueSpecification\",\"valueRequired\":true,\"valueName\":\"search_term_string\"}}],\"inLanguage\":\"lt-LT\"},{\"@type\":\"Organization\",\"@id\":\"https:\/\/deveho.com\/#organization\",\"name\":\"Deveho Consulting Group\",\"url\":\"https:\/\/deveho.com\/\",\"logo\":{\"@type\":\"ImageObject\",\"inLanguage\":\"lt-LT\",\"@id\":\"https:\/\/deveho.com\/#\/schema\/logo\/image\/\",\"url\":\"https:\/\/deveho.com\/wp-content\/uploads\/2023\/02\/DEVEHO-LOGO-Baseline-COLOR.png\",\"contentUrl\":\"https:\/\/deveho.com\/wp-content\/uploads\/2023\/02\/DEVEHO-LOGO-Baseline-COLOR.png\",\"width\":2251,\"height\":585,\"caption\":\"Deveho Consulting Group\"},\"image\":{\"@id\":\"https:\/\/deveho.com\/#\/schema\/logo\/image\/\"},\"sameAs\":[\"https:\/\/www.facebook.com\/deveho\",\"https:\/\/x.com\/Deveho1\",\"https:\/\/www.linkedin.com\/company\/deveho-consulting\/\"]}]}<\/script>\n<!-- \/ Yoast SEO plugin. -->","yoast_head_json":{"title":"Paslaugos sprendimai, u\u017etikrinantys projekto s\u0117km\u0119 - Deveho","description":"Susipa\u017einkite su patikrinta projekt\u0173 metodika ir perkelkite savo projektus \u012f nauj\u0105 lyg\u012f naudodamiesi m\u016bs\u0173 paslaugos: debes\u0173 kompiuterija ir hostingu, BI ir kt.","robots":{"index":"index","follow":"follow","max-snippet":"max-snippet:-1","max-image-preview":"max-image-preview:large","max-video-preview":"max-video-preview:-1"},"canonical":"https:\/\/deveho.com\/lt\/paslaugos\/","og_locale":"lt_LT","og_type":"article","og_title":"Paslaugos sprendimai, u\u017etikrinantys projekto s\u0117km\u0119 - Deveho","og_description":"Susipa\u017einkite su patikrinta projekt\u0173 metodika ir perkelkite savo projektus \u012f nauj\u0105 lyg\u012f naudodamiesi m\u016bs\u0173 paslaugos: debes\u0173 kompiuterija ir hostingu, BI ir kt.","og_url":"https:\/\/deveho.com\/lt\/paslaugos\/","og_site_name":"Deveho","article_publisher":"https:\/\/www.facebook.com\/deveho","article_modified_time":"2026-04-09T12:12:24+00:00","twitter_card":"summary_large_image","twitter_site":"@Deveho1","schema":{"@context":"https:\/\/schema.org","@graph":[{"@type":"WebPage","@id":"https:\/\/deveho.com\/lt\/paslaugos\/","url":"https:\/\/deveho.com\/lt\/paslaugos\/","name":"Paslaugos sprendimai, u\u017etikrinantys projekto s\u0117km\u0119 - Deveho","isPartOf":{"@id":"https:\/\/deveho.com\/#website"},"datePublished":"2021-06-08T13:42:20+00:00","dateModified":"2026-04-09T12:12:24+00:00","description":"Susipa\u017einkite su patikrinta projekt\u0173 metodika ir perkelkite savo projektus \u012f nauj\u0105 lyg\u012f naudodamiesi m\u016bs\u0173 paslaugos: debes\u0173 kompiuterija ir hostingu, BI ir kt.","breadcrumb":{"@id":"https:\/\/deveho.com\/lt\/paslaugos\/#breadcrumb"},"inLanguage":"lt-LT","potentialAction":[{"@type":"ReadAction","target":["https:\/\/deveho.com\/lt\/paslaugos\/"]}]},{"@type":"BreadcrumbList","@id":"https:\/\/deveho.com\/lt\/paslaugos\/#breadcrumb","itemListElement":[{"@type":"ListItem","position":1,"name":"Home","item":"https:\/\/deveho.com\/lt\/"},{"@type":"ListItem","position":2,"name":"Paslaugos"}]},{"@type":"WebSite","@id":"https:\/\/deveho.com\/#website","url":"https:\/\/deveho.com\/","name":"Deveho Consulting Group","description":"Let\u2019s boost your growth","publisher":{"@id":"https:\/\/deveho.com\/#organization"},"potentialAction":[{"@type":"SearchAction","target":{"@type":"EntryPoint","urlTemplate":"https:\/\/deveho.com\/?s={search_term_string}"},"query-input":{"@type":"PropertyValueSpecification","valueRequired":true,"valueName":"search_term_string"}}],"inLanguage":"lt-LT"},{"@type":"Organization","@id":"https:\/\/deveho.com\/#organization","name":"Deveho Consulting Group","url":"https:\/\/deveho.com\/","logo":{"@type":"ImageObject","inLanguage":"lt-LT","@id":"https:\/\/deveho.com\/#\/schema\/logo\/image\/","url":"https:\/\/deveho.com\/wp-content\/uploads\/2023\/02\/DEVEHO-LOGO-Baseline-COLOR.png","contentUrl":"https:\/\/deveho.com\/wp-content\/uploads\/2023\/02\/DEVEHO-LOGO-Baseline-COLOR.png","width":2251,"height":585,"caption":"Deveho Consulting Group"},"image":{"@id":"https:\/\/deveho.com\/#\/schema\/logo\/image\/"},"sameAs":["https:\/\/www.facebook.com\/deveho","https:\/\/x.com\/Deveho1","https:\/\/www.linkedin.com\/company\/deveho-consulting\/"]}]}},"_links":{"self":[{"href":"https:\/\/deveho.com\/lt\/wp-json\/wp\/v2\/pages\/39438"}],"collection":[{"href":"https:\/\/deveho.com\/lt\/wp-json\/wp\/v2\/pages"}],"about":[{"href":"https:\/\/deveho.com\/lt\/wp-json\/wp\/v2\/types\/page"}],"author":[{"embeddable":true,"href":"https:\/\/deveho.com\/lt\/wp-json\/wp\/v2\/users\/6"}],"replies":[{"embeddable":true,"href":"https:\/\/deveho.com\/lt\/wp-json\/wp\/v2\/comments?post=39438"}],"version-history":[{"count":4,"href":"https:\/\/deveho.com\/lt\/wp-json\/wp\/v2\/pages\/39438\/revisions"}],"predecessor-version":[{"id":48640,"href":"https:\/\/deveho.com\/lt\/wp-json\/wp\/v2\/pages\/39438\/revisions\/48640"}],"wp:attachment":[{"href":"https:\/\/deveho.com\/lt\/wp-json\/wp\/v2\/media?parent=39438"}],"curies":[{"name":"wp","href":"https:\/\/api.w.org\/{rel}","templated":true}]}}