{"id":39440,"date":"2021-08-12T15:49:38","date_gmt":"2021-08-12T15:49:38","guid":{"rendered":"https:\/\/deveho.com\/services\/business-intelligence\/"},"modified":"2026-01-27T14:34:57","modified_gmt":"2026-01-27T12:34:57","slug":"verslo-analitika","status":"publish","type":"page","link":"https:\/\/deveho.com\/lt\/paslaugos\/verslo-analitika\/","title":{"rendered":"Verslo analitika"},"content":{"rendered":"<br \/>\n<h2><red>Verslo analitikos i\u0161\u0161\u016bkiai<\/red><\/h2>\n<h3>Duomen\u0173 kiekis auga vidutini\u0161kai 56% per metus<\/h3>\n<p><p>Verslo vadovams tapo labai svarbu prasibrauti pro \u0161i\u0105 painiav\u0105 ir tur\u0117ti prieig\u0105 prie tiksli\u0173 duomen\u0173 ir \u012f\u017evalg\u0173, reikaling\u0173 protingiems ir savalaikiams sprendimams priimti.<\/p>\n<\/p>\n<h3>\u012eveikite verslo neapibr\u0117\u017etum\u0105 naudodami aktualias, individualiai pritaikytas ataskaitas<\/h3>\n<p><p>Veiklos matomumo problemos, veiklos atskirtis, finansinis sud\u0117tingumas ir produktyvumo suma\u017e\u0117jimas &#8211; visa tai lemia verslo netikrum\u0105.<\/p>\n<\/p>\n<h3>Pa\u017eangios \u012fmon\u0117s mato didesn\u0119 vert\u0119 dalijantis \u012f\u017evalgomis<\/h3>\n<p><p>I\u0161pl\u0117tus koleg\u0173 prieig\u0105 prie duomen\u0173, galima skatinti atskaitomyb\u0119, inovacijas ir auk\u0161tus veiklos rezultatus.<\/p>\n<\/p>\n<h3>Pateikite aktuali\u0105 informacij\u0105<\/h3>\n<p><p>Naudotojui, kad jis gal\u0117t\u0173 priimti geriausius sprendimus, kuriais b\u016bt\u0173 vadovaujamasi \u012fmon\u0117s strategija ar veikla.<\/p>\n<\/p>\n<h2><\/h2>\n<h3>Verslo analitika leid\u017eia:<\/h3>\n<h3><\/h3>\n<ul>\n<li>Suderinti savo versl\u0105 pagal nuosekl\u0173 pagrindini\u0173 veiklos indikatori\u0173 ir rodikli\u0173 rinkin\u012f,<\/li>\n<li>Grei\u010diau priimti sprendimus,<\/li>\n<li>Supaprastinti grafin\u012f indikatori\u0173 atvaizdavim\u0105<\/li>\n<li>Pateikti patikim\u0105 informacij\u0105 vienodu b\u016bdu.<\/li>\n<li>Automatizuojant pagreitinti informacijos rinkim\u0105 ir platinim\u0105<\/li>\n<\/ul>\n<h2>Programoje Sage X3 si\u016blomas verslo analitikos sprendimas, vadinamas Sage Enterprise Intelligence (SEI).<\/h2>\n<p>Integruotas BI sprendimas Sage Enterprise Intelligence padeda naudotojams grei\u010diau priimti geriausius sprendimus, turint visus reikiamus duomenis.<br \/>\nNaudojant SEI duomenys i\u0161gaunami, transformuojami, konsoliduojami, migruojami ir pateikiami paprasta forma, pasiekiami realiuoju laiku, savitarnos re\u017eimu ir keliais spustel\u0117jimais.<br \/>\nErgonomi\u0161kas SEI sprendimas skatina naudotoj\u0173 savaranki\u0161kum\u0105, nereikalauja speciali\u0173 \u012fg\u016bd\u017ei\u0173.\n<\/p>\n<h2><\/h2>\n<h3>Susij\u0119 puslapiai<\/h3>\n<\/p>\n<h3><\/h3>\n<\/p>\n<h3><\/h3><\/p>\n","protected":false},"excerpt":{"rendered":"<p>Verslo analitika grind\u017eiama naudojam\u0173 duomen\u0173 patikimumo principu. J\u0173 apdorojimas ir j\u0173 pateikimas darbuotojams patogiose ataskaitose suteikia galimyb\u0119 priimti tinkamus sprendimus tinkamu laiku.<\/p>\n","protected":false},"author":3,"featured_media":0,"parent":39438,"menu_order":0,"comment_status":"closed","ping_status":"closed","template":"templates\/template-prod_serv.php","meta":{"_acf_changed":false,"footnotes":""},"class_list":["post-39440","page","type-page","status-publish","hentry"],"acf":[],"yoast_head":"<!-- This site is optimized with the Yoast SEO plugin v23.5 - https:\/\/yoast.com\/wordpress\/plugins\/seo\/ -->\n<title>Verslo analitika su \u201eSage Enterprise Intelligence\u201c - Deveho<\/title>\n<meta name=\"description\" content=\"Naudodama Sage X3, Deveho si\u016blo Verslo analitika sprendim\u0105 SEI, kuris pad\u0117s jums grei\u010diau priimti geriausius sprendimus.\" \/>\n<meta name=\"robots\" content=\"index, follow, max-snippet:-1, max-image-preview:large, max-video-preview:-1\" \/>\n<link rel=\"canonical\" href=\"https:\/\/deveho.com\/lt\/paslaugos\/verslo-analitika\/\" \/>\n<meta property=\"og:locale\" content=\"lt_LT\" \/>\n<meta property=\"og:type\" content=\"article\" \/>\n<meta property=\"og:title\" content=\"Verslo analitika su \u201eSage Enterprise Intelligence\u201c - Deveho\" \/>\n<meta property=\"og:description\" content=\"Naudodama Sage X3, Deveho si\u016blo Verslo analitika sprendim\u0105 SEI, kuris pad\u0117s jums grei\u010diau priimti geriausius sprendimus.\" \/>\n<meta property=\"og:url\" content=\"https:\/\/deveho.com\/lt\/paslaugos\/verslo-analitika\/\" \/>\n<meta property=\"og:site_name\" content=\"Deveho\" \/>\n<meta property=\"article:publisher\" content=\"https:\/\/www.facebook.com\/deveho\" \/>\n<meta property=\"article:modified_time\" content=\"2026-01-27T12:34:57+00:00\" \/>\n<meta name=\"twitter:card\" content=\"summary_large_image\" \/>\n<meta name=\"twitter:site\" content=\"@Deveho1\" \/>\n<meta name=\"twitter:label1\" content=\"Est. reading time\" \/>\n\t<meta name=\"twitter:data1\" content=\"1 minut\u0117\" \/>\n<script type=\"application\/ld+json\" class=\"yoast-schema-graph\">{\"@context\":\"https:\/\/schema.org\",\"@graph\":[{\"@type\":\"WebPage\",\"@id\":\"https:\/\/deveho.com\/lt\/paslaugos\/verslo-analitika\/\",\"url\":\"https:\/\/deveho.com\/lt\/paslaugos\/verslo-analitika\/\",\"name\":\"Verslo analitika su \u201eSage Enterprise Intelligence\u201c - Deveho\",\"isPartOf\":{\"@id\":\"https:\/\/deveho.com\/#website\"},\"datePublished\":\"2021-08-12T15:49:38+00:00\",\"dateModified\":\"2026-01-27T12:34:57+00:00\",\"description\":\"Naudodama Sage X3, Deveho si\u016blo Verslo analitika sprendim\u0105 SEI, kuris pad\u0117s jums grei\u010diau priimti geriausius sprendimus.\",\"breadcrumb\":{\"@id\":\"https:\/\/deveho.com\/lt\/paslaugos\/verslo-analitika\/#breadcrumb\"},\"inLanguage\":\"lt-LT\",\"potentialAction\":[{\"@type\":\"ReadAction\",\"target\":[\"https:\/\/deveho.com\/lt\/paslaugos\/verslo-analitika\/\"]}]},{\"@type\":\"BreadcrumbList\",\"@id\":\"https:\/\/deveho.com\/lt\/paslaugos\/verslo-analitika\/#breadcrumb\",\"itemListElement\":[{\"@type\":\"ListItem\",\"position\":1,\"name\":\"Home\",\"item\":\"https:\/\/deveho.com\/lt\/\"},{\"@type\":\"ListItem\",\"position\":2,\"name\":\"Paslaugos\",\"item\":\"https:\/\/deveho.com\/lt\/paslaugos\/\"},{\"@type\":\"ListItem\",\"position\":3,\"name\":\"Verslo analitika\"}]},{\"@type\":\"WebSite\",\"@id\":\"https:\/\/deveho.com\/#website\",\"url\":\"https:\/\/deveho.com\/\",\"name\":\"Deveho Consulting Group\",\"description\":\"Let\u2019s boost your growth\",\"publisher\":{\"@id\":\"https:\/\/deveho.com\/#organization\"},\"potentialAction\":[{\"@type\":\"SearchAction\",\"target\":{\"@type\":\"EntryPoint\",\"urlTemplate\":\"https:\/\/deveho.com\/?s={search_term_string}\"},\"query-input\":{\"@type\":\"PropertyValueSpecification\",\"valueRequired\":true,\"valueName\":\"search_term_string\"}}],\"inLanguage\":\"lt-LT\"},{\"@type\":\"Organization\",\"@id\":\"https:\/\/deveho.com\/#organization\",\"name\":\"Deveho Consulting Group\",\"url\":\"https:\/\/deveho.com\/\",\"logo\":{\"@type\":\"ImageObject\",\"inLanguage\":\"lt-LT\",\"@id\":\"https:\/\/deveho.com\/#\/schema\/logo\/image\/\",\"url\":\"https:\/\/deveho.com\/wp-content\/uploads\/2023\/02\/DEVEHO-LOGO-Baseline-COLOR.png\",\"contentUrl\":\"https:\/\/deveho.com\/wp-content\/uploads\/2023\/02\/DEVEHO-LOGO-Baseline-COLOR.png\",\"width\":2251,\"height\":585,\"caption\":\"Deveho Consulting Group\"},\"image\":{\"@id\":\"https:\/\/deveho.com\/#\/schema\/logo\/image\/\"},\"sameAs\":[\"https:\/\/www.facebook.com\/deveho\",\"https:\/\/x.com\/Deveho1\",\"https:\/\/www.linkedin.com\/company\/deveho-consulting\/\"]}]}<\/script>\n<!-- \/ Yoast SEO plugin. -->","yoast_head_json":{"title":"Verslo analitika su \u201eSage Enterprise Intelligence\u201c - Deveho","description":"Naudodama Sage X3, Deveho si\u016blo Verslo analitika sprendim\u0105 SEI, kuris pad\u0117s jums grei\u010diau priimti geriausius sprendimus.","robots":{"index":"index","follow":"follow","max-snippet":"max-snippet:-1","max-image-preview":"max-image-preview:large","max-video-preview":"max-video-preview:-1"},"canonical":"https:\/\/deveho.com\/lt\/paslaugos\/verslo-analitika\/","og_locale":"lt_LT","og_type":"article","og_title":"Verslo analitika su \u201eSage Enterprise Intelligence\u201c - Deveho","og_description":"Naudodama Sage X3, Deveho si\u016blo Verslo analitika sprendim\u0105 SEI, kuris pad\u0117s jums grei\u010diau priimti geriausius sprendimus.","og_url":"https:\/\/deveho.com\/lt\/paslaugos\/verslo-analitika\/","og_site_name":"Deveho","article_publisher":"https:\/\/www.facebook.com\/deveho","article_modified_time":"2026-01-27T12:34:57+00:00","twitter_card":"summary_large_image","twitter_site":"@Deveho1","twitter_misc":{"Est. reading time":"1 minut\u0117"},"schema":{"@context":"https:\/\/schema.org","@graph":[{"@type":"WebPage","@id":"https:\/\/deveho.com\/lt\/paslaugos\/verslo-analitika\/","url":"https:\/\/deveho.com\/lt\/paslaugos\/verslo-analitika\/","name":"Verslo analitika su \u201eSage Enterprise Intelligence\u201c - Deveho","isPartOf":{"@id":"https:\/\/deveho.com\/#website"},"datePublished":"2021-08-12T15:49:38+00:00","dateModified":"2026-01-27T12:34:57+00:00","description":"Naudodama Sage X3, Deveho si\u016blo Verslo analitika sprendim\u0105 SEI, kuris pad\u0117s jums grei\u010diau priimti geriausius sprendimus.","breadcrumb":{"@id":"https:\/\/deveho.com\/lt\/paslaugos\/verslo-analitika\/#breadcrumb"},"inLanguage":"lt-LT","potentialAction":[{"@type":"ReadAction","target":["https:\/\/deveho.com\/lt\/paslaugos\/verslo-analitika\/"]}]},{"@type":"BreadcrumbList","@id":"https:\/\/deveho.com\/lt\/paslaugos\/verslo-analitika\/#breadcrumb","itemListElement":[{"@type":"ListItem","position":1,"name":"Home","item":"https:\/\/deveho.com\/lt\/"},{"@type":"ListItem","position":2,"name":"Paslaugos","item":"https:\/\/deveho.com\/lt\/paslaugos\/"},{"@type":"ListItem","position":3,"name":"Verslo analitika"}]},{"@type":"WebSite","@id":"https:\/\/deveho.com\/#website","url":"https:\/\/deveho.com\/","name":"Deveho Consulting Group","description":"Let\u2019s boost your growth","publisher":{"@id":"https:\/\/deveho.com\/#organization"},"potentialAction":[{"@type":"SearchAction","target":{"@type":"EntryPoint","urlTemplate":"https:\/\/deveho.com\/?s={search_term_string}"},"query-input":{"@type":"PropertyValueSpecification","valueRequired":true,"valueName":"search_term_string"}}],"inLanguage":"lt-LT"},{"@type":"Organization","@id":"https:\/\/deveho.com\/#organization","name":"Deveho Consulting Group","url":"https:\/\/deveho.com\/","logo":{"@type":"ImageObject","inLanguage":"lt-LT","@id":"https:\/\/deveho.com\/#\/schema\/logo\/image\/","url":"https:\/\/deveho.com\/wp-content\/uploads\/2023\/02\/DEVEHO-LOGO-Baseline-COLOR.png","contentUrl":"https:\/\/deveho.com\/wp-content\/uploads\/2023\/02\/DEVEHO-LOGO-Baseline-COLOR.png","width":2251,"height":585,"caption":"Deveho Consulting Group"},"image":{"@id":"https:\/\/deveho.com\/#\/schema\/logo\/image\/"},"sameAs":["https:\/\/www.facebook.com\/deveho","https:\/\/x.com\/Deveho1","https:\/\/www.linkedin.com\/company\/deveho-consulting\/"]}]}},"_links":{"self":[{"href":"https:\/\/deveho.com\/lt\/wp-json\/wp\/v2\/pages\/39440"}],"collection":[{"href":"https:\/\/deveho.com\/lt\/wp-json\/wp\/v2\/pages"}],"about":[{"href":"https:\/\/deveho.com\/lt\/wp-json\/wp\/v2\/types\/page"}],"author":[{"embeddable":true,"href":"https:\/\/deveho.com\/lt\/wp-json\/wp\/v2\/users\/3"}],"replies":[{"embeddable":true,"href":"https:\/\/deveho.com\/lt\/wp-json\/wp\/v2\/comments?post=39440"}],"version-history":[{"count":10,"href":"https:\/\/deveho.com\/lt\/wp-json\/wp\/v2\/pages\/39440\/revisions"}],"predecessor-version":[{"id":45836,"href":"https:\/\/deveho.com\/lt\/wp-json\/wp\/v2\/pages\/39440\/revisions\/45836"}],"up":[{"embeddable":true,"href":"https:\/\/deveho.com\/lt\/wp-json\/wp\/v2\/pages\/39438"}],"wp:attachment":[{"href":"https:\/\/deveho.com\/lt\/wp-json\/wp\/v2\/media?parent=39440"}],"curies":[{"name":"wp","href":"https:\/\/api.w.org\/{rel}","templated":true}]}}