{"id":39442,"date":"2021-08-12T10:46:06","date_gmt":"2021-08-12T10:46:06","guid":{"rendered":"https:\/\/deveho.com\/services\/cloud-hosting\/"},"modified":"2026-01-27T14:30:34","modified_gmt":"2026-01-27T12:30:34","slug":"debesis-ir-priegloba","status":"publish","type":"page","link":"https:\/\/deveho.com\/lt\/paslaugos\/debesis-ir-priegloba\/","title":{"rendered":"Debesis ir priegloba"},"content":{"rendered":"<br \/>\n<h2><\/h2>\n<h3>Bendra informacija apie Cloud X3<\/h3>\n<h3><\/h3>\n<p><p>Sage X3 gali b\u016bti \u012fdiegta j\u016bs\u0173 serveriuose arba prieglobos b\u016bdu (priva\u010diame debesyje arba vie\u0161ajame debesyje).<\/p>\n<p>Sage X3 \u012fdiegta daug nauj\u0173 technologini\u0173 komponent\u0173, kurie pripa\u017e\u012fstami geriausiais ir pa\u017eangiausiais pasirinkimais pramon\u0117je, susijusiais su naudojimusi keliomis nar\u0161ykl\u0117mis ir mobiliaisiais \u012frenginiais, paie\u0161kos sparta, \u017einiatinklio paslaug\u0173 k\u016brimu, debesijos duomen\u0173 bazi\u0173 integracija ir dokument\u0173 valdymu.<\/p>\n<ul>\n<li><a href=\"https:\/\/deveho.com\/lt\/paslaugos\/debesis-ir-priegloba\/amazon-web-services\/\">AWS \u203a<\/a><\/li>\n<li><a href=\"https:\/\/deveho.com\/lt\/paslaugos\/debesis-ir-priegloba\/ovh\/\">OVH \u203a<\/a><\/li>\n<\/ul>\n<h2><red><b>Privalumai<\/b><\/red>      <\/h2>\n<h3>DIDESN\u0116 FUNKCIN\u0116 APIMTIS IR INTEGRACIJA<\/h3>\n<p><p>D\u0117l debes\u0173 technologijos nesileiskite \u012f kompromisus d\u0117l verslo funkcionalumo. Sage X3 valdo visus j\u016bs\u0173 procesus &#8211; nuo finans\u0173 iki platinimo ir gamybos &#8211; naudodama unikal\u0173 integruot\u0105 debesijos sprendim\u0105. Rezultatas &#8211; supaprastinta veikla, realiuoju laiku gaunama informacija apie j\u016bs\u0173 veikl\u0105 ir geresni veiklos rezultatai.<\/p>\n<\/p>\n<h3>AUK\u0160\u010cIAUSIOS KOKYB\u0116S PALAIKYMAS TARPTAUTIN\u0116MS ORGANIZACIJOMS<\/h3>\n<p><p>Neleiskite, kad debesijos sprendimai apribot\u0173 j\u016bs\u0173 ambicijas pl\u0117stis. Sage X3 padeda valdyti paskirstytas ir tarptautines operacijas, valdyti sud\u0117tingas organizacines ir atskaitomyb\u0117s strukt\u016bras (keli\u0173 \u012fmoni\u0173, keli\u0173 viet\u0173, keli\u0173 gamybos b\u016bd\u0173, keli\u0173 apskaitos knyg\u0173 ir keli\u0173 \u0161ali\u0173 teis\u0117s akt\u0173).<\/p>\n<\/p>\n<h3>SUKURTA KONKRE\u010cIAI PRAMON\u0116S \u0160AKAI B\u016aDINGOMS OPERACIJOMS<\/h3>\n<p><p>Neb\u016bkite ribojami vieno dyd\u017eio universali\u0173 debesijos sprendim\u0173. Sage X3 pritaikyta gamybos, platinimo ir paslaug\u0173 pramonei, tod\u0117l joje pateikiamos pla\u010dios ir paruo\u0161tos naudoti funkcijos, kurios leis grei\u010diau valdyti veikl\u0105 ir pagerinti jos rezultatus.<\/p>\n<\/p>\n<h3>DID\u017dIAUSIAS LANKSTUMAS IR PRITAIKYMO GALIMYB\u0116S<\/h3>\n<p><p>Neleiskite, kad technologijos nulemt\u0173 j\u016bs\u0173 verslo reikalavimus. Sage X3 yra itin lanksti ir gali b\u016bti pritaikyta prie j\u016bs\u0173 verslo proces\u0173 ir darbo eigos. Sprendim\u0105 taip pat galite naudoti savo priva\u010dioje infrastrukt\u016broje (vietoje arba pas partner\u012f), neprarasdami duomen\u0173 ar funkcionalumo.<\/p>\n<\/p>\n<h3>AUK\u0160\u010cIAUSIOS KOKYB\u0116S SAUGUMAS, NA\u0160UMAS IR PL\u0116TROS GALIMYB\u0116S<\/h3>\n<p><p>Ne visi debesijos sprendimai yra vienodi. Sage X3 remiasi pasaulyje pirmaujan\u010dia debesijos infrastrukt\u016bra, kad b\u016bt\u0173 sukurta labiausiai kei\u010diamo dyd\u017eio, patikimiausia ir saugiausia debesijos platforma, k\u0105 patvirtina daugyb\u0117 jai suteikt\u0173 sertifikat\u0173 ir grie\u017etas \u012fvairi\u0173 gairi\u0173 bei regionini\u0173 \u012fstatym\u0173 d\u0117l konfidencialumo laikymasis.<\/p>\n<\/p>\n<h3>UNIVERSALI PRIEIGA INTERNETU IR I\u0160 MOBILI\u0172J\u0172 \u012eRENGINI\u0172<\/h3>\n<p><p>Mobilumas n\u0117ra tik vyresni\u0173j\u0173 vadov\u0173 reikalas. Naudodamiesi Sage X3 visi naudotojai gali naudotis saugia prieiga i\u0161 bet kurios nar\u0161ykl\u0117s ar mobiliojo \u012frenginio prie vis\u0173 sistemos duomen\u0173 ir funkcij\u0173, nepriklausomai nuo j\u0173 buvimo vietos ir \u012fvairi\u0173 pla\u010diai naudojam\u0173 terminal\u0173. HTML5 s\u0105saja u\u017etikrina intuityvi\u0105 nar\u0161ymo patirt\u012f ir leid\u017eia naudotojams lengvai pritaikyti pagal savo poreikius.<\/p>\n<\/p>\n<h2><\/h2>\n<h3>Susij\u0119 puslapiai<\/h3>\n<\/p>\n<h3><\/h3>\n<\/p>\n<h3><\/h3><\/p>\n","protected":false},"excerpt":{"rendered":"<p>Bendrov\u0117 Deveho Consulting Group teikia debesijos ir prieglobos paslaugas, kurios pritaikomos pagal j\u016bs\u0173 esamus organizacijos privalumus, taip pat atsi\u017evelgiama \u012f j\u016bs\u0173 ateities augimo siekius.<\/p>\n","protected":false},"author":3,"featured_media":0,"parent":39438,"menu_order":0,"comment_status":"closed","ping_status":"closed","template":"templates\/template-prod_serv.php","meta":{"_acf_changed":false,"footnotes":""},"class_list":["post-39442","page","type-page","status-publish","hentry"],"acf":[],"yoast_head":"<!-- This site is optimized with the Yoast SEO plugin v23.5 - https:\/\/yoast.com\/wordpress\/plugins\/seo\/ -->\n<title>Debesis ir priegloba, saugus, patikimas ir pritaikomas sprendimas - Deveho<\/title>\n<meta name=\"description\" content=\"Debesis ir priegloba sprendimas suteikia jums geriausias debes\u0173 pagrindu veikian\u010dias valdymo ir saugumo funkcijas. I\u0161laisvinkite savo verslo debes\u0173 potencial\u0105!\" \/>\n<meta name=\"robots\" content=\"index, follow, max-snippet:-1, max-image-preview:large, max-video-preview:-1\" \/>\n<link rel=\"canonical\" href=\"https:\/\/deveho.com\/lt\/paslaugos\/debesis-ir-priegloba\/\" \/>\n<meta property=\"og:locale\" content=\"lt_LT\" \/>\n<meta property=\"og:type\" content=\"article\" \/>\n<meta property=\"og:title\" content=\"Debesis ir priegloba, saugus, patikimas ir pritaikomas sprendimas - Deveho\" \/>\n<meta property=\"og:description\" content=\"Debesis ir priegloba sprendimas suteikia jums geriausias debes\u0173 pagrindu veikian\u010dias valdymo ir saugumo funkcijas. I\u0161laisvinkite savo verslo debes\u0173 potencial\u0105!\" \/>\n<meta property=\"og:url\" content=\"https:\/\/deveho.com\/lt\/paslaugos\/debesis-ir-priegloba\/\" \/>\n<meta property=\"og:site_name\" content=\"Deveho\" \/>\n<meta property=\"article:publisher\" content=\"https:\/\/www.facebook.com\/deveho\" \/>\n<meta property=\"article:modified_time\" content=\"2026-01-27T12:30:34+00:00\" \/>\n<meta name=\"twitter:card\" content=\"summary_large_image\" \/>\n<meta name=\"twitter:site\" content=\"@Deveho1\" \/>\n<meta name=\"twitter:label1\" content=\"Est. reading time\" \/>\n\t<meta name=\"twitter:data1\" content=\"2 minut\u0117s\" \/>\n<script type=\"application\/ld+json\" class=\"yoast-schema-graph\">{\"@context\":\"https:\/\/schema.org\",\"@graph\":[{\"@type\":\"WebPage\",\"@id\":\"https:\/\/deveho.com\/lt\/paslaugos\/debesis-ir-priegloba\/\",\"url\":\"https:\/\/deveho.com\/lt\/paslaugos\/debesis-ir-priegloba\/\",\"name\":\"Debesis ir priegloba, saugus, patikimas ir pritaikomas sprendimas - Deveho\",\"isPartOf\":{\"@id\":\"https:\/\/deveho.com\/#website\"},\"datePublished\":\"2021-08-12T10:46:06+00:00\",\"dateModified\":\"2026-01-27T12:30:34+00:00\",\"description\":\"Debesis ir priegloba sprendimas suteikia jums geriausias debes\u0173 pagrindu veikian\u010dias valdymo ir saugumo funkcijas. I\u0161laisvinkite savo verslo debes\u0173 potencial\u0105!\",\"breadcrumb\":{\"@id\":\"https:\/\/deveho.com\/lt\/paslaugos\/debesis-ir-priegloba\/#breadcrumb\"},\"inLanguage\":\"lt-LT\",\"potentialAction\":[{\"@type\":\"ReadAction\",\"target\":[\"https:\/\/deveho.com\/lt\/paslaugos\/debesis-ir-priegloba\/\"]}]},{\"@type\":\"BreadcrumbList\",\"@id\":\"https:\/\/deveho.com\/lt\/paslaugos\/debesis-ir-priegloba\/#breadcrumb\",\"itemListElement\":[{\"@type\":\"ListItem\",\"position\":1,\"name\":\"Home\",\"item\":\"https:\/\/deveho.com\/lt\/\"},{\"@type\":\"ListItem\",\"position\":2,\"name\":\"Paslaugos\",\"item\":\"https:\/\/deveho.com\/lt\/paslaugos\/\"},{\"@type\":\"ListItem\",\"position\":3,\"name\":\"Debesis ir priegloba\"}]},{\"@type\":\"WebSite\",\"@id\":\"https:\/\/deveho.com\/#website\",\"url\":\"https:\/\/deveho.com\/\",\"name\":\"Deveho Consulting Group\",\"description\":\"Let\u2019s boost your growth\",\"publisher\":{\"@id\":\"https:\/\/deveho.com\/#organization\"},\"potentialAction\":[{\"@type\":\"SearchAction\",\"target\":{\"@type\":\"EntryPoint\",\"urlTemplate\":\"https:\/\/deveho.com\/?s={search_term_string}\"},\"query-input\":{\"@type\":\"PropertyValueSpecification\",\"valueRequired\":true,\"valueName\":\"search_term_string\"}}],\"inLanguage\":\"lt-LT\"},{\"@type\":\"Organization\",\"@id\":\"https:\/\/deveho.com\/#organization\",\"name\":\"Deveho Consulting Group\",\"url\":\"https:\/\/deveho.com\/\",\"logo\":{\"@type\":\"ImageObject\",\"inLanguage\":\"lt-LT\",\"@id\":\"https:\/\/deveho.com\/#\/schema\/logo\/image\/\",\"url\":\"https:\/\/deveho.com\/wp-content\/uploads\/2023\/02\/DEVEHO-LOGO-Baseline-COLOR.png\",\"contentUrl\":\"https:\/\/deveho.com\/wp-content\/uploads\/2023\/02\/DEVEHO-LOGO-Baseline-COLOR.png\",\"width\":2251,\"height\":585,\"caption\":\"Deveho Consulting Group\"},\"image\":{\"@id\":\"https:\/\/deveho.com\/#\/schema\/logo\/image\/\"},\"sameAs\":[\"https:\/\/www.facebook.com\/deveho\",\"https:\/\/x.com\/Deveho1\",\"https:\/\/www.linkedin.com\/company\/deveho-consulting\/\"]}]}<\/script>\n<!-- \/ Yoast SEO plugin. -->","yoast_head_json":{"title":"Debesis ir priegloba, saugus, patikimas ir pritaikomas sprendimas - Deveho","description":"Debesis ir priegloba sprendimas suteikia jums geriausias debes\u0173 pagrindu veikian\u010dias valdymo ir saugumo funkcijas. I\u0161laisvinkite savo verslo debes\u0173 potencial\u0105!","robots":{"index":"index","follow":"follow","max-snippet":"max-snippet:-1","max-image-preview":"max-image-preview:large","max-video-preview":"max-video-preview:-1"},"canonical":"https:\/\/deveho.com\/lt\/paslaugos\/debesis-ir-priegloba\/","og_locale":"lt_LT","og_type":"article","og_title":"Debesis ir priegloba, saugus, patikimas ir pritaikomas sprendimas - Deveho","og_description":"Debesis ir priegloba sprendimas suteikia jums geriausias debes\u0173 pagrindu veikian\u010dias valdymo ir saugumo funkcijas. I\u0161laisvinkite savo verslo debes\u0173 potencial\u0105!","og_url":"https:\/\/deveho.com\/lt\/paslaugos\/debesis-ir-priegloba\/","og_site_name":"Deveho","article_publisher":"https:\/\/www.facebook.com\/deveho","article_modified_time":"2026-01-27T12:30:34+00:00","twitter_card":"summary_large_image","twitter_site":"@Deveho1","twitter_misc":{"Est. reading time":"2 minut\u0117s"},"schema":{"@context":"https:\/\/schema.org","@graph":[{"@type":"WebPage","@id":"https:\/\/deveho.com\/lt\/paslaugos\/debesis-ir-priegloba\/","url":"https:\/\/deveho.com\/lt\/paslaugos\/debesis-ir-priegloba\/","name":"Debesis ir priegloba, saugus, patikimas ir pritaikomas sprendimas - Deveho","isPartOf":{"@id":"https:\/\/deveho.com\/#website"},"datePublished":"2021-08-12T10:46:06+00:00","dateModified":"2026-01-27T12:30:34+00:00","description":"Debesis ir priegloba sprendimas suteikia jums geriausias debes\u0173 pagrindu veikian\u010dias valdymo ir saugumo funkcijas. I\u0161laisvinkite savo verslo debes\u0173 potencial\u0105!","breadcrumb":{"@id":"https:\/\/deveho.com\/lt\/paslaugos\/debesis-ir-priegloba\/#breadcrumb"},"inLanguage":"lt-LT","potentialAction":[{"@type":"ReadAction","target":["https:\/\/deveho.com\/lt\/paslaugos\/debesis-ir-priegloba\/"]}]},{"@type":"BreadcrumbList","@id":"https:\/\/deveho.com\/lt\/paslaugos\/debesis-ir-priegloba\/#breadcrumb","itemListElement":[{"@type":"ListItem","position":1,"name":"Home","item":"https:\/\/deveho.com\/lt\/"},{"@type":"ListItem","position":2,"name":"Paslaugos","item":"https:\/\/deveho.com\/lt\/paslaugos\/"},{"@type":"ListItem","position":3,"name":"Debesis ir priegloba"}]},{"@type":"WebSite","@id":"https:\/\/deveho.com\/#website","url":"https:\/\/deveho.com\/","name":"Deveho Consulting Group","description":"Let\u2019s boost your growth","publisher":{"@id":"https:\/\/deveho.com\/#organization"},"potentialAction":[{"@type":"SearchAction","target":{"@type":"EntryPoint","urlTemplate":"https:\/\/deveho.com\/?s={search_term_string}"},"query-input":{"@type":"PropertyValueSpecification","valueRequired":true,"valueName":"search_term_string"}}],"inLanguage":"lt-LT"},{"@type":"Organization","@id":"https:\/\/deveho.com\/#organization","name":"Deveho Consulting Group","url":"https:\/\/deveho.com\/","logo":{"@type":"ImageObject","inLanguage":"lt-LT","@id":"https:\/\/deveho.com\/#\/schema\/logo\/image\/","url":"https:\/\/deveho.com\/wp-content\/uploads\/2023\/02\/DEVEHO-LOGO-Baseline-COLOR.png","contentUrl":"https:\/\/deveho.com\/wp-content\/uploads\/2023\/02\/DEVEHO-LOGO-Baseline-COLOR.png","width":2251,"height":585,"caption":"Deveho Consulting Group"},"image":{"@id":"https:\/\/deveho.com\/#\/schema\/logo\/image\/"},"sameAs":["https:\/\/www.facebook.com\/deveho","https:\/\/x.com\/Deveho1","https:\/\/www.linkedin.com\/company\/deveho-consulting\/"]}]}},"_links":{"self":[{"href":"https:\/\/deveho.com\/lt\/wp-json\/wp\/v2\/pages\/39442"}],"collection":[{"href":"https:\/\/deveho.com\/lt\/wp-json\/wp\/v2\/pages"}],"about":[{"href":"https:\/\/deveho.com\/lt\/wp-json\/wp\/v2\/types\/page"}],"author":[{"embeddable":true,"href":"https:\/\/deveho.com\/lt\/wp-json\/wp\/v2\/users\/3"}],"replies":[{"embeddable":true,"href":"https:\/\/deveho.com\/lt\/wp-json\/wp\/v2\/comments?post=39442"}],"version-history":[{"count":13,"href":"https:\/\/deveho.com\/lt\/wp-json\/wp\/v2\/pages\/39442\/revisions"}],"predecessor-version":[{"id":45824,"href":"https:\/\/deveho.com\/lt\/wp-json\/wp\/v2\/pages\/39442\/revisions\/45824"}],"up":[{"embeddable":true,"href":"https:\/\/deveho.com\/lt\/wp-json\/wp\/v2\/pages\/39438"}],"wp:attachment":[{"href":"https:\/\/deveho.com\/lt\/wp-json\/wp\/v2\/media?parent=39442"}],"curies":[{"name":"wp","href":"https:\/\/api.w.org\/{rel}","templated":true}]}}