{"id":39444,"date":"2021-08-12T11:20:28","date_gmt":"2021-08-12T11:20:28","guid":{"rendered":"https:\/\/deveho.com\/services\/cloud-hosting\/amazon-web-services\/"},"modified":"2026-01-27T14:31:07","modified_gmt":"2026-01-27T12:31:07","slug":"amazon-web-services","status":"publish","type":"page","link":"https:\/\/deveho.com\/lt\/paslaugos\/debesis-ir-priegloba\/amazon-web-services\/","title":{"rendered":"Amazon Web Services"},"content":{"rendered":"<br \/>\n<h2><\/h2>\n<h3>Sage X3 dirba Amazon Web Services<\/h3>\n<h3>Milijonai klient\u0173, \u012fskaitant spar\u010diausiai augan\u010dias pradedan\u010di\u0105sias \u012fmones, did\u017eiausias \u012fmones ir pirmaujan\u010dias vyriausybines agent\u016bras, naudojasi AWS, kad suma\u017eint\u0173 i\u0161laidas, tapt\u0173 lankstesni ir grei\u010diau diegt\u0173 naujoves.<\/h3>\n<\/p>\n<h2><\/h2>\n<h3>Susij\u0119 puslapiai<\/h3>\n<\/p>\n<h3><\/h3>\n<\/p>\n<h3><\/h3><\/p>\n","protected":false},"excerpt":{"rendered":"<p>Sage X3 dirba Amazon Web Services<\/p>\n","protected":false},"author":3,"featured_media":0,"parent":39442,"menu_order":0,"comment_status":"closed","ping_status":"closed","template":"templates\/template-prod_serv.php","meta":{"_acf_changed":false,"footnotes":""},"class_list":["post-39444","page","type-page","status-publish","hentry"],"acf":[],"yoast_head":"<!-- This site is optimized with the Yoast SEO plugin v23.5 - https:\/\/yoast.com\/wordpress\/plugins\/seo\/ -->\n<title>Amazon Web Services, apsaugos j\u016bs\u0173 duomenis - Deveho<\/title>\n<meta name=\"description\" content=\"Apsaugokite savo duomenis naudodami \u201eAmazon Web Services\u201c. AWS, kad gal\u0117tum\u0117te spar\u010diau diegti naujoves naudodami debes\u0173 technologijas\" \/>\n<meta name=\"robots\" content=\"index, follow, max-snippet:-1, max-image-preview:large, max-video-preview:-1\" \/>\n<link rel=\"canonical\" href=\"https:\/\/deveho.com\/lt\/paslaugos\/debesis-ir-priegloba\/amazon-web-services\/\" \/>\n<meta property=\"og:locale\" content=\"lt_LT\" \/>\n<meta property=\"og:type\" content=\"article\" \/>\n<meta property=\"og:title\" content=\"Amazon Web Services, apsaugos j\u016bs\u0173 duomenis - Deveho\" \/>\n<meta property=\"og:description\" content=\"Apsaugokite savo duomenis naudodami \u201eAmazon Web Services\u201c. AWS, kad gal\u0117tum\u0117te spar\u010diau diegti naujoves naudodami debes\u0173 technologijas\" \/>\n<meta property=\"og:url\" content=\"https:\/\/deveho.com\/lt\/paslaugos\/debesis-ir-priegloba\/amazon-web-services\/\" \/>\n<meta property=\"og:site_name\" content=\"Deveho\" \/>\n<meta property=\"article:publisher\" content=\"https:\/\/www.facebook.com\/deveho\" \/>\n<meta property=\"article:modified_time\" content=\"2026-01-27T12:31:07+00:00\" \/>\n<meta name=\"twitter:card\" content=\"summary_large_image\" \/>\n<meta name=\"twitter:site\" content=\"@Deveho1\" \/>\n<meta name=\"twitter:label1\" content=\"Est. reading time\" \/>\n\t<meta name=\"twitter:data1\" content=\"1 minut\u0117\" \/>\n<script type=\"application\/ld+json\" class=\"yoast-schema-graph\">{\"@context\":\"https:\/\/schema.org\",\"@graph\":[{\"@type\":\"WebPage\",\"@id\":\"https:\/\/deveho.com\/lt\/paslaugos\/debesis-ir-priegloba\/amazon-web-services\/\",\"url\":\"https:\/\/deveho.com\/lt\/paslaugos\/debesis-ir-priegloba\/amazon-web-services\/\",\"name\":\"Amazon Web Services, apsaugos j\u016bs\u0173 duomenis - Deveho\",\"isPartOf\":{\"@id\":\"https:\/\/deveho.com\/#website\"},\"datePublished\":\"2021-08-12T11:20:28+00:00\",\"dateModified\":\"2026-01-27T12:31:07+00:00\",\"description\":\"Apsaugokite savo duomenis naudodami \u201eAmazon Web Services\u201c. AWS, kad gal\u0117tum\u0117te spar\u010diau diegti naujoves naudodami debes\u0173 technologijas\",\"breadcrumb\":{\"@id\":\"https:\/\/deveho.com\/lt\/paslaugos\/debesis-ir-priegloba\/amazon-web-services\/#breadcrumb\"},\"inLanguage\":\"lt-LT\",\"potentialAction\":[{\"@type\":\"ReadAction\",\"target\":[\"https:\/\/deveho.com\/lt\/paslaugos\/debesis-ir-priegloba\/amazon-web-services\/\"]}]},{\"@type\":\"BreadcrumbList\",\"@id\":\"https:\/\/deveho.com\/lt\/paslaugos\/debesis-ir-priegloba\/amazon-web-services\/#breadcrumb\",\"itemListElement\":[{\"@type\":\"ListItem\",\"position\":1,\"name\":\"Home\",\"item\":\"https:\/\/deveho.com\/lt\/\"},{\"@type\":\"ListItem\",\"position\":2,\"name\":\"Paslaugos\",\"item\":\"https:\/\/deveho.com\/lt\/paslaugos\/\"},{\"@type\":\"ListItem\",\"position\":3,\"name\":\"Debesis ir priegloba\",\"item\":\"https:\/\/deveho.com\/lt\/paslaugos\/debesis-ir-priegloba\/\"},{\"@type\":\"ListItem\",\"position\":4,\"name\":\"Amazon Web Services\"}]},{\"@type\":\"WebSite\",\"@id\":\"https:\/\/deveho.com\/#website\",\"url\":\"https:\/\/deveho.com\/\",\"name\":\"Deveho Consulting Group\",\"description\":\"Let\u2019s boost your growth\",\"publisher\":{\"@id\":\"https:\/\/deveho.com\/#organization\"},\"potentialAction\":[{\"@type\":\"SearchAction\",\"target\":{\"@type\":\"EntryPoint\",\"urlTemplate\":\"https:\/\/deveho.com\/?s={search_term_string}\"},\"query-input\":{\"@type\":\"PropertyValueSpecification\",\"valueRequired\":true,\"valueName\":\"search_term_string\"}}],\"inLanguage\":\"lt-LT\"},{\"@type\":\"Organization\",\"@id\":\"https:\/\/deveho.com\/#organization\",\"name\":\"Deveho Consulting Group\",\"url\":\"https:\/\/deveho.com\/\",\"logo\":{\"@type\":\"ImageObject\",\"inLanguage\":\"lt-LT\",\"@id\":\"https:\/\/deveho.com\/#\/schema\/logo\/image\/\",\"url\":\"https:\/\/deveho.com\/wp-content\/uploads\/2023\/02\/DEVEHO-LOGO-Baseline-COLOR.png\",\"contentUrl\":\"https:\/\/deveho.com\/wp-content\/uploads\/2023\/02\/DEVEHO-LOGO-Baseline-COLOR.png\",\"width\":2251,\"height\":585,\"caption\":\"Deveho Consulting Group\"},\"image\":{\"@id\":\"https:\/\/deveho.com\/#\/schema\/logo\/image\/\"},\"sameAs\":[\"https:\/\/www.facebook.com\/deveho\",\"https:\/\/x.com\/Deveho1\",\"https:\/\/www.linkedin.com\/company\/deveho-consulting\/\"]}]}<\/script>\n<!-- \/ Yoast SEO plugin. -->","yoast_head_json":{"title":"Amazon Web Services, apsaugos j\u016bs\u0173 duomenis - Deveho","description":"Apsaugokite savo duomenis naudodami \u201eAmazon Web Services\u201c. AWS, kad gal\u0117tum\u0117te spar\u010diau diegti naujoves naudodami debes\u0173 technologijas","robots":{"index":"index","follow":"follow","max-snippet":"max-snippet:-1","max-image-preview":"max-image-preview:large","max-video-preview":"max-video-preview:-1"},"canonical":"https:\/\/deveho.com\/lt\/paslaugos\/debesis-ir-priegloba\/amazon-web-services\/","og_locale":"lt_LT","og_type":"article","og_title":"Amazon Web Services, apsaugos j\u016bs\u0173 duomenis - Deveho","og_description":"Apsaugokite savo duomenis naudodami \u201eAmazon Web Services\u201c. AWS, kad gal\u0117tum\u0117te spar\u010diau diegti naujoves naudodami debes\u0173 technologijas","og_url":"https:\/\/deveho.com\/lt\/paslaugos\/debesis-ir-priegloba\/amazon-web-services\/","og_site_name":"Deveho","article_publisher":"https:\/\/www.facebook.com\/deveho","article_modified_time":"2026-01-27T12:31:07+00:00","twitter_card":"summary_large_image","twitter_site":"@Deveho1","twitter_misc":{"Est. reading time":"1 minut\u0117"},"schema":{"@context":"https:\/\/schema.org","@graph":[{"@type":"WebPage","@id":"https:\/\/deveho.com\/lt\/paslaugos\/debesis-ir-priegloba\/amazon-web-services\/","url":"https:\/\/deveho.com\/lt\/paslaugos\/debesis-ir-priegloba\/amazon-web-services\/","name":"Amazon Web Services, apsaugos j\u016bs\u0173 duomenis - Deveho","isPartOf":{"@id":"https:\/\/deveho.com\/#website"},"datePublished":"2021-08-12T11:20:28+00:00","dateModified":"2026-01-27T12:31:07+00:00","description":"Apsaugokite savo duomenis naudodami \u201eAmazon Web Services\u201c. AWS, kad gal\u0117tum\u0117te spar\u010diau diegti naujoves naudodami debes\u0173 technologijas","breadcrumb":{"@id":"https:\/\/deveho.com\/lt\/paslaugos\/debesis-ir-priegloba\/amazon-web-services\/#breadcrumb"},"inLanguage":"lt-LT","potentialAction":[{"@type":"ReadAction","target":["https:\/\/deveho.com\/lt\/paslaugos\/debesis-ir-priegloba\/amazon-web-services\/"]}]},{"@type":"BreadcrumbList","@id":"https:\/\/deveho.com\/lt\/paslaugos\/debesis-ir-priegloba\/amazon-web-services\/#breadcrumb","itemListElement":[{"@type":"ListItem","position":1,"name":"Home","item":"https:\/\/deveho.com\/lt\/"},{"@type":"ListItem","position":2,"name":"Paslaugos","item":"https:\/\/deveho.com\/lt\/paslaugos\/"},{"@type":"ListItem","position":3,"name":"Debesis ir priegloba","item":"https:\/\/deveho.com\/lt\/paslaugos\/debesis-ir-priegloba\/"},{"@type":"ListItem","position":4,"name":"Amazon Web Services"}]},{"@type":"WebSite","@id":"https:\/\/deveho.com\/#website","url":"https:\/\/deveho.com\/","name":"Deveho Consulting Group","description":"Let\u2019s boost your growth","publisher":{"@id":"https:\/\/deveho.com\/#organization"},"potentialAction":[{"@type":"SearchAction","target":{"@type":"EntryPoint","urlTemplate":"https:\/\/deveho.com\/?s={search_term_string}"},"query-input":{"@type":"PropertyValueSpecification","valueRequired":true,"valueName":"search_term_string"}}],"inLanguage":"lt-LT"},{"@type":"Organization","@id":"https:\/\/deveho.com\/#organization","name":"Deveho Consulting Group","url":"https:\/\/deveho.com\/","logo":{"@type":"ImageObject","inLanguage":"lt-LT","@id":"https:\/\/deveho.com\/#\/schema\/logo\/image\/","url":"https:\/\/deveho.com\/wp-content\/uploads\/2023\/02\/DEVEHO-LOGO-Baseline-COLOR.png","contentUrl":"https:\/\/deveho.com\/wp-content\/uploads\/2023\/02\/DEVEHO-LOGO-Baseline-COLOR.png","width":2251,"height":585,"caption":"Deveho Consulting Group"},"image":{"@id":"https:\/\/deveho.com\/#\/schema\/logo\/image\/"},"sameAs":["https:\/\/www.facebook.com\/deveho","https:\/\/x.com\/Deveho1","https:\/\/www.linkedin.com\/company\/deveho-consulting\/"]}]}},"_links":{"self":[{"href":"https:\/\/deveho.com\/lt\/wp-json\/wp\/v2\/pages\/39444"}],"collection":[{"href":"https:\/\/deveho.com\/lt\/wp-json\/wp\/v2\/pages"}],"about":[{"href":"https:\/\/deveho.com\/lt\/wp-json\/wp\/v2\/types\/page"}],"author":[{"embeddable":true,"href":"https:\/\/deveho.com\/lt\/wp-json\/wp\/v2\/users\/3"}],"replies":[{"embeddable":true,"href":"https:\/\/deveho.com\/lt\/wp-json\/wp\/v2\/comments?post=39444"}],"version-history":[{"count":9,"href":"https:\/\/deveho.com\/lt\/wp-json\/wp\/v2\/pages\/39444\/revisions"}],"predecessor-version":[{"id":45826,"href":"https:\/\/deveho.com\/lt\/wp-json\/wp\/v2\/pages\/39444\/revisions\/45826"}],"up":[{"embeddable":true,"href":"https:\/\/deveho.com\/lt\/wp-json\/wp\/v2\/pages\/39442"}],"wp:attachment":[{"href":"https:\/\/deveho.com\/lt\/wp-json\/wp\/v2\/media?parent=39444"}],"curies":[{"name":"wp","href":"https:\/\/api.w.org\/{rel}","templated":true}]}}