{"id":39446,"date":"2021-11-09T16:32:33","date_gmt":"2021-11-09T16:32:33","guid":{"rendered":"https:\/\/deveho.com\/services\/cloud-hosting\/ovh-cloud\/"},"modified":"2026-01-27T14:31:31","modified_gmt":"2026-01-27T12:31:31","slug":"ovh","status":"publish","type":"page","link":"https:\/\/deveho.com\/lt\/paslaugos\/debesis-ir-priegloba\/ovh\/","title":{"rendered":"OVH"},"content":{"rendered":"<br \/>\n<h2>Bendra informacija apie OVH<\/h2>\n<\/p>\n<p><p><strong>OVH Cloud<\/strong> si\u016blo pa\u017eangesn\u0119 alternatyv\u0105 \u017einiatinklio prieglobai, el. pa\u0161tui, neapsaugotiems fiziniams serveriams, prieglobai priva\u010diuose debesyse, hibridiniams ir vie\u0161iesiems debes\u0173 sprendimams. Grup\u0117 valdo 30 duomen\u0173 centr\u0173 12 viet\u0173 4 \u017eemynuose, gamina savo serverius, stato savo duomen\u0173 centrus ir diegia savo \u0161viesolaidin\u012f pasaulin\u012f tinkl\u0105, kad pasiekt\u0173 did\u017eiausi\u0105 efektyvum\u0105.<\/p>\n<\/p>\n<p><p>Vadovaudamasi <strong>OVH Cloud<\/strong> dvasia ir kvestionuodama status quo, bendrov\u0117 suteikia laisv\u0119, saugum\u0105 ir inovacijas, kad i\u0161spr\u0119st\u0173 duomen\u0173 i\u0161\u0161\u016bkius &#8211; \u0161iandien ir rytoj. Tur\u0117dama 20 met\u0173 paveld\u0105 ir tvirt\u0105 europieti\u0161k\u0105 pagrind\u0105, <strong>OVH Cloud<\/strong> yra \u012fsipareigojusi kurti atsakingas technologijas, nes grup\u0117 siekia tapti naujos debesijos evoliucijos varom\u0105ja j\u0117ga.<\/p>\n<\/p>\n<h2>OVH\u2019s <red>privalumai<\/red><\/h2>\n<h3>PASLAUGOS<\/h3>\n<p><p>OVH si\u016blo plat\u0173 IT paslaug\u0173 verslui asortiment\u0105: nuo interneto prieglobos iki virtuali\u0173 duomen\u0173 centr\u0173, dedikuot\u0173 serveri\u0173, saugojimo sprendim\u0173 ir xDSL bei VoIP jung\u010di\u0173 &#8211; visos paslaugos yra nuolat tobulinamos ir nuolat papildomos naujomis funkcijomis.<\/p>\n<\/p>\n<h3>NUOSAVAS PASAULINIS TINKLAS<\/h3>\n<p><p>OVH tarptautinis pasiekiamumas vis\u0173 pirma grind\u017eiamas jos nuosavu tinklu, kuriuo ji teikia nepriekai\u0161tingos kokyb\u0117s paslaugas. \u0160is itin saugus tinklas su garantuotu duomen\u0173 srauto pralaidumu suteikia unikal\u0173 prana\u0161um\u0105 \u0161iuolaikin\u0117je prieglobos paslaug\u0173 rinkoje.<\/p>\n<\/p>\n<h3>KLIENT\u0172 APTARNAVIMO ENTUZIASTAI<\/h3>\n<p><p><strong>OVH<\/strong> fraz\u0117 \u201evisada j\u016bs\u0173 paslaugoms\u201c yra tikro \u012fsipareigojimo pagrindas. Nuo pat pirmojo pokalbio su palaikymo komanda bendrausite su pa\u017eengusiais vartotojais, kurie pasitelks savo technines \u017einias ir pad\u0117s jums pasirinkti tinkam\u0105 sprendim\u0105.<\/p>\n<\/p>\n<h3>I\u0160LAID\u0172 OPTIMIZAVIMAS<\/h3>\n<p><p>Dauguma konkurent\u0173 valdo tik pa\u010di\u0105 prieglobos paslaug\u0105. Tod\u0117l serveriai gaminami i\u0161 i\u0161or\u0117s; duomen\u0173 centrai, kaip ir tinklas, nuomojami i\u0161 tre\u010di\u0173j\u0173 \u0161ali\u0173, o juos \u201eiki rakt\u0173\u201c \u012frengia subrangovai. Tod\u0117l sunku u\u017etikrinti paslaug\u0173 \u012fkainius ir i\u0161laikyti konkurencing\u0105 j\u0173 lyg\u012f. <strong>OVH.com<\/strong> s\u0105naud\u0173 strukt\u016bra buvo maksimaliai racionalizuota.<\/p>\n<\/p>\n<h3>RY\u017dTINGAI NEPRIKLAUSOMA<\/h3>\n<p><p><strong>OVH<\/strong> yra \u0161eimai priklausanti, finansi\u0161kai nepriklausoma bendrov\u0117, kuri nusprend\u0117 vis\u0105 peln\u0105 reinvestuoti \u012f savo pl\u0117tr\u0105.<\/p>\n<\/p>\n<h2>Dedikuotasis serveris: Atsakomyb\u0117s pasiskirstymas<\/h2>\n<h3>DEVEHO SRITIS<\/h3>\n<p><p>Operacini\u0173 sistem\u0173 ir Sage X3 program\u0173 diegimas, administravimas ir prie\u017ei\u016bra.<\/p>\n<p>Tinklo sprendim\u0173, \u012fdiegt\u0173 pagal OVH privataus tinklo sprendim\u0105, projektavimas, diegimas ir galima prie\u017ei\u016bra.<\/p>\n<\/p>\n<h3>OVH APIMTIS<\/h3>\n<p><p>Serveri\u0173 ir duomen\u0173 centr\u0173 gamyba, mar\u0161rutizavimas, pristatymas, technin\u0117s \u012frangos prie\u017ei\u016bra.<\/p>\n<p>Vie\u0161ojo ir privataus tinklo infrastrukt\u016bros architekt\u016bra, \u012fgyvendinimas ir technin\u0117s \u012frangos prie\u017ei\u016bra.<\/p>\n<\/p>\n<h3><red>OVH prieglobos paslauga Deveho Cloud<\/red>      <\/h3>\n<\/p>\n<p>Speciali infrastrukt\u016bra\n<\/p>\n<p>Platus serveri\u0173 pasirinkimas skirtingoms paskirtims: Virtualizacija, saugykla, didieji duomenys, administravimas ir kt\n<\/p>\n<p>Pritaikomos konfig\u016bracijos: Operatyvioji atmintis \/ procesorius \/ diskas \/ Raid<\/p>\n<p>Naujausi technologiniai pasiekimai\n<\/p>\n<p>I\u0161tekliai pagal m\u0117nesius\n<\/p>\n<p>OVH privatus keli\u0173 svetaini\u0173 tinklas: vRack\n<\/p>\n<h2><\/h2>\n<h3>Susij\u0119 puslapiai<\/h3>\n<\/p>\n<h3><\/h3>\n<\/p>\n<h3><\/h3><\/p>\n","protected":false},"excerpt":{"rendered":"<p>OVH si\u016blo plat\u0173 IT paslaug\u0173 verslui asortiment\u0105: nuo interneto prieglobos iki virtuali\u0173 duomen\u0173 centr\u0173, dedikuot\u0173 serveri\u0173, saugojimo sprendim\u0173, xDSL ir VoIP ry\u0161io &#8211; visoms paslaugoms taikomos nuolatin\u0117s inovacijos ir jos nuolat papildomos naujomis funkcijomis.<\/p>\n","protected":false},"author":8,"featured_media":0,"parent":39442,"menu_order":0,"comment_status":"closed","ping_status":"closed","template":"templates\/template-prod_serv.php","meta":{"_acf_changed":false,"footnotes":""},"class_list":["post-39446","page","type-page","status-publish","hentry"],"acf":[],"yoast_head":"<!-- This site is optimized with the Yoast SEO plugin v23.5 - https:\/\/yoast.com\/wordpress\/plugins\/seo\/ -->\n<title>OVH Cloud Services, lokalizuokite savo duomen\u0173 saugykl\u0105 - Deveho<\/title>\n<meta name=\"description\" content=\"Paprastos ir saugios IT paslaugos su OVH Cloud. Alternatyvus SMART CLOUD sprendimas interneto prieglobos, serveri\u0173 ir saugojimo paslaugoms!\" \/>\n<meta name=\"robots\" content=\"index, follow, max-snippet:-1, max-image-preview:large, max-video-preview:-1\" \/>\n<link rel=\"canonical\" href=\"https:\/\/deveho.com\/lt\/paslaugos\/debesis-ir-priegloba\/ovh\/\" \/>\n<meta property=\"og:locale\" content=\"lt_LT\" \/>\n<meta property=\"og:type\" content=\"article\" \/>\n<meta property=\"og:title\" content=\"OVH Cloud Services, lokalizuokite savo duomen\u0173 saugykl\u0105 - Deveho\" \/>\n<meta property=\"og:description\" content=\"Paprastos ir saugios IT paslaugos su OVH Cloud. Alternatyvus SMART CLOUD sprendimas interneto prieglobos, serveri\u0173 ir saugojimo paslaugoms!\" \/>\n<meta property=\"og:url\" content=\"https:\/\/deveho.com\/lt\/paslaugos\/debesis-ir-priegloba\/ovh\/\" \/>\n<meta property=\"og:site_name\" content=\"Deveho\" \/>\n<meta property=\"article:publisher\" content=\"https:\/\/www.facebook.com\/deveho\" \/>\n<meta property=\"article:modified_time\" content=\"2026-01-27T12:31:31+00:00\" \/>\n<meta name=\"twitter:card\" content=\"summary_large_image\" \/>\n<meta name=\"twitter:site\" content=\"@Deveho1\" \/>\n<meta name=\"twitter:label1\" content=\"Est. reading time\" \/>\n\t<meta name=\"twitter:data1\" content=\"2 minut\u0117s\" \/>\n<script type=\"application\/ld+json\" class=\"yoast-schema-graph\">{\"@context\":\"https:\/\/schema.org\",\"@graph\":[{\"@type\":\"WebPage\",\"@id\":\"https:\/\/deveho.com\/lt\/paslaugos\/debesis-ir-priegloba\/ovh\/\",\"url\":\"https:\/\/deveho.com\/lt\/paslaugos\/debesis-ir-priegloba\/ovh\/\",\"name\":\"OVH Cloud Services, lokalizuokite savo duomen\u0173 saugykl\u0105 - Deveho\",\"isPartOf\":{\"@id\":\"https:\/\/deveho.com\/#website\"},\"datePublished\":\"2021-11-09T16:32:33+00:00\",\"dateModified\":\"2026-01-27T12:31:31+00:00\",\"description\":\"Paprastos ir saugios IT paslaugos su OVH Cloud. Alternatyvus SMART CLOUD sprendimas interneto prieglobos, serveri\u0173 ir saugojimo paslaugoms!\",\"breadcrumb\":{\"@id\":\"https:\/\/deveho.com\/lt\/paslaugos\/debesis-ir-priegloba\/ovh\/#breadcrumb\"},\"inLanguage\":\"lt-LT\",\"potentialAction\":[{\"@type\":\"ReadAction\",\"target\":[\"https:\/\/deveho.com\/lt\/paslaugos\/debesis-ir-priegloba\/ovh\/\"]}]},{\"@type\":\"BreadcrumbList\",\"@id\":\"https:\/\/deveho.com\/lt\/paslaugos\/debesis-ir-priegloba\/ovh\/#breadcrumb\",\"itemListElement\":[{\"@type\":\"ListItem\",\"position\":1,\"name\":\"Home\",\"item\":\"https:\/\/deveho.com\/lt\/\"},{\"@type\":\"ListItem\",\"position\":2,\"name\":\"Paslaugos\",\"item\":\"https:\/\/deveho.com\/lt\/paslaugos\/\"},{\"@type\":\"ListItem\",\"position\":3,\"name\":\"Debesis ir priegloba\",\"item\":\"https:\/\/deveho.com\/lt\/paslaugos\/debesis-ir-priegloba\/\"},{\"@type\":\"ListItem\",\"position\":4,\"name\":\"OVH\"}]},{\"@type\":\"WebSite\",\"@id\":\"https:\/\/deveho.com\/#website\",\"url\":\"https:\/\/deveho.com\/\",\"name\":\"Deveho Consulting Group\",\"description\":\"Let\u2019s boost your growth\",\"publisher\":{\"@id\":\"https:\/\/deveho.com\/#organization\"},\"potentialAction\":[{\"@type\":\"SearchAction\",\"target\":{\"@type\":\"EntryPoint\",\"urlTemplate\":\"https:\/\/deveho.com\/?s={search_term_string}\"},\"query-input\":{\"@type\":\"PropertyValueSpecification\",\"valueRequired\":true,\"valueName\":\"search_term_string\"}}],\"inLanguage\":\"lt-LT\"},{\"@type\":\"Organization\",\"@id\":\"https:\/\/deveho.com\/#organization\",\"name\":\"Deveho Consulting Group\",\"url\":\"https:\/\/deveho.com\/\",\"logo\":{\"@type\":\"ImageObject\",\"inLanguage\":\"lt-LT\",\"@id\":\"https:\/\/deveho.com\/#\/schema\/logo\/image\/\",\"url\":\"https:\/\/deveho.com\/wp-content\/uploads\/2023\/02\/DEVEHO-LOGO-Baseline-COLOR.png\",\"contentUrl\":\"https:\/\/deveho.com\/wp-content\/uploads\/2023\/02\/DEVEHO-LOGO-Baseline-COLOR.png\",\"width\":2251,\"height\":585,\"caption\":\"Deveho Consulting Group\"},\"image\":{\"@id\":\"https:\/\/deveho.com\/#\/schema\/logo\/image\/\"},\"sameAs\":[\"https:\/\/www.facebook.com\/deveho\",\"https:\/\/x.com\/Deveho1\",\"https:\/\/www.linkedin.com\/company\/deveho-consulting\/\"]}]}<\/script>\n<!-- \/ Yoast SEO plugin. -->","yoast_head_json":{"title":"OVH Cloud Services, lokalizuokite savo duomen\u0173 saugykl\u0105 - Deveho","description":"Paprastos ir saugios IT paslaugos su OVH Cloud. Alternatyvus SMART CLOUD sprendimas interneto prieglobos, serveri\u0173 ir saugojimo paslaugoms!","robots":{"index":"index","follow":"follow","max-snippet":"max-snippet:-1","max-image-preview":"max-image-preview:large","max-video-preview":"max-video-preview:-1"},"canonical":"https:\/\/deveho.com\/lt\/paslaugos\/debesis-ir-priegloba\/ovh\/","og_locale":"lt_LT","og_type":"article","og_title":"OVH Cloud Services, lokalizuokite savo duomen\u0173 saugykl\u0105 - Deveho","og_description":"Paprastos ir saugios IT paslaugos su OVH Cloud. Alternatyvus SMART CLOUD sprendimas interneto prieglobos, serveri\u0173 ir saugojimo paslaugoms!","og_url":"https:\/\/deveho.com\/lt\/paslaugos\/debesis-ir-priegloba\/ovh\/","og_site_name":"Deveho","article_publisher":"https:\/\/www.facebook.com\/deveho","article_modified_time":"2026-01-27T12:31:31+00:00","twitter_card":"summary_large_image","twitter_site":"@Deveho1","twitter_misc":{"Est. reading time":"2 minut\u0117s"},"schema":{"@context":"https:\/\/schema.org","@graph":[{"@type":"WebPage","@id":"https:\/\/deveho.com\/lt\/paslaugos\/debesis-ir-priegloba\/ovh\/","url":"https:\/\/deveho.com\/lt\/paslaugos\/debesis-ir-priegloba\/ovh\/","name":"OVH Cloud Services, lokalizuokite savo duomen\u0173 saugykl\u0105 - Deveho","isPartOf":{"@id":"https:\/\/deveho.com\/#website"},"datePublished":"2021-11-09T16:32:33+00:00","dateModified":"2026-01-27T12:31:31+00:00","description":"Paprastos ir saugios IT paslaugos su OVH Cloud. Alternatyvus SMART CLOUD sprendimas interneto prieglobos, serveri\u0173 ir saugojimo paslaugoms!","breadcrumb":{"@id":"https:\/\/deveho.com\/lt\/paslaugos\/debesis-ir-priegloba\/ovh\/#breadcrumb"},"inLanguage":"lt-LT","potentialAction":[{"@type":"ReadAction","target":["https:\/\/deveho.com\/lt\/paslaugos\/debesis-ir-priegloba\/ovh\/"]}]},{"@type":"BreadcrumbList","@id":"https:\/\/deveho.com\/lt\/paslaugos\/debesis-ir-priegloba\/ovh\/#breadcrumb","itemListElement":[{"@type":"ListItem","position":1,"name":"Home","item":"https:\/\/deveho.com\/lt\/"},{"@type":"ListItem","position":2,"name":"Paslaugos","item":"https:\/\/deveho.com\/lt\/paslaugos\/"},{"@type":"ListItem","position":3,"name":"Debesis ir priegloba","item":"https:\/\/deveho.com\/lt\/paslaugos\/debesis-ir-priegloba\/"},{"@type":"ListItem","position":4,"name":"OVH"}]},{"@type":"WebSite","@id":"https:\/\/deveho.com\/#website","url":"https:\/\/deveho.com\/","name":"Deveho Consulting Group","description":"Let\u2019s boost your growth","publisher":{"@id":"https:\/\/deveho.com\/#organization"},"potentialAction":[{"@type":"SearchAction","target":{"@type":"EntryPoint","urlTemplate":"https:\/\/deveho.com\/?s={search_term_string}"},"query-input":{"@type":"PropertyValueSpecification","valueRequired":true,"valueName":"search_term_string"}}],"inLanguage":"lt-LT"},{"@type":"Organization","@id":"https:\/\/deveho.com\/#organization","name":"Deveho Consulting Group","url":"https:\/\/deveho.com\/","logo":{"@type":"ImageObject","inLanguage":"lt-LT","@id":"https:\/\/deveho.com\/#\/schema\/logo\/image\/","url":"https:\/\/deveho.com\/wp-content\/uploads\/2023\/02\/DEVEHO-LOGO-Baseline-COLOR.png","contentUrl":"https:\/\/deveho.com\/wp-content\/uploads\/2023\/02\/DEVEHO-LOGO-Baseline-COLOR.png","width":2251,"height":585,"caption":"Deveho Consulting Group"},"image":{"@id":"https:\/\/deveho.com\/#\/schema\/logo\/image\/"},"sameAs":["https:\/\/www.facebook.com\/deveho","https:\/\/x.com\/Deveho1","https:\/\/www.linkedin.com\/company\/deveho-consulting\/"]}]}},"_links":{"self":[{"href":"https:\/\/deveho.com\/lt\/wp-json\/wp\/v2\/pages\/39446"}],"collection":[{"href":"https:\/\/deveho.com\/lt\/wp-json\/wp\/v2\/pages"}],"about":[{"href":"https:\/\/deveho.com\/lt\/wp-json\/wp\/v2\/types\/page"}],"author":[{"embeddable":true,"href":"https:\/\/deveho.com\/lt\/wp-json\/wp\/v2\/users\/8"}],"replies":[{"embeddable":true,"href":"https:\/\/deveho.com\/lt\/wp-json\/wp\/v2\/comments?post=39446"}],"version-history":[{"count":7,"href":"https:\/\/deveho.com\/lt\/wp-json\/wp\/v2\/pages\/39446\/revisions"}],"predecessor-version":[{"id":45828,"href":"https:\/\/deveho.com\/lt\/wp-json\/wp\/v2\/pages\/39446\/revisions\/45828"}],"up":[{"embeddable":true,"href":"https:\/\/deveho.com\/lt\/wp-json\/wp\/v2\/pages\/39442"}],"wp:attachment":[{"href":"https:\/\/deveho.com\/lt\/wp-json\/wp\/v2\/media?parent=39446"}],"curies":[{"name":"wp","href":"https:\/\/api.w.org\/{rel}","templated":true}]}}