{"id":39448,"date":"2024-02-27T15:55:51","date_gmt":"2024-02-27T13:55:51","guid":{"rendered":"https:\/\/deveho.com\/services\/e-invoicing\/"},"modified":"2026-01-15T18:34:02","modified_gmt":"2026-01-15T16:34:02","slug":"e-saskaitu-fakturu-israsymas","status":"publish","type":"page","link":"https:\/\/deveho.com\/lt\/paslaugos\/e-saskaitu-fakturu-israsymas\/","title":{"rendered":"E-s\u0105skait\u0173 fakt\u016br\u0173 i\u0161ra\u0161ymas"},"content":{"rendered":"<br \/>\n<h2><\/h2>\n<h3>Europos <br \/>E-s\u0105skait\u0173 fakt\u016br\u0173 i\u0161ra\u0161ymo<br \/><red> tvarkara\u0161tis<\/red> <\/h3>\n<h3>Tur\u0117dama vietines komandas Pranc\u016bzijoje, Nyderlanduose, \u0160veicarijoje, Ispanijoje, Maroke, Latvijoje, Lietuvoje, Lenkijoje, \u010cekijoje, Slovakijoje, Vengrijoje ir Rumunijoje, Deveho Consulting Group gali pad\u0117ti jums tvarkyti nepopierin\u0119 apskait\u0105 ir pritaikyti j\u0105 prie j\u016bs\u0173 rinkos E-s\u0105skait\u0173 fakt\u016br\u0173 i\u0161ra\u0161ymo reikalavim\u0173.<br \/>\n<\/h3>\n<p><p>E-s\u0105skait\u0173 fakt\u016br\u0173 diegimas \u012fvairiose \u0161alyse gali skirtis, nes da\u017enai taikomi konkret\u016bs vietos mokes\u010di\u0173 institucij\u0173 nustatyti standartai ir reikalavimai.<\/p>\n<p>Su\u017einokite apie vietinius elektronini\u0173 s\u0105skait\u0173 fakt\u016br\u0173 reikalavimus.<\/p>\n<p>Raskite daugiau informacijos:<\/p><\/p>\n","protected":false},"excerpt":{"rendered":"<p>Supaprastinkite s\u0105skait\u0173 fakt\u016br\u0173 tvarkym\u0105 ir padidinkite produktyvum\u0105 naudodami e-s\u0105skaitas fakt\u016bras.<br \/>\nDeveho Consulting Group si\u016blo programin\u0117s \u012frangos sprendimus, pritaikytus prie j\u016bs\u0173 rinkoje galiojan\u010di\u0173 taisykli\u0173. <\/p>\n","protected":false},"author":34,"featured_media":0,"parent":39438,"menu_order":0,"comment_status":"closed","ping_status":"closed","template":"templates\/template-prod_serv.php","meta":{"_acf_changed":false,"footnotes":""},"class_list":["post-39448","page","type-page","status-publish","hentry"],"acf":[],"yoast_head":"<!-- This site is optimized with the Yoast SEO plugin v23.5 - https:\/\/yoast.com\/wordpress\/plugins\/seo\/ -->\n<title>E-s\u0105skait\u0173 fakt\u016br\u0173 i\u0161ra\u0161ymas - Deveho<\/title>\n<meta name=\"description\" content=\"Susipa\u017einkite su naujais vyriausyb\u0117s E-s\u0105skait\u0173 fakt\u016br\u0173 reglamentais. Pasiruo\u0161kite reglamentams ir pasiruo\u0161kite elektronin\u0117ms s\u0105skaitoms fakt\u016broms.\" \/>\n<meta name=\"robots\" content=\"index, follow, max-snippet:-1, max-image-preview:large, max-video-preview:-1\" \/>\n<link rel=\"canonical\" href=\"https:\/\/deveho.com\/lt\/paslaugos\/e-saskaitu-fakturu-israsymas\/\" \/>\n<meta property=\"og:locale\" content=\"lt_LT\" \/>\n<meta property=\"og:type\" content=\"article\" \/>\n<meta property=\"og:title\" content=\"E-s\u0105skait\u0173 fakt\u016br\u0173 i\u0161ra\u0161ymas - Deveho\" \/>\n<meta property=\"og:description\" content=\"Susipa\u017einkite su naujais vyriausyb\u0117s E-s\u0105skait\u0173 fakt\u016br\u0173 reglamentais. Pasiruo\u0161kite reglamentams ir pasiruo\u0161kite elektronin\u0117ms s\u0105skaitoms fakt\u016broms.\" \/>\n<meta property=\"og:url\" content=\"https:\/\/deveho.com\/lt\/paslaugos\/e-saskaitu-fakturu-israsymas\/\" \/>\n<meta property=\"og:site_name\" content=\"Deveho\" \/>\n<meta property=\"article:publisher\" content=\"https:\/\/www.facebook.com\/deveho\" \/>\n<meta property=\"article:modified_time\" content=\"2026-01-15T16:34:02+00:00\" \/>\n<meta name=\"twitter:card\" content=\"summary_large_image\" \/>\n<meta name=\"twitter:site\" content=\"@Deveho1\" \/>\n<meta name=\"twitter:label1\" content=\"Est. reading time\" \/>\n\t<meta name=\"twitter:data1\" content=\"1 minut\u0117\" \/>\n<script type=\"application\/ld+json\" class=\"yoast-schema-graph\">{\"@context\":\"https:\/\/schema.org\",\"@graph\":[{\"@type\":\"WebPage\",\"@id\":\"https:\/\/deveho.com\/lt\/paslaugos\/e-saskaitu-fakturu-israsymas\/\",\"url\":\"https:\/\/deveho.com\/lt\/paslaugos\/e-saskaitu-fakturu-israsymas\/\",\"name\":\"E-s\u0105skait\u0173 fakt\u016br\u0173 i\u0161ra\u0161ymas - Deveho\",\"isPartOf\":{\"@id\":\"https:\/\/deveho.com\/#website\"},\"datePublished\":\"2024-02-27T13:55:51+00:00\",\"dateModified\":\"2026-01-15T16:34:02+00:00\",\"description\":\"Susipa\u017einkite su naujais vyriausyb\u0117s E-s\u0105skait\u0173 fakt\u016br\u0173 reglamentais. Pasiruo\u0161kite reglamentams ir pasiruo\u0161kite elektronin\u0117ms s\u0105skaitoms fakt\u016broms.\",\"breadcrumb\":{\"@id\":\"https:\/\/deveho.com\/lt\/paslaugos\/e-saskaitu-fakturu-israsymas\/#breadcrumb\"},\"inLanguage\":\"lt-LT\",\"potentialAction\":[{\"@type\":\"ReadAction\",\"target\":[\"https:\/\/deveho.com\/lt\/paslaugos\/e-saskaitu-fakturu-israsymas\/\"]}]},{\"@type\":\"BreadcrumbList\",\"@id\":\"https:\/\/deveho.com\/lt\/paslaugos\/e-saskaitu-fakturu-israsymas\/#breadcrumb\",\"itemListElement\":[{\"@type\":\"ListItem\",\"position\":1,\"name\":\"Home\",\"item\":\"https:\/\/deveho.com\/lt\/\"},{\"@type\":\"ListItem\",\"position\":2,\"name\":\"Paslaugos\",\"item\":\"https:\/\/deveho.com\/lt\/paslaugos\/\"},{\"@type\":\"ListItem\",\"position\":3,\"name\":\"E-s\u0105skait\u0173 fakt\u016br\u0173 i\u0161ra\u0161ymas\"}]},{\"@type\":\"WebSite\",\"@id\":\"https:\/\/deveho.com\/#website\",\"url\":\"https:\/\/deveho.com\/\",\"name\":\"Deveho Consulting Group\",\"description\":\"Let\u2019s boost your growth\",\"publisher\":{\"@id\":\"https:\/\/deveho.com\/#organization\"},\"potentialAction\":[{\"@type\":\"SearchAction\",\"target\":{\"@type\":\"EntryPoint\",\"urlTemplate\":\"https:\/\/deveho.com\/?s={search_term_string}\"},\"query-input\":{\"@type\":\"PropertyValueSpecification\",\"valueRequired\":true,\"valueName\":\"search_term_string\"}}],\"inLanguage\":\"lt-LT\"},{\"@type\":\"Organization\",\"@id\":\"https:\/\/deveho.com\/#organization\",\"name\":\"Deveho Consulting Group\",\"url\":\"https:\/\/deveho.com\/\",\"logo\":{\"@type\":\"ImageObject\",\"inLanguage\":\"lt-LT\",\"@id\":\"https:\/\/deveho.com\/#\/schema\/logo\/image\/\",\"url\":\"https:\/\/deveho.com\/wp-content\/uploads\/2023\/02\/DEVEHO-LOGO-Baseline-COLOR.png\",\"contentUrl\":\"https:\/\/deveho.com\/wp-content\/uploads\/2023\/02\/DEVEHO-LOGO-Baseline-COLOR.png\",\"width\":2251,\"height\":585,\"caption\":\"Deveho Consulting Group\"},\"image\":{\"@id\":\"https:\/\/deveho.com\/#\/schema\/logo\/image\/\"},\"sameAs\":[\"https:\/\/www.facebook.com\/deveho\",\"https:\/\/x.com\/Deveho1\",\"https:\/\/www.linkedin.com\/company\/deveho-consulting\/\"]}]}<\/script>\n<!-- \/ Yoast SEO plugin. -->","yoast_head_json":{"title":"E-s\u0105skait\u0173 fakt\u016br\u0173 i\u0161ra\u0161ymas - Deveho","description":"Susipa\u017einkite su naujais vyriausyb\u0117s E-s\u0105skait\u0173 fakt\u016br\u0173 reglamentais. Pasiruo\u0161kite reglamentams ir pasiruo\u0161kite elektronin\u0117ms s\u0105skaitoms fakt\u016broms.","robots":{"index":"index","follow":"follow","max-snippet":"max-snippet:-1","max-image-preview":"max-image-preview:large","max-video-preview":"max-video-preview:-1"},"canonical":"https:\/\/deveho.com\/lt\/paslaugos\/e-saskaitu-fakturu-israsymas\/","og_locale":"lt_LT","og_type":"article","og_title":"E-s\u0105skait\u0173 fakt\u016br\u0173 i\u0161ra\u0161ymas - Deveho","og_description":"Susipa\u017einkite su naujais vyriausyb\u0117s E-s\u0105skait\u0173 fakt\u016br\u0173 reglamentais. Pasiruo\u0161kite reglamentams ir pasiruo\u0161kite elektronin\u0117ms s\u0105skaitoms fakt\u016broms.","og_url":"https:\/\/deveho.com\/lt\/paslaugos\/e-saskaitu-fakturu-israsymas\/","og_site_name":"Deveho","article_publisher":"https:\/\/www.facebook.com\/deveho","article_modified_time":"2026-01-15T16:34:02+00:00","twitter_card":"summary_large_image","twitter_site":"@Deveho1","twitter_misc":{"Est. reading time":"1 minut\u0117"},"schema":{"@context":"https:\/\/schema.org","@graph":[{"@type":"WebPage","@id":"https:\/\/deveho.com\/lt\/paslaugos\/e-saskaitu-fakturu-israsymas\/","url":"https:\/\/deveho.com\/lt\/paslaugos\/e-saskaitu-fakturu-israsymas\/","name":"E-s\u0105skait\u0173 fakt\u016br\u0173 i\u0161ra\u0161ymas - Deveho","isPartOf":{"@id":"https:\/\/deveho.com\/#website"},"datePublished":"2024-02-27T13:55:51+00:00","dateModified":"2026-01-15T16:34:02+00:00","description":"Susipa\u017einkite su naujais vyriausyb\u0117s E-s\u0105skait\u0173 fakt\u016br\u0173 reglamentais. Pasiruo\u0161kite reglamentams ir pasiruo\u0161kite elektronin\u0117ms s\u0105skaitoms fakt\u016broms.","breadcrumb":{"@id":"https:\/\/deveho.com\/lt\/paslaugos\/e-saskaitu-fakturu-israsymas\/#breadcrumb"},"inLanguage":"lt-LT","potentialAction":[{"@type":"ReadAction","target":["https:\/\/deveho.com\/lt\/paslaugos\/e-saskaitu-fakturu-israsymas\/"]}]},{"@type":"BreadcrumbList","@id":"https:\/\/deveho.com\/lt\/paslaugos\/e-saskaitu-fakturu-israsymas\/#breadcrumb","itemListElement":[{"@type":"ListItem","position":1,"name":"Home","item":"https:\/\/deveho.com\/lt\/"},{"@type":"ListItem","position":2,"name":"Paslaugos","item":"https:\/\/deveho.com\/lt\/paslaugos\/"},{"@type":"ListItem","position":3,"name":"E-s\u0105skait\u0173 fakt\u016br\u0173 i\u0161ra\u0161ymas"}]},{"@type":"WebSite","@id":"https:\/\/deveho.com\/#website","url":"https:\/\/deveho.com\/","name":"Deveho Consulting Group","description":"Let\u2019s boost your growth","publisher":{"@id":"https:\/\/deveho.com\/#organization"},"potentialAction":[{"@type":"SearchAction","target":{"@type":"EntryPoint","urlTemplate":"https:\/\/deveho.com\/?s={search_term_string}"},"query-input":{"@type":"PropertyValueSpecification","valueRequired":true,"valueName":"search_term_string"}}],"inLanguage":"lt-LT"},{"@type":"Organization","@id":"https:\/\/deveho.com\/#organization","name":"Deveho Consulting Group","url":"https:\/\/deveho.com\/","logo":{"@type":"ImageObject","inLanguage":"lt-LT","@id":"https:\/\/deveho.com\/#\/schema\/logo\/image\/","url":"https:\/\/deveho.com\/wp-content\/uploads\/2023\/02\/DEVEHO-LOGO-Baseline-COLOR.png","contentUrl":"https:\/\/deveho.com\/wp-content\/uploads\/2023\/02\/DEVEHO-LOGO-Baseline-COLOR.png","width":2251,"height":585,"caption":"Deveho Consulting Group"},"image":{"@id":"https:\/\/deveho.com\/#\/schema\/logo\/image\/"},"sameAs":["https:\/\/www.facebook.com\/deveho","https:\/\/x.com\/Deveho1","https:\/\/www.linkedin.com\/company\/deveho-consulting\/"]}]}},"_links":{"self":[{"href":"https:\/\/deveho.com\/lt\/wp-json\/wp\/v2\/pages\/39448"}],"collection":[{"href":"https:\/\/deveho.com\/lt\/wp-json\/wp\/v2\/pages"}],"about":[{"href":"https:\/\/deveho.com\/lt\/wp-json\/wp\/v2\/types\/page"}],"author":[{"embeddable":true,"href":"https:\/\/deveho.com\/lt\/wp-json\/wp\/v2\/users\/34"}],"replies":[{"embeddable":true,"href":"https:\/\/deveho.com\/lt\/wp-json\/wp\/v2\/comments?post=39448"}],"version-history":[{"count":16,"href":"https:\/\/deveho.com\/lt\/wp-json\/wp\/v2\/pages\/39448\/revisions"}],"predecessor-version":[{"id":45450,"href":"https:\/\/deveho.com\/lt\/wp-json\/wp\/v2\/pages\/39448\/revisions\/45450"}],"up":[{"embeddable":true,"href":"https:\/\/deveho.com\/lt\/wp-json\/wp\/v2\/pages\/39438"}],"wp:attachment":[{"href":"https:\/\/deveho.com\/lt\/wp-json\/wp\/v2\/media?parent=39448"}],"curies":[{"name":"wp","href":"https:\/\/api.w.org\/{rel}","templated":true}]}}