{"id":39450,"date":"2024-02-27T16:01:48","date_gmt":"2024-02-27T14:01:48","guid":{"rendered":"https:\/\/deveho.com\/services\/e-invoicing\/france-e-invoicing-system\/"},"modified":"2026-02-12T10:50:26","modified_gmt":"2026-02-12T08:50:26","slug":"sistema-prancuzijoje","status":"publish","type":"page","link":"https:\/\/deveho.com\/lt\/paslaugos\/e-saskaitu-fakturu-israsymas\/sistema-prancuzijoje\/","title":{"rendered":"E-s\u0105skait\u0173 fakt\u016br\u0173 i\u0161ra\u0161ymo sistema Pranc\u016bzijoje"},"content":{"rendered":"<br \/>\n<h2><\/h2>\n<h3>Sage Network<\/h3>\n<h3><b><red>Patvirtinta platforma (PA) Sage<\/b><\/red>, skirta j\u016bs\u0173 elektronini\u0173 s\u0105skait\u0173 fakt\u016br\u0173 tvarkymui.<\/h3>\n<p><p><strong>Sage Network, Sage sertifikuota patvirtinta platforma (PA)<\/strong>, leid\u017eia jums tvarkyti visus elektronini\u0173 s\u0105skait\u0173 fakt\u016br\u0173 srautus (i\u0161ra\u0161ym\u0105, gavim\u0105, archyvavim\u0105, elektronin\u0119 ataskait\u0173 teikim\u0105) <strong>100 % atitinkan\u010dioje<\/strong>, skland\u017eioje ir saugioje aplinkoje.<\/p>\n<p>Prijungta prie vie\u0161ojo s\u0105skait\u0173 fakt\u016br\u0173 portalo (PPF), ji tampa centrine s\u0105saja tarp j\u016bs\u0173 valdymo \u012franki\u0173 (ERP, apskaitos, pirkim\u0173) ir j\u016bs\u0173 partneri\u0173 (klient\u0173, tiek\u0117j\u0173, bank\u0173, vyriausybini\u0173 agent\u016br\u0173 ir kt.).<\/p>\n<div class=\"responsive-embed widescreen\"><div class=\"responsive-embed widescreen\"><iframe loading=\"lazy\" title=\"Sage Network, la plateforme de digitalisation au c\u0153ur de l&#039;innovation\" width=\"500\" height=\"281\" src=\"https:\/\/www.youtube.com\/embed\/oQGhl-kYmzM?feature=oembed&#038;enablejsapi=1&#038;origin=https:\/\/deveho.com\" frameborder=\"0\" allow=\"accelerometer; autoplay; clipboard-write; encrypted-media; gyroscope; picture-in-picture; web-share\" referrerpolicy=\"strict-origin-when-cross-origin\" allowfullscreen><\/iframe><\/div><\/div>\n<p>&nbsp;<\/p>\n<\/p>\n<h2><\/h2>\n<h3>Kaip veikia Sage Network?<\/h3>\n<h3>Sage Network yra tiesiogiai prijungta prie Vie\u0161ojo s\u0105skait\u0173 fakt\u016br\u0173 portalo (PPF) ir u\u017etikrina elektronini\u0173 s\u0105skait\u0173 fakt\u016br\u0173 i\u0161ra\u0161ym\u0105, gavim\u0105 ir perdavim\u0105, visi\u0161kai laikantis teisini\u0173 reikalavim\u0173.<br \/>\n<\/h3>\n<p><p>Platforma automatizuoja vis\u0105 s\u0105skait\u0173 fakt\u016br\u0173 cikl\u0105:<br \/>\nnuo suk\u016brimo iki gavimo, \u012fskaitant suderinim\u0105 su pirkimo u\u017esakymais, u\u017etikrinant sklandesn\u012f valdym\u0105 ir suma\u017einant rankinio darbo klaid\u0173 rizik\u0105.<\/p>\n<p>Kiekvienas veiksmas yra visi\u0161kai atsekamas, pateikiant i\u0161sam\u0173 audito sek\u0105, kuri garantuoja skaidrum\u0105, patikimum\u0105 ir atitikt\u012f.<\/p>\n<p>Sage Network yra talpinama debesyje, tod\u0117l prie jos galima prisijungti bet kuriuo metu i\u0161 bet kurio prijungto \u012frenginio, o tai palengvina veiksming\u0105 bendradarbiavim\u0105 tarp j\u016bs\u0173 vidini\u0173 komand\u0173 ir i\u0161orini\u0173 partneri\u0173.<\/p>\n<\/p>\n<h2>Viskas apie elektronines s\u0105skaitas<\/h2>\n<h3>Svarbus priminimas: elektronin\u0117s s\u0105skaitos fakt\u016bros tampa b\u016btinos<\/h3>\n<h3>DGFIP paskelb\u0117 naujus elektronini\u0173 s\u0105skait\u0173 fakt\u016br\u0173 \u012fvedimo Pranc\u016bzijoje terminus nuo <b><br \/>2026m. Rugs\u0117jo 1 d.<\/b><br \/>\n<br \/>Prad\u0117kite ruo\u0161tis jau dabar.<br \/>\n<br \/>M\u016bs\u0173 komandos yra \u010dia, kad pad\u0117t\u0173 jums parengti elektronini\u0173 s\u0105skait\u0173 fakt\u016br\u0173 diegimo plan\u0105.<\/h3>\n<p><p>Elektroninis s\u0105skait\u0173 fakt\u016br\u0173 i\u0161ra\u0161ymas Pranc\u016bzijoje yra dalis per\u0117jimo prie popieriaus nenaudojan\u010di\u0173 sandori\u0173. Nuo 2026 m. rugs\u0117jo m\u0117n. visos Pranc\u016bzijos \u012fmon\u0117s, nepriklausomai nuo j\u0173 dyd\u017eio, prival\u0117s priimti s\u0105skaitas fakt\u016bras elektronine forma.<br \/>\n\u0160\u012f projekt\u0105 vykdo Pranc\u016bzijos vyriausyb\u0117, siekdama supaprastinti s\u0105skait\u0173 fakt\u016br\u0173 i\u0161ra\u0161ymo ir mok\u0117jimo grandin\u0119 bei optimizuoti PVM surinkim\u0105. Tai tur\u0117s didel\u012f poveik\u012f. Tod\u0117l svarbu suprasti, kaip elektroninis s\u0105skait\u0173 fakt\u016br\u0173 i\u0161ra\u0161ymas paveiks \u012fmones.<\/p>\n<p>Galime kalb\u0117ti apie did\u017eiul\u012f elektronini\u0173 main\u0173 augim\u0105.<\/p>\n<p>Reformos \u012fgyvendinimo grafikas rei\u0161kia, kad \u012fmon\u0117s ir j\u0173 partneriai (s\u0105skait\u0173 fakt\u016br\u0173 i\u0161ra\u0161ymo programin\u0117s \u012frangos k\u016br\u0117jai, duomen\u0173 srauto platformos ir kt.) gali greitai susiorganizuoti.<\/p>\n<div class=\"_tableContainer_16hzy_1\"><img loading=\"lazy\" decoding=\"async\" class=\"aligncenter size-full wp-image-46282\" src=\"https:\/\/deveho.com\/wp-content\/uploads\/2026\/02\/Capture-decran-2026-02-12-093734.png\" alt=\"\" width=\"938\" height=\"538\" srcset=\"https:\/\/deveho.com\/wp-content\/uploads\/2026\/02\/Capture-decran-2026-02-12-093734.png 938w, https:\/\/deveho.com\/wp-content\/uploads\/2026\/02\/Capture-decran-2026-02-12-093734-300x172.png 300w, https:\/\/deveho.com\/wp-content\/uploads\/2026\/02\/Capture-decran-2026-02-12-093734-150x86.png 150w, https:\/\/deveho.com\/wp-content\/uploads\/2026\/02\/Capture-decran-2026-02-12-093734-768x440.png 768w\" sizes=\"(max-width: 938px) 100vw, 938px\" \/><\/div>\n<\/p>\n<h2>Numatymas, supratimas, bendravimas<\/h2>\n<p>Kad bendrov\u0117ms b\u016bt\u0173 lengviau laikytis reikalavim\u0173, valdymo sprendimais siekiama labiau automatizuoti duomen\u0173 \u012fvedim\u0105, banko duomen\u0173 import\u0105 ir bepopierini\u0173 s\u0105skait\u0173 fakt\u016br\u0173 i\u0161ra\u0161ym\u0105.<\/p>\n<p><p><strong>Kas kei\u010diasi i\u0161ra\u0161ant E-s\u0105skaitas fakt\u016bras?<\/strong><\/p>\n<p>Privalomas B2B E-s\u0105skait\u0173 fakt\u016br\u0173 i\u0161ra\u0161ymas supaprastina gaunam\u0173 ir siun\u010diam\u0173 s\u0105skait\u0173 fakt\u016br\u0173 tvarkym\u0105, taip pat PVM deklaracij\u0173 teikim\u0105.<\/p>\n<p>&nbsp;<\/p>\n<\/p>\n<p><p>Lengvesnis vis\u0173 gaunam\u0173 s\u0105skait\u0173 fakt\u016br\u0173 integravimas \u012f \u012fmoni\u0173 apskaitos sistemas.<br \/>\nI\u0161einan\u010di\u0173 s\u0105skait\u0173 fakt\u016br\u0173 atitikimo reikalavimams i\u0161ankstin\u0117 kontrol\u0117 ir reikalavim\u0173 neatitinkan\u010di\u0173 s\u0105skait\u0173 fakt\u016br\u0173 atmetimas j\u0173 i\u0161ra\u0161ymo vietoje.<br \/>\nSkaidrumas klientams apie s\u0105skait\u0173 fakt\u016br\u0173 tvarkymo eig\u0105.<\/p>\n<p><a href=\"https:\/\/deveho.com\/lt\/paslaugos\/e-saskaitu-fakturu-israsymas\/\" target=\"_blank\" rel=\"noopener\"><strong>Susipa\u017einkite su m\u016bs\u0173 E-s\u0105skait\u0173 fakt\u016br\u0173 reikalavimais visame pasaulyje.<\/strong><\/a><\/p>\n<\/p>\n<h2><\/h2>\n<h3>Nauji <red>reikalavimai<\/red><\/h3>\n<h3>Nuo 2026 m. rugs\u0117jo 1 d. bus reikalaujama tur\u0117ti galimyb\u0119 gauti E-s\u0105skait\u0105 fakt\u016br\u0105, nauji \u012fpareigojimai bus palaipsniui pridedami iki 2027 m.<\/h3>\n<\/p>\n<h2><\/h2>\n<h3>E-s\u0105skait\u0173 fakt\u016br\u0173 i\u0161ra\u0161ymo <red>funkcijos<\/red> <\/h3>\n<h3><\/h3>\n<\/p>\n<h2><\/h2>\n<h3>E-s\u0105skait\u0173 fakt\u016br\u0173 <red>nauda<\/red><\/h3>\n<h3><\/h3><\/p>\n","protected":false},"excerpt":{"rendered":"<p>Sage Network Patvirtinta platforma (PA) Sage, skirta j\u016bs\u0173 elektronini\u0173 s\u0105skait\u0173 fakt\u016br\u0173 tvarkymui. Sage Network, Sage sertifikuota patvirtinta platforma (PA), leid\u017eia jums tvarkyti visus elektronini\u0173 s\u0105skait\u0173 fakt\u016br\u0173 srautus (i\u0161ra\u0161ym\u0105, gavim\u0105, archyvavim\u0105, elektronin\u0119 ataskait\u0173 teikim\u0105) 100 % atitinkan\u010dioje, skland\u017eioje ir saugioje aplinkoje. Prijungta prie vie\u0161ojo s\u0105skait\u0173 fakt\u016br\u0173 portalo (PPF), ji tampa centrine s\u0105saja tarp j\u016bs\u0173 valdymo \u012franki\u0173 [&hellip;]<\/p>\n","protected":false},"author":34,"featured_media":0,"parent":39448,"menu_order":0,"comment_status":"closed","ping_status":"closed","template":"templates\/template-prod_serv.php","meta":{"_acf_changed":false,"footnotes":""},"class_list":["post-39450","page","type-page","status-publish","hentry"],"acf":[],"yoast_head":"<!-- This site is optimized with the Yoast SEO plugin v23.5 - https:\/\/yoast.com\/wordpress\/plugins\/seo\/ -->\n<title>E-s\u0105skait\u0173 fakt\u016br\u0173 i\u0161ra\u0161ymo sistema Pranc\u016bzijoje - Deveho<\/title>\n<meta name=\"description\" content=\"Susipa\u017einkite su Pranc\u016bzijos vyriausyb\u0117s naujais elektronini\u0173 s\u0105skait\u0173 fakt\u016br\u0173 i\u0161ra\u0161ymo reglamentais ir pasiruo\u0161kite j\u0173 \u012fsigaliojimui.\" \/>\n<meta name=\"robots\" content=\"index, follow, max-snippet:-1, max-image-preview:large, max-video-preview:-1\" \/>\n<link rel=\"canonical\" href=\"https:\/\/deveho.com\/lt\/paslaugos\/e-saskaitu-fakturu-israsymas\/sistema-prancuzijoje\/\" \/>\n<meta property=\"og:locale\" content=\"lt_LT\" \/>\n<meta property=\"og:type\" content=\"article\" \/>\n<meta property=\"og:title\" content=\"E-s\u0105skait\u0173 fakt\u016br\u0173 i\u0161ra\u0161ymo sistema Pranc\u016bzijoje - Deveho\" \/>\n<meta property=\"og:description\" content=\"Susipa\u017einkite su Pranc\u016bzijos vyriausyb\u0117s naujais elektronini\u0173 s\u0105skait\u0173 fakt\u016br\u0173 i\u0161ra\u0161ymo reglamentais ir pasiruo\u0161kite j\u0173 \u012fsigaliojimui.\" \/>\n<meta property=\"og:url\" content=\"https:\/\/deveho.com\/lt\/paslaugos\/e-saskaitu-fakturu-israsymas\/sistema-prancuzijoje\/\" \/>\n<meta property=\"og:site_name\" content=\"Deveho\" \/>\n<meta property=\"article:publisher\" content=\"https:\/\/www.facebook.com\/deveho\" \/>\n<meta property=\"article:modified_time\" content=\"2026-02-12T08:50:26+00:00\" \/>\n<meta property=\"og:image\" content=\"https:\/\/deveho.com\/wp-content\/uploads\/2026\/02\/Capture-decran-2026-02-12-093734.png\" \/>\n<meta name=\"twitter:card\" content=\"summary_large_image\" \/>\n<meta name=\"twitter:site\" content=\"@Deveho1\" \/>\n<meta name=\"twitter:label1\" content=\"Est. reading time\" \/>\n\t<meta name=\"twitter:data1\" content=\"3 minut\u0117s\" \/>\n<script type=\"application\/ld+json\" class=\"yoast-schema-graph\">{\"@context\":\"https:\/\/schema.org\",\"@graph\":[{\"@type\":\"WebPage\",\"@id\":\"https:\/\/deveho.com\/lt\/paslaugos\/e-saskaitu-fakturu-israsymas\/sistema-prancuzijoje\/\",\"url\":\"https:\/\/deveho.com\/lt\/paslaugos\/e-saskaitu-fakturu-israsymas\/sistema-prancuzijoje\/\",\"name\":\"E-s\u0105skait\u0173 fakt\u016br\u0173 i\u0161ra\u0161ymo sistema Pranc\u016bzijoje - Deveho\",\"isPartOf\":{\"@id\":\"https:\/\/deveho.com\/#website\"},\"primaryImageOfPage\":{\"@id\":\"https:\/\/deveho.com\/lt\/paslaugos\/e-saskaitu-fakturu-israsymas\/sistema-prancuzijoje\/#primaryimage\"},\"image\":{\"@id\":\"https:\/\/deveho.com\/lt\/paslaugos\/e-saskaitu-fakturu-israsymas\/sistema-prancuzijoje\/#primaryimage\"},\"thumbnailUrl\":\"https:\/\/deveho.com\/wp-content\/uploads\/2026\/02\/Capture-decran-2026-02-12-093734.png\",\"datePublished\":\"2024-02-27T14:01:48+00:00\",\"dateModified\":\"2026-02-12T08:50:26+00:00\",\"description\":\"Susipa\u017einkite su Pranc\u016bzijos vyriausyb\u0117s naujais elektronini\u0173 s\u0105skait\u0173 fakt\u016br\u0173 i\u0161ra\u0161ymo reglamentais ir pasiruo\u0161kite j\u0173 \u012fsigaliojimui.\",\"breadcrumb\":{\"@id\":\"https:\/\/deveho.com\/lt\/paslaugos\/e-saskaitu-fakturu-israsymas\/sistema-prancuzijoje\/#breadcrumb\"},\"inLanguage\":\"lt-LT\",\"potentialAction\":[{\"@type\":\"ReadAction\",\"target\":[\"https:\/\/deveho.com\/lt\/paslaugos\/e-saskaitu-fakturu-israsymas\/sistema-prancuzijoje\/\"]}]},{\"@type\":\"ImageObject\",\"inLanguage\":\"lt-LT\",\"@id\":\"https:\/\/deveho.com\/lt\/paslaugos\/e-saskaitu-fakturu-israsymas\/sistema-prancuzijoje\/#primaryimage\",\"url\":\"https:\/\/deveho.com\/wp-content\/uploads\/2026\/02\/Capture-decran-2026-02-12-093734.png\",\"contentUrl\":\"https:\/\/deveho.com\/wp-content\/uploads\/2026\/02\/Capture-decran-2026-02-12-093734.png\"},{\"@type\":\"BreadcrumbList\",\"@id\":\"https:\/\/deveho.com\/lt\/paslaugos\/e-saskaitu-fakturu-israsymas\/sistema-prancuzijoje\/#breadcrumb\",\"itemListElement\":[{\"@type\":\"ListItem\",\"position\":1,\"name\":\"Home\",\"item\":\"https:\/\/deveho.com\/lt\/\"},{\"@type\":\"ListItem\",\"position\":2,\"name\":\"Paslaugos\",\"item\":\"https:\/\/deveho.com\/lt\/paslaugos\/\"},{\"@type\":\"ListItem\",\"position\":3,\"name\":\"E-s\u0105skait\u0173 fakt\u016br\u0173 i\u0161ra\u0161ymas\",\"item\":\"https:\/\/deveho.com\/lt\/paslaugos\/e-saskaitu-fakturu-israsymas\/\"},{\"@type\":\"ListItem\",\"position\":4,\"name\":\"E-s\u0105skait\u0173 fakt\u016br\u0173 i\u0161ra\u0161ymo sistema Pranc\u016bzijoje\"}]},{\"@type\":\"WebSite\",\"@id\":\"https:\/\/deveho.com\/#website\",\"url\":\"https:\/\/deveho.com\/\",\"name\":\"Deveho Consulting Group\",\"description\":\"Let\u2019s boost your growth\",\"publisher\":{\"@id\":\"https:\/\/deveho.com\/#organization\"},\"potentialAction\":[{\"@type\":\"SearchAction\",\"target\":{\"@type\":\"EntryPoint\",\"urlTemplate\":\"https:\/\/deveho.com\/?s={search_term_string}\"},\"query-input\":{\"@type\":\"PropertyValueSpecification\",\"valueRequired\":true,\"valueName\":\"search_term_string\"}}],\"inLanguage\":\"lt-LT\"},{\"@type\":\"Organization\",\"@id\":\"https:\/\/deveho.com\/#organization\",\"name\":\"Deveho Consulting Group\",\"url\":\"https:\/\/deveho.com\/\",\"logo\":{\"@type\":\"ImageObject\",\"inLanguage\":\"lt-LT\",\"@id\":\"https:\/\/deveho.com\/#\/schema\/logo\/image\/\",\"url\":\"https:\/\/deveho.com\/wp-content\/uploads\/2023\/02\/DEVEHO-LOGO-Baseline-COLOR.png\",\"contentUrl\":\"https:\/\/deveho.com\/wp-content\/uploads\/2023\/02\/DEVEHO-LOGO-Baseline-COLOR.png\",\"width\":2251,\"height\":585,\"caption\":\"Deveho Consulting Group\"},\"image\":{\"@id\":\"https:\/\/deveho.com\/#\/schema\/logo\/image\/\"},\"sameAs\":[\"https:\/\/www.facebook.com\/deveho\",\"https:\/\/x.com\/Deveho1\",\"https:\/\/www.linkedin.com\/company\/deveho-consulting\/\"]}]}<\/script>\n<!-- \/ Yoast SEO plugin. -->","yoast_head_json":{"title":"E-s\u0105skait\u0173 fakt\u016br\u0173 i\u0161ra\u0161ymo sistema Pranc\u016bzijoje - Deveho","description":"Susipa\u017einkite su Pranc\u016bzijos vyriausyb\u0117s naujais elektronini\u0173 s\u0105skait\u0173 fakt\u016br\u0173 i\u0161ra\u0161ymo reglamentais ir pasiruo\u0161kite j\u0173 \u012fsigaliojimui.","robots":{"index":"index","follow":"follow","max-snippet":"max-snippet:-1","max-image-preview":"max-image-preview:large","max-video-preview":"max-video-preview:-1"},"canonical":"https:\/\/deveho.com\/lt\/paslaugos\/e-saskaitu-fakturu-israsymas\/sistema-prancuzijoje\/","og_locale":"lt_LT","og_type":"article","og_title":"E-s\u0105skait\u0173 fakt\u016br\u0173 i\u0161ra\u0161ymo sistema Pranc\u016bzijoje - Deveho","og_description":"Susipa\u017einkite su Pranc\u016bzijos vyriausyb\u0117s naujais elektronini\u0173 s\u0105skait\u0173 fakt\u016br\u0173 i\u0161ra\u0161ymo reglamentais ir pasiruo\u0161kite j\u0173 \u012fsigaliojimui.","og_url":"https:\/\/deveho.com\/lt\/paslaugos\/e-saskaitu-fakturu-israsymas\/sistema-prancuzijoje\/","og_site_name":"Deveho","article_publisher":"https:\/\/www.facebook.com\/deveho","article_modified_time":"2026-02-12T08:50:26+00:00","og_image":[{"url":"https:\/\/deveho.com\/wp-content\/uploads\/2026\/02\/Capture-decran-2026-02-12-093734.png"}],"twitter_card":"summary_large_image","twitter_site":"@Deveho1","twitter_misc":{"Est. reading time":"3 minut\u0117s"},"schema":{"@context":"https:\/\/schema.org","@graph":[{"@type":"WebPage","@id":"https:\/\/deveho.com\/lt\/paslaugos\/e-saskaitu-fakturu-israsymas\/sistema-prancuzijoje\/","url":"https:\/\/deveho.com\/lt\/paslaugos\/e-saskaitu-fakturu-israsymas\/sistema-prancuzijoje\/","name":"E-s\u0105skait\u0173 fakt\u016br\u0173 i\u0161ra\u0161ymo sistema Pranc\u016bzijoje - Deveho","isPartOf":{"@id":"https:\/\/deveho.com\/#website"},"primaryImageOfPage":{"@id":"https:\/\/deveho.com\/lt\/paslaugos\/e-saskaitu-fakturu-israsymas\/sistema-prancuzijoje\/#primaryimage"},"image":{"@id":"https:\/\/deveho.com\/lt\/paslaugos\/e-saskaitu-fakturu-israsymas\/sistema-prancuzijoje\/#primaryimage"},"thumbnailUrl":"https:\/\/deveho.com\/wp-content\/uploads\/2026\/02\/Capture-decran-2026-02-12-093734.png","datePublished":"2024-02-27T14:01:48+00:00","dateModified":"2026-02-12T08:50:26+00:00","description":"Susipa\u017einkite su Pranc\u016bzijos vyriausyb\u0117s naujais elektronini\u0173 s\u0105skait\u0173 fakt\u016br\u0173 i\u0161ra\u0161ymo reglamentais ir pasiruo\u0161kite j\u0173 \u012fsigaliojimui.","breadcrumb":{"@id":"https:\/\/deveho.com\/lt\/paslaugos\/e-saskaitu-fakturu-israsymas\/sistema-prancuzijoje\/#breadcrumb"},"inLanguage":"lt-LT","potentialAction":[{"@type":"ReadAction","target":["https:\/\/deveho.com\/lt\/paslaugos\/e-saskaitu-fakturu-israsymas\/sistema-prancuzijoje\/"]}]},{"@type":"ImageObject","inLanguage":"lt-LT","@id":"https:\/\/deveho.com\/lt\/paslaugos\/e-saskaitu-fakturu-israsymas\/sistema-prancuzijoje\/#primaryimage","url":"https:\/\/deveho.com\/wp-content\/uploads\/2026\/02\/Capture-decran-2026-02-12-093734.png","contentUrl":"https:\/\/deveho.com\/wp-content\/uploads\/2026\/02\/Capture-decran-2026-02-12-093734.png"},{"@type":"BreadcrumbList","@id":"https:\/\/deveho.com\/lt\/paslaugos\/e-saskaitu-fakturu-israsymas\/sistema-prancuzijoje\/#breadcrumb","itemListElement":[{"@type":"ListItem","position":1,"name":"Home","item":"https:\/\/deveho.com\/lt\/"},{"@type":"ListItem","position":2,"name":"Paslaugos","item":"https:\/\/deveho.com\/lt\/paslaugos\/"},{"@type":"ListItem","position":3,"name":"E-s\u0105skait\u0173 fakt\u016br\u0173 i\u0161ra\u0161ymas","item":"https:\/\/deveho.com\/lt\/paslaugos\/e-saskaitu-fakturu-israsymas\/"},{"@type":"ListItem","position":4,"name":"E-s\u0105skait\u0173 fakt\u016br\u0173 i\u0161ra\u0161ymo sistema Pranc\u016bzijoje"}]},{"@type":"WebSite","@id":"https:\/\/deveho.com\/#website","url":"https:\/\/deveho.com\/","name":"Deveho Consulting Group","description":"Let\u2019s boost your growth","publisher":{"@id":"https:\/\/deveho.com\/#organization"},"potentialAction":[{"@type":"SearchAction","target":{"@type":"EntryPoint","urlTemplate":"https:\/\/deveho.com\/?s={search_term_string}"},"query-input":{"@type":"PropertyValueSpecification","valueRequired":true,"valueName":"search_term_string"}}],"inLanguage":"lt-LT"},{"@type":"Organization","@id":"https:\/\/deveho.com\/#organization","name":"Deveho Consulting Group","url":"https:\/\/deveho.com\/","logo":{"@type":"ImageObject","inLanguage":"lt-LT","@id":"https:\/\/deveho.com\/#\/schema\/logo\/image\/","url":"https:\/\/deveho.com\/wp-content\/uploads\/2023\/02\/DEVEHO-LOGO-Baseline-COLOR.png","contentUrl":"https:\/\/deveho.com\/wp-content\/uploads\/2023\/02\/DEVEHO-LOGO-Baseline-COLOR.png","width":2251,"height":585,"caption":"Deveho Consulting Group"},"image":{"@id":"https:\/\/deveho.com\/#\/schema\/logo\/image\/"},"sameAs":["https:\/\/www.facebook.com\/deveho","https:\/\/x.com\/Deveho1","https:\/\/www.linkedin.com\/company\/deveho-consulting\/"]}]}},"_links":{"self":[{"href":"https:\/\/deveho.com\/lt\/wp-json\/wp\/v2\/pages\/39450"}],"collection":[{"href":"https:\/\/deveho.com\/lt\/wp-json\/wp\/v2\/pages"}],"about":[{"href":"https:\/\/deveho.com\/lt\/wp-json\/wp\/v2\/types\/page"}],"author":[{"embeddable":true,"href":"https:\/\/deveho.com\/lt\/wp-json\/wp\/v2\/users\/34"}],"replies":[{"embeddable":true,"href":"https:\/\/deveho.com\/lt\/wp-json\/wp\/v2\/comments?post=39450"}],"version-history":[{"count":37,"href":"https:\/\/deveho.com\/lt\/wp-json\/wp\/v2\/pages\/39450\/revisions"}],"predecessor-version":[{"id":46301,"href":"https:\/\/deveho.com\/lt\/wp-json\/wp\/v2\/pages\/39450\/revisions\/46301"}],"up":[{"embeddable":true,"href":"https:\/\/deveho.com\/lt\/wp-json\/wp\/v2\/pages\/39448"}],"wp:attachment":[{"href":"https:\/\/deveho.com\/lt\/wp-json\/wp\/v2\/media?parent=39450"}],"curies":[{"name":"wp","href":"https:\/\/api.w.org\/{rel}","templated":true}]}}