{"id":39452,"date":"2024-02-27T16:05:54","date_gmt":"2024-02-27T14:05:54","guid":{"rendered":"https:\/\/deveho.com\/services\/e-invoicing\/e-invoicing-in-romania\/"},"modified":"2025-08-07T14:50:00","modified_gmt":"2025-08-07T12:50:00","slug":"sistema-rumunijoje","status":"publish","type":"page","link":"https:\/\/deveho.com\/lt\/paslaugos\/e-saskaitu-fakturu-israsymas\/sistema-rumunijoje\/","title":{"rendered":"E-s\u0105skait\u0173 fakt\u016br\u0173 i\u0161ra\u0161ymo sistema Rumunijoje"},"content":{"rendered":"<br \/>\n<h2><\/h2>\n<h3>Rumunijos <br \/>E-s\u0105skait\u0173 fakt\u016br\u0173 i\u0161ra\u0161ymo sistemos reikalavimai<\/h3>\n<h3><\/h3>\n<p><p>Elektronini\u0173 s\u0105skait\u0173 fakt\u016br\u0173 i\u0161ra\u0161ymas tapo moderniu ir veiksmingu verslo sandori\u0173 valdymo sprendimu pasauliniu mastu. Rumunijoje E-s\u0105skait\u0173 fakt\u016br\u0173 i\u0161ra\u0161ymo taisykl\u0117s buvo kei\u010diamos atsi\u017evelgiant \u012f \u0161i\u0105 tendencij\u0105 ir skatinant taikyti veiksmingesnius metodus.<\/p>\n<p>Rumunija suk\u016br\u0117 kelet\u0105 sprendim\u0173, skirt\u0173 elektronini\u0173 s\u0105skait\u0173 fakt\u016br\u0173 i\u0161ra\u0161ymo pl\u0117trai valdyti:<\/p>\n<ul>\n<li><a href=\"https:\/\/deveho.com\/lt\/paslaugos\/e-saskaitu-fakturu-israsymas\/sistema-rumunijoje\/e-factura\/\" target=\"_blank\" rel=\"noopener\">E-FACTURA<\/a><\/li>\n<li>E-TRANSPORT<\/li>\n<\/ul>\n<p>2023 m. gruod\u017eio 15 d. \u012fsigaliojo RO E-Transport sistemos pakeitim\u0173 rinkinys. Prie\u0161 paskelbiant EGO Nr. 115\/2023, RO E-Transport sistema buvo taikoma tik tuo atveju, kai Rumunijoje buvo vykdomas didel\u0117s fiskalin\u0117s rizikos krovini\u0173 ve\u017eimas keli\u0173 transportu. Tai ap\u0117m\u0117 \u012fvairias ataskait\u0173 teikimo prievoles subjektams, dalyvaujantiems sandoriuose su tokiomis prek\u0117mis ir (arba) jas gabenantiems keliais.<\/p>\n<p>Ta\u010diau naujuoju leidiniu RO E-Transport sistemos taikymo sritis buvo i\u0161pl\u0117sta, \u012ftraukiant prievol\u0119 teikti ataskaitas apie tarptautin\u012f krovini\u0173 ve\u017eim\u0105 keliais. Apie tok\u012f perve\u017eim\u0105 reikia prane\u0161ti nepriklausomai nuo preki\u0173 pob\u016bd\u017eio (t. y. ne tik apie didel\u0119 fiskalin\u0119 rizik\u0105 kelian\u010dias prekes).<\/p>\n<p>Nors priemon\u0117s, susijusios su tarptautinio krovini\u0173 ve\u017eimo keliais ataskait\u0173 teikimu, jau \u012fsigaliojo 2023 m. gruod\u017eio 15 d., sankcijos u\u017e nauj\u0173 prievoli\u0173, susijusi\u0173 su tarptautiniu krovini\u0173 ve\u017eimu keliais, nevykdym\u0105 \u012fsigaliojo nuo 2024 m. liepos 1 d.<\/p>\n<p>Prievol\u0117 RO E-Transport sistemoje deklaruoti su tarptautiniu krovini\u0173 ve\u017eimu susijusius duomenis tenka \u0161iems naudotojams:<br \/>\n-Gav\u0117jas, nurodytas importo muitin\u0117s deklaracijoje, arba siunt\u0117jas, nurodytas eksporto muitin\u0117s deklaracijoje, jei tai taikoma prek\u0117ms, kurioms taikomos importo arba eksporto operacijos;<br \/>\n-gav\u0117jas Rumunijoje, kai prek\u0117s \u012fsigyjamos Bendrijos viduje;<br \/>\n-tiek\u0117jas Rumunijoje, jei prek\u0117s pristatomos Bendrijos viduje;<br \/>\n-depozitorius, jei prek\u0117ms taikomos Bendrijos vidaus tranzito operacijos.<\/p>\n<\/p>\n<h2><\/h2>\n<h3><red>E-s\u0105skait\u0173 fakt\u016br\u0173 i\u0161ra\u0161ymo Rumunijoje reguliavimo aplinka<\/red><\/h3>\n<h3><\/h3>\n<\/p>\n<h2><\/h2>\n<h3>E-s\u0105skait\u0173 fakt\u016br\u0173 i\u0161ra\u0161ymo <br \/>Rumunijoje <br \/>nauda<\/h3>\n<h3><\/h3><\/p>\n","protected":false},"excerpt":{"rendered":"<p>Rumunijos E-s\u0105skait\u0173 fakt\u016br\u0173 portalas bus naudojamas keistis s\u0105skaitomis fakt\u016bromis tarp vald\u017eios institucij\u0173 (B2G) ir, savanori\u0161kai, tarp priva\u010di\u0173 bendrovi\u0173 (B2B). Nuo 2024 m. sausio 1 d. yra privaloma visoms \u012fmon\u0117ms.<\/p>\n","protected":false},"author":34,"featured_media":0,"parent":39448,"menu_order":0,"comment_status":"closed","ping_status":"closed","template":"templates\/template-prod_serv.php","meta":{"_acf_changed":false,"footnotes":""},"class_list":["post-39452","page","type-page","status-publish","hentry"],"acf":[],"yoast_head":"<!-- This site is optimized with the Yoast SEO plugin v23.5 - https:\/\/yoast.com\/wordpress\/plugins\/seo\/ -->\n<title>E-s\u0105skait\u0173 fakt\u016br\u0173 i\u0161ra\u0161ymo sistema Rumunijoje - Deveho<\/title>\n<meta name=\"description\" content=\"Numatykite naujus elektronini\u0173 s\u0105skait\u0173 fakt\u016br\u0173 reglamentus Rumunijoje ir pasiruo\u0161kite elektronin\u0117ms s\u0105skaitoms fakt\u016broms!\" \/>\n<meta name=\"robots\" content=\"index, follow, max-snippet:-1, max-image-preview:large, max-video-preview:-1\" \/>\n<link rel=\"canonical\" href=\"https:\/\/deveho.com\/lt\/paslaugos\/e-saskaitu-fakturu-israsymas\/sistema-rumunijoje\/\" \/>\n<meta property=\"og:locale\" content=\"lt_LT\" \/>\n<meta property=\"og:type\" content=\"article\" \/>\n<meta property=\"og:title\" content=\"E-s\u0105skait\u0173 fakt\u016br\u0173 i\u0161ra\u0161ymo sistema Rumunijoje - Deveho\" \/>\n<meta property=\"og:description\" content=\"Numatykite naujus elektronini\u0173 s\u0105skait\u0173 fakt\u016br\u0173 reglamentus Rumunijoje ir pasiruo\u0161kite elektronin\u0117ms s\u0105skaitoms fakt\u016broms!\" \/>\n<meta property=\"og:url\" content=\"https:\/\/deveho.com\/lt\/paslaugos\/e-saskaitu-fakturu-israsymas\/sistema-rumunijoje\/\" \/>\n<meta property=\"og:site_name\" content=\"Deveho\" \/>\n<meta property=\"article:publisher\" content=\"https:\/\/www.facebook.com\/deveho\" \/>\n<meta property=\"article:modified_time\" content=\"2025-08-07T12:50:00+00:00\" \/>\n<meta name=\"twitter:card\" content=\"summary_large_image\" \/>\n<meta name=\"twitter:site\" content=\"@Deveho1\" \/>\n<meta name=\"twitter:label1\" content=\"Est. reading time\" \/>\n\t<meta name=\"twitter:data1\" content=\"2 minut\u0117s\" \/>\n<script type=\"application\/ld+json\" class=\"yoast-schema-graph\">{\"@context\":\"https:\/\/schema.org\",\"@graph\":[{\"@type\":\"WebPage\",\"@id\":\"https:\/\/deveho.com\/lt\/paslaugos\/e-saskaitu-fakturu-israsymas\/sistema-rumunijoje\/\",\"url\":\"https:\/\/deveho.com\/lt\/paslaugos\/e-saskaitu-fakturu-israsymas\/sistema-rumunijoje\/\",\"name\":\"E-s\u0105skait\u0173 fakt\u016br\u0173 i\u0161ra\u0161ymo sistema Rumunijoje - Deveho\",\"isPartOf\":{\"@id\":\"https:\/\/deveho.com\/#website\"},\"datePublished\":\"2024-02-27T14:05:54+00:00\",\"dateModified\":\"2025-08-07T12:50:00+00:00\",\"description\":\"Numatykite naujus elektronini\u0173 s\u0105skait\u0173 fakt\u016br\u0173 reglamentus Rumunijoje ir pasiruo\u0161kite elektronin\u0117ms s\u0105skaitoms fakt\u016broms!\",\"breadcrumb\":{\"@id\":\"https:\/\/deveho.com\/lt\/paslaugos\/e-saskaitu-fakturu-israsymas\/sistema-rumunijoje\/#breadcrumb\"},\"inLanguage\":\"lt-LT\",\"potentialAction\":[{\"@type\":\"ReadAction\",\"target\":[\"https:\/\/deveho.com\/lt\/paslaugos\/e-saskaitu-fakturu-israsymas\/sistema-rumunijoje\/\"]}]},{\"@type\":\"BreadcrumbList\",\"@id\":\"https:\/\/deveho.com\/lt\/paslaugos\/e-saskaitu-fakturu-israsymas\/sistema-rumunijoje\/#breadcrumb\",\"itemListElement\":[{\"@type\":\"ListItem\",\"position\":1,\"name\":\"Home\",\"item\":\"https:\/\/deveho.com\/lt\/\"},{\"@type\":\"ListItem\",\"position\":2,\"name\":\"Paslaugos\",\"item\":\"https:\/\/deveho.com\/lt\/paslaugos\/\"},{\"@type\":\"ListItem\",\"position\":3,\"name\":\"E-s\u0105skait\u0173 fakt\u016br\u0173 i\u0161ra\u0161ymas\",\"item\":\"https:\/\/deveho.com\/lt\/paslaugos\/e-saskaitu-fakturu-israsymas\/\"},{\"@type\":\"ListItem\",\"position\":4,\"name\":\"E-s\u0105skait\u0173 fakt\u016br\u0173 i\u0161ra\u0161ymo sistema Rumunijoje\"}]},{\"@type\":\"WebSite\",\"@id\":\"https:\/\/deveho.com\/#website\",\"url\":\"https:\/\/deveho.com\/\",\"name\":\"Deveho Consulting Group\",\"description\":\"Let\u2019s boost your growth\",\"publisher\":{\"@id\":\"https:\/\/deveho.com\/#organization\"},\"potentialAction\":[{\"@type\":\"SearchAction\",\"target\":{\"@type\":\"EntryPoint\",\"urlTemplate\":\"https:\/\/deveho.com\/?s={search_term_string}\"},\"query-input\":{\"@type\":\"PropertyValueSpecification\",\"valueRequired\":true,\"valueName\":\"search_term_string\"}}],\"inLanguage\":\"lt-LT\"},{\"@type\":\"Organization\",\"@id\":\"https:\/\/deveho.com\/#organization\",\"name\":\"Deveho Consulting Group\",\"url\":\"https:\/\/deveho.com\/\",\"logo\":{\"@type\":\"ImageObject\",\"inLanguage\":\"lt-LT\",\"@id\":\"https:\/\/deveho.com\/#\/schema\/logo\/image\/\",\"url\":\"https:\/\/deveho.com\/wp-content\/uploads\/2023\/02\/DEVEHO-LOGO-Baseline-COLOR.png\",\"contentUrl\":\"https:\/\/deveho.com\/wp-content\/uploads\/2023\/02\/DEVEHO-LOGO-Baseline-COLOR.png\",\"width\":2251,\"height\":585,\"caption\":\"Deveho Consulting Group\"},\"image\":{\"@id\":\"https:\/\/deveho.com\/#\/schema\/logo\/image\/\"},\"sameAs\":[\"https:\/\/www.facebook.com\/deveho\",\"https:\/\/x.com\/Deveho1\",\"https:\/\/www.linkedin.com\/company\/deveho-consulting\/\"]}]}<\/script>\n<!-- \/ Yoast SEO plugin. -->","yoast_head_json":{"title":"E-s\u0105skait\u0173 fakt\u016br\u0173 i\u0161ra\u0161ymo sistema Rumunijoje - Deveho","description":"Numatykite naujus elektronini\u0173 s\u0105skait\u0173 fakt\u016br\u0173 reglamentus Rumunijoje ir pasiruo\u0161kite elektronin\u0117ms s\u0105skaitoms fakt\u016broms!","robots":{"index":"index","follow":"follow","max-snippet":"max-snippet:-1","max-image-preview":"max-image-preview:large","max-video-preview":"max-video-preview:-1"},"canonical":"https:\/\/deveho.com\/lt\/paslaugos\/e-saskaitu-fakturu-israsymas\/sistema-rumunijoje\/","og_locale":"lt_LT","og_type":"article","og_title":"E-s\u0105skait\u0173 fakt\u016br\u0173 i\u0161ra\u0161ymo sistema Rumunijoje - Deveho","og_description":"Numatykite naujus elektronini\u0173 s\u0105skait\u0173 fakt\u016br\u0173 reglamentus Rumunijoje ir pasiruo\u0161kite elektronin\u0117ms s\u0105skaitoms fakt\u016broms!","og_url":"https:\/\/deveho.com\/lt\/paslaugos\/e-saskaitu-fakturu-israsymas\/sistema-rumunijoje\/","og_site_name":"Deveho","article_publisher":"https:\/\/www.facebook.com\/deveho","article_modified_time":"2025-08-07T12:50:00+00:00","twitter_card":"summary_large_image","twitter_site":"@Deveho1","twitter_misc":{"Est. reading time":"2 minut\u0117s"},"schema":{"@context":"https:\/\/schema.org","@graph":[{"@type":"WebPage","@id":"https:\/\/deveho.com\/lt\/paslaugos\/e-saskaitu-fakturu-israsymas\/sistema-rumunijoje\/","url":"https:\/\/deveho.com\/lt\/paslaugos\/e-saskaitu-fakturu-israsymas\/sistema-rumunijoje\/","name":"E-s\u0105skait\u0173 fakt\u016br\u0173 i\u0161ra\u0161ymo sistema Rumunijoje - Deveho","isPartOf":{"@id":"https:\/\/deveho.com\/#website"},"datePublished":"2024-02-27T14:05:54+00:00","dateModified":"2025-08-07T12:50:00+00:00","description":"Numatykite naujus elektronini\u0173 s\u0105skait\u0173 fakt\u016br\u0173 reglamentus Rumunijoje ir pasiruo\u0161kite elektronin\u0117ms s\u0105skaitoms fakt\u016broms!","breadcrumb":{"@id":"https:\/\/deveho.com\/lt\/paslaugos\/e-saskaitu-fakturu-israsymas\/sistema-rumunijoje\/#breadcrumb"},"inLanguage":"lt-LT","potentialAction":[{"@type":"ReadAction","target":["https:\/\/deveho.com\/lt\/paslaugos\/e-saskaitu-fakturu-israsymas\/sistema-rumunijoje\/"]}]},{"@type":"BreadcrumbList","@id":"https:\/\/deveho.com\/lt\/paslaugos\/e-saskaitu-fakturu-israsymas\/sistema-rumunijoje\/#breadcrumb","itemListElement":[{"@type":"ListItem","position":1,"name":"Home","item":"https:\/\/deveho.com\/lt\/"},{"@type":"ListItem","position":2,"name":"Paslaugos","item":"https:\/\/deveho.com\/lt\/paslaugos\/"},{"@type":"ListItem","position":3,"name":"E-s\u0105skait\u0173 fakt\u016br\u0173 i\u0161ra\u0161ymas","item":"https:\/\/deveho.com\/lt\/paslaugos\/e-saskaitu-fakturu-israsymas\/"},{"@type":"ListItem","position":4,"name":"E-s\u0105skait\u0173 fakt\u016br\u0173 i\u0161ra\u0161ymo sistema Rumunijoje"}]},{"@type":"WebSite","@id":"https:\/\/deveho.com\/#website","url":"https:\/\/deveho.com\/","name":"Deveho Consulting Group","description":"Let\u2019s boost your growth","publisher":{"@id":"https:\/\/deveho.com\/#organization"},"potentialAction":[{"@type":"SearchAction","target":{"@type":"EntryPoint","urlTemplate":"https:\/\/deveho.com\/?s={search_term_string}"},"query-input":{"@type":"PropertyValueSpecification","valueRequired":true,"valueName":"search_term_string"}}],"inLanguage":"lt-LT"},{"@type":"Organization","@id":"https:\/\/deveho.com\/#organization","name":"Deveho Consulting Group","url":"https:\/\/deveho.com\/","logo":{"@type":"ImageObject","inLanguage":"lt-LT","@id":"https:\/\/deveho.com\/#\/schema\/logo\/image\/","url":"https:\/\/deveho.com\/wp-content\/uploads\/2023\/02\/DEVEHO-LOGO-Baseline-COLOR.png","contentUrl":"https:\/\/deveho.com\/wp-content\/uploads\/2023\/02\/DEVEHO-LOGO-Baseline-COLOR.png","width":2251,"height":585,"caption":"Deveho Consulting Group"},"image":{"@id":"https:\/\/deveho.com\/#\/schema\/logo\/image\/"},"sameAs":["https:\/\/www.facebook.com\/deveho","https:\/\/x.com\/Deveho1","https:\/\/www.linkedin.com\/company\/deveho-consulting\/"]}]}},"_links":{"self":[{"href":"https:\/\/deveho.com\/lt\/wp-json\/wp\/v2\/pages\/39452"}],"collection":[{"href":"https:\/\/deveho.com\/lt\/wp-json\/wp\/v2\/pages"}],"about":[{"href":"https:\/\/deveho.com\/lt\/wp-json\/wp\/v2\/types\/page"}],"author":[{"embeddable":true,"href":"https:\/\/deveho.com\/lt\/wp-json\/wp\/v2\/users\/34"}],"replies":[{"embeddable":true,"href":"https:\/\/deveho.com\/lt\/wp-json\/wp\/v2\/comments?post=39452"}],"version-history":[{"count":4,"href":"https:\/\/deveho.com\/lt\/wp-json\/wp\/v2\/pages\/39452\/revisions"}],"predecessor-version":[{"id":42507,"href":"https:\/\/deveho.com\/lt\/wp-json\/wp\/v2\/pages\/39452\/revisions\/42507"}],"up":[{"embeddable":true,"href":"https:\/\/deveho.com\/lt\/wp-json\/wp\/v2\/pages\/39448"}],"wp:attachment":[{"href":"https:\/\/deveho.com\/lt\/wp-json\/wp\/v2\/media?parent=39452"}],"curies":[{"name":"wp","href":"https:\/\/api.w.org\/{rel}","templated":true}]}}