{"id":39454,"date":"2024-02-27T16:07:54","date_gmt":"2024-02-27T14:07:54","guid":{"rendered":"https:\/\/deveho.com\/services\/e-invoicing\/e-invoicing-in-romania\/e-factura\/"},"modified":"2026-02-09T17:56:48","modified_gmt":"2026-02-09T15:56:48","slug":"e-factura","status":"publish","type":"page","link":"https:\/\/deveho.com\/lt\/paslaugos\/e-saskaitu-fakturu-israsymas\/sistema-rumunijoje\/e-factura\/","title":{"rendered":"E-FACTURA"},"content":{"rendered":"<br \/>\n<h2>Rumunijos E-s\u0105skait\u0173 fakt\u016br\u0173 sistema yra prieinama naujausioms Sage X3 V12 versijoms.<\/h2>\n<h3><red>Rumunijos <br \/>E-s\u0105skait\u0173 fakt\u016br\u0173 sistema ir Sage X3<\/red><\/h3>\n<h3>Bendrov\u0117 Deveho Software Consulting, Sage X3 partner\u0117 Rumunijos rinkoje, nor\u0117t\u0173 jus informuoti, kad E-Factura yra prieinama per Sage X3.<br \/>\n<\/h3>\n<p><p>Pasikliaukite mumis, kai reikia skaitmenizuoti apskaitos dokumentus E-Factura sistemoje. M\u016bs\u0173 vietin\u0117 komanda Rumunijoje, Deveho Software Consulting, gali pad\u0117ti jums optimizuoti apskait\u0105.<\/p>\n<p><img loading=\"lazy\" decoding=\"async\" class=\"aligncenter wp-image-46146 \" src=\"https:\/\/deveho.com\/wp-content\/uploads\/2026\/02\/LT-1.png\" alt=\"\" width=\"816\" height=\"272\" srcset=\"https:\/\/deveho.com\/wp-content\/uploads\/2026\/02\/LT-1.png 600w, https:\/\/deveho.com\/wp-content\/uploads\/2026\/02\/LT-1-300x100.png 300w, https:\/\/deveho.com\/wp-content\/uploads\/2026\/02\/LT-1-150x50.png 150w\" sizes=\"(max-width: 816px) 100vw, 816px\" \/><\/p>\n<p>&nbsp;<\/p>\n<p>Nor\u0117dami gauti daugiau informacijos, <a href=\"https:\/\/deveho.com\/lt\/kontaktai\/\">susisiekite su mumis!<\/a><\/p>\n<\/p>\n<h2><b><red>RO E-Factura<\/red><\/b>  <br \/>E-s\u0105skait\u0173 fakt\u016br\u0173 i\u0161ra\u0161ymo sistema Rumunijoje<\/h2>\n<p>Preki\u0173, nurodyt\u0173 straipsnyje 294(2), tiekimas atleid\u017eiamas nuo prievol\u0117s si\u0173sti s\u0105skaitas fakt\u016bras, i\u0161ra\u0161ytas nacionalin\u0117je E-s\u0105skait\u0173 fakt\u016br\u0173 sistemoje \u201eE-Factura\u201c. (\u012estatymo Nr. 227\/2015 (tiekimas Bendrijos viduje ir eksportas) 1 dalies a ir b punktai ir 2 dalis.<\/p>\n<p><p><strong>Elektronin\u0117 s\u0105skaita fakt\u016bra &#8211; tai s\u0105skaita fakt\u016bra, kuri i\u0161ra\u0161oma, siun\u010diama ir gaunama strukt\u016brizuotu XML formatu. Tokia strukt\u016bra leid\u017eia j\u0105 elektroniniu b\u016bdu ir automati\u0161kai apdoroti Rumunijos E-s\u0105skait\u0173 fakt\u016br\u0173 i\u0161ra\u0161ymo sistemoje RO E-Factura.<\/strong><\/p>\n<p>Atlikus patvirtinim\u0105, sistema automati\u0161kai parengia atsakym\u0105 ir, jei patvirtinimas yra s\u0117kmingas, pasira\u0161oma Finans\u0173 ministerijos para\u0161u. Taip u\u017etikrinama, kad s\u0105skaitos fakt\u016bros turinys nebuvo pakeistas.<\/p>\n<p>Popierin\u0119 versij\u0105 buvo leid\u017eiama naudoti iki 2024 m. bir\u017eelio 30 d., i\u0161skyrus atvejus, kai tiek tiek\u0117jas (teik\u0117jas), tiek gav\u0117jas yra \u012fregistruoti E-s\u0105skait\u0173 fakt\u016br\u0173 registre.<\/p>\n<p>Nuo 2024 m. liepos 1 d., remiantis \u012estatymo Nr. 227\/2015 319 straipsnio pakeitimu, gav\u0117jas &#8211; Rumunijoje \u012fsisteig\u0119s apmokestinamasis asmuo, dalyvaujantis B2B santykiuose, priima registruoti tik XML formatu elektroniniu b\u016bdu i\u0161ra\u0161ytas s\u0105skaitas fakt\u016bras, perduotas per nacionalin\u0119 elektronini\u0173 s\u0105skait\u0173 fakt\u016br\u0173 i\u0161ra\u0161ymo sistem\u0105 RO E-Factura.<\/p>\n<\/p>\n<p><p>S\u0105skait\u0173 fakt\u016br\u0173 pateikimo \u012f nacionalin\u0119 E-s\u0105skait\u0173 fakt\u016br\u0173 sistem\u0105 terminas yra 5 darbo dienos nuo s\u0105skaitos fakt\u016bros i\u0161ra\u0161ymo dienos, bet ne v\u0117liau kaip 5 darbo dienos nuo s\u0105skaitos fakt\u016bros i\u0161ra\u0161ymo termino, numatyto PVM \u012fstatymo 2 str. \u012estatymo Nr. 227\/2015 319 straipsnio 16 dalyje. \u0160i\u0173 nuostat\u0173 nesilaikymas laikomas pa\u017eeidimu ir u\u017e tai skiriama bauda. I\u0161imties tvarka baudos netaikomos nuo 2024 m. sausio 1 d. iki kovo 31 d.<\/p>\n<p>Taigi reikalavim\u0173 nesilaikantiems subjektams gresia baudos ir PVM atskaitos atmetimas.<\/p>\n<p>Mokes\u010di\u0173 mok\u0117tojai tur\u0117t\u0173 i\u0161 anksto pasiruo\u0161ti \u0161i\u0173 prievoli\u0173 vykdymui.<\/p>\n<p>Deveho ir Sage X3 yra pasirengusios reaguoti \u012f nauj\u0105j\u0105 E-s\u0105skait\u0173 fakt\u016br\u0173 teikimo sistem\u0105.<\/p>\n<\/p>\n<h2><\/h2>\n<h3><red>E-Factura <br \/>turinys<\/red> <\/h3>\n<h3>E-s\u0105skaitos ataskaitose bus pateikiama i\u0161sami informacija, gauta i\u0161 tiek\u0117jo, kliento, mok\u0117jimo priemoni\u0173, mok\u0117jimo termin\u0173, mokes\u010di\u0173 ir i\u0161sami\u0173 duomen\u0173 apie susijusius produktus ar paslaugas.<br \/>\n<\/h3><\/p>\n","protected":false},"excerpt":{"rendered":"<p>Rumunijos E-s\u0105skait\u0173 fakt\u016br\u0173 sistema yra prieinama naujausioms Sage X3 V12 versijoms. Rumunijos E-s\u0105skait\u0173 fakt\u016br\u0173 sistema ir Sage X3 Bendrov\u0117 Deveho Software Consulting, Sage X3 partner\u0117 Rumunijos rinkoje, nor\u0117t\u0173 jus informuoti, kad E-Factura yra prieinama per Sage X3. Pasikliaukite mumis, kai reikia skaitmenizuoti apskaitos dokumentus E-Factura sistemoje. M\u016bs\u0173 vietin\u0117 komanda Rumunijoje, Deveho Software Consulting, gali pad\u0117ti [&hellip;]<\/p>\n","protected":false},"author":34,"featured_media":0,"parent":39452,"menu_order":0,"comment_status":"closed","ping_status":"closed","template":"templates\/template-prod_serv.php","meta":{"_acf_changed":false,"footnotes":""},"class_list":["post-39454","page","type-page","status-publish","hentry"],"acf":[],"yoast_head":"<!-- This site is optimized with the Yoast SEO plugin v23.5 - https:\/\/yoast.com\/wordpress\/plugins\/seo\/ -->\n<title>E-FACTURA E-s\u0105skait\u0173 fakt\u016br\u0173 i\u0161ra\u0161ymo sistema - Deveho<\/title>\n<meta name=\"description\" content=\"Nuo 2010 m. sausio 24 d. Rumunijoje bus privaloma naudoti elektronini\u0173 s\u0105skait\u0173 fakt\u016br\u0173 sistem\u0105 \u201ee-Factura\u201c. Su\u017einokite daugiau!\" \/>\n<meta name=\"robots\" content=\"index, follow, max-snippet:-1, max-image-preview:large, max-video-preview:-1\" \/>\n<link rel=\"canonical\" href=\"https:\/\/deveho.com\/lt\/paslaugos\/e-saskaitu-fakturu-israsymas\/sistema-rumunijoje\/e-factura\/\" \/>\n<meta property=\"og:locale\" content=\"lt_LT\" \/>\n<meta property=\"og:type\" content=\"article\" \/>\n<meta property=\"og:title\" content=\"E-FACTURA E-s\u0105skait\u0173 fakt\u016br\u0173 i\u0161ra\u0161ymo sistema - Deveho\" \/>\n<meta property=\"og:description\" content=\"Nuo 2010 m. sausio 24 d. Rumunijoje bus privaloma naudoti elektronini\u0173 s\u0105skait\u0173 fakt\u016br\u0173 sistem\u0105 \u201ee-Factura\u201c. Su\u017einokite daugiau!\" \/>\n<meta property=\"og:url\" content=\"https:\/\/deveho.com\/lt\/paslaugos\/e-saskaitu-fakturu-israsymas\/sistema-rumunijoje\/e-factura\/\" \/>\n<meta property=\"og:site_name\" content=\"Deveho\" \/>\n<meta property=\"article:publisher\" content=\"https:\/\/www.facebook.com\/deveho\" \/>\n<meta property=\"article:modified_time\" content=\"2026-02-09T15:56:48+00:00\" \/>\n<meta property=\"og:image\" content=\"https:\/\/deveho.com\/wp-content\/uploads\/2026\/02\/LT-1.png\" \/>\n<meta name=\"twitter:card\" content=\"summary_large_image\" \/>\n<meta name=\"twitter:site\" content=\"@Deveho1\" \/>\n<meta name=\"twitter:label1\" content=\"Est. reading time\" \/>\n\t<meta name=\"twitter:data1\" content=\"2 minut\u0117s\" \/>\n<script type=\"application\/ld+json\" class=\"yoast-schema-graph\">{\"@context\":\"https:\/\/schema.org\",\"@graph\":[{\"@type\":\"WebPage\",\"@id\":\"https:\/\/deveho.com\/lt\/paslaugos\/e-saskaitu-fakturu-israsymas\/sistema-rumunijoje\/e-factura\/\",\"url\":\"https:\/\/deveho.com\/lt\/paslaugos\/e-saskaitu-fakturu-israsymas\/sistema-rumunijoje\/e-factura\/\",\"name\":\"E-FACTURA E-s\u0105skait\u0173 fakt\u016br\u0173 i\u0161ra\u0161ymo sistema - Deveho\",\"isPartOf\":{\"@id\":\"https:\/\/deveho.com\/#website\"},\"primaryImageOfPage\":{\"@id\":\"https:\/\/deveho.com\/lt\/paslaugos\/e-saskaitu-fakturu-israsymas\/sistema-rumunijoje\/e-factura\/#primaryimage\"},\"image\":{\"@id\":\"https:\/\/deveho.com\/lt\/paslaugos\/e-saskaitu-fakturu-israsymas\/sistema-rumunijoje\/e-factura\/#primaryimage\"},\"thumbnailUrl\":\"https:\/\/deveho.com\/wp-content\/uploads\/2026\/02\/LT-1.png\",\"datePublished\":\"2024-02-27T14:07:54+00:00\",\"dateModified\":\"2026-02-09T15:56:48+00:00\",\"description\":\"Nuo 2010 m. sausio 24 d. Rumunijoje bus privaloma naudoti elektronini\u0173 s\u0105skait\u0173 fakt\u016br\u0173 sistem\u0105 \u201ee-Factura\u201c. Su\u017einokite daugiau!\",\"breadcrumb\":{\"@id\":\"https:\/\/deveho.com\/lt\/paslaugos\/e-saskaitu-fakturu-israsymas\/sistema-rumunijoje\/e-factura\/#breadcrumb\"},\"inLanguage\":\"lt-LT\",\"potentialAction\":[{\"@type\":\"ReadAction\",\"target\":[\"https:\/\/deveho.com\/lt\/paslaugos\/e-saskaitu-fakturu-israsymas\/sistema-rumunijoje\/e-factura\/\"]}]},{\"@type\":\"ImageObject\",\"inLanguage\":\"lt-LT\",\"@id\":\"https:\/\/deveho.com\/lt\/paslaugos\/e-saskaitu-fakturu-israsymas\/sistema-rumunijoje\/e-factura\/#primaryimage\",\"url\":\"https:\/\/deveho.com\/wp-content\/uploads\/2026\/02\/LT-1.png\",\"contentUrl\":\"https:\/\/deveho.com\/wp-content\/uploads\/2026\/02\/LT-1.png\"},{\"@type\":\"BreadcrumbList\",\"@id\":\"https:\/\/deveho.com\/lt\/paslaugos\/e-saskaitu-fakturu-israsymas\/sistema-rumunijoje\/e-factura\/#breadcrumb\",\"itemListElement\":[{\"@type\":\"ListItem\",\"position\":1,\"name\":\"Home\",\"item\":\"https:\/\/deveho.com\/lt\/\"},{\"@type\":\"ListItem\",\"position\":2,\"name\":\"Paslaugos\",\"item\":\"https:\/\/deveho.com\/lt\/paslaugos\/\"},{\"@type\":\"ListItem\",\"position\":3,\"name\":\"E-s\u0105skait\u0173 fakt\u016br\u0173 i\u0161ra\u0161ymas\",\"item\":\"https:\/\/deveho.com\/lt\/paslaugos\/e-saskaitu-fakturu-israsymas\/\"},{\"@type\":\"ListItem\",\"position\":4,\"name\":\"E-s\u0105skait\u0173 fakt\u016br\u0173 i\u0161ra\u0161ymo sistema Rumunijoje\",\"item\":\"https:\/\/deveho.com\/lt\/paslaugos\/e-saskaitu-fakturu-israsymas\/sistema-rumunijoje\/\"},{\"@type\":\"ListItem\",\"position\":5,\"name\":\"E-FACTURA\"}]},{\"@type\":\"WebSite\",\"@id\":\"https:\/\/deveho.com\/#website\",\"url\":\"https:\/\/deveho.com\/\",\"name\":\"Deveho Consulting Group\",\"description\":\"Let\u2019s boost your growth\",\"publisher\":{\"@id\":\"https:\/\/deveho.com\/#organization\"},\"potentialAction\":[{\"@type\":\"SearchAction\",\"target\":{\"@type\":\"EntryPoint\",\"urlTemplate\":\"https:\/\/deveho.com\/?s={search_term_string}\"},\"query-input\":{\"@type\":\"PropertyValueSpecification\",\"valueRequired\":true,\"valueName\":\"search_term_string\"}}],\"inLanguage\":\"lt-LT\"},{\"@type\":\"Organization\",\"@id\":\"https:\/\/deveho.com\/#organization\",\"name\":\"Deveho Consulting Group\",\"url\":\"https:\/\/deveho.com\/\",\"logo\":{\"@type\":\"ImageObject\",\"inLanguage\":\"lt-LT\",\"@id\":\"https:\/\/deveho.com\/#\/schema\/logo\/image\/\",\"url\":\"https:\/\/deveho.com\/wp-content\/uploads\/2023\/02\/DEVEHO-LOGO-Baseline-COLOR.png\",\"contentUrl\":\"https:\/\/deveho.com\/wp-content\/uploads\/2023\/02\/DEVEHO-LOGO-Baseline-COLOR.png\",\"width\":2251,\"height\":585,\"caption\":\"Deveho Consulting Group\"},\"image\":{\"@id\":\"https:\/\/deveho.com\/#\/schema\/logo\/image\/\"},\"sameAs\":[\"https:\/\/www.facebook.com\/deveho\",\"https:\/\/x.com\/Deveho1\",\"https:\/\/www.linkedin.com\/company\/deveho-consulting\/\"]}]}<\/script>\n<!-- \/ Yoast SEO plugin. -->","yoast_head_json":{"title":"E-FACTURA E-s\u0105skait\u0173 fakt\u016br\u0173 i\u0161ra\u0161ymo sistema - Deveho","description":"Nuo 2010 m. sausio 24 d. Rumunijoje bus privaloma naudoti elektronini\u0173 s\u0105skait\u0173 fakt\u016br\u0173 sistem\u0105 \u201ee-Factura\u201c. Su\u017einokite daugiau!","robots":{"index":"index","follow":"follow","max-snippet":"max-snippet:-1","max-image-preview":"max-image-preview:large","max-video-preview":"max-video-preview:-1"},"canonical":"https:\/\/deveho.com\/lt\/paslaugos\/e-saskaitu-fakturu-israsymas\/sistema-rumunijoje\/e-factura\/","og_locale":"lt_LT","og_type":"article","og_title":"E-FACTURA E-s\u0105skait\u0173 fakt\u016br\u0173 i\u0161ra\u0161ymo sistema - Deveho","og_description":"Nuo 2010 m. sausio 24 d. Rumunijoje bus privaloma naudoti elektronini\u0173 s\u0105skait\u0173 fakt\u016br\u0173 sistem\u0105 \u201ee-Factura\u201c. Su\u017einokite daugiau!","og_url":"https:\/\/deveho.com\/lt\/paslaugos\/e-saskaitu-fakturu-israsymas\/sistema-rumunijoje\/e-factura\/","og_site_name":"Deveho","article_publisher":"https:\/\/www.facebook.com\/deveho","article_modified_time":"2026-02-09T15:56:48+00:00","og_image":[{"url":"https:\/\/deveho.com\/wp-content\/uploads\/2026\/02\/LT-1.png"}],"twitter_card":"summary_large_image","twitter_site":"@Deveho1","twitter_misc":{"Est. reading time":"2 minut\u0117s"},"schema":{"@context":"https:\/\/schema.org","@graph":[{"@type":"WebPage","@id":"https:\/\/deveho.com\/lt\/paslaugos\/e-saskaitu-fakturu-israsymas\/sistema-rumunijoje\/e-factura\/","url":"https:\/\/deveho.com\/lt\/paslaugos\/e-saskaitu-fakturu-israsymas\/sistema-rumunijoje\/e-factura\/","name":"E-FACTURA E-s\u0105skait\u0173 fakt\u016br\u0173 i\u0161ra\u0161ymo sistema - Deveho","isPartOf":{"@id":"https:\/\/deveho.com\/#website"},"primaryImageOfPage":{"@id":"https:\/\/deveho.com\/lt\/paslaugos\/e-saskaitu-fakturu-israsymas\/sistema-rumunijoje\/e-factura\/#primaryimage"},"image":{"@id":"https:\/\/deveho.com\/lt\/paslaugos\/e-saskaitu-fakturu-israsymas\/sistema-rumunijoje\/e-factura\/#primaryimage"},"thumbnailUrl":"https:\/\/deveho.com\/wp-content\/uploads\/2026\/02\/LT-1.png","datePublished":"2024-02-27T14:07:54+00:00","dateModified":"2026-02-09T15:56:48+00:00","description":"Nuo 2010 m. sausio 24 d. Rumunijoje bus privaloma naudoti elektronini\u0173 s\u0105skait\u0173 fakt\u016br\u0173 sistem\u0105 \u201ee-Factura\u201c. Su\u017einokite daugiau!","breadcrumb":{"@id":"https:\/\/deveho.com\/lt\/paslaugos\/e-saskaitu-fakturu-israsymas\/sistema-rumunijoje\/e-factura\/#breadcrumb"},"inLanguage":"lt-LT","potentialAction":[{"@type":"ReadAction","target":["https:\/\/deveho.com\/lt\/paslaugos\/e-saskaitu-fakturu-israsymas\/sistema-rumunijoje\/e-factura\/"]}]},{"@type":"ImageObject","inLanguage":"lt-LT","@id":"https:\/\/deveho.com\/lt\/paslaugos\/e-saskaitu-fakturu-israsymas\/sistema-rumunijoje\/e-factura\/#primaryimage","url":"https:\/\/deveho.com\/wp-content\/uploads\/2026\/02\/LT-1.png","contentUrl":"https:\/\/deveho.com\/wp-content\/uploads\/2026\/02\/LT-1.png"},{"@type":"BreadcrumbList","@id":"https:\/\/deveho.com\/lt\/paslaugos\/e-saskaitu-fakturu-israsymas\/sistema-rumunijoje\/e-factura\/#breadcrumb","itemListElement":[{"@type":"ListItem","position":1,"name":"Home","item":"https:\/\/deveho.com\/lt\/"},{"@type":"ListItem","position":2,"name":"Paslaugos","item":"https:\/\/deveho.com\/lt\/paslaugos\/"},{"@type":"ListItem","position":3,"name":"E-s\u0105skait\u0173 fakt\u016br\u0173 i\u0161ra\u0161ymas","item":"https:\/\/deveho.com\/lt\/paslaugos\/e-saskaitu-fakturu-israsymas\/"},{"@type":"ListItem","position":4,"name":"E-s\u0105skait\u0173 fakt\u016br\u0173 i\u0161ra\u0161ymo sistema Rumunijoje","item":"https:\/\/deveho.com\/lt\/paslaugos\/e-saskaitu-fakturu-israsymas\/sistema-rumunijoje\/"},{"@type":"ListItem","position":5,"name":"E-FACTURA"}]},{"@type":"WebSite","@id":"https:\/\/deveho.com\/#website","url":"https:\/\/deveho.com\/","name":"Deveho Consulting Group","description":"Let\u2019s boost your growth","publisher":{"@id":"https:\/\/deveho.com\/#organization"},"potentialAction":[{"@type":"SearchAction","target":{"@type":"EntryPoint","urlTemplate":"https:\/\/deveho.com\/?s={search_term_string}"},"query-input":{"@type":"PropertyValueSpecification","valueRequired":true,"valueName":"search_term_string"}}],"inLanguage":"lt-LT"},{"@type":"Organization","@id":"https:\/\/deveho.com\/#organization","name":"Deveho Consulting Group","url":"https:\/\/deveho.com\/","logo":{"@type":"ImageObject","inLanguage":"lt-LT","@id":"https:\/\/deveho.com\/#\/schema\/logo\/image\/","url":"https:\/\/deveho.com\/wp-content\/uploads\/2023\/02\/DEVEHO-LOGO-Baseline-COLOR.png","contentUrl":"https:\/\/deveho.com\/wp-content\/uploads\/2023\/02\/DEVEHO-LOGO-Baseline-COLOR.png","width":2251,"height":585,"caption":"Deveho Consulting Group"},"image":{"@id":"https:\/\/deveho.com\/#\/schema\/logo\/image\/"},"sameAs":["https:\/\/www.facebook.com\/deveho","https:\/\/x.com\/Deveho1","https:\/\/www.linkedin.com\/company\/deveho-consulting\/"]}]}},"_links":{"self":[{"href":"https:\/\/deveho.com\/lt\/wp-json\/wp\/v2\/pages\/39454"}],"collection":[{"href":"https:\/\/deveho.com\/lt\/wp-json\/wp\/v2\/pages"}],"about":[{"href":"https:\/\/deveho.com\/lt\/wp-json\/wp\/v2\/types\/page"}],"author":[{"embeddable":true,"href":"https:\/\/deveho.com\/lt\/wp-json\/wp\/v2\/users\/34"}],"replies":[{"embeddable":true,"href":"https:\/\/deveho.com\/lt\/wp-json\/wp\/v2\/comments?post=39454"}],"version-history":[{"count":7,"href":"https:\/\/deveho.com\/lt\/wp-json\/wp\/v2\/pages\/39454\/revisions"}],"predecessor-version":[{"id":46160,"href":"https:\/\/deveho.com\/lt\/wp-json\/wp\/v2\/pages\/39454\/revisions\/46160"}],"up":[{"embeddable":true,"href":"https:\/\/deveho.com\/lt\/wp-json\/wp\/v2\/pages\/39452"}],"wp:attachment":[{"href":"https:\/\/deveho.com\/lt\/wp-json\/wp\/v2\/media?parent=39454"}],"curies":[{"name":"wp","href":"https:\/\/api.w.org\/{rel}","templated":true}]}}