{"id":39456,"date":"2021-08-12T12:58:06","date_gmt":"2021-08-12T12:58:06","guid":{"rendered":"https:\/\/deveho.com\/services\/interoperability-system\/"},"modified":"2026-01-27T12:47:09","modified_gmt":"2026-01-27T10:47:09","slug":"saveikos-sistema","status":"publish","type":"page","link":"https:\/\/deveho.com\/lt\/paslaugos\/saveikos-sistema\/","title":{"rendered":"S\u0105veikos sistema"},"content":{"rendered":"<br \/>\n<h2><\/h2>\n<h3><\/h3>\n<h3>Sage X3 ERP yra atvira platforma, su kuria verslo programos gali prisijungti per API.<br \/>\n<\/h3>\n<\/p>\n<h2><\/h2>\n<h3>Susij\u0119 puslapiai<\/h3>\n<\/p>\n<h3><\/h3>\n<\/p>\n<h3><\/h3><\/p>\n","protected":false},"excerpt":{"rendered":"<p>S\u0105veikos sistema Tai realiuoju laiku vykstantis keitimasis duomenimis tarp skirting\u0173 sistem\u0173, kurios tarpusavyje tiesiogiai bendrauja ta pa\u010dia kalba, akimirksniu interpretuoja gaunamus duomenis ir pateikia juos tokius, kokie jie buvo gauti, i\u0161saugant pirmin\u012f kontekst\u0105.<\/p>\n","protected":false},"author":3,"featured_media":0,"parent":39438,"menu_order":0,"comment_status":"closed","ping_status":"closed","template":"templates\/template-prod_serv.php","meta":{"_acf_changed":false,"footnotes":""},"class_list":["post-39456","page","type-page","status-publish","hentry"],"acf":[],"yoast_head":"<!-- This site is optimized with the Yoast SEO plugin v23.5 - https:\/\/yoast.com\/wordpress\/plugins\/seo\/ -->\n<title>S\u0105veikos sistema - Deveho<\/title>\n<meta name=\"description\" content=\"S\u0105veikos sistema, tai realiuoju laiku vykstantis keitimasis duomenimis tarp skirting\u0173 sistem\u0173. Sage X3 jungia les verslo programas per API.\" \/>\n<meta name=\"robots\" content=\"index, follow, max-snippet:-1, max-image-preview:large, max-video-preview:-1\" \/>\n<link rel=\"canonical\" href=\"https:\/\/deveho.com\/lt\/paslaugos\/saveikos-sistema\/\" \/>\n<meta property=\"og:locale\" content=\"lt_LT\" \/>\n<meta property=\"og:type\" content=\"article\" \/>\n<meta property=\"og:title\" content=\"S\u0105veikos sistema - Deveho\" \/>\n<meta property=\"og:description\" content=\"S\u0105veikos sistema, tai realiuoju laiku vykstantis keitimasis duomenimis tarp skirting\u0173 sistem\u0173. Sage X3 jungia les verslo programas per API.\" \/>\n<meta property=\"og:url\" content=\"https:\/\/deveho.com\/lt\/paslaugos\/saveikos-sistema\/\" \/>\n<meta property=\"og:site_name\" content=\"Deveho\" \/>\n<meta property=\"article:publisher\" content=\"https:\/\/www.facebook.com\/deveho\" \/>\n<meta property=\"article:modified_time\" content=\"2026-01-27T10:47:09+00:00\" \/>\n<meta name=\"twitter:card\" content=\"summary_large_image\" \/>\n<meta name=\"twitter:site\" content=\"@Deveho1\" \/>\n<meta name=\"twitter:label1\" content=\"Est. reading time\" \/>\n\t<meta name=\"twitter:data1\" content=\"1 minut\u0117\" \/>\n<script type=\"application\/ld+json\" class=\"yoast-schema-graph\">{\"@context\":\"https:\/\/schema.org\",\"@graph\":[{\"@type\":\"WebPage\",\"@id\":\"https:\/\/deveho.com\/lt\/paslaugos\/saveikos-sistema\/\",\"url\":\"https:\/\/deveho.com\/lt\/paslaugos\/saveikos-sistema\/\",\"name\":\"S\u0105veikos sistema - Deveho\",\"isPartOf\":{\"@id\":\"https:\/\/deveho.com\/#website\"},\"datePublished\":\"2021-08-12T12:58:06+00:00\",\"dateModified\":\"2026-01-27T10:47:09+00:00\",\"description\":\"S\u0105veikos sistema, tai realiuoju laiku vykstantis keitimasis duomenimis tarp skirting\u0173 sistem\u0173. Sage X3 jungia les verslo programas per API.\",\"breadcrumb\":{\"@id\":\"https:\/\/deveho.com\/lt\/paslaugos\/saveikos-sistema\/#breadcrumb\"},\"inLanguage\":\"lt-LT\",\"potentialAction\":[{\"@type\":\"ReadAction\",\"target\":[\"https:\/\/deveho.com\/lt\/paslaugos\/saveikos-sistema\/\"]}]},{\"@type\":\"BreadcrumbList\",\"@id\":\"https:\/\/deveho.com\/lt\/paslaugos\/saveikos-sistema\/#breadcrumb\",\"itemListElement\":[{\"@type\":\"ListItem\",\"position\":1,\"name\":\"Home\",\"item\":\"https:\/\/deveho.com\/lt\/\"},{\"@type\":\"ListItem\",\"position\":2,\"name\":\"Paslaugos\",\"item\":\"https:\/\/deveho.com\/lt\/paslaugos\/\"},{\"@type\":\"ListItem\",\"position\":3,\"name\":\"S\u0105veikos sistema\"}]},{\"@type\":\"WebSite\",\"@id\":\"https:\/\/deveho.com\/#website\",\"url\":\"https:\/\/deveho.com\/\",\"name\":\"Deveho Consulting Group\",\"description\":\"Let\u2019s boost your growth\",\"publisher\":{\"@id\":\"https:\/\/deveho.com\/#organization\"},\"potentialAction\":[{\"@type\":\"SearchAction\",\"target\":{\"@type\":\"EntryPoint\",\"urlTemplate\":\"https:\/\/deveho.com\/?s={search_term_string}\"},\"query-input\":{\"@type\":\"PropertyValueSpecification\",\"valueRequired\":true,\"valueName\":\"search_term_string\"}}],\"inLanguage\":\"lt-LT\"},{\"@type\":\"Organization\",\"@id\":\"https:\/\/deveho.com\/#organization\",\"name\":\"Deveho Consulting Group\",\"url\":\"https:\/\/deveho.com\/\",\"logo\":{\"@type\":\"ImageObject\",\"inLanguage\":\"lt-LT\",\"@id\":\"https:\/\/deveho.com\/#\/schema\/logo\/image\/\",\"url\":\"https:\/\/deveho.com\/wp-content\/uploads\/2023\/02\/DEVEHO-LOGO-Baseline-COLOR.png\",\"contentUrl\":\"https:\/\/deveho.com\/wp-content\/uploads\/2023\/02\/DEVEHO-LOGO-Baseline-COLOR.png\",\"width\":2251,\"height\":585,\"caption\":\"Deveho Consulting Group\"},\"image\":{\"@id\":\"https:\/\/deveho.com\/#\/schema\/logo\/image\/\"},\"sameAs\":[\"https:\/\/www.facebook.com\/deveho\",\"https:\/\/x.com\/Deveho1\",\"https:\/\/www.linkedin.com\/company\/deveho-consulting\/\"]}]}<\/script>\n<!-- \/ Yoast SEO plugin. -->","yoast_head_json":{"title":"S\u0105veikos sistema - Deveho","description":"S\u0105veikos sistema, tai realiuoju laiku vykstantis keitimasis duomenimis tarp skirting\u0173 sistem\u0173. Sage X3 jungia les verslo programas per API.","robots":{"index":"index","follow":"follow","max-snippet":"max-snippet:-1","max-image-preview":"max-image-preview:large","max-video-preview":"max-video-preview:-1"},"canonical":"https:\/\/deveho.com\/lt\/paslaugos\/saveikos-sistema\/","og_locale":"lt_LT","og_type":"article","og_title":"S\u0105veikos sistema - Deveho","og_description":"S\u0105veikos sistema, tai realiuoju laiku vykstantis keitimasis duomenimis tarp skirting\u0173 sistem\u0173. Sage X3 jungia les verslo programas per API.","og_url":"https:\/\/deveho.com\/lt\/paslaugos\/saveikos-sistema\/","og_site_name":"Deveho","article_publisher":"https:\/\/www.facebook.com\/deveho","article_modified_time":"2026-01-27T10:47:09+00:00","twitter_card":"summary_large_image","twitter_site":"@Deveho1","twitter_misc":{"Est. reading time":"1 minut\u0117"},"schema":{"@context":"https:\/\/schema.org","@graph":[{"@type":"WebPage","@id":"https:\/\/deveho.com\/lt\/paslaugos\/saveikos-sistema\/","url":"https:\/\/deveho.com\/lt\/paslaugos\/saveikos-sistema\/","name":"S\u0105veikos sistema - Deveho","isPartOf":{"@id":"https:\/\/deveho.com\/#website"},"datePublished":"2021-08-12T12:58:06+00:00","dateModified":"2026-01-27T10:47:09+00:00","description":"S\u0105veikos sistema, tai realiuoju laiku vykstantis keitimasis duomenimis tarp skirting\u0173 sistem\u0173. Sage X3 jungia les verslo programas per API.","breadcrumb":{"@id":"https:\/\/deveho.com\/lt\/paslaugos\/saveikos-sistema\/#breadcrumb"},"inLanguage":"lt-LT","potentialAction":[{"@type":"ReadAction","target":["https:\/\/deveho.com\/lt\/paslaugos\/saveikos-sistema\/"]}]},{"@type":"BreadcrumbList","@id":"https:\/\/deveho.com\/lt\/paslaugos\/saveikos-sistema\/#breadcrumb","itemListElement":[{"@type":"ListItem","position":1,"name":"Home","item":"https:\/\/deveho.com\/lt\/"},{"@type":"ListItem","position":2,"name":"Paslaugos","item":"https:\/\/deveho.com\/lt\/paslaugos\/"},{"@type":"ListItem","position":3,"name":"S\u0105veikos sistema"}]},{"@type":"WebSite","@id":"https:\/\/deveho.com\/#website","url":"https:\/\/deveho.com\/","name":"Deveho Consulting Group","description":"Let\u2019s boost your growth","publisher":{"@id":"https:\/\/deveho.com\/#organization"},"potentialAction":[{"@type":"SearchAction","target":{"@type":"EntryPoint","urlTemplate":"https:\/\/deveho.com\/?s={search_term_string}"},"query-input":{"@type":"PropertyValueSpecification","valueRequired":true,"valueName":"search_term_string"}}],"inLanguage":"lt-LT"},{"@type":"Organization","@id":"https:\/\/deveho.com\/#organization","name":"Deveho Consulting Group","url":"https:\/\/deveho.com\/","logo":{"@type":"ImageObject","inLanguage":"lt-LT","@id":"https:\/\/deveho.com\/#\/schema\/logo\/image\/","url":"https:\/\/deveho.com\/wp-content\/uploads\/2023\/02\/DEVEHO-LOGO-Baseline-COLOR.png","contentUrl":"https:\/\/deveho.com\/wp-content\/uploads\/2023\/02\/DEVEHO-LOGO-Baseline-COLOR.png","width":2251,"height":585,"caption":"Deveho Consulting Group"},"image":{"@id":"https:\/\/deveho.com\/#\/schema\/logo\/image\/"},"sameAs":["https:\/\/www.facebook.com\/deveho","https:\/\/x.com\/Deveho1","https:\/\/www.linkedin.com\/company\/deveho-consulting\/"]}]}},"_links":{"self":[{"href":"https:\/\/deveho.com\/lt\/wp-json\/wp\/v2\/pages\/39456"}],"collection":[{"href":"https:\/\/deveho.com\/lt\/wp-json\/wp\/v2\/pages"}],"about":[{"href":"https:\/\/deveho.com\/lt\/wp-json\/wp\/v2\/types\/page"}],"author":[{"embeddable":true,"href":"https:\/\/deveho.com\/lt\/wp-json\/wp\/v2\/users\/3"}],"replies":[{"embeddable":true,"href":"https:\/\/deveho.com\/lt\/wp-json\/wp\/v2\/comments?post=39456"}],"version-history":[{"count":10,"href":"https:\/\/deveho.com\/lt\/wp-json\/wp\/v2\/pages\/39456\/revisions"}],"predecessor-version":[{"id":45814,"href":"https:\/\/deveho.com\/lt\/wp-json\/wp\/v2\/pages\/39456\/revisions\/45814"}],"up":[{"embeddable":true,"href":"https:\/\/deveho.com\/lt\/wp-json\/wp\/v2\/pages\/39438"}],"wp:attachment":[{"href":"https:\/\/deveho.com\/lt\/wp-json\/wp\/v2\/media?parent=39456"}],"curies":[{"name":"wp","href":"https:\/\/api.w.org\/{rel}","templated":true}]}}