{"id":39460,"date":"2021-08-12T15:23:58","date_gmt":"2021-08-12T15:23:58","guid":{"rendered":"https:\/\/deveho.com\/services\/sage-solution-support\/"},"modified":"2026-01-27T14:33:07","modified_gmt":"2026-01-27T12:33:07","slug":"sage-sprendimu-palaikymas","status":"publish","type":"page","link":"https:\/\/deveho.com\/lt\/paslaugos\/sage-sprendimu-palaikymas\/","title":{"rendered":"Sage sprendim\u0173 palaikymas"},"content":{"rendered":"<br \/>\n<h3>Infrastrukt\u016bros nustatymas ir valdymas<\/h3>\n<\/p>\n<p>Remdamiesi tvirta partneryste su OVH ir AWS, galime pateikti ir valdyti kliento Sage X3 technin\u0119 aplink\u0105, u\u017etikrindami geriausius na\u0161umo ir saugumo standartus.\n<\/p>\n<h3>Atnaujinimai<\/h3>\n<\/p>\n<p>Teikdami technin\u0117s prie\u017ei\u016bros paslaugas, galime atnaujinti Sage X3 komponentus, kad b\u016bt\u0173 galima kuo geriau i\u0161naudoti programin\u0117s \u012frangos patobulinimus.\n<\/p>\n<h3>Parama<\/h3>\n<\/p>\n<p>Remdamiesi savo patirtimi, teikiame palaikym\u0105 ir pagalb\u0105, kai Sage X3 jau veikia : operacinis palaikymas, veiklos klausimai, patobulinim\u0173 u\u017eklausos, mokymai.\n<\/p>\n<p>Auk\u0161tos kokyb\u0117s palaikymas ir program\u0173 prie\u017ei\u016bros u\u017esakomoji paslauga (application maintenance outsourcing (AMO))\n<\/p>\n<p>Dedikuota AMO komanda, skirta Sage X3\n<\/p>\n<p>Technin\u0117 komanda, skirta Sage X3\n<\/p>\n<h2><\/h2>\n<h3>Susij\u0119 puslapiai<\/h3>\n<\/p>\n<h3><\/h3>\n<\/p>\n<h3><\/h3><\/p>\n","protected":false},"excerpt":{"rendered":"<p>Bendrov\u0117 Deveho turi patyrusi\u0105 funkcini\u0173 ir technini\u0173 konsultant\u0173 komand\u0105, turin\u010di\u0105 didel\u0119 Sage X3 patirt\u012f ir teikian\u010di\u0105 pagalb\u0105 visuose programin\u0117s \u012frangos paketuose ir moduliuose (finans\u0173, platinimo, gamybos valdymo, ilgalaikio turto, \u017emogi\u0161k\u0173j\u0173 i\u0161tekli\u0173 darbo u\u017emokes\u010dio, ataskait\u0173, pl\u0117tros ir kt.) Kiekvien\u0105 kart\u0105 teikiame auk\u0161tos kokyb\u0117s paslaugas ir pagalb\u0105 pagal biud\u017eet\u0105 ir laiku!<\/p>\n","protected":false},"author":3,"featured_media":0,"parent":39438,"menu_order":0,"comment_status":"closed","ping_status":"closed","template":"templates\/template-prod_serv.php","meta":{"_acf_changed":false,"footnotes":""},"class_list":["post-39460","page","type-page","status-publish","hentry"],"acf":[],"yoast_head":"<!-- This site is optimized with the Yoast SEO plugin v23.5 - https:\/\/yoast.com\/wordpress\/plugins\/seo\/ -->\n<title>Sage sprendim\u0173 palaikymas, teikiantis auk\u0161tos kokyb\u0117s paslaugas - Deveho<\/title>\n<meta name=\"description\" content=\"Deveho turi patyrusi\u0173 funkcini\u0173 ir technini\u0173 konsultant\u0173 komand\u0105, teikian\u010di\u0105 Sage sprendim\u0173 palaikym\u0105 m\u016bs\u0173 sprendimams.\" \/>\n<meta name=\"robots\" content=\"index, follow, max-snippet:-1, max-image-preview:large, max-video-preview:-1\" \/>\n<link rel=\"canonical\" href=\"https:\/\/deveho.com\/lt\/paslaugos\/sage-sprendimu-palaikymas\/\" \/>\n<meta property=\"og:locale\" content=\"lt_LT\" \/>\n<meta property=\"og:type\" content=\"article\" \/>\n<meta property=\"og:title\" content=\"Sage sprendim\u0173 palaikymas, teikiantis auk\u0161tos kokyb\u0117s paslaugas - Deveho\" \/>\n<meta property=\"og:description\" content=\"Deveho turi patyrusi\u0173 funkcini\u0173 ir technini\u0173 konsultant\u0173 komand\u0105, teikian\u010di\u0105 Sage sprendim\u0173 palaikym\u0105 m\u016bs\u0173 sprendimams.\" \/>\n<meta property=\"og:url\" content=\"https:\/\/deveho.com\/lt\/paslaugos\/sage-sprendimu-palaikymas\/\" \/>\n<meta property=\"og:site_name\" content=\"Deveho\" \/>\n<meta property=\"article:publisher\" content=\"https:\/\/www.facebook.com\/deveho\" \/>\n<meta property=\"article:modified_time\" content=\"2026-01-27T12:33:07+00:00\" \/>\n<meta name=\"twitter:card\" content=\"summary_large_image\" \/>\n<meta name=\"twitter:site\" content=\"@Deveho1\" \/>\n<meta name=\"twitter:label1\" content=\"Est. reading time\" \/>\n\t<meta name=\"twitter:data1\" content=\"1 minut\u0117\" \/>\n<script type=\"application\/ld+json\" class=\"yoast-schema-graph\">{\"@context\":\"https:\/\/schema.org\",\"@graph\":[{\"@type\":\"WebPage\",\"@id\":\"https:\/\/deveho.com\/lt\/paslaugos\/sage-sprendimu-palaikymas\/\",\"url\":\"https:\/\/deveho.com\/lt\/paslaugos\/sage-sprendimu-palaikymas\/\",\"name\":\"Sage sprendim\u0173 palaikymas, teikiantis auk\u0161tos kokyb\u0117s paslaugas - Deveho\",\"isPartOf\":{\"@id\":\"https:\/\/deveho.com\/#website\"},\"datePublished\":\"2021-08-12T15:23:58+00:00\",\"dateModified\":\"2026-01-27T12:33:07+00:00\",\"description\":\"Deveho turi patyrusi\u0173 funkcini\u0173 ir technini\u0173 konsultant\u0173 komand\u0105, teikian\u010di\u0105 Sage sprendim\u0173 palaikym\u0105 m\u016bs\u0173 sprendimams.\",\"breadcrumb\":{\"@id\":\"https:\/\/deveho.com\/lt\/paslaugos\/sage-sprendimu-palaikymas\/#breadcrumb\"},\"inLanguage\":\"lt-LT\",\"potentialAction\":[{\"@type\":\"ReadAction\",\"target\":[\"https:\/\/deveho.com\/lt\/paslaugos\/sage-sprendimu-palaikymas\/\"]}]},{\"@type\":\"BreadcrumbList\",\"@id\":\"https:\/\/deveho.com\/lt\/paslaugos\/sage-sprendimu-palaikymas\/#breadcrumb\",\"itemListElement\":[{\"@type\":\"ListItem\",\"position\":1,\"name\":\"Home\",\"item\":\"https:\/\/deveho.com\/lt\/\"},{\"@type\":\"ListItem\",\"position\":2,\"name\":\"Paslaugos\",\"item\":\"https:\/\/deveho.com\/lt\/paslaugos\/\"},{\"@type\":\"ListItem\",\"position\":3,\"name\":\"Sage sprendim\u0173 palaikymas\"}]},{\"@type\":\"WebSite\",\"@id\":\"https:\/\/deveho.com\/#website\",\"url\":\"https:\/\/deveho.com\/\",\"name\":\"Deveho Consulting Group\",\"description\":\"Let\u2019s boost your growth\",\"publisher\":{\"@id\":\"https:\/\/deveho.com\/#organization\"},\"potentialAction\":[{\"@type\":\"SearchAction\",\"target\":{\"@type\":\"EntryPoint\",\"urlTemplate\":\"https:\/\/deveho.com\/?s={search_term_string}\"},\"query-input\":{\"@type\":\"PropertyValueSpecification\",\"valueRequired\":true,\"valueName\":\"search_term_string\"}}],\"inLanguage\":\"lt-LT\"},{\"@type\":\"Organization\",\"@id\":\"https:\/\/deveho.com\/#organization\",\"name\":\"Deveho Consulting Group\",\"url\":\"https:\/\/deveho.com\/\",\"logo\":{\"@type\":\"ImageObject\",\"inLanguage\":\"lt-LT\",\"@id\":\"https:\/\/deveho.com\/#\/schema\/logo\/image\/\",\"url\":\"https:\/\/deveho.com\/wp-content\/uploads\/2023\/02\/DEVEHO-LOGO-Baseline-COLOR.png\",\"contentUrl\":\"https:\/\/deveho.com\/wp-content\/uploads\/2023\/02\/DEVEHO-LOGO-Baseline-COLOR.png\",\"width\":2251,\"height\":585,\"caption\":\"Deveho Consulting Group\"},\"image\":{\"@id\":\"https:\/\/deveho.com\/#\/schema\/logo\/image\/\"},\"sameAs\":[\"https:\/\/www.facebook.com\/deveho\",\"https:\/\/x.com\/Deveho1\",\"https:\/\/www.linkedin.com\/company\/deveho-consulting\/\"]}]}<\/script>\n<!-- \/ Yoast SEO plugin. -->","yoast_head_json":{"title":"Sage sprendim\u0173 palaikymas, teikiantis auk\u0161tos kokyb\u0117s paslaugas - Deveho","description":"Deveho turi patyrusi\u0173 funkcini\u0173 ir technini\u0173 konsultant\u0173 komand\u0105, teikian\u010di\u0105 Sage sprendim\u0173 palaikym\u0105 m\u016bs\u0173 sprendimams.","robots":{"index":"index","follow":"follow","max-snippet":"max-snippet:-1","max-image-preview":"max-image-preview:large","max-video-preview":"max-video-preview:-1"},"canonical":"https:\/\/deveho.com\/lt\/paslaugos\/sage-sprendimu-palaikymas\/","og_locale":"lt_LT","og_type":"article","og_title":"Sage sprendim\u0173 palaikymas, teikiantis auk\u0161tos kokyb\u0117s paslaugas - Deveho","og_description":"Deveho turi patyrusi\u0173 funkcini\u0173 ir technini\u0173 konsultant\u0173 komand\u0105, teikian\u010di\u0105 Sage sprendim\u0173 palaikym\u0105 m\u016bs\u0173 sprendimams.","og_url":"https:\/\/deveho.com\/lt\/paslaugos\/sage-sprendimu-palaikymas\/","og_site_name":"Deveho","article_publisher":"https:\/\/www.facebook.com\/deveho","article_modified_time":"2026-01-27T12:33:07+00:00","twitter_card":"summary_large_image","twitter_site":"@Deveho1","twitter_misc":{"Est. reading time":"1 minut\u0117"},"schema":{"@context":"https:\/\/schema.org","@graph":[{"@type":"WebPage","@id":"https:\/\/deveho.com\/lt\/paslaugos\/sage-sprendimu-palaikymas\/","url":"https:\/\/deveho.com\/lt\/paslaugos\/sage-sprendimu-palaikymas\/","name":"Sage sprendim\u0173 palaikymas, teikiantis auk\u0161tos kokyb\u0117s paslaugas - Deveho","isPartOf":{"@id":"https:\/\/deveho.com\/#website"},"datePublished":"2021-08-12T15:23:58+00:00","dateModified":"2026-01-27T12:33:07+00:00","description":"Deveho turi patyrusi\u0173 funkcini\u0173 ir technini\u0173 konsultant\u0173 komand\u0105, teikian\u010di\u0105 Sage sprendim\u0173 palaikym\u0105 m\u016bs\u0173 sprendimams.","breadcrumb":{"@id":"https:\/\/deveho.com\/lt\/paslaugos\/sage-sprendimu-palaikymas\/#breadcrumb"},"inLanguage":"lt-LT","potentialAction":[{"@type":"ReadAction","target":["https:\/\/deveho.com\/lt\/paslaugos\/sage-sprendimu-palaikymas\/"]}]},{"@type":"BreadcrumbList","@id":"https:\/\/deveho.com\/lt\/paslaugos\/sage-sprendimu-palaikymas\/#breadcrumb","itemListElement":[{"@type":"ListItem","position":1,"name":"Home","item":"https:\/\/deveho.com\/lt\/"},{"@type":"ListItem","position":2,"name":"Paslaugos","item":"https:\/\/deveho.com\/lt\/paslaugos\/"},{"@type":"ListItem","position":3,"name":"Sage sprendim\u0173 palaikymas"}]},{"@type":"WebSite","@id":"https:\/\/deveho.com\/#website","url":"https:\/\/deveho.com\/","name":"Deveho Consulting Group","description":"Let\u2019s boost your growth","publisher":{"@id":"https:\/\/deveho.com\/#organization"},"potentialAction":[{"@type":"SearchAction","target":{"@type":"EntryPoint","urlTemplate":"https:\/\/deveho.com\/?s={search_term_string}"},"query-input":{"@type":"PropertyValueSpecification","valueRequired":true,"valueName":"search_term_string"}}],"inLanguage":"lt-LT"},{"@type":"Organization","@id":"https:\/\/deveho.com\/#organization","name":"Deveho Consulting Group","url":"https:\/\/deveho.com\/","logo":{"@type":"ImageObject","inLanguage":"lt-LT","@id":"https:\/\/deveho.com\/#\/schema\/logo\/image\/","url":"https:\/\/deveho.com\/wp-content\/uploads\/2023\/02\/DEVEHO-LOGO-Baseline-COLOR.png","contentUrl":"https:\/\/deveho.com\/wp-content\/uploads\/2023\/02\/DEVEHO-LOGO-Baseline-COLOR.png","width":2251,"height":585,"caption":"Deveho Consulting Group"},"image":{"@id":"https:\/\/deveho.com\/#\/schema\/logo\/image\/"},"sameAs":["https:\/\/www.facebook.com\/deveho","https:\/\/x.com\/Deveho1","https:\/\/www.linkedin.com\/company\/deveho-consulting\/"]}]}},"_links":{"self":[{"href":"https:\/\/deveho.com\/lt\/wp-json\/wp\/v2\/pages\/39460"}],"collection":[{"href":"https:\/\/deveho.com\/lt\/wp-json\/wp\/v2\/pages"}],"about":[{"href":"https:\/\/deveho.com\/lt\/wp-json\/wp\/v2\/types\/page"}],"author":[{"embeddable":true,"href":"https:\/\/deveho.com\/lt\/wp-json\/wp\/v2\/users\/3"}],"replies":[{"embeddable":true,"href":"https:\/\/deveho.com\/lt\/wp-json\/wp\/v2\/comments?post=39460"}],"version-history":[{"count":8,"href":"https:\/\/deveho.com\/lt\/wp-json\/wp\/v2\/pages\/39460\/revisions"}],"predecessor-version":[{"id":45832,"href":"https:\/\/deveho.com\/lt\/wp-json\/wp\/v2\/pages\/39460\/revisions\/45832"}],"up":[{"embeddable":true,"href":"https:\/\/deveho.com\/lt\/wp-json\/wp\/v2\/pages\/39438"}],"wp:attachment":[{"href":"https:\/\/deveho.com\/lt\/wp-json\/wp\/v2\/media?parent=39460"}],"curies":[{"name":"wp","href":"https:\/\/api.w.org\/{rel}","templated":true}]}}