{"id":39462,"date":"2021-08-12T15:39:52","date_gmt":"2021-08-12T15:39:52","guid":{"rendered":"https:\/\/deveho.com\/services\/sage-x3-implementation-services\/"},"modified":"2026-01-27T14:32:57","modified_gmt":"2026-01-27T12:32:57","slug":"sage-x3-diegimo-paslaugos","status":"publish","type":"page","link":"https:\/\/deveho.com\/lt\/paslaugos\/sage-x3-diegimo-paslaugos\/","title":{"rendered":"Sage X3 diegimo paslaugos"},"content":{"rendered":"<br \/>\n<h2><\/h2>\n<h3><b>Deveho diegimo \u017einios ir patirtis<\/b><\/h3>\n<h3><\/h3>\n<p><p>ERP programin\u0117s \u012frangos diegimas turi daug privalum\u0173. Ji gali pagerinti verslo na\u0161um\u0105, duomen\u0173 vientisum\u0105, organizacin\u0119 atitikt\u012f ir projekt\u0173, komand\u0173 bei biur\u0173 s\u0105veik\u0105.<\/p>\n<p>M\u016bs\u0173 komanda turi pla\u010dius \u012fvairi\u0173 teisini\u0173, fiskalini\u0173 ir daugiakalbi\u0173 geb\u0117jim\u0173, sukaupusi visapusi\u0161k\u0105 tarptautini\u0173 projekt\u0173 \u012fgyvendinimo ir vykdymo patirt\u012f.<\/p>\n<p>Tur\u0117dami daugiau nei 15 met\u0173 patirt\u012f Sage X3 srityje, daugiausia d\u0117mesio skiriame visiems diegimo aspektams.<\/p>\n<\/p>\n<h2><\/h2>\n<h3>Sage X3 diegimas<\/h3>\n<h3>Siekdami s\u0117kmingai \u012fgyvendinti projekt\u0105 per numatyt\u0105 laik\u0105, m\u016bs\u0173 metodikos grind\u017eiamos \u0161iais principais:<br \/>\n<\/h3>\n<\/p>\n<h2><\/h2>\n<h3>Susij\u0119 puslapiai<\/h3>\n<\/p>\n<h3><\/h3>\n<\/p>\n<h3><\/h3><\/p>\n","protected":false},"excerpt":{"rendered":"<p>Deveho konsultacin\u0117 grup\u0117 teikia auk\u0161\u010diausio lygio strategines Sage diegimo paslaugas, kartu supaprastindama verslo procesus ir u\u017etikrindama, kad taikomosios programos b\u016bt\u0173 skland\u017eiai integruotos \u012f vien\u0105 sprendim\u0105.<\/p>\n","protected":false},"author":3,"featured_media":0,"parent":39438,"menu_order":0,"comment_status":"closed","ping_status":"closed","template":"templates\/template-prod_serv.php","meta":{"_acf_changed":false,"footnotes":""},"class_list":["post-39462","page","type-page","status-publish","hentry"],"acf":[],"yoast_head":"<!-- This site is optimized with the Yoast SEO plugin v23.5 - https:\/\/yoast.com\/wordpress\/plugins\/seo\/ -->\n<title>Sage X3 diegimo paslaugos, ERP Software Power - Deveho<\/title>\n<meta name=\"description\" content=\"Deveho teikia auk\u0161\u010diausio lygio strateginio Sage X3 diegimo paslaugos, supaprastindama verslo procesus ir u\u017etikrindama taikom\u0173j\u0173 program\u0173 veikim\u0105.\" \/>\n<meta name=\"robots\" content=\"index, follow, max-snippet:-1, max-image-preview:large, max-video-preview:-1\" \/>\n<link rel=\"canonical\" href=\"https:\/\/deveho.com\/lt\/paslaugos\/sage-x3-diegimo-paslaugos\/\" \/>\n<meta property=\"og:locale\" content=\"lt_LT\" \/>\n<meta property=\"og:type\" content=\"article\" \/>\n<meta property=\"og:title\" content=\"Sage X3 diegimo paslaugos, ERP Software Power - Deveho\" \/>\n<meta property=\"og:description\" content=\"Deveho teikia auk\u0161\u010diausio lygio strateginio Sage X3 diegimo paslaugos, supaprastindama verslo procesus ir u\u017etikrindama taikom\u0173j\u0173 program\u0173 veikim\u0105.\" \/>\n<meta property=\"og:url\" content=\"https:\/\/deveho.com\/lt\/paslaugos\/sage-x3-diegimo-paslaugos\/\" \/>\n<meta property=\"og:site_name\" content=\"Deveho\" \/>\n<meta property=\"article:publisher\" content=\"https:\/\/www.facebook.com\/deveho\" \/>\n<meta property=\"article:modified_time\" content=\"2026-01-27T12:32:57+00:00\" \/>\n<meta name=\"twitter:card\" content=\"summary_large_image\" \/>\n<meta name=\"twitter:site\" content=\"@Deveho1\" \/>\n<meta name=\"twitter:label1\" content=\"Est. reading time\" \/>\n\t<meta name=\"twitter:data1\" content=\"1 minut\u0117\" \/>\n<script type=\"application\/ld+json\" class=\"yoast-schema-graph\">{\"@context\":\"https:\/\/schema.org\",\"@graph\":[{\"@type\":\"WebPage\",\"@id\":\"https:\/\/deveho.com\/lt\/paslaugos\/sage-x3-diegimo-paslaugos\/\",\"url\":\"https:\/\/deveho.com\/lt\/paslaugos\/sage-x3-diegimo-paslaugos\/\",\"name\":\"Sage X3 diegimo paslaugos, ERP Software Power - Deveho\",\"isPartOf\":{\"@id\":\"https:\/\/deveho.com\/#website\"},\"datePublished\":\"2021-08-12T15:39:52+00:00\",\"dateModified\":\"2026-01-27T12:32:57+00:00\",\"description\":\"Deveho teikia auk\u0161\u010diausio lygio strateginio Sage X3 diegimo paslaugos, supaprastindama verslo procesus ir u\u017etikrindama taikom\u0173j\u0173 program\u0173 veikim\u0105.\",\"breadcrumb\":{\"@id\":\"https:\/\/deveho.com\/lt\/paslaugos\/sage-x3-diegimo-paslaugos\/#breadcrumb\"},\"inLanguage\":\"lt-LT\",\"potentialAction\":[{\"@type\":\"ReadAction\",\"target\":[\"https:\/\/deveho.com\/lt\/paslaugos\/sage-x3-diegimo-paslaugos\/\"]}]},{\"@type\":\"BreadcrumbList\",\"@id\":\"https:\/\/deveho.com\/lt\/paslaugos\/sage-x3-diegimo-paslaugos\/#breadcrumb\",\"itemListElement\":[{\"@type\":\"ListItem\",\"position\":1,\"name\":\"Home\",\"item\":\"https:\/\/deveho.com\/lt\/\"},{\"@type\":\"ListItem\",\"position\":2,\"name\":\"Paslaugos\",\"item\":\"https:\/\/deveho.com\/lt\/paslaugos\/\"},{\"@type\":\"ListItem\",\"position\":3,\"name\":\"Sage X3 diegimo paslaugos\"}]},{\"@type\":\"WebSite\",\"@id\":\"https:\/\/deveho.com\/#website\",\"url\":\"https:\/\/deveho.com\/\",\"name\":\"Deveho Consulting Group\",\"description\":\"Let\u2019s boost your growth\",\"publisher\":{\"@id\":\"https:\/\/deveho.com\/#organization\"},\"potentialAction\":[{\"@type\":\"SearchAction\",\"target\":{\"@type\":\"EntryPoint\",\"urlTemplate\":\"https:\/\/deveho.com\/?s={search_term_string}\"},\"query-input\":{\"@type\":\"PropertyValueSpecification\",\"valueRequired\":true,\"valueName\":\"search_term_string\"}}],\"inLanguage\":\"lt-LT\"},{\"@type\":\"Organization\",\"@id\":\"https:\/\/deveho.com\/#organization\",\"name\":\"Deveho Consulting Group\",\"url\":\"https:\/\/deveho.com\/\",\"logo\":{\"@type\":\"ImageObject\",\"inLanguage\":\"lt-LT\",\"@id\":\"https:\/\/deveho.com\/#\/schema\/logo\/image\/\",\"url\":\"https:\/\/deveho.com\/wp-content\/uploads\/2023\/02\/DEVEHO-LOGO-Baseline-COLOR.png\",\"contentUrl\":\"https:\/\/deveho.com\/wp-content\/uploads\/2023\/02\/DEVEHO-LOGO-Baseline-COLOR.png\",\"width\":2251,\"height\":585,\"caption\":\"Deveho Consulting Group\"},\"image\":{\"@id\":\"https:\/\/deveho.com\/#\/schema\/logo\/image\/\"},\"sameAs\":[\"https:\/\/www.facebook.com\/deveho\",\"https:\/\/x.com\/Deveho1\",\"https:\/\/www.linkedin.com\/company\/deveho-consulting\/\"]}]}<\/script>\n<!-- \/ Yoast SEO plugin. -->","yoast_head_json":{"title":"Sage X3 diegimo paslaugos, ERP Software Power - Deveho","description":"Deveho teikia auk\u0161\u010diausio lygio strateginio Sage X3 diegimo paslaugos, supaprastindama verslo procesus ir u\u017etikrindama taikom\u0173j\u0173 program\u0173 veikim\u0105.","robots":{"index":"index","follow":"follow","max-snippet":"max-snippet:-1","max-image-preview":"max-image-preview:large","max-video-preview":"max-video-preview:-1"},"canonical":"https:\/\/deveho.com\/lt\/paslaugos\/sage-x3-diegimo-paslaugos\/","og_locale":"lt_LT","og_type":"article","og_title":"Sage X3 diegimo paslaugos, ERP Software Power - Deveho","og_description":"Deveho teikia auk\u0161\u010diausio lygio strateginio Sage X3 diegimo paslaugos, supaprastindama verslo procesus ir u\u017etikrindama taikom\u0173j\u0173 program\u0173 veikim\u0105.","og_url":"https:\/\/deveho.com\/lt\/paslaugos\/sage-x3-diegimo-paslaugos\/","og_site_name":"Deveho","article_publisher":"https:\/\/www.facebook.com\/deveho","article_modified_time":"2026-01-27T12:32:57+00:00","twitter_card":"summary_large_image","twitter_site":"@Deveho1","twitter_misc":{"Est. reading time":"1 minut\u0117"},"schema":{"@context":"https:\/\/schema.org","@graph":[{"@type":"WebPage","@id":"https:\/\/deveho.com\/lt\/paslaugos\/sage-x3-diegimo-paslaugos\/","url":"https:\/\/deveho.com\/lt\/paslaugos\/sage-x3-diegimo-paslaugos\/","name":"Sage X3 diegimo paslaugos, ERP Software Power - Deveho","isPartOf":{"@id":"https:\/\/deveho.com\/#website"},"datePublished":"2021-08-12T15:39:52+00:00","dateModified":"2026-01-27T12:32:57+00:00","description":"Deveho teikia auk\u0161\u010diausio lygio strateginio Sage X3 diegimo paslaugos, supaprastindama verslo procesus ir u\u017etikrindama taikom\u0173j\u0173 program\u0173 veikim\u0105.","breadcrumb":{"@id":"https:\/\/deveho.com\/lt\/paslaugos\/sage-x3-diegimo-paslaugos\/#breadcrumb"},"inLanguage":"lt-LT","potentialAction":[{"@type":"ReadAction","target":["https:\/\/deveho.com\/lt\/paslaugos\/sage-x3-diegimo-paslaugos\/"]}]},{"@type":"BreadcrumbList","@id":"https:\/\/deveho.com\/lt\/paslaugos\/sage-x3-diegimo-paslaugos\/#breadcrumb","itemListElement":[{"@type":"ListItem","position":1,"name":"Home","item":"https:\/\/deveho.com\/lt\/"},{"@type":"ListItem","position":2,"name":"Paslaugos","item":"https:\/\/deveho.com\/lt\/paslaugos\/"},{"@type":"ListItem","position":3,"name":"Sage X3 diegimo paslaugos"}]},{"@type":"WebSite","@id":"https:\/\/deveho.com\/#website","url":"https:\/\/deveho.com\/","name":"Deveho Consulting Group","description":"Let\u2019s boost your growth","publisher":{"@id":"https:\/\/deveho.com\/#organization"},"potentialAction":[{"@type":"SearchAction","target":{"@type":"EntryPoint","urlTemplate":"https:\/\/deveho.com\/?s={search_term_string}"},"query-input":{"@type":"PropertyValueSpecification","valueRequired":true,"valueName":"search_term_string"}}],"inLanguage":"lt-LT"},{"@type":"Organization","@id":"https:\/\/deveho.com\/#organization","name":"Deveho Consulting Group","url":"https:\/\/deveho.com\/","logo":{"@type":"ImageObject","inLanguage":"lt-LT","@id":"https:\/\/deveho.com\/#\/schema\/logo\/image\/","url":"https:\/\/deveho.com\/wp-content\/uploads\/2023\/02\/DEVEHO-LOGO-Baseline-COLOR.png","contentUrl":"https:\/\/deveho.com\/wp-content\/uploads\/2023\/02\/DEVEHO-LOGO-Baseline-COLOR.png","width":2251,"height":585,"caption":"Deveho Consulting Group"},"image":{"@id":"https:\/\/deveho.com\/#\/schema\/logo\/image\/"},"sameAs":["https:\/\/www.facebook.com\/deveho","https:\/\/x.com\/Deveho1","https:\/\/www.linkedin.com\/company\/deveho-consulting\/"]}]}},"_links":{"self":[{"href":"https:\/\/deveho.com\/lt\/wp-json\/wp\/v2\/pages\/39462"}],"collection":[{"href":"https:\/\/deveho.com\/lt\/wp-json\/wp\/v2\/pages"}],"about":[{"href":"https:\/\/deveho.com\/lt\/wp-json\/wp\/v2\/types\/page"}],"author":[{"embeddable":true,"href":"https:\/\/deveho.com\/lt\/wp-json\/wp\/v2\/users\/3"}],"replies":[{"embeddable":true,"href":"https:\/\/deveho.com\/lt\/wp-json\/wp\/v2\/comments?post=39462"}],"version-history":[{"count":8,"href":"https:\/\/deveho.com\/lt\/wp-json\/wp\/v2\/pages\/39462\/revisions"}],"predecessor-version":[{"id":45830,"href":"https:\/\/deveho.com\/lt\/wp-json\/wp\/v2\/pages\/39462\/revisions\/45830"}],"up":[{"embeddable":true,"href":"https:\/\/deveho.com\/lt\/wp-json\/wp\/v2\/pages\/39438"}],"wp:attachment":[{"href":"https:\/\/deveho.com\/lt\/wp-json\/wp\/v2\/media?parent=39462"}],"curies":[{"name":"wp","href":"https:\/\/api.w.org\/{rel}","templated":true}]}}