{"id":39466,"date":"2021-08-12T15:37:32","date_gmt":"2021-08-12T15:37:32","guid":{"rendered":"https:\/\/deveho.com\/sectors\/chemicals-pharmacy\/"},"modified":"2026-01-27T14:39:16","modified_gmt":"2026-01-27T12:39:16","slug":"chemikalai-ir-farmacija","status":"publish","type":"page","link":"https:\/\/deveho.com\/lt\/sektoriai\/chemikalai-ir-farmacija\/","title":{"rendered":"Chemikalai ir farmacija"},"content":{"rendered":"<br \/>\n<h2>Sage X3 chemijos pramonei<\/h2>\n<p>Sage X3 suteikia integruot\u0173 funkcij\u0173, toki\u0173 kaip kokyb\u0117s kontrol\u0117, atitiktis teis\u0117s akt\u0173 reikalavimams ir partij\u0173 sekimas, kurios padeda chemijos pramon\u0117s \u012fmon\u0117ms i\u0161laikyti peln\u0105 ir prisitaikyti prie neapibr\u0117\u017etos ateities.<\/p>\n<\/p>\n<h3><b><red>Privalumai <\/b><\/red>jums<\/h3>\n<p><p>Sage X3 yra naujos kartos verslo valdymo sprendimas, sukurtas specialiai chemijos pramon\u0117s gamintoj\u0173 poreikiams tenkinti. Ji sujungia visus svarbiausius duomenis ir suma\u017eina neefektyv\u0173 atskir\u0173 laboratorij\u0173, tiekimo grandin\u0117s, gamybos ir finans\u0173 sistem\u0173 veikim\u0105.<br \/>\nSage X3 turi integruot\u0173 funkcij\u0173, toki\u0173 kaip kokyb\u0117s kontrol\u0117, atitiktis teis\u0117s akt\u0173 reikalavimams ir partij\u0173 steb\u0117jimas, kurios padeda chemijos pramon\u0117s \u012fmon\u0117ms i\u0161laikyti peln\u0105 ir prisitaikyti prie neapibr\u0117\u017etos ateities.<\/p>\n<p>&#8211; Tiekimo optimizavimas<br \/>\n&#8211; Nepriekai\u0161tinga atitiktis visais lygmenimis<br \/>\n&#8211; Prieiga prie duomen\u0173 bet kada ir bet kur<br \/>\n&#8211; Produkt\u0173 ir proces\u0173 nuoseklumas<\/p>\n<\/p>\n<p>Tiekimo optimizavimas\n<\/p>\n<p>Produkt\u0173 ir proces\u0173 nuoseklumas\n<\/p>\n<p>Visi\u0161ka tarptautin\u0117 atitiktis\n<\/p>\n<p>Didesnis operatyvumas\n<\/p>\n<p>Ma\u017eesn\u0117 rizika\n<\/p>\n<p>Suma\u017einkite i\u0161laidas ir atliekas\n<\/p>\n<p>Prieiga bet kur ir bet kada\n<\/p>\n<h2><b>Sage X3<\/b> <b><red>funkcijos<\/b><\/red><\/h2>\n<h3><\/h3>\n<p><p>Tiekimo optimizavimas<\/p>\n<p>Grei\u010diau reaguokite \u012f \u012fvairius klient\u0173 poreikius ir geriau valdykite nenumatytus pirkimus, gamyb\u0105 ir pristatym\u0105.<br \/>\nProdukt\u0173 ir proces\u0173 nuoseklumas<\/p>\n<\/p>\n<h3><\/h3>\n<p><p>Produkt\u0173 ir proces\u0173 nuoseklumas<\/p>\n<p>U\u017etikrinkite, kad technologijos visada tarnaut\u0173 j\u016bs\u0173 produkt\u0173 kokybei, saugai ir veiksmingumui, kartu suteikdamos jums lankstumo pasinaudoti kiekviena galimybe.<\/p>\n<\/p>\n<h3><\/h3>\n<p><p>Nepriekai\u0161tinga atitiktis visais lygmenimis<\/p>\n<p>Patikrinkite, ar sistema veiksmingai \u012ftraukia tarptautini\u0173 \u012fstatym\u0173 ir reglament\u0173 labirint\u0105, kad b\u016bt\u0173 papras\u010diau laikytis reikalavim\u0173, nepriklausomai nuo valiut\u0173, region\u0173 ir standart\u0173.<\/p>\n<\/p>\n<h3><\/h3>\n<p><p>Prieiga prie duomen\u0173 bet kada ir bet kur<\/p>\n<p>Rinkit\u0117s greitai \u012fdiegiam\u0105 ir lengvai valdom\u0105 sprendim\u0105, kuris palengvins j\u016bs\u0173 valdymo veikl\u0105 d\u0117l \u017einiatinklio s\u0105sajos, pasiekiamos i\u0161 bet kurio prijungto \u012frenginio.<\/p>\n<\/p>\n<h2><\/h2>\n<h3>Susij\u0119 puslapiai<\/h3>\n<\/p>\n<h3><\/h3>\n<\/p>\n<h3><\/h3><\/p>\n","protected":false},"excerpt":{"rendered":"<p>Vykdyti chemijos versl\u0105 gali b\u016bti sud\u0117tinga. Visuotinai suderinta sistema (angl. Globally Harmonized System (GHS)), klausimai, susij\u0119 su gabenimu ir transportavimu, sauga darbo vietoje ir kiti aspektai &#8211; tai i\u0161\u0161\u016bkiai, su kuriais tenka susidurti kasdien. Norint atlaikyti konkurencin\u012f spaudim\u0105 ir optimizuoti vertingiausius i\u0161teklius, reikia sprendimo, kuris i\u0161 esm\u0117s supaprastint\u0173 j\u016bs\u0173 veikl\u0105, o ne prid\u0117t\u0173 dar sud\u0117tingesni\u0173 sistem\u0173 ir nelanks\u010di\u0173 proces\u0173.<\/p>\n","protected":false},"author":3,"featured_media":0,"parent":39464,"menu_order":0,"comment_status":"closed","ping_status":"closed","template":"templates\/template-inner.php","meta":{"_acf_changed":false,"footnotes":""},"class_list":["post-39466","page","type-page","status-publish","hentry"],"acf":[],"yoast_head":"<!-- This site is optimized with the Yoast SEO plugin v23.5 - https:\/\/yoast.com\/wordpress\/plugins\/seo\/ -->\n<title>Chemikalai ir farmacija - Deveho<\/title>\n<meta name=\"description\" content=\"Chemikalai ir farmacija: Sage X3 supaprastina GHS, transporto ir saugos valdym\u0105 bei optimizuoja pagrindinius procesus.\" \/>\n<meta name=\"robots\" content=\"index, follow, max-snippet:-1, max-image-preview:large, max-video-preview:-1\" \/>\n<link rel=\"canonical\" href=\"https:\/\/deveho.com\/lt\/sektoriai\/chemikalai-ir-farmacija\/\" \/>\n<meta property=\"og:locale\" content=\"lt_LT\" \/>\n<meta property=\"og:type\" content=\"article\" \/>\n<meta property=\"og:title\" content=\"Chemikalai ir farmacija - Deveho\" \/>\n<meta property=\"og:description\" content=\"Chemikalai ir farmacija: Sage X3 supaprastina GHS, transporto ir saugos valdym\u0105 bei optimizuoja pagrindinius procesus.\" \/>\n<meta property=\"og:url\" content=\"https:\/\/deveho.com\/lt\/sektoriai\/chemikalai-ir-farmacija\/\" \/>\n<meta property=\"og:site_name\" content=\"Deveho\" \/>\n<meta property=\"article:publisher\" content=\"https:\/\/www.facebook.com\/deveho\" \/>\n<meta property=\"article:modified_time\" content=\"2026-01-27T12:39:16+00:00\" \/>\n<meta name=\"twitter:card\" content=\"summary_large_image\" \/>\n<meta name=\"twitter:site\" content=\"@Deveho1\" \/>\n<meta name=\"twitter:label1\" content=\"Est. reading time\" \/>\n\t<meta name=\"twitter:data1\" content=\"2 minut\u0117s\" \/>\n<script type=\"application\/ld+json\" class=\"yoast-schema-graph\">{\"@context\":\"https:\/\/schema.org\",\"@graph\":[{\"@type\":\"WebPage\",\"@id\":\"https:\/\/deveho.com\/lt\/sektoriai\/chemikalai-ir-farmacija\/\",\"url\":\"https:\/\/deveho.com\/lt\/sektoriai\/chemikalai-ir-farmacija\/\",\"name\":\"Chemikalai ir farmacija - Deveho\",\"isPartOf\":{\"@id\":\"https:\/\/deveho.com\/#website\"},\"datePublished\":\"2021-08-12T15:37:32+00:00\",\"dateModified\":\"2026-01-27T12:39:16+00:00\",\"description\":\"Chemikalai ir farmacija: Sage X3 supaprastina GHS, transporto ir saugos valdym\u0105 bei optimizuoja pagrindinius procesus.\",\"breadcrumb\":{\"@id\":\"https:\/\/deveho.com\/lt\/sektoriai\/chemikalai-ir-farmacija\/#breadcrumb\"},\"inLanguage\":\"lt-LT\",\"potentialAction\":[{\"@type\":\"ReadAction\",\"target\":[\"https:\/\/deveho.com\/lt\/sektoriai\/chemikalai-ir-farmacija\/\"]}]},{\"@type\":\"BreadcrumbList\",\"@id\":\"https:\/\/deveho.com\/lt\/sektoriai\/chemikalai-ir-farmacija\/#breadcrumb\",\"itemListElement\":[{\"@type\":\"ListItem\",\"position\":1,\"name\":\"Home\",\"item\":\"https:\/\/deveho.com\/lt\/\"},{\"@type\":\"ListItem\",\"position\":2,\"name\":\"Sektoriai\",\"item\":\"https:\/\/deveho.com\/lt\/sektoriai\/\"},{\"@type\":\"ListItem\",\"position\":3,\"name\":\"Chemikalai ir farmacija\"}]},{\"@type\":\"WebSite\",\"@id\":\"https:\/\/deveho.com\/#website\",\"url\":\"https:\/\/deveho.com\/\",\"name\":\"Deveho Consulting Group\",\"description\":\"Let\u2019s boost your growth\",\"publisher\":{\"@id\":\"https:\/\/deveho.com\/#organization\"},\"potentialAction\":[{\"@type\":\"SearchAction\",\"target\":{\"@type\":\"EntryPoint\",\"urlTemplate\":\"https:\/\/deveho.com\/?s={search_term_string}\"},\"query-input\":{\"@type\":\"PropertyValueSpecification\",\"valueRequired\":true,\"valueName\":\"search_term_string\"}}],\"inLanguage\":\"lt-LT\"},{\"@type\":\"Organization\",\"@id\":\"https:\/\/deveho.com\/#organization\",\"name\":\"Deveho Consulting Group\",\"url\":\"https:\/\/deveho.com\/\",\"logo\":{\"@type\":\"ImageObject\",\"inLanguage\":\"lt-LT\",\"@id\":\"https:\/\/deveho.com\/#\/schema\/logo\/image\/\",\"url\":\"https:\/\/deveho.com\/wp-content\/uploads\/2023\/02\/DEVEHO-LOGO-Baseline-COLOR.png\",\"contentUrl\":\"https:\/\/deveho.com\/wp-content\/uploads\/2023\/02\/DEVEHO-LOGO-Baseline-COLOR.png\",\"width\":2251,\"height\":585,\"caption\":\"Deveho Consulting Group\"},\"image\":{\"@id\":\"https:\/\/deveho.com\/#\/schema\/logo\/image\/\"},\"sameAs\":[\"https:\/\/www.facebook.com\/deveho\",\"https:\/\/x.com\/Deveho1\",\"https:\/\/www.linkedin.com\/company\/deveho-consulting\/\"]}]}<\/script>\n<!-- \/ Yoast SEO plugin. -->","yoast_head_json":{"title":"Chemikalai ir farmacija - Deveho","description":"Chemikalai ir farmacija: Sage X3 supaprastina GHS, transporto ir saugos valdym\u0105 bei optimizuoja pagrindinius procesus.","robots":{"index":"index","follow":"follow","max-snippet":"max-snippet:-1","max-image-preview":"max-image-preview:large","max-video-preview":"max-video-preview:-1"},"canonical":"https:\/\/deveho.com\/lt\/sektoriai\/chemikalai-ir-farmacija\/","og_locale":"lt_LT","og_type":"article","og_title":"Chemikalai ir farmacija - Deveho","og_description":"Chemikalai ir farmacija: Sage X3 supaprastina GHS, transporto ir saugos valdym\u0105 bei optimizuoja pagrindinius procesus.","og_url":"https:\/\/deveho.com\/lt\/sektoriai\/chemikalai-ir-farmacija\/","og_site_name":"Deveho","article_publisher":"https:\/\/www.facebook.com\/deveho","article_modified_time":"2026-01-27T12:39:16+00:00","twitter_card":"summary_large_image","twitter_site":"@Deveho1","twitter_misc":{"Est. reading time":"2 minut\u0117s"},"schema":{"@context":"https:\/\/schema.org","@graph":[{"@type":"WebPage","@id":"https:\/\/deveho.com\/lt\/sektoriai\/chemikalai-ir-farmacija\/","url":"https:\/\/deveho.com\/lt\/sektoriai\/chemikalai-ir-farmacija\/","name":"Chemikalai ir farmacija - Deveho","isPartOf":{"@id":"https:\/\/deveho.com\/#website"},"datePublished":"2021-08-12T15:37:32+00:00","dateModified":"2026-01-27T12:39:16+00:00","description":"Chemikalai ir farmacija: Sage X3 supaprastina GHS, transporto ir saugos valdym\u0105 bei optimizuoja pagrindinius procesus.","breadcrumb":{"@id":"https:\/\/deveho.com\/lt\/sektoriai\/chemikalai-ir-farmacija\/#breadcrumb"},"inLanguage":"lt-LT","potentialAction":[{"@type":"ReadAction","target":["https:\/\/deveho.com\/lt\/sektoriai\/chemikalai-ir-farmacija\/"]}]},{"@type":"BreadcrumbList","@id":"https:\/\/deveho.com\/lt\/sektoriai\/chemikalai-ir-farmacija\/#breadcrumb","itemListElement":[{"@type":"ListItem","position":1,"name":"Home","item":"https:\/\/deveho.com\/lt\/"},{"@type":"ListItem","position":2,"name":"Sektoriai","item":"https:\/\/deveho.com\/lt\/sektoriai\/"},{"@type":"ListItem","position":3,"name":"Chemikalai ir farmacija"}]},{"@type":"WebSite","@id":"https:\/\/deveho.com\/#website","url":"https:\/\/deveho.com\/","name":"Deveho Consulting Group","description":"Let\u2019s boost your growth","publisher":{"@id":"https:\/\/deveho.com\/#organization"},"potentialAction":[{"@type":"SearchAction","target":{"@type":"EntryPoint","urlTemplate":"https:\/\/deveho.com\/?s={search_term_string}"},"query-input":{"@type":"PropertyValueSpecification","valueRequired":true,"valueName":"search_term_string"}}],"inLanguage":"lt-LT"},{"@type":"Organization","@id":"https:\/\/deveho.com\/#organization","name":"Deveho Consulting Group","url":"https:\/\/deveho.com\/","logo":{"@type":"ImageObject","inLanguage":"lt-LT","@id":"https:\/\/deveho.com\/#\/schema\/logo\/image\/","url":"https:\/\/deveho.com\/wp-content\/uploads\/2023\/02\/DEVEHO-LOGO-Baseline-COLOR.png","contentUrl":"https:\/\/deveho.com\/wp-content\/uploads\/2023\/02\/DEVEHO-LOGO-Baseline-COLOR.png","width":2251,"height":585,"caption":"Deveho Consulting Group"},"image":{"@id":"https:\/\/deveho.com\/#\/schema\/logo\/image\/"},"sameAs":["https:\/\/www.facebook.com\/deveho","https:\/\/x.com\/Deveho1","https:\/\/www.linkedin.com\/company\/deveho-consulting\/"]}]}},"_links":{"self":[{"href":"https:\/\/deveho.com\/lt\/wp-json\/wp\/v2\/pages\/39466"}],"collection":[{"href":"https:\/\/deveho.com\/lt\/wp-json\/wp\/v2\/pages"}],"about":[{"href":"https:\/\/deveho.com\/lt\/wp-json\/wp\/v2\/types\/page"}],"author":[{"embeddable":true,"href":"https:\/\/deveho.com\/lt\/wp-json\/wp\/v2\/users\/3"}],"replies":[{"embeddable":true,"href":"https:\/\/deveho.com\/lt\/wp-json\/wp\/v2\/comments?post=39466"}],"version-history":[{"count":9,"href":"https:\/\/deveho.com\/lt\/wp-json\/wp\/v2\/pages\/39466\/revisions"}],"predecessor-version":[{"id":45842,"href":"https:\/\/deveho.com\/lt\/wp-json\/wp\/v2\/pages\/39466\/revisions\/45842"}],"up":[{"embeddable":true,"href":"https:\/\/deveho.com\/lt\/wp-json\/wp\/v2\/pages\/39464"}],"wp:attachment":[{"href":"https:\/\/deveho.com\/lt\/wp-json\/wp\/v2\/media?parent=39466"}],"curies":[{"name":"wp","href":"https:\/\/api.w.org\/{rel}","templated":true}]}}