{"id":39468,"date":"2021-08-12T15:48:19","date_gmt":"2021-08-12T15:48:19","guid":{"rendered":"https:\/\/deveho.com\/sectors\/construction\/"},"modified":"2026-01-27T14:39:34","modified_gmt":"2026-01-27T12:39:34","slug":"statyba","status":"publish","type":"page","link":"https:\/\/deveho.com\/lt\/sektoriai\/statyba\/","title":{"rendered":"Statyba"},"content":{"rendered":"<br \/>\n<h3><b><red>Privalumai <\/b><\/red> jums<\/h3>\n<p><p>I\u0161baigta, intuityvi ir efektyvi m\u016bs\u0173 statybos valdymo programin\u0117 \u012franga padeda jums atlikti visas kasdienes u\u017eduotis. Naudokit\u0117s statybos programine \u012franga, kuri pad\u0117s kurti j\u016bs\u0173 pasi\u016blymus, redaguoti ir si\u0173sti s\u0105skaitas fakt\u016bras bei u\u017etikrins j\u016bs\u0173 statybvie\u010di\u0173 valdym\u0105 ir steb\u0117sen\u0105.<\/p>\n<\/p>\n<p>\u012egalinkite projekt\u0173 vadovus priimti geresnius sprendimus, tur\u0117dami naujausi\u0105 informacij\u0105 apie visas projekto rizikas ir i\u0161laidas.\n<\/p>\n<p>Bendrinkite ir fiksuokite statybviet\u0117s duomenis bet kuriame mobiliajame \u012frenginyje, kad pagerintum\u0117te bendravim\u0105 ir bendradarbiavim\u0105\n<\/p>\n<p>Suma\u017einkite projekto rizik\u0105 ir apsaugokite projekto pelningum\u0105 grei\u010diau atpa\u017eindami su projektu susijusias problemas.\n<\/p>\n<p>Analizuokite suplanuot\u0173 ir faktini\u0173 i\u0161laid\u0173 skirtumus bet kuriuo mazgo lygmeniu, naudodami geriausi\u0105 EVM pramon\u0117s praktik\u0105 ir WBS vizualizacijas\n<\/p>\n<p>Suma\u017einti atsarg\u0173 s\u0105naudas ir kontroliuoti pirkimus apribojant, kokius produktus galima \u012fsigyti statybos projektui.\n<\/p>\n<p>Valdykite ir prognozuokite keli\u0173 tarptautini\u0173 projekt\u0173 pinig\u0173 srautus, kad suma\u017eintum\u0117te finansin\u0119 rizik\u0105 ir u\u017etikrintai teiktum\u0117te pasi\u016blymus d\u0117l nauj\u0173 galimybi\u0173.\n<\/p>\n<p>Naudokite vien\u0105 sistem\u0105 visose projekto vietose ir keliuose verslo subjektuose, \u012fskaitant projektus, apiman\u010dius kelias \u0161alis ir valiutas\n<\/p>\n<p>U\u017etikrintai aukite naudodami integruot\u0105 statybos valdymo sistem\u0105, kuri gali b\u016bti pritaikyta net sud\u0117tingiausiems megaprojektams\n<\/p>\n<h2><b>Sage X3 <red>funkcijos<\/red><\/b><\/h2>\n<h3><\/h3>\n<p><p>Projekt\u0173 analiz\u0117 ir pramon\u0117s KPI<\/p>\n<\/p>\n<h3><\/h3>\n<p><p>Finans\u0173 ir pinig\u0173 sraut\u0173 valdymas<\/p>\n<\/p>\n<h3><\/h3>\n<p><p>Darbo laiko apskaitos \u017einiara\u0161\u010di\u0173 vedimas<\/p>\n<\/p>\n<h3><\/h3>\n<p><p>Dokument\u0173 valdymas<\/p>\n<\/p>\n<h3><\/h3>\n<p><p>Sutar\u010di\u0173 ir subrangos sutar\u010di\u0173 valdymas<\/p>\n<\/p>\n<h3><\/h3>\n<p><p>Atsarg\u0173 ir pirkim\u0173 valdymas<\/p>\n<\/p>\n<h3><\/h3>\n<p><p>Projekt\u0173 s\u0105naud\u0173 apskai\u010diavimas ir finans\u0173 valdymas<\/p>\n<\/p>\n<h3><\/h3>\n<p><p>Projekto WBS vizualizavimas su detalizavimu<\/p>\n<\/p>\n<h3><\/h3>\n<p><p>Statybos projekt\u0173 valdymas<\/p>\n<\/p>\n<h3><\/h3>\n<p><p>Integruotas s\u0105mat\u0173 sudarymas ir pasi\u016blym\u0173 valdymas<\/p>\n<\/p>\n<h2><\/h2>\n<h3>Susij\u0119 puslapiai<\/h3>\n<\/p>\n<h3><\/h3>\n<\/p>\n<h3><\/h3><\/p>\n","protected":false},"excerpt":{"rendered":"<p>Sage X3 Construction yra moderni, mobiliesiems \u012frenginiams pritaikyta, duomenimis pagr\u012fsta verslo valdymo platforma, kuri\u0105 nuo pat prad\u017ei\u0173 suk\u016br\u0117 statybos profesionalai, skirta statybos profesionalams. Kontroliuokite net sud\u0117tingiausius statybos projektus, suma\u017einkite i\u0161laid\u0173 vir\u0161ijim\u0105 ir saugokite projekto pelningum\u0105 naudodami naujausius WIP duomenis, u\u017efiksuotus tiesiai lauke.<\/p>\n","protected":false},"author":3,"featured_media":0,"parent":39464,"menu_order":0,"comment_status":"closed","ping_status":"closed","template":"templates\/template-inner.php","meta":{"_acf_changed":false,"footnotes":""},"class_list":["post-39468","page","type-page","status-publish","hentry"],"acf":[],"yoast_head":"<!-- This site is optimized with the Yoast SEO plugin v23.5 - https:\/\/yoast.com\/wordpress\/plugins\/seo\/ -->\n<title>Statyba - Deveho<\/title>\n<meta name=\"description\" content=\"Statyba: Sage X3 padeda valdyti projektus, suma\u017einti i\u0161laidas, analizuoti rizikas ir u\u017etikrinti pelningum\u0105 realiuoju laiku.\" \/>\n<meta name=\"robots\" content=\"index, follow, max-snippet:-1, max-image-preview:large, max-video-preview:-1\" \/>\n<link rel=\"canonical\" href=\"https:\/\/deveho.com\/lt\/sektoriai\/statyba\/\" \/>\n<meta property=\"og:locale\" content=\"lt_LT\" \/>\n<meta property=\"og:type\" content=\"article\" \/>\n<meta property=\"og:title\" content=\"Statyba - Deveho\" \/>\n<meta property=\"og:description\" content=\"Statyba: Sage X3 padeda valdyti projektus, suma\u017einti i\u0161laidas, analizuoti rizikas ir u\u017etikrinti pelningum\u0105 realiuoju laiku.\" \/>\n<meta property=\"og:url\" content=\"https:\/\/deveho.com\/lt\/sektoriai\/statyba\/\" \/>\n<meta property=\"og:site_name\" content=\"Deveho\" \/>\n<meta property=\"article:publisher\" content=\"https:\/\/www.facebook.com\/deveho\" \/>\n<meta property=\"article:modified_time\" content=\"2026-01-27T12:39:34+00:00\" \/>\n<meta name=\"twitter:card\" content=\"summary_large_image\" \/>\n<meta name=\"twitter:site\" content=\"@Deveho1\" \/>\n<meta name=\"twitter:label1\" content=\"Est. reading time\" \/>\n\t<meta name=\"twitter:data1\" content=\"1 minut\u0117\" \/>\n<script type=\"application\/ld+json\" class=\"yoast-schema-graph\">{\"@context\":\"https:\/\/schema.org\",\"@graph\":[{\"@type\":\"WebPage\",\"@id\":\"https:\/\/deveho.com\/lt\/sektoriai\/statyba\/\",\"url\":\"https:\/\/deveho.com\/lt\/sektoriai\/statyba\/\",\"name\":\"Statyba - Deveho\",\"isPartOf\":{\"@id\":\"https:\/\/deveho.com\/#website\"},\"datePublished\":\"2021-08-12T15:48:19+00:00\",\"dateModified\":\"2026-01-27T12:39:34+00:00\",\"description\":\"Statyba: Sage X3 padeda valdyti projektus, suma\u017einti i\u0161laidas, analizuoti rizikas ir u\u017etikrinti pelningum\u0105 realiuoju laiku.\",\"breadcrumb\":{\"@id\":\"https:\/\/deveho.com\/lt\/sektoriai\/statyba\/#breadcrumb\"},\"inLanguage\":\"lt-LT\",\"potentialAction\":[{\"@type\":\"ReadAction\",\"target\":[\"https:\/\/deveho.com\/lt\/sektoriai\/statyba\/\"]}]},{\"@type\":\"BreadcrumbList\",\"@id\":\"https:\/\/deveho.com\/lt\/sektoriai\/statyba\/#breadcrumb\",\"itemListElement\":[{\"@type\":\"ListItem\",\"position\":1,\"name\":\"Home\",\"item\":\"https:\/\/deveho.com\/lt\/\"},{\"@type\":\"ListItem\",\"position\":2,\"name\":\"Sektoriai\",\"item\":\"https:\/\/deveho.com\/lt\/sektoriai\/\"},{\"@type\":\"ListItem\",\"position\":3,\"name\":\"Statyba\"}]},{\"@type\":\"WebSite\",\"@id\":\"https:\/\/deveho.com\/#website\",\"url\":\"https:\/\/deveho.com\/\",\"name\":\"Deveho Consulting Group\",\"description\":\"Let\u2019s boost your growth\",\"publisher\":{\"@id\":\"https:\/\/deveho.com\/#organization\"},\"potentialAction\":[{\"@type\":\"SearchAction\",\"target\":{\"@type\":\"EntryPoint\",\"urlTemplate\":\"https:\/\/deveho.com\/?s={search_term_string}\"},\"query-input\":{\"@type\":\"PropertyValueSpecification\",\"valueRequired\":true,\"valueName\":\"search_term_string\"}}],\"inLanguage\":\"lt-LT\"},{\"@type\":\"Organization\",\"@id\":\"https:\/\/deveho.com\/#organization\",\"name\":\"Deveho Consulting Group\",\"url\":\"https:\/\/deveho.com\/\",\"logo\":{\"@type\":\"ImageObject\",\"inLanguage\":\"lt-LT\",\"@id\":\"https:\/\/deveho.com\/#\/schema\/logo\/image\/\",\"url\":\"https:\/\/deveho.com\/wp-content\/uploads\/2023\/02\/DEVEHO-LOGO-Baseline-COLOR.png\",\"contentUrl\":\"https:\/\/deveho.com\/wp-content\/uploads\/2023\/02\/DEVEHO-LOGO-Baseline-COLOR.png\",\"width\":2251,\"height\":585,\"caption\":\"Deveho Consulting Group\"},\"image\":{\"@id\":\"https:\/\/deveho.com\/#\/schema\/logo\/image\/\"},\"sameAs\":[\"https:\/\/www.facebook.com\/deveho\",\"https:\/\/x.com\/Deveho1\",\"https:\/\/www.linkedin.com\/company\/deveho-consulting\/\"]}]}<\/script>\n<!-- \/ Yoast SEO plugin. -->","yoast_head_json":{"title":"Statyba - Deveho","description":"Statyba: Sage X3 padeda valdyti projektus, suma\u017einti i\u0161laidas, analizuoti rizikas ir u\u017etikrinti pelningum\u0105 realiuoju laiku.","robots":{"index":"index","follow":"follow","max-snippet":"max-snippet:-1","max-image-preview":"max-image-preview:large","max-video-preview":"max-video-preview:-1"},"canonical":"https:\/\/deveho.com\/lt\/sektoriai\/statyba\/","og_locale":"lt_LT","og_type":"article","og_title":"Statyba - Deveho","og_description":"Statyba: Sage X3 padeda valdyti projektus, suma\u017einti i\u0161laidas, analizuoti rizikas ir u\u017etikrinti pelningum\u0105 realiuoju laiku.","og_url":"https:\/\/deveho.com\/lt\/sektoriai\/statyba\/","og_site_name":"Deveho","article_publisher":"https:\/\/www.facebook.com\/deveho","article_modified_time":"2026-01-27T12:39:34+00:00","twitter_card":"summary_large_image","twitter_site":"@Deveho1","twitter_misc":{"Est. reading time":"1 minut\u0117"},"schema":{"@context":"https:\/\/schema.org","@graph":[{"@type":"WebPage","@id":"https:\/\/deveho.com\/lt\/sektoriai\/statyba\/","url":"https:\/\/deveho.com\/lt\/sektoriai\/statyba\/","name":"Statyba - Deveho","isPartOf":{"@id":"https:\/\/deveho.com\/#website"},"datePublished":"2021-08-12T15:48:19+00:00","dateModified":"2026-01-27T12:39:34+00:00","description":"Statyba: Sage X3 padeda valdyti projektus, suma\u017einti i\u0161laidas, analizuoti rizikas ir u\u017etikrinti pelningum\u0105 realiuoju laiku.","breadcrumb":{"@id":"https:\/\/deveho.com\/lt\/sektoriai\/statyba\/#breadcrumb"},"inLanguage":"lt-LT","potentialAction":[{"@type":"ReadAction","target":["https:\/\/deveho.com\/lt\/sektoriai\/statyba\/"]}]},{"@type":"BreadcrumbList","@id":"https:\/\/deveho.com\/lt\/sektoriai\/statyba\/#breadcrumb","itemListElement":[{"@type":"ListItem","position":1,"name":"Home","item":"https:\/\/deveho.com\/lt\/"},{"@type":"ListItem","position":2,"name":"Sektoriai","item":"https:\/\/deveho.com\/lt\/sektoriai\/"},{"@type":"ListItem","position":3,"name":"Statyba"}]},{"@type":"WebSite","@id":"https:\/\/deveho.com\/#website","url":"https:\/\/deveho.com\/","name":"Deveho Consulting Group","description":"Let\u2019s boost your growth","publisher":{"@id":"https:\/\/deveho.com\/#organization"},"potentialAction":[{"@type":"SearchAction","target":{"@type":"EntryPoint","urlTemplate":"https:\/\/deveho.com\/?s={search_term_string}"},"query-input":{"@type":"PropertyValueSpecification","valueRequired":true,"valueName":"search_term_string"}}],"inLanguage":"lt-LT"},{"@type":"Organization","@id":"https:\/\/deveho.com\/#organization","name":"Deveho Consulting Group","url":"https:\/\/deveho.com\/","logo":{"@type":"ImageObject","inLanguage":"lt-LT","@id":"https:\/\/deveho.com\/#\/schema\/logo\/image\/","url":"https:\/\/deveho.com\/wp-content\/uploads\/2023\/02\/DEVEHO-LOGO-Baseline-COLOR.png","contentUrl":"https:\/\/deveho.com\/wp-content\/uploads\/2023\/02\/DEVEHO-LOGO-Baseline-COLOR.png","width":2251,"height":585,"caption":"Deveho Consulting Group"},"image":{"@id":"https:\/\/deveho.com\/#\/schema\/logo\/image\/"},"sameAs":["https:\/\/www.facebook.com\/deveho","https:\/\/x.com\/Deveho1","https:\/\/www.linkedin.com\/company\/deveho-consulting\/"]}]}},"_links":{"self":[{"href":"https:\/\/deveho.com\/lt\/wp-json\/wp\/v2\/pages\/39468"}],"collection":[{"href":"https:\/\/deveho.com\/lt\/wp-json\/wp\/v2\/pages"}],"about":[{"href":"https:\/\/deveho.com\/lt\/wp-json\/wp\/v2\/types\/page"}],"author":[{"embeddable":true,"href":"https:\/\/deveho.com\/lt\/wp-json\/wp\/v2\/users\/3"}],"replies":[{"embeddable":true,"href":"https:\/\/deveho.com\/lt\/wp-json\/wp\/v2\/comments?post=39468"}],"version-history":[{"count":8,"href":"https:\/\/deveho.com\/lt\/wp-json\/wp\/v2\/pages\/39468\/revisions"}],"predecessor-version":[{"id":45846,"href":"https:\/\/deveho.com\/lt\/wp-json\/wp\/v2\/pages\/39468\/revisions\/45846"}],"up":[{"embeddable":true,"href":"https:\/\/deveho.com\/lt\/wp-json\/wp\/v2\/pages\/39464"}],"wp:attachment":[{"href":"https:\/\/deveho.com\/lt\/wp-json\/wp\/v2\/media?parent=39468"}],"curies":[{"name":"wp","href":"https:\/\/api.w.org\/{rel}","templated":true}]}}