{"id":39469,"date":"2021-06-16T08:50:00","date_gmt":"2021-06-16T08:50:00","guid":{"rendered":"https:\/\/deveho.com\/sectors\/distribution\/"},"modified":"2026-01-27T14:38:52","modified_gmt":"2026-01-27T12:38:52","slug":"platinimas","status":"publish","type":"page","link":"https:\/\/deveho.com\/lt\/sektoriai\/platinimas\/","title":{"rendered":"Platinimas"},"content":{"rendered":"<br \/>\n<h2>Sage X3 platinimui<\/h2>\n<p>J\u016bs\u0173 platinimo verslui vienas dydis daugumai tiesiog netinka. Pa\u017ei\u016br\u0117kite, kaip galite pakeisti savo distribucijos steb\u0117jim\u0105 ir pristatym\u0105 naudodami Sage X3.\n<\/p>\n<\/p>\n<h2><\/h2>\n<h3><\/h3>\n<h3>Nuo pirkim\u0173 ir sand\u0117liavimo iki pardavim\u0173 ir finans\u0173 &#8211; Sage X3 suteikia jums matomum\u0105 ir kontrol\u0119, kuri\u0173 reikia, kad gal\u0117tum\u0117te grei\u010diau valdyti platinimo versl\u0105 tiek \u0161alies viduje, tiek u\u017esienyje. Tiksliai \u012fvertinkite s\u0105naudas ir mar\u017eas, kartu padidindami savo pardavim\u0173 paj\u0117g\u0173 mobilum\u0105.<\/h3>\n<\/p>\n<h2><b>Sage X3<\/b> <b><red>funkcijos<\/b><\/red><\/h2>\n<h3><\/h3>\n<p><p>Visi\u0161kai integruotos platinimo funkcijos<\/p>\n<\/p>\n<h3><\/h3>\n<p><p>Tarptautiniai pirkimai, importas ir eksportas bei atsarg\u0173 valdymas<\/p>\n<\/p>\n<h3><\/h3>\n<p><p>Sandori\u0173 su tiek\u0117jais steb\u0117jimas siekiant u\u017etikrinti kokyb\u0119 ir atitikt\u012f<\/p>\n<\/p>\n<h3><\/h3>\n<p><p>Atsarg\u0173 steb\u0117jimas ir optimizavimas realiuoju laiku<\/p>\n<\/p>\n<h3><\/h3>\n<p><p>Mobiliosios program\u0117l\u0117s pardavimams ir pirkimams<\/p>\n<\/p>\n<h3>Privalumai<b><red> jums<\/b><\/red>   <\/h3>\n<p><p>Dabar galite geriau suprasti s\u0105naudas ir mar\u017eas, kartu suteikdami galimyb\u0119 \u012fveiklinti mobilum\u0105 pardavimo procesuose. Ne\u012fmanoma racionalizuoti savo veiklos, kai ERP, CRM ir tiekimo grandin\u0117s procesai yra atskirti.<br \/>\n&#8211; Ma\u017emenin\u0117s prekybos verslas<br \/>\n&#8211; Transportas ir logistika<br \/>\n&#8211; Didmenin\u0117 prekyba<br \/>\n&#8211; Komponent\u0173 gamyba<\/p>\n<\/p>\n<p>Optimizuokite savo logistikos procesus<\/p>\n<p>Patenkinkite klient\u0173 reikalavimus\n<\/p>\n<p>Suma\u017einkite s\u0105naudas ir atlikimo laik\u0105\n<\/p>\n<p>Pagerinkite produkt\u0173 pelningum\u0105\n<\/p>\n<p>Supaprastinkite savo logistikos grandin\u0119\n<\/p>\n<p>Padidinkite klient\u0173 pasitenkinim\u0105\n<\/p>\n<p>Padidinkite pardavimus\n<\/p>\n<p>Padidinkite klient\u0173 lojalum\u0105\n<\/p>\n<p>Bendradarbiaudami sukurkite prid\u0117tin\u0119 vert\u0119\n<\/p>\n<p>Supaprastinkite sprendim\u0173 pri\u0117mim\u0105\n<\/p>\n<h2><\/h2>\n<h3>Susij\u0119 puslapiai<\/h3>\n<\/p>\n<h3><\/h3>\n<\/p>\n<h3><\/h3><\/p>\n","protected":false},"excerpt":{"rendered":"<p>Sage X3 u\u017etikrina matomum\u0105 ir kontrol\u0119, kurios reikia norint grei\u010diau valdyti platinimo \u012fmon\u0119, nesvarbu, ar dirbate \u0161alies viduje, ar u\u017esienyje &#8211; nuo pirkim\u0173 iki sand\u0117liavimo, pardavim\u0173 ir finans\u0173.<\/p>\n","protected":false},"author":6,"featured_media":0,"parent":39464,"menu_order":0,"comment_status":"closed","ping_status":"closed","template":"templates\/template-inner.php","meta":{"_acf_changed":false,"footnotes":""},"class_list":["post-39469","page","type-page","status-publish","hentry"],"acf":[],"yoast_head":"<!-- This site is optimized with the Yoast SEO plugin v23.5 - https:\/\/yoast.com\/wordpress\/plugins\/seo\/ -->\n<title>Platinimas - Deveho<\/title>\n<meta name=\"description\" content=\"Sage X3 suteikia jums matomum\u0105 ir kontrol\u0119, kuri\u0173 reikia, kad gal\u0117tum\u0117te greitai valdyti savo platinim\u0105, nuo pirkim\u0173 ir atsarg\u0173 iki pardavim\u0173 ir finans\u0173.\" \/>\n<meta name=\"robots\" content=\"index, follow, max-snippet:-1, max-image-preview:large, max-video-preview:-1\" \/>\n<link rel=\"canonical\" href=\"https:\/\/deveho.com\/lt\/sektoriai\/platinimas\/\" \/>\n<meta property=\"og:locale\" content=\"lt_LT\" \/>\n<meta property=\"og:type\" content=\"article\" \/>\n<meta property=\"og:title\" content=\"Platinimas - Deveho\" \/>\n<meta property=\"og:description\" content=\"Sage X3 suteikia jums matomum\u0105 ir kontrol\u0119, kuri\u0173 reikia, kad gal\u0117tum\u0117te greitai valdyti savo platinim\u0105, nuo pirkim\u0173 ir atsarg\u0173 iki pardavim\u0173 ir finans\u0173.\" \/>\n<meta property=\"og:url\" content=\"https:\/\/deveho.com\/lt\/sektoriai\/platinimas\/\" \/>\n<meta property=\"og:site_name\" content=\"Deveho\" \/>\n<meta property=\"article:publisher\" content=\"https:\/\/www.facebook.com\/deveho\" \/>\n<meta property=\"article:modified_time\" content=\"2026-01-27T12:38:52+00:00\" \/>\n<meta name=\"twitter:card\" content=\"summary_large_image\" \/>\n<meta name=\"twitter:site\" content=\"@Deveho1\" \/>\n<meta name=\"twitter:label1\" content=\"Est. reading time\" \/>\n\t<meta name=\"twitter:data1\" content=\"1 minut\u0117\" \/>\n<script type=\"application\/ld+json\" class=\"yoast-schema-graph\">{\"@context\":\"https:\/\/schema.org\",\"@graph\":[{\"@type\":\"WebPage\",\"@id\":\"https:\/\/deveho.com\/lt\/sektoriai\/platinimas\/\",\"url\":\"https:\/\/deveho.com\/lt\/sektoriai\/platinimas\/\",\"name\":\"Platinimas - Deveho\",\"isPartOf\":{\"@id\":\"https:\/\/deveho.com\/#website\"},\"datePublished\":\"2021-06-16T08:50:00+00:00\",\"dateModified\":\"2026-01-27T12:38:52+00:00\",\"description\":\"Sage X3 suteikia jums matomum\u0105 ir kontrol\u0119, kuri\u0173 reikia, kad gal\u0117tum\u0117te greitai valdyti savo platinim\u0105, nuo pirkim\u0173 ir atsarg\u0173 iki pardavim\u0173 ir finans\u0173.\",\"breadcrumb\":{\"@id\":\"https:\/\/deveho.com\/lt\/sektoriai\/platinimas\/#breadcrumb\"},\"inLanguage\":\"lt-LT\",\"potentialAction\":[{\"@type\":\"ReadAction\",\"target\":[\"https:\/\/deveho.com\/lt\/sektoriai\/platinimas\/\"]}]},{\"@type\":\"BreadcrumbList\",\"@id\":\"https:\/\/deveho.com\/lt\/sektoriai\/platinimas\/#breadcrumb\",\"itemListElement\":[{\"@type\":\"ListItem\",\"position\":1,\"name\":\"Home\",\"item\":\"https:\/\/deveho.com\/lt\/\"},{\"@type\":\"ListItem\",\"position\":2,\"name\":\"Sektoriai\",\"item\":\"https:\/\/deveho.com\/lt\/sektoriai\/\"},{\"@type\":\"ListItem\",\"position\":3,\"name\":\"Platinimas\"}]},{\"@type\":\"WebSite\",\"@id\":\"https:\/\/deveho.com\/#website\",\"url\":\"https:\/\/deveho.com\/\",\"name\":\"Deveho Consulting Group\",\"description\":\"Let\u2019s boost your growth\",\"publisher\":{\"@id\":\"https:\/\/deveho.com\/#organization\"},\"potentialAction\":[{\"@type\":\"SearchAction\",\"target\":{\"@type\":\"EntryPoint\",\"urlTemplate\":\"https:\/\/deveho.com\/?s={search_term_string}\"},\"query-input\":{\"@type\":\"PropertyValueSpecification\",\"valueRequired\":true,\"valueName\":\"search_term_string\"}}],\"inLanguage\":\"lt-LT\"},{\"@type\":\"Organization\",\"@id\":\"https:\/\/deveho.com\/#organization\",\"name\":\"Deveho Consulting Group\",\"url\":\"https:\/\/deveho.com\/\",\"logo\":{\"@type\":\"ImageObject\",\"inLanguage\":\"lt-LT\",\"@id\":\"https:\/\/deveho.com\/#\/schema\/logo\/image\/\",\"url\":\"https:\/\/deveho.com\/wp-content\/uploads\/2023\/02\/DEVEHO-LOGO-Baseline-COLOR.png\",\"contentUrl\":\"https:\/\/deveho.com\/wp-content\/uploads\/2023\/02\/DEVEHO-LOGO-Baseline-COLOR.png\",\"width\":2251,\"height\":585,\"caption\":\"Deveho Consulting Group\"},\"image\":{\"@id\":\"https:\/\/deveho.com\/#\/schema\/logo\/image\/\"},\"sameAs\":[\"https:\/\/www.facebook.com\/deveho\",\"https:\/\/x.com\/Deveho1\",\"https:\/\/www.linkedin.com\/company\/deveho-consulting\/\"]}]}<\/script>\n<!-- \/ Yoast SEO plugin. -->","yoast_head_json":{"title":"Platinimas - Deveho","description":"Sage X3 suteikia jums matomum\u0105 ir kontrol\u0119, kuri\u0173 reikia, kad gal\u0117tum\u0117te greitai valdyti savo platinim\u0105, nuo pirkim\u0173 ir atsarg\u0173 iki pardavim\u0173 ir finans\u0173.","robots":{"index":"index","follow":"follow","max-snippet":"max-snippet:-1","max-image-preview":"max-image-preview:large","max-video-preview":"max-video-preview:-1"},"canonical":"https:\/\/deveho.com\/lt\/sektoriai\/platinimas\/","og_locale":"lt_LT","og_type":"article","og_title":"Platinimas - Deveho","og_description":"Sage X3 suteikia jums matomum\u0105 ir kontrol\u0119, kuri\u0173 reikia, kad gal\u0117tum\u0117te greitai valdyti savo platinim\u0105, nuo pirkim\u0173 ir atsarg\u0173 iki pardavim\u0173 ir finans\u0173.","og_url":"https:\/\/deveho.com\/lt\/sektoriai\/platinimas\/","og_site_name":"Deveho","article_publisher":"https:\/\/www.facebook.com\/deveho","article_modified_time":"2026-01-27T12:38:52+00:00","twitter_card":"summary_large_image","twitter_site":"@Deveho1","twitter_misc":{"Est. reading time":"1 minut\u0117"},"schema":{"@context":"https:\/\/schema.org","@graph":[{"@type":"WebPage","@id":"https:\/\/deveho.com\/lt\/sektoriai\/platinimas\/","url":"https:\/\/deveho.com\/lt\/sektoriai\/platinimas\/","name":"Platinimas - Deveho","isPartOf":{"@id":"https:\/\/deveho.com\/#website"},"datePublished":"2021-06-16T08:50:00+00:00","dateModified":"2026-01-27T12:38:52+00:00","description":"Sage X3 suteikia jums matomum\u0105 ir kontrol\u0119, kuri\u0173 reikia, kad gal\u0117tum\u0117te greitai valdyti savo platinim\u0105, nuo pirkim\u0173 ir atsarg\u0173 iki pardavim\u0173 ir finans\u0173.","breadcrumb":{"@id":"https:\/\/deveho.com\/lt\/sektoriai\/platinimas\/#breadcrumb"},"inLanguage":"lt-LT","potentialAction":[{"@type":"ReadAction","target":["https:\/\/deveho.com\/lt\/sektoriai\/platinimas\/"]}]},{"@type":"BreadcrumbList","@id":"https:\/\/deveho.com\/lt\/sektoriai\/platinimas\/#breadcrumb","itemListElement":[{"@type":"ListItem","position":1,"name":"Home","item":"https:\/\/deveho.com\/lt\/"},{"@type":"ListItem","position":2,"name":"Sektoriai","item":"https:\/\/deveho.com\/lt\/sektoriai\/"},{"@type":"ListItem","position":3,"name":"Platinimas"}]},{"@type":"WebSite","@id":"https:\/\/deveho.com\/#website","url":"https:\/\/deveho.com\/","name":"Deveho Consulting Group","description":"Let\u2019s boost your growth","publisher":{"@id":"https:\/\/deveho.com\/#organization"},"potentialAction":[{"@type":"SearchAction","target":{"@type":"EntryPoint","urlTemplate":"https:\/\/deveho.com\/?s={search_term_string}"},"query-input":{"@type":"PropertyValueSpecification","valueRequired":true,"valueName":"search_term_string"}}],"inLanguage":"lt-LT"},{"@type":"Organization","@id":"https:\/\/deveho.com\/#organization","name":"Deveho Consulting Group","url":"https:\/\/deveho.com\/","logo":{"@type":"ImageObject","inLanguage":"lt-LT","@id":"https:\/\/deveho.com\/#\/schema\/logo\/image\/","url":"https:\/\/deveho.com\/wp-content\/uploads\/2023\/02\/DEVEHO-LOGO-Baseline-COLOR.png","contentUrl":"https:\/\/deveho.com\/wp-content\/uploads\/2023\/02\/DEVEHO-LOGO-Baseline-COLOR.png","width":2251,"height":585,"caption":"Deveho Consulting Group"},"image":{"@id":"https:\/\/deveho.com\/#\/schema\/logo\/image\/"},"sameAs":["https:\/\/www.facebook.com\/deveho","https:\/\/x.com\/Deveho1","https:\/\/www.linkedin.com\/company\/deveho-consulting\/"]}]}},"_links":{"self":[{"href":"https:\/\/deveho.com\/lt\/wp-json\/wp\/v2\/pages\/39469"}],"collection":[{"href":"https:\/\/deveho.com\/lt\/wp-json\/wp\/v2\/pages"}],"about":[{"href":"https:\/\/deveho.com\/lt\/wp-json\/wp\/v2\/types\/page"}],"author":[{"embeddable":true,"href":"https:\/\/deveho.com\/lt\/wp-json\/wp\/v2\/users\/6"}],"replies":[{"embeddable":true,"href":"https:\/\/deveho.com\/lt\/wp-json\/wp\/v2\/comments?post=39469"}],"version-history":[{"count":7,"href":"https:\/\/deveho.com\/lt\/wp-json\/wp\/v2\/pages\/39469\/revisions"}],"predecessor-version":[{"id":45838,"href":"https:\/\/deveho.com\/lt\/wp-json\/wp\/v2\/pages\/39469\/revisions\/45838"}],"up":[{"embeddable":true,"href":"https:\/\/deveho.com\/lt\/wp-json\/wp\/v2\/pages\/39464"}],"wp:attachment":[{"href":"https:\/\/deveho.com\/lt\/wp-json\/wp\/v2\/media?parent=39469"}],"curies":[{"name":"wp","href":"https:\/\/api.w.org\/{rel}","templated":true}]}}