{"id":39471,"date":"2021-08-12T15:45:55","date_gmt":"2021-08-12T15:45:55","guid":{"rendered":"https:\/\/deveho.com\/sectors\/finance\/"},"modified":"2026-01-27T14:39:47","modified_gmt":"2026-01-27T12:39:47","slug":"finansai","status":"publish","type":"page","link":"https:\/\/deveho.com\/lt\/sektoriai\/finansai\/","title":{"rendered":"Finansai"},"content":{"rendered":"<br \/>\n<h3><b><red>Privalumais<\/b><\/red>  jums<\/h3>\n<p><p>Dabar padidinsite klient\u0173 pasitenkinim\u0105, nes u\u017etikrinsite, kad visi tur\u0117t\u0173 reikiam\u0105 informacij\u0105, kad gal\u0117t\u0173 efektyviai ir greitai atsakyti \u012f u\u017eklausas ir i\u0161spr\u0119sti bet kokius skundus ar gin\u010dus. Svarbiausia finansini\u0173 paslaug\u0173 sektoriuje, taip pat padidinsite savo pajamas, nes u\u017etikrinsite, kad visos pardavimo galimyb\u0117s b\u016bt\u0173 u\u017efiksuotos, stebimos ir konvertuojamos, taip pat u\u017etikrinsite, kad su tiek\u0117jais b\u016bt\u0173 deramasi d\u0117l geriausi\u0173 \u012fmanom\u0173 kain\u0173 ir optimaliai valdomi santykiai.<\/p>\n<\/p>\n<p>Dimensij\u0173 apskaita\n<\/p>\n<p>Importo \/ eksporto funkcijos\n<\/p>\n<p>Daugelio apskaitos knyg\u0173 galimyb\u0117\n<\/p>\n<p>Daugelio \u0161ali\u0173 apskaitos galimyb\u0117s\n<\/p>\n<p>Tiksliai kontroliuokite savo rezultatus\n<\/p>\n<p>Pasinaudokite globaliu matomumu realiuoju laiku\n<\/p>\n<p>Vietini\u0173 reikalavim\u0173 laikymasis.\n<\/p>\n<h2><b>Sage X3<\/b> <b><red>funkcijos<\/b><\/red><\/h2>\n<h3><\/h3>\n<p><p>Did\u017eioji knyga su keliais s\u0105skait\u0173 planais<\/p>\n<\/p>\n<h3><\/h3>\n<p><p>Mok\u0117tinos ir gautinos sumos<\/p>\n<\/p>\n<h3><\/h3>\n<p><p>Pinig\u0173 sraut\u0173 valdymas<\/p>\n<\/p>\n<h3><\/h3>\n<p><p>Banko valdymas<\/p>\n<\/p>\n<h3><\/h3>\n<p><p>S\u0105naud\u0173 ir analitin\u0117 apskaita<\/p>\n<\/p>\n<h3><\/h3>\n<p><p>I\u0161laidos<\/p>\n<\/p>\n<h3><\/h3>\n<p><p>Biud\u017eetai ir \u012fsipareigojimai<\/p>\n<\/p>\n<h2><\/h2>\n<h3>Susij\u0119 puslapiai<\/h3>\n<\/p>\n<h3><\/h3>\n<\/p>\n<h3><\/h3><\/p>\n","protected":false},"excerpt":{"rendered":"<p>Naudodamiesi Sage X3 gal\u0117site priimti strateginius finansinius sprendimus, valdyti savo versl\u0105 ir padidinti pelningum\u0105. \u0160is sprendimas u\u017etikrina, kad visi reikiami \u017emon\u0117s tur\u0117t\u0173 finansinius rodiklius, reikalingus pagr\u012fstiems finansiniams sprendimams priimti.<\/p>\n","protected":false},"author":3,"featured_media":0,"parent":39464,"menu_order":0,"comment_status":"closed","ping_status":"closed","template":"templates\/template-inner.php","meta":{"_acf_changed":false,"footnotes":""},"class_list":["post-39471","page","type-page","status-publish","hentry"],"acf":[],"yoast_head":"<!-- This site is optimized with the Yoast SEO plugin v23.5 - https:\/\/yoast.com\/wordpress\/plugins\/seo\/ -->\n<title>Finansai - Deveho<\/title>\n<meta name=\"description\" content=\"Finansai: Sage X3 suteikia visapusi\u0161k\u0105 matomum\u0105, padeda tiksliai valdyti rezultatus ir priimti strategi\u0161kai pagr\u012fstus sprendimus.\" \/>\n<meta name=\"robots\" content=\"index, follow, max-snippet:-1, max-image-preview:large, max-video-preview:-1\" \/>\n<link rel=\"canonical\" href=\"https:\/\/deveho.com\/lt\/sektoriai\/finansai\/\" \/>\n<meta property=\"og:locale\" content=\"lt_LT\" \/>\n<meta property=\"og:type\" content=\"article\" \/>\n<meta property=\"og:title\" content=\"Finansai - Deveho\" \/>\n<meta property=\"og:description\" content=\"Finansai: Sage X3 suteikia visapusi\u0161k\u0105 matomum\u0105, padeda tiksliai valdyti rezultatus ir priimti strategi\u0161kai pagr\u012fstus sprendimus.\" \/>\n<meta property=\"og:url\" content=\"https:\/\/deveho.com\/lt\/sektoriai\/finansai\/\" \/>\n<meta property=\"og:site_name\" content=\"Deveho\" \/>\n<meta property=\"article:publisher\" content=\"https:\/\/www.facebook.com\/deveho\" \/>\n<meta property=\"article:modified_time\" content=\"2026-01-27T12:39:47+00:00\" \/>\n<meta name=\"twitter:card\" content=\"summary_large_image\" \/>\n<meta name=\"twitter:site\" content=\"@Deveho1\" \/>\n<meta name=\"twitter:label1\" content=\"Est. reading time\" \/>\n\t<meta name=\"twitter:data1\" content=\"1 minut\u0117\" \/>\n<script type=\"application\/ld+json\" class=\"yoast-schema-graph\">{\"@context\":\"https:\/\/schema.org\",\"@graph\":[{\"@type\":\"WebPage\",\"@id\":\"https:\/\/deveho.com\/lt\/sektoriai\/finansai\/\",\"url\":\"https:\/\/deveho.com\/lt\/sektoriai\/finansai\/\",\"name\":\"Finansai - Deveho\",\"isPartOf\":{\"@id\":\"https:\/\/deveho.com\/#website\"},\"datePublished\":\"2021-08-12T15:45:55+00:00\",\"dateModified\":\"2026-01-27T12:39:47+00:00\",\"description\":\"Finansai: Sage X3 suteikia visapusi\u0161k\u0105 matomum\u0105, padeda tiksliai valdyti rezultatus ir priimti strategi\u0161kai pagr\u012fstus sprendimus.\",\"breadcrumb\":{\"@id\":\"https:\/\/deveho.com\/lt\/sektoriai\/finansai\/#breadcrumb\"},\"inLanguage\":\"lt-LT\",\"potentialAction\":[{\"@type\":\"ReadAction\",\"target\":[\"https:\/\/deveho.com\/lt\/sektoriai\/finansai\/\"]}]},{\"@type\":\"BreadcrumbList\",\"@id\":\"https:\/\/deveho.com\/lt\/sektoriai\/finansai\/#breadcrumb\",\"itemListElement\":[{\"@type\":\"ListItem\",\"position\":1,\"name\":\"Home\",\"item\":\"https:\/\/deveho.com\/lt\/\"},{\"@type\":\"ListItem\",\"position\":2,\"name\":\"Sektoriai\",\"item\":\"https:\/\/deveho.com\/lt\/sektoriai\/\"},{\"@type\":\"ListItem\",\"position\":3,\"name\":\"Finansai\"}]},{\"@type\":\"WebSite\",\"@id\":\"https:\/\/deveho.com\/#website\",\"url\":\"https:\/\/deveho.com\/\",\"name\":\"Deveho Consulting Group\",\"description\":\"Let\u2019s boost your growth\",\"publisher\":{\"@id\":\"https:\/\/deveho.com\/#organization\"},\"potentialAction\":[{\"@type\":\"SearchAction\",\"target\":{\"@type\":\"EntryPoint\",\"urlTemplate\":\"https:\/\/deveho.com\/?s={search_term_string}\"},\"query-input\":{\"@type\":\"PropertyValueSpecification\",\"valueRequired\":true,\"valueName\":\"search_term_string\"}}],\"inLanguage\":\"lt-LT\"},{\"@type\":\"Organization\",\"@id\":\"https:\/\/deveho.com\/#organization\",\"name\":\"Deveho Consulting Group\",\"url\":\"https:\/\/deveho.com\/\",\"logo\":{\"@type\":\"ImageObject\",\"inLanguage\":\"lt-LT\",\"@id\":\"https:\/\/deveho.com\/#\/schema\/logo\/image\/\",\"url\":\"https:\/\/deveho.com\/wp-content\/uploads\/2023\/02\/DEVEHO-LOGO-Baseline-COLOR.png\",\"contentUrl\":\"https:\/\/deveho.com\/wp-content\/uploads\/2023\/02\/DEVEHO-LOGO-Baseline-COLOR.png\",\"width\":2251,\"height\":585,\"caption\":\"Deveho Consulting Group\"},\"image\":{\"@id\":\"https:\/\/deveho.com\/#\/schema\/logo\/image\/\"},\"sameAs\":[\"https:\/\/www.facebook.com\/deveho\",\"https:\/\/x.com\/Deveho1\",\"https:\/\/www.linkedin.com\/company\/deveho-consulting\/\"]}]}<\/script>\n<!-- \/ Yoast SEO plugin. -->","yoast_head_json":{"title":"Finansai - Deveho","description":"Finansai: Sage X3 suteikia visapusi\u0161k\u0105 matomum\u0105, padeda tiksliai valdyti rezultatus ir priimti strategi\u0161kai pagr\u012fstus sprendimus.","robots":{"index":"index","follow":"follow","max-snippet":"max-snippet:-1","max-image-preview":"max-image-preview:large","max-video-preview":"max-video-preview:-1"},"canonical":"https:\/\/deveho.com\/lt\/sektoriai\/finansai\/","og_locale":"lt_LT","og_type":"article","og_title":"Finansai - Deveho","og_description":"Finansai: Sage X3 suteikia visapusi\u0161k\u0105 matomum\u0105, padeda tiksliai valdyti rezultatus ir priimti strategi\u0161kai pagr\u012fstus sprendimus.","og_url":"https:\/\/deveho.com\/lt\/sektoriai\/finansai\/","og_site_name":"Deveho","article_publisher":"https:\/\/www.facebook.com\/deveho","article_modified_time":"2026-01-27T12:39:47+00:00","twitter_card":"summary_large_image","twitter_site":"@Deveho1","twitter_misc":{"Est. reading time":"1 minut\u0117"},"schema":{"@context":"https:\/\/schema.org","@graph":[{"@type":"WebPage","@id":"https:\/\/deveho.com\/lt\/sektoriai\/finansai\/","url":"https:\/\/deveho.com\/lt\/sektoriai\/finansai\/","name":"Finansai - Deveho","isPartOf":{"@id":"https:\/\/deveho.com\/#website"},"datePublished":"2021-08-12T15:45:55+00:00","dateModified":"2026-01-27T12:39:47+00:00","description":"Finansai: Sage X3 suteikia visapusi\u0161k\u0105 matomum\u0105, padeda tiksliai valdyti rezultatus ir priimti strategi\u0161kai pagr\u012fstus sprendimus.","breadcrumb":{"@id":"https:\/\/deveho.com\/lt\/sektoriai\/finansai\/#breadcrumb"},"inLanguage":"lt-LT","potentialAction":[{"@type":"ReadAction","target":["https:\/\/deveho.com\/lt\/sektoriai\/finansai\/"]}]},{"@type":"BreadcrumbList","@id":"https:\/\/deveho.com\/lt\/sektoriai\/finansai\/#breadcrumb","itemListElement":[{"@type":"ListItem","position":1,"name":"Home","item":"https:\/\/deveho.com\/lt\/"},{"@type":"ListItem","position":2,"name":"Sektoriai","item":"https:\/\/deveho.com\/lt\/sektoriai\/"},{"@type":"ListItem","position":3,"name":"Finansai"}]},{"@type":"WebSite","@id":"https:\/\/deveho.com\/#website","url":"https:\/\/deveho.com\/","name":"Deveho Consulting Group","description":"Let\u2019s boost your growth","publisher":{"@id":"https:\/\/deveho.com\/#organization"},"potentialAction":[{"@type":"SearchAction","target":{"@type":"EntryPoint","urlTemplate":"https:\/\/deveho.com\/?s={search_term_string}"},"query-input":{"@type":"PropertyValueSpecification","valueRequired":true,"valueName":"search_term_string"}}],"inLanguage":"lt-LT"},{"@type":"Organization","@id":"https:\/\/deveho.com\/#organization","name":"Deveho Consulting Group","url":"https:\/\/deveho.com\/","logo":{"@type":"ImageObject","inLanguage":"lt-LT","@id":"https:\/\/deveho.com\/#\/schema\/logo\/image\/","url":"https:\/\/deveho.com\/wp-content\/uploads\/2023\/02\/DEVEHO-LOGO-Baseline-COLOR.png","contentUrl":"https:\/\/deveho.com\/wp-content\/uploads\/2023\/02\/DEVEHO-LOGO-Baseline-COLOR.png","width":2251,"height":585,"caption":"Deveho Consulting Group"},"image":{"@id":"https:\/\/deveho.com\/#\/schema\/logo\/image\/"},"sameAs":["https:\/\/www.facebook.com\/deveho","https:\/\/x.com\/Deveho1","https:\/\/www.linkedin.com\/company\/deveho-consulting\/"]}]}},"_links":{"self":[{"href":"https:\/\/deveho.com\/lt\/wp-json\/wp\/v2\/pages\/39471"}],"collection":[{"href":"https:\/\/deveho.com\/lt\/wp-json\/wp\/v2\/pages"}],"about":[{"href":"https:\/\/deveho.com\/lt\/wp-json\/wp\/v2\/types\/page"}],"author":[{"embeddable":true,"href":"https:\/\/deveho.com\/lt\/wp-json\/wp\/v2\/users\/3"}],"replies":[{"embeddable":true,"href":"https:\/\/deveho.com\/lt\/wp-json\/wp\/v2\/comments?post=39471"}],"version-history":[{"count":8,"href":"https:\/\/deveho.com\/lt\/wp-json\/wp\/v2\/pages\/39471\/revisions"}],"predecessor-version":[{"id":45848,"href":"https:\/\/deveho.com\/lt\/wp-json\/wp\/v2\/pages\/39471\/revisions\/45848"}],"up":[{"embeddable":true,"href":"https:\/\/deveho.com\/lt\/wp-json\/wp\/v2\/pages\/39464"}],"wp:attachment":[{"href":"https:\/\/deveho.com\/lt\/wp-json\/wp\/v2\/media?parent=39471"}],"curies":[{"name":"wp","href":"https:\/\/api.w.org\/{rel}","templated":true}]}}