{"id":39472,"date":"2021-08-12T15:42:57","date_gmt":"2021-08-12T15:42:57","guid":{"rendered":"https:\/\/deveho.com\/sectors\/food-beverage\/"},"modified":"2026-01-27T14:39:58","modified_gmt":"2026-01-27T12:39:58","slug":"maistas-ir-gerimai","status":"publish","type":"page","link":"https:\/\/deveho.com\/lt\/sektoriai\/maistas-ir-gerimai\/","title":{"rendered":"Maistas ir g\u0117rimai"},"content":{"rendered":"<br \/>\n<h2>Sage X3 maisto ir g\u0117rim\u0173 bendrov\u0117ms<\/h2>\n<p>Sage X3 yra specialiai sukurta maisto ir g\u0117rim\u0173 pramonei. Sage X3 daugiausia d\u0117mesio skiriama atliek\u0173 ir rizikos ma\u017einimui, kartu u\u017etikrinant med\u017eiag\u0173 kokyb\u0119, atsekamum\u0105 ir saug\u0105.\n<\/p>\n<\/p>\n<h3><b><red>Privalumai<\/red><\/b>  jums<\/h3>\n<p><p>Sage X3, tiksliai pritaikyta prie konkre\u010di\u0173 j\u016bs\u0173 pramon\u0117s reikalavim\u0173, suteikia pa\u017eangias funkcijas, kuri\u0173 jums reikia, kad i\u0161liktum\u0117te konkurencingi \u0161i\u0173 sud\u0117ting\u0173 i\u0161\u0161\u016bki\u0173 akivaizdoje.<\/p>\n<p>&#8211; Operacijos<br \/>\n&#8211; Tiekimo grandin\u0117<br \/>\n&#8211; Sand\u0117lis ir atsargos<br \/>\n&#8211; Finansai ir apskaita<br \/>\n&#8211; Pardavimai ir rinkodara<br \/>\n&#8211; Klient\u0173 aptarnavimas<\/p>\n<\/p>\n<p>U\u017etikrinkite atitikt\u012f reikalavimams, kartu valdydami s\u0105naudas\n<\/p>\n<p>Pasiruo\u0161kite galimiems gr\u0105\u017einimams\n<\/p>\n<p>Sutaupykite laiko (ir pinig\u0173!), i\u0161laikydami atitikt\u012f reikalavimams\n<\/p>\n<p>Geriau matysite savo maisto ir g\u0117rim\u0173 verslo operacijas\n<\/p>\n<p>Kontroliuokite i\u0161laidas ir ma\u017einkite atliek\u0173 kiek\u012f\n<\/p>\n<p>\u012ekv\u0117pti vartotoj\u0173 pasitik\u0117jim\u0105 d\u0117l atsekamumo\n<\/p>\n<p>Suma\u017einkite atliek\u0173 kiek\u012f, kad suma\u017eintum\u0117te i\u0161laidas ir rizik\u0105\n<\/p>\n<p>Pagreitinkite atitikt\u012f reikalavimams\n<\/p>\n<h2><b>Sage X3<\/b> <b><red>funkcijos<\/b><\/red> <\/h2>\n<h3><\/h3>\n<p><p>OPERACIJOS<\/p>\n<p>Pasinaudokite maisto saugos, atsekamumo, at\u0161aukimo i\u0161 rinkos valdymo, prane\u0161im\u0173 apie alergenus ir kitais sprendimais.<\/p>\n<\/p>\n<h3><\/h3>\n<p><p>TIEKIMO GRANDIN\u0116<\/p>\n<p>Tvarkykite, bendradarbiaukite ir u\u017etikrinkite atitikt\u012f reikalavimams dirbdami su tarptautiniais tiek\u0117jais.<\/p>\n<\/p>\n<h3><\/h3>\n<p><p>SAND\u0116LIS IR ATSARGOS<\/p>\n<p>Valdykite maisto atsarg\u0173 steb\u0117jim\u0105 ir produkt\u0173 pelningum\u0105, ma\u017einkite greitai gendan\u010di\u0173 preki\u0173 nuostolius.<\/p>\n<\/p>\n<h3><\/h3>\n<p><p>APSKAITA IR FINANSAI<\/p>\n<p>Valdykite pinig\u0173 srautus, atitikt\u012f, pelningum\u0105, ilgalaik\u012f turt\u0105 ir apskaitos proced\u016bras.<\/p>\n<\/p>\n<h3><\/h3>\n<p><p>PARDAVIMAI IR RINKODARA<\/p>\n<p>Sujunkite CRM ir mobili\u0173j\u0173 program\u0173 galimybes, kad i\u0161naudotum\u0117te savo pardavim\u0173 ir rinkodaros veiklos potencial\u0105.<\/p>\n<\/p>\n<h3><\/h3>\n<p><p>KLIENT\u0172 APTARNAVIMAS<\/p>\n<p>Gaukite greit\u0105 prieig\u0105 prie duomen\u0173 ir gali\u0105 valdyti klient\u0173 u\u017eklausas.<\/p>\n<\/p>\n<h2><\/h2>\n<h3>Susij\u0119 puslapiai<\/h3>\n<\/p>\n<h3><\/h3>\n<\/p>\n<h3><\/h3><\/p>\n","protected":false},"excerpt":{"rendered":"<p>Sage X3 maisto ir g\u0117rim\u0173 bendrov\u0117ms Sage X3 yra specialiai sukurta maisto ir g\u0117rim\u0173 pramonei. Sage X3 daugiausia d\u0117mesio skiriama atliek\u0173 ir rizikos ma\u017einimui, kartu u\u017etikrinant med\u017eiag\u0173 kokyb\u0119, atsekamum\u0105 ir saug\u0105. Privalumai jums Sage X3, tiksliai pritaikyta prie konkre\u010di\u0173 j\u016bs\u0173 pramon\u0117s reikalavim\u0173, suteikia pa\u017eangias funkcijas, kuri\u0173 jums reikia, kad i\u0161liktum\u0117te konkurencingi \u0161i\u0173 sud\u0117ting\u0173 i\u0161\u0161\u016bki\u0173 akivaizdoje. [&hellip;]<\/p>\n","protected":false},"author":3,"featured_media":0,"parent":39464,"menu_order":0,"comment_status":"closed","ping_status":"closed","template":"templates\/template-inner.php","meta":{"_acf_changed":false,"footnotes":""},"class_list":["post-39472","page","type-page","status-publish","hentry"],"acf":[],"yoast_head":"<!-- This site is optimized with the Yoast SEO plugin v23.5 - https:\/\/yoast.com\/wordpress\/plugins\/seo\/ -->\n<title>Maistas ir g\u0117rimai - Deveho<\/title>\n<meta name=\"description\" content=\"Maistas ir g\u0117rimai: Sage X3 padeda u\u017etikrinti atsekamum\u0105, ma\u017einti atliekas ir laikytis reikalavim\u0173 visoje tiekimo grandin\u0117je.\" \/>\n<meta name=\"robots\" content=\"index, follow, max-snippet:-1, max-image-preview:large, max-video-preview:-1\" \/>\n<link rel=\"canonical\" href=\"https:\/\/deveho.com\/lt\/sektoriai\/maistas-ir-gerimai\/\" \/>\n<meta property=\"og:locale\" content=\"lt_LT\" \/>\n<meta property=\"og:type\" content=\"article\" \/>\n<meta property=\"og:title\" content=\"Maistas ir g\u0117rimai - Deveho\" \/>\n<meta property=\"og:description\" content=\"Maistas ir g\u0117rimai: Sage X3 padeda u\u017etikrinti atsekamum\u0105, ma\u017einti atliekas ir laikytis reikalavim\u0173 visoje tiekimo grandin\u0117je.\" \/>\n<meta property=\"og:url\" content=\"https:\/\/deveho.com\/lt\/sektoriai\/maistas-ir-gerimai\/\" \/>\n<meta property=\"og:site_name\" content=\"Deveho\" \/>\n<meta property=\"article:publisher\" content=\"https:\/\/www.facebook.com\/deveho\" \/>\n<meta property=\"article:modified_time\" content=\"2026-01-27T12:39:58+00:00\" \/>\n<meta name=\"twitter:card\" content=\"summary_large_image\" \/>\n<meta name=\"twitter:site\" content=\"@Deveho1\" \/>\n<meta name=\"twitter:label1\" content=\"Est. reading time\" \/>\n\t<meta name=\"twitter:data1\" content=\"1 minut\u0117\" \/>\n<script type=\"application\/ld+json\" class=\"yoast-schema-graph\">{\"@context\":\"https:\/\/schema.org\",\"@graph\":[{\"@type\":\"WebPage\",\"@id\":\"https:\/\/deveho.com\/lt\/sektoriai\/maistas-ir-gerimai\/\",\"url\":\"https:\/\/deveho.com\/lt\/sektoriai\/maistas-ir-gerimai\/\",\"name\":\"Maistas ir g\u0117rimai - Deveho\",\"isPartOf\":{\"@id\":\"https:\/\/deveho.com\/#website\"},\"datePublished\":\"2021-08-12T15:42:57+00:00\",\"dateModified\":\"2026-01-27T12:39:58+00:00\",\"description\":\"Maistas ir g\u0117rimai: Sage X3 padeda u\u017etikrinti atsekamum\u0105, ma\u017einti atliekas ir laikytis reikalavim\u0173 visoje tiekimo grandin\u0117je.\",\"breadcrumb\":{\"@id\":\"https:\/\/deveho.com\/lt\/sektoriai\/maistas-ir-gerimai\/#breadcrumb\"},\"inLanguage\":\"lt-LT\",\"potentialAction\":[{\"@type\":\"ReadAction\",\"target\":[\"https:\/\/deveho.com\/lt\/sektoriai\/maistas-ir-gerimai\/\"]}]},{\"@type\":\"BreadcrumbList\",\"@id\":\"https:\/\/deveho.com\/lt\/sektoriai\/maistas-ir-gerimai\/#breadcrumb\",\"itemListElement\":[{\"@type\":\"ListItem\",\"position\":1,\"name\":\"Home\",\"item\":\"https:\/\/deveho.com\/lt\/\"},{\"@type\":\"ListItem\",\"position\":2,\"name\":\"Sektoriai\",\"item\":\"https:\/\/deveho.com\/lt\/sektoriai\/\"},{\"@type\":\"ListItem\",\"position\":3,\"name\":\"Maistas ir g\u0117rimai\"}]},{\"@type\":\"WebSite\",\"@id\":\"https:\/\/deveho.com\/#website\",\"url\":\"https:\/\/deveho.com\/\",\"name\":\"Deveho Consulting Group\",\"description\":\"Let\u2019s boost your growth\",\"publisher\":{\"@id\":\"https:\/\/deveho.com\/#organization\"},\"potentialAction\":[{\"@type\":\"SearchAction\",\"target\":{\"@type\":\"EntryPoint\",\"urlTemplate\":\"https:\/\/deveho.com\/?s={search_term_string}\"},\"query-input\":{\"@type\":\"PropertyValueSpecification\",\"valueRequired\":true,\"valueName\":\"search_term_string\"}}],\"inLanguage\":\"lt-LT\"},{\"@type\":\"Organization\",\"@id\":\"https:\/\/deveho.com\/#organization\",\"name\":\"Deveho Consulting Group\",\"url\":\"https:\/\/deveho.com\/\",\"logo\":{\"@type\":\"ImageObject\",\"inLanguage\":\"lt-LT\",\"@id\":\"https:\/\/deveho.com\/#\/schema\/logo\/image\/\",\"url\":\"https:\/\/deveho.com\/wp-content\/uploads\/2023\/02\/DEVEHO-LOGO-Baseline-COLOR.png\",\"contentUrl\":\"https:\/\/deveho.com\/wp-content\/uploads\/2023\/02\/DEVEHO-LOGO-Baseline-COLOR.png\",\"width\":2251,\"height\":585,\"caption\":\"Deveho Consulting Group\"},\"image\":{\"@id\":\"https:\/\/deveho.com\/#\/schema\/logo\/image\/\"},\"sameAs\":[\"https:\/\/www.facebook.com\/deveho\",\"https:\/\/x.com\/Deveho1\",\"https:\/\/www.linkedin.com\/company\/deveho-consulting\/\"]}]}<\/script>\n<!-- \/ Yoast SEO plugin. -->","yoast_head_json":{"title":"Maistas ir g\u0117rimai - Deveho","description":"Maistas ir g\u0117rimai: Sage X3 padeda u\u017etikrinti atsekamum\u0105, ma\u017einti atliekas ir laikytis reikalavim\u0173 visoje tiekimo grandin\u0117je.","robots":{"index":"index","follow":"follow","max-snippet":"max-snippet:-1","max-image-preview":"max-image-preview:large","max-video-preview":"max-video-preview:-1"},"canonical":"https:\/\/deveho.com\/lt\/sektoriai\/maistas-ir-gerimai\/","og_locale":"lt_LT","og_type":"article","og_title":"Maistas ir g\u0117rimai - Deveho","og_description":"Maistas ir g\u0117rimai: Sage X3 padeda u\u017etikrinti atsekamum\u0105, ma\u017einti atliekas ir laikytis reikalavim\u0173 visoje tiekimo grandin\u0117je.","og_url":"https:\/\/deveho.com\/lt\/sektoriai\/maistas-ir-gerimai\/","og_site_name":"Deveho","article_publisher":"https:\/\/www.facebook.com\/deveho","article_modified_time":"2026-01-27T12:39:58+00:00","twitter_card":"summary_large_image","twitter_site":"@Deveho1","twitter_misc":{"Est. reading time":"1 minut\u0117"},"schema":{"@context":"https:\/\/schema.org","@graph":[{"@type":"WebPage","@id":"https:\/\/deveho.com\/lt\/sektoriai\/maistas-ir-gerimai\/","url":"https:\/\/deveho.com\/lt\/sektoriai\/maistas-ir-gerimai\/","name":"Maistas ir g\u0117rimai - Deveho","isPartOf":{"@id":"https:\/\/deveho.com\/#website"},"datePublished":"2021-08-12T15:42:57+00:00","dateModified":"2026-01-27T12:39:58+00:00","description":"Maistas ir g\u0117rimai: Sage X3 padeda u\u017etikrinti atsekamum\u0105, ma\u017einti atliekas ir laikytis reikalavim\u0173 visoje tiekimo grandin\u0117je.","breadcrumb":{"@id":"https:\/\/deveho.com\/lt\/sektoriai\/maistas-ir-gerimai\/#breadcrumb"},"inLanguage":"lt-LT","potentialAction":[{"@type":"ReadAction","target":["https:\/\/deveho.com\/lt\/sektoriai\/maistas-ir-gerimai\/"]}]},{"@type":"BreadcrumbList","@id":"https:\/\/deveho.com\/lt\/sektoriai\/maistas-ir-gerimai\/#breadcrumb","itemListElement":[{"@type":"ListItem","position":1,"name":"Home","item":"https:\/\/deveho.com\/lt\/"},{"@type":"ListItem","position":2,"name":"Sektoriai","item":"https:\/\/deveho.com\/lt\/sektoriai\/"},{"@type":"ListItem","position":3,"name":"Maistas ir g\u0117rimai"}]},{"@type":"WebSite","@id":"https:\/\/deveho.com\/#website","url":"https:\/\/deveho.com\/","name":"Deveho Consulting Group","description":"Let\u2019s boost your growth","publisher":{"@id":"https:\/\/deveho.com\/#organization"},"potentialAction":[{"@type":"SearchAction","target":{"@type":"EntryPoint","urlTemplate":"https:\/\/deveho.com\/?s={search_term_string}"},"query-input":{"@type":"PropertyValueSpecification","valueRequired":true,"valueName":"search_term_string"}}],"inLanguage":"lt-LT"},{"@type":"Organization","@id":"https:\/\/deveho.com\/#organization","name":"Deveho Consulting Group","url":"https:\/\/deveho.com\/","logo":{"@type":"ImageObject","inLanguage":"lt-LT","@id":"https:\/\/deveho.com\/#\/schema\/logo\/image\/","url":"https:\/\/deveho.com\/wp-content\/uploads\/2023\/02\/DEVEHO-LOGO-Baseline-COLOR.png","contentUrl":"https:\/\/deveho.com\/wp-content\/uploads\/2023\/02\/DEVEHO-LOGO-Baseline-COLOR.png","width":2251,"height":585,"caption":"Deveho Consulting Group"},"image":{"@id":"https:\/\/deveho.com\/#\/schema\/logo\/image\/"},"sameAs":["https:\/\/www.facebook.com\/deveho","https:\/\/x.com\/Deveho1","https:\/\/www.linkedin.com\/company\/deveho-consulting\/"]}]}},"_links":{"self":[{"href":"https:\/\/deveho.com\/lt\/wp-json\/wp\/v2\/pages\/39472"}],"collection":[{"href":"https:\/\/deveho.com\/lt\/wp-json\/wp\/v2\/pages"}],"about":[{"href":"https:\/\/deveho.com\/lt\/wp-json\/wp\/v2\/types\/page"}],"author":[{"embeddable":true,"href":"https:\/\/deveho.com\/lt\/wp-json\/wp\/v2\/users\/3"}],"replies":[{"embeddable":true,"href":"https:\/\/deveho.com\/lt\/wp-json\/wp\/v2\/comments?post=39472"}],"version-history":[{"count":8,"href":"https:\/\/deveho.com\/lt\/wp-json\/wp\/v2\/pages\/39472\/revisions"}],"predecessor-version":[{"id":45850,"href":"https:\/\/deveho.com\/lt\/wp-json\/wp\/v2\/pages\/39472\/revisions\/45850"}],"up":[{"embeddable":true,"href":"https:\/\/deveho.com\/lt\/wp-json\/wp\/v2\/pages\/39464"}],"wp:attachment":[{"href":"https:\/\/deveho.com\/lt\/wp-json\/wp\/v2\/media?parent=39472"}],"curies":[{"name":"wp","href":"https:\/\/api.w.org\/{rel}","templated":true}]}}