{"id":39474,"date":"2021-08-12T15:33:19","date_gmt":"2021-08-12T15:33:19","guid":{"rendered":"https:\/\/deveho.com\/sectors\/industry\/"},"modified":"2026-01-27T14:39:01","modified_gmt":"2026-01-27T12:39:01","slug":"gamyba","status":"publish","type":"page","link":"https:\/\/deveho.com\/lt\/sektoriai\/gamyba\/","title":{"rendered":"Gamyba"},"content":{"rendered":"<br \/>\n<h3><b><red>Privalumai<\/b><\/red> jums<\/h3>\n<p><p>Sage X3 grei\u010diau ir efektyviau valdo vis\u0105 j\u016bs\u0173 veikl\u0105 (pirkimus, sand\u0117liavim\u0105, pardavimus ir finansinius aspektus), taip pat padeda geriau \u012fvertinti s\u0105naudas ir mar\u017eas. Rezultatas &#8211; efektyvesni pardavimo procesai, didesn\u0117s pajamos, tikslesn\u0117 atsarg\u0173 ap\u017evalga ir geresnis paklausos planavimas.<\/p>\n<p>&#8211; Auk\u0161tosios technologijos<br \/>\n&#8211; Pramonin\u0117 \u012franga<br \/>\n&#8211; Medicinos prietaisai<br \/>\n&#8211; Metalo gamyba<\/p>\n<\/p>\n<p>Grei\u010diau reaguokite \u012f besikei\u010dian\u010dius klient\u0173 poreikius ir geriau valdykite poky\u010dius.\n<\/p>\n<p>Greitai prisitaikykite prie nauj\u0173 taisykli\u0173 ir atitikties reikalavim\u0173.\n<\/p>\n<p>Suma\u017einkite atliek\u0173 kiek\u012f, kry\u017emin\u0117s tar\u0161os rizik\u0105 ir i\u0161laidas d\u0117l i\u0161siliejimo.\n<\/p>\n<p>Suma\u017einkite gr\u0105\u017einimo rizik\u0105 ir mast\u0105, u\u017etikrindami pastovi\u0105 produkt\u0173 kokyb\u0119 ir saug\u0105.\n<\/p>\n<h2><b>Sage X3<\/b> <b><red>funkcijos<\/b><\/red><\/h2>\n<h3><\/h3>\n<p><p>Gamybos proces\u0173 valdymas (partijomis \/ nepertraukiamas)<\/p>\n<\/p>\n<h3><\/h3>\n<p><p>Paj\u0117gum\u0173 poreikio planavimas (angl. Capacity requirements planning (CRP)) ir pagrindinis gamybos grafikas (angl. Master production schedule (MPS))<\/p>\n<\/p>\n<h3><\/h3>\n<p><p>Mi\u0161raus re\u017eimo gamybos proces\u0173 planavimas<\/p>\n<\/p>\n<h3><\/h3>\n<p><p>Formul\u0117s \/ recept\u016bros ir stiprumo valdymas<\/p>\n<\/p>\n<h3><\/h3>\n<p><p>I\u0161sami kokyb\u0117s kontrol\u0117 ir partij\u0173, sub-partij\u0173, sudedam\u0173j\u0173 dali\u0173 ir alergen\u0173 atsekamumas<\/p>\n<\/p>\n<h3><\/h3>\n<p><p>Planavimas &#8220;\u012e priek\u012f&#8221; \/ &#8220;Atgal&#8221; planavimas pagal j\u016bs\u0173 prioritetus<\/p>\n<\/p>\n<h3><\/h3>\n<p><p>Atsarg\u0173 b\u016bkl\u0117, galiojimo laiko valdymas ir galiojimo termin\u0173 sekimas, siekiant u\u017etikrinti kokyb\u0119 visoje tiekimo grandin\u0117je<\/p>\n<\/p>\n<h3><\/h3>\n<p><p>Papildymas ir perk\u0117limas i\u0161 vienos vietos \u012f kit\u0105<\/p>\n<\/p>\n<h2><\/h2>\n<h3>Susij\u0119 puslapiai<\/h3>\n<\/p>\n<h3><\/h3>\n<\/p>\n<h3><\/h3><\/p>\n","protected":false},"excerpt":{"rendered":"<p>Vis labiau global\u0117jan\u010dioje rinkoje platinimo bendrov\u0117ms labiausiai r\u016bpi u\u017ekariauti naujas rinkas, patenkinti klient\u0173 poreikius, teikti auk\u0161tos kokyb\u0117s produktus ir paslaugas bei nukreipti versl\u0105 tinkama linkme.<\/p>\n","protected":false},"author":3,"featured_media":0,"parent":39464,"menu_order":0,"comment_status":"closed","ping_status":"closed","template":"templates\/template-inner.php","meta":{"_acf_changed":false,"footnotes":""},"class_list":["post-39474","page","type-page","status-publish","hentry"],"acf":[],"yoast_head":"<!-- This site is optimized with the Yoast SEO plugin v23.5 - https:\/\/yoast.com\/wordpress\/plugins\/seo\/ -->\n<title>Gamyba - Deveho<\/title>\n<meta name=\"description\" content=\"Valdykite visus savo Gamybos procesus efektyviau su Sage X3: nuo tiekimo, sand\u0117liavimo, gamybos iki pardavim\u0173 ir finans\u0173.\" \/>\n<meta name=\"robots\" content=\"index, follow, max-snippet:-1, max-image-preview:large, max-video-preview:-1\" \/>\n<link rel=\"canonical\" href=\"https:\/\/deveho.com\/lt\/sektoriai\/gamyba\/\" \/>\n<meta property=\"og:locale\" content=\"lt_LT\" \/>\n<meta property=\"og:type\" content=\"article\" \/>\n<meta property=\"og:title\" content=\"Gamyba - Deveho\" \/>\n<meta property=\"og:description\" content=\"Valdykite visus savo Gamybos procesus efektyviau su Sage X3: nuo tiekimo, sand\u0117liavimo, gamybos iki pardavim\u0173 ir finans\u0173.\" \/>\n<meta property=\"og:url\" content=\"https:\/\/deveho.com\/lt\/sektoriai\/gamyba\/\" \/>\n<meta property=\"og:site_name\" content=\"Deveho\" \/>\n<meta property=\"article:publisher\" content=\"https:\/\/www.facebook.com\/deveho\" \/>\n<meta property=\"article:modified_time\" content=\"2026-01-27T12:39:01+00:00\" \/>\n<meta name=\"twitter:card\" content=\"summary_large_image\" \/>\n<meta name=\"twitter:site\" content=\"@Deveho1\" \/>\n<meta name=\"twitter:label1\" content=\"Est. reading time\" \/>\n\t<meta name=\"twitter:data1\" content=\"1 minut\u0117\" \/>\n<script type=\"application\/ld+json\" class=\"yoast-schema-graph\">{\"@context\":\"https:\/\/schema.org\",\"@graph\":[{\"@type\":\"WebPage\",\"@id\":\"https:\/\/deveho.com\/lt\/sektoriai\/gamyba\/\",\"url\":\"https:\/\/deveho.com\/lt\/sektoriai\/gamyba\/\",\"name\":\"Gamyba - Deveho\",\"isPartOf\":{\"@id\":\"https:\/\/deveho.com\/#website\"},\"datePublished\":\"2021-08-12T15:33:19+00:00\",\"dateModified\":\"2026-01-27T12:39:01+00:00\",\"description\":\"Valdykite visus savo Gamybos procesus efektyviau su Sage X3: nuo tiekimo, sand\u0117liavimo, gamybos iki pardavim\u0173 ir finans\u0173.\",\"breadcrumb\":{\"@id\":\"https:\/\/deveho.com\/lt\/sektoriai\/gamyba\/#breadcrumb\"},\"inLanguage\":\"lt-LT\",\"potentialAction\":[{\"@type\":\"ReadAction\",\"target\":[\"https:\/\/deveho.com\/lt\/sektoriai\/gamyba\/\"]}]},{\"@type\":\"BreadcrumbList\",\"@id\":\"https:\/\/deveho.com\/lt\/sektoriai\/gamyba\/#breadcrumb\",\"itemListElement\":[{\"@type\":\"ListItem\",\"position\":1,\"name\":\"Home\",\"item\":\"https:\/\/deveho.com\/lt\/\"},{\"@type\":\"ListItem\",\"position\":2,\"name\":\"Sektoriai\",\"item\":\"https:\/\/deveho.com\/lt\/sektoriai\/\"},{\"@type\":\"ListItem\",\"position\":3,\"name\":\"Gamyba\"}]},{\"@type\":\"WebSite\",\"@id\":\"https:\/\/deveho.com\/#website\",\"url\":\"https:\/\/deveho.com\/\",\"name\":\"Deveho Consulting Group\",\"description\":\"Let\u2019s boost your growth\",\"publisher\":{\"@id\":\"https:\/\/deveho.com\/#organization\"},\"potentialAction\":[{\"@type\":\"SearchAction\",\"target\":{\"@type\":\"EntryPoint\",\"urlTemplate\":\"https:\/\/deveho.com\/?s={search_term_string}\"},\"query-input\":{\"@type\":\"PropertyValueSpecification\",\"valueRequired\":true,\"valueName\":\"search_term_string\"}}],\"inLanguage\":\"lt-LT\"},{\"@type\":\"Organization\",\"@id\":\"https:\/\/deveho.com\/#organization\",\"name\":\"Deveho Consulting Group\",\"url\":\"https:\/\/deveho.com\/\",\"logo\":{\"@type\":\"ImageObject\",\"inLanguage\":\"lt-LT\",\"@id\":\"https:\/\/deveho.com\/#\/schema\/logo\/image\/\",\"url\":\"https:\/\/deveho.com\/wp-content\/uploads\/2023\/02\/DEVEHO-LOGO-Baseline-COLOR.png\",\"contentUrl\":\"https:\/\/deveho.com\/wp-content\/uploads\/2023\/02\/DEVEHO-LOGO-Baseline-COLOR.png\",\"width\":2251,\"height\":585,\"caption\":\"Deveho Consulting Group\"},\"image\":{\"@id\":\"https:\/\/deveho.com\/#\/schema\/logo\/image\/\"},\"sameAs\":[\"https:\/\/www.facebook.com\/deveho\",\"https:\/\/x.com\/Deveho1\",\"https:\/\/www.linkedin.com\/company\/deveho-consulting\/\"]}]}<\/script>\n<!-- \/ Yoast SEO plugin. -->","yoast_head_json":{"title":"Gamyba - Deveho","description":"Valdykite visus savo Gamybos procesus efektyviau su Sage X3: nuo tiekimo, sand\u0117liavimo, gamybos iki pardavim\u0173 ir finans\u0173.","robots":{"index":"index","follow":"follow","max-snippet":"max-snippet:-1","max-image-preview":"max-image-preview:large","max-video-preview":"max-video-preview:-1"},"canonical":"https:\/\/deveho.com\/lt\/sektoriai\/gamyba\/","og_locale":"lt_LT","og_type":"article","og_title":"Gamyba - Deveho","og_description":"Valdykite visus savo Gamybos procesus efektyviau su Sage X3: nuo tiekimo, sand\u0117liavimo, gamybos iki pardavim\u0173 ir finans\u0173.","og_url":"https:\/\/deveho.com\/lt\/sektoriai\/gamyba\/","og_site_name":"Deveho","article_publisher":"https:\/\/www.facebook.com\/deveho","article_modified_time":"2026-01-27T12:39:01+00:00","twitter_card":"summary_large_image","twitter_site":"@Deveho1","twitter_misc":{"Est. reading time":"1 minut\u0117"},"schema":{"@context":"https:\/\/schema.org","@graph":[{"@type":"WebPage","@id":"https:\/\/deveho.com\/lt\/sektoriai\/gamyba\/","url":"https:\/\/deveho.com\/lt\/sektoriai\/gamyba\/","name":"Gamyba - Deveho","isPartOf":{"@id":"https:\/\/deveho.com\/#website"},"datePublished":"2021-08-12T15:33:19+00:00","dateModified":"2026-01-27T12:39:01+00:00","description":"Valdykite visus savo Gamybos procesus efektyviau su Sage X3: nuo tiekimo, sand\u0117liavimo, gamybos iki pardavim\u0173 ir finans\u0173.","breadcrumb":{"@id":"https:\/\/deveho.com\/lt\/sektoriai\/gamyba\/#breadcrumb"},"inLanguage":"lt-LT","potentialAction":[{"@type":"ReadAction","target":["https:\/\/deveho.com\/lt\/sektoriai\/gamyba\/"]}]},{"@type":"BreadcrumbList","@id":"https:\/\/deveho.com\/lt\/sektoriai\/gamyba\/#breadcrumb","itemListElement":[{"@type":"ListItem","position":1,"name":"Home","item":"https:\/\/deveho.com\/lt\/"},{"@type":"ListItem","position":2,"name":"Sektoriai","item":"https:\/\/deveho.com\/lt\/sektoriai\/"},{"@type":"ListItem","position":3,"name":"Gamyba"}]},{"@type":"WebSite","@id":"https:\/\/deveho.com\/#website","url":"https:\/\/deveho.com\/","name":"Deveho Consulting Group","description":"Let\u2019s boost your growth","publisher":{"@id":"https:\/\/deveho.com\/#organization"},"potentialAction":[{"@type":"SearchAction","target":{"@type":"EntryPoint","urlTemplate":"https:\/\/deveho.com\/?s={search_term_string}"},"query-input":{"@type":"PropertyValueSpecification","valueRequired":true,"valueName":"search_term_string"}}],"inLanguage":"lt-LT"},{"@type":"Organization","@id":"https:\/\/deveho.com\/#organization","name":"Deveho Consulting Group","url":"https:\/\/deveho.com\/","logo":{"@type":"ImageObject","inLanguage":"lt-LT","@id":"https:\/\/deveho.com\/#\/schema\/logo\/image\/","url":"https:\/\/deveho.com\/wp-content\/uploads\/2023\/02\/DEVEHO-LOGO-Baseline-COLOR.png","contentUrl":"https:\/\/deveho.com\/wp-content\/uploads\/2023\/02\/DEVEHO-LOGO-Baseline-COLOR.png","width":2251,"height":585,"caption":"Deveho Consulting Group"},"image":{"@id":"https:\/\/deveho.com\/#\/schema\/logo\/image\/"},"sameAs":["https:\/\/www.facebook.com\/deveho","https:\/\/x.com\/Deveho1","https:\/\/www.linkedin.com\/company\/deveho-consulting\/"]}]}},"_links":{"self":[{"href":"https:\/\/deveho.com\/lt\/wp-json\/wp\/v2\/pages\/39474"}],"collection":[{"href":"https:\/\/deveho.com\/lt\/wp-json\/wp\/v2\/pages"}],"about":[{"href":"https:\/\/deveho.com\/lt\/wp-json\/wp\/v2\/types\/page"}],"author":[{"embeddable":true,"href":"https:\/\/deveho.com\/lt\/wp-json\/wp\/v2\/users\/3"}],"replies":[{"embeddable":true,"href":"https:\/\/deveho.com\/lt\/wp-json\/wp\/v2\/comments?post=39474"}],"version-history":[{"count":8,"href":"https:\/\/deveho.com\/lt\/wp-json\/wp\/v2\/pages\/39474\/revisions"}],"predecessor-version":[{"id":45840,"href":"https:\/\/deveho.com\/lt\/wp-json\/wp\/v2\/pages\/39474\/revisions\/45840"}],"up":[{"embeddable":true,"href":"https:\/\/deveho.com\/lt\/wp-json\/wp\/v2\/pages\/39464"}],"wp:attachment":[{"href":"https:\/\/deveho.com\/lt\/wp-json\/wp\/v2\/media?parent=39474"}],"curies":[{"name":"wp","href":"https:\/\/api.w.org\/{rel}","templated":true}]}}