{"id":39475,"date":"2021-08-12T15:40:17","date_gmt":"2021-08-12T15:40:17","guid":{"rendered":"https:\/\/deveho.com\/sectors\/professional-services\/"},"modified":"2026-01-27T14:39:25","modified_gmt":"2026-01-27T12:39:25","slug":"profesines-paslaugos","status":"publish","type":"page","link":"https:\/\/deveho.com\/lt\/sektoriai\/profesines-paslaugos\/","title":{"rendered":"Profesin\u0117s paslaugos"},"content":{"rendered":"<br \/>\n<h3><b><red>Privalumai <\/b><\/red>jums<\/h3>\n<p><p>Sage X3 padeda supaprastinti paslaug\u0173 veiklos valdym\u0105 ir atid\u017eiai steb\u0117ti projekt\u0173 komercinius ir finansinius aspektus. Bendrai, Sage X3 gali b\u016bti naudojama visam projekto gyvavimo ciklui (pasi\u016blymo pateikimui, paleidimui, paskirstymui, steb\u0117senai, nuolatinei analizei, s\u0105skait\u0173 fakt\u016br\u0173 i\u0161ra\u0161ymui ir apskaitai) valdyti ir greitai reaguoti \u012f rinkos poky\u010dius, tod\u0117l galite sutelkti d\u0117mes\u012f \u012f klient\u0173 aptarnavimo kokyb\u0119.<\/p>\n<\/p>\n<p>Grei\u010diau reaguokite \u012f klient\u0173 u\u017eklausas, pateikdami tiksli\u0105 informacij\u0105 apie projekto s\u0105naudas ir kainas.\n<\/p>\n<p>Fiksuokite darbo laik\u0105 ir i\u0161laidas, naudojant mobiliuosius \u012frenginius, kad realiuoju laiku gautum\u0117te atlikt\u0173 u\u017eduo\u010di\u0173 ap\u017evalg\u0105.\n<\/p>\n<p>Patobulinkite apskaitos procesus automatizuotai kurdami klient\u0173 s\u0105skaitas fakt\u016bras, pajam\u0173 pripa\u017einimo \u012fra\u0161us ir biud\u017eeto koregavimus.\n<\/p>\n<p>Padidinkite verslo judrum\u0105 ir lankstum\u0105\n<\/p>\n<p>U\u017etikrinkite paslaug\u0173 verslo ateit\u012f\n<\/p>\n<p>Pagerinkite pinig\u0173 srautus savo paslaug\u0173 versle\n<\/p>\n<h2><b>Sage X3<\/b> <b><red>funkcijos<\/b><\/red><\/h2>\n<h3><\/h3>\n<p><p>Keli projekt\u0173 \u0161ablonai<\/p>\n<\/p>\n<h3><\/h3>\n<p><p>Visas projekto valdymo gyvavimo ciklas<\/p>\n<\/p>\n<h3><\/h3>\n<p><p>Automatinis rekomenduojamos kainos apskai\u010diavimas<\/p>\n<\/p>\n<h3><\/h3>\n<p><p>Biud\u017eeto prognoz\u0117 kiekvienai u\u017eduo\u010diai ir projektui<\/p>\n<\/p>\n<h3><\/h3>\n<p><p>Vis\u0173 projekto per\u017ei\u016br\u0173 ir koregavim\u0173 \u012fra\u0161ai<\/p>\n<\/p>\n<h3><\/h3>\n<p><p>Keli s\u0105skait\u0173 fakt\u016br\u0173 i\u0161ra\u0161ymo metodai<\/p>\n<\/p>\n<h2><\/h2>\n<h3>Susij\u0119 puslapiai<\/h3>\n<\/p>\n<h3><\/h3>\n<\/p>\n<h3><\/h3><\/p>\n","protected":false},"excerpt":{"rendered":"<p>Privalumai jums Sage X3 padeda supaprastinti paslaug\u0173 veiklos valdym\u0105 ir atid\u017eiai steb\u0117ti projekt\u0173 komercinius ir finansinius aspektus. Bendrai, Sage X3 gali b\u016bti naudojama visam projekto gyvavimo ciklui (pasi\u016blymo pateikimui, paleidimui, paskirstymui, steb\u0117senai, nuolatinei analizei, s\u0105skait\u0173 fakt\u016br\u0173 i\u0161ra\u0161ymui ir apskaitai) valdyti ir greitai reaguoti \u012f rinkos poky\u010dius, tod\u0117l galite sutelkti d\u0117mes\u012f \u012f klient\u0173 aptarnavimo kokyb\u0119. Grei\u010diau [&hellip;]<\/p>\n","protected":false},"author":3,"featured_media":0,"parent":39464,"menu_order":0,"comment_status":"closed","ping_status":"closed","template":"templates\/template-inner.php","meta":{"_acf_changed":false,"footnotes":""},"class_list":["post-39475","page","type-page","status-publish","hentry"],"acf":[],"yoast_head":"<!-- This site is optimized with the Yoast SEO plugin v23.5 - https:\/\/yoast.com\/wordpress\/plugins\/seo\/ -->\n<title>Profesin\u0117s paslaugos - Deveho<\/title>\n<meta name=\"description\" content=\"Profesin\u0117s paslaugos: Sage X3 padeda valdyti projektus, ka\u0161tus ir s\u0105skaitas, gerinti klient\u0173 aptarnavim\u0105 bei didinti lankstum\u0105.\" \/>\n<meta name=\"robots\" content=\"index, follow, max-snippet:-1, max-image-preview:large, max-video-preview:-1\" \/>\n<link rel=\"canonical\" href=\"https:\/\/deveho.com\/lt\/sektoriai\/profesines-paslaugos\/\" \/>\n<meta property=\"og:locale\" content=\"lt_LT\" \/>\n<meta property=\"og:type\" content=\"article\" \/>\n<meta property=\"og:title\" content=\"Profesin\u0117s paslaugos - Deveho\" \/>\n<meta property=\"og:description\" content=\"Profesin\u0117s paslaugos: Sage X3 padeda valdyti projektus, ka\u0161tus ir s\u0105skaitas, gerinti klient\u0173 aptarnavim\u0105 bei didinti lankstum\u0105.\" \/>\n<meta property=\"og:url\" content=\"https:\/\/deveho.com\/lt\/sektoriai\/profesines-paslaugos\/\" \/>\n<meta property=\"og:site_name\" content=\"Deveho\" \/>\n<meta property=\"article:publisher\" content=\"https:\/\/www.facebook.com\/deveho\" \/>\n<meta property=\"article:modified_time\" content=\"2026-01-27T12:39:25+00:00\" \/>\n<meta name=\"twitter:card\" content=\"summary_large_image\" \/>\n<meta name=\"twitter:site\" content=\"@Deveho1\" \/>\n<meta name=\"twitter:label1\" content=\"Est. reading time\" \/>\n\t<meta name=\"twitter:data1\" content=\"1 minut\u0117\" \/>\n<script type=\"application\/ld+json\" class=\"yoast-schema-graph\">{\"@context\":\"https:\/\/schema.org\",\"@graph\":[{\"@type\":\"WebPage\",\"@id\":\"https:\/\/deveho.com\/lt\/sektoriai\/profesines-paslaugos\/\",\"url\":\"https:\/\/deveho.com\/lt\/sektoriai\/profesines-paslaugos\/\",\"name\":\"Profesin\u0117s paslaugos - Deveho\",\"isPartOf\":{\"@id\":\"https:\/\/deveho.com\/#website\"},\"datePublished\":\"2021-08-12T15:40:17+00:00\",\"dateModified\":\"2026-01-27T12:39:25+00:00\",\"description\":\"Profesin\u0117s paslaugos: Sage X3 padeda valdyti projektus, ka\u0161tus ir s\u0105skaitas, gerinti klient\u0173 aptarnavim\u0105 bei didinti lankstum\u0105.\",\"breadcrumb\":{\"@id\":\"https:\/\/deveho.com\/lt\/sektoriai\/profesines-paslaugos\/#breadcrumb\"},\"inLanguage\":\"lt-LT\",\"potentialAction\":[{\"@type\":\"ReadAction\",\"target\":[\"https:\/\/deveho.com\/lt\/sektoriai\/profesines-paslaugos\/\"]}]},{\"@type\":\"BreadcrumbList\",\"@id\":\"https:\/\/deveho.com\/lt\/sektoriai\/profesines-paslaugos\/#breadcrumb\",\"itemListElement\":[{\"@type\":\"ListItem\",\"position\":1,\"name\":\"Home\",\"item\":\"https:\/\/deveho.com\/lt\/\"},{\"@type\":\"ListItem\",\"position\":2,\"name\":\"Sektoriai\",\"item\":\"https:\/\/deveho.com\/lt\/sektoriai\/\"},{\"@type\":\"ListItem\",\"position\":3,\"name\":\"Profesin\u0117s paslaugos\"}]},{\"@type\":\"WebSite\",\"@id\":\"https:\/\/deveho.com\/#website\",\"url\":\"https:\/\/deveho.com\/\",\"name\":\"Deveho Consulting Group\",\"description\":\"Let\u2019s boost your growth\",\"publisher\":{\"@id\":\"https:\/\/deveho.com\/#organization\"},\"potentialAction\":[{\"@type\":\"SearchAction\",\"target\":{\"@type\":\"EntryPoint\",\"urlTemplate\":\"https:\/\/deveho.com\/?s={search_term_string}\"},\"query-input\":{\"@type\":\"PropertyValueSpecification\",\"valueRequired\":true,\"valueName\":\"search_term_string\"}}],\"inLanguage\":\"lt-LT\"},{\"@type\":\"Organization\",\"@id\":\"https:\/\/deveho.com\/#organization\",\"name\":\"Deveho Consulting Group\",\"url\":\"https:\/\/deveho.com\/\",\"logo\":{\"@type\":\"ImageObject\",\"inLanguage\":\"lt-LT\",\"@id\":\"https:\/\/deveho.com\/#\/schema\/logo\/image\/\",\"url\":\"https:\/\/deveho.com\/wp-content\/uploads\/2023\/02\/DEVEHO-LOGO-Baseline-COLOR.png\",\"contentUrl\":\"https:\/\/deveho.com\/wp-content\/uploads\/2023\/02\/DEVEHO-LOGO-Baseline-COLOR.png\",\"width\":2251,\"height\":585,\"caption\":\"Deveho Consulting Group\"},\"image\":{\"@id\":\"https:\/\/deveho.com\/#\/schema\/logo\/image\/\"},\"sameAs\":[\"https:\/\/www.facebook.com\/deveho\",\"https:\/\/x.com\/Deveho1\",\"https:\/\/www.linkedin.com\/company\/deveho-consulting\/\"]}]}<\/script>\n<!-- \/ Yoast SEO plugin. -->","yoast_head_json":{"title":"Profesin\u0117s paslaugos - Deveho","description":"Profesin\u0117s paslaugos: Sage X3 padeda valdyti projektus, ka\u0161tus ir s\u0105skaitas, gerinti klient\u0173 aptarnavim\u0105 bei didinti lankstum\u0105.","robots":{"index":"index","follow":"follow","max-snippet":"max-snippet:-1","max-image-preview":"max-image-preview:large","max-video-preview":"max-video-preview:-1"},"canonical":"https:\/\/deveho.com\/lt\/sektoriai\/profesines-paslaugos\/","og_locale":"lt_LT","og_type":"article","og_title":"Profesin\u0117s paslaugos - Deveho","og_description":"Profesin\u0117s paslaugos: Sage X3 padeda valdyti projektus, ka\u0161tus ir s\u0105skaitas, gerinti klient\u0173 aptarnavim\u0105 bei didinti lankstum\u0105.","og_url":"https:\/\/deveho.com\/lt\/sektoriai\/profesines-paslaugos\/","og_site_name":"Deveho","article_publisher":"https:\/\/www.facebook.com\/deveho","article_modified_time":"2026-01-27T12:39:25+00:00","twitter_card":"summary_large_image","twitter_site":"@Deveho1","twitter_misc":{"Est. reading time":"1 minut\u0117"},"schema":{"@context":"https:\/\/schema.org","@graph":[{"@type":"WebPage","@id":"https:\/\/deveho.com\/lt\/sektoriai\/profesines-paslaugos\/","url":"https:\/\/deveho.com\/lt\/sektoriai\/profesines-paslaugos\/","name":"Profesin\u0117s paslaugos - Deveho","isPartOf":{"@id":"https:\/\/deveho.com\/#website"},"datePublished":"2021-08-12T15:40:17+00:00","dateModified":"2026-01-27T12:39:25+00:00","description":"Profesin\u0117s paslaugos: Sage X3 padeda valdyti projektus, ka\u0161tus ir s\u0105skaitas, gerinti klient\u0173 aptarnavim\u0105 bei didinti lankstum\u0105.","breadcrumb":{"@id":"https:\/\/deveho.com\/lt\/sektoriai\/profesines-paslaugos\/#breadcrumb"},"inLanguage":"lt-LT","potentialAction":[{"@type":"ReadAction","target":["https:\/\/deveho.com\/lt\/sektoriai\/profesines-paslaugos\/"]}]},{"@type":"BreadcrumbList","@id":"https:\/\/deveho.com\/lt\/sektoriai\/profesines-paslaugos\/#breadcrumb","itemListElement":[{"@type":"ListItem","position":1,"name":"Home","item":"https:\/\/deveho.com\/lt\/"},{"@type":"ListItem","position":2,"name":"Sektoriai","item":"https:\/\/deveho.com\/lt\/sektoriai\/"},{"@type":"ListItem","position":3,"name":"Profesin\u0117s paslaugos"}]},{"@type":"WebSite","@id":"https:\/\/deveho.com\/#website","url":"https:\/\/deveho.com\/","name":"Deveho Consulting Group","description":"Let\u2019s boost your growth","publisher":{"@id":"https:\/\/deveho.com\/#organization"},"potentialAction":[{"@type":"SearchAction","target":{"@type":"EntryPoint","urlTemplate":"https:\/\/deveho.com\/?s={search_term_string}"},"query-input":{"@type":"PropertyValueSpecification","valueRequired":true,"valueName":"search_term_string"}}],"inLanguage":"lt-LT"},{"@type":"Organization","@id":"https:\/\/deveho.com\/#organization","name":"Deveho Consulting Group","url":"https:\/\/deveho.com\/","logo":{"@type":"ImageObject","inLanguage":"lt-LT","@id":"https:\/\/deveho.com\/#\/schema\/logo\/image\/","url":"https:\/\/deveho.com\/wp-content\/uploads\/2023\/02\/DEVEHO-LOGO-Baseline-COLOR.png","contentUrl":"https:\/\/deveho.com\/wp-content\/uploads\/2023\/02\/DEVEHO-LOGO-Baseline-COLOR.png","width":2251,"height":585,"caption":"Deveho Consulting Group"},"image":{"@id":"https:\/\/deveho.com\/#\/schema\/logo\/image\/"},"sameAs":["https:\/\/www.facebook.com\/deveho","https:\/\/x.com\/Deveho1","https:\/\/www.linkedin.com\/company\/deveho-consulting\/"]}]}},"_links":{"self":[{"href":"https:\/\/deveho.com\/lt\/wp-json\/wp\/v2\/pages\/39475"}],"collection":[{"href":"https:\/\/deveho.com\/lt\/wp-json\/wp\/v2\/pages"}],"about":[{"href":"https:\/\/deveho.com\/lt\/wp-json\/wp\/v2\/types\/page"}],"author":[{"embeddable":true,"href":"https:\/\/deveho.com\/lt\/wp-json\/wp\/v2\/users\/3"}],"replies":[{"embeddable":true,"href":"https:\/\/deveho.com\/lt\/wp-json\/wp\/v2\/comments?post=39475"}],"version-history":[{"count":8,"href":"https:\/\/deveho.com\/lt\/wp-json\/wp\/v2\/pages\/39475\/revisions"}],"predecessor-version":[{"id":45844,"href":"https:\/\/deveho.com\/lt\/wp-json\/wp\/v2\/pages\/39475\/revisions\/45844"}],"up":[{"embeddable":true,"href":"https:\/\/deveho.com\/lt\/wp-json\/wp\/v2\/pages\/39464"}],"wp:attachment":[{"href":"https:\/\/deveho.com\/lt\/wp-json\/wp\/v2\/media?parent=39475"}],"curies":[{"name":"wp","href":"https:\/\/api.w.org\/{rel}","templated":true}]}}