{"id":39476,"date":"2021-06-11T14:42:57","date_gmt":"2021-06-11T14:42:57","guid":{"rendered":"https:\/\/deveho.com\/profiles\/"},"modified":"2026-02-03T10:36:15","modified_gmt":"2026-02-03T08:36:15","slug":"profili","status":"publish","type":"page","link":"https:\/\/deveho.com\/lt\/profili\/","title":{"rendered":"Profiliai"},"content":{"rendered":"","protected":false},"excerpt":{"rendered":"<p>Su Sage X3 kontroliuokite vis\u0105 savo versl\u0105 &#8211; nuo tiekimo grandin\u0117s iki pardavim\u0173. Programin\u0117 \u012franga, skirta \u012fsitvirtinusioms \u012fmon\u0117ms, siekian\u010dioms didesnio efektyvumo, lankstumo ir \u012f\u017evalg\u0173.<\/p>\n","protected":false},"author":6,"featured_media":0,"parent":0,"menu_order":4,"comment_status":"closed","ping_status":"closed","template":"templates\/template-profile_parent.php","meta":{"_acf_changed":false,"footnotes":""},"class_list":["post-39476","page","type-page","status-publish","hentry"],"acf":[],"yoast_head":"<!-- This site is optimized with the Yoast SEO plugin v23.5 - https:\/\/yoast.com\/wordpress\/plugins\/seo\/ -->\n<title>Sage X3 \u2013 j\u016bs\u0173 Profiliai atitinkantis ERP sprendimas - Deveho<\/title>\n<meta name=\"description\" content=\"Sage X3 prisitaiko prie kiekvieno profil\u012f: finans\u0173, operacij\u0173, IT ir kt. Su\u017einokite, kaip m\u016bs\u0173 ERP sprendimai padeda spr\u0119sti j\u016bs\u0173 u\u017edavinius.\" \/>\n<meta name=\"robots\" content=\"index, follow, max-snippet:-1, max-image-preview:large, max-video-preview:-1\" \/>\n<link rel=\"canonical\" href=\"https:\/\/deveho.com\/lt\/profili\/\" \/>\n<meta property=\"og:locale\" content=\"lt_LT\" \/>\n<meta property=\"og:type\" content=\"article\" \/>\n<meta property=\"og:title\" content=\"Sage X3 \u2013 j\u016bs\u0173 Profiliai atitinkantis ERP sprendimas - Deveho\" \/>\n<meta property=\"og:description\" content=\"Sage X3 prisitaiko prie kiekvieno profil\u012f: finans\u0173, operacij\u0173, IT ir kt. Su\u017einokite, kaip m\u016bs\u0173 ERP sprendimai padeda spr\u0119sti j\u016bs\u0173 u\u017edavinius.\" \/>\n<meta property=\"og:url\" content=\"https:\/\/deveho.com\/lt\/profili\/\" \/>\n<meta property=\"og:site_name\" content=\"Deveho\" \/>\n<meta property=\"article:publisher\" content=\"https:\/\/www.facebook.com\/deveho\" \/>\n<meta property=\"article:modified_time\" content=\"2026-02-03T08:36:15+00:00\" \/>\n<meta name=\"twitter:card\" content=\"summary_large_image\" \/>\n<meta name=\"twitter:site\" content=\"@Deveho1\" \/>\n<script type=\"application\/ld+json\" class=\"yoast-schema-graph\">{\"@context\":\"https:\/\/schema.org\",\"@graph\":[{\"@type\":\"WebPage\",\"@id\":\"https:\/\/deveho.com\/lt\/profili\/\",\"url\":\"https:\/\/deveho.com\/lt\/profili\/\",\"name\":\"Sage X3 \u2013 j\u016bs\u0173 Profiliai atitinkantis ERP sprendimas - Deveho\",\"isPartOf\":{\"@id\":\"https:\/\/deveho.com\/#website\"},\"datePublished\":\"2021-06-11T14:42:57+00:00\",\"dateModified\":\"2026-02-03T08:36:15+00:00\",\"description\":\"Sage X3 prisitaiko prie kiekvieno profil\u012f: finans\u0173, operacij\u0173, IT ir kt. Su\u017einokite, kaip m\u016bs\u0173 ERP sprendimai padeda spr\u0119sti j\u016bs\u0173 u\u017edavinius.\",\"breadcrumb\":{\"@id\":\"https:\/\/deveho.com\/lt\/profili\/#breadcrumb\"},\"inLanguage\":\"lt-LT\",\"potentialAction\":[{\"@type\":\"ReadAction\",\"target\":[\"https:\/\/deveho.com\/lt\/profili\/\"]}]},{\"@type\":\"BreadcrumbList\",\"@id\":\"https:\/\/deveho.com\/lt\/profili\/#breadcrumb\",\"itemListElement\":[{\"@type\":\"ListItem\",\"position\":1,\"name\":\"Home\",\"item\":\"https:\/\/deveho.com\/lt\/\"},{\"@type\":\"ListItem\",\"position\":2,\"name\":\"Profiliai\"}]},{\"@type\":\"WebSite\",\"@id\":\"https:\/\/deveho.com\/#website\",\"url\":\"https:\/\/deveho.com\/\",\"name\":\"Deveho Consulting Group\",\"description\":\"Let\u2019s boost your growth\",\"publisher\":{\"@id\":\"https:\/\/deveho.com\/#organization\"},\"potentialAction\":[{\"@type\":\"SearchAction\",\"target\":{\"@type\":\"EntryPoint\",\"urlTemplate\":\"https:\/\/deveho.com\/?s={search_term_string}\"},\"query-input\":{\"@type\":\"PropertyValueSpecification\",\"valueRequired\":true,\"valueName\":\"search_term_string\"}}],\"inLanguage\":\"lt-LT\"},{\"@type\":\"Organization\",\"@id\":\"https:\/\/deveho.com\/#organization\",\"name\":\"Deveho Consulting Group\",\"url\":\"https:\/\/deveho.com\/\",\"logo\":{\"@type\":\"ImageObject\",\"inLanguage\":\"lt-LT\",\"@id\":\"https:\/\/deveho.com\/#\/schema\/logo\/image\/\",\"url\":\"https:\/\/deveho.com\/wp-content\/uploads\/2023\/02\/DEVEHO-LOGO-Baseline-COLOR.png\",\"contentUrl\":\"https:\/\/deveho.com\/wp-content\/uploads\/2023\/02\/DEVEHO-LOGO-Baseline-COLOR.png\",\"width\":2251,\"height\":585,\"caption\":\"Deveho Consulting Group\"},\"image\":{\"@id\":\"https:\/\/deveho.com\/#\/schema\/logo\/image\/\"},\"sameAs\":[\"https:\/\/www.facebook.com\/deveho\",\"https:\/\/x.com\/Deveho1\",\"https:\/\/www.linkedin.com\/company\/deveho-consulting\/\"]}]}<\/script>\n<!-- \/ Yoast SEO plugin. -->","yoast_head_json":{"title":"Sage X3 \u2013 j\u016bs\u0173 Profiliai atitinkantis ERP sprendimas - Deveho","description":"Sage X3 prisitaiko prie kiekvieno profil\u012f: finans\u0173, operacij\u0173, IT ir kt. Su\u017einokite, kaip m\u016bs\u0173 ERP sprendimai padeda spr\u0119sti j\u016bs\u0173 u\u017edavinius.","robots":{"index":"index","follow":"follow","max-snippet":"max-snippet:-1","max-image-preview":"max-image-preview:large","max-video-preview":"max-video-preview:-1"},"canonical":"https:\/\/deveho.com\/lt\/profili\/","og_locale":"lt_LT","og_type":"article","og_title":"Sage X3 \u2013 j\u016bs\u0173 Profiliai atitinkantis ERP sprendimas - Deveho","og_description":"Sage X3 prisitaiko prie kiekvieno profil\u012f: finans\u0173, operacij\u0173, IT ir kt. Su\u017einokite, kaip m\u016bs\u0173 ERP sprendimai padeda spr\u0119sti j\u016bs\u0173 u\u017edavinius.","og_url":"https:\/\/deveho.com\/lt\/profili\/","og_site_name":"Deveho","article_publisher":"https:\/\/www.facebook.com\/deveho","article_modified_time":"2026-02-03T08:36:15+00:00","twitter_card":"summary_large_image","twitter_site":"@Deveho1","schema":{"@context":"https:\/\/schema.org","@graph":[{"@type":"WebPage","@id":"https:\/\/deveho.com\/lt\/profili\/","url":"https:\/\/deveho.com\/lt\/profili\/","name":"Sage X3 \u2013 j\u016bs\u0173 Profiliai atitinkantis ERP sprendimas - Deveho","isPartOf":{"@id":"https:\/\/deveho.com\/#website"},"datePublished":"2021-06-11T14:42:57+00:00","dateModified":"2026-02-03T08:36:15+00:00","description":"Sage X3 prisitaiko prie kiekvieno profil\u012f: finans\u0173, operacij\u0173, IT ir kt. Su\u017einokite, kaip m\u016bs\u0173 ERP sprendimai padeda spr\u0119sti j\u016bs\u0173 u\u017edavinius.","breadcrumb":{"@id":"https:\/\/deveho.com\/lt\/profili\/#breadcrumb"},"inLanguage":"lt-LT","potentialAction":[{"@type":"ReadAction","target":["https:\/\/deveho.com\/lt\/profili\/"]}]},{"@type":"BreadcrumbList","@id":"https:\/\/deveho.com\/lt\/profili\/#breadcrumb","itemListElement":[{"@type":"ListItem","position":1,"name":"Home","item":"https:\/\/deveho.com\/lt\/"},{"@type":"ListItem","position":2,"name":"Profiliai"}]},{"@type":"WebSite","@id":"https:\/\/deveho.com\/#website","url":"https:\/\/deveho.com\/","name":"Deveho Consulting Group","description":"Let\u2019s boost your growth","publisher":{"@id":"https:\/\/deveho.com\/#organization"},"potentialAction":[{"@type":"SearchAction","target":{"@type":"EntryPoint","urlTemplate":"https:\/\/deveho.com\/?s={search_term_string}"},"query-input":{"@type":"PropertyValueSpecification","valueRequired":true,"valueName":"search_term_string"}}],"inLanguage":"lt-LT"},{"@type":"Organization","@id":"https:\/\/deveho.com\/#organization","name":"Deveho Consulting Group","url":"https:\/\/deveho.com\/","logo":{"@type":"ImageObject","inLanguage":"lt-LT","@id":"https:\/\/deveho.com\/#\/schema\/logo\/image\/","url":"https:\/\/deveho.com\/wp-content\/uploads\/2023\/02\/DEVEHO-LOGO-Baseline-COLOR.png","contentUrl":"https:\/\/deveho.com\/wp-content\/uploads\/2023\/02\/DEVEHO-LOGO-Baseline-COLOR.png","width":2251,"height":585,"caption":"Deveho Consulting Group"},"image":{"@id":"https:\/\/deveho.com\/#\/schema\/logo\/image\/"},"sameAs":["https:\/\/www.facebook.com\/deveho","https:\/\/x.com\/Deveho1","https:\/\/www.linkedin.com\/company\/deveho-consulting\/"]}]}},"_links":{"self":[{"href":"https:\/\/deveho.com\/lt\/wp-json\/wp\/v2\/pages\/39476"}],"collection":[{"href":"https:\/\/deveho.com\/lt\/wp-json\/wp\/v2\/pages"}],"about":[{"href":"https:\/\/deveho.com\/lt\/wp-json\/wp\/v2\/types\/page"}],"author":[{"embeddable":true,"href":"https:\/\/deveho.com\/lt\/wp-json\/wp\/v2\/users\/6"}],"replies":[{"embeddable":true,"href":"https:\/\/deveho.com\/lt\/wp-json\/wp\/v2\/comments?post=39476"}],"version-history":[{"count":5,"href":"https:\/\/deveho.com\/lt\/wp-json\/wp\/v2\/pages\/39476\/revisions"}],"predecessor-version":[{"id":46084,"href":"https:\/\/deveho.com\/lt\/wp-json\/wp\/v2\/pages\/39476\/revisions\/46084"}],"wp:attachment":[{"href":"https:\/\/deveho.com\/lt\/wp-json\/wp\/v2\/media?parent=39476"}],"curies":[{"name":"wp","href":"https:\/\/api.w.org\/{rel}","templated":true}]}}