{"id":39478,"date":"2021-06-11T14:43:53","date_gmt":"2021-06-11T14:43:53","guid":{"rendered":"https:\/\/deveho.com\/profiles\/company-managers\/"},"modified":"2026-01-27T14:41:37","modified_gmt":"2026-01-27T12:41:37","slug":"imoniu-vadovams","status":"publish","type":"page","link":"https:\/\/deveho.com\/lt\/profili\/imoniu-vadovams\/","title":{"rendered":"\u012emoni\u0173 vadovams"},"content":{"rendered":"<br \/>\n<h2>Verslo valdymas su Sage X3 \u012fmoni\u0173 vadovams<\/h2>\n<h3><\/h3>\n<h3>Naudodamiesi Sage X3 galite matyti vis\u0105 savo verslo gyvavimo cikl\u0105 &#8211; nuo pasi\u016blymo su jo i\u0161laid\u0173 i\u0161skaidymu suk\u016brimo, s\u0105skait\u0173 fakt\u016br\u0173 i\u0161ra\u0161ymo, biud\u017eeto steb\u0117senos ir finans\u0173 iki pirkimo u\u017esakym\u0173 proces\u0173, i\u0161tekli\u0173 paskirstymo gamybai.<br \/>\n<\/h3>\n<\/p>\n<h2><\/h2>\n<h3>Susij\u0119 puslapiai<\/h3>\n<\/p>\n<h3><\/h3>\n<\/p>\n<h3><\/h3><\/p>\n","protected":false},"excerpt":{"rendered":"<p>Naudodami Sage X3, \u012emoni\u0173 vadovams gauna visapusi\u0161k\u0105 informacij\u0105 apie veikl\u0105, finansus ir strategij\u0105 bei skatina verslo s\u0117km\u0119. Sage X3 projekt\u0173 valdymo modulis leid\u017eia organizuoti projekt\u0105 nuo s\u0105matos iki gamybos pagal biud\u017eet\u0105 ir etapus. <\/p>\n","protected":false},"author":6,"featured_media":0,"parent":39476,"menu_order":0,"comment_status":"closed","ping_status":"closed","template":"templates\/template-inner.php","meta":{"_acf_changed":false,"footnotes":""},"class_list":["post-39478","page","type-page","status-publish","hentry"],"acf":[],"yoast_head":"<!-- This site is optimized with the Yoast SEO plugin v23.5 - https:\/\/yoast.com\/wordpress\/plugins\/seo\/ -->\n<title>Sage X3 for \u012emoni\u0173 vadovams, efektyviai valdykite savo versl\u0105 - Deveho<\/title>\n<meta name=\"description\" content=\"Naudodami Sage X3, \u012emoni\u0173 vadovams gauna visapusi\u0161k\u0105 informacij\u0105 apie veikl\u0105, finansus ir strategij\u0105 bei skatina verslo s\u0117km\u0119.\" \/>\n<meta name=\"robots\" content=\"index, follow, max-snippet:-1, max-image-preview:large, max-video-preview:-1\" \/>\n<link rel=\"canonical\" href=\"https:\/\/deveho.com\/lt\/profili\/imoniu-vadovams\/\" \/>\n<meta property=\"og:locale\" content=\"lt_LT\" \/>\n<meta property=\"og:type\" content=\"article\" \/>\n<meta property=\"og:title\" content=\"Sage X3 for \u012emoni\u0173 vadovams, efektyviai valdykite savo versl\u0105 - Deveho\" \/>\n<meta property=\"og:description\" content=\"Naudodami Sage X3, \u012emoni\u0173 vadovams gauna visapusi\u0161k\u0105 informacij\u0105 apie veikl\u0105, finansus ir strategij\u0105 bei skatina verslo s\u0117km\u0119.\" \/>\n<meta property=\"og:url\" content=\"https:\/\/deveho.com\/lt\/profili\/imoniu-vadovams\/\" \/>\n<meta property=\"og:site_name\" content=\"Deveho\" \/>\n<meta property=\"article:publisher\" content=\"https:\/\/www.facebook.com\/deveho\" \/>\n<meta property=\"article:modified_time\" content=\"2026-01-27T12:41:37+00:00\" \/>\n<meta name=\"twitter:card\" content=\"summary_large_image\" \/>\n<meta name=\"twitter:site\" content=\"@Deveho1\" \/>\n<meta name=\"twitter:label1\" content=\"Est. reading time\" \/>\n\t<meta name=\"twitter:data1\" content=\"1 minut\u0117\" \/>\n<script type=\"application\/ld+json\" class=\"yoast-schema-graph\">{\"@context\":\"https:\/\/schema.org\",\"@graph\":[{\"@type\":\"WebPage\",\"@id\":\"https:\/\/deveho.com\/lt\/profili\/imoniu-vadovams\/\",\"url\":\"https:\/\/deveho.com\/lt\/profili\/imoniu-vadovams\/\",\"name\":\"Sage X3 for \u012emoni\u0173 vadovams, efektyviai valdykite savo versl\u0105 - Deveho\",\"isPartOf\":{\"@id\":\"https:\/\/deveho.com\/#website\"},\"datePublished\":\"2021-06-11T14:43:53+00:00\",\"dateModified\":\"2026-01-27T12:41:37+00:00\",\"description\":\"Naudodami Sage X3, \u012emoni\u0173 vadovams gauna visapusi\u0161k\u0105 informacij\u0105 apie veikl\u0105, finansus ir strategij\u0105 bei skatina verslo s\u0117km\u0119.\",\"breadcrumb\":{\"@id\":\"https:\/\/deveho.com\/lt\/profili\/imoniu-vadovams\/#breadcrumb\"},\"inLanguage\":\"lt-LT\",\"potentialAction\":[{\"@type\":\"ReadAction\",\"target\":[\"https:\/\/deveho.com\/lt\/profili\/imoniu-vadovams\/\"]}]},{\"@type\":\"BreadcrumbList\",\"@id\":\"https:\/\/deveho.com\/lt\/profili\/imoniu-vadovams\/#breadcrumb\",\"itemListElement\":[{\"@type\":\"ListItem\",\"position\":1,\"name\":\"Home\",\"item\":\"https:\/\/deveho.com\/lt\/\"},{\"@type\":\"ListItem\",\"position\":2,\"name\":\"Profiliai\",\"item\":\"https:\/\/deveho.com\/lt\/profili\/\"},{\"@type\":\"ListItem\",\"position\":3,\"name\":\"\u012emoni\u0173 vadovams\"}]},{\"@type\":\"WebSite\",\"@id\":\"https:\/\/deveho.com\/#website\",\"url\":\"https:\/\/deveho.com\/\",\"name\":\"Deveho Consulting Group\",\"description\":\"Let\u2019s boost your growth\",\"publisher\":{\"@id\":\"https:\/\/deveho.com\/#organization\"},\"potentialAction\":[{\"@type\":\"SearchAction\",\"target\":{\"@type\":\"EntryPoint\",\"urlTemplate\":\"https:\/\/deveho.com\/?s={search_term_string}\"},\"query-input\":{\"@type\":\"PropertyValueSpecification\",\"valueRequired\":true,\"valueName\":\"search_term_string\"}}],\"inLanguage\":\"lt-LT\"},{\"@type\":\"Organization\",\"@id\":\"https:\/\/deveho.com\/#organization\",\"name\":\"Deveho Consulting Group\",\"url\":\"https:\/\/deveho.com\/\",\"logo\":{\"@type\":\"ImageObject\",\"inLanguage\":\"lt-LT\",\"@id\":\"https:\/\/deveho.com\/#\/schema\/logo\/image\/\",\"url\":\"https:\/\/deveho.com\/wp-content\/uploads\/2023\/02\/DEVEHO-LOGO-Baseline-COLOR.png\",\"contentUrl\":\"https:\/\/deveho.com\/wp-content\/uploads\/2023\/02\/DEVEHO-LOGO-Baseline-COLOR.png\",\"width\":2251,\"height\":585,\"caption\":\"Deveho Consulting Group\"},\"image\":{\"@id\":\"https:\/\/deveho.com\/#\/schema\/logo\/image\/\"},\"sameAs\":[\"https:\/\/www.facebook.com\/deveho\",\"https:\/\/x.com\/Deveho1\",\"https:\/\/www.linkedin.com\/company\/deveho-consulting\/\"]}]}<\/script>\n<!-- \/ Yoast SEO plugin. -->","yoast_head_json":{"title":"Sage X3 for \u012emoni\u0173 vadovams, efektyviai valdykite savo versl\u0105 - Deveho","description":"Naudodami Sage X3, \u012emoni\u0173 vadovams gauna visapusi\u0161k\u0105 informacij\u0105 apie veikl\u0105, finansus ir strategij\u0105 bei skatina verslo s\u0117km\u0119.","robots":{"index":"index","follow":"follow","max-snippet":"max-snippet:-1","max-image-preview":"max-image-preview:large","max-video-preview":"max-video-preview:-1"},"canonical":"https:\/\/deveho.com\/lt\/profili\/imoniu-vadovams\/","og_locale":"lt_LT","og_type":"article","og_title":"Sage X3 for \u012emoni\u0173 vadovams, efektyviai valdykite savo versl\u0105 - Deveho","og_description":"Naudodami Sage X3, \u012emoni\u0173 vadovams gauna visapusi\u0161k\u0105 informacij\u0105 apie veikl\u0105, finansus ir strategij\u0105 bei skatina verslo s\u0117km\u0119.","og_url":"https:\/\/deveho.com\/lt\/profili\/imoniu-vadovams\/","og_site_name":"Deveho","article_publisher":"https:\/\/www.facebook.com\/deveho","article_modified_time":"2026-01-27T12:41:37+00:00","twitter_card":"summary_large_image","twitter_site":"@Deveho1","twitter_misc":{"Est. reading time":"1 minut\u0117"},"schema":{"@context":"https:\/\/schema.org","@graph":[{"@type":"WebPage","@id":"https:\/\/deveho.com\/lt\/profili\/imoniu-vadovams\/","url":"https:\/\/deveho.com\/lt\/profili\/imoniu-vadovams\/","name":"Sage X3 for \u012emoni\u0173 vadovams, efektyviai valdykite savo versl\u0105 - Deveho","isPartOf":{"@id":"https:\/\/deveho.com\/#website"},"datePublished":"2021-06-11T14:43:53+00:00","dateModified":"2026-01-27T12:41:37+00:00","description":"Naudodami Sage X3, \u012emoni\u0173 vadovams gauna visapusi\u0161k\u0105 informacij\u0105 apie veikl\u0105, finansus ir strategij\u0105 bei skatina verslo s\u0117km\u0119.","breadcrumb":{"@id":"https:\/\/deveho.com\/lt\/profili\/imoniu-vadovams\/#breadcrumb"},"inLanguage":"lt-LT","potentialAction":[{"@type":"ReadAction","target":["https:\/\/deveho.com\/lt\/profili\/imoniu-vadovams\/"]}]},{"@type":"BreadcrumbList","@id":"https:\/\/deveho.com\/lt\/profili\/imoniu-vadovams\/#breadcrumb","itemListElement":[{"@type":"ListItem","position":1,"name":"Home","item":"https:\/\/deveho.com\/lt\/"},{"@type":"ListItem","position":2,"name":"Profiliai","item":"https:\/\/deveho.com\/lt\/profili\/"},{"@type":"ListItem","position":3,"name":"\u012emoni\u0173 vadovams"}]},{"@type":"WebSite","@id":"https:\/\/deveho.com\/#website","url":"https:\/\/deveho.com\/","name":"Deveho Consulting Group","description":"Let\u2019s boost your growth","publisher":{"@id":"https:\/\/deveho.com\/#organization"},"potentialAction":[{"@type":"SearchAction","target":{"@type":"EntryPoint","urlTemplate":"https:\/\/deveho.com\/?s={search_term_string}"},"query-input":{"@type":"PropertyValueSpecification","valueRequired":true,"valueName":"search_term_string"}}],"inLanguage":"lt-LT"},{"@type":"Organization","@id":"https:\/\/deveho.com\/#organization","name":"Deveho Consulting Group","url":"https:\/\/deveho.com\/","logo":{"@type":"ImageObject","inLanguage":"lt-LT","@id":"https:\/\/deveho.com\/#\/schema\/logo\/image\/","url":"https:\/\/deveho.com\/wp-content\/uploads\/2023\/02\/DEVEHO-LOGO-Baseline-COLOR.png","contentUrl":"https:\/\/deveho.com\/wp-content\/uploads\/2023\/02\/DEVEHO-LOGO-Baseline-COLOR.png","width":2251,"height":585,"caption":"Deveho Consulting Group"},"image":{"@id":"https:\/\/deveho.com\/#\/schema\/logo\/image\/"},"sameAs":["https:\/\/www.facebook.com\/deveho","https:\/\/x.com\/Deveho1","https:\/\/www.linkedin.com\/company\/deveho-consulting\/"]}]}},"_links":{"self":[{"href":"https:\/\/deveho.com\/lt\/wp-json\/wp\/v2\/pages\/39478"}],"collection":[{"href":"https:\/\/deveho.com\/lt\/wp-json\/wp\/v2\/pages"}],"about":[{"href":"https:\/\/deveho.com\/lt\/wp-json\/wp\/v2\/types\/page"}],"author":[{"embeddable":true,"href":"https:\/\/deveho.com\/lt\/wp-json\/wp\/v2\/users\/6"}],"replies":[{"embeddable":true,"href":"https:\/\/deveho.com\/lt\/wp-json\/wp\/v2\/comments?post=39478"}],"version-history":[{"count":8,"href":"https:\/\/deveho.com\/lt\/wp-json\/wp\/v2\/pages\/39478\/revisions"}],"predecessor-version":[{"id":45854,"href":"https:\/\/deveho.com\/lt\/wp-json\/wp\/v2\/pages\/39478\/revisions\/45854"}],"up":[{"embeddable":true,"href":"https:\/\/deveho.com\/lt\/wp-json\/wp\/v2\/pages\/39476"}],"wp:attachment":[{"href":"https:\/\/deveho.com\/lt\/wp-json\/wp\/v2\/media?parent=39478"}],"curies":[{"name":"wp","href":"https:\/\/api.w.org\/{rel}","templated":true}]}}