{"id":39485,"date":"2021-06-11T14:44:02","date_gmt":"2021-06-11T14:44:02","guid":{"rendered":"https:\/\/deveho.com\/profiles\/warehouse-logistics-manager\/"},"modified":"2026-02-09T17:52:04","modified_gmt":"2026-02-09T15:52:04","slug":"sandelio-ir-logistikos-vadybininkas","status":"publish","type":"page","link":"https:\/\/deveho.com\/lt\/profili\/sandelio-ir-logistikos-vadybininkas\/","title":{"rendered":"Sand\u0117lio ir logistikos vadybininkas"},"content":{"rendered":"<br \/>\n<h3><red><b> Privalumai <\/red> <\/b>sand\u0117lio ir logistikos vadybininkas<\/h3>\n<p><p>Warehouse Manager &#8211; tai belaidis sand\u0117lio valdymo sprendimas, sujungtas su rankiniais skaitytuvais ir specialiais ekranais, suteikiantis sand\u0117lio darbuotojams pla\u010dias galimybes atlikti visas pagrindines sand\u0117lio operacijas: nuo atsarg\u0173 u\u017eklaus\u0173 iki u\u017esakym\u0173 komplektavimo, pri\u0117mimo, paskirstymo, produkt\u0173 inventorizacijos, perk\u0117limo, gamybos u\u017eduo\u010di\u0173 ir daug daugiau.<\/p>\n<\/p>\n<p>25% padidinkite atsarg\u0173 buvimo zonos tikslum\u0105, automati\u0161kai registruodami kiekius ir zon\u0105 keliose talpyklose\n<\/p>\n<p>Padidinkite atsarg\u0173 tikslum\u0105 iki 99%, nes pagerinsite gavimo, atsarg\u0173 paskirstymo ir komplektavimo tikslum\u0105\n<\/p>\n<p>25% padidinti komplektavimo greit\u012f, suma\u017einant klaid\u0173 skai\u010di\u0173 ir padidinant atskir\u0173 komplektuotoj\u0173 na\u0161um\u0105\n<\/p>\n<p>75% didesnis atsarg\u0173 inventorizacijos efektyvumas, nes rankiniai prietaisai nukreipia naudotojus \u012f atitinkamas vietas ir pra\u0161o pateikti informacij\u0105 apie inventorizuojamus produktus bei faktin\u012f kiek\u012f.<\/p>\n<p>Efektyviai suteikite sand\u0117lio darbuotojams daugiau galimybi\u0173, i\u0161laikydami Sage X3 kontrol\u0119\n<\/p>\n<p>Padidinkite produktyvum\u0105, nes nebereikia dubliuoti ir rankiniu b\u016bdu \u012fvesti duomen\u0173.\n<\/p>\n<p>Pagerinkite klient\u0173 aptarnavim\u0105 padidindami u\u017esakym\u0173 tikslum\u0105 ir realiuoju laiku turim\u0173 atsarg\u0173 kiek\u012f\n<\/p>\n<h2><\/h2>\n<h3>Susij\u0119 puslapiai<\/h3>\n<\/p>\n<h3><\/h3>\n<\/p>\n<h3><\/h3><\/p>\n","protected":false},"excerpt":{"rendered":"<p>Sage X3 padeda sand\u0117li\u0173 ir logistikos vadybininkams valdyti atsargas, supaprastinti logistik\u0105 ir optimizuoti tiekimo grandin\u0117s operacijas, siekiant didesnio efektyvumo.<\/p>\n","protected":false},"author":6,"featured_media":0,"parent":39476,"menu_order":0,"comment_status":"closed","ping_status":"closed","template":"templates\/template-inner.php","meta":{"_acf_changed":false,"footnotes":""},"class_list":["post-39485","page","type-page","status-publish","hentry"],"acf":[],"yoast_head":"<!-- This site is optimized with the Yoast SEO plugin v23.5 - https:\/\/yoast.com\/wordpress\/plugins\/seo\/ -->\n<title>Sage X3 logistikos vadybininkas, tiekimo grandin\u0117s optimizavimas - Deveho<\/title>\n<meta name=\"description\" content=\"Sage X3 padeda Sand\u0117lio ir logistikos vadybininkas valdyti atsargas, supaprastinti logistik\u0105 ir optimizuoti tiekimo grandin\u0117s operacijas.\" \/>\n<meta name=\"robots\" content=\"index, follow, max-snippet:-1, max-image-preview:large, max-video-preview:-1\" \/>\n<link rel=\"canonical\" href=\"https:\/\/deveho.com\/lt\/profili\/sandelio-ir-logistikos-vadybininkas\/\" \/>\n<meta property=\"og:locale\" content=\"lt_LT\" \/>\n<meta property=\"og:type\" content=\"article\" \/>\n<meta property=\"og:title\" content=\"Sage X3 logistikos vadybininkas, tiekimo grandin\u0117s optimizavimas - Deveho\" \/>\n<meta property=\"og:description\" content=\"Sage X3 padeda Sand\u0117lio ir logistikos vadybininkas valdyti atsargas, supaprastinti logistik\u0105 ir optimizuoti tiekimo grandin\u0117s operacijas.\" \/>\n<meta property=\"og:url\" content=\"https:\/\/deveho.com\/lt\/profili\/sandelio-ir-logistikos-vadybininkas\/\" \/>\n<meta property=\"og:site_name\" content=\"Deveho\" \/>\n<meta property=\"article:publisher\" content=\"https:\/\/www.facebook.com\/deveho\" \/>\n<meta property=\"article:modified_time\" content=\"2026-02-09T15:52:04+00:00\" \/>\n<meta name=\"twitter:card\" content=\"summary_large_image\" \/>\n<meta name=\"twitter:site\" content=\"@Deveho1\" \/>\n<meta name=\"twitter:label1\" content=\"Est. reading time\" \/>\n\t<meta name=\"twitter:data1\" content=\"1 minut\u0117\" \/>\n<script type=\"application\/ld+json\" class=\"yoast-schema-graph\">{\"@context\":\"https:\/\/schema.org\",\"@graph\":[{\"@type\":\"WebPage\",\"@id\":\"https:\/\/deveho.com\/lt\/profili\/sandelio-ir-logistikos-vadybininkas\/\",\"url\":\"https:\/\/deveho.com\/lt\/profili\/sandelio-ir-logistikos-vadybininkas\/\",\"name\":\"Sage X3 logistikos vadybininkas, tiekimo grandin\u0117s optimizavimas - Deveho\",\"isPartOf\":{\"@id\":\"https:\/\/deveho.com\/#website\"},\"datePublished\":\"2021-06-11T14:44:02+00:00\",\"dateModified\":\"2026-02-09T15:52:04+00:00\",\"description\":\"Sage X3 padeda Sand\u0117lio ir logistikos vadybininkas valdyti atsargas, supaprastinti logistik\u0105 ir optimizuoti tiekimo grandin\u0117s operacijas.\",\"breadcrumb\":{\"@id\":\"https:\/\/deveho.com\/lt\/profili\/sandelio-ir-logistikos-vadybininkas\/#breadcrumb\"},\"inLanguage\":\"lt-LT\",\"potentialAction\":[{\"@type\":\"ReadAction\",\"target\":[\"https:\/\/deveho.com\/lt\/profili\/sandelio-ir-logistikos-vadybininkas\/\"]}]},{\"@type\":\"BreadcrumbList\",\"@id\":\"https:\/\/deveho.com\/lt\/profili\/sandelio-ir-logistikos-vadybininkas\/#breadcrumb\",\"itemListElement\":[{\"@type\":\"ListItem\",\"position\":1,\"name\":\"Home\",\"item\":\"https:\/\/deveho.com\/lt\/\"},{\"@type\":\"ListItem\",\"position\":2,\"name\":\"Profiliai\",\"item\":\"https:\/\/deveho.com\/lt\/profili\/\"},{\"@type\":\"ListItem\",\"position\":3,\"name\":\"Sand\u0117lio ir logistikos vadybininkas\"}]},{\"@type\":\"WebSite\",\"@id\":\"https:\/\/deveho.com\/#website\",\"url\":\"https:\/\/deveho.com\/\",\"name\":\"Deveho Consulting Group\",\"description\":\"Let\u2019s boost your growth\",\"publisher\":{\"@id\":\"https:\/\/deveho.com\/#organization\"},\"potentialAction\":[{\"@type\":\"SearchAction\",\"target\":{\"@type\":\"EntryPoint\",\"urlTemplate\":\"https:\/\/deveho.com\/?s={search_term_string}\"},\"query-input\":{\"@type\":\"PropertyValueSpecification\",\"valueRequired\":true,\"valueName\":\"search_term_string\"}}],\"inLanguage\":\"lt-LT\"},{\"@type\":\"Organization\",\"@id\":\"https:\/\/deveho.com\/#organization\",\"name\":\"Deveho Consulting Group\",\"url\":\"https:\/\/deveho.com\/\",\"logo\":{\"@type\":\"ImageObject\",\"inLanguage\":\"lt-LT\",\"@id\":\"https:\/\/deveho.com\/#\/schema\/logo\/image\/\",\"url\":\"https:\/\/deveho.com\/wp-content\/uploads\/2023\/02\/DEVEHO-LOGO-Baseline-COLOR.png\",\"contentUrl\":\"https:\/\/deveho.com\/wp-content\/uploads\/2023\/02\/DEVEHO-LOGO-Baseline-COLOR.png\",\"width\":2251,\"height\":585,\"caption\":\"Deveho Consulting Group\"},\"image\":{\"@id\":\"https:\/\/deveho.com\/#\/schema\/logo\/image\/\"},\"sameAs\":[\"https:\/\/www.facebook.com\/deveho\",\"https:\/\/x.com\/Deveho1\",\"https:\/\/www.linkedin.com\/company\/deveho-consulting\/\"]}]}<\/script>\n<!-- \/ Yoast SEO plugin. -->","yoast_head_json":{"title":"Sage X3 logistikos vadybininkas, tiekimo grandin\u0117s optimizavimas - Deveho","description":"Sage X3 padeda Sand\u0117lio ir logistikos vadybininkas valdyti atsargas, supaprastinti logistik\u0105 ir optimizuoti tiekimo grandin\u0117s operacijas.","robots":{"index":"index","follow":"follow","max-snippet":"max-snippet:-1","max-image-preview":"max-image-preview:large","max-video-preview":"max-video-preview:-1"},"canonical":"https:\/\/deveho.com\/lt\/profili\/sandelio-ir-logistikos-vadybininkas\/","og_locale":"lt_LT","og_type":"article","og_title":"Sage X3 logistikos vadybininkas, tiekimo grandin\u0117s optimizavimas - Deveho","og_description":"Sage X3 padeda Sand\u0117lio ir logistikos vadybininkas valdyti atsargas, supaprastinti logistik\u0105 ir optimizuoti tiekimo grandin\u0117s operacijas.","og_url":"https:\/\/deveho.com\/lt\/profili\/sandelio-ir-logistikos-vadybininkas\/","og_site_name":"Deveho","article_publisher":"https:\/\/www.facebook.com\/deveho","article_modified_time":"2026-02-09T15:52:04+00:00","twitter_card":"summary_large_image","twitter_site":"@Deveho1","twitter_misc":{"Est. reading time":"1 minut\u0117"},"schema":{"@context":"https:\/\/schema.org","@graph":[{"@type":"WebPage","@id":"https:\/\/deveho.com\/lt\/profili\/sandelio-ir-logistikos-vadybininkas\/","url":"https:\/\/deveho.com\/lt\/profili\/sandelio-ir-logistikos-vadybininkas\/","name":"Sage X3 logistikos vadybininkas, tiekimo grandin\u0117s optimizavimas - Deveho","isPartOf":{"@id":"https:\/\/deveho.com\/#website"},"datePublished":"2021-06-11T14:44:02+00:00","dateModified":"2026-02-09T15:52:04+00:00","description":"Sage X3 padeda Sand\u0117lio ir logistikos vadybininkas valdyti atsargas, supaprastinti logistik\u0105 ir optimizuoti tiekimo grandin\u0117s operacijas.","breadcrumb":{"@id":"https:\/\/deveho.com\/lt\/profili\/sandelio-ir-logistikos-vadybininkas\/#breadcrumb"},"inLanguage":"lt-LT","potentialAction":[{"@type":"ReadAction","target":["https:\/\/deveho.com\/lt\/profili\/sandelio-ir-logistikos-vadybininkas\/"]}]},{"@type":"BreadcrumbList","@id":"https:\/\/deveho.com\/lt\/profili\/sandelio-ir-logistikos-vadybininkas\/#breadcrumb","itemListElement":[{"@type":"ListItem","position":1,"name":"Home","item":"https:\/\/deveho.com\/lt\/"},{"@type":"ListItem","position":2,"name":"Profiliai","item":"https:\/\/deveho.com\/lt\/profili\/"},{"@type":"ListItem","position":3,"name":"Sand\u0117lio ir logistikos vadybininkas"}]},{"@type":"WebSite","@id":"https:\/\/deveho.com\/#website","url":"https:\/\/deveho.com\/","name":"Deveho Consulting Group","description":"Let\u2019s boost your growth","publisher":{"@id":"https:\/\/deveho.com\/#organization"},"potentialAction":[{"@type":"SearchAction","target":{"@type":"EntryPoint","urlTemplate":"https:\/\/deveho.com\/?s={search_term_string}"},"query-input":{"@type":"PropertyValueSpecification","valueRequired":true,"valueName":"search_term_string"}}],"inLanguage":"lt-LT"},{"@type":"Organization","@id":"https:\/\/deveho.com\/#organization","name":"Deveho Consulting Group","url":"https:\/\/deveho.com\/","logo":{"@type":"ImageObject","inLanguage":"lt-LT","@id":"https:\/\/deveho.com\/#\/schema\/logo\/image\/","url":"https:\/\/deveho.com\/wp-content\/uploads\/2023\/02\/DEVEHO-LOGO-Baseline-COLOR.png","contentUrl":"https:\/\/deveho.com\/wp-content\/uploads\/2023\/02\/DEVEHO-LOGO-Baseline-COLOR.png","width":2251,"height":585,"caption":"Deveho Consulting Group"},"image":{"@id":"https:\/\/deveho.com\/#\/schema\/logo\/image\/"},"sameAs":["https:\/\/www.facebook.com\/deveho","https:\/\/x.com\/Deveho1","https:\/\/www.linkedin.com\/company\/deveho-consulting\/"]}]}},"_links":{"self":[{"href":"https:\/\/deveho.com\/lt\/wp-json\/wp\/v2\/pages\/39485"}],"collection":[{"href":"https:\/\/deveho.com\/lt\/wp-json\/wp\/v2\/pages"}],"about":[{"href":"https:\/\/deveho.com\/lt\/wp-json\/wp\/v2\/types\/page"}],"author":[{"embeddable":true,"href":"https:\/\/deveho.com\/lt\/wp-json\/wp\/v2\/users\/6"}],"replies":[{"embeddable":true,"href":"https:\/\/deveho.com\/lt\/wp-json\/wp\/v2\/comments?post=39485"}],"version-history":[{"count":11,"href":"https:\/\/deveho.com\/lt\/wp-json\/wp\/v2\/pages\/39485\/revisions"}],"predecessor-version":[{"id":46145,"href":"https:\/\/deveho.com\/lt\/wp-json\/wp\/v2\/pages\/39485\/revisions\/46145"}],"up":[{"embeddable":true,"href":"https:\/\/deveho.com\/lt\/wp-json\/wp\/v2\/pages\/39476"}],"wp:attachment":[{"href":"https:\/\/deveho.com\/lt\/wp-json\/wp\/v2\/media?parent=39485"}],"curies":[{"name":"wp","href":"https:\/\/api.w.org\/{rel}","templated":true}]}}