{"id":39488,"date":"2021-06-18T09:27:33","date_gmt":"2021-06-18T09:27:33","guid":{"rendered":"https:\/\/deveho.com\/library\/"},"modified":"2025-08-07T11:31:59","modified_gmt":"2025-08-07T09:31:59","slug":"biblioteka","status":"publish","type":"page","link":"https:\/\/deveho.com\/lt\/biblioteka\/","title":{"rendered":"Biblioteka"},"content":{"rendered":"","protected":false},"excerpt":{"rendered":"<p>Deveho bibliotekoje rasite daugyb\u0119 i\u0161tekli\u0173, kurie pad\u0117s jums patobulinti savo strategij\u0105 naudojant integruotas ERP sprendimus.<\/p>\n","protected":false},"author":6,"featured_media":0,"parent":0,"menu_order":7,"comment_status":"closed","ping_status":"closed","template":"templates\/template-library.php","meta":{"_acf_changed":false,"footnotes":""},"class_list":["post-39488","page","type-page","status-publish","hentry"],"acf":[],"yoast_head":"<!-- This site is optimized with the Yoast SEO plugin v23.5 - https:\/\/yoast.com\/wordpress\/plugins\/seo\/ -->\n<title>Biblioteka, platus i\u0161tekli\u0173 pasirinkimas - Deveho<\/title>\n<meta name=\"description\" content=\"Deveho bibliotekoje rasite daugyb\u0119 i\u0161tekli\u0173, kurie pad\u0117s jums patobulinti savo strategij\u0105 naudojant integruotas ERP sprendimus.\" \/>\n<meta name=\"robots\" content=\"index, follow, max-snippet:-1, max-image-preview:large, max-video-preview:-1\" \/>\n<link rel=\"canonical\" href=\"https:\/\/deveho.com\/lt\/biblioteka\/\" \/>\n<meta property=\"og:locale\" content=\"lt_LT\" \/>\n<meta property=\"og:type\" content=\"article\" \/>\n<meta property=\"og:title\" content=\"Biblioteka, platus i\u0161tekli\u0173 pasirinkimas - Deveho\" \/>\n<meta property=\"og:description\" content=\"Deveho bibliotekoje rasite daugyb\u0119 i\u0161tekli\u0173, kurie pad\u0117s jums patobulinti savo strategij\u0105 naudojant integruotas ERP sprendimus.\" \/>\n<meta property=\"og:url\" content=\"https:\/\/deveho.com\/lt\/biblioteka\/\" \/>\n<meta property=\"og:site_name\" content=\"Deveho\" \/>\n<meta property=\"article:publisher\" content=\"https:\/\/www.facebook.com\/deveho\" \/>\n<meta property=\"article:modified_time\" content=\"2025-08-07T09:31:59+00:00\" \/>\n<meta name=\"twitter:card\" content=\"summary_large_image\" \/>\n<meta name=\"twitter:site\" content=\"@Deveho1\" \/>\n<script type=\"application\/ld+json\" class=\"yoast-schema-graph\">{\"@context\":\"https:\/\/schema.org\",\"@graph\":[{\"@type\":\"WebPage\",\"@id\":\"https:\/\/deveho.com\/lt\/biblioteka\/\",\"url\":\"https:\/\/deveho.com\/lt\/biblioteka\/\",\"name\":\"Biblioteka, platus i\u0161tekli\u0173 pasirinkimas - Deveho\",\"isPartOf\":{\"@id\":\"https:\/\/deveho.com\/#website\"},\"datePublished\":\"2021-06-18T09:27:33+00:00\",\"dateModified\":\"2025-08-07T09:31:59+00:00\",\"description\":\"Deveho bibliotekoje rasite daugyb\u0119 i\u0161tekli\u0173, kurie pad\u0117s jums patobulinti savo strategij\u0105 naudojant integruotas ERP sprendimus.\",\"breadcrumb\":{\"@id\":\"https:\/\/deveho.com\/lt\/biblioteka\/#breadcrumb\"},\"inLanguage\":\"lt-LT\",\"potentialAction\":[{\"@type\":\"ReadAction\",\"target\":[\"https:\/\/deveho.com\/lt\/biblioteka\/\"]}]},{\"@type\":\"BreadcrumbList\",\"@id\":\"https:\/\/deveho.com\/lt\/biblioteka\/#breadcrumb\",\"itemListElement\":[{\"@type\":\"ListItem\",\"position\":1,\"name\":\"Home\",\"item\":\"https:\/\/deveho.com\/lt\/\"},{\"@type\":\"ListItem\",\"position\":2,\"name\":\"Biblioteka\"}]},{\"@type\":\"WebSite\",\"@id\":\"https:\/\/deveho.com\/#website\",\"url\":\"https:\/\/deveho.com\/\",\"name\":\"Deveho Consulting Group\",\"description\":\"Let\u2019s boost your growth\",\"publisher\":{\"@id\":\"https:\/\/deveho.com\/#organization\"},\"potentialAction\":[{\"@type\":\"SearchAction\",\"target\":{\"@type\":\"EntryPoint\",\"urlTemplate\":\"https:\/\/deveho.com\/?s={search_term_string}\"},\"query-input\":{\"@type\":\"PropertyValueSpecification\",\"valueRequired\":true,\"valueName\":\"search_term_string\"}}],\"inLanguage\":\"lt-LT\"},{\"@type\":\"Organization\",\"@id\":\"https:\/\/deveho.com\/#organization\",\"name\":\"Deveho Consulting Group\",\"url\":\"https:\/\/deveho.com\/\",\"logo\":{\"@type\":\"ImageObject\",\"inLanguage\":\"lt-LT\",\"@id\":\"https:\/\/deveho.com\/#\/schema\/logo\/image\/\",\"url\":\"https:\/\/deveho.com\/wp-content\/uploads\/2023\/02\/DEVEHO-LOGO-Baseline-COLOR.png\",\"contentUrl\":\"https:\/\/deveho.com\/wp-content\/uploads\/2023\/02\/DEVEHO-LOGO-Baseline-COLOR.png\",\"width\":2251,\"height\":585,\"caption\":\"Deveho Consulting Group\"},\"image\":{\"@id\":\"https:\/\/deveho.com\/#\/schema\/logo\/image\/\"},\"sameAs\":[\"https:\/\/www.facebook.com\/deveho\",\"https:\/\/x.com\/Deveho1\",\"https:\/\/www.linkedin.com\/company\/deveho-consulting\/\"]}]}<\/script>\n<!-- \/ Yoast SEO plugin. -->","yoast_head_json":{"title":"Biblioteka, platus i\u0161tekli\u0173 pasirinkimas - Deveho","description":"Deveho bibliotekoje rasite daugyb\u0119 i\u0161tekli\u0173, kurie pad\u0117s jums patobulinti savo strategij\u0105 naudojant integruotas ERP sprendimus.","robots":{"index":"index","follow":"follow","max-snippet":"max-snippet:-1","max-image-preview":"max-image-preview:large","max-video-preview":"max-video-preview:-1"},"canonical":"https:\/\/deveho.com\/lt\/biblioteka\/","og_locale":"lt_LT","og_type":"article","og_title":"Biblioteka, platus i\u0161tekli\u0173 pasirinkimas - Deveho","og_description":"Deveho bibliotekoje rasite daugyb\u0119 i\u0161tekli\u0173, kurie pad\u0117s jums patobulinti savo strategij\u0105 naudojant integruotas ERP sprendimus.","og_url":"https:\/\/deveho.com\/lt\/biblioteka\/","og_site_name":"Deveho","article_publisher":"https:\/\/www.facebook.com\/deveho","article_modified_time":"2025-08-07T09:31:59+00:00","twitter_card":"summary_large_image","twitter_site":"@Deveho1","schema":{"@context":"https:\/\/schema.org","@graph":[{"@type":"WebPage","@id":"https:\/\/deveho.com\/lt\/biblioteka\/","url":"https:\/\/deveho.com\/lt\/biblioteka\/","name":"Biblioteka, platus i\u0161tekli\u0173 pasirinkimas - Deveho","isPartOf":{"@id":"https:\/\/deveho.com\/#website"},"datePublished":"2021-06-18T09:27:33+00:00","dateModified":"2025-08-07T09:31:59+00:00","description":"Deveho bibliotekoje rasite daugyb\u0119 i\u0161tekli\u0173, kurie pad\u0117s jums patobulinti savo strategij\u0105 naudojant integruotas ERP sprendimus.","breadcrumb":{"@id":"https:\/\/deveho.com\/lt\/biblioteka\/#breadcrumb"},"inLanguage":"lt-LT","potentialAction":[{"@type":"ReadAction","target":["https:\/\/deveho.com\/lt\/biblioteka\/"]}]},{"@type":"BreadcrumbList","@id":"https:\/\/deveho.com\/lt\/biblioteka\/#breadcrumb","itemListElement":[{"@type":"ListItem","position":1,"name":"Home","item":"https:\/\/deveho.com\/lt\/"},{"@type":"ListItem","position":2,"name":"Biblioteka"}]},{"@type":"WebSite","@id":"https:\/\/deveho.com\/#website","url":"https:\/\/deveho.com\/","name":"Deveho Consulting Group","description":"Let\u2019s boost your growth","publisher":{"@id":"https:\/\/deveho.com\/#organization"},"potentialAction":[{"@type":"SearchAction","target":{"@type":"EntryPoint","urlTemplate":"https:\/\/deveho.com\/?s={search_term_string}"},"query-input":{"@type":"PropertyValueSpecification","valueRequired":true,"valueName":"search_term_string"}}],"inLanguage":"lt-LT"},{"@type":"Organization","@id":"https:\/\/deveho.com\/#organization","name":"Deveho Consulting Group","url":"https:\/\/deveho.com\/","logo":{"@type":"ImageObject","inLanguage":"lt-LT","@id":"https:\/\/deveho.com\/#\/schema\/logo\/image\/","url":"https:\/\/deveho.com\/wp-content\/uploads\/2023\/02\/DEVEHO-LOGO-Baseline-COLOR.png","contentUrl":"https:\/\/deveho.com\/wp-content\/uploads\/2023\/02\/DEVEHO-LOGO-Baseline-COLOR.png","width":2251,"height":585,"caption":"Deveho Consulting Group"},"image":{"@id":"https:\/\/deveho.com\/#\/schema\/logo\/image\/"},"sameAs":["https:\/\/www.facebook.com\/deveho","https:\/\/x.com\/Deveho1","https:\/\/www.linkedin.com\/company\/deveho-consulting\/"]}]}},"_links":{"self":[{"href":"https:\/\/deveho.com\/lt\/wp-json\/wp\/v2\/pages\/39488"}],"collection":[{"href":"https:\/\/deveho.com\/lt\/wp-json\/wp\/v2\/pages"}],"about":[{"href":"https:\/\/deveho.com\/lt\/wp-json\/wp\/v2\/types\/page"}],"author":[{"embeddable":true,"href":"https:\/\/deveho.com\/lt\/wp-json\/wp\/v2\/users\/6"}],"replies":[{"embeddable":true,"href":"https:\/\/deveho.com\/lt\/wp-json\/wp\/v2\/comments?post=39488"}],"version-history":[{"count":2,"href":"https:\/\/deveho.com\/lt\/wp-json\/wp\/v2\/pages\/39488\/revisions"}],"predecessor-version":[{"id":42474,"href":"https:\/\/deveho.com\/lt\/wp-json\/wp\/v2\/pages\/39488\/revisions\/42474"}],"wp:attachment":[{"href":"https:\/\/deveho.com\/lt\/wp-json\/wp\/v2\/media?parent=39488"}],"curies":[{"name":"wp","href":"https:\/\/api.w.org\/{rel}","templated":true}]}}