{"id":46190,"date":"2026-01-23T17:16:36","date_gmt":"2026-01-23T15:16:36","guid":{"rendered":"https:\/\/deveho.com\/?page_id=46190"},"modified":"2026-03-13T15:58:39","modified_gmt":"2026-03-13T13:58:39","slug":"lokalizacijos","status":"publish","type":"page","link":"https:\/\/deveho.com\/lt\/deveho-sage-solutions-integrator\/lokalizacijos\/","title":{"rendered":"Lokalizacijos"},"content":{"rendered":"<br \/>\n<h2><\/h2>\n<h3>Deveho <br \/> <red>lokalizacijos paketai<\/red><\/h3>\n<h3>Lokalizacijos paketas \u2013 tai i\u0161 anksto sukonfig\u016bruot\u0173 atnaujinim\u0173, moduli\u0173 ir papildini\u0173 rinkinys, skirtas u\u017etikrinti, kad Sage X3 atitikt\u0173 konkre\u010dios \u0161alies ar regiono teisinius ir reguliavimo reikalavimus.<\/h3>\n<p><p>M\u016bs\u0173 lokalizacijos paketas palengvina efektyv\u0173 ir reikalavimus atitinkant\u012f sprendimo naudojim\u0105 vietos vartotojams tarptautin\u0117se organizacijose. Be privalom\u0173 reguliavimo komponent\u0173, paketas apima papildomas funkcijas, kurios, nors ir n\u0117ra teisi\u0161kai privalomos, yra labai vertinamos vietos vartotoj\u0173. Lokalizacijos paketas pirmiausia skirtas finansams ir apskaitai, nes \u0161ios sritys yra labiausiai priklausomos nuo reguliavimo skirtum\u0173 skirtingose rinkose. Jis taip pat apima privalomus ataskait\u0173 teikimo reikalavimus kitose funkcin\u0117se srityse.<\/p>\n<p>Kiekvienas paketas taip pat apima kalbin\u0119 pagalb\u0105, teikiant vietine kalba ir i\u0161verst\u0105 turin\u012f, su tam tikromis i\u0161imtimis, pvz., internetin\u0117 pagalba, i\u0161oriniai papildiniai ir atskiros ataskaitos yra never\u010diamos.<\/p>\n<p><img loading=\"lazy\" decoding=\"async\" class=\"aligncenter wp-image-45536 size-full\" src=\"https:\/\/deveho.com\/wp-content\/uploads\/2026\/01\/Map-legislations.png\" alt=\"Lokalizacijos\" width=\"1996\" height=\"1294\" srcset=\"https:\/\/deveho.com\/wp-content\/uploads\/2026\/01\/Map-legislations.png 1996w, https:\/\/deveho.com\/wp-content\/uploads\/2026\/01\/Map-legislations-300x194.png 300w, https:\/\/deveho.com\/wp-content\/uploads\/2026\/01\/Map-legislations-1024x664.png 1024w, https:\/\/deveho.com\/wp-content\/uploads\/2026\/01\/Map-legislations-150x97.png 150w, https:\/\/deveho.com\/wp-content\/uploads\/2026\/01\/Map-legislations-768x498.png 768w, https:\/\/deveho.com\/wp-content\/uploads\/2026\/01\/Map-legislations-1536x996.png 1536w, https:\/\/deveho.com\/wp-content\/uploads\/2026\/01\/Map-legislations-1920x1245.png 1920w\" sizes=\"(max-width: 1996px) 100vw, 1996px\" \/><\/p>\n<p>&nbsp;<\/p>\n<\/p>\n<h2>Lokalizacijos <red>pagrindin\u0117s savyb\u0117s<\/red><\/h2>\n<h3>Palaiko kelias kalbas<\/h3>\n<p><p>M\u016bs\u0173 \u012fvairiapus\u0117 komanda kalba daugiau nei 18 taut\u0173 kalbomis, tod\u0117l bendravimas yra sklandus ir u\u017etikrinamas veiksmingas klient\u0173 aptarnavimas \u012fvairiuose regionuose.<\/p>\n<\/p>\n<h3>Atitinka daugel\u012f teis\u0117s akt\u0173<\/h3>\n<p><p>Deveho suk\u016br\u0117 savo pritaikymus teis\u0117s reikalavimams, pateikdama 8 specializuotus lokalizavimo priedus, apiman\u010dius Nyderlandus, Rumunij\u0105, \u010cekij\u0105, Slovakij\u0105, Vengrij\u0105, Marokas, Lietuv\u0105 ir Latvij\u0105.<\/p>\n<\/p>\n<h3>Veikia daugelyje \u0161ali\u0173<\/h3>\n<p><p>Deveho Consulting Group remia j\u016bs\u0173 vietinius ir tarptautinius pl\u0117tros projektus. M\u016bs\u0173 tikslas \u2013 b\u016bti tikrai \u201eGLOCAL\u201c, veikti kaip ilgalaikis partneris, kur beb\u016btum\u0117te.<\/p>\n<\/p>\n<h3>Visi\u0161kai atitinka tarptautinius standartus<\/h3>\n<p><p>Mes kuriame lokalizacijos sprendimus, kurie visi\u0161kai atitinka nacionalinius teisinius reikalavimus ir tuo pa\u010diu yra suderinti su Sage X3 pasauliniais standartais.<\/p>\n<\/p>\n<h2><\/h2>\n<h3>Deveho <red>lokalizacijos <\/red>ap\u017evalga<\/h3>\n<h3><red><b>Atitiktis teis\u0117s aktams<\/red><\/b> <br \/>\u0160iandienos globalios rinkos s\u0105lygomis atitiktis teis\u0117s aktams yra itin svarbi s\u0117kmingai \u012feiti \u012f naujas rinkas ir jose veikti. Deveho specializuojasi sud\u0117ting\u0173 teis\u0117s akt\u0173 aplinkos navigacijoje, kad j\u016bs\u0173 verslas atitikt\u0173 visus teisinius ir pramon\u0117s specifinius reikalavimus \u012fvairiose rinkose. M\u016bs\u0173 lokalizacijos metodas integruoja atitikt\u012f kiekviename etape, nuo turinio pritaikymo iki sistemos integracijos.<\/h3>\n<p><p>&nbsp;<\/p>\n<table style=\"height: 721px;\" width=\"2079\">\n<tbody>\n<tr>\n<td style=\"text-align: center;\" width=\"85\"><strong>Savyb\u0117\/\u0161alis<\/strong><\/td>\n<td style=\"text-align: center;\" width=\"76\"><strong>Kalba<\/strong><\/td>\n<td style=\"text-align: center;\" width=\"85\"><strong>PVM deklaracija<\/strong><\/td>\n<td style=\"text-align: center;\" width=\"85\"><strong>ES deklaracija<\/strong><\/td>\n<td style=\"text-align: center;\" width=\"66\"><strong>Intrastatas<\/strong><\/td>\n<td style=\"text-align: center;\" width=\"57\"><strong>Ilgalaikis turtas<\/strong><\/td>\n<td style=\"text-align: center;\" width=\"47\"><strong>Atsargos<\/strong><\/td>\n<td style=\"text-align: center;\" width=\"76\"><strong>Valiutos kurso importas<\/strong><\/td>\n<td style=\"text-align: center;\" width=\"57\"><strong>VP kontrol\u0117<\/strong><\/td>\n<td style=\"text-align: center;\" width=\"76\"><strong>E-s\u0105skaita fakt\u016bra<\/strong><\/td>\n<td style=\"text-align: center;\" width=\"47\"><strong>SAF-T<\/strong><\/td>\n<\/tr>\n<tr>\n<td width=\"85\"><strong>\u010cekija<\/strong><\/td>\n<td width=\"76\">\u2713<\/td>\n<td width=\"85\">\u2713<\/td>\n<td width=\"85\">\u2713<\/td>\n<td width=\"66\">\u2713<\/td>\n<td width=\"57\">\u2713<\/td>\n<td width=\"47\">\u2713<\/td>\n<td width=\"76\">\u2713<\/td>\n<td width=\"57\">\u2713<\/td>\n<td width=\"76\"><\/td>\n<td width=\"47\"><\/td>\n<\/tr>\n<tr>\n<td width=\"85\"><strong>Vengrija<\/strong><\/td>\n<td width=\"76\">\u2713<\/td>\n<td width=\"85\">\u2713<\/td>\n<td width=\"85\">\u2713<\/td>\n<td width=\"66\">\u2713<\/td>\n<td width=\"57\">\u2713<\/td>\n<td width=\"47\">\u2713<\/td>\n<td width=\"76\">\u2713<\/td>\n<td width=\"57\">\u2713<\/td>\n<td width=\"76\">\u2713<\/td>\n<td width=\"47\"><\/td>\n<\/tr>\n<tr>\n<td width=\"85\"><strong>Latvija<\/strong><\/td>\n<td width=\"76\">\u2713<\/td>\n<td width=\"85\">\u2713<\/td>\n<td width=\"85\">\u2713<\/td>\n<td width=\"66\">\u2713<\/td>\n<td width=\"57\">\u2713<\/td>\n<td width=\"47\">\u2713<\/td>\n<td width=\"76\">\u2713<\/td>\n<td width=\"57\"><\/td>\n<td width=\"76\">1\/1\/2028<\/td>\n<td width=\"47\"><\/td>\n<\/tr>\n<tr>\n<td width=\"85\"><strong>Lietuva<\/strong><\/td>\n<td width=\"76\">\u2713<\/td>\n<td width=\"85\">\u2713<\/td>\n<td width=\"85\">\u2713<\/td>\n<td width=\"66\">\u2713<\/td>\n<td width=\"57\">\u2713<\/td>\n<td width=\"47\">\u2713<\/td>\n<td width=\"76\">\u2713<\/td>\n<td width=\"57\"><\/td>\n<td width=\"76\">1\/1\/2028<\/td>\n<td width=\"47\">\u2713<\/td>\n<\/tr>\n<tr>\n<td width=\"85\"><strong>Rumunija<\/strong><\/td>\n<td width=\"76\">\u2713<\/td>\n<td width=\"85\">\u2713<\/td>\n<td width=\"85\">\u2713<\/td>\n<td width=\"66\">\u2713<\/td>\n<td width=\"57\">\u2713<\/td>\n<td width=\"47\">\u2713<\/td>\n<td width=\"76\">\u2713<\/td>\n<td width=\"57\">\u2713<\/td>\n<td width=\"76\">\u2713<\/td>\n<td width=\"47\">\u2713<\/td>\n<\/tr>\n<tr>\n<td width=\"85\"><strong><br \/>\nSlovakija<br \/>\n<\/strong><\/td>\n<td width=\"76\">\u2713<\/td>\n<td width=\"85\">\u2713<\/td>\n<td width=\"85\">\u2713<\/td>\n<td width=\"66\">\u2713<\/td>\n<td width=\"57\">\u2713<\/td>\n<td width=\"47\">\u2713<\/td>\n<td width=\"76\"><\/td>\n<td width=\"57\"><\/td>\n<td width=\"76\">1\/1\/2027<\/td>\n<td width=\"47\"><\/td>\n<\/tr>\n<tr>\n<td width=\"85\"><strong>Nyderlandai<\/strong><\/td>\n<td width=\"76\">\u2713<\/td>\n<td width=\"85\">\u2713<\/td>\n<td width=\"85\">\u2713<\/td>\n<td width=\"66\">\u2713<\/td>\n<td width=\"57\">\u2713<\/td>\n<td width=\"47\">\u2713<\/td>\n<td width=\"76\"><\/td>\n<td width=\"57\"><\/td>\n<td width=\"76\"><\/td>\n<td width=\"47\"><\/td>\n<\/tr>\n<\/tbody>\n<\/table>\n<h2><\/h2>\n<h3>M\u016bs\u0173<br \/> <red>pritaikymai teis\u0117s aktams<\/red><\/h3>\n<h3>8 standartin\u0117s lokalizacijos<\/h3>\n<\/p>\n<h2><\/h2>\n<h3><b>M\u016bs\u0173<red> tre\u010di\u0173j\u0173 \u0161ali\u0173 <\/red>pritaikym\u0173 teis\u0117s aktams vadovas<\/b><\/h3>\n<h3>\u0160is vadovas pad\u0117s jums rasti patikimas tre\u010di\u0173j\u0173 \u0161ali\u0173 sprendimus, kurie atitinka vietos teis\u0117s akt\u0173 reikalavimus ir tuo pa\u010diu u\u017etikrina auk\u0161t\u0105 kokyb\u0119 bei suderinamum\u0105.<\/h3>\n<p><p><img loading=\"lazy\" decoding=\"async\" class=\"aligncenter wp-image-44634\" src=\"https:\/\/deveho.com\/wp-content\/uploads\/2025\/12\/Sage_Partner-Badge_Black_RGB.png\" alt=\"\" width=\"387\" height=\"117\" srcset=\"https:\/\/deveho.com\/wp-content\/uploads\/2025\/12\/Sage_Partner-Badge_Black_RGB.png 1706w, https:\/\/deveho.com\/wp-content\/uploads\/2025\/12\/Sage_Partner-Badge_Black_RGB-300x91.png 300w, https:\/\/deveho.com\/wp-content\/uploads\/2025\/12\/Sage_Partner-Badge_Black_RGB-1024x310.png 1024w, https:\/\/deveho.com\/wp-content\/uploads\/2025\/12\/Sage_Partner-Badge_Black_RGB-150x45.png 150w, https:\/\/deveho.com\/wp-content\/uploads\/2025\/12\/Sage_Partner-Badge_Black_RGB-768x232.png 768w, https:\/\/deveho.com\/wp-content\/uploads\/2025\/12\/Sage_Partner-Badge_Black_RGB-1536x465.png 1536w\" sizes=\"(max-width: 387px) 100vw, 387px\" \/><\/p>\n<p>&nbsp;<\/p>\n<p>D\u0117l i\u0161samesn\u0117s informacijos kreipkit\u0117s \u012f m\u016bs\u0173 pardavimo komand\u0105.<\/p>\n<\/p>\n<h2><\/h2>\n<h3>Kaip \u012fdiegiame lokalizacij\u0105?<\/h3>\n<h3><\/h3>\n<p><p>Lokalizacijos diegimas priklauso nuo atitinkamos \u0161alies ir j\u016bs\u0173 verslo proces\u0173 sud\u0117tingumo. Tod\u0117l kiekvienas projektas yra vertinamas atskirai.<\/p>\n<p>M\u016bs\u0173 tikslas \u2013 u\u017etikrinti j\u016bs\u0173 lokalizacijos projekto s\u0117km\u0119, garantuojant visi\u0161k\u0105 kokyb\u0117s, biud\u017eeto ir termin\u0173 kontrol\u0119. Mes glaud\u017eiai bendradarbiaujame su j\u016bs\u0173 komandomis, kad i\u0161analizuotume vietinius reikalavimus, nustatytume tinkam\u0105 apimt\u012f ir pateiktume sprendim\u0105, kuris visi\u0161kai atitikt\u0173 j\u016bs\u0173 veiklos poreikius.<\/p>\n<p>Viso projekto metu m\u016bs\u0173 patyr\u0119 konsultantai taiko patikrintas metodikas ir geriausi\u0105 praktik\u0105, kad u\u017etikrint\u0173 skland\u0173, patikim\u0105 ir efektyv\u0173 \u012fdiegim\u0105.<\/p>\n<\/p>\n<h2><\/h2>\n<h3><red>K\u0105 daryti po lokalizacijos \u012fdiegimo?<\/red><\/h3>\n<h3><\/h3>\n<p><p>Lokalizacija n\u0117ra vienkartinis procesas. Reglamentai nuolat kei\u010diasi, tod\u0117l b\u016btina u\u017etikrinti atitikt\u012f jiems.<\/p>\n<p>Bendradarbiaudami su \u017einoma audito \u012fmone, teikiame nuolatin\u0119 teisin\u0119 pagalb\u0105 ir numatome teis\u0117s akt\u0173 pakeitimus, reguliariai atnaujinant m\u016bs\u0173 lokalizuotas Sage X3 versijas. Tai u\u017etikrina, kad j\u016bs\u0173 sistema atitikt\u0173 vietos teis\u0117s aktus ir geriausi\u0105 rinkos praktik\u0105.<\/p>\n<p>M\u016bs\u0173 ilgalaikis palaikymo metodas leid\u017eia jums sutelkti d\u0117mes\u012f \u012f pagrindin\u0119 veikl\u0105, o mes pasir\u016bpiname teisini\u0173 ir reguliavimo poky\u010di\u0173 steb\u0117jimu ir integravimu.<\/p>\n<\/p>\n<h2><\/h2>\n<h3>Atnaujinimai ir pakeitimai<\/h3>\n<h3><\/h3>\n<p><p>Lokalizacijos paketo atnaujinimai pirmiausia priklauso nuo vietos teis\u0117s akt\u0173 poky\u010di\u0173. Glaud\u017eiai bendradarbiaudami su savo konsultantais ir teisiniais partneriais, nuolat stebime teisinius reikalavimus kiekvienoje rinkoje ir laiku teikiame sprendimus, u\u017etikrinan\u010dius atitikt\u012f vietos \u012fstatymams.<\/p>\n<p>Tuo pa\u010diu metu laikom\u0117s savo vidinio produkt\u0173 plano, kad gal\u0117tume diegti funkcinius patobulinimus ir papildymus. Esame \u012fsipareigoj\u0119 informuoti savo klientus apie lokalizacijos funkcij\u0173 apimt\u012f ir raid\u0105.<\/p>\n<p>Naujos reguliavimo ar funkcin\u0117s funkcijos gali b\u016bti \u012ftrauktos \u012f m\u016bs\u0173 plan\u0105 ir, priklausomai nuo j\u0173 pob\u016bd\u017eio, gali b\u016bti taikomi papildomi mokes\u010diai.<\/p><\/p>\n","protected":false},"excerpt":{"rendered":"<p>Kaip Sage verslo partneris, Deveho Consulting Group leid\u017eia standartines lokalizuotas Sage X3 versijas. Si\u016blome lokalizuot\u0173 Sage X3 pagrindin\u0117s versijos katalog\u0105. M\u016bs\u0173 teis\u0117s akt\u0173 versijos atitinka mokes\u010di\u0173 reikalavimus ir vietos praktik\u0105. Jos taip pat suteikia i\u0161 anksto sukonfig\u016bruotus parametrus, u\u017etikrinan\u010dius atitikt\u012f teisiniams apribojimams ir vietos apskaitos taisykl\u0117ms.<\/p>\n","protected":false},"author":34,"featured_media":0,"parent":39392,"menu_order":0,"comment_status":"closed","ping_status":"closed","template":"templates\/template-prod_serv.php","meta":{"_acf_changed":false,"footnotes":""},"class_list":["post-46190","page","type-page","status-publish","hentry"],"acf":[],"yoast_head":"<!-- This site is optimized with the Yoast SEO plugin v23.5 - https:\/\/yoast.com\/wordpress\/plugins\/seo\/ -->\n<title>Lokalizacijos - Deveho<\/title>\n<meta name=\"description\" content=\"Kaip Sage partneris, Deveho skelbia standartines Sage X3 Lokalizacijos, \u012fskaitant m\u016bs\u0173 pa\u010di\u0173 teis\u0117s akt\u0173 rinkinius, apiman\u010dius 8 \u0161alis.\" \/>\n<meta name=\"robots\" content=\"index, follow, max-snippet:-1, max-image-preview:large, max-video-preview:-1\" \/>\n<link rel=\"canonical\" href=\"https:\/\/deveho.com\/lt\/deveho-sage-solutions-integrator\/lokalizacijos\/\" \/>\n<meta property=\"og:locale\" content=\"lt_LT\" \/>\n<meta property=\"og:type\" content=\"article\" \/>\n<meta property=\"og:title\" content=\"Lokalizacijos - Deveho\" \/>\n<meta property=\"og:description\" content=\"Kaip Sage partneris, Deveho skelbia standartines Sage X3 Lokalizacijos, \u012fskaitant m\u016bs\u0173 pa\u010di\u0173 teis\u0117s akt\u0173 rinkinius, apiman\u010dius 8 \u0161alis.\" \/>\n<meta property=\"og:url\" content=\"https:\/\/deveho.com\/lt\/deveho-sage-solutions-integrator\/lokalizacijos\/\" \/>\n<meta property=\"og:site_name\" content=\"Deveho\" \/>\n<meta property=\"article:publisher\" content=\"https:\/\/www.facebook.com\/deveho\" \/>\n<meta property=\"article:modified_time\" content=\"2026-03-13T13:58:39+00:00\" \/>\n<meta property=\"og:image\" content=\"https:\/\/deveho.com\/wp-content\/uploads\/2026\/01\/Map-legislations.png\" \/>\n<meta name=\"twitter:card\" content=\"summary_large_image\" \/>\n<meta name=\"twitter:site\" content=\"@Deveho1\" \/>\n<meta name=\"twitter:label1\" content=\"Est. reading time\" \/>\n\t<meta name=\"twitter:data1\" content=\"4 minut\u0117s\" \/>\n<script type=\"application\/ld+json\" class=\"yoast-schema-graph\">{\"@context\":\"https:\/\/schema.org\",\"@graph\":[{\"@type\":\"WebPage\",\"@id\":\"https:\/\/deveho.com\/lt\/deveho-sage-solutions-integrator\/lokalizacijos\/\",\"url\":\"https:\/\/deveho.com\/lt\/deveho-sage-solutions-integrator\/lokalizacijos\/\",\"name\":\"Lokalizacijos - Deveho\",\"isPartOf\":{\"@id\":\"https:\/\/deveho.com\/#website\"},\"primaryImageOfPage\":{\"@id\":\"https:\/\/deveho.com\/lt\/deveho-sage-solutions-integrator\/lokalizacijos\/#primaryimage\"},\"image\":{\"@id\":\"https:\/\/deveho.com\/lt\/deveho-sage-solutions-integrator\/lokalizacijos\/#primaryimage\"},\"thumbnailUrl\":\"https:\/\/deveho.com\/wp-content\/uploads\/2026\/01\/Map-legislations.png\",\"datePublished\":\"2026-01-23T15:16:36+00:00\",\"dateModified\":\"2026-03-13T13:58:39+00:00\",\"description\":\"Kaip Sage partneris, Deveho skelbia standartines Sage X3 Lokalizacijos, \u012fskaitant m\u016bs\u0173 pa\u010di\u0173 teis\u0117s akt\u0173 rinkinius, apiman\u010dius 8 \u0161alis.\",\"breadcrumb\":{\"@id\":\"https:\/\/deveho.com\/lt\/deveho-sage-solutions-integrator\/lokalizacijos\/#breadcrumb\"},\"inLanguage\":\"lt-LT\",\"potentialAction\":[{\"@type\":\"ReadAction\",\"target\":[\"https:\/\/deveho.com\/lt\/deveho-sage-solutions-integrator\/lokalizacijos\/\"]}]},{\"@type\":\"ImageObject\",\"inLanguage\":\"lt-LT\",\"@id\":\"https:\/\/deveho.com\/lt\/deveho-sage-solutions-integrator\/lokalizacijos\/#primaryimage\",\"url\":\"https:\/\/deveho.com\/wp-content\/uploads\/2026\/01\/Map-legislations.png\",\"contentUrl\":\"https:\/\/deveho.com\/wp-content\/uploads\/2026\/01\/Map-legislations.png\"},{\"@type\":\"BreadcrumbList\",\"@id\":\"https:\/\/deveho.com\/lt\/deveho-sage-solutions-integrator\/lokalizacijos\/#breadcrumb\",\"itemListElement\":[{\"@type\":\"ListItem\",\"position\":1,\"name\":\"Home\",\"item\":\"https:\/\/deveho.com\/lt\/\"},{\"@type\":\"ListItem\",\"position\":2,\"name\":\"PAGRINDINIS\",\"item\":\"https:\/\/deveho.com\/lt\/\"},{\"@type\":\"ListItem\",\"position\":3,\"name\":\"Lokalizacijos\"}]},{\"@type\":\"WebSite\",\"@id\":\"https:\/\/deveho.com\/#website\",\"url\":\"https:\/\/deveho.com\/\",\"name\":\"Deveho Consulting Group\",\"description\":\"Let\u2019s boost your growth\",\"publisher\":{\"@id\":\"https:\/\/deveho.com\/#organization\"},\"potentialAction\":[{\"@type\":\"SearchAction\",\"target\":{\"@type\":\"EntryPoint\",\"urlTemplate\":\"https:\/\/deveho.com\/?s={search_term_string}\"},\"query-input\":{\"@type\":\"PropertyValueSpecification\",\"valueRequired\":true,\"valueName\":\"search_term_string\"}}],\"inLanguage\":\"lt-LT\"},{\"@type\":\"Organization\",\"@id\":\"https:\/\/deveho.com\/#organization\",\"name\":\"Deveho Consulting Group\",\"url\":\"https:\/\/deveho.com\/\",\"logo\":{\"@type\":\"ImageObject\",\"inLanguage\":\"lt-LT\",\"@id\":\"https:\/\/deveho.com\/#\/schema\/logo\/image\/\",\"url\":\"https:\/\/deveho.com\/wp-content\/uploads\/2023\/02\/DEVEHO-LOGO-Baseline-COLOR.png\",\"contentUrl\":\"https:\/\/deveho.com\/wp-content\/uploads\/2023\/02\/DEVEHO-LOGO-Baseline-COLOR.png\",\"width\":2251,\"height\":585,\"caption\":\"Deveho Consulting Group\"},\"image\":{\"@id\":\"https:\/\/deveho.com\/#\/schema\/logo\/image\/\"},\"sameAs\":[\"https:\/\/www.facebook.com\/deveho\",\"https:\/\/x.com\/Deveho1\",\"https:\/\/www.linkedin.com\/company\/deveho-consulting\/\"]}]}<\/script>\n<!-- \/ Yoast SEO plugin. -->","yoast_head_json":{"title":"Lokalizacijos - Deveho","description":"Kaip Sage partneris, Deveho skelbia standartines Sage X3 Lokalizacijos, \u012fskaitant m\u016bs\u0173 pa\u010di\u0173 teis\u0117s akt\u0173 rinkinius, apiman\u010dius 8 \u0161alis.","robots":{"index":"index","follow":"follow","max-snippet":"max-snippet:-1","max-image-preview":"max-image-preview:large","max-video-preview":"max-video-preview:-1"},"canonical":"https:\/\/deveho.com\/lt\/deveho-sage-solutions-integrator\/lokalizacijos\/","og_locale":"lt_LT","og_type":"article","og_title":"Lokalizacijos - Deveho","og_description":"Kaip Sage partneris, Deveho skelbia standartines Sage X3 Lokalizacijos, \u012fskaitant m\u016bs\u0173 pa\u010di\u0173 teis\u0117s akt\u0173 rinkinius, apiman\u010dius 8 \u0161alis.","og_url":"https:\/\/deveho.com\/lt\/deveho-sage-solutions-integrator\/lokalizacijos\/","og_site_name":"Deveho","article_publisher":"https:\/\/www.facebook.com\/deveho","article_modified_time":"2026-03-13T13:58:39+00:00","og_image":[{"url":"https:\/\/deveho.com\/wp-content\/uploads\/2026\/01\/Map-legislations.png"}],"twitter_card":"summary_large_image","twitter_site":"@Deveho1","twitter_misc":{"Est. reading time":"4 minut\u0117s"},"schema":{"@context":"https:\/\/schema.org","@graph":[{"@type":"WebPage","@id":"https:\/\/deveho.com\/lt\/deveho-sage-solutions-integrator\/lokalizacijos\/","url":"https:\/\/deveho.com\/lt\/deveho-sage-solutions-integrator\/lokalizacijos\/","name":"Lokalizacijos - Deveho","isPartOf":{"@id":"https:\/\/deveho.com\/#website"},"primaryImageOfPage":{"@id":"https:\/\/deveho.com\/lt\/deveho-sage-solutions-integrator\/lokalizacijos\/#primaryimage"},"image":{"@id":"https:\/\/deveho.com\/lt\/deveho-sage-solutions-integrator\/lokalizacijos\/#primaryimage"},"thumbnailUrl":"https:\/\/deveho.com\/wp-content\/uploads\/2026\/01\/Map-legislations.png","datePublished":"2026-01-23T15:16:36+00:00","dateModified":"2026-03-13T13:58:39+00:00","description":"Kaip Sage partneris, Deveho skelbia standartines Sage X3 Lokalizacijos, \u012fskaitant m\u016bs\u0173 pa\u010di\u0173 teis\u0117s akt\u0173 rinkinius, apiman\u010dius 8 \u0161alis.","breadcrumb":{"@id":"https:\/\/deveho.com\/lt\/deveho-sage-solutions-integrator\/lokalizacijos\/#breadcrumb"},"inLanguage":"lt-LT","potentialAction":[{"@type":"ReadAction","target":["https:\/\/deveho.com\/lt\/deveho-sage-solutions-integrator\/lokalizacijos\/"]}]},{"@type":"ImageObject","inLanguage":"lt-LT","@id":"https:\/\/deveho.com\/lt\/deveho-sage-solutions-integrator\/lokalizacijos\/#primaryimage","url":"https:\/\/deveho.com\/wp-content\/uploads\/2026\/01\/Map-legislations.png","contentUrl":"https:\/\/deveho.com\/wp-content\/uploads\/2026\/01\/Map-legislations.png"},{"@type":"BreadcrumbList","@id":"https:\/\/deveho.com\/lt\/deveho-sage-solutions-integrator\/lokalizacijos\/#breadcrumb","itemListElement":[{"@type":"ListItem","position":1,"name":"Home","item":"https:\/\/deveho.com\/lt\/"},{"@type":"ListItem","position":2,"name":"PAGRINDINIS","item":"https:\/\/deveho.com\/lt\/"},{"@type":"ListItem","position":3,"name":"Lokalizacijos"}]},{"@type":"WebSite","@id":"https:\/\/deveho.com\/#website","url":"https:\/\/deveho.com\/","name":"Deveho Consulting Group","description":"Let\u2019s boost your growth","publisher":{"@id":"https:\/\/deveho.com\/#organization"},"potentialAction":[{"@type":"SearchAction","target":{"@type":"EntryPoint","urlTemplate":"https:\/\/deveho.com\/?s={search_term_string}"},"query-input":{"@type":"PropertyValueSpecification","valueRequired":true,"valueName":"search_term_string"}}],"inLanguage":"lt-LT"},{"@type":"Organization","@id":"https:\/\/deveho.com\/#organization","name":"Deveho Consulting Group","url":"https:\/\/deveho.com\/","logo":{"@type":"ImageObject","inLanguage":"lt-LT","@id":"https:\/\/deveho.com\/#\/schema\/logo\/image\/","url":"https:\/\/deveho.com\/wp-content\/uploads\/2023\/02\/DEVEHO-LOGO-Baseline-COLOR.png","contentUrl":"https:\/\/deveho.com\/wp-content\/uploads\/2023\/02\/DEVEHO-LOGO-Baseline-COLOR.png","width":2251,"height":585,"caption":"Deveho Consulting Group"},"image":{"@id":"https:\/\/deveho.com\/#\/schema\/logo\/image\/"},"sameAs":["https:\/\/www.facebook.com\/deveho","https:\/\/x.com\/Deveho1","https:\/\/www.linkedin.com\/company\/deveho-consulting\/"]}]}},"_links":{"self":[{"href":"https:\/\/deveho.com\/lt\/wp-json\/wp\/v2\/pages\/46190"}],"collection":[{"href":"https:\/\/deveho.com\/lt\/wp-json\/wp\/v2\/pages"}],"about":[{"href":"https:\/\/deveho.com\/lt\/wp-json\/wp\/v2\/types\/page"}],"author":[{"embeddable":true,"href":"https:\/\/deveho.com\/lt\/wp-json\/wp\/v2\/users\/34"}],"replies":[{"embeddable":true,"href":"https:\/\/deveho.com\/lt\/wp-json\/wp\/v2\/comments?post=46190"}],"version-history":[{"count":15,"href":"https:\/\/deveho.com\/lt\/wp-json\/wp\/v2\/pages\/46190\/revisions"}],"predecessor-version":[{"id":47242,"href":"https:\/\/deveho.com\/lt\/wp-json\/wp\/v2\/pages\/46190\/revisions\/47242"}],"up":[{"embeddable":true,"href":"https:\/\/deveho.com\/lt\/wp-json\/wp\/v2\/pages\/39392"}],"wp:attachment":[{"href":"https:\/\/deveho.com\/lt\/wp-json\/wp\/v2\/media?parent=46190"}],"curies":[{"name":"wp","href":"https:\/\/api.w.org\/{rel}","templated":true}]}}